{"id":2096,"date":"2016-03-08T11:25:05","date_gmt":"2016-03-08T11:25:05","guid":{"rendered":"http:\/\/kursy-udt.pl\/?page_id=2096"},"modified":"2016-03-11T09:12:43","modified_gmt":"2016-03-11T09:12:43","slug":"%d0%ba%d0%b0%d1%82%d0%b5%d0%b3%d0%be%d1%80%d1%96%d1%97-%d0%bf%d1%80%d0%b0%d0%b2","status":"publish","type":"page","link":"https:\/\/kursy-udt.de\/ua\/udt-berechtigungen\/kategorien-von-berechtigungen\/","title":{"rendered":"Ategorien der Berechtigungen"},"content":{"rendered":"<div style=\"width: 60%; margin-left: 40px;\">\n<table border=\"2\" cellspacing=\"1\" cellpadding=\"1\">\n<tbody>\n<tr>\n<td><strong>Gruppe<\/strong><\/td>\n<td><strong>\u041a\u0430\u0442\u0435\u0433\u043e\u0440\u0438\u0437\u043e\u0432\u0430\u043d\u043e<\/strong><\/td>\n<td><strong>Umfang der Berechtigung<\/strong><\/td>\n<td><strong>\u0413\u0435\u043d\u0430\u0443\u0435\u0440 \u0423\u043c\u0444\u0430\u043d\u0433<\/strong><\/td>\n<\/tr>\n<tr>\n<td rowspan=\"2\">\n<h2><a title=\"Laufkatzen\" href=\"\/ua\/hubwinden\/\"><strong>Laufkatzen<\/strong><\/a><\/h2>\n<\/td>\n<td>II \u0412<\/td>\n<td><strong>Hebezeuge und Winden<\/strong> gesteuert von Arbeitsebene und Werkstattkr\u00e4ne, station\u00e4r.<\/td>\n<td>- Hakenartig, allgemeine Anwedung,<br \/>\n- spezielle:<\/p>\n<ul>\n<li>\u0413\u0440\u0430\u0439\u0444\u0435\u0440-,<\/li>\n<li>\u0428\u043c\u0456\u0434\u0435-,<\/li>\n<li>\u0413\u0440\u0430\u0439\u0444-,<\/li>\n<li>Gie\u00df-,<\/li>\n<li>H\u00e4rte-,<\/li>\n<\/ul>\n<\/td>\n<\/tr>\n<tr>\n<td>\u00a0IW<\/td>\n<td>Hebezeuge und Winden gesteuert von Arbeitsebene oder Kabine und Werkstattkr\u00e4ne, station\u00e4r<\/td>\n<td>- Hakenartig, allgemeine Anwedung,<br \/>\n- spezielle:<\/p>\n<ul>\n<li>H\u00e4rte-,<\/li>\n<li>\u0413\u0440\u0435\u0439\u043d\u0435\u0440-,<\/li>\n<li>Gie\u00df-,<\/li>\n<li>\u0413\u0440\u0430\u0439\u0444-,<\/li>\n<li>\u0428\u043c\u0456\u0434\u0435-,<\/li>\n<\/ul>\n<\/td>\n<\/tr>\n<tr>\n<td rowspan=\"2\">\n<h2><a title=\"Laufkr\u00e4ne\" href=\"\/ua\/%d0%b1%d1%96%d0%bb%d1%8f-%d0%bb%d0%b0%d1%84%d0%ba%d1%80%d0%b0%d0%bd%d1%83\/\"><strong>Laufkr\u00e4ne<\/strong><\/a><\/h2>\n<\/td>\n<td>\u00a0II \u0421.<\/td>\n<td><strong>Laufkr\u00e4ne<\/strong>, Hebezeuge und Winden gesteuert von Arbeitsebene oder Kabine und Werkstattkr\u00e4ne, station\u00e4r<\/td>\n<td>- Hakenartig, allgemeine Anwedung,<br \/>\n- spezielle:<\/p>\n<ul>\n<li>Zangen-,<\/li>\n<li>Gie\u00df-,<\/li>\n<li>S\u00e4ule-,<\/li>\n<li>Chargier,<\/li>\n<li>Halterungs-,<\/li>\n<li>\u0413\u0440\u0430\u0439\u0444-,<\/li>\n<li>\u0441\u0442\u0440\u0438\u043f\u0442\u0438\u0437\u0435\u0440\u043a\u0430-,<\/li>\n<li>H\u00e4rte-,<\/li>\n<li>\u0422\u0440\u0430\u0432\u0435\u0440\u0441-,<\/li>\n<li>\u0428\u043c\u0456\u0434\u0435-,<\/li>\n<li>\u0413\u0440\u0435\u0439\u043d\u0435\u0440-,<\/li>\n<li>\u0420\u0430\u043c\u043c\u0435-,<\/li>\n<\/ul>\n<\/td>\n<\/tr>\n<tr>\n<td>\u00a0\u0404<\/td>\n<td>Laufkr\u00e4ne, Hebezeuge und Winden gesteuert von Arbeitsebene oder Kabine und Werkstattkr\u00e4ne, station\u00e4r<\/td>\n<td>- Hakenartig, allgemeine Anwedung,<br \/>\n- spezielle:<\/p>\n<ul>\n<li>Zangen-,<\/li>\n<li>Gie\u00df-,<\/li>\n<li>S\u00e4ule-,<\/li>\n<li>Chargier,<\/li>\n<li>Halterungs-,<\/li>\n<li>\u0413\u0440\u0430\u0439\u0444-,<\/li>\n<li>\u0441\u0442\u0440\u0438\u043f\u0442\u0438\u0437\u0435\u0440\u043a\u0430-,<\/li>\n<li>H\u00e4rte-,<\/li>\n<li>\u0422\u0440\u0430\u0432\u0435\u0440\u0441-,<\/li>\n<li>\u0428\u043c\u0456\u0434\u0435-,<\/li>\n<li>\u0413\u0440\u0435\u0439\u043d\u0435\u0440-,<\/li>\n<li>\u0420\u0430\u043c\u043c\u0435-,<\/li>\n<\/ul>\n<\/td>\n<\/tr>\n<tr>\n<td rowspan=\"2\">\n<h2><a title=\"Kr\u00e4ne\" href=\"\/ua\/%d0%ba%d1%80%d0%b0%d0%bd%d0%b8-4\/\"><strong>Kr\u00e4ne<\/strong><\/a><\/h2>\n<\/td>\n<td>\u00a0II \u017b<\/td>\n<td><strong>Kr\u00e4ne<\/strong> :<\/p>\n<ul>\n<li>tragbar <strong>(HDS)<\/strong>,<\/li>\n<li>transportabel,<\/li>\n<li><strong>Selbstfahr-<\/strong><\/li>\n<li>\u0421\u0442\u0435\u0445-,<\/li>\n<\/ul>\n<\/td>\n<td>\n<ul>\n<li>\u00a0Begr\u00e4nzung der Tragkraft<\/li>\n<\/ul>\n<\/td>\n<\/tr>\n<tr>\n<td>\u00a0\u0406 \u017b<\/td>\n<td>\u041a\u0440\u0430\u043d\u0435:<\/p>\n<ul>\n<li>Schienen-<\/li>\n<li>Turm-, und klappbar.<\/li>\n<\/ul>\n<\/td>\n<td>\n<ul>\n<li>\u0412\u0435\u0440\u0444\u0442-,<\/li>\n<li>\u0411\u0430\u0443- ,,<\/li>\n<li>Begr\u00e4nzung der Tragkraft<\/li>\n<li>andere,<\/li>\n<\/ul>\n<\/td>\n<\/tr>\n<tr>\n<td rowspan=\"2\">\n<h2><a title=\"Arbeitsb\u00fchnen\" href=\"\/ua\/fachkurse\/berech-arbeitsbuhnen\/\"><strong>Arbeitsb\u00fchnen<\/strong><\/a><\/h2>\n<\/td>\n<td>\u00a02-\u0439 \u041f<\/td>\n<td><strong>Arbeitsb\u00fchnen:<\/strong><\/p>\n<ul>\n<li>\u0428\u0435\u0440\u0435\u043d-,<\/li>\n<li>\u0449\u043e\u0433\u043b\u0430-,<\/li>\n<li>H\u00e4nge-,<\/li>\n<\/ul>\n<\/td>\n<td><\/td>\n<\/tr>\n<tr>\n<td>IP<\/td>\n<td>Mobile Arbeitsb\u00fchnen:<\/p>\n<ul>\n<li>\u0442\u0440\u0430\u043d\u0441\u043f\u043e\u0440\u0442\u0430\u0431\u0435\u043b\u044c\u043d\u0438\u0439.<\/li>\n<li>langsamlaufend,<\/li>\n<li>Selbstfahrarbeitsb\u00fchnen, eingebaut auf dem Fahrzeug,<\/li>\n<\/ul>\n<\/td>\n<td><\/td>\n<\/tr>\n<tr>\n<td rowspan=\"2\">\n<h2><a title=\"Aufz\u00fcge\" href=\"\/ua\/aufzuge\/\"><strong>Aufz\u00fcge<\/strong><\/a><\/h2>\n<\/td>\n<td>II D<\/td>\n<td>Bauaufz\u00fcge:<\/p>\n<ul>\n<li>Lasten-Personen-,<\/li>\n<li>G\u00fcter-, und o Lastenaufz\u00fcge transportabel, tragbar,<\/li>\n<\/ul>\n<\/td>\n<td><\/td>\n<\/tr>\n<tr>\n<td>ID<\/td>\n<td>Lasten-Personen mit innengesteuert und Krankenhausaufz\u00fcge.<\/td>\n<td><\/td>\n<\/tr>\n<tr>\n<td rowspan=\"3\">\n<h2><a title=\"\u0421\u0442\u0435\u043f\u043b\u0435\u0440\" href=\"\/ua\/%d1%81%d1%82%d0%b5%d0%bf%d0%bb%d0%b5%d1%80\/\"><strong>\u0421\u0442\u0435\u043f\u043b\u0435\u0440<\/strong><\/a><\/h2>\n<\/td>\n<td>III WJO<\/td>\n<td>Gabelstapler gef\u00fchrt und ferngesteuert<\/td>\n<td><\/td>\n<\/tr>\n<tr>\n<td>II WJO<\/td>\n<td>Hubstapler unter Ausschluss der speziellen. (<strong>\u0413\u0430\u0431\u0435\u043b\u044c\u0441\u0442\u0435\u043f\u043b\u0435\u0440<\/strong>)<\/td>\n<td><\/td>\n<\/tr>\n<tr>\n<td>\u0406 WJO<\/td>\n<td>Hubstapler, dabei spezielle<\/td>\n<td>\n<ul>\n<li>Mit regulierbarer Auslandung (<strong>(\u0422\u0435\u043b\u0435\u0441\u043a\u043e\u043f-<br \/>\n\u0441\u0445\u043e\u0434\u0438)<\/strong>)<\/li>\n<li>Mit F\u00fchrer, hoch-gehoben mit Ladung,<\/li>\n<\/ul>\n<\/td>\n<\/tr>\n<tr>\n<td style=\"text-align: left;\">\n<h2><a title=\"Lastenaufz\u00fcge\" href=\"\/ua\/lastenaufzuge\/\"><strong>Lastenaufz\u00fcge<\/strong><\/a><\/h2>\n<\/td>\n<td>\u00a0\u0406 \u0412\u0422\u0412<\/td>\n<td>Lastenaufz\u00fcge:<\/p>\n<ul>\n<li>transportabel, tragbar,<\/li>\n<li>\u0421\u0442\u0435\u0445-,<\/li>\n<li>\u0428\u0438\u0444\u0444-.<\/li>\n<\/ul>\n<\/td>\n<td><\/td>\n<\/tr>\n<tr>\n<td>\n<h2><a title=\"Kabelkr\u00e4ne\" href=\"\/ua\/%d0%ba%d0%b0%d0%b1%d0%b5%d0%bb%d1%8c%d0%bd%d0%b8%d0%b9-%d0%ba%d1%80%d0%b0%d0%bd\/\"><strong>Kabelkr\u00e4ne<\/strong><\/a><\/h2>\n<\/td>\n<td>\u0421\u0423\u0413\u041b\u0418\u041d\u041a\u0418<\/td>\n<td><\/td>\n<td><\/td>\n<\/tr>\n<tr>\n<td>\n<h2><a title=\"Regelbedienger\u00e4te\" href=\"\/ua\/regalbediengerate\/\"><strong>Regelbedienger\u00e4te<\/strong><\/a><\/h2>\n<\/td>\n<td>IU<\/td>\n<td><\/td>\n<td><\/td>\n<\/tr>\n<tr>\n<td>\n<h2><a title=\"Container-f\u00f6rderung\" href=\"\/ua\/%d0%ba%d0%be%d0%bd%d1%82%d0%b5%d0%b9%d0%bd%d0%b5%d1%80-%d0%bf%d0%b5%d1%80%d0%b5%d0%b4-%d0%be%d1%85%d0%be%d0%bb%d0%be%d0%b4%d0%b6%d0%b5%d0%bd%d0%bd%d1%8f%d0%bc\/\"><strong>Container-f\u00f6rderung<\/strong><\/a><\/h2>\n<\/td>\n<td>IK<\/td>\n<td>Bedienung und Wartung der Containerbef\u00f6rdeger\u00e4te: Mast-, Ausladungs-, Portalkr\u00e4ne<\/td>\n<td><\/td>\n<\/tr>\n<\/tbody>\n<\/table>\n<\/div>\n<p><\/p>\n<div class=\"wyjustuj\">Mehr von Berechtigungskategorien der Technischen Aufsichtbeh\u00f6rde erfahren Sie auf der Webseite von Technischer Aufsichtbeh\u00f6rde<a href=\"http:\/\/www.udt.gov.pl\" target=\"_blank\">http:\/\/www.udt.gov.pl<\/a>\n<\/div>","protected":false},"excerpt":{"rendered":"<p>\u0413\u0440\u0443\u043f\u0430 \u043a\u0430\u0442\u0435\u0433\u043e\u0440\u0456\u0439 \u043d\u0430\u0445\u0438\u043b\u0443 \u0444\u0430\u0441\u0430\u0434\u0443 \u0434\u043b\u044f \u0437\u0430\u0445\u0438\u0441\u0442\u0443 \u0432\u0456\u0434 \u0432\u0456\u0442\u0440\u0443 Laufkatzen II W Hebezeuge \u0442\u0430 \u0432\u0456\u0442\u0440\u0456\u0432 \u0432\u0438\u0437\u043d\u0430\u0447\u0430\u0454\u0442\u044c\u0441\u044f \u0440\u043e\u0431\u043e\u0447\u0438\u043c\u0438 \u043c\u0456\u0441\u0446\u044f\u043c\u0438 \u0442\u0430 \u0432\u0438\u0440\u043e\u0431\u043d\u0438\u0447\u0438\u043c\u0438 \u043f\u043b\u043e\u0449\u0430\u0434\u043a\u0430\u043c\u0438, \u0441\u0442\u0430\u0446\u0456\u043e\u043d\u0430\u0440\u043d\u0438\u043c\u0438. - Hakenartig, allgemeine Anwedung, - spezielle: Greifer-, Schmiede-, Greif-, Gie\u00df-, H\u00e4rte-, I W Hebezeuge und Winden gesteuert von Arbeitsebene oder Kabine und Werkstattkr\u00e4ne, station\u00e4r - Hakenartig, allgemeine Anwedung, - spezielle: H\u00e4rte-, Greiner-, Gie\u00df-, Greif-, Schmide-, Laufkr\u00e4ne II S Laufkr\u00e4ne, Hebezeuge \u0456 Winden gesteuert von Arbeitsebene or Kabine und Werkstattkr\u00e4ne, station\u00e4r - Hakenartig, allgemeine Anwedung, - spezielle: Zangen-, Gie\u00df-, S\u00e4ule-, Chargier, Halterungs-, Greif-, Stripper-, H\u00e4rte-, Travers-, Schmiede-, Greiner-, Ramme-, I S Laufkr\u00e4ne, Hebezeuge und Winden gesteuert von Arbeitsebene or Kabine und Werkstattkr\u00e4ne, station\u00e4r - Hakenartig, allgemeine Anwedung, - spezielle: Zangen-, Gie\u00df-, S\u00e4ule-, Chargier-, Halterungs-, Greif-, Stripper-, H\u00e4rte-, Travers-, Schmiede-, Greiner-, Ramme-, Kr\u00e4ne II \u017b Kr\u00e4ne : tragbar (HDS), transportabel, Selbstfahr- Steh-, Begr\u00e4nzung der Tragkraft I \u017b Kr\u00e4ne: Schienen- Turm-, und klappbar. Werft-, Bau-, Begr\u00e4nzung der Tragkraft andere, Arbeitsb\u00fchnen II P Arbeitsb\u00fchnen: Scheren-, Mast-, H\u00e4nge-, I P mobile Arbeitsb\u00fchnen: transportabel. langsamlaufend, Selbstfahrarbeitsb\u00fchnen, eingebut auf dem Fahrzeug, Aufz\u00fcge II D Bauaufz\u00fcge: Lasten-Personen-, G\u00fcter-, \u0456 o Lastenaufz\u00fcge transportabel, tragbar, I D Lasten-Personen mit innengesteuert \u0456 Krankenhausaufz\u00fcge. Stapler III WJO Gabelstapler gef\u00fchrer und ferngesteuert II WJO Hubstapler unter Ausschluss der speziellen. (Gabelstapler) I WJO Hubstapler, dabei spezielle mit regulierbarer Auslandung ((Teleskop- lader)) \u0417 \u0444\u044e\u0437\u0435\u043b\u044f\u0436\u0435\u043c, \u0432\u0438\u0441\u043e\u043a\u043e \u043f\u0456\u0434\u043d\u044f\u0442\u0438\u043c \u0437 \u0432\u0430\u043d\u0442\u0430\u0436\u0435\u043c, \u043a\u0440\u0456\u043f\u043b\u0435\u043d\u043d\u044f\u043c \u0442\u0430 \u043a\u0440\u0456\u043f\u043b\u0435\u043d\u043d\u044f\u043c WT: transportabel, tragbar, Steh-, Schiff-. Kabelkr\u00e4ne I L Regelbedienger\u00e4te I U Container-bef\u00f6rderung I K Bedienung und Wartung der Containerbef\u00f6rdeger\u00e4te: Mast-, Ausladungs-, Portalkr\u00e4ne More von Berechtigungskategorien der Technischen Aufsichtbeh\u00f6rde erfahren Sie na der Webseite von Technischer Aufsichtbeh\u00f6rdehttp:\/\/www.udt.gov.pl.<\/p>","protected":false},"author":1,"featured_media":0,"parent":1887,"menu_order":0,"comment_status":"closed","ping_status":"closed","template":"","meta":{"sfsi_plus_gutenberg_text_before_share":"","sfsi_plus_gutenberg_show_text_before_share":"","sfsi_plus_gutenberg_icon_type":"","sfsi_plus_gutenberg_icon_alignemt":"","sfsi_plus_gutenburg_max_per_row":"","footnotes":""},"class_list":["post-2096","page","type-page","status-publish","hentry","has_no_thumb"],"aioseo_notices":[],"_links":{"self":[{"href":"https:\/\/kursy-udt.pl\/ua\/wp-json\/wp\/v2\/pages\/2096","targetHints":{"allow":["GET"]}}],"collection":[{"href":"https:\/\/kursy-udt.pl\/ua\/wp-json\/wp\/v2\/pages"}],"about":[{"href":"https:\/\/kursy-udt.pl\/ua\/wp-json\/wp\/v2\/types\/page"}],"author":[{"embeddable":true,"href":"https:\/\/kursy-udt.pl\/ua\/wp-json\/wp\/v2\/users\/1"}],"replies":[{"embeddable":true,"href":"https:\/\/kursy-udt.pl\/ua\/wp-json\/wp\/v2\/comments?post=2096"}],"version-history":[{"count":5,"href":"https:\/\/kursy-udt.pl\/ua\/wp-json\/wp\/v2\/pages\/2096\/revisions"}],"predecessor-version":[{"id":2169,"href":"https:\/\/kursy-udt.pl\/ua\/wp-json\/wp\/v2\/pages\/2096\/revisions\/2169"}],"up":[{"embeddable":true,"href":"https:\/\/kursy-udt.pl\/ua\/wp-json\/wp\/v2\/pages\/1887"}],"wp:attachment":[{"href":"https:\/\/kursy-udt.pl\/ua\/wp-json\/wp\/v2\/media?parent=2096"}],"curies":[{"name":"wp","href":"https:\/\/api.w.org\/{rel}","templated":true}]}}