{"id":2014,"date":"2016-03-08T08:51:54","date_gmt":"2016-03-08T08:51:54","guid":{"rendered":"http:\/\/kursy-udt.pl\/?page_id=2014"},"modified":"2016-03-11T08:29:51","modified_gmt":"2016-03-11T08:29:51","slug":"scherenarbeitsbuhnen-2","status":"publish","type":"page","link":"https:\/\/kursy-udt.de\/ua\/scherenarbeitsbuhnen-2\/","title":{"rendered":"Hub-, Scherenarbeitsb\u00fchnen und andere"},"content":{"rendered":"<div style=\"float: left; padding-right: 10px;\"><img decoding=\"async\" alt=\"\u0444\u043e\u0442\u043e \u043f\u0456\u0434\u0439\u043e\u043c\u043d\u0438\u043a\u0438 \u043d\u043e\u0436\u0438\u0447\u043d\u0456 \u0442\u0430 \u043a\u043e\u0440\u0437\u0438\u043d\u043d\u0456 \u0412\u0430\u0440\u0448\u0430\u0432\u0430\" src=\"\/wp-content\/uploads\/2014\/04\/09-slajd.jpeg\" \/><\/div>\n<div class=\"wyjustuj\">Das Bildungszentrum ERGON l\u00e4dt herzlich zum Course im Bereich der Hub-, Scherenarbeitb\u00fchnen und anderen ein. Der Course setzt das Ziel vor, entsprechende Berechtigungen zu erwerben um gew\u00fcnschte Ger\u00e4te bedienen zu k\u00f6nnen. Bau-, Montage-, und Dekorationsarbeiten verlangen entsprechende Ger\u00e4te wie Scheren-, und Hubarbeitsb\u00fchnen - Kurs ist deshalb unentbehrlich um T\u00e4tigkeiten sicher und gem\u00e4\u00df Vorschriften auszuf\u00fchren. Mit uns erwerben Sie Ihre gestrebten Berechtigungen noch leichter! Im unseren Bildungszentrum f\u00fchren wir die Kurse im Bereich der Hub-, und Scherenarbeitsb\u00fchnen schon seit Jahren durch. Wir haben bereits tausende von Mitarbeitern ausgebildet, die mit unserer Unterst\u00fctzung UDT-Berechtigungen problemlos erworben haben. Wir besch\u00e4ftigen nur die hochqualifizierten Kursleiter, die der Vorschriften m\u00e4chtig sind und wissen auch genau, wie Arbeitsb\u00fchnen funktionieren - deswegen die von uns realisierten Kurse \u00fcbermittel viel wertvolles Wissen, das sp\u00e4ter in Arbeit umgletges in Arbeit umgletgesn in Arbeit. Jeder The course ist in theoretischen und praktischen Teil gegliedert. Der theoretische Teil befasst sich mit Vorschriften in Bezug auf technische Aufsicht, Informationen \u00fcber Hebezeuge, dabei \u00fcber Hebeb\u00fchnen, ihre Konstruktion und Bedienung, schlie\u00dflich \u00fcber Arbeitschutz. Das resultiert mit guter Vorbereitung zum UDT-Examen gem. geltenden Vorschriften vor. <\/p>\n<p><strong>Anwendung der Hubarbeitsb\u00fchnen<\/strong><br \/>\nHubarbeitsb\u00fchnen ist eine Gruppe von Ger\u00e4ten, die Arbeiten auf bestimmter H\u00f6he erm\u00f6glichen. Nach Classifizierung zur Gruppe der Ger\u00e4te, bezeichnet als Arbeitsb\u00fchnen geh\u00f6ren auch <span class=\"linkwartykule\"><a href=\"\/ua\/fachkurse\/berech-arbeitsbuhnen\/\">Hebearbeitsb\u00fchnen<\/a>, die Berechtigungen sind also nach Vorschriften erforderlich um diese bedienen zu k\u00f6nnen. Die popul\u00e4rsten sind die Hubarbeitsb\u00fchnen. Mit diesen Ger\u00e4ten werden Mitarbeiter, Materialien und Ausstattung hochgehoben, damit Bau-, Fertigungs-, Montage-, Dekorations-, und Reinigungsarbeiten und andere fortgesetzt werden k\u00f6nnen.    <\/p>\n<p>Ger\u00e4te arbeiten auf R\u00e4dern oder werden auf dem Fahrzeug platziert, - je nach Type werden dann als Selbstfahr-, oder langsamlaufende Hubarbeitsb\u00fchnen bezeichnet. Je nach ihrer Konstruktion, lassen sich diese Ger\u00e4te in Gelenk-, Scheren- und Teleskoparbeitsb\u00fchnen teilen. Ihre Bedienung erfordert die UDT und IP Berechtigungen. <\/p>\n<p><strong>Zielvoraussetzung des Kurses <\/strong><br \/>\nDie Grundvoraussetzungen zur Kursteilnahme sind Ihre Vollj\u00e4hrigkeit, mindestens absolvierte Grundausbildung, keine Gegenanzeigen zur Aus\u00fcbung des Berufs.<\/p>\n<p>Unser Course im Bereich der Hubarbeitsb\u00fchnen \u00fcbermittelt theoretisches als auch praktisches Wissen in Bezug auf Bedienung der Ger\u00e4te gem. Arbeitsschutzvorschriften, und gem. Vorschriften der technischen Aufsicht. Nach dem durchgelaufenen Course ist der Kursteilnehmer zur UDT-Pr\u00fcfung zugelassen, der zum Erwerb der UDT-Berechtigungen f\u00fchrt. <\/p>\n<p>Wir bieten den Course im Bereich der Hubarbeitsb\u00fchnen in g\u00fcnstigen Preisen und Rabatte f\u00fcr gr\u00f6\u00dfere Gruppen an. Wir organisieren Kurse auch nach Bedarf und Wunsch des Auftragsgebers wenn es um Ort oder Term geht. Unsere Seminare sind genau geplant und umfassen dadurch viel Theorie und Praxis, deshalb ist der Erwerb der Berechtigungen immer leichter. <\/p>\n<p>Wir laden Sie herzlich ein, Angebote vom unseren Bildungszentrum ERGON in Anspruch zu nehmen! <\/p>\n<\/div>\n<div class=\"button_styl\" style=\"float:right; padding-left:15px; padding-bottom:8px; margin-bottom:5px;\"><a href=\"https:\/\/platformaedukacji.pl\/login\/signup.php\" rel=\"nofollow\" target=\"_blank\" class=\"myButton myButton_maly\"><font color=\"white\">am Teilnehmen \u043a\u0443\u0440\u0441<\/font><\/a><\/div>","protected":false},"excerpt":{"rendered":"<p>Das Bildungszentrum ERGON l\u00e4dt herzlich zum Kurs im Bereich der Hub-, Scherenarbeitb\u00fchnen und anderen ein. Der Kurs setzt das Ziel vor, entsprechende Berechtigungen zu erwerben um gew\u00fcnschte Ger\u00e4te bedienen zu k\u00f6nnen. Bau-, Montage-, und Dekorationsarbeiten verlangen entsprechende Ger\u00e4te wie Scheren-, und Hubarbeitsb\u00fchnen \u2013 Kurs ist deshalb unentbehrlich um T\u00e4tigkeiten sicher und gem\u00e4\u00df Vorschriften auszuf\u00fchren. Mit uns erwerben Sie Ihre gestrebten Berechtigungen noch leichter! Im unseren Bildungszentrum f\u00fchren wir die Kurse im Bereich der Hub-, und Scherenarbeitsb\u00fchnen schon seit Jahren durch. Wir haben bereits tausende von Mitarbeitern ausgebildet, die mit unserer Unterst\u00fctzung UDT-Berechtigungen problemlos erworben haben. Wir besch\u00e4ftigen nur die hochqualifizierten Kursleiter, die der Vorschriften m\u00e4chtig sind und wissen auch genau, wie Arbeitsb\u00fchnen funktionieren \u2013 deswegen die von uns realisierten Kurse \u00fcbermittel viel wertvolles Wissen, das sp\u00e4ter bei t\u00e4glichen Aufgaben in Arbeit umgesetzt werden. Jeder Kurs ist in theoretischen und praktischen Teil gegliedert. Der theoretische Teil befasst sich mit Vorschriften in Bezug auf technische Aufsicht, Informationen \u00fcber Hebezeuge, dabei \u00fcber Hebeb\u00fchnen, ihre Konstruktion und Bedienung, schlie\u00dflich \u00fcber Arbeitschutz. Das resultiert mit guter Vorbereitung zum UDT-Examen gem. geltenden Vorschriften vor. Anwendung der Hubarbeitsb\u00fchnen Hubarbeitsb\u00fchnen ist eine Gruppe von Ger\u00e4ten, die Arbeiten auf bestimmter H\u00f6he erm\u00f6glichen. Nach Klassifizierung zur Gruppe der Ger\u00e4te, bezeichnet als Arbeitsb\u00fchnen geh\u00f6ren auch Hebearbeitsb\u00fchnen, die Berechtigungen sind also nach Vorschriften erforderlich um diese bedienen zu k\u00f6nnen. Die popul\u00e4rsten sind die Hubarbeitsb\u00fchnen. Mit diesen Ger\u00e4ten werden Mitarbeiter, Materialien und Ausstattung hochgehoben, damit Bau-, Fertigungs-, Montage-, Dekorations-, und Reinigungsarbeiten und andere fortgesetzt werden k\u00f6nnen. Ger\u00e4te arbeiten auf R\u00e4dern oder werden auf dem Fahrzeug platziert, &#8211; je [&hellip;]<\/p>\n","protected":false},"author":1,"featured_media":0,"parent":0,"menu_order":0,"comment_status":"closed","ping_status":"closed","template":"","meta":{"sfsi_plus_gutenberg_text_before_share":"","sfsi_plus_gutenberg_show_text_before_share":"","sfsi_plus_gutenberg_icon_type":"","sfsi_plus_gutenberg_icon_alignemt":"","sfsi_plus_gutenburg_max_per_row":"","footnotes":""},"class_list":["post-2014","page","type-page","status-publish","hentry","has_thumb"],"aioseo_notices":[],"_links":{"self":[{"href":"https:\/\/kursy-udt.pl\/ua\/wp-json\/wp\/v2\/pages\/2014","targetHints":{"allow":["GET"]}}],"collection":[{"href":"https:\/\/kursy-udt.pl\/ua\/wp-json\/wp\/v2\/pages"}],"about":[{"href":"https:\/\/kursy-udt.pl\/ua\/wp-json\/wp\/v2\/types\/page"}],"author":[{"embeddable":true,"href":"https:\/\/kursy-udt.pl\/ua\/wp-json\/wp\/v2\/users\/1"}],"replies":[{"embeddable":true,"href":"https:\/\/kursy-udt.pl\/ua\/wp-json\/wp\/v2\/comments?post=2014"}],"version-history":[{"count":4,"href":"https:\/\/kursy-udt.pl\/ua\/wp-json\/wp\/v2\/pages\/2014\/revisions"}],"predecessor-version":[{"id":2123,"href":"https:\/\/kursy-udt.pl\/ua\/wp-json\/wp\/v2\/pages\/2014\/revisions\/2123"}],"wp:attachment":[{"href":"https:\/\/kursy-udt.pl\/ua\/wp-json\/wp\/v2\/media?parent=2014"}],"curies":[{"name":"wp","href":"https:\/\/api.w.org\/{rel}","templated":true}]}}