{"id":2007,"date":"2016-03-08T08:49:54","date_gmt":"2016-03-08T08:49:54","guid":{"rendered":"http:\/\/kursy-udt.pl\/?page_id=2007"},"modified":"2016-03-11T08:37:07","modified_gmt":"2016-03-11T08:37:07","slug":"%d1%82%d0%b5%d0%bb%d0%b5%d1%81%d0%ba%d0%be%d0%bf%d1%96%d1%87%d0%bd%d0%b8%d0%b9-%d0%bd%d0%b0%d0%b2%d0%b0%d0%bd%d1%82%d0%b0%d0%b6%d1%83%d0%b2%d0%b0%d1%87","status":"publish","type":"page","link":"https:\/\/kursy-udt.de\/ua\/teleskoplader\/","title":{"rendered":"\u0422\u0435\u043b\u0435\u0441\u043a\u043e\u043f-\u043f\u0435\u0439\u0437\u0435\u0440"},"content":{"rendered":"<div style=\"float: left; padding-right: 10px;\"><img decoding=\"async\" alt=\"\u041c\u043e\u0431\u0456\u043b\u044c\u043d\u0456 \u043f\u043b\u0430\u0442\u0444\u043e\u0440\u043c\u0438 - \u0444\u043e\u0442\u043e\" src=\"\/wp-content\/uploads\/2014\/03\/wozki-widlowe-1.jpeg\" \/><\/div>\n<div class=\"wyjustuj\">\n<p>\u041f\u0440\u0438 \u0442\u0440\u0430\u043d\u0441\u043f\u043e\u0440\u0442\u0443\u0432\u0430\u043d\u043d\u0456 \u0432\u0438\u043a\u043e\u0440\u0438\u0441\u0442\u043e\u0432\u0443\u044e\u0442\u044c\u0441\u044f, \u044f\u043a \u043f\u0440\u0430\u0432\u0438\u043b\u043e, \u043a\u0430\u0431\u0435\u043b\u044c\u043d\u0438\u0439 \u0441\u0442\u0435\u043f\u043b\u0435\u0440 \u0456 \u0442\u0435\u043b\u0435\u0441\u043a\u043e\u043f\u0456\u0447\u043d\u0438\u0439 \u043f\u0440\u0438\u0441\u0442\u0440\u0456\u0439. Indem Gabelstapler und Teleskoplader benutzt werden, k\u00f6nnen arbeitsaufw\u00e4ndige T\u00e4tigkeiten ausgef\u00fchrden, die Arbeitszeit wird ersparte, dabei auch mit gro\u00dfer Wert auf die Sicherheit. <\/p>\n<p><strong>Anwendung<\/strong><br \/>\nTeleskoplader ist eine von gew\u00f6hnlich bei Bau-, Erdarbeiten und anderen wie z.B. in Landwirtschaft, L\u00e4gern, oder innerbetrieblichem Transport - sowohl vertikal als auch horizontal eingesetzten Maschinen. Teleskoplader geh\u00f6rt zu Spezialart von Gabelstaplern, die angemessenes Wissen erfordert, nachgewiesen von durch Fahrerberechtigungen.<\/p>\n<p>Angemessen bedienter Teleskoplader kann unter anderem Erde und Zuschlagstoffe bei Erdearbeiten bef\u00f6rdern, zum Beispiel bei Nivellieren des Bodens. \u0423 \u0441\u0456\u043b\u044c\u0441\u044c\u043a\u043e\u043c\u0443 \u0433\u043e\u0441\u043f\u043e\u0434\u0430\u0440\u0441\u0442\u0432\u0456, \u0437\u0430\u0432\u0434\u044f\u043a\u0438 \u0432\u0438\u043a\u043e\u0440\u0438\u0441\u0442\u0430\u043d\u043d\u044e \u0442\u0435\u043b\u0435\u0441\u043a\u043e\u043f\u0456\u0447\u043d\u0438\u0445 \u043f\u0440\u0438\u0441\u0442\u0440\u043e\u0457\u0432, \u043c\u043e\u0436\u0435 \u0431\u0443\u0442\u0438 \u0441\u043f\u0440\u0438\u0447\u0438\u043d\u0435\u043d\u0438\u0439 \u0448\u0442\u043e\u0440\u043c, \u0442\u0443\u043c\u0430\u043d \u0430\u0431\u043e \u0433\u043e\u0440\u0456\u043d\u043d\u044f. \u0426\u0456 \u043c\u0430\u0448\u0438\u043d\u0438 \u0442\u0430\u043a\u043e\u0436 \u0432\u0438\u043a\u043e\u0440\u0438\u0441\u0442\u043e\u0432\u0443\u044e\u0442\u044c\u0441\u044f \u0434\u043b\u044f \u0437\u0430\u0432\u0430\u043d\u0442\u0430\u0436\u0435\u043d\u043d\u044f \u0456 \u0440\u043e\u0437\u0432\u0430\u043d\u0442\u0430\u0436\u0435\u043d\u043d\u044f \u0447\u0430\u0432\u0443\u043d\u043d\u0438\u0445 \u043f\u0456\u0434\u0434\u043e\u043d\u0456\u0432, \u0431\u0456\u0433-\u0431\u0435\u0433\u0456\u0432 \u0432 \u043e\u0437\u0435\u0440\u0430\u0445 \u0456 \u043d\u0430 \u043f\u043e\u043b\u044f\u0445.    <\/p>\n<p>Einige Types von Teleskopladern sind mit speziellele Zubeh\u00f6r ausgestatted, z.b. mit Plattform f\u00fcr Bef\u00f6rderder von Personnes, deswegen kann der Teleskoplader als Hubarbeitsb\u00fchne funktionieren. Gro\u00dfe Vielfalt von diesen Ger\u00e4ten macht sie universal und gew\u00f6hnlich benutzte Ger\u00e4te, der hohe Bedarf nach Berechtigungen geht damit einher.<\/p>\n<p><strong>Aufbau<\/strong><br \/>\nTeleskoplader, oder Lader mit regulierbarer Ausladung, denn derartige Bezeichnung kommt auch vor, divergiert vom einen standardm\u00e4\u00dfigen Gabelstapler. Er ist vor allem mit Motor von h\u00f6herer Leistung ausgestatted, sich in schwerere Aufgaben dieses Ger\u00e4tes umsetzen l\u00e4sst. Die geringen Abmessungen des Ger\u00e4tes sind von Vorteil, es can sich leicht bei Realizierung der Arbeiten auf kleinen Fl\u00e4chen bew\u00e4hren. Teleskoplader ist mit Vierradantrieb ausgestattet, und kann fast auf allen schwierigen Fl\u00e4chen arbeiten wie Match, Sand. \u0413\u0435\u0440\u043c\u0435\u0442\u0438\u0447\u043d\u0456 \u043a\u0430\u0431\u0456\u043d\u0438 \u0442\u0430 \u0441\u0442\u0430\u0431\u0456\u043b\u0456\u0437\u0430\u0442\u043e\u0440\u0438 \u0437\u0430\u0445\u0438\u0449\u0430\u044e\u0442\u044c \u0442\u0435\u043b\u0435\u0441\u043a\u043e\u043f\u0456\u0447\u043d\u0438\u0439 \u0442\u0440\u0430\u043d\u0441\u043f\u043e\u0440\u0442\u043d\u0438\u0439 \u0437\u0430\u0441\u0456\u0431.<\/p>\n<p><strong>Teleskoplader lassen sich in zwei Typen aufteilen:<\/strong><\/p>\n<ul>\n<li>starre Teleskoplader - Teleskoplader, deren Fahrerkabine fest eingebaut ist. Ausleger bei diesen Types werden von der rechten Seite des Fahrzeuges gef\u00fchrer. Ger\u00e4te k\u00f6nnen mit Seitenst\u00fctzen ausgestatten werden. \u0407\u0457 \u0432\u0430\u043d\u0442\u0430\u0436\u043e\u043f\u0456\u0434\u0439\u043e\u043c\u043d\u0456\u0441\u0442\u044c \u0437\u0430\u0437\u0432\u0438\u0447\u0430\u0439 \u0441\u0442\u0430\u043d\u043e\u0432\u0438\u0442\u044c \u0432\u0456\u0434 1,5 \u0434\u043e 20 \u0442, \u0434\u043e\u0432\u0436\u0438\u043d\u0430 - \u0434\u043e 20 \u043c.<\/li>\n<li>drehbare Teleskoplader - Type mit drehbarem Kopf, die auch Positions\u00e4nderung der Fahrerkabine mit Ausleger bis 360 Grad auf der Plattform der Maschine l\u00e4sst. \u0412\u0430\u0433\u0430 \u0432\u0430\u043d\u0442\u0430\u0436\u0443 \u0437\u0430\u0437\u0432\u0438\u0447\u0430\u0439 \u0441\u0442\u0430\u043d\u043e\u0432\u0438\u0442\u044c \u0432\u0456\u0434 3 \u0434\u043e 5 \u0442, \u0432\u0456\u0434\u0441\u0442\u0430\u043d\u044c \u0434\u043e 30 \u043c.<\/li>\n<\/ul>\n<p>\u041d\u0430\u0439\u0431\u0456\u043b\u044c\u0448 \u0432\u0456\u0434\u043e\u043c\u0438\u043c\u0438 \u0432\u0438\u0440\u043e\u0431\u043d\u0438\u043a\u0430\u043c\u0438 \u0442\u0435\u043b\u0435\u0441\u043a\u043e\u043f\u0456\u0447\u043d\u0438\u0445 \u043d\u0430\u0432\u0430\u043d\u0442\u0430\u0436\u0443\u0432\u0430\u0447\u0456\u0432 \u0454: New Holland, Manitou, Case, Dieci, JCB \u0442\u0430 Merlo. \u0423 \u043f\u0440\u043e\u043f\u043e\u0437\u0438\u0446\u0456\u0457 \u0446\u044c\u043e\u0433\u043e \u0440\u0438\u043d\u043a\u0443 \u0454 \u0446\u0456\u043b\u0430 \u043d\u0438\u0437\u043a\u0430 \u0431\u0443\u0434\u0456\u0432\u0435\u043b\u044c\u043d\u0438\u0445 \u0440\u043e\u0431\u0456\u0442 \u0442\u0430 \u0456\u043d\u0448\u0438\u0445 \u0441\u043a\u043b\u0430\u0434\u043d\u0438\u0445 \u0432\u0438\u0440\u043e\u0431\u043d\u0438\u0447\u0438\u0445 \u043e\u0431'\u0454\u043a\u0442\u0456\u0432. Der Preis f\u00fcr ein Exemplar erreicht oft jech Hersteller, Gr\u00f6\u00dfe, oder eingesetztem Zubeh\u00f6r einige hunderttausend z\u0142,,. <\/p>\n<p><strong>\u041a\u0443\u0440\u0441 \u0443 \u0441\u0444\u0435\u0440\u0456 \u0442\u0435\u043b\u0435\u0441\u043a\u043e\u043f\u0456\u0447\u043d\u0438\u0445 \u043f\u0440\u0438\u0441\u0442\u0440\u043e\u0457\u0432<\/strong><br \/>\nUm den Teleskoplader bedienen zu k\u00f6nnen zu d\u00fcrfen sind zuerst Berechtigungen erforderlich. Sie werden nach dem durchgelaufenenen Course und nach bestandener UDT-Pr\u00fcfung verliehen. Indem sich der Kursteilnehmer f\u00fcr den Kurs im Bereich der Teleskoplader entscheidet, so werden ihm die Querschnittinformationen in Bezug auf sichere Nutzung des Ger\u00e4tes als Teleskopladerfahrer \u00fcbermittelt. W\u00e4hrend des Kurses erf\u00e4hrt der Kursteilnehmer wie das Fahrzeug angemessen gesteuerten sollte, wie die Ladungen beladen sollte, wie Vorschriften der Technischer Aufsichtsbeh\u00f6rde und Arbeitsschutzvorschriften beachten sollten. <\/p>\n<p>Im Bildungszentrum ERGON bieten wir Ihnen professionellen kurs an, der die Grundlage ist, die I WJO Berechtigungen f\u00fcr speziellen Gabelstapler zu erwerben, d.h.. unter anderem f\u00fcr Teleskoplader. Wir als Firma mit langj\u00e4hriger Berufsausbildungserfahrung sichern den Kursteilnehmern volle Unterst\u00fctzung unserer Spezialisten beim Bestehen des Examen vor Kommission der Technischen Aufsichtsbeh\u00f6rde. Wir sind t\u00e4tig in solchen St\u00e4dten Polens wie<br \/>\n\u0412\u0430\u0440\u0448\u0430\u0432\u0430, \u041a\u0440\u0430\u043a\u0456\u0432, \u041a\u0430\u0442\u043e\u0432\u0456\u0446\u0435, \u0411\u0454\u043b\u044c\u0441\u044c\u043a\u043e-\u0411\u044f\u043b\u0430, \u0434\u043b\u044f \u043d\u0430\u0448\u0438\u0445 \u043a\u043b\u0456\u0454\u043d\u0442\u0456\u0432 \u043c\u0438 \u043e\u0440\u0433\u0430\u043d\u0456\u0437\u043e\u0432\u0443\u0454\u043c\u043e \u0442\u0430\u043a\u043e\u0436 \u043a\u0443\u0440\u0441\u0438 \u0432 \u0437\u0430\u043a\u0440\u0438\u0442\u0438\u0445 \u0433\u0440\u0443\u043f\u0430\u0445 \u0443 \u0432\u0456\u0434\u043f\u043e\u0432\u0456\u0434\u043d\u043e\u043c\u0443 \u0442\u0435\u0440\u043c\u0456\u043d\u0456 \u0442\u0430 \u043c\u0456\u0441\u0446\u0456. Unsere Preise sind an Anzahl der Kursteilnehmer angepasst. <\/p>\n<p>Wir laden alle zum kurs im Bereich der Teleskoplader zum Bildungszentrum ERGON ein! <\/p>\n<\/div>","protected":false},"excerpt":{"rendered":"<p>Bei Transportarbeiten werden gew\u00f6hnlich Gabelstapler und Teleskoplader eingesetzt. Indem Gabelstapler und Teleskoplader benutzt werden, k\u00f6nnen arbeitsaufw\u00e4ndige T\u00e4tigkeiten ausgef\u00fchrt werden, die Arbeitszeit wird erspart, dabei auch mit gro\u00dfem Wert auf die Sicherheit. Anwendung Teleskoplader ist eine von gew\u00f6hnlich bei Bau-, Erdarbeiten und anderen wie z.B. in Landwirtschaft, L\u00e4gern, oder innerbetrieblichem Transport \u2013 sowohl vertikal als auch horizontal eingesetzten Maschinen. Teleskoplader geh\u00f6rt zu Spezialart von Gabelstaplern, die angemessenes Wissen erfordert, nachgewiesen von durch Fahrerberechtigungen. Angemessen bedienter Teleskoplader kann unter anderem Erde und Zuschlagstoffe bei Erdearbeiten bef\u00f6rdern, zum Beispiel bei Nivellieren des Bodens. In Landwirtschaft, dank dem Einsatz von Teleskopladern kann Stroh, Mist, oder Holz bef\u00f6rdert werden. Diese Ger\u00e4te werden auch bei Beladung und Umladung der Kastenpaletten, Bigbags in L\u00e4gern und Umladepunkten benutzt. Einige Typen von Teleskopladern sind mit speziellem Zubeh\u00f6r ausgestattet, z.B. mit Plattform f\u00fcr Bef\u00f6rderung von Personen, deswegen kann der Teleskoplader als Hubarbeitsb\u00fchne funktionieren. Gro\u00dfe Vielfalt von diesen Ger\u00e4ten macht sie universal und gew\u00f6hnlich benutzte Ger\u00e4te, der hohe Bedarf nach Berechtigungen geht damit einher. Aufbau Teleskoplader, oder Lader mit regulierbarer Ausladung, denn derartige Bezeichnung kommt auch vor, divergiert vom einen standardm\u00e4\u00dfigen Gabelstapler. Er ist vor allem mit Motor von h\u00f6herer Leistung ausgestattet, was sich in schwerere Aufgaben dieses Ger\u00e4tes umsetzen l\u00e4sst. Die geringen Abmessungen des Ger\u00e4tes sind von Vorteil, es kann sich leicht bei Realisierung der Arbeiten auf kleinen Fl\u00e4chen bew\u00e4hren. Teleskoplader ist mit Vierradantrieb ausgestattet, und kann fast auf allen schwierigen Fl\u00e4chen arbeiten wie Matsch, Sand. Ger\u00e4umige Kabinen und Stabilisatoren sch\u00fctzen den Teleskopladerfahrer. Teleskoplader lassen sich in zwei Typen aufteilen: starre Teleskoplader \u2013 Teleskoplader, deren [&hellip;]<\/p>\n","protected":false},"author":1,"featured_media":0,"parent":0,"menu_order":0,"comment_status":"closed","ping_status":"closed","template":"","meta":{"sfsi_plus_gutenberg_text_before_share":"","sfsi_plus_gutenberg_show_text_before_share":"","sfsi_plus_gutenberg_icon_type":"","sfsi_plus_gutenberg_icon_alignemt":"","sfsi_plus_gutenburg_max_per_row":"","footnotes":""},"class_list":["post-2007","page","type-page","status-publish","hentry","has_thumb"],"aioseo_notices":[],"_links":{"self":[{"href":"https:\/\/kursy-udt.pl\/ua\/wp-json\/wp\/v2\/pages\/2007","targetHints":{"allow":["GET"]}}],"collection":[{"href":"https:\/\/kursy-udt.pl\/ua\/wp-json\/wp\/v2\/pages"}],"about":[{"href":"https:\/\/kursy-udt.pl\/ua\/wp-json\/wp\/v2\/types\/page"}],"author":[{"embeddable":true,"href":"https:\/\/kursy-udt.pl\/ua\/wp-json\/wp\/v2\/users\/1"}],"replies":[{"embeddable":true,"href":"https:\/\/kursy-udt.pl\/ua\/wp-json\/wp\/v2\/comments?post=2007"}],"version-history":[{"count":2,"href":"https:\/\/kursy-udt.pl\/ua\/wp-json\/wp\/v2\/pages\/2007\/revisions"}],"predecessor-version":[{"id":2157,"href":"https:\/\/kursy-udt.pl\/ua\/wp-json\/wp\/v2\/pages\/2007\/revisions\/2157"}],"wp:attachment":[{"href":"https:\/\/kursy-udt.pl\/ua\/wp-json\/wp\/v2\/media?parent=2007"}],"curies":[{"name":"wp","href":"https:\/\/api.w.org\/{rel}","templated":true}]}}