{"id":2001,"date":"2016-03-08T08:48:33","date_gmt":"2016-03-08T08:48:33","guid":{"rendered":"http:\/\/kursy-udt.pl\/?page_id=2001"},"modified":"2016-03-11T08:35:33","modified_gmt":"2016-03-11T08:35:33","slug":"%d0%ba%d0%b0%d0%b1%d0%b5%d0%bb%d1%8c%d0%bd%d0%b8%d0%b9-%d0%ba%d1%80%d0%b0%d0%bd","status":"publish","type":"page","link":"https:\/\/kursy-udt.de\/ua\/kabelkrane\/","title":{"rendered":"Kabelkr\u00e4ne"},"content":{"rendered":"<div style=\"float:left; padding-right:10px;\"><img decoding=\"async\" src=\"\/wp-content\/uploads\/2014\/04\/dzwignice-linotorowe-2.jpg\" alt=\"\u041a\u0430\u043d\u0430\u0442\u043d\u0456 \u043a\u0430\u043d\u0430\u0442\u043d\u0456 \u043a\u0440\u0430\u043d\u0438\"><\/div>\n<div class=\"wyjustuj\">Kabelkr\u00e4ne sind Hebezeugger\u00e4te - es ist eine Art von Seilbahn. \u041e\u0441\u043d\u043e\u0432\u043d\u0438\u043c \u043f\u0440\u0438\u0437\u043d\u0430\u0447\u0435\u043d\u043d\u044f\u043c \u043a\u0430\u0431\u0435\u043b\u044c\u043d\u043e\u0433\u043e \u0432\u0432\u043e\u0434\u0443 \u0454 \u0437\u0430\u043f\u043e\u0431\u0456\u0433\u0430\u043d\u043d\u044f \u043d\u0430\u0432\u0430\u043d\u0442\u0430\u0436\u0435\u043d\u044c \u0430\u0431\u043e \u0432\u0438\u043c\u0438\u043a\u0430\u0447\u0456\u0432 \u0443 \u043f\u0440\u0438\u043c\u0456\u0449\u0435\u043d\u043d\u044f\u0445, \u0434\u043b\u044f \u0447\u043e\u0433\u043e \u0432\u0438\u043a\u043e\u0440\u0438\u0441\u0442\u043e\u0432\u0443\u0454\u0442\u044c\u0441\u044f \u0432\u0430\u0433\u043e\u043d\u043d\u0438\u0439 \u043a\u043e\u043d\u0442\u0435\u0439\u043d\u0435\u0440, \u044f\u043a\u0438\u0439 \u043d\u0430\u0442\u044f\u0433\u0443\u0454\u0442\u044c\u0441\u044f \u043d\u0430 \u0442\u0440\u0430\u0441\u0443, \u0437\u0430\u043a\u0440\u0456\u043f\u043b\u0435\u043d\u0438\u0439 \u043d\u0430 \u0434\u0432\u043e\u0445 \u043e\u043f\u043e\u0440\u0430\u0445. Mitarbeiter, die Kabelkr\u00e4ne bedienen sind verpflichtet, \u00fcber entsprechende UDT-Berechtigungen zu verf\u00fcgen. Die Berechtigungen erwirt er, indem er die Pr\u00fcfung besteht. <\/p>\n<p>Kurse haben sowohl theoretischen als auch praktischen Teil vorgesehen. \u041a\u0443\u0440\u0441 \u043f\u0456\u0434\u043b\u044f\u0433\u0430\u0454 \u0442\u0435\u0445\u043d\u0456\u0447\u043d\u043e\u043c\u0443 \u043d\u0430\u0433\u043b\u044f\u0434\u0443, \u0442\u043e\u043c\u0443 \u043a\u043e\u0436\u043d\u0438\u0439 \u043a\u0443\u0440\u0441 \u0443 \u0441\u0444\u0435\u0440\u0456 \u043a\u0430\u0431\u0435\u043b\u044c\u043d\u0438\u0445 \u043c\u0435\u0440\u0435\u0436 \u043f\u043e\u0432\u0438\u043d\u0435\u043d \u0431\u0443\u0442\u0438 \u0437\u0430\u0445\u0438\u0449\u0435\u043d\u0438\u0439 \u0432\u0456\u0434 \u0442\u0435\u0445\u043d\u0456\u0447\u043d\u0438\u0445 \u0440\u0438\u0437\u0438\u043a\u0456\u0432, \u043f\u043e\u0432'\u044f\u0437\u0430\u043d\u0438\u0445 \u0437 \u0432\u0438\u043a\u043e\u0440\u0438\u0441\u0442\u0430\u043d\u043d\u044f\u043c \u0446\u0438\u0445 \u043f\u0440\u0438\u0441\u0442\u0440\u043e\u0457\u0432. Durchgelaufener UDT Course l\u00e4sst zur Pr\u00fcfung zu. <\/p>\n<p>Wir bieten Ihnen Kurse im Bereich der Kabelkr\u00e4ne an. Es sind die UDT Kurse, die Sie beim Bestehen der Pr\u00fcfung und Erwerb der Berechtigungen unterst\u00fctzen. Wir laden Sie herzlich ein!<\/p><\/div>\n<div class=\"button_styl\" style=\"float:right; padding-left:15px; padding-bottom:8px; margin-bottom:5px;\"><a href=\"https:\/\/platformaedukacji.pl\/login\/signup.php\" rel=\"nofollow\" target=\"_blank\" class=\"myButton myButton_maly\"><font color=\"white\">am Teilnehmen \u043a\u0443\u0440\u0441<\/font><\/a><\/div>","protected":false},"excerpt":{"rendered":"<p>Kabelkr\u00e4ne sind Hebezeugger\u00e4te - es ist eine Art von Seilbahn. \u041e\u0441\u043d\u043e\u0432\u043d\u0438\u043c \u043f\u0440\u0438\u0437\u043d\u0430\u0447\u0435\u043d\u043d\u044f\u043c \u043a\u0430\u0431\u0435\u043b\u044c\u043d\u0438\u0445 \u043a\u043e\u043b\u0456\u0439 \u0454 \u0437\u0430\u043f\u043e\u0431\u0456\u0433\u0430\u043d\u043d\u044f \u043f\u0435\u0440\u0435\u043c\u0456\u0449\u0435\u043d\u043d\u044e \u0432\u0430\u043d\u0442\u0430\u0436\u0443 \u0430\u0431\u043e \u0432\u0430\u043d\u0442\u0430\u0436\u0456\u0432 \u0443 \u043f\u0440\u0438\u043c\u0456\u0449\u0435\u043d\u043d\u044f\u0445, \u0434\u043b\u044f \u0447\u043e\u0433\u043e \u0432\u0438\u043a\u043e\u0440\u0438\u0441\u0442\u043e\u0432\u0443\u0454\u0442\u044c\u0441\u044f \u0432\u0430\u0433\u043e\u043d\u0447\u0438\u043a, \u044f\u043a\u0438\u0439 \u043f\u0435\u0440\u0435\u043c\u0456\u0449\u0443\u0454\u0442\u044c\u0441\u044f \u043f\u043e \u0440\u0435\u0439\u043a\u0430\u0445, \u0437\u0430\u043a\u0440\u0456\u043f\u043b\u0435\u043d\u0438\u0445 \u043d\u0430 \u0434\u0432\u043e\u0445 \u0449\u043e\u0433\u043b\u0430\u0445. Mitarbeiter, die Kabelkr\u00e4ne bedienen sind verpflichted, \u00fcber entsprechende UDT-Berechtigungen zu verf\u00fcgen. \u0426\u0456 \u043e\u0431\u043c\u0435\u0436\u0435\u043d\u043d\u044f \u0432\u0438\u043a\u043e\u043d\u0443\u044e\u0442\u044c\u0441\u044f \u043d\u0438\u043c, \u043a\u043e\u043b\u0438 \u0432\u0456\u043d \u0432\u0438\u043a\u043e\u043d\u0443\u0454 \u043f\u0435\u0440\u0435\u0432\u0456\u0440\u043a\u0443. Kurse haben sowohl theoretischen als auch praktischen Teil vorgesehen. Der Kurs untersteht der technischen Aufsicht, deshalb jeder Kurs im Bereich der Kabelkr\u00e4ne beinhalten Vorschriften in Bezug auf technische Voraussetzungen zur Nutzung dieser Ger\u00e4te. \u041f\u043e\u0432\u0442\u043e\u0440\u043d\u0438\u0439 \u043a\u0443\u0440\u0441 UDT \u043f\u0456\u0434\u043b\u044f\u0433\u0430\u0454 \u043f\u0435\u0440\u0435\u0432\u0456\u0440\u0446\u0456. \u041c\u0438 \u043f\u0440\u043e\u043f\u043e\u043d\u0443\u0454\u043c\u043e \u0446\u0456 \u043a\u0443\u0440\u0441\u0438 \u0432 \u043c\u0435\u0436\u0430\u0445 \u043a\u0430\u0431\u0435\u043b\u044c\u043d\u043e\u0457 \u043b\u0456\u043d\u0456\u0457. \u0426\u0435 \u043a\u0443\u0440\u0441\u0438 UDT, \u044f\u043a\u0456 \u0432\u0438 \u0431\u0443\u0434\u0435\u0442\u0435 \u0432\u0438\u043a\u043e\u0440\u0438\u0441\u0442\u043e\u0432\u0443\u0432\u0430\u0442\u0438 \u043f\u0440\u0438 \u043f\u0435\u0440\u0435\u0432\u0456\u0440\u0446\u0456 \u0442\u0430 \u043e\u0442\u0440\u0438\u043c\u0430\u043d\u043d\u0456 \u0434\u043e\u0437\u0432\u043e\u043b\u0456\u0432. \u041c\u0438 \u043f\u0440\u043e\u0441\u0438\u043c\u043e \u0432\u0430\u0441 \u0432\u0437\u044f\u0442\u0438 \u0443\u0447\u0430\u0441\u0442\u044c \u0443 \u043a\u0443\u0440\u0441\u0456 \u043f\u043e \u0447\u0435\u0440\u0437\u0456<\/p>","protected":false},"author":1,"featured_media":0,"parent":0,"menu_order":0,"comment_status":"closed","ping_status":"closed","template":"","meta":{"sfsi_plus_gutenberg_text_before_share":"","sfsi_plus_gutenberg_show_text_before_share":"","sfsi_plus_gutenberg_icon_type":"","sfsi_plus_gutenberg_icon_alignemt":"","sfsi_plus_gutenburg_max_per_row":"","footnotes":""},"class_list":["post-2001","page","type-page","status-publish","hentry","has_thumb"],"aioseo_notices":[],"_links":{"self":[{"href":"https:\/\/kursy-udt.pl\/ua\/wp-json\/wp\/v2\/pages\/2001","targetHints":{"allow":["GET"]}}],"collection":[{"href":"https:\/\/kursy-udt.pl\/ua\/wp-json\/wp\/v2\/pages"}],"about":[{"href":"https:\/\/kursy-udt.pl\/ua\/wp-json\/wp\/v2\/types\/page"}],"author":[{"embeddable":true,"href":"https:\/\/kursy-udt.pl\/ua\/wp-json\/wp\/v2\/users\/1"}],"replies":[{"embeddable":true,"href":"https:\/\/kursy-udt.pl\/ua\/wp-json\/wp\/v2\/comments?post=2001"}],"version-history":[{"count":2,"href":"https:\/\/kursy-udt.pl\/ua\/wp-json\/wp\/v2\/pages\/2001\/revisions"}],"predecessor-version":[{"id":2150,"href":"https:\/\/kursy-udt.pl\/ua\/wp-json\/wp\/v2\/pages\/2001\/revisions\/2150"}],"wp:attachment":[{"href":"https:\/\/kursy-udt.pl\/ua\/wp-json\/wp\/v2\/media?parent=2001"}],"curies":[{"name":"wp","href":"https:\/\/api.w.org\/{rel}","templated":true}]}}