{"id":2,"date":"2014-02-07T20:25:19","date_gmt":"2014-02-07T20:25:19","guid":{"rendered":"http:\/\/kursy-udt.kwiaty0.pl\/?page_id=2"},"modified":"2022-06-23T11:40:22","modified_gmt":"2022-06-23T11:40:22","slug":"udt-%d0%b4%d0%be%d0%b7%d0%b2%d0%be%d0%bb%d0%b8","status":"publish","type":"page","link":"https:\/\/kursy-udt.pl\/ua\/uprawnienia-udt\/","title":{"rendered":"\u041a\u0432\u0430\u043b\u0456\u0444\u0456\u043a\u0430\u0446\u0456\u044f UDT"},"content":{"rendered":"<div class=\"wyjustuj\">\n<div style=\"float: left; padding-right: 10px;\"><a href=\"\/ua\/%d0%bd%d0%b0%d0%b2%d1%87%d0%b0%d0%bd%d0%bd%d1%8f\/\"><div id=\"metaslider-id-631\" style=\"max-width: 200px;\" class=\"ml-slider-3-108-0 metaslider metaslider-flex metaslider-631 ml-slider ms-theme-default nav-hidden\" role=\"region\" aria-label=\"udt-\u0434\u043e\u0437\u0432\u043e\u043b\u0438\" data-height=\"150\" data-width=\"200\">\n    <div id=\"metaslider_container_631\">\n        <div id=\"metaslider_631\" class=\"flexslider\">\n            <ul class='slides'>\n                <li style=\"display: block; width: 100%;\" class=\"slide-1368 ms-image\" aria-roledescription=\"slide\" data-date=\"2014-09-06 00:23:31\" data-filename=\"dzwigi.jpeg\" data-slide-type=\"image\"><img loading=\"lazy\" decoding=\"async\" src=\"https:\/\/kursy-udt.pl\/wp-content\/uploads\/2014\/09\/dzwigi.jpeg\" height=\"150\" width=\"200\" alt=\"\" class=\"slider-631 slide-1368 msDefaultImage\" \/><\/li>\n                <li style=\"display: none; width: 100%;\" class=\"slide-632 ms-image\" aria-roledescription=\"slide\" data-date=\"2014-04-13 12:14:05\" data-filename=\"01-uprawnienia-udt-foto.jpeg\" data-slide-type=\"image\"><img loading=\"lazy\" decoding=\"async\" src=\"https:\/\/kursy-udt.pl\/wp-content\/uploads\/2014\/04\/01-uprawnienia-udt-foto.jpeg\" height=\"150\" width=\"200\" alt=\"\u043a\u0432\u0430\u043b\u0456\u0444\u0456\u043a\u0430\u0446\u0456\u0457 UDT Warszawa\" class=\"slider-631 slide-632 msDefaultImage\" \/><\/li>\n                <li style=\"display: none; width: 100%;\" class=\"slide-633 ms-image\" aria-roledescription=\"slide\" data-date=\"2014-04-13 12:14:05\" data-filename=\"02-szkolenia-udt-zdj.jpeg\" data-slide-type=\"image\"><img loading=\"lazy\" decoding=\"async\" src=\"https:\/\/kursy-udt.pl\/wp-content\/uploads\/2014\/04\/02-szkolenia-udt-zdj.jpeg\" height=\"150\" width=\"200\" alt=\"\u0415\u0440\u0433\u043e\u043d \u0412\u0430\u0440\u0448\u0430\u0432\u0430\" class=\"slider-631 slide-633 msDefaultImage\" \/><\/li>\n                <li style=\"display: none; width: 100%;\" class=\"slide-1369 ms-image\" aria-roledescription=\"slide\" data-date=\"2014-09-06 00:23:32\" data-filename=\"zurawie.jpeg\" data-slide-type=\"image\"><img loading=\"lazy\" decoding=\"async\" src=\"https:\/\/kursy-udt.pl\/wp-content\/uploads\/2014\/09\/zurawie.jpeg\" height=\"150\" width=\"200\" alt=\"\" class=\"slider-631 slide-1369 msDefaultImage\" \/><\/li>\n                <li style=\"display: none; width: 100%;\" class=\"slide-634 ms-image\" aria-roledescription=\"slide\" data-date=\"2014-04-13 12:14:06\" data-filename=\"03-pic-kursy-udt.jpeg\" data-slide-type=\"image\"><img loading=\"lazy\" decoding=\"async\" src=\"https:\/\/kursy-udt.pl\/wp-content\/uploads\/2014\/04\/03-pic-kursy-udt.jpeg\" height=\"150\" width=\"200\" alt=\"\u043a\u0430\u0440\u0442\u0438\u043d\u0430\" class=\"slider-631 slide-634 msDefaultImage\" \/><\/li>\n            <\/ul>\n        <\/div>\n        \n    <\/div>\n<\/div><\/a><\/div>\n<p>\u0423\u043f\u0440\u0430\u0432\u043b\u0456\u043d\u043d\u044f \u0442\u0435\u0445\u043d\u0456\u0447\u043d\u043e\u0433\u043e \u043d\u0430\u0433\u043b\u044f\u0434\u0443 \u0454 \u0434\u0435\u0440\u0436\u0430\u0432\u043d\u043e\u044e \u0443\u0441\u0442\u0430\u043d\u043e\u0432\u043e\u044e, \u043c\u0435\u0442\u043e\u044e \u044f\u043a\u043e\u0457 \u0454 \u0437\u0430\u0431\u0435\u0437\u043f\u0435\u0447\u0435\u043d\u043d\u044f \u0431\u0435\u0437\u043f\u0435\u0447\u043d\u043e\u0457 \u0435\u043a\u0441\u043f\u043b\u0443\u0430\u0442\u0430\u0446\u0456\u0457 \u0442\u0435\u0445\u043d\u0456\u0447\u043d\u0438\u0445 \u043f\u0440\u0438\u0441\u0442\u0440\u043e\u0457\u0432 \u0456 \u0443\u0441\u0442\u0430\u043d\u043e\u0432\u043e\u043a. \u042f\u043a UDT Warszawa, \u0442\u0430\u043a \u0456 \u0456\u043d\u0448\u0456 \u043e\u0444\u0456\u0441\u0438, \u043f\u0440\u0438\u0441\u0443\u0442\u043d\u0456 \u0432 \u043a\u043e\u0436\u043d\u043e\u043c\u0443 \u0432\u0435\u043b\u0438\u043a\u043e\u043c\u0443 \u043c\u0456\u0441\u0442\u0456, \u043d\u0435\u0441\u0443\u0442\u044c \u0432\u0456\u0434\u043f\u043e\u0432\u0456\u0434\u0430\u043b\u044c\u043d\u0456\u0441\u0442\u044c \u0437\u0430 \u043f\u0456\u0434\u0442\u0432\u0435\u0440\u0434\u0436\u0435\u043d\u043d\u044f \u0437\u0434\u0430\u0442\u043d\u043e\u0441\u0442\u0456 \u0432\u0438\u043a\u043e\u043d\u0443\u0432\u0430\u0442\u0438 \u0434\u0456\u0457 \u0442\u0430 \u0437\u043d\u0430\u043d\u043d\u044f \u0443\u043c\u043e\u0432, \u043f\u043e\u0432\u2019\u044f\u0437\u0430\u043d\u0438\u0445 \u0437\u0456 \u0441\u0442\u0430\u043d\u0434\u0430\u0440\u0442\u0430\u043c\u0438, \u043f\u0440\u0430\u0432\u043e\u0432\u0438\u043c\u0438 \u0442\u0430 \u0442\u0435\u0445\u043d\u0456\u0447\u043d\u0438\u043c\u0438 \u043f\u0440\u0430\u0432\u0438\u043b\u0430\u043c\u0438 \u043d\u0430\u0433\u043b\u044f\u0434\u0443 \u0434\u043b\u044f \u043f\u0440\u0430\u0446\u0456\u0432\u043d\u0438\u043a\u0456\u0432 \u043d\u0430 \u043f\u043e\u0441\u0430\u0434\u0430\u0445, \u0434\u0435 \u043f\u043e\u0442\u0440\u0456\u0431\u043d\u0435 \u043e\u0431\u0441\u043b\u0443\u0433\u043e\u0432\u0443\u0432\u0430\u043d\u043d\u044f \u0442\u0435\u0445\u043d\u0456\u0447\u043d\u0438\u0445 \u043f\u0440\u0438\u0441\u0442\u0440\u043e\u0457\u0432, \u043d\u0430\u0434\u0430\u043d\u043d\u044f \u0457\u043c \u0432\u0456\u0434\u043f\u043e\u0432\u0456\u0434\u043d\u0443 \u043a\u0432\u0430\u043b\u0456\u0444\u0456\u043a\u0430\u0446\u0456\u044e UDT (\u041e\u0444\u0456\u0441 \u0442\u0435\u0445\u043d\u0456\u0447\u043d\u043e\u0457 \u0456\u043d\u0441\u043f\u0435\u043a\u0446\u0456\u0457).<\/p>\n<p>\u0414\u043b\u044f \u0432\u0438\u043a\u043e\u043d\u0430\u043d\u043d\u044f \u0440\u043e\u0431\u0456\u0442 \u043d\u0435\u043e\u0431\u0445\u0456\u0434\u043d\u0456 \u0441\u0435\u0440\u0442\u0438\u0444\u0456\u043a\u043e\u0432\u0430\u043d\u0456 \u0434\u043e\u043f\u0443\u0441\u043a\u0438 \u0423\u0414\u0422, \u0431\u0435\u0437 \u044f\u043a\u0438\u0445 \u043f\u0440\u0430\u0446\u0456\u0432\u043d\u0438\u043a \u043d\u0435 \u043c\u0430\u0454 \u043f\u0440\u0430\u0432\u0430 \u0435\u043a\u0441\u043f\u043b\u0443\u0430\u0442\u0443\u0432\u0430\u0442\u0438 \u043f\u0440\u0438\u0441\u0442\u0440\u043e\u0457. \u0414\u043b\u044f \u0446\u044c\u043e\u0433\u043e \u043f\u0440\u0430\u0446\u0456\u0432\u043d\u0438\u043a\u0438 \u043f\u043e\u0432\u0438\u043d\u043d\u0456 \u043f\u0440\u043e\u0439\u0442\u0438 \u043a\u0443\u0440\u0441 UDT, \u044f\u043a\u0438\u0439 \u043e\u0445\u043e\u043f\u043b\u044e\u0454 \u044f\u043a \u0442\u0435\u043e\u0440\u0435\u0442\u0438\u0447\u043d\u0456, \u0442\u0430\u043a \u0456 \u043f\u0440\u0430\u043a\u0442\u0438\u0447\u043d\u0456 \u0437\u043d\u0430\u043d\u043d\u044f, \u0442\u043e\u0431\u0442\u043e \u0432\u043a\u043b\u044e\u0447\u0430\u0442\u0438 \u0441\u0430\u043c\u043e\u0441\u0442\u0456\u0439\u043d\u0443 \u0435\u043a\u0441\u043f\u043b\u0443\u0430\u0442\u0430\u0446\u0456\u044e \u0442\u0430 \u0442\u0435\u0445\u043d\u0456\u0447\u043d\u0435 \u043e\u0431\u0441\u043b\u0443\u0433\u043e\u0432\u0443\u0432\u0430\u043d\u043d\u044f \u043c\u0430\u0448\u0438\u043d, \u0430 \u043f\u043e\u0442\u0456\u043c \u0441\u043a\u043b\u0430\u0441\u0442\u0438 \u0456\u0441\u043f\u0438\u0442.<\/p>\n<p>\u0421\u0435\u0440\u0435\u0434 \u043e\u0431\u043b\u0430\u0434\u043d\u0430\u043d\u043d\u044f, \u044f\u043a\u0435 \u043f\u043e\u0442\u0440\u0435\u0431\u0443\u0454 \u0434\u043e\u0437\u0432\u043e\u043b\u0443 \u0423\u043f\u0440\u0430\u0432\u043b\u0456\u043d\u043d\u044f \u0442\u0435\u0445\u043d\u0456\u0447\u043d\u043e\u0457 \u0456\u043d\u0441\u043f\u0435\u043a\u0446\u0456\u0457, \u0441\u0435\u0440\u0435\u0434 \u0456\u043d\u0448\u043e\u0433\u043e \u0454:<\/p>\n<ul>\n<li>\u043c\u043e\u0431\u0456\u043b\u044c\u043d\u0456 \u043f\u043b\u0430\u0442\u0444\u043e\u0440\u043c\u0438 (\u043f\u0456\u0434\u0439\u043e\u043c\u043d\u0456 \u043f\u043b\u0430\u0442\u0444\u043e\u0440\u043c\u0438) - \u043a\u0432\u0430\u043b\u0456\u0444\u0456\u043a\u0430\u0446\u0456\u044f \u043d\u0430\u0434\u0430\u0454\u0442\u044c\u0441\u044f \u0434\u043b\u044f \u043b\u0456\u0444\u0442\u0456\u0432-\u043a\u043e\u0440\u043f\u0443\u0441\u0456\u0432 \u043a\u0430\u0442\u0435\u0433\u043e\u0440\u0456\u0457 IP \u0442\u0430 II P. \u0417\u0430\u043b\u0435\u0436\u043d\u043e \u0432\u0456\u0434 \u0442\u043e\u0433\u043e, \u044f\u043a\u0456 \u043c\u043e\u0431\u0456\u043b\u044c\u043d\u0456 \u043f\u043b\u0430\u0442\u0444\u043e\u0440\u043c\u0438 \u0432\u0438\u043a\u043e\u0440\u0438\u0441\u0442\u043e\u0432\u0443\u044e\u0442\u044c\u0441\u044f, \u043f\u043e\u0442\u0440\u0456\u0431\u043d\u0430 \u0432\u0456\u0434\u043f\u043e\u0432\u0456\u0434\u043d\u0430 \u043a\u0432\u0430\u043b\u0456\u0444\u0456\u043a\u0430\u0446\u0456\u044f<\/li>\n<li>\u043c\u043e\u0441\u0442\u043e\u0432\u0456 \u043a\u0440\u0430\u043d\u0438, \u043a\u0435\u0440\u043e\u0432\u0430\u043d\u0456 \u0437 \u0440\u043e\u0431\u043e\u0447\u043e\u0433\u043e \u0442\u0430 \u043a\u0430\u0431\u0456\u043d\u043d\u043e\u0433\u043e \u0440\u0456\u0432\u043d\u0456\u0432<\/li>\n<li>\u0437\u0430\u043b\u0456\u0437\u043d\u0438\u0447\u043d\u0456, \u0431\u0430\u0448\u0442\u043e\u0432\u0456 \u0442\u0430 \u043f\u0435\u0440\u0435\u043d\u043e\u0441\u043d\u0456 \u043a\u0440\u0430\u043d\u0438 HDS<\/li>\n<li>\u0442\u043e\u0432\u0430\u0440\u043d\u043e-\u0431\u0443\u0434\u0456\u0432\u0435\u043b\u044c\u043d\u0456 \u043b\u0456\u0444\u0442\u0438<\/li>\n<li>\u043b\u0435\u0431\u0456\u0434\u043a\u0438 \u0437 \u0440\u043e\u0431\u043e\u0447\u043e\u0433\u043e \u0440\u0456\u0432\u043d\u044f \u0456 \u0437 \u043a\u0430\u0431\u0456\u043d\u0438<\/li>\n<li>\u043e\u0431\u043b\u0430\u0434\u043d\u0430\u043d\u043d\u044f \u0434\u043b\u044f \u043d\u0430\u043f\u043e\u0432\u043d\u0435\u043d\u043d\u044f \u0442\u0430 \u0441\u043f\u043e\u0440\u043e\u0436\u043d\u0435\u043d\u043d\u044f \u0440\u0435\u0437\u0435\u0440\u0432\u0443\u0430\u0440\u0456\u0432, \u043e\u0431\u0440\u043e\u0431\u043a\u0438 \u0442\u0430\u0440\u0438<\/li>\n<li>\u0412\u0430\u043d\u0442\u0430\u0436\u043d\u0456 \u0442\u0430 \u043f\u0430\u0441\u0430\u0436\u0438\u0440\u0441\u044c\u043a\u0456 \u043f\u0456\u0434\u0439\u043e\u043c\u043d\u0438\u043a\u0438 \u0442\u0430 \u043a\u0430\u043d\u0430\u0442\u043d\u0456 \u0434\u043e\u0440\u043e\u0433\u0438<\/li>\n<li>\u043a\u043e\u043b\u0456\u0439\u043d\u0456 \u0430\u0441\u0444\u0430\u043b\u044c\u0442\u043e\u0443\u043a\u043b\u0430\u0434\u0430\u0447\u0456<\/li>\n<li>\u0432\u0438\u043b\u043e\u0447\u043d\u0456 \u043d\u0430\u0432\u0430\u043d\u0442\u0430\u0436\u0443\u0432\u0430\u0447\u0456 - \u043b\u0456\u0446\u0435\u043d\u0437\u0456\u0457 \u043d\u0430 \u043d\u0430\u0432\u0430\u043d\u0442\u0430\u0436\u0443\u0432\u0430\u0447\u0456 \u043d\u0430\u0434\u0430\u044e\u0442\u044c\u0441\u044f \u043d\u0435\u0437\u0430\u043b\u0435\u0436\u043d\u043e \u0432\u0456\u0434 \u0442\u043e\u0433\u043e, \u043f\u043e\u0432\u2019\u044f\u0437\u0430\u043d\u0456 \u0437 UDT \u0447\u0438 \u043d\u0456<\/li>\n<\/ul>\n<p>\u0414\u043b\u044f \u0440\u043e\u0431\u043e\u0442\u0438 \u0437 \u043f\u0440\u0435\u0434\u0441\u0442\u0430\u0432\u043b\u0435\u043d\u0438\u043c \u043e\u0431\u043b\u0430\u0434\u043d\u0430\u043d\u043d\u044f\u043c \u043f\u0440\u0430\u0446\u0456\u0432\u043d\u0438\u043a \u043f\u043e\u0432\u0438\u043d\u0435\u043d \u043f\u0440\u043e\u0439\u0442\u0438 \u043d\u0430\u0432\u0447\u0430\u043d\u043d\u044f \u0442\u0430 \u043e\u0442\u0440\u0438\u043c\u0430\u0442\u0438 \u0432\u0456\u0434\u043f\u043e\u0432\u0456\u0434\u043d\u0456 \u0434\u043e\u043f\u0443\u0441\u043a\u0438. \u041f\u0456\u0434 \u0447\u0430\u0441 \u043f\u0440\u043e\u0445\u043e\u0434\u0436\u0435\u043d\u043d\u044f \u043a\u0443\u0440\u0441\u0456\u0432 \u043f\u0440\u0430\u0446\u0456\u0432\u043d\u0438\u043a \u0433\u043e\u0442\u0443\u0454\u0442\u044c\u0441\u044f \u0434\u043e \u0434\u0435\u0440\u0436\u0430\u0432\u043d\u043e\u0433\u043e \u0456\u0441\u043f\u0438\u0442\u0443 \u0437 \u0423\u0414\u0422, \u0430 \u043f\u043e\u0442\u0456\u043c, \u0443\u0441\u043f\u0456\u0448\u043d\u043e \u0437\u0434\u0430\u0432\u0448\u0438 \u0439\u043e\u0433\u043e, \u043e\u0442\u0440\u0438\u043c\u0443\u0454 \u043a\u0432\u0430\u043b\u0456\u0444\u0456\u043a\u0430\u0446\u0456\u044e.<\/p>\n<p>\u041f\u0440\u0430\u0432\u043e\u0432\u0430 \u043e\u0441\u043d\u043e\u0432\u0430:<\/p>\n<ul>\n<li>\u0417\u0430\u043a\u043e\u043d \u0432\u0456\u0434 21.12.2000 \u0440. \u00ab\u041f\u0440\u043e \u0442\u0435\u0445\u043d\u0456\u0447\u043d\u0438\u0439 \u043e\u0433\u043b\u044f\u0434\u00bb (\u0417\u0430\u043a\u043e\u043d. \u0436\u0443\u0440\u043d. \u2116 122, \u0441\u0442. 1321 \u0456\u0437 \u0437\u043c\u0456\u043d\u0430\u043c\u0438)<\/li>\n<li>\u0420\u043e\u0437\u043f\u043e\u0440\u044f\u0434\u0436\u0435\u043d\u043d\u044f \u041c\u0456\u043d\u0456\u0441\u0442\u0440\u0430 \u0435\u043a\u043e\u043d\u043e\u043c\u0456\u043a\u0438 \u043f\u0440\u043e \u043f\u043e\u0440\u044f\u0434\u043e\u043a \u043f\u0435\u0440\u0435\u0432\u0456\u0440\u043a\u0438 \u043a\u0432\u0430\u043b\u0456\u0444\u0456\u043a\u0430\u0446\u0456\u0457, \u043d\u0435\u043e\u0431\u0445\u0456\u0434\u043d\u043e\u0457 \u0434\u043b\u044f \u0435\u043a\u0441\u043f\u043b\u0443\u0430\u0442\u0430\u0446\u0456\u0457 \u0442\u0430 \u0442\u0435\u0445\u043d\u0456\u0447\u043d\u043e\u0433\u043e \u043e\u0431\u0441\u043b\u0443\u0433\u043e\u0432\u0443\u0432\u0430\u043d\u043d\u044f \u0442\u0435\u0445\u043d\u0456\u0447\u043d\u0438\u0445 \u043f\u0440\u0438\u0441\u0442\u0440\u043e\u0457\u0432 \u0432\u0456\u0434 18 \u043b\u0438\u043f\u043d\u044f 2001 \u0440. (\u0417\u0430\u043a\u043e\u043d. \u0432\u0456\u0441\u043d\u0438\u043a \u2116 79, \u043f. 849), \u0437\u043c\u0456\u043d\u0435\u043d\u0438\u0439 \u0440\u0435\u0433\u043b\u0430\u043c\u0435\u043d\u0442 \u0432\u0456\u0434 20 \u043b\u044e\u0442\u043e\u0433\u043e 2003 \u0440. (\u0417\u0430\u043a. 50, \u043f. 426), \u0432\u0438\u0434\u0430\u043d\u043e\u0433\u043e \u043d\u0430 \u043f\u0456\u0434\u0441\u0442\u0430\u0432\u0456 \u0441\u0442. 23 \u0441\u0435\u043a. 5 \u0430\u043a\u0442\u0430 \u043f\u0440\u043e \u0442\u0435\u0445\u043d\u0456\u0447\u043d\u0438\u0439 \u043e\u0433\u043b\u044f\u0434.<\/li>\n<\/ul>\n<p>\u0421\u043f\u0435\u0446\u0456\u0430\u043b\u044c\u043d\u043e \u0434\u043b\u044f \u043f\u0440\u0430\u0446\u0456\u0432\u043d\u0438\u043a\u0456\u0432, \u044f\u043a\u0456 \u0445\u043e\u0447\u0443\u0442\u044c \u043e\u0442\u0440\u0438\u043c\u0430\u0442\u0438 \u043a\u0432\u0430\u043b\u0456\u0444\u0456\u043a\u0430\u0446\u0456\u044e \u0423\u043f\u0440\u0430\u0432\u043b\u0456\u043d\u043d\u044f \u0442\u0435\u0445\u043d\u0430\u0433\u043b\u044f\u0434\u0443, \u043c\u0438 \u043f\u0456\u0434\u0433\u043e\u0442\u0443\u0432\u0430\u043b\u0438 \u0448\u0438\u0440\u043e\u043a\u0438\u0439 \u0441\u043f\u0435\u043a\u0442\u0440 \u0442\u0440\u0435\u043d\u0456\u043d\u0433\u0456\u0432. \u041d\u0430\u0448\u0456 \u0442\u0440\u0435\u043d\u0456\u043d\u0433\u0438 UDT \u043f\u0440\u043e\u0432\u043e\u0434\u044f\u0442\u044c\u0441\u044f \u0434\u043e\u0441\u0432\u0456\u0434\u0447\u0435\u043d\u0438\u043c\u0438 \u0444\u0430\u0445\u0456\u0432\u0446\u044f\u043c\u0438 \u0441\u0432\u043e\u0454\u0457 \u0441\u043f\u0440\u0430\u0432\u0438, \u0437\u0430\u0432\u0434\u044f\u043a\u0438 \u0447\u043e\u043c\u0443 \u0432\u043e\u043d\u0438 \u043e\u0445\u043e\u043f\u043b\u044e\u044e\u0442\u044c \u0432\u0435\u043b\u0438\u043a\u0456 \u0442\u0435\u043e\u0440\u0435\u0442\u0438\u0447\u043d\u0456 \u0437\u043d\u0430\u043d\u043d\u044f \u0442\u0430 \u043f\u0440\u0430\u043a\u0442\u0438\u043a\u0443. \u041c\u0438 \u043f\u0440\u043e\u0432\u043e\u0434\u0438\u043c\u043e \u0437\u0430\u043a\u0440\u0438\u0442\u0456 \u0442\u0430 \u0432\u0456\u0434\u043a\u0440\u0438\u0442\u0456 \u0442\u0440\u0435\u043d\u0456\u043d\u0433\u0438 UDT, \u0442\u0430\u043a\u043e\u0436 \u0430\u0434\u0430\u043f\u0442\u043e\u0432\u0430\u043d\u0456 \u0441\u043f\u0435\u0446\u0456\u0430\u043b\u044c\u043d\u043e \u0434\u043e \u043f\u043e\u0442\u0440\u0435\u0431 \u043d\u0430\u0448\u0438\u0445 \u043a\u043b\u0456\u0454\u043d\u0442\u0456\u0432.<\/p>\n<p>\u0417\u0430\u043f\u0440\u043e\u0448\u0443\u0454\u043c\u043e \u043d\u0430 \u043a\u0443\u0440\u0441\u0438 \u0423\u0414\u0422 <a href=\"https:\/\/kursy-udt.pl\/ua\/o-firmie\/\">\u0426\u0435\u043d\u0442\u0440 \u043f\u0456\u0434\u0433\u043e\u0442\u043e\u0432\u043a\u0438 \u043f\u0435\u0440\u0441\u043e\u043d\u0430\u043b\u0443 \u0415\u0420\u0413\u041e\u041d<\/a>! <a href=\"https:\/\/kursy-udt.pl\/ua\/kontakt\/\">\u041c\u0438 \u043f\u0440\u0430\u0446\u044e\u0454\u043c\u043e \u043f\u043e \u0432\u0441\u0456\u0439 \u043a\u0440\u0430\u0457\u043d\u0456<\/a>. \u0423 \u043d\u0430\u0441 \u0454 \u043d\u0430\u0432\u0447\u0430\u043b\u044c\u043d\u0456 \u0446\u0435\u043d\u0442\u0440\u0438 \u0432:<\/p>\n<ul>\n<li>\u0412\u0430\u0440\u0448\u0430\u0432\u0430<\/li>\n<li>\u041a\u0430\u0442\u043e\u0432\u0456\u0446\u0435 (\u0421\u0456\u043b\u0435\u0437\u044c\u043a\u0435 \u0432\u0456\u0434\u0434\u0456\u043b\u0435\u043d\u043d\u044f)<\/li>\n<li>\u041a\u0440\u0430\u043a\u0456\u0432<\/li>\n<li>\u0411\u0456\u043b\u044c\u0441\u044c\u043a\u043e-\u0411\u044f\u043b\u0430<\/li>\n<\/ul>\n<\/div>\n<p>\u0427\u0438\u0442\u0430\u0439\u0442\u0435 \u0442\u0430\u043a\u043e\u0436 \u043f\u0440\u043e \u043a\u0430\u0442\u0435\u0433\u043e\u0440\u0456\u0457 <a href=\"https:\/\/kursy-udt.pl\/ua\/uprawnienia-udt\/kategorie-uprawnien-2\/\">\u041a\u0432\u0430\u043b\u0456\u0444\u0456\u043a\u0430\u0446\u0456\u044f UDT<\/a> \u0442\u0430 \u043f\u0440\u043e \u0434\u0456\u044e\u0447\u0456 \u043d\u043e\u0440\u043c\u0430\u0442\u0438\u0432\u0438!<\/p>","protected":false},"excerpt":{"rendered":"<p>Urz\u0105d Dozoru Technicznego jest instytucj\u0105 pa\u0144stwow\u0105, kt\u00f3rej celem jest zapewnienie bezpiecze\u0144stwa pracy urz\u0105dze\u0144 technicznych i instalacji. Zar\u00f3wno UDT Warszawa jak i inne urz\u0119dy obecne w ka\u017cdym du\u017cym mie\u015bcie maj\u0105 za zadanie potwierdzanie umiej\u0119tno\u015bci wykonywania czynno\u015bci i znajomo\u015bci warunk\u00f3w zwi\u0105zanych z normami, przepisami prawnymi i technicznymi dozoru dla pracownik\u00f3w na stanowiskach, na kt\u00f3rych wymagana jest obs\u0142uga urz\u0105dze\u0144 technicznych, nadaj\u0105c im stosowne uprawnienia UDT (Urz\u0119du Dozoru Technicznego). Do wykonywania prac potrzebne s\u0105 po\u015bwiadczone uprawnienia UDT, bez kt\u00f3rych pracownik nie ma prawa obs\u0142ugiwa\u0107 urz\u0105dze\u0144. W tym celu pracownicy musz\u0105 oby\u0107 kurs UDT obejmuj\u0105cy zar\u00f3wno wiedz\u0119 teoretyczn\u0105, jak i praktyczn\u0105, czyli w\u0142\u0105czaj\u0105c\u0105 samodzieln\u0105 obs\u0142ug\u0119 i konserwacj\u0119 maszyn, a nast\u0119pnie podej\u015b\u0107 do egzaminu. W\u015br\u00f3d sprz\u0119t\u00f3w, kt\u00f3re wymagaj\u0105 posiadania do obs\u0142ugi uprawnie\u0144 Urz\u0119du Dozoru Technicznego, znajduj\u0105 si\u0119 mi\u0119dzy innymi: podesty ruchome (podno\u015bniki koszowe) \u2013 nadawane s\u0105 uprawnienia na podno\u015bnik koszowy kat. I P oraz II P. W zale\u017cno\u015bci od tego, jakie stosowane s\u0105 podesty ruchome, wymagane s\u0105 odpowiednie kwalifikacje suwnice sterowane z poziomu roboczego i kabiny \u017curawie szynowe, wie\u017cowe i przeno\u015bne HDS d\u017awigi towarowe i budowlane wyci\u0105garki z poziomu roboczego i z kabiny urz\u0105dzenia do nape\u0142niania i opr\u00f3\u017cniania zbiornik\u00f3w, manipulacji kontenerami towarowe i osobowe wyci\u0105gi narciarskie i koleje linowe uk\u0142adarki do uk\u0142adania tor\u00f3w w\u00f3zki wid\u0142owe \u2013 uprawnienia na w\u00f3zki wid\u0142owe s\u0105 nadawane jako powi\u0105zane z UDT lub nie Do obs\u0142ugi zaprezentowanych sprz\u0119t\u00f3w pracownik musi uko\u0144czy\u0107 szkolenie i otrzyma\u0107 stosowne uprawnienia. Do egzaminu pa\u0144stwowego UDT pracownik jest przygotowywany podczas kursu, nast\u0119pnie po jego pozytywnym zaliczeniu otrzymuje uprawnienia. Podstawa prawna: ustawa z dnia 21 grudnia 2000 r. o dozorze technicznym (Dz. U. Nr [&hellip;]<\/p>\n","protected":false},"author":1,"featured_media":0,"parent":0,"menu_order":2,"comment_status":"closed","ping_status":"closed","template":"","meta":{"sfsi_plus_gutenberg_text_before_share":"","sfsi_plus_gutenberg_show_text_before_share":"","sfsi_plus_gutenberg_icon_type":"","sfsi_plus_gutenberg_icon_alignemt":"","sfsi_plus_gutenburg_max_per_row":"","footnotes":""},"class_list":["post-2","page","type-page","status-publish","hentry","has_no_thumb"],"aioseo_notices":[],"_links":{"self":[{"href":"https:\/\/kursy-udt.pl\/ua\/wp-json\/wp\/v2\/pages\/2","targetHints":{"allow":["GET"]}}],"collection":[{"href":"https:\/\/kursy-udt.pl\/ua\/wp-json\/wp\/v2\/pages"}],"about":[{"href":"https:\/\/kursy-udt.pl\/ua\/wp-json\/wp\/v2\/types\/page"}],"author":[{"embeddable":true,"href":"https:\/\/kursy-udt.pl\/ua\/wp-json\/wp\/v2\/users\/1"}],"replies":[{"embeddable":true,"href":"https:\/\/kursy-udt.pl\/ua\/wp-json\/wp\/v2\/comments?post=2"}],"version-history":[{"count":31,"href":"https:\/\/kursy-udt.pl\/ua\/wp-json\/wp\/v2\/pages\/2\/revisions"}],"predecessor-version":[{"id":3914,"href":"https:\/\/kursy-udt.pl\/ua\/wp-json\/wp\/v2\/pages\/2\/revisions\/3914"}],"wp:attachment":[{"href":"https:\/\/kursy-udt.pl\/ua\/wp-json\/wp\/v2\/media?parent=2"}],"curies":[{"name":"wp","href":"https:\/\/api.w.org\/{rel}","templated":true}]}}