{"id":1981,"date":"2016-03-07T21:15:21","date_gmt":"2016-03-07T21:15:21","guid":{"rendered":"http:\/\/kursy-udt.pl\/?page_id=1981"},"modified":"2016-03-11T08:25:26","modified_gmt":"2016-03-11T08:25:26","slug":"%d1%84%d0%bb%d1%8e%d0%b3%d1%86%d0%be%d0%b9%d0%b3%d0%b5%d0%bd%d1%82%d0%b0%d0%b9%d0%b7%d0%b5%d1%80","status":"publish","type":"page","link":"https:\/\/kursy-udt.de\/ua\/fachkurse\/bereich-von-gse\/flugzeugenteiser\/","title":{"rendered":"Flugzeugenteiser"},"content":{"rendered":"<p>Unser Bildungszentrum spezialisiert sich auf Realizierung der Kurse f\u00fcr Flugh\u00e4fenmitarbeiter. Unser Angebot umfasst u.a. Kurs im Bereich der Flugzeugenteiser - Ger\u00e4te, die zur Entfernen des Eises vom Flugzeug dienen. \u0417\u0430\u0432\u0434\u044f\u043a\u0438 \u043d\u0430\u0448\u0438\u043c \u0441\u0435\u043c\u0456\u043d\u0430\u0440\u0430\u043c \u0432\u0438 \u0434\u0456\u0437\u043d\u0430\u0454\u0442\u0435\u0441\u044c \u0431\u0456\u043b\u044c\u0448\u0435 \u043f\u0440\u043e \u0432\u0438\u043a\u043e\u0440\u0438\u0441\u0442\u0430\u043d\u043d\u044f GSE (Ground Support Equipment) - \u0442\u0430\u043a\u043e\u0436 \u043f\u0440\u043e \u0437\u0430\u0441\u043e\u0431\u0438 \u0434\u043b\u044f \u0431\u043e\u0440\u043e\u0442\u044c\u0431\u0438 \u0437 \u043b\u0456\u0442\u0430\u043a\u0430\u043c\u0438. <\/p>\n<p>\u041f\u0440\u043e\u0442\u0438\u043f\u043e\u0432\u0456\u0442\u0440\u044f\u043d\u0456 \u0435\u043a\u0440\u0430\u043d\u0438 \u0454 \u0437\u0430\u0437\u0432\u0438\u0447\u0430\u0439 \u043a\u043e\u0440\u0438\u0441\u043d\u0438\u043c\u0438 \u043f\u0440\u0438\u0441\u0442\u0440\u043e\u044f\u043c\u0438 \u0434\u043b\u044f \u0431\u043e\u0440\u043e\u0442\u044c\u0431\u0438 \u0437 \u0432\u0438\u043f\u0440\u043e\u043c\u0456\u043d\u044e\u0432\u0430\u043d\u043d\u044f\u043c \u0432\u0456\u0434 \u043b\u0456\u0442\u0430\u043b\u044c\u043d\u0438\u0445 \u0430\u043f\u0430\u0440\u0430\u0442\u0456\u0432. Die Aufgabe dieser Ger\u00e4te ist Entfernung von Schnee, Eis und Raureif vom Flugzeug, dabei verwenden chemische Mittel, die nicht nur auf Entfernung von diesen Substanzen wirken sondern auch auf Vorbeugung ihrer Ablagerung f\u00fcr bestimmte Zeit. Eis, Schne \u0456 Raureif vermindern die Flugeigenschaften des Flugzeug, denn sie bilden unebene Fl\u00e4che und beintr\u00e4chtigen die Aerodynamik is im schlimmsten Falle zu einen Absturz f\u00fchren kann. \u0411\u0456\u043b\u044c\u0448\u0456 \u043f\u043e\u0448\u043a\u043e\u0434\u0436\u0435\u043d\u043d\u044f \u043c\u043e\u0436\u0443\u0442\u044c \u0442\u0430\u043a\u043e\u0436 \u0441\u043f\u0440\u0438\u0447\u0438\u043d\u0438\u0442\u0438 \u043f\u043e\u0448\u043a\u043e\u0434\u0436\u0435\u043d\u043d\u044f \u0434\u0432\u0438\u0433\u0443\u043d\u0430 \u0430\u0431\u043e \u0433\u0440\u0435\u0431\u043d\u043e\u0433\u043e \u0433\u0432\u0438\u043d\u0442\u0430, \u0449\u043e \u0442\u0430\u043a\u043e\u0436 \u0454 \u0437\u0432\u0438\u0447\u0430\u0439\u043d\u043e\u044e \u043f\u0440\u0430\u043a\u0442\u0438\u043a\u043e\u044e. Deshalb wird das Enteisen nur dann ausgef\u00fchrer, wenn das Flugzeug im Stand ist, Enteisen wird auch vorbeugend durchgef\u00fchrer, damit Luftschiff w\u00e4hrend des Flugs in bestimmten Temperaturen nicht vereist. <\/p>\n<p>Die Enteisung wird mit entsprechenden technische Mitteln ausgef\u00fchrer - dasu dienen die Mischung aus Glykol und Wasser erzeugenden Ger\u00e4te oder anderen Mittel mit Enteisungseigenschaften, die von Mitarbeitern auf Hubarbeitsb\u00fchnen verwenden werden.  Die letzten werden von Mitarbeitern mit entsprechenden Berechtigungen bedient. <\/p>\n<p>Den Kursteilnehmern vom Flughafenpersonal wird Wissen bez\u00fcglich Bedienung der Ger\u00e4te im Enteisungsprozess und Arbeitsschutz \u00fcbermittelt. Der Kurs umfasst auch praktischen Teil. The course wird von unseren erfahrenen kursleitern durchgef\u00fchrer. <\/p>\n<p>Die Kurse werden in abgemachten Terminen in unseren Zentren realisiert. Die Kurse werden auch f\u00fcr Flugzeugh\u00e4fen als geschlossen gebuchten. Wir laden Sie ein, unser Angebot in Anspruch zu nehmen!<\/p>","protected":false},"excerpt":{"rendered":"<p>Unser Bildungszentrum spezialisiert sich auf Realisierung der Kurse f\u00fcr Flugh\u00e4fenmitarbeiter. Unser Angebot umfasst u.a. Kurs im Bereich der Flugzeugenteiser \u2013 Ger\u00e4te, die zur Entfernung des Eises vom Flugzeug dienen. Mit unseren Seminaren erfahren Sie mehr von Anwendung von GSE (Ground Support Equipment) \u2013 also Ger\u00e4te zur Abfertigung der Luftfahrzeuge. Flugzeugenteiser sind gew\u00f6hnlich benutzte Ger\u00e4te zur Entfernung des Eises vom Flugzeug. Die Aufgabe dieser Ger\u00e4te ist Entfernung von Schnee, Eis und Raureif vom Flugzeug, dabei werden chemische Mittel verwendet, die nicht nur auf Entfernung von diesen Substanzen wirken sondern auch auf Vorbeugung ihrer Ablagerung f\u00fcr bestimmte Zeit. Eis, Schnee und Raureif vermindern die Flugeigenschaften des Flugzeugs, denn sie bilden unebene Fl\u00e4che und beintr\u00e4chtigen die Aerodynamik was im schlimmsten Falle zum einen Absturz f\u00fchren kann. Gr\u00f6\u00dfere Eist\u00fccke k\u00f6nnen sogar Motor oder den Propeller schlagen, was auch gef\u00e4hrlich ist. Deshalb wird das Enteisen nur dann ausgef\u00fchrt, wenn das Flugzeug im Stand ist, Enteisen wird auch vorbeugend durchgef\u00fchrt, damit Luftschiff w\u00e4hrend des Flugs in bestimmten Temperaturen nicht vereist. Die Enteisung wird mit entsprechenden technischen Mitteln ausgef\u00fchrt \u2013 dazu dienen die Mischung aus Glykol und Wasser erzeugenden Ger\u00e4te oder anderen Mittel mit Enteisungseigenschaften, die von Mitarbeitern auf Hubarbeitsb\u00fchnen verwendet werden. Die letzten werden von Mitarbeitern mit entsprechenden Berechtigungen bedient. Den Kursteilnehmern vom Flughafenpersonal wird Wissen bez\u00fcglich Bedienung der Ger\u00e4te im Enteisungsprozess und Arbeitsschutz \u00fcbermittelt. Der Kurs umfasst auch praktischen Teil. Kurs wird von unseren erfahrenen Kursleitern durchgef\u00fchrt. Die Kurse werden in abgemachten Terminen in unseren Zentren realisiert. Die Kurse werden auch f\u00fcr Flugzeugh\u00e4fen als geschlossen gebucht. Wir laden Sie ein, [&hellip;]<\/p>\n","protected":false},"author":1,"featured_media":0,"parent":1973,"menu_order":0,"comment_status":"closed","ping_status":"closed","template":"","meta":{"sfsi_plus_gutenberg_text_before_share":"","sfsi_plus_gutenberg_show_text_before_share":"","sfsi_plus_gutenberg_icon_type":"","sfsi_plus_gutenberg_icon_alignemt":"","sfsi_plus_gutenburg_max_per_row":"","footnotes":""},"class_list":["post-1981","page","type-page","status-publish","hentry","has_no_thumb"],"aioseo_notices":[],"_links":{"self":[{"href":"https:\/\/kursy-udt.pl\/ua\/wp-json\/wp\/v2\/pages\/1981","targetHints":{"allow":["GET"]}}],"collection":[{"href":"https:\/\/kursy-udt.pl\/ua\/wp-json\/wp\/v2\/pages"}],"about":[{"href":"https:\/\/kursy-udt.pl\/ua\/wp-json\/wp\/v2\/types\/page"}],"author":[{"embeddable":true,"href":"https:\/\/kursy-udt.pl\/ua\/wp-json\/wp\/v2\/users\/1"}],"replies":[{"embeddable":true,"href":"https:\/\/kursy-udt.pl\/ua\/wp-json\/wp\/v2\/comments?post=1981"}],"version-history":[{"count":2,"href":"https:\/\/kursy-udt.pl\/ua\/wp-json\/wp\/v2\/pages\/1981\/revisions"}],"predecessor-version":[{"id":2088,"href":"https:\/\/kursy-udt.pl\/ua\/wp-json\/wp\/v2\/pages\/1981\/revisions\/2088"}],"up":[{"embeddable":true,"href":"https:\/\/kursy-udt.pl\/ua\/wp-json\/wp\/v2\/pages\/1973"}],"wp:attachment":[{"href":"https:\/\/kursy-udt.pl\/ua\/wp-json\/wp\/v2\/media?parent=1981"}],"curies":[{"name":"wp","href":"https:\/\/api.w.org\/{rel}","templated":true}]}}