{"id":1958,"date":"2016-03-07T21:02:23","date_gmt":"2016-03-07T21:02:23","guid":{"rendered":"http:\/\/kursy-udt.pl\/?page_id=1958"},"modified":"2016-03-11T08:22:40","modified_gmt":"2016-03-11T08:22:40","slug":"aufbau","status":"publish","type":"page","link":"https:\/\/kursy-udt.de\/ua\/fachkurse\/bereich-der-gabelstapler\/aufbau\/","title":{"rendered":"Aufbau des Gabelstaplers"},"content":{"rendered":"<div style=\"float:left; padding-right:10px;\"><img decoding=\"async\" src=\"\/wp-content\/uploads\/2014\/08\/mbud.jpg\" alt=\"\"><\/div>\n<div class=\"wyjustuj\">Kurse im Bereich der Gabelstapler umfassen alle unentbehrlichen Informationen bez\u00fcglich Arbeitsstelle als Gabelstaplerfahrer, auch Bestandteile eines Gabelstaplers. <\/p>\n<p><strong>Die Hauptbestandteile eines Gabelstaplers sind:<\/strong><\/p>\n<ul>\n<li>Rahmen - aus entsprechend geformtem Stahl<\/li>\n<li>Fahrwerk - meistens drei oder vier R\u00e4der, je nach Art des Gabelstaplers <\/li>\n<li>Motor - \u00fcberwiegend werden Niederdruckmotoren angewendet, wo Kraftstoff LPG, Benzin ist, andere angewendete Motoren sind Hochdruckmotoren (Diesel), \u00fcblich sind auch Elektro-, und Batteriemotoren  <\/li>\n<li>Gegengewicht - das Hauptziel dieses Teils ist entsprechende Last des Fahrzeugs beim Transport der Ladungen, \u00fcblicherweise ein Stahlblock, befestigt an Hinterseite des Fahrzeugs<\/li>\n<li>Hubmast - vertikal, vorne am Fahrzeug eingebauter Teil, l\u00e4sst Hochheben, Absenken und Neigung der Beladung ausf\u00fchren<\/li>\n<li>Gabel - ist L-f\u00f6rmig, wird vertikal durch Hubkette bewegt, Gabel kann auch durch anderes Ger\u00fcst ersetzt werden, das zB zum Transport von Kartons oder F\u00e4sser angepasst ist<\/li>\n<li>Au\u00dferrahmen - Frontplatte des Fahrzeugs, eingebaut am Hubmast, am Au\u00dfenrahmen ist Gabel und Schutzgitter befestig<\/li>\n<li>Schutzgitter - beugt dem Abrutschen der transportierten Ladungen vor<\/li>\n<li>Fahrerschutzdach - sch\u00fctzt den Gabelstaplerfahrer vor von oben herunter fallenden Gegenst\u00e4nden <\/li>\n<li>Fahrerkabine - dient der Steuerung des Fahrzeugs - ihrer Hauptbestendteile sind Lenkrad, Pedale, Hebel zur Steuerung des ganzen Fahrzeugs. Kabine ist zwar ge\u00f6ffnet, sie ist aber auf diese Weise bebaut, damit es Raufallen des Fahrers verhindert <\/li>\n<\/ul>\n<p>\u0421\u0442\u0435\u043f\u043b\u0435\u0440 k\u00f6nnen auch mit verschiedenen Elementen, je nach ihrer Nutzung ausgestattet sein. Schlepperstapler sind mit keiner Fahrerkabine ausgestattet. Die Ausladung kann f\u00fcr das Hochheben der schweren Ladungen auf h\u00f6here Fl\u00e4chen geeignet sein. <\/p>\n<p>Kurse im Bereich der Gabelstapler fokussieren Informationen bez\u00fcglich verschiedener Arten der Stapler, darunter Schlepper-, Hochhubstapler, mit Fahrersitz, ferngesteuert und mit Elektro-, Benzin-, Dieselmotoren. <\/p><\/div>\n<div class=\"button_styl\" style=\"float:right; padding-left:15px; padding-bottom:8px; margin-bottom:5px;\"><a href=\"https:\/\/platformaedukacji.pl\/login\/signup.php\" rel=\"nofollow\" target=\"_blank\" class=\"myButton myButton_maly\"><font color=\"white\">am Teilnehmen \u043a\u0443\u0440\u0441<\/font><\/a><\/div>","protected":false},"excerpt":{"rendered":"<p>Kurse im Bereich der Gabelstapler umfassen alle unentbehrlichen Informationen bez\u00fcglich Arbeitsstelle als Gabelstaplerfahrer, auch Bestandteile eines Gabelstaplers. Die Hauptbestandteile eines Gabelstaplers sind: Rahmen \u2013 aus entsprechend geformtem Stahl Fahrwerk \u2013 meistens drei oder vier R\u00e4der, je nach Art des Gabelstaplers Motor \u2013 \u00fcberwiegend werden Niederdruckmotoren angewendet, wo Kraftstoff LPG, Benzin ist, andere angewendete Motoren sind Hochdruckmotoren (Diesel), \u00fcblich sind auch Elektro-, und Batteriemotoren Gegengewicht \u2013 das Hauptziel dieses Teils ist entsprechende Last des Fahrzeugs beim Transport der Ladungen, \u00fcblicherweise ein Stahlblock, befestigt an Hinterseite des Fahrzeugs Hubmast \u2013 vertikal, vorne am Fahrzeug eingebauter Teil, l\u00e4sst Hochheben, Absenken und Neigung der Beladung ausf\u00fchren Gabel \u2013 ist L-f\u00f6rmig, wird vertikal durch Hubkette bewegt, Gabel kann auch durch anderes Ger\u00fcst ersetzt werden, das z.B. zum Transport von Kartons oder F\u00e4sser angepasst ist Au\u00dferrahmen \u2013 Frontplatte des Fahrzeugs, eingebaut am Hubmast, am Au\u00dfenrahmen ist Gabel und Schutzgitter befestig Schutzgitter \u2013 beugt dem Abrutschen der transportierten Ladungen vor Fahrerschutzdach \u2013 sch\u00fctzt den Gabelstaplerfahrer vor von oben herunter fallenden Gegenst\u00e4nden Fahrerkabine \u2013 dient der Steuerung des Fahrzeugs \u2013 ihrer Hauptbestendteile sind Lenkrad, Pedale, Hebel zur Steuerung des ganzen Fahrzeugs. Kabine ist zwar ge\u00f6ffnet, sie ist aber auf diese Weise bebaut, damit es Raufallen des Fahrers verhindert Stapler k\u00f6nnen auch mit verschiedenen Elementen, je nach ihrer Nutzung ausgestattet sein. Schlepperstapler sind mit keiner Fahrerkabine ausgestattet. Die Ausladung kann f\u00fcr das Hochheben der schweren Ladungen auf h\u00f6here Fl\u00e4chen geeignet sein. Kurse im Bereich der Gabelstapler fokussieren Informationen bez\u00fcglich verschiedener Arten der Stapler, darunter Schlepper-, Hochhubstapler, mit Fahrersitz, ferngesteuert und mit Elektro-, Benzin-, Dieselmotoren. [&hellip;]<\/p>\n","protected":false},"author":1,"featured_media":0,"parent":1943,"menu_order":3,"comment_status":"closed","ping_status":"closed","template":"","meta":{"sfsi_plus_gutenberg_text_before_share":"","sfsi_plus_gutenberg_show_text_before_share":"","sfsi_plus_gutenberg_icon_type":"","sfsi_plus_gutenberg_icon_alignemt":"","sfsi_plus_gutenburg_max_per_row":"","footnotes":""},"class_list":["post-1958","page","type-page","status-publish","hentry","has_thumb"],"aioseo_notices":[],"_links":{"self":[{"href":"https:\/\/kursy-udt.pl\/ua\/wp-json\/wp\/v2\/pages\/1958","targetHints":{"allow":["GET"]}}],"collection":[{"href":"https:\/\/kursy-udt.pl\/ua\/wp-json\/wp\/v2\/pages"}],"about":[{"href":"https:\/\/kursy-udt.pl\/ua\/wp-json\/wp\/v2\/types\/page"}],"author":[{"embeddable":true,"href":"https:\/\/kursy-udt.pl\/ua\/wp-json\/wp\/v2\/users\/1"}],"replies":[{"embeddable":true,"href":"https:\/\/kursy-udt.pl\/ua\/wp-json\/wp\/v2\/comments?post=1958"}],"version-history":[{"count":3,"href":"https:\/\/kursy-udt.pl\/ua\/wp-json\/wp\/v2\/pages\/1958\/revisions"}],"predecessor-version":[{"id":2072,"href":"https:\/\/kursy-udt.pl\/ua\/wp-json\/wp\/v2\/pages\/1958\/revisions\/2072"}],"up":[{"embeddable":true,"href":"https:\/\/kursy-udt.pl\/ua\/wp-json\/wp\/v2\/pages\/1943"}],"wp:attachment":[{"href":"https:\/\/kursy-udt.pl\/ua\/wp-json\/wp\/v2\/media?parent=1958"}],"curies":[{"name":"wp","href":"https:\/\/api.w.org\/{rel}","templated":true}]}}