{"id":1954,"date":"2016-03-07T21:01:26","date_gmt":"2016-03-07T21:01:26","guid":{"rendered":"http:\/\/kursy-udt.pl\/?page_id=1954"},"modified":"2016-03-11T08:22:10","modified_gmt":"2016-03-11T08:22:10","slug":"sicherheit","status":"publish","type":"page","link":"https:\/\/kursy-udt.de\/ua\/fachkurse\/bereich-der-gabelstapler\/sicherheit\/","title":{"rendered":"Sicherheit bei Lenkung des Gabelstaplers"},"content":{"rendered":"<div style=\"float:left; padding-right:10px;\"><img decoding=\"async\" src=\"\/wp-content\/uploads\/2014\/08\/mbezp.jpg\" alt=\"\"><\/div>\n<div class=\"wyjustuj\">Das Hauptziel des Kurses im Bereich der Gabelstapler ist richtige entsprechende Bedienung als Gabelstaplerfahrer. Jeder solcher Kurs, au\u00dfer Informationen bez\u00fcglich Aufbau, Lenkung und Umgang mit Ladung des Fahrzeugs umfasst auch Informationen bez\u00fcglich Sicherheit und Arbeitschutz. Soll die Arbeitsstelle Bedingung der Gabelstapler betreffen, so ist dieser Erforderlich course. <\/p>\n<p>Damit Gabelstapler zur Arbeit zugelassen werden k\u00f6nnen, m\u00fcssen zuerst bestimmte technische Bedingungen erf\u00fcllen. Technische Parameter des Fahrzeugs sind vom Typenschild zu entnehmen, das sich auf dem Fahrzeug befinden sollte. Zus\u00e4tzlich umfassen die Informationen das Tragkraftdiagramm des Fahrzeugs, wo H\u00f6hen des Hochhebens und Verteilung der Ladung auf Gabeln angegeben sind.<\/p>\n<p>Damit das Ger\u00e4t bedient werden kann, sind Berechtigungen im Bereich der Gabelstapler erforderlich. Bescheinigungen werden von Technischer Aufsichtsbeh\u00f6rde ausgestellt. Dar\u00fcber hinaus erforderlich sind psychotechnische Untersuchungen und Bescheinigung wegen keiner Gegenanzeigen zur Aus\u00fcbung des Berufs als Gabelstaplerfahrer. <\/p>\n<p><strong>Untersagtes Verfahren bei Bedienung des Gabelstaplers:<\/strong><\/p>\n<ul>\n<li>Lenkung des Fahrzeugs unter dem Einfluss vom Alkohol und Rauschmittel und beim anderen Unwohlsein<\/li>\n<li>zweckwidrige Nutzung des Fahrzeugs <\/li>\n<li>\u00dcberladung des Fahrzeugs<\/li>\n<li>pl\u00f6tzliche Beschleunigung und Bremsen, Fahrt mit hoher Geschwindigkeit <\/li>\n<li>Transport der Menschen auf Gabeln <\/li>\n<li>Fahrt auf der Schr\u00e4gfl\u00e4che im Leerlauf oder mit ausgeschaltetem Motor<\/li>\n<li>Verlassen des Fahrzeugs mit angesprungen Motor<\/li>\n<li>Fahrt un\u00fcbereinstimmend mit Sicherheitsgrunds\u00e4tzen<\/li>\n<li>Fahrt durch Erhebungen und Neigungen anders als nach technischen Daten vorgef\u00fchrt<\/li>\n<li>Durchgang oder Stehen unter der hochgehobenen Gabeln<\/li>\n<li>\u00dcberlassen der Ladung auf hochgehobenen Gabeln<\/li>\n<li>Nutzung des Hubmastes w\u00e4hrend der Fahrt durch Kurven<\/li>\n<li>Selbstst\u00e4ndige Reparaturen und Verbesserungen des Fahrzeugs<\/li>\n<li>Beseitigung der Schutzhauben<\/li>\n<li>Prallen mit dem Fahrzeug gegen andere Objekte<\/li>\n<li>Fahrt auf ungeeigneten Fl\u00e4chen <\/li>\n<li>Rauchen und Feuernutzung<\/li>\n<li>Arbeit mit glatten Schuhen oder glatten H\u00e4nden<\/li>\n<li>Bedienung des Fahrzeugs ohne entsprechende Berechtigungen<\/li>\n<\/ul>\n<\/div>\n<div class=\"button_styl\" style=\"float:right; padding-left:15px; padding-bottom:8px; margin-bottom:5px;\"><a href=\"https:\/\/platformaedukacji.pl\/login\/signup.php\" rel=\"nofollow\" target=\"_blank\" class=\"myButton myButton_maly\"><font color=\"white\">am Teilnehmen \u043a\u0443\u0440\u0441<\/font><\/a><\/div>","protected":false},"excerpt":{"rendered":"<p>Das Hauptziel des Kurses im Bereich der Gabelstapler ist richtige entsprechende Bedienung als Gabelstaplerfahrer. Jeder solcher Kurs, au\u00dfer Informationen bez\u00fcglich Aufbau, Lenkung und Umgang mit Ladung des Fahrzeugs umfasst auch Informationen bez\u00fcglich Sicherheit und Arbeitschutz. Soll die Arbeitsstelle Bedingung der Gabelstapler betreffen, so ist dieser Kurs erforderlich. Damit Gabelstapler zur Arbeit zugelassen werden k\u00f6nnen, m\u00fcssen zuerst bestimmte technische Bedingungen erf\u00fcllen. Technische Parameter des Fahrzeugs sind vom Typenschild zu entnehmen, das sich auf dem Fahrzeug befinden sollte. Zus\u00e4tzlich umfassen die Informationen das Tragkraftdiagramm des Fahrzeugs, wo H\u00f6hen des Hochhebens und Verteilung der Ladung auf Gabeln angegeben sind. Damit das Ger\u00e4t bedient werden kann, sind Berechtigungen im Bereich der Gabelstapler erforderlich. Bescheinigungen werden von Technischer Aufsichtsbeh\u00f6rde ausgestellt. Dar\u00fcber hinaus erforderlich sind psychotechnische Untersuchungen und Bescheinigung wegen keiner Gegenanzeigen zur Aus\u00fcbung des Berufs als Gabelstaplerfahrer. Untersagtes Verfahren bei Bedienung des Gabelstaplers: Lenkung des Fahrzeugs unter dem Einfluss vom Alkohol und Rauschmittel und beim anderen Unwohlsein zweckwidrige Nutzung des Fahrzeugs \u00dcberladung des Fahrzeugs pl\u00f6tzliche Beschleunigung und Bremsen, Fahrt mit hoher Geschwindigkeit Transport der Menschen auf Gabeln Fahrt auf der Schr\u00e4gfl\u00e4che im Leerlauf oder mit ausgeschaltetem Motor Verlassen des Fahrzeugs mit angesprungenen Motor Fahrt un\u00fcbereinstimmend mit Sicherheitsgrunds\u00e4tzen Fahrt durch Erhebungen und Neigungen anders als nach technischen Daten vorgef\u00fchrt Durchgang oder Stehen unter der hochgehobenen Gabeln \u00dcberlassen der Ladung auf hochgehobenen Gabeln Nutzung des Hubmastes w\u00e4hrend der Fahrt durch Kurven Selbstst\u00e4ndige Reparaturen und Verbesserungen des Fahrzeugs Beseitigung der Schutzhauben Prallen mit dem Fahrzeug gegen andere Objekte Fahrt auf ungeeigneten Fl\u00e4chen Rauchen und Feuernutzung Arbeit mit glatten Schuhen oder glatten H\u00e4nden Bedienung [&hellip;]<\/p>\n","protected":false},"author":1,"featured_media":0,"parent":1943,"menu_order":2,"comment_status":"closed","ping_status":"closed","template":"","meta":{"sfsi_plus_gutenberg_text_before_share":"","sfsi_plus_gutenberg_show_text_before_share":"","sfsi_plus_gutenberg_icon_type":"","sfsi_plus_gutenberg_icon_alignemt":"","sfsi_plus_gutenburg_max_per_row":"","footnotes":""},"class_list":["post-1954","page","type-page","status-publish","hentry","has_thumb"],"aioseo_notices":[],"_links":{"self":[{"href":"https:\/\/kursy-udt.pl\/ua\/wp-json\/wp\/v2\/pages\/1954","targetHints":{"allow":["GET"]}}],"collection":[{"href":"https:\/\/kursy-udt.pl\/ua\/wp-json\/wp\/v2\/pages"}],"about":[{"href":"https:\/\/kursy-udt.pl\/ua\/wp-json\/wp\/v2\/types\/page"}],"author":[{"embeddable":true,"href":"https:\/\/kursy-udt.pl\/ua\/wp-json\/wp\/v2\/users\/1"}],"replies":[{"embeddable":true,"href":"https:\/\/kursy-udt.pl\/ua\/wp-json\/wp\/v2\/comments?post=1954"}],"version-history":[{"count":3,"href":"https:\/\/kursy-udt.pl\/ua\/wp-json\/wp\/v2\/pages\/1954\/revisions"}],"predecessor-version":[{"id":2069,"href":"https:\/\/kursy-udt.pl\/ua\/wp-json\/wp\/v2\/pages\/1954\/revisions\/2069"}],"up":[{"embeddable":true,"href":"https:\/\/kursy-udt.pl\/ua\/wp-json\/wp\/v2\/pages\/1943"}],"wp:attachment":[{"href":"https:\/\/kursy-udt.pl\/ua\/wp-json\/wp\/v2\/media?parent=1954"}],"curies":[{"name":"wp","href":"https:\/\/api.w.org\/{rel}","templated":true}]}}