{"id":1935,"date":"2016-03-07T20:55:47","date_gmt":"2016-03-07T20:55:47","guid":{"rendered":"http:\/\/kursy-udt.pl\/?page_id=1935"},"modified":"2016-03-11T08:19:44","modified_gmt":"2016-03-11T08:19:44","slug":"%d0%bf%d1%96%d1%81%d0%bb%d1%8f-%d0%b7%d0%b0%d0%ba%d1%96%d0%bd%d1%87%d0%b5%d0%bd%d0%bd%d1%8f-%d1%80%d0%be%d0%b1%d0%be%d1%82%d0%b8","status":"publish","type":"page","link":"https:\/\/kursy-udt.de\/ua\/fachkurse\/bereich-der-laufkrane\/nach-beendigung-der-arbeit\/","title":{"rendered":"Nach Beendigung der Arbeit"},"content":{"rendered":"<div style=\"float: left; padding-right: 10px;\"><img decoding=\"async\" alt=\"\" src=\"\/wp-content\/uploads\/2014\/08\/po-pracy_m.jpg\" \/><\/div>\n<h3>Verfahren nach Beendigung der Arbeit mit dem Laufkran<\/h3>\n<p>W\u00e4hrend der Arbeit mit Laufkr\u00e4nen wichtig sind nicht nur Vorbereitung und entsprechendes F\u00fchrens des Ger\u00e4tes aber auch s\u00e4mtliche T\u00e4tigkeiten, wenn die Arbeit vom berechtigten Mitarbeiter beendet ist.  <\/p>\n<p>Alle unten angef\u00fchrten T\u00e4tigkeiten sind die Verpflichtung des Laufkranfahrers und ihre Vers\u00e4umung kann die Ursache der ernsthaften Unf\u00e4lle bei der Arbeit sein. Beachtung der Arbeitsschutzvorschriften bei Laufkran-Arbeitsstelle ist wesentlich, denn Ma\u00dfe und Gewicht der \u00fcbertragenden Ladungen macht diese Arbeit besonders gef\u00e4hrlich.<\/p>\n<p><strong>Die wichtigsten T\u00e4tigkeiten nach beendigter Arbeit:<\/strong><\/p>\n<ul>\n<li>\u00dcberpr\u00fcfung, ob keine restlichen Ladungen mehr auf dem Transportger\u00e4t geblieben sind - soll der Fall sein, sollten sie, gem. Vorschriften in sicheren Platz abgelegt werden<\/li>\n<li>Transportger\u00e4t soll die entsprechende H\u00f6he erreichen, damit es Arbeit der Mitarbeiter und anderen Ger\u00e4te nicht verhindert - grunds\u00e4tzlich betr\u00e4gt die H\u00f6he ca. 2,5 \u043c, ist aber jedes Mal individuell, je nach Art des Ger\u00e4tes und Betrieb bestimmt<\/li>\n<li>das Ger\u00e4t soll in seinen Standplatz abgestellt werden, damit es die Arbeit der anderen Mitarbeiter und Ger\u00e4te nicht verhindert<\/li>\n<li>Not-Stopp-Schalter soll gedr\u00fcckt werden<\/li>\n<li>alle auf der Steuerung Steuerwerke sollten abgeschaltet werden<\/li>\n<li>Energieversorgung sollte mit dem Hauptenergieversorgungsschalter abgeschaltet werden<\/li>\n<li>Falls das Ger\u00e4t mit Windschutzbremsen ausgestattet ist, sollten die abgesichert werden<\/li>\n<li>falls das Ger\u00e4t mit Elektromagnet ausgestattet ist, sollte er auf den Boden abgesenkt werden<\/li>\n<li>vor dem Verlassen der Arbeitsstelle sollte das Ger\u00e4t visuell wegen eventueller mechanischer Besch\u00e4digungen bzw. Ausflie\u00dfen der Fl\u00fcssigkeiten nachgepr\u00fcft werden<\/li>\n<li>Ger\u00e4t sollte vor Dritten abgesichert werden, dadurch wird unbefugte Anspruchsnahme verhindert<\/li>\n<li>falls eventuelle Defekte am Ger\u00e4t feststellbar sind, sollte es unverz\u00fcglich dem Vorgesetzten oder anderen bedienenden Mitarbeitern, wenn das m\u00f6glich ist, gemeldet werden<\/li>\n<li>gegen Schichtende sollte der Eintrag in das Nutzungsbuch vorgenommen werden, was zugleich mit \u00dcbergabe des Ger\u00e4tes verbunden ist<\/li>\n<\/ul>\n<p>Zu bemerken ist, dass der \u00fcbergebende Laufkranfahrer durch seine Schicht dem n\u00e4chsten den Laufkran \u00fcbergipt, falls das nicht m\u00f6glich ist, darf der Laufkranfahrer die Arbeitsstelle erst nach Zustimmung des Vorgesetzten verlassen. <\/p>\n<p>Indem Sie sich f\u00fcr Course im Bereich der Laufkr\u00e4ne im unseren Bildungszentrum ERGON entscheiden, \u00fcbermitteln wir Ihnen alle Schl\u00fcsselinformationen bez\u00fcglich dieser Ger\u00e4te. Unsere Kursleiter \u00fcbermitteln Ihnen nicht nur theoretisches Wissen, aber auch wertvolle Praxis, wobei Sie bei diesem Kursteil das Ger\u00e4t anwenden. W\u00e4hrend der praktischen \u00dcbungen erfahren Sie genau alle Prozeduren, die sowohl vor, w\u00e4hrend als auch nach der Arbeit erfolgen sollten. Wir laden Sie ein! <\/p>","protected":false},"excerpt":{"rendered":"<p>Verfahren nach Beendigung der Arbeit mit dem Laufkran W\u00e4hrend der Arbeit mit Laufkr\u00e4nen wichtig sind nicht nur Vorbereitung und entsprechendes F\u00fchrens des Ger\u00e4tes aber auch s\u00e4mtliche T\u00e4tigkeiten, wenn die Arbeit vom berechtigten Mitarbeiter beendet ist. Alle unten angef\u00fchrten T\u00e4tigkeiten sind die Verpflichtung des Laufkranfahrers und ihre Vers\u00e4umung kann die Ursache der ernsthaften Unf\u00e4lle bei der Arbeit sein. Beachtung der Arbeitsschutzvorschriften bei Laufkran-Arbeitsstelle ist wesentlich, denn Ma\u00dfe und Gewicht der \u00fcbertragenden Ladungen macht diese Arbeit besonders gef\u00e4hrlich. Die wichtigsten T\u00e4tigkeiten nach beendigter Arbeit: \u00dcberpr\u00fcfung, ob keine restlichen Ladungen mehr auf dem Transportger\u00e4t geblieben sind \u2013 soll der Fall sein, so sollten sie, gem. Vorschriften in sicheren Platz abgelegt werden Transportger\u00e4t soll die entsprechende H\u00f6he erreichen, damit es Arbeit der Mitarbeiter und anderen Ger\u00e4te nicht verhindert \u2013 grunds\u00e4tzlich betr\u00e4gt die H\u00f6he ca. 2,5 m, ist aber jedes Mal individuell, je nach Art des Ger\u00e4tes und Betrieb bestimmt das Ger\u00e4t soll in seinen Standplatz abgestellt werden, damit es die Arbeit der anderen Mitarbeiter und Ger\u00e4te nicht verhindert Not-Stopp-Schalter soll gedr\u00fcckt werden alle auf der Steuerung Steuerwerke sollten abgeschaltet werden Energieversorgung sollte mit dem Hauptenergieversorgungsschalter abgeschaltet werden falls das Ger\u00e4t mit Windschutzbremsen ausgestattet ist, sollten die abgesichert werden falls das Ger\u00e4t mit Elektromagnet ausgestattet ist, sollte er auf den Boden abgesenkt werden vor dem Verlassen der Arbeitsstelle sollte das Ger\u00e4t visuell wegen eventueller mechanischer Besch\u00e4digungen bzw. Ausflie\u00dfen der Fl\u00fcssigkeiten nachgepr\u00fcft werden Ger\u00e4t sollte vor Dritten abgesichert werden, dadurch wird unbefugte Anspruchsnahme verhindert falls eventuelle Defekte am Ger\u00e4t feststellbar sind, sollte es unverz\u00fcglich dem Vorgesetzten oder anderen bedienenden Mitarbeitern, wenn [&hellip;]<\/p>\n","protected":false},"author":1,"featured_media":0,"parent":1922,"menu_order":8,"comment_status":"closed","ping_status":"closed","template":"","meta":{"sfsi_plus_gutenberg_text_before_share":"","sfsi_plus_gutenberg_show_text_before_share":"","sfsi_plus_gutenberg_icon_type":"","sfsi_plus_gutenberg_icon_alignemt":"","sfsi_plus_gutenburg_max_per_row":"","footnotes":""},"class_list":["post-1935","page","type-page","status-publish","hentry","has_thumb"],"aioseo_notices":[],"_links":{"self":[{"href":"https:\/\/kursy-udt.pl\/ua\/wp-json\/wp\/v2\/pages\/1935","targetHints":{"allow":["GET"]}}],"collection":[{"href":"https:\/\/kursy-udt.pl\/ua\/wp-json\/wp\/v2\/pages"}],"about":[{"href":"https:\/\/kursy-udt.pl\/ua\/wp-json\/wp\/v2\/types\/page"}],"author":[{"embeddable":true,"href":"https:\/\/kursy-udt.pl\/ua\/wp-json\/wp\/v2\/users\/1"}],"replies":[{"embeddable":true,"href":"https:\/\/kursy-udt.pl\/ua\/wp-json\/wp\/v2\/comments?post=1935"}],"version-history":[{"count":2,"href":"https:\/\/kursy-udt.pl\/ua\/wp-json\/wp\/v2\/pages\/1935\/revisions"}],"predecessor-version":[{"id":2057,"href":"https:\/\/kursy-udt.pl\/ua\/wp-json\/wp\/v2\/pages\/1935\/revisions\/2057"}],"up":[{"embeddable":true,"href":"https:\/\/kursy-udt.pl\/ua\/wp-json\/wp\/v2\/pages\/1922"}],"wp:attachment":[{"href":"https:\/\/kursy-udt.pl\/ua\/wp-json\/wp\/v2\/media?parent=1935"}],"curies":[{"name":"wp","href":"https:\/\/api.w.org\/{rel}","templated":true}]}}