{"id":1932,"date":"2016-03-07T20:55:16","date_gmt":"2016-03-07T20:55:16","guid":{"rendered":"http:\/\/kursy-udt.pl\/?page_id=1932"},"modified":"2016-03-11T08:18:32","modified_gmt":"2016-03-11T08:18:32","slug":"vorbereitungstatigkeiten","status":"publish","type":"page","link":"https:\/\/kursy-udt.de\/ua\/fachkurse\/bereich-der-laufkrane\/vorbereitungstatigkeiten\/","title":{"rendered":"Vorbereitungst\u00e4tigkeiten"},"content":{"rendered":"<div style=\"float: left; padding-right: 10px;\"><img decoding=\"async\" alt=\"\" src=\"\/wp-content\/uploads\/2014\/08\/przygotowanie_m.jpg\" \/><\/div>\n<h3>Verfahren vor dem Arbeitsbeginn mit Laufkran<\/h3>\n<p>Die erfolgreichste Methode um Risiko, dabei Arbeitsunf\u00e4lle zu minimieren ist es Kenntnisnahme der Prinzipien von Arbeitsschutz und ihre Beachtung. Diese T\u00e4tigkeiten m\u00fcssen sowohl vor als auch w\u00e4hrend und nach der beendeter Bedienung des Ger\u00e4tes ausgef\u00fchrt werden. Darunter schildern wir die wesentlichen T\u00e4tigkeiten vor dem Arbeitsbeginn. <\/p>\n<p>Vor dem Arbeitsbeginn jeder Laufkranfahrer ist verpflichtet, standardm\u00e4\u00dfige Kontrolle durchzuf\u00fchren. Das Ziel ist, sich und anderen Mitarbeitern Sicherheit an der Arbeitsstelle zu leisten. Derartige T\u00e4tigkeiten tr\u00e4gt jeder Course im Bereich der Laufkr\u00e4ne vor, deshalb jeder Mitarbeiter, nach dem durchgelaufenen Course sollte die T\u00e4tigkeiten pflegen. <\/p>\n<p><strong>Die wichtigsten Grunds\u00e4tze vor dem Arbeitsbeginn mit Laufkr\u00e4nen:<\/strong><\/p>\n<ul>\n<li>Arbeit mit dem Ger\u00e4t darf erst dann erfolgen, wenn das jeweilige Ger\u00e4t eine g\u00fcltige Nutzungszulassung von der Technischen Aufsichtsbeh\u00f6rde (UDT) hat<\/li>\n<li>bei der Nutzung des Ger\u00e4tes der Bedienende ist verpflichtet, alle Voraussetzungen des Arbeitsschutzes, darunter Anordnungen der Arbeitsstelle und Gebrauchsanleitung zu beachten<\/li>\n<li>Arbeiten mit dem Ger\u00e4t d\u00fcrfen nur von Mitarbeitern mit entsprechenden Berechtigungen ausgef\u00fchrt werden<\/li>\n<li>sollte der Mitarbeiter ersehen, dass das Ger\u00e4t defekt w\u00e4re, so sollte er das Ger\u00e4t sofort abschalten, danach unverz\u00fcglich den f\u00fcr technischen Zustand des Ger\u00e4tes Verantwortlichen benachrichtigen<\/li>\n<\/ul>\n<p><strong>Verfahren vor dem Arbeitsbeginn mit Laufkr\u00e4nen:<\/strong><\/p>\n<ul>\n<li>alle aktellen Informationen im Nutzungshandbuch, Gebrauchsanleitung oder \u00dcbergabeprotokoll bez\u00fcglich jeweiliges Ger\u00e4tes sollten in Kenntnis genommen werden<\/li>\n<li>es sollte nachgepr\u00fcft werden, ob das Ger\u00e4t sich in sicheren Position befindet und, ob sich im Bereich des Ger\u00e4tes keine Gegenst\u00e4nde beziehungsweise Mitarbeiter befinden, die eine potenzielle Bedrohung sein k\u00f6nnen<\/li>\n<li>Gewicht aller Ladungen, die \u00fcbertragen werden sollten, soll nachgepr\u00fcft werden, danach soll das Gewicht mit maximalen Leistungen des Ger\u00e4tes abgeglichen werden um Ladungslimit nicht zu \u00fcberschreiten<\/li>\n<li>Kommunikationszeichen sollten mit dem Anschl\u00e4ger abgemacht werden<\/li>\n<li>Beladungzielsplatz soll vorher nachgepr\u00fcft werden<\/li>\n<li>Durchsicht der Ger\u00e4te muss vorgenommen werden - es ist eine wesentliche Voraussetzung, die jedes Mal vor dem Arbeitsbeginn zu erf\u00fcllen ist<\/li>\n<\/ul>\n<p><strong>Bestandteile einer Durchsicht:<\/strong><\/p>\n<ul>\n<li>visuelle Kontrolle der Leistungsf\u00e4higkeit - \u00dcberpr\u00fcfung des Bereiches der Arbeitsstelle, technischen Zustandes des Ger\u00e4tes und seiner Elemente - in Hinsicht auf mechanische Defekte oder Ausflie\u00dfen, Rollr\u00e4der der Hebezug, Winde oder Kranbr\u00fccke, Seilangierh\u00e4tke, Seilangierh\u00e4fen na oblanus ger\u00e4bert na hinaus, dar\u00fcprist. gesperrt, bzw. betriebsunf\u00e4hig ist oder aktell der Wartung oder Durchsicht untersteht<\/li>\n<li>Kontrolle der einzelnen Sicherheitselemente - \u00dcberpr\u00fcfung der Leistungsf\u00e4higkeit von Hauptschalter, Steuerung der Reiterschiene, Warnmechanismen, Bewegungsblockierelemente, Steuerger\u00e4te, \u201eSTOP\u201c Verbindungsst\u00fccken, Brem\u00e4gutschl\u00e4nder, Trussverbindbindungen,. Zus\u00e4tzlich ist der Laufkranfahrer verpflichtet nachzupr\u00fcfen, ob das Ger\u00e4t sich nach Richtungen auf Steuerung bewegt<\/li>\n<li>Kontrolle der Leistungsf\u00e4higkeit der Antriebsmechanismen - hier ist eine Probefahrt vorgesehen <\/li>\n<\/ul>\n<p>Zu Schluss sollten die ausgef\u00fchrten Arbeiten in das Nutzungsbuch eingetragen werden.<\/p>","protected":false},"excerpt":{"rendered":"<p>Verfahren vor dem Arbeitsbeginn mit Laufkran Die erfolgreichste Methode um Risiko, dabei Arbeitsunf\u00e4lle zu minimieren ist es Kenntnisnahme der Prinzipien von Arbeitsschutz und ihre Beachtung. Diese T\u00e4tigkeiten m\u00fcssen sowohl vor als auch w\u00e4hrend und nach der beendeter Bedienung des Ger\u00e4tes ausgef\u00fchrt werden. Darunter schildern wir die wesentlichen T\u00e4tigkeiten vor dem Arbeitsbeginn. Vor dem Arbeitsbeginn jeder Laufkranfahrer ist verpflichtet, standardm\u00e4\u00dfige Kontrolle durchzuf\u00fchren. Das Ziel ist, sich und anderen Mitarbeitern Sicherheit an der Arbeitsstelle zu leisten. Derartige T\u00e4tigkeiten tr\u00e4gt jeder Kurs im Bereich der Laufkr\u00e4ne vor, deshalb jeder Mitarbeiter, nach dem durchgelaufenen Kurs sollte die T\u00e4tigkeiten pflegen. Die wichtigsten Grunds\u00e4tze vor dem Arbeitsbeginn mit Laufkr\u00e4nen: Arbeit mit dem Ger\u00e4t darf erst dann erfolgen, wenn das jeweilige Ger\u00e4t eine g\u00fcltige Nutzungszulassung von der Technischen Aufsichtsbeh\u00f6rde (UDT) hat bei der Nutzung des Ger\u00e4tes der Bedienende ist verpflichtet, alle Voraussetzungen des Arbeitsschutzes, darunter Anordnungen der Arbeitsstelle und Gebrauchsanleitung zu beachten Arbeiten mit dem Ger\u00e4t d\u00fcrfen nur von Mitarbeitern mit entsprechenden Berechtigungen ausgef\u00fchrt werden sollte der Mitarbeiter ersehen, dass das Ger\u00e4t defekt w\u00e4re, so sollte er das Ger\u00e4t sofort abschalten, danach unverz\u00fcglich den f\u00fcr technischen Zustand des Ger\u00e4tes Verantwortlichen benachrichtigen Verfahren vor dem Arbeitsbeginn mit Laufkr\u00e4nen: alle aktuellen Informationen im Nutzungshandbuch, Gebrauchsanleitung oder \u00dcbergabeprotokoll bez\u00fcglich jeweiliges Ger\u00e4tes sollten in Kenntnis genommen werden es sollte nachgepr\u00fcft werden, ob das Ger\u00e4t sich in sicheren Position befindet und, ob sich im Bereich des Ger\u00e4tes keine Gegenst\u00e4nde beziehungsweise Mitarbeiter befinden, die eine potenzielle Bedrohung sein k\u00f6nnen Gewicht aller Ladungen, die \u00fcbertragen werden sollten, soll nachgepr\u00fcft werden, danach soll das Gewicht mit maximalen Leistungen des Ger\u00e4tes [&hellip;]<\/p>\n","protected":false},"author":1,"featured_media":0,"parent":1922,"menu_order":7,"comment_status":"closed","ping_status":"closed","template":"","meta":{"sfsi_plus_gutenberg_text_before_share":"","sfsi_plus_gutenberg_show_text_before_share":"","sfsi_plus_gutenberg_icon_type":"","sfsi_plus_gutenberg_icon_alignemt":"","sfsi_plus_gutenburg_max_per_row":"","footnotes":""},"class_list":["post-1932","page","type-page","status-publish","hentry","has_thumb"],"aioseo_notices":[],"_links":{"self":[{"href":"https:\/\/kursy-udt.pl\/ua\/wp-json\/wp\/v2\/pages\/1932","targetHints":{"allow":["GET"]}}],"collection":[{"href":"https:\/\/kursy-udt.pl\/ua\/wp-json\/wp\/v2\/pages"}],"about":[{"href":"https:\/\/kursy-udt.pl\/ua\/wp-json\/wp\/v2\/types\/page"}],"author":[{"embeddable":true,"href":"https:\/\/kursy-udt.pl\/ua\/wp-json\/wp\/v2\/users\/1"}],"replies":[{"embeddable":true,"href":"https:\/\/kursy-udt.pl\/ua\/wp-json\/wp\/v2\/comments?post=1932"}],"version-history":[{"count":2,"href":"https:\/\/kursy-udt.pl\/ua\/wp-json\/wp\/v2\/pages\/1932\/revisions"}],"predecessor-version":[{"id":2053,"href":"https:\/\/kursy-udt.pl\/ua\/wp-json\/wp\/v2\/pages\/1932\/revisions\/2053"}],"up":[{"embeddable":true,"href":"https:\/\/kursy-udt.pl\/ua\/wp-json\/wp\/v2\/pages\/1922"}],"wp:attachment":[{"href":"https:\/\/kursy-udt.pl\/ua\/wp-json\/wp\/v2\/media?parent=1932"}],"curies":[{"name":"wp","href":"https:\/\/api.w.org\/{rel}","templated":true}]}}