{"id":1915,"date":"2016-03-07T20:51:30","date_gmt":"2016-03-07T20:51:30","guid":{"rendered":"http:\/\/kursy-udt.pl\/?page_id=1915"},"modified":"2016-03-11T08:15:38","modified_gmt":"2016-03-11T08:15:38","slug":"absicherung-der-ebene","status":"publish","type":"page","link":"https:\/\/kursy-udt.de\/ua\/fachkurse\/berech-arbeitsbuhnen\/absicherung-der-ebene\/","title":{"rendered":"Absicherung der Ebene"},"content":{"rendered":"<div style=\"float:left; padding-right:10px;\"><img decoding=\"async\" src=\"\/wp-content\/uploads\/2014\/08\/wypadek_m.jpg\" alt=\"\"><\/div>\n<h3>Vorbereitung der Ebene unter Arbeitsb\u00fchnen<\/h3>\n<p>Die Sicherung der entsprechenden Ebene zur Anwendung der Arbeitsb\u00fchnen ist ei Schl\u00fcsselfrage f\u00fcr Sicherheit der Mitarbeiter und ihrer Umgebung. Scheren-, Hub-, Selbstfahrarbeitsb\u00fchnen und Arbeitsb\u00fchnen anderer Art m\u00fcssen auf der entsprechenden Ebene genutzt. Alle Arbeitsb\u00fchnen (au\u00dfer H\u00e4ngearbeitsb\u00fchnen) sind vom Boden bedingt, auf dem sie st\u00fctzen. Wenn der stabil ist, so funktioniert auch das Ger\u00e4t sicher, was die Unf\u00e4lle vermeiden l\u00e4sst. Deshalb jeder Kurs im Bereich der Arbeitsb\u00fchnen umfasst Informationen bez\u00fcglich der Vorbereitung des Bodens unter der Arbeitsb\u00fchne.<\/p>\n<p>Gegenw\u00e4rtig benutzt werden Scheren-, Hub-, und andere Arbeitsb\u00fchnen, die f\u00fcr ung\u00fcnstigen Boden geeignet sind. Bevor immer eine Hub-, Scheren-, or S\u00e4ulen-Hebeb\u00fchne oder eine andere Art von Selbstfahrarbeitsb\u00fchne angewendet wird, muss vorher Nachpr\u00fcfung und Vorbereitung des Bodens erfolgen. Er ist nicht nur f\u00fcr Sicherheit der Arbeit verantwortlich, aber auch f\u00fcr Bequemlichkeit des Verschiebens des Ger\u00e4tes. <\/p>\n<p><strong>Bevor das Ger\u00e4t benutzt wird ist der Boden nachzupr\u00fcfen - dies erfolgt durch visuelle Controlle bis auf spezielle geotechnische Untersuchungen. Hier die am h\u00e4ufigigsten Bel\u00e4ge und Bedrohungen:<\/strong><\/p>\n<ul>\n<li>Mit Gras bewaschenes Gel\u00e4nde - die gr\u00f6sste Bedrohung ist hier das am Gew\u00e4sser vorkommende Gel\u00e4nde, wil der Boden vom Wasser untersp\u00fclt wird<\/li>\n<li>Str\u00e4nde - geringe Sanddichte und Einwirkung vom Wasser macht dieses Gel\u00e4nde ung\u00fcnstig <\/li>\n<li>Brachen - nicht sehbare Konstruktionen, Bedrohung sind hier nicht markierte Keller, Gr\u00e4ben<\/li>\n<li>gepflasterte und asphaltierte Fl\u00e4chen - sind grunds\u00e4tzlich sicher aber die Bodrohung sind here die Untersp\u00fclungen und Defekte der Fl\u00e4che, besonders die R\u00e4nder<\/li>\n<li>Stadtzentren - die Bedrohung sind Tunnel, Kan\u00e4le, Keller, Gullys, nicht voll bef\u00fcllte Gr\u00e4ben<\/li>\n<\/ul>\n<p>Es ist zu bemerken, auf Zustand der Fl\u00e4che au\u00dfen hat Einfluence das Wetter. Die lang vorkommenden Niederschl\u00e4ge sind die Ursache von Abrutschen und Untersp\u00fclung des Bodens. <\/p>\n<p>\u041d\u0435\u0437\u0430\u043b\u0435\u0436\u043d\u043e \u0432\u0456\u0434 \u043f\u043e\u0448\u043a\u043e\u0434\u0436\u0435\u043d\u044c \u043d\u0430 \u043a\u043e\u0440\u043f\u0443\u0441\u0456, \u043f\u0456\u0434 \u0437\u0430\u0445\u0438\u0441\u043d\u0438\u043c\u0438, \u0430\u0431\u043e \u0440\u043e\u0431\u043e\u0447\u0438\u043c\u0438, \u0430\u0431\u043e \u0456\u043d\u0448\u0438\u043c\u0438 \u043f\u0440\u0438\u0441\u0442\u0440\u043e\u044f\u043c\u0438 \u043c\u043e\u0436\u0443\u0442\u044c \u0431\u0443\u0442\u0438 \u0432\u0438\u043a\u043e\u0440\u0438\u0441\u0442\u0430\u043d\u0456 \u0441\u043f\u0435\u0446\u0456\u0430\u043b\u044c\u043d\u0456 \u043f\u043b\u0430\u0441\u0442\u0438\u043d\u0438. Die Platten wirken auf die Stabilit\u00e4t des Ger\u00e4tes und beugen den Besch\u00e4digungen vor.<\/p>\n<p><strong>Die wichtigsten Grunds\u00e4tze des Verlegens der Platten:<\/strong><\/p>\n<ul>\n<li>das Ger\u00e4t soll auf den Mittelpoint einstellt werden, soll nicht auf R\u00e4ndern der Platte platziert werden<\/li>\n<li>possible Bodenverluste sollen nachgef\u00fcllen werden z.b. wenn der Ger\u00e4t in Bodenabsenkung pliert wird<\/li>\n<li>das Ger\u00e4t darf nicht in der Stelle platziert werden, wo leere R\u00e4ume unter der Bodenfl\u00e4che vorgesehen<\/li>\n<li>Platten und Ger\u00e4te d\u00fcrfen in Stellen nicht platzierten, aus denen Materialen leicht untersp\u00fclten kannen, z.b. auf H\u00fcgeln<\/li>\n<\/ul>\n<p>Unser Kurs im Bereich der Hub-, und Scherenarbeitsb\u00fchnen und anderer Arten stellt Ihnen ausf\u00fchrlich alle Informationen dar, die mit sicherem Verlegen der Ger\u00e4te auf verschiedenen Ebenen verbunden ist. Ger\u00fcste, Scheren-, Hubarbeitsb\u00fchnen Warszawa - wir laden Sie ein, unser Angebot zu pr\u00fcfen!<\/p>","protected":false},"excerpt":{"rendered":"<p>Vorbereitung der Ebene unter Arbeitsb\u00fchnen Die Sicherung der entsprechenden Ebene zur Anwendung der Arbeitsb\u00fchnen ist ei Schl\u00fcsselfrage f\u00fcr Sicherheit der Mitarbeiter und ihrer Umgebung. Scheren-, Hub-, Selbstfahrarbeitsb\u00fchnen und Arbeitsb\u00fchnen anderer Art m\u00fcssen auf der entsprechenden Ebene genutzt werden. Alle Arbeitsb\u00fchnen (au\u00dfer H\u00e4ngearbeitsb\u00fchnen) sind vom Boden bedingt, auf dem sie st\u00fctzen. Wenn der stabil ist, so funktioniert auch das Ger\u00e4t sicher, was die Unf\u00e4lle vermeiden l\u00e4sst. Deshalb jeder Kurs im Bereich der Arbeitsb\u00fchnen umfasst Informationen bez\u00fcglich der Vorbereitung des Bodens unter der Arbeitsb\u00fchne. Gegenw\u00e4rtig benutzt werden Scheren-, Hub-, und andere Arbeitsb\u00fchnen, die f\u00fcr ung\u00fcnstigen Boden geeignet sind. Bevor immer eine Hub-, Scheren-, oder S\u00e4ulen-Hebeb\u00fchne oder eine andere Art von Selbstfahrarbeitsb\u00fchne angewendet wird, muss vorher Nachpr\u00fcfung und Vorbereitung des Bodens erfolgen. Er ist nicht nur f\u00fcr Sicherheit der Arbeit verantwortlich, aber auch f\u00fcr Bequemlichkeit des Verschiebens des Ger\u00e4tes. Bevor das Ger\u00e4t benutzt wird ist der Boden nachzupr\u00fcfen \u2013 dies erfolgt durch visuelle Kontrolle bis auf spezielle geotechnische Untersuchungen. Hier die am h\u00e4ufigsten Bel\u00e4ge und Bedrohungen: Mit Gras bewaschenes Gel\u00e4nde \u2013 die gr\u00f6\u00dfte Bedrohung ist hier das am Gew\u00e4sser vorkommende Gel\u00e4nde, weil der Boden vom Wasser untersp\u00fclt wird Str\u00e4nde \u2013 geringe Sanddichte und Einwirkung vom Wasser macht dieses Gel\u00e4nde ung\u00fcnstig Brachen \u2013 nicht sehbare Konstruktionen, Bedrohung sind hier nicht markierte Keller, Gr\u00e4ben gepflasterte und asphaltierte Fl\u00e4chen \u2013 sind grunds\u00e4tzlich sicher aber die Bodrohung sind hier die Untersp\u00fclungen und Defekte der Fl\u00e4che, besonders die R\u00e4nder Stadtzentren \u2013 die Bedrohung sind Tunnel, Kan\u00e4le, Keller, Gullys, nicht voll bef\u00fcllte Gr\u00e4ben Es ist zu bemerken, auf Zustand der Fl\u00e4che au\u00dfen hat Einfluss [&hellip;]<\/p>\n","protected":false},"author":1,"featured_media":0,"parent":1899,"menu_order":0,"comment_status":"closed","ping_status":"closed","template":"","meta":{"sfsi_plus_gutenberg_text_before_share":"","sfsi_plus_gutenberg_show_text_before_share":"","sfsi_plus_gutenberg_icon_type":"","sfsi_plus_gutenberg_icon_alignemt":"","sfsi_plus_gutenburg_max_per_row":"","footnotes":""},"class_list":["post-1915","page","type-page","status-publish","hentry","has_thumb"],"aioseo_notices":[],"_links":{"self":[{"href":"https:\/\/kursy-udt.pl\/ua\/wp-json\/wp\/v2\/pages\/1915","targetHints":{"allow":["GET"]}}],"collection":[{"href":"https:\/\/kursy-udt.pl\/ua\/wp-json\/wp\/v2\/pages"}],"about":[{"href":"https:\/\/kursy-udt.pl\/ua\/wp-json\/wp\/v2\/types\/page"}],"author":[{"embeddable":true,"href":"https:\/\/kursy-udt.pl\/ua\/wp-json\/wp\/v2\/users\/1"}],"replies":[{"embeddable":true,"href":"https:\/\/kursy-udt.pl\/ua\/wp-json\/wp\/v2\/comments?post=1915"}],"version-history":[{"count":3,"href":"https:\/\/kursy-udt.pl\/ua\/wp-json\/wp\/v2\/pages\/1915\/revisions"}],"predecessor-version":[{"id":2166,"href":"https:\/\/kursy-udt.pl\/ua\/wp-json\/wp\/v2\/pages\/1915\/revisions\/2166"}],"up":[{"embeddable":true,"href":"https:\/\/kursy-udt.pl\/ua\/wp-json\/wp\/v2\/pages\/1899"}],"wp:attachment":[{"href":"https:\/\/kursy-udt.pl\/ua\/wp-json\/wp\/v2\/media?parent=1915"}],"curies":[{"name":"wp","href":"https:\/\/api.w.org\/{rel}","templated":true}]}}