{"id":1895,"date":"2016-03-07T20:46:32","date_gmt":"2016-03-07T20:46:32","guid":{"rendered":"http:\/\/kursy-udt.pl\/?page_id=1895"},"modified":"2017-12-04T07:57:25","modified_gmt":"2017-12-04T07:57:25","slug":"%d0%ba%d0%be%d0%bd%d1%82%d0%b0%d0%ba%d1%82-3","status":"publish","type":"page","link":"https:\/\/kursy-udt.de\/ua\/kontakt-2\/","title":{"rendered":"\u043a\u043e\u043d\u0442\u0430\u043a\u0442"},"content":{"rendered":"<div class=\"wyjustuj\" style=\"margin-bottom: 20px;\">Wenn Sei Fragen haben oder andere Informationen ben\u00f6tigen, schicken Sie uns ein Mail oder erreichen Sie uns telefonisch - unsere Mitarbeiter stehen Ihnen gerne zur Verf\u00fcgung und beraten Sie auch gerne, indem Sie Einzelheiten unseres Angebotes mit Preisen darstellen.<br \/>\nF\u00fcr gr\u00f6\u00dfere Gruppen sind g\u00fcnstige Rabatte vorgesehen. Wir laden Sie ein, unsere Kurs-, Beratungs-, Einf\u00fchrungs-, Auditdienstleistungen in Anspruch zu nehmen!<\/div>\n<h3>Hauptabteilung:<\/h3>\n<div style=\"float: right; margin-right: 20px; width: 65%; margin-top: -1%; font-size: 80%; color: red;\"><span style=\"font-weight: bold; text-decoration: underline;\">Zufahrt:<\/span> Hauptabteilung Bildungszentrum Ergon befindet sich im Einkaufszentrum Galeria Gawra, erste Etage Raum 47 (Eingang von hinten, zweites Treppenhaus) damit Sie uns problemlos erreichen schlagen wir vor im Ihren Navi folgende Anschrift zu w\u00e4hlen:<br \/>\n\u0413\u0435\u0440\u043c\u0430\u043d 1-\u0441. Hinter Einkaufszentrum Gawra steht Ihnen Parkplatz zur Verf\u00fcgung.<br \/>\nWir laden ein!<\/div>\n<p>\u0432\u0443\u043b. Warszawska 58C Raum. 47<br \/>\n02-496 \u0412\u0430\u0440\u0448\u0430\u0432\u0430<br \/>\n\u0442\u0435\u043b.: +48 22 290 29 09<br \/>\n<script type=\"text\/javascript\">var srodek=\"o@k\"; document.write(\"biur\"); document.write(srodek+\"u\"); document.write(\"rsy-\"); document.write(\"udt.\"); document.write(\"pl\");<\/script><\/p>\n<h3>Regionalabteilungen:<\/h3>\n<div style=\"float: left; margin-right: 20px; width: 210px;\">\n<div style=\"font-weight: bold;\">Abteilung Bia\u0142ystok<\/div>\n<p>\u0432\u0443\u043b. \u041d\u043e\u0432\u0438\u0439 \u0441\u0432\u0456\u0442 9<br \/>\n15-453 \u0411\u0456\u043b\u043e\u0441\u0442\u043e\u043a<\/p>\n<\/div>\n<div style=\"float: left; margin-right: 20px; width: 210px;\">\n<div style=\"font-weight: bold;\">Abteilung Bielsko Bia\u0142a<\/div>\n<p>\u0432\u0443\u043b. \u0417\u0430\u0445\u0438\u0441\u043d\u0438\u043a\u0438 \u0412\u0435\u043d\u0433\u0435\u0440\u0441\u044c\u043a\u043e\u0457 \u0490\u0443\u0440\u043a\u0438<br \/>\n34-350 Wegierska G\u00f3rka<\/p>\n<\/div>\n<div style=\"float: left; margin-right: 20px; width: 210px;\">\n<div style=\"font-weight: bold;\">Abteilung Bydgoszcz<\/div>\n<p>\u0432\u0443\u043b. \u0421\u0442\u0430\u0440\u0438\u0439 \u043f\u043e\u0440\u0442 13<br \/>\n85-068 \u0411\u0438\u0434\u0433\u043e\u0449<\/p>\n<\/div>\n<div style=\"clear: both;\">\n<div style=\"float: left; margin-right: 20px; width: 210px;\">\n<div style=\"font-weight: bold;\">Abteilung Gda\u0144sk<\/div>\n<p>\u0432\u0443\u043b. \u041a\u043e\u043b\u043e\u0431\u0436\u0435\u0441\u044c\u043a\u0430 45<br \/>\n80-391 \u0413\u0434\u0430\u043d\u0441\u044c\u043a<\/p>\n<\/div>\n<div style=\"float: left; margin-right: 20px; width: 210px;\">\n<div style=\"font-weight: bold;\">Abteilung Gdynia<\/div>\n<p>\u0432\u0443\u043b. Zbo\u017cowa 7<br \/>\n81-020 \u0413\u0434\u0438\u043d\u044f<\/p>\n<\/div>\n<div style=\"float: left; margin-right: 20px; width: 210px;\">\n<div style=\"font-weight: bold;\">Abteilung Katowice (\u0421\u0456\u043b\u0435\u0437\u0456\u044f)<\/div>\n<p>\u0432\u0443\u043b. \u041a\u0456\u0439\u043e\u0432\u0441\u044c\u043a\u0430 51<br \/>\n40-754 \u041a\u0430\u0442\u043e\u0432\u0456\u0446\u0435<\/p>\n<\/div>\n<\/div>\n<div style=\"clear: both;\">\n<div style=\"float: left; margin-right: 20px; width: 210px;\">\n<div style=\"font-weight: bold;\">Abteilung Krakow (Kleinpolen)<\/div>\n<p>\u0432\u0443\u043b. Lepkowskiego 9\/23<br \/>\n31-423 \u041a\u0440\u0430\u043a\u0456\u0432<br \/>\n\u0442\u0435\u043b.: +48 12 626 67 09<\/p>\n<\/div>\n<div style=\"float: left; margin-right: 20px; width: 210px;\">\n<div style=\"font-weight: bold;\">Abteilung Lublin<\/div>\n<p>\u0432\u0443\u043b. \u041c\u0435\u043d\u0448\u0435 10<br \/>\n20-080 \u041b\u044e\u0431\u043b\u0456\u043d<\/p>\n<\/div>\n<div style=\"float: left; margin-right: 20px; width: 210px;\">\n<div style=\"font-weight: bold;\">Abteilung \u0141\u00f3d\u017a<\/div>\n<p>\u0432\u0443\u043b. Piotrowska 121<br \/>\n62-061 \u041b\u043e\u0434\u0437\u044c<\/p>\n<\/div>\n<\/div>\n<div style=\"clear: both;\">\n<div style=\"float: left; margin-right: 20px; width: 210px;\">\n<div style=\"font-weight: bold;\">Abteilung Pozna\u0144<\/div>\n<p>\u0432\u0443\u043b. \u0421\u0435\u043d\u043a\u0435\u0432\u0438\u0447\u0430 20<br \/>\n60-818 \u041f\u043e\u0437\u043d\u0430\u043d\u044c<\/p>\n<\/div>\n<div style=\"float: left; margin-right: 20px; width: 210px;\">\n<div style=\"font-weight: bold;\">Abteilung Szczecin<\/div>\n<p>\u0432\u0443\u043b. Rugia\u0144ska 71<br \/>\n71-653 \u0429\u0435\u0446\u0438\u043d<\/p>\n<\/div>\n<div style=\"float: left; margin-right: 20px; width: 210px;\">\n<div style=\"font-weight: bold;\">Abteilung Wroclaw<\/div>\n<p>\u0432\u0443\u043b. \u041f\u0430\u0440\u0442\u043d\u0438\u0446\u044c\u043a\u0430 32<br \/>\n53-031 \u0412\u0440\u043e\u0446\u043b\u0430\u0432<\/p>\n<\/div>\n<\/div>\n<div style=\"clear: both;\">\n<div style=\"margin-top: 50px; font-weight: bold;\">Sehen Sie, \u0437\u043d\u0430\u0454 Sie uns finden!<\/div>\n<p><iframe loading=\"lazy\" src=\"https:\/\/maps.google.pl\/maps?ie=UTF8&amp;cid=1316822299054705781&amp;q=Zak%C5%82ad+Doradztwa+Bezpiecze%C5%84stwa+Pracy+ERGON+-+O%C5%9Brodek+Doskonalenia+Kadr&amp;gl=PL&amp;hl=pl&amp;t=m&amp;ll=52.195416,20.864003&amp;spn=0.004604,0.010192&amp;z=16&amp;iwloc=A&amp;output=embed\" width=\"600\" height=\"700\" frameborder=\"0\" marginwidth=\"0\" marginheight=\"0\" scrolling=\"no\"><\/iframe><\/p>\n<\/div>","protected":false},"excerpt":{"rendered":"<p>Wenn Sei Fragen haben oder other Informationen ben\u00f6tigen, schicken Sie uns ein Mail oder erreichen Sie uns telefonisch - unsere Mitarbeiter stehen Ihnen gerne zur Verf\u00fcgung und beraten Sie auch gerne, indem Sie Einzelheiten unseres Angebotes mit Preis darstellen. \u0414\u043b\u044f \u0432\u0435\u043b\u0438\u043a\u0438\u0445 \u0433\u0440\u0443\u043f \u043f\u0435\u0440\u0435\u0434\u0431\u0430\u0447\u0435\u043d\u0456 \u0437\u043d\u0430\u0447\u043d\u0456 \u0437\u043d\u0438\u0436\u043a\u0438. Wir laden Sie ein, unsere Kurs-, Beratungs-, Einf\u00fchrungs-, Auditdienstleistungen in Anspruch zu nehmen! \u041e\u0441\u043d\u043e\u0432\u043d\u0438\u043c \u0440\u043e\u0437\u0434\u0456\u043b\u043e\u043c \u0454 \u0440\u043e\u0437\u0434\u0456\u043b \u041f\u0456\u0434\u0442\u0432\u0435\u0440\u0434\u0436\u0435\u043d\u043d\u044f: Hauptabteilung Bildungszentrum Ergon befindet sich im Einkaufszentrum Galeria Gawra, erste Etage Raum 47 (Eingang von hinten, zweites Treppenhaus) damit Sie uns problemlos erreichen schlagen wir vor im Ihren Navi folgende Anschrift zu w\u00e4hlen: Hermana 1-Str. Hinter Einkaufszentrum Gawra steht Ihnen Parkplatz zur Verf\u00fcgung. Wir laden ein! Ul. Warszawska 58C Raum. 47 02-496 \u0412\u0430\u0440\u0448\u0430\u0432\u0430 \u0442\u0435\u043b\u0435\u0444\u043e\u043d +48 22 290 29 09 Regionalabteilungen: \u0411\u0456\u043b\u043e\u0441\u0442\u043e\u0446\u044c\u043a\u0438\u0439 \u0432\u0456\u0434\u0434\u0456\u043b: ul. Nowy \u015bwiat 9 15-453 \u0411\u0456\u043b\u043e\u0441\u0442\u043e\u043a, ul. Obro\u0144c\u00f3w W\u0119gierskiej G\u00f3rki 34-350 Wegierska G\u00f3rka, ul. Bydgoszcz, Stary Port 13 85-068 \u0411\u0438\u0434\u0433\u043e\u0449, ul. Bydgoszcz, Gda\u0144sk, Ko\u0142obrzeska 45 80-391 \u0413\u0434\u0430\u043d\u0441\u044c\u043a, Gda\u0144sk, Gda\u0144sk, Gdynia, ul. Zbo\u017cowa 7 81-020 \u0413\u0434\u0438\u043d\u044f, Gdynia, Gdynia, Abteilung Katowice (Silesia), ul. Kijowska 51 40-754 \u041a\u0430\u0442\u043e\u0432\u0456\u0446\u0435, Krakow, Kraj\u00f3w, Klaimnopolen, ul. Lepkowskiego 9\/23 31-423 \u041a\u0440\u0430\u043a\u0456\u0432 \u0442\u0435\u043b. +48 12 626 67 09 Abteilung Lublin ul. Nieca\u0142a 10 20-080 \u041b\u044e\u0431\u043b\u0456\u043d Abteilung \u0141\u00f3d\u017a ul. Piotrowska 121 62-061 \u041b\u043e\u0434\u0437\u044c Abteilung Pozna\u0144 ul. Sienkiewicza 20 60-818 \u041f\u043e\u0437\u043d\u0430\u043d\u044c Abteilung Szczecin ul. Rugia\u0144ska 71 71-653 Szczecin Abteilung Wroc\u0142aw ul. Partynicka 32 53-031 \u0412\u0440\u043e\u0446\u043b\u0430\u0432 Sehen Sie, wie Sie uns finden!<\/p>","protected":false},"author":1,"featured_media":0,"parent":0,"menu_order":5,"comment_status":"closed","ping_status":"closed","template":"","meta":{"sfsi_plus_gutenberg_text_before_share":"","sfsi_plus_gutenberg_show_text_before_share":"","sfsi_plus_gutenberg_icon_type":"","sfsi_plus_gutenberg_icon_alignemt":"","sfsi_plus_gutenburg_max_per_row":"","footnotes":""},"class_list":["post-1895","page","type-page","status-publish","hentry","has_no_thumb"],"aioseo_notices":[],"_links":{"self":[{"href":"https:\/\/kursy-udt.pl\/ua\/wp-json\/wp\/v2\/pages\/1895","targetHints":{"allow":["GET"]}}],"collection":[{"href":"https:\/\/kursy-udt.pl\/ua\/wp-json\/wp\/v2\/pages"}],"about":[{"href":"https:\/\/kursy-udt.pl\/ua\/wp-json\/wp\/v2\/types\/page"}],"author":[{"embeddable":true,"href":"https:\/\/kursy-udt.pl\/ua\/wp-json\/wp\/v2\/users\/1"}],"replies":[{"embeddable":true,"href":"https:\/\/kursy-udt.pl\/ua\/wp-json\/wp\/v2\/comments?post=1895"}],"version-history":[{"count":7,"href":"https:\/\/kursy-udt.pl\/ua\/wp-json\/wp\/v2\/pages\/1895\/revisions"}],"predecessor-version":[{"id":2409,"href":"https:\/\/kursy-udt.pl\/ua\/wp-json\/wp\/v2\/pages\/1895\/revisions\/2409"}],"wp:attachment":[{"href":"https:\/\/kursy-udt.pl\/ua\/wp-json\/wp\/v2\/media?parent=1895"}],"curies":[{"name":"wp","href":"https:\/\/api.w.org\/{rel}","templated":true}]}}