{"id":1891,"date":"2016-03-07T20:45:54","date_gmt":"2016-03-07T20:45:54","guid":{"rendered":"http:\/\/kursy-udt.pl\/?page_id=1891"},"modified":"2016-03-11T08:28:46","modified_gmt":"2016-03-11T08:28:46","slug":"gerate","status":"publish","type":"page","link":"https:\/\/kursy-udt.de\/ua\/gerate\/","title":{"rendered":"Ger\u00e4te"},"content":{"rendered":"<div class=\"wyjustuj\">\n<h3>Ger\u00e4tenauswahl<\/h3>\n<div style=\"text-align:center; font-size:85%; line-height:120%; height:220px; margin-top:5px;\">\n<div style=\"float:left; margin-right:20px;\">\n<a href=\"\/ua\/hubwinden\/\"><img decoding=\"async\" src=\"\/wp-content\/uploads\/2014\/04\/ciegniki.jpg\"><\/a><br \/>\n<a href=\"\/ua\/hubwinden\/\"><font color=\"black\"><\/p>\n<div style=\"width:200px; font-size:150%; margin-top:5px;\"><strong>Laufkatzen<\/strong><\/div>\n<p><\/font><\/a>\n<\/div>\n<div style=\"float:left; margin-right:20px;\">\n<a href=\"\/ua\/aufzuge\/\"><img decoding=\"async\" src=\"\/wp-content\/uploads\/2014\/04\/dzwigi.jpeg\"><\/a><br \/>\n<a href=\"\/ua\/aufzuge\/\"><font color=\"black\"><\/p>\n<div style=\"width:200px; font-size:150%; margin-top:5px;\"><strong>Aufz\u00fcge<\/strong><\/div>\n<p><\/font><\/a>\n<\/div>\n<div style=\"float:left; margin-right:20px;\">\n<a href=\"\/ua\/%d0%ba%d0%b0%d0%b1%d0%b5%d0%bb%d1%8c%d0%bd%d0%b8%d0%b9-%d0%ba%d1%80%d0%b0%d0%bd\/\"><img decoding=\"async\" src=\"\/wp-content\/uploads\/2014\/04\/dzwignice-linotorowe-2.jpg\"><\/a><br \/>\n<a href=\"\/ua\/%d0%ba%d0%b0%d0%b1%d0%b5%d0%bb%d1%8c%d0%bd%d0%b8%d0%b9-%d0%ba%d1%80%d0%b0%d0%bd\/\"><font color=\"black\"><\/p>\n<div style=\"width:200px; font-size:150%; margin-top:5px;\"><strong>Kabelkr\u00e4ne<\/strong><\/div>\n<p><\/font><\/a>\n<\/div>\n<\/div>\n<div style=\"text-align:center; font-size:85%; line-height:120%; height:220px; margin-top:5px;\">\n<div style=\"float:left; margin-right:20px;\">\n<a href=\"\/ua\/%d1%82%d0%b5%d0%bb%d0%b5%d1%81%d0%ba%d0%be%d0%bf%d1%96%d1%87%d0%bd%d0%b8%d0%b9-%d0%bd%d0%b0%d0%b2%d0%b0%d0%bd%d1%82%d0%b0%d0%b6%d1%83%d0%b2%d0%b0%d1%87\/\"><img decoding=\"async\" src=\"\/wp-content\/uploads\/2014\/03\/wozki-widlowe-1.jpeg\"><\/a><br \/>\n<a href=\"\/ua\/%d1%82%d0%b5%d0%bb%d0%b5%d1%81%d0%ba%d0%be%d0%bf%d1%96%d1%87%d0%bd%d0%b8%d0%b9-%d0%bd%d0%b0%d0%b2%d0%b0%d0%bd%d1%82%d0%b0%d0%b6%d1%83%d0%b2%d0%b0%d1%87\/\"><font color=\"black\"><\/p>\n<div style=\"width:200px; font-size:150%; margin-top:5px;\"><strong>\u0422\u0435\u043b\u0435\u0441\u043a\u043e\u043f-\u043f\u0435\u0439\u0437\u0435\u0440<\/strong><\/div>\n<p><\/font><\/a>\n<\/div>\n<div style=\"float:left; margin-right:20px;\">\n<a href=\"\/ua\/%d1%89%d0%b5%d0%b1%d0%bd%d0%b5%d0%b0%d1%80%d0%b1%d0%b5%d0%b9%d1%82%d1%81%d0%b1%d1%83%d0%bd%d0%b5%d0%bd\/\"><img decoding=\"async\" src=\"\/wp-content\/uploads\/2014\/04\/01-podest.jpeg\"><\/a><br \/>\n<a href=\"\/ua\/%d1%89%d0%b5%d0%b1%d0%bd%d0%b5%d0%b0%d1%80%d0%b1%d0%b5%d0%b9%d1%82%d1%81%d0%b1%d1%83%d0%bd%d0%b5%d0%bd\/\"><font color=\"black\"><\/p>\n<div style=\"width:200px; font-size:150%; margin-top:5px;\"><strong>Scherenarbeitsb\u00fchnen<\/strong><\/div>\n<p><\/font><\/a>\n<\/div>\n<div style=\"float:left; margin-right:20px;\">\n<a href=\"\/ua\/fachkurse\/berech-arbeitsbuhnen\/\"><img decoding=\"async\" src=\"\/wp-content\/uploads\/2014\/04\/10-pokaz.jpeg\"  alt=\"\u043a\u0443\u0440\u0441 \u0434\u043b\u044f \u043c\u043e\u0431\u0456\u043b\u044c\u043d\u0438\u0445 \u043f\u043b\u0430\u0442\u0444\u043e\u0440\u043c\"><\/a><br \/>\n<a href=\"\/ua\/fachkurse\/berech-arbeitsbuhnen\/\"><font color=\"black\"><\/p>\n<div style=\"width:200px; font-size:150%; margin-top:5px;\"><strong>Arbeitsb\u00fchnen<\/strong><\/div>\n<p><\/font><\/a>\n<\/div>\n<\/div>\n<div style=\"text-align:center; font-size:85%; line-height:120%; height:220px; margin-top:5px;\">\n<div style=\"float:left; margin-right:20px;\">\n<a href=\"\/ua\/scherenarbeitsbuhnen-2\/\"><img decoding=\"async\" src=\"\/wp-content\/uploads\/2014\/04\/09-slajd.jpeg\"><\/a><br \/>\n<a href=\"\/ua\/scherenarbeitsbuhnen-2\/\"><font color=\"black\"><\/p>\n<div style=\"width:200px; font-size:150%; margin-top:5px;\"><strong>Hubarbeitsb\u00fchnen<\/strong><\/div>\n<p><\/font><\/a>\n<\/div>\n<div style=\"float:left; margin-right:20px;\">\n<a href=\"\/ua\/%d0%b1%d1%96%d0%bb%d1%8f-%d0%bb%d0%b0%d1%84%d0%ba%d1%80%d0%b0%d0%bd%d1%83\/\"><img loading=\"lazy\" decoding=\"async\" src=\"\/wp-content\/uploads\/2014\/04\/suwnice.jpeg\" width=\"200\" height=\"150\" ><\/a><br \/>\n<a href=\"\/ua\/%d0%b1%d1%96%d0%bb%d1%8f-%d0%bb%d0%b0%d1%84%d0%ba%d1%80%d0%b0%d0%bd%d1%83\/\"><font color=\"black\"><\/p>\n<div style=\"width:200px; font-size:150%; margin-top:5px;\"><strong>Laufkr\u00e4ne<\/strong><\/div>\n<p><\/font><\/a>\n<\/div>\n<div style=\"float:left; margin-right:20px;\">\n<a href=\"\/ua\/regalbediengerate\/\"><img decoding=\"async\" src=\"\/wp-content\/uploads\/2014\/04\/ukladnice.jpg\"><\/a><br \/>\n<a href=\"\/ua\/regalbediengerate\/\"><font color=\"black\"><\/p>\n<div style=\"width:200px; font-size:150%; margin-top:5px;\"><strong>Regalbedienger\u00e4te<\/strong><\/div>\n<p><\/font><\/a>\n<\/div>\n<\/div>\n<div style=\"text-align:center; font-size:85%; line-height:120%; height:220px; margin-top:5px;\">\n<div style=\"float:left; margin-right:20px;\">\n<a href=\"\/ua\/%d0%ba%d0%be%d0%bd%d1%82%d0%b5%d0%b9%d0%bd%d0%b5%d1%80-%d0%bf%d0%b5%d1%80%d0%b5%d0%b4-%d0%be%d1%85%d0%be%d0%bb%d0%be%d0%b4%d0%b6%d0%b5%d0%bd%d0%bd%d1%8f%d0%bc\/\"><img decoding=\"async\" src=\"\/wp-content\/uploads\/2014\/04\/urzadzenia-do-manipulacji-kontenerami.jpeg\"><\/a><br \/>\n<a href=\"\/ua\/%d0%ba%d0%be%d0%bd%d1%82%d0%b5%d0%b9%d0%bd%d0%b5%d1%80-%d0%bf%d0%b5%d1%80%d0%b5%d0%b4-%d0%be%d1%85%d0%be%d0%bb%d0%be%d0%b4%d0%b6%d0%b5%d0%bd%d0%bd%d1%8f%d0%bc\/\"><font color=\"black\"><\/p>\n<div style=\"width:200px; font-size:150%; margin-top:5px;\"><strong>Containerbef\u00f6rdeger\u00e4te<\/strong><\/div>\n<p><\/font><\/a>\n<\/div>\n<div style=\"float:left; margin-right:20px;\">\n<a href=\"\/ua\/%d1%81%d1%82%d0%b5%d0%bf%d0%bb%d0%b5%d1%80\/\"><img decoding=\"async\" src=\"\/wp-content\/uploads\/2014\/03\/wozki-widlowe-3.jpeg\"><\/a><br \/>\n<a href=\"\/ua\/%d1%81%d1%82%d0%b5%d0%bf%d0%bb%d0%b5%d1%80\/\"><font color=\"black\"><\/p>\n<div style=\"width:200px; font-size:150%; margin-top:5px;\"><strong>\u0421\u0442\u0435\u043f\u043b\u0435\u0440<\/strong><\/div>\n<p><\/font><\/a>\n<\/div>\n<div style=\"float:left; margin-right:20px;\">\n<a href=\"\/ua\/fachkurse\/%d0%b1%d1%96%d0%bb%d1%8f-%d1%81%d1%82%d0%b5%d0%bf%d0%bb%d0%b5%d1%80%d0%b0\/\"><img decoding=\"async\" src=\"\/wp-content\/uploads\/2014\/03\/wozki-widlowe-4.jpeg\" alt=\"\u043a\u0443\u0440\u0441\u0438 \u043d\u0430\u0432\u0430\u043d\u0442\u0430\u0436\u0443\u0432\u0430\u0447\u0456\u0432\"><\/a><br \/>\n<a href=\"\/ua\/fachkurse\/%d0%b1%d1%96%d0%bb%d1%8f-%d1%81%d1%82%d0%b5%d0%bf%d0%bb%d0%b5%d1%80%d0%b0\/\"><font color=\"black\"><\/p>\n<div style=\"width:200px; font-size:150%; margin-top:5px;\"><strong>\u0413\u0430\u0431\u0435\u043b\u044c\u0441\u0442\u0435\u043f\u043b\u0435\u0440<\/strong><\/div>\n<p><\/font><\/a>\n<\/div>\n<\/div>\n<div style=\"text-align:center; font-size:85%; line-height:120%; height:220px; margin-top:5px;\">\n<div style=\"float:left; margin-right:20px;\">\n<a href=\"\/ua\/lastenaufzuge\/\"><img decoding=\"async\" src=\"\/wp-content\/uploads\/2014\/04\/wyciagi-towarowe.jpeg\"><\/a><br \/>\n<a href=\"\/ua\/lastenaufzuge\/\"><font color=\"black\"><\/p>\n<div style=\"width:200px; font-size:150%; margin-top:5px;\"><strong>Lastenaufz\u00fcge<\/strong><\/div>\n<p><\/font><\/a>\n<\/div>\n<div style=\"float:left; margin-right:20px;\">\n<a href=\"\/ua\/%d0%b3%d0%b5%d0%bb%d0%b5%d0%bd%d0%ba%d0%b0%d1%80%d0%b1%d0%b0%d0%b9%d1%82%d1%81%d0%b1%d1%83%d0%bd%d0%b8\/\"><img decoding=\"async\" src=\"\/wp-content\/uploads\/2014\/03\/szkolenia-na-podnosnik.jpeg\"><\/a><br \/>\n<a href=\"\/ua\/%d0%b3%d0%b5%d0%bb%d0%b5%d0%bd%d0%ba%d0%b0%d1%80%d0%b1%d0%b0%d0%b9%d1%82%d1%81%d0%b1%d1%83%d0%bd%d0%b8\/\"><font color=\"black\"><\/p>\n<div style=\"width:200px; font-size:150%; margin-top:5px;\"><strong>Gelenkarbeitsb\u00fchnen<\/strong><\/div>\n<p><\/font><\/a>\n<\/div>\n<div style=\"float:left; margin-right:20px;\">\n<a href=\"\/ua\/%d0%ba%d1%80%d0%b0%d0%bd%d0%b8-4\/\"><img decoding=\"async\" src=\"\/wp-content\/uploads\/2014\/04\/zurawie.jpeg\"><\/a><br \/>\n<a href=\"\/ua\/%d0%ba%d1%80%d0%b0%d0%bd%d0%b8-4\/\"><font color=\"black\"><\/p>\n<div style=\"width:200px; font-size:150%; margin-top:5px;\"><strong>Kr\u00e4ne<\/strong><\/div>\n<p><\/font><\/a>\n<\/div>\n<\/div>\n<\/div>","protected":false},"excerpt":{"rendered":"<p>Ger\u00e4tenauswahl Laufkatzen Aufz\u00fcge Kabelkr\u00e4ne Teleskoplader Scherenarbeitsb\u00fchnen Arbeitsb\u00fchnen Hubarbeitsb\u00fchnen Laufkr\u00e4ne Regalbedienger\u00e4te Containerbef\u00f6rdeger\u00e4te Stapler Gabelstapler Lastenaufz\u00fcge Gelenkarbeitsb\u00fchnen Kr\u00e4ne<\/p>","protected":false},"author":1,"featured_media":0,"parent":0,"menu_order":2,"comment_status":"closed","ping_status":"closed","template":"","meta":{"sfsi_plus_gutenberg_text_before_share":"","sfsi_plus_gutenberg_show_text_before_share":"","sfsi_plus_gutenberg_icon_type":"","sfsi_plus_gutenberg_icon_alignemt":"","sfsi_plus_gutenburg_max_per_row":"","footnotes":""},"class_list":["post-1891","page","type-page","status-publish","hentry","has_thumb"],"aioseo_notices":[],"_links":{"self":[{"href":"https:\/\/kursy-udt.pl\/ua\/wp-json\/wp\/v2\/pages\/1891","targetHints":{"allow":["GET"]}}],"collection":[{"href":"https:\/\/kursy-udt.pl\/ua\/wp-json\/wp\/v2\/pages"}],"about":[{"href":"https:\/\/kursy-udt.pl\/ua\/wp-json\/wp\/v2\/types\/page"}],"author":[{"embeddable":true,"href":"https:\/\/kursy-udt.pl\/ua\/wp-json\/wp\/v2\/users\/1"}],"replies":[{"embeddable":true,"href":"https:\/\/kursy-udt.pl\/ua\/wp-json\/wp\/v2\/comments?post=1891"}],"version-history":[{"count":3,"href":"https:\/\/kursy-udt.pl\/ua\/wp-json\/wp\/v2\/pages\/1891\/revisions"}],"predecessor-version":[{"id":2118,"href":"https:\/\/kursy-udt.pl\/ua\/wp-json\/wp\/v2\/pages\/1891\/revisions\/2118"}],"wp:attachment":[{"href":"https:\/\/kursy-udt.pl\/ua\/wp-json\/wp\/v2\/media?parent=1891"}],"curies":[{"name":"wp","href":"https:\/\/api.w.org\/{rel}","templated":true}]}}