{"id":1879,"date":"2016-03-07T20:42:58","date_gmt":"2016-03-07T20:42:58","guid":{"rendered":"http:\/\/kursy-udt.pl\/?page_id=1879"},"modified":"2016-03-11T08:12:56","modified_gmt":"2016-03-11T08:12:56","slug":"fachkurse","status":"publish","type":"page","link":"https:\/\/kursy-udt.de\/ua\/fachkurse\/","title":{"rendered":"Fachkurse"},"content":{"rendered":"<div class=\"wyjustuj\">\n<h3>Ausgew\u00e4hlte Ger\u00e4te, die unsere Kurse und Pr\u00fcfungen umfassen.<\/h3>\n<div style=\"text-align: center; font-size: 85%; line-height: 100%;\">\n<div style=\"float: left; margin-right: 20px; height: 210px;\"><a href=\"\/ua\/fachkurse\/berech-arbeitsbuhnen\/\"><img decoding=\"async\" alt=\"\u0442\u0440\u0435\u043d\u0456\u043d\u0433\u0438 udt warszawa \u043a\u043e\u043c\u043f\u0430\u043d\u0456\u044f ergon\" src=\"\/wp-content\/uploads\/2014\/04\/05-podesty-ruchome.jpeg\" \/><\/a><br \/>\n<a href=\"\/ua\/fachkurse\/berech-arbeitsbuhnen\/\"><span style=\"color: black;\"><\/span><\/a><\/p>\n<div style=\"width: 200px;\"><strong>langsamlaufende Arbeitsb\u00fchnen<\/strong><br \/>\nsg Scherenarbeitsb\u00fchnen-Kat. IP<\/div>\n<\/div>\n<div style=\"float: left; margin-right: 20px; height: 210px;\"><a href=\"\/ua\/fachkurse\/berech-arbeitsbuhnen\/\"><img decoding=\"async\" alt=\"\u043a\u0443\u0440\u0441 \u0434\u043b\u044f \u043c\u043e\u0431\u0456\u043b\u044c\u043d\u0438\u0445 \u043f\u043b\u0430\u0442\u0444\u043e\u0440\u043c\" src=\"\/wp-content\/uploads\/2014\/04\/08-fotogr.jpeg\" \/><\/a><br \/>\n<a href=\"\/ua\/fachkurse\/berech-arbeitsbuhnen\/\"><span style=\"color: black;\"><\/span><\/a><\/p>\n<div style=\"width: 200px;\"><strong>langsamlaufende Arbeitsb\u00fchnen<\/strong><br \/>\nsg Hubarbeitsb\u00fchnen, Gelenkteleskoparbeitsb\u00fchnen - Cat. IP<\/div>\n<\/div>\n<div style=\"float: left; margin-right: 20px; height: 210px;\"><a href=\"\/ua\/fachkurse\/berech-arbeitsbuhnen\/\"><img decoding=\"async\" alt=\"\u043c\u043e\u0431\u0456\u043b\u044c\u043d\u0456 \u043f\u043b\u0430\u0442\u0444\u043e\u0440\u043c\u0438 \u0412\u0430\u0440\u0448\u0430\u0432\u0430\" src=\"\/wp-content\/uploads\/2014\/04\/podest-ruchomy-samojezdny.jpg\" \/><\/a><br \/>\n<a href=\"\/ua\/fachkurse\/berech-arbeitsbuhnen\/\"><span style=\"color: black;\"><\/span><\/a><\/p>\n<div style=\"width: 200px;\"><strong>Selbstfahrarbeitsb\u00fchnen<\/strong><br \/>\nsg LKW-Arbeitsb\u00fchnen-Kat. IP<\/div>\n<\/div>\n<\/div>\n<div style=\"text-align: center; font-size: 85%; line-height: 100%;\">\n<div style=\"float: left; margin-right: 20px; height: 210px;\"><a href=\"\/ua\/%d0%bd%d0%b0%d0%b2%d1%87%d0%b0%d0%bd%d0%bd%d1%8f\/%d0%ba%d1%83%d1%80%d1%81%d0%be%d0%b2%d1%96-%d1%82%d0%b5%d0%bb%d0%b5%d1%81%d0%ba%d0%be%d0%bf%d1%96%d1%87%d0%bd%d1%96-%d0%bd%d0%b0%d0%b2%d0%b0%d0%bd%d1%82%d0%b0%d0%b6%d1%83%d0%b2%d0%b0%d1%87%d1%96\/\"><img decoding=\"async\" alt=\"\u043a\u0443\u0440\u0441\u0438 \u043d\u0430\u0432\u0430\u043d\u0442\u0430\u0436\u0443\u0432\u0430\u0447\u0456\u0432 Ergon\" src=\"\/wp-content\/uploads\/2014\/04\/ladowarka-teleskopowa.jpg\" \/><\/a><br \/>\n<a href=\"\/ua\/%d0%bd%d0%b0%d0%b2%d1%87%d0%b0%d0%bd%d0%bd%d1%8f\/%d0%ba%d1%83%d1%80%d1%81%d0%be%d0%b2%d1%96-%d1%82%d0%b5%d0%bb%d0%b5%d1%81%d0%ba%d0%be%d0%bf%d1%96%d1%87%d0%bd%d1%96-%d0%bd%d0%b0%d0%b2%d0%b0%d0%bd%d1%82%d0%b0%d0%b6%d1%83%d0%b2%d0%b0%d1%87%d1%96\/\"><span style=\"color: black;\"><\/span><\/a><\/p>\n<div style=\"width: 200px;\"><strong>\u0422\u0435\u043b\u0435\u0441\u043a\u043e\u043f-\u043f\u0435\u0439\u0437\u0435\u0440<\/strong><br \/>\nmit regulierbarer Ausladung-Kat. IWJO<\/div>\n<\/div>\n<div style=\"float: left; margin-right: 20px; height: 210px;\"><a href=\"\/ua\/fachkurse\/%d0%b1%d1%96%d0%bb%d1%8f-%d1%81%d1%82%d0%b5%d0%bf%d0%bb%d0%b5%d1%80%d0%b0\/\"><img decoding=\"async\" alt=\"\u043a\u0443\u0440\u0441 \u043e\u043f\u0435\u0440\u0430\u0442\u043e\u0440\u0430 \u043d\u0430\u0432\u0430\u043d\u0442\u0430\u0436\u0443\u0432\u0430\u0447\u0430 Ergon\" src=\"\/wp-content\/uploads\/2014\/03\/wozki-widlowe-4.jpeg\" \/><\/a><br \/>\n<a href=\"\/ua\/fachkurse\/%d0%b1%d1%96%d0%bb%d1%8f-%d1%81%d1%82%d0%b5%d0%bf%d0%bb%d0%b5%d1%80%d0%b0\/\"><span style=\"color: black;\"><\/span><\/a><\/p>\n<div style=\"width: 200px;\"><strong>\u0413\u0430\u0431\u0435\u043b\u044c\u0441\u0442\u0435\u043f\u043b\u0435\u0440<\/strong><br \/>\n\u041a\u0443\u0442. - IIWJO<\/div>\n<\/div>\n<div style=\"float: left; margin-right: 20px; height: 210px;\"><a href=\"\/ua\/fachkurse\/%d0%b1%d1%96%d0%bb%d1%8f-%d1%81%d1%82%d0%b5%d0%bf%d0%bb%d0%b5%d1%80%d0%b0\/\"><img decoding=\"async\" alt=\"\u0435\u0440\u0433\u043e\u043d \u043d\u0430\u0432\u0447\u0430\u043d\u043d\u044f\" src=\"\/wp-content\/uploads\/2014\/04\/wozki-jezdniowe-unoszace.jpg\" \/><\/a><br \/>\n<a href=\"\/ua\/fachkurse\/%d0%b1%d1%96%d0%bb%d1%8f-%d1%81%d1%82%d0%b5%d0%bf%d0%bb%d0%b5%d1%80%d0%b0\/\"><span style=\"color: black;\"><\/span><\/a><\/p>\n<div style=\"width: 200px;\"><strong>\u041a\u0443\u0442. - IIWJO<\/strong><br \/>\nIIIWJO<\/div>\n<\/div>\n<\/div>\n<h3>UDT Ergon Kurse<\/h3>\n<p>Im Bildungszentrum Ergon organisieren wir professionelle UDT-Kurse, die Berechtigungen der Technischen Aufsichtsbeh\u00f6rde (UDT) erteilen. Unsere Kurse sind auf diejenigen Kunden orientiert, die eine komplekse Unterst\u00fctzung bei ihrer Kompetenzsteigerung und ihrer Mitarbeiter an bestimmten Stellen suchen, wo UDT-Berechtigungen erforderlich sind.<\/p>\n<div style=\"float:right; padding-left:10px;\"><img decoding=\"async\" src=\"\/wp-content\/uploads\/2014\/09\/podesty.jpeg\" alt=\"\"><\/div>\n<p>Wir bieten Ihnen preisg\u00fcnstige UDT-Kurse, bedingt von Anzahl der Kursteilnehmer an.<br \/>\nJeder Course wird von qualifizierten Experten mit Einsatz der modernen Kurshilfsmitteln durchgef\u00fchrt, es wird Wert sowohl auf theoretischen als auch auf praktischen Teil gelegt. Dadurch die vom unseren Bildungszentrum realisierten UDT-Kurse die beste Effektivit\u00e4t auszeichnet, werden die oft weiter empfohlen.<br \/>\nUDT-\u041a\u0443\u0440\u0441 \u0440\u0435\u0430\u043b\u0456\u0437\u043e\u0432\u0430\u043d\u0438\u0439 \u0437\u0430 \u0434\u043e\u043f\u043e\u043c\u043e\u0433\u043e\u044e \u0440\u0435\u0436\u0438\u043c\u0443 \u0434\u0456\u0457 \u0442\u0430 \u0432\u0442\u0440\u0430\u0442\u0438.<br \/>\nDas Angebot kann an die Spezialisierung der jeweiligen The company angepasst werden. <\/p>\n<p>Unser Angebot bietet Ihnen unterem folgende UDT-Curse an:<\/p>\n<ul>\n<li>Portalkr\u00e4ne - gesteuert von Kabine oder von au\u00dfen<\/li>\n<li>Aufz\u00fcge - gesteuert von Kabine oder von au\u00dfen<\/li>\n<li>Lasten-, und Bauaufz\u00fcge mit Bedienun<\/li>\n<li>Turm-, Schienen-, und Umladekr\u00e4ne<\/li>\n<li>Gabelstapler, dabei Hubstapler und spezielle wie Teleskoplader mit regulierbarer Ausladung<\/li>\n<li>Arbeitsb\u00fchnen<\/li>\n<\/ul>\n<p>Dar\u00fcber hinaus bietet unser Angebot Kurse \u0437\u043d\u0430\u0454 <a href=\"http:\/\/kursadr.com\/szkolenia\/kurs-adr-podstawowy\/\">ADR-\u041a\u0443\u0440\u0441<\/a> (Europ\u00e4isches \u00dcbereinkommen \u00fcber die internationale Bef\u00f6rderung gef\u00e4hrlicher G\u00fcter auf der Stra\u00dfe), Automobildiagnostiker-Kurs, TDT-Berechtigungen (Bef\u00fcllen und Leeren der Zisterne mit gef\u00e4hrlichen G\u00fctern) zur Bedienung UNO (gef\u00e4hrliche G\u00fcterliche). <\/p>\n<p>Zus\u00e4tzlich realisieren wir Gabelstapler-, und Anschl\u00e4ger-Kurse. Im unseren Zentrum wird Course f\u00fcr zuk\u00fcnftige Gabelstaplerfahrer wird sowohl mitUDT-Berechtigunge als auch ohne UDT-Berechtigungen durchgef\u00fchrt. \u0447.<\/p>\n<p>Wir laden Sie an unseren Kursen teilzunehmen ein!<\/p>\n<\/div>","protected":false},"excerpt":{"rendered":"<p>Ausgew\u00e4hlte Ger\u00e4te, die unsere Kurse und Pr\u00fcfungen umfassen. langsamlaufende Arbeitsb\u00fchnen s.g. Scherenarbeitsb\u00fchnen-Kat. IP langsamlaufende Arbeitsb\u00fchnen s.g. Hubarbeitsb\u00fchnen, Gelenkteleskoparbeitsb\u00fchnen &#8211; Kat. IP Selbstfahrarbeitsb\u00fchnen s.g. LKW-Arbeitsb\u00fchnen-Kat. IP Teleskoplader mit regulierbarer Ausladung-Kat. IWJO Gabelstapler Kat. &#8211; IIWJO Kat. &#8211; IIWJO IIIWJO UDT Ergon Kurse Im Bildungszentrum Ergon organisieren wir professionelle UDT-Kurse, die Berechtigungen der Technischen Aufsichtsbeh\u00f6rde (UDT) erteilen. Unsere Kurse sind auf diejenigen Kunden orientiert, die eine komplexe Unterst\u00fctzung bei ihrer Kompetenzsteigerung und ihrer Mitarbeiter an bestimmten Stellen suchen, wo UDT-Berechtigungen erforderlich sind. Wir bieten Ihnen preisg\u00fcnstige UDT-Kurse, bedingt von Anzahl der Kursteilnehmer an. Jeder Kurs wird von qualifizierten Experten mit Einsatz der modernen Kurshilfsmitteln durchgef\u00fchrt, es wird Wert sowohl auf theoretischen als auch auf praktischen Teil gelegt. Dadurch die vom unseren Bildungszentrum realisierten UDT-Kurse die beste Effektivit\u00e4t auszeichnet, werden die oft weiter empfohlen. Die UDT-Kurse realisieren wir im Modus offen und geschlossen. Das Angebot kann an die Spezialisierung der jeweiligen Firma angepasst werden. Unser Angebot bietet Ihnen unter anderem folgende UDT-Kurse an: Portalkr\u00e4ne \u2013 gesteuert von Kabine oder von au\u00dfen Aufz\u00fcge &#8211; gesteuert von Kabine oder von au\u00dfen Lasten-, und Bauaufz\u00fcge mit Bedienun Turm-, Schienen-, und Umladekr\u00e4ne Gabelstapler, dabei Hubstapler und spezielle wie Teleskoplader mit regulierbarer Ausladung Arbeitsb\u00fchnen Dar\u00fcber hinaus bietet unser Angebot Kurse wie ADR-Kurs (Europ\u00e4isches \u00dcbereinkommen \u00fcber die internationale Bef\u00f6rderung gef\u00e4hrlicher G\u00fcter auf der Stra\u00dfe), Automobildiagnostiker-Kurs, TDT-Berechtigungen (Bef\u00fcllen und Leeren der Zisterne mit gef\u00e4hrlichen G\u00fctern) zur Bedienung UNO (gef\u00e4hrliche G\u00fcter). Zus\u00e4tzlich realisieren wir Gabelstapler-, und Anschl\u00e4ger-Kurse. Im unseren Zentrum wird Kurs f\u00fcr zuk\u00fcnftige Gabelstaplerfahrer wird sowohl mitUDT-Berechtigunge als auch ohne UDT-Berechtigungen durchgef\u00fchrt. h. Wir laden [&hellip;]<\/p>\n","protected":false},"author":1,"featured_media":0,"parent":0,"menu_order":1,"comment_status":"closed","ping_status":"closed","template":"","meta":{"sfsi_plus_gutenberg_text_before_share":"","sfsi_plus_gutenberg_show_text_before_share":"","sfsi_plus_gutenberg_icon_type":"","sfsi_plus_gutenberg_icon_alignemt":"","sfsi_plus_gutenburg_max_per_row":"","footnotes":""},"class_list":["post-1879","page","type-page","status-publish","hentry","has_thumb"],"aioseo_notices":[],"_links":{"self":[{"href":"https:\/\/kursy-udt.pl\/ua\/wp-json\/wp\/v2\/pages\/1879","targetHints":{"allow":["GET"]}}],"collection":[{"href":"https:\/\/kursy-udt.pl\/ua\/wp-json\/wp\/v2\/pages"}],"about":[{"href":"https:\/\/kursy-udt.pl\/ua\/wp-json\/wp\/v2\/types\/page"}],"author":[{"embeddable":true,"href":"https:\/\/kursy-udt.pl\/ua\/wp-json\/wp\/v2\/users\/1"}],"replies":[{"embeddable":true,"href":"https:\/\/kursy-udt.pl\/ua\/wp-json\/wp\/v2\/comments?post=1879"}],"version-history":[{"count":3,"href":"https:\/\/kursy-udt.pl\/ua\/wp-json\/wp\/v2\/pages\/1879\/revisions"}],"predecessor-version":[{"id":2163,"href":"https:\/\/kursy-udt.pl\/ua\/wp-json\/wp\/v2\/pages\/1879\/revisions\/2163"}],"wp:attachment":[{"href":"https:\/\/kursy-udt.pl\/ua\/wp-json\/wp\/v2\/media?parent=1879"}],"curies":[{"name":"wp","href":"https:\/\/api.w.org\/{rel}","templated":true}]}}