{"id":1714,"date":"2016-01-23T14:46:03","date_gmt":"2016-01-23T14:46:03","guid":{"rendered":"http:\/\/kursy-udt.pl\/?page_id=1714"},"modified":"2017-12-04T10:45:51","modified_gmt":"2017-12-04T10:45:51","slug":"%d0%ba%d0%be%d0%bd%d1%82%d0%b0%d0%ba%d1%82-2","status":"publish","type":"page","link":"https:\/\/kursy-udt.eu\/ua\/contact\/","title":{"rendered":"\u043a\u043e\u043d\u0442\u0430\u043a\u0442"},"content":{"rendered":"<div class=\"wyjustuj\" style=\"margin-bottom:20px;\">\u0423 \u0440\u0430\u0437\u0456 \u0432\u0438\u043d\u0438\u043a\u043d\u0435\u043d\u043d\u044f \u0437\u0430\u043f\u0438\u0442\u0430\u043d\u044c \u0456 \u0441\u0443\u043c\u043d\u0456\u0432\u0456\u0432, \u0431\u0443\u0434\u044c \u043b\u0430\u0441\u043a\u0430, \u043f\u0438\u0448\u0456\u0442\u044c \u043d\u0430\u043c \u043d\u0430 \u0435\u043b\u0435\u043a\u0442\u0440\u043e\u043d\u043d\u0443 \u043f\u043e\u0448\u0442\u0443 \u0430\u0431\u043e \u0442\u0435\u043b\u0435\u0444\u043e\u043d\u0443\u0439\u0442\u0435 - \u043d\u0430\u0448\u0456 \u0441\u043f\u0456\u0432\u0440\u043e\u0431\u0456\u0442\u043d\u0438\u043a\u0438 \u0440\u043e\u0437&#039;\u044f\u0441\u043d\u044f\u0442\u044c \u0432\u0441\u0456 \u0442\u043e\u043d\u043a\u043e\u0449\u0456 \u0456 \u043d\u0430\u0434\u0430\u0434\u0443\u0442\u044c \u0432\u0430\u043c \u0434\u0435\u0442\u0430\u043b\u0456 \u043f\u0440\u043e\u043f\u043e\u0437\u0438\u0446\u0456\u0457 \u0437 \u0446\u0456\u043d\u0430\u043c\u0438. \u0414\u043b\u044f \u0432\u0435\u043b\u0438\u043a\u0438\u0445 \u0433\u0440\u0443\u043f \u043d\u0430\u043c \u0437\u043d\u0430\u0434\u043e\u0431\u043b\u044f\u0442\u044c\u0441\u044f \u043f\u0440\u0438\u0432\u0430\u0431\u043b\u0438\u0432\u0456 \u0437\u043d\u0438\u0436\u043a\u0438. \u041c\u0438 \u0437\u0430\u043f\u0440\u043e\u0448\u0443\u0454\u043c\u043e \u0432\u0430\u0441 \u0441\u043a\u043e\u0440\u0438\u0441\u0442\u0430\u0442\u0438\u0441\u044f \u043d\u0430\u0448\u0438\u043c\u0438 \u043f\u043e\u0441\u043b\u0443\u0433\u0430\u043c\u0438 \u0437 \u043d\u0430\u0432\u0447\u0430\u043d\u043d\u044f, \u043a\u043e\u043d\u0441\u0443\u043b\u044c\u0442\u0443\u0432\u0430\u043d\u043d\u044f, \u0432\u043f\u0440\u043e\u0432\u0430\u0434\u0436\u0435\u043d\u043d\u044f \u0442\u0430 \u0430\u0443\u0434\u0438\u0442\u0443.<\/div>\n<h3>\u0428\u0442\u0430\u0431-\u043a\u0432\u0430\u0440\u0442\u0438\u0440\u0430:<\/h3>\n<div style=\"float:right; margin-right:20px; width:65%; margin-top:-1%; font-size:80%; color:red;\"><span style=\"font-weight:bold; text-decoration:underline;\">\u0422\u0440\u0430\u043d\u0441\u043f\u043e\u0440\u0442\u043d\u0456 \u043f\u043e\u0440\u0430\u0434\u0438: \u0428\u0442\u0430\u0431-\u043a\u0432\u0430\u0440\u0442\u0438\u0440\u0430 \u041e\u0414\u041a (\u0426\u0435\u043d\u0442\u0440 \u043f\u0456\u0434\u0433\u043e\u0442\u043e\u0432\u043a\u0438 \u043f\u0435\u0440\u0441\u043e\u043d\u0430\u043b\u0443) Ergon \u0437\u043d\u0430\u0445\u043e\u0434\u0438\u0442\u044c\u0441\u044f \u0432 \u0442\u043e\u0440\u0433\u043e\u0432\u043e\u043c\u0443 \u0432\u0456\u0434\u0434\u0456\u043b\u0456 \u0422\u0426 Gawra \u043d\u0430 \u043f\u0435\u0440\u0448\u043e\u043c\u0443 \u043f\u043e\u0432\u0435\u0440\u0441\u0456, 47 (\u0447\u043e\u0440\u043d\u0438\u0439 \u043f\u0440\u043e\u0445\u0456\u0434, \u0434\u0440\u0443\u0433\u0456 \u0441\u0445\u043e\u0434\u0438). \u0429\u043e\u0431 \u0431\u0435\u0437 \u043f\u0440\u043e\u0431\u043b\u0435\u043c \u0437\u043d\u0430\u0439\u0442\u0438 \u0434\u043e\u0440\u043e\u0433\u0443 \u0434\u043e \u043d\u0430\u0441, \u0432\u0432\u0435\u0434\u0456\u0442\u044c \u0443 \u0441\u0432\u043e\u044e \u043d\u0430\u0432\u0456\u0433\u0430\u0446\u0456\u0439\u043d\u0443 \u0441\u0438\u0441\u0442\u0435\u043c\u0443 \u0430\u0434\u0440\u0435\u0441\u0443 \u0432\u0443\u043b\u0438\u0446\u044f \u0413\u0435\u0440\u043c\u0430\u043d\u0430, 1, \u0456 \u0432\u0438 \u043f\u043e\u0457\u0434\u0435\u0442\u0435 \u0437\u0430 \u0422\u0426 Gawra, \u0442\u0430\u043c \u0454 \u043f\u0430\u0440\u043a\u043e\u0432\u043a\u0430. \u0412\u0438 \u0437\u0430\u043f\u0440\u043e\u0448\u0435\u043d\u0456!<\/div>\n<p>58C \u0432\u0443\u043b\u0438\u0446\u044f \u0412\u0430\u0440\u0448\u0430\u0432\u0441\u044c\u043a\u0430 \u043c\u0456\u0441\u0446\u0435 47<br \/>\n02-496 \u0412\u0430\u0440\u0448\u0430\u0432\u0430<br \/>\n\u0442\u0435\u043b.: +48 22 290 29 09<br \/>\n<script type=\"text\/javascript\">var srodek=\"o@k\"; document.write(\"biur\"); document.write(srodek+\"u\"); document.write(\"rsy-\"); document.write(\"udt.\"); document.write(\"pl\");<\/script><\/p>\n<h3>\u041c\u0456\u0441\u0446\u0435\u0432\u0456 \u0432\u0456\u0434\u0434\u0456\u043b\u0438:<\/h3>\n<div style=\"float:left; margin-right:20px; width:210px;\">\n<div style=\"font-weight:bold;\">\u0411\u0456\u043b\u043e\u0441\u0442\u043e\u0446\u044c\u043a\u0438\u0439 \u0432\u0456\u0434\u0434\u0456\u043b<\/div>\n<p>\u0432\u0443\u043b\u0438\u0446\u044f \u041d\u043e\u0432\u0438\u0439 \u0421\u0432\u0456\u0442, 9<br \/>\n15-453 \u0411\u0456\u043b\u043e\u0441\u0442\u043e\u043a<\/p><\/div>\n<div style=\"float:left; margin-right:20px; width:210px;\">\n<div style=\"font-weight:bold;\">\u0434\u0435\u043f\u0430\u0440\u0442\u0430\u043c\u0435\u043d\u0442 \u0411\u0456\u043b\u044c\u0441\u044c\u043a\u043e-\u0411\u044f\u043b\u0430<\/div>\n<p>Obro\u0144c\u00f3w W\u0119gierskiej G\u00f3rka \u0432\u0443\u043b<br \/>\n34-350 Wegierska G\u00f3rka<\/p><\/div>\n<div style=\"float:left; margin-right:20px; width:210px;\">\n<div style=\"font-weight:bold;\">\u0432\u0456\u0434\u0434\u0456\u043b \u0411\u0438\u0434\u0433\u043e\u0449<\/div>\n<p>\u0421\u0442\u0430\u0440\u043e\u043f\u043e\u0440\u0442\u043e\u0432\u0430 \u0432\u0443\u043b\u0438\u0446\u044f, 13<br \/>\n85-068 \u0411\u0438\u0434\u0433\u043e\u0449<\/p><\/div>\n<div style=\"clear:both;\">\n<div style=\"float:left; margin-right:20px; width:210px;\">\n<div style=\"font-weight:bold;\">\u0413\u0434\u0430\u043d\u0441\u044c\u043a\u0438\u0439 \u0432\u0456\u0434\u0434\u0456\u043b<\/div>\n<p>\u0432\u0443\u043b\u0438\u0446\u044f \u041a\u043e\u043b\u043e\u0431\u0436\u0435\u0441\u044c\u043a\u0430, 45<br \/>\n80-391 \u0413\u0434\u0430\u043d\u0441\u044c\u043a<\/p><\/div>\n<div style=\"float:left; margin-right:20px; width:210px;\">\n<div style=\"font-weight:bold;\">\u0432\u0456\u0434\u0434\u0456\u043b \u0413\u0434\u0438\u043d\u044f<\/div>\n<p>\u0432\u0443\u043b\u0438\u0446\u044f \u0417\u0431\u043e\u0436\u043e\u0432\u0430, 7<br \/>\n81-020 \u0413\u0434\u0438\u043d\u044f<\/p><\/div>\n<div style=\"float:left; margin-right:20px; width:210px;\">\n<div style=\"font-weight:bold;\">\u0414\u0435\u043f\u0430\u0440\u0442\u0430\u043c\u0435\u043d\u0442 \u041a\u0430\u0442\u043e\u0432\u0456\u0446\u0435 (\u0421\u0456\u043b\u0435\u0437\u0456\u044f).<\/div>\n<p>\u0432\u0443\u043b\u0438\u0446\u044f \u041a\u0456\u0439\u043e\u0432\u0441\u044c\u043a\u0430, 51<br \/>\n40-754 \u041a\u0430\u0442\u043e\u0432\u0456\u0446\u0435<\/p><\/div>\n<\/div>\n<div style=\"clear:both;\">\n<div style=\"float:left; margin-right:20px; width:210px;\">\n<div style=\"font-weight:bold;\">\u041a\u0440\u0430\u043a\u0456\u0432\u0441\u044c\u043a\u0438\u0439 \u0434\u0435\u043f\u0430\u0440\u0442\u0430\u043c\u0435\u043d\u0442 (\u041c\u0430\u043b\u043e\u043f\u043e\u043b\u044c\u0449\u0430)<\/div>\n<p>\u041b\u0435\u043f\u043a\u043e\u0432\u0441\u044c\u043a\u043e\u0433\u043e, 9, \u043a\u0432\u0430\u0440\u0442\u0438\u0440\u0430 \u2116 23<br \/>\n31-423 \u041a\u0440\u0430\u043a\u0456\u0432<br \/>\n\u0442\u0435\u043b.: +48 12 626 67 09<\/p><\/div>\n<div style=\"float:left; margin-right:20px; width:210px;\">\n<div style=\"font-weight:bold;\">\u041b\u044e\u0431\u043b\u0456\u043d\u0441\u044c\u043a\u0438\u0439 \u0432\u0456\u0434\u0434\u0456\u043b<\/div>\n<p>\u0412\u0443\u043b\u0438\u0446\u044f \u041d\u0456\u0446\u0430\u043b\u0430, 10<br \/>\n20-080 \u041b\u044e\u0431\u043b\u0456\u043d<\/p><\/div>\n<div style=\"float:left; margin-right:20px; width:210px;\">\n<div style=\"font-weight:bold;\">\u0432\u0456\u0434\u0434\u0456\u043b \u041b\u043e\u0434\u0437\u044c<\/div>\n<p>\u041f\u0456\u043e\u0442\u0440\u043e\u0432\u0441\u044c\u043a\u0430, 121<br \/>\n62-061 \u041b\u043e\u0434\u0437\u044c<\/p><\/div>\n<\/div>\n<div style=\"clear:both;\">\n<div style=\"float:left; margin-right:20px; width:210px;\">\n<div style=\"font-weight:bold;\">\u041f\u043e\u0437\u043d\u0430\u043d\u0441\u044c\u043a\u0438\u0439 \u0432\u0456\u0434\u0434\u0456\u043b<\/div>\n<p>\u0421\u0435\u043d\u043a\u0435\u0432\u0438\u0447\u0430, 20<br \/>\n60-818 \u041f\u043e\u0437\u043d\u0430\u043d\u044c<\/p><\/div>\n<div style=\"float:left; margin-right:20px; width:210px;\">\n<div style=\"font-weight:bold;\">\u0429\u0435\u0446\u0438\u043d\u0441\u044c\u043a\u0438\u0439 \u0432\u0456\u0434\u0434\u0456\u043b<\/div>\n<p>\u0432\u0443\u043b\u0438\u0446\u044f \u0420\u044e\u0433\u0435\u043d, 71<br \/>\n71-653 \u0429\u0435\u0446\u0438\u043d<\/p><\/div>\n<div style=\"float:left; margin-right:20px; width:210px;\">\n<div style=\"font-weight:bold;\">\u0412\u0440\u043e\u0446\u043b\u0430\u0432\u0441\u044c\u043a\u0438\u0439 \u0432\u0456\u0434\u0434\u0456\u043b<\/div>\n<p>\u041f\u0430\u0440\u0442\u0438\u043d\u0438\u0446\u044c\u043a\u0430, 32<br \/>\n53-031 \u0412\u0440\u043e\u0446\u043b\u0430\u0432<\/p><\/div>\n<\/div>\n<div style=\"clear:both;\">\n<div style=\"margin-top:50px; font-weight:bold;\">\u041f\u043e\u0434\u0438\u0432\u0456\u0442\u044c\u0441\u044f, \u044f\u043a \u0434\u043e \u043d\u0430\u0441 \u0434\u043e\u0457\u0445\u0430\u0442\u0438!<\/div>\n<p><iframe loading=\"lazy\" frameborder=\"0\" height=\"700\" width=\"600\" marginheight=\"0\" marginwidth=\"0\" scrolling=\"no\" src=\"https:\/\/maps.google.pl\/maps?ie=UTF8&#038;cid=1316822299054705781&#038;q=Zak%C5%82ad+Doradztwa+Bezpiecze%C5%84stwa+Pracy+ERGON+-+O%C5%9Brodek+Doskonalenia+Kadr&#038;gl=PL&#038;hl=pl&#038;t=m&#038;ll=52.195416,20.864003&#038;spn=0.004604,0.010192&#038;z=16&#038;iwloc=A&#038;output=embed\"><\/iframe>\n<\/div>","protected":false},"excerpt":{"rendered":"<p>In case of questions and doubts, please write on our e-mail or phone us- our workers will explain all intricacies and they will present you details of the offer with prices. For bigger groups, we will need attractive discounts. We invite you to benefit from our training, advisory, implementation and audit services. The headquarters: Transport tips: The headquarters of ODK (the Centre for Staff Training) Ergon is located in the shopping department Gawra shopping centre on the first floor place 47 (backdoor, second staircase). To find the way to us without problems, enter the address 1, Hermana Street intoyour navigation system and you will go behind Gawra shopping centre, there is a parking. You are invited! 58C Warszawska Street place 47 02-496 Warszawa tel. +48 22 290 29 09 Local departments: Bia\u0142ystok department 9, Nowy \u015bwiat Street 15-453 Bia\u0142ystok Bielsko Bia\u0142a department Obro\u0144c\u00f3w W\u0119gierskiej G\u00f3rki Street 34-350 Wegierska G\u00f3rka Bydgoszcz department 13, Stary Port Street 85-068 Bydgoszcz Gda\u0144sk department 45, Ko\u0142obrzeska Street 80-391 Gda\u0144sk Gdynia department 7, Zbo\u017cowa Street 81-020 Gdynia Katowice (Silesia) department 51, Kijowska Street 40-754 Katowice Cracow department (Ma\u0142opolska) 9, Lepkowskiego Street flat no. 23 31-423 Krak\u00f3w tel. +48 12 626 67 09 Lublin department 10, Nieca\u0142a Street 20-080 Lublin \u0141\u00f3d\u017a department 121, Piotrowska Street 62-061 \u0141\u00f3d\u017a Pozna\u0144 department 20, Sienkiewicza Street 60-818 Pozna\u0144 Szczecin department 71, Rugia\u0144ska Street 71-653 Szczecin Wroc\u0142aw department 32, Partynicka Street 53-031 Wroc\u0142aw See how to get to us!<\/p>","protected":false},"author":1,"featured_media":0,"parent":0,"menu_order":5,"comment_status":"closed","ping_status":"closed","template":"","meta":{"sfsi_plus_gutenberg_text_before_share":"","sfsi_plus_gutenberg_show_text_before_share":"","sfsi_plus_gutenberg_icon_type":"","sfsi_plus_gutenberg_icon_alignemt":"","sfsi_plus_gutenburg_max_per_row":"","footnotes":""},"class_list":["post-1714","page","type-page","status-publish","hentry","has_no_thumb"],"aioseo_notices":[],"_links":{"self":[{"href":"https:\/\/kursy-udt.pl\/ua\/wp-json\/wp\/v2\/pages\/1714","targetHints":{"allow":["GET"]}}],"collection":[{"href":"https:\/\/kursy-udt.pl\/ua\/wp-json\/wp\/v2\/pages"}],"about":[{"href":"https:\/\/kursy-udt.pl\/ua\/wp-json\/wp\/v2\/types\/page"}],"author":[{"embeddable":true,"href":"https:\/\/kursy-udt.pl\/ua\/wp-json\/wp\/v2\/users\/1"}],"replies":[{"embeddable":true,"href":"https:\/\/kursy-udt.pl\/ua\/wp-json\/wp\/v2\/comments?post=1714"}],"version-history":[{"count":6,"href":"https:\/\/kursy-udt.pl\/ua\/wp-json\/wp\/v2\/pages\/1714\/revisions"}],"predecessor-version":[{"id":2410,"href":"https:\/\/kursy-udt.pl\/ua\/wp-json\/wp\/v2\/pages\/1714\/revisions\/2410"}],"wp:attachment":[{"href":"https:\/\/kursy-udt.pl\/ua\/wp-json\/wp\/v2\/media?parent=1714"}],"curies":[{"name":"wp","href":"https:\/\/api.w.org\/{rel}","templated":true}]}}