{"id":1657,"date":"2016-01-22T16:01:20","date_gmt":"2016-01-22T16:01:20","guid":{"rendered":"http:\/\/kursy-udt.pl\/?page_id=1657"},"modified":"2016-01-22T16:08:34","modified_gmt":"2016-01-22T16:08:34","slug":"%d0%bf%d1%80%d0%b0%d0%b9%d1%81-%d0%bb%d0%b8%d1%81%d1%82-2","status":"publish","type":"page","link":"https:\/\/kursy-udt.eu\/ua\/pricelist\/","title":{"rendered":"\u041f\u0440\u0430\u0439\u0441 \u043b\u0438\u0441\u0442"},"content":{"rendered":"<div class=\"wyjustuj\">\n<table border=\"1\" cellspacing=\"0\" cellpadding=\"7\">\n<tbody>\n<tr>\n<td rowspan=\"2\" bgcolor=\"#c6d9f1\">\n<p align=\"CENTER\"><b>\u041a\u0443\u0440\u0441 - \u043d\u0430\u0432\u0447\u0430\u043d\u043d\u044f<\/b><br \/>\n\u041f\u0440\u043e\u043f\u043e\u0437\u0438\u0446\u0456\u044f \u0432\u043a\u043b\u044e\u0447\u0430\u0454 \u0432\u0430\u0440\u0442\u0456\u0441\u0442\u044c \u043a\u0432\u0430\u043b\u0456\u0444\u0456\u043a\u0430\u0446\u0456\u0439\u043d\u043e\u0433\u043e \u0456\u0441\u043f\u0438\u0442\u0443 \u043f\u0435\u0440\u0435\u0434 \u0435\u043a\u0437\u0430\u043c\u0435\u043d\u0430\u0446\u0456\u0439\u043d\u043e\u044e \u043a\u043e\u043c\u0456\u0441\u0456\u0454\u044e UDT - 152,00 \u0437\u043b\u043e\u0442\u0438\u0445 \u0431\u0440\u0443\u0442\u0442\u043e ZW \u041f\u0414\u0412<\/p>\n<\/td>\n<td colspan=\"4\" valign=\"TOP\" bgcolor=\"#c6d9f1\">\n<p align=\"CENTER\"><b>\u0426\u0456\u043d\u0430 \u0437\u0430\u043b\u0435\u0436\u0438\u0442\u044c \u0432\u0456\u0434 \u043a\u0456\u043b\u044c\u043a\u043e\u0441\u0442\u0456 \u0437\u0430\u0440\u0435\u0454\u0441\u0442\u0440\u043e\u0432\u0430\u043d\u0438\u0445 \u043e\u0441\u0456\u0431<br \/>\n<\/b>\u041d\u0430\u0432\u0435\u0434\u0435\u043d\u0456 \u043d\u0438\u0436\u0447\u0435 \u0446\u0456\u043d\u0438 \u0454 \u0432\u0430\u043b\u043e\u0432\u043e\u044e \u0432\u0430\u0440\u0442\u0456\u0441\u0442\u044e ZW \u041f\u0414\u0412<\/p>\n<\/td>\n<\/tr>\n<tr>\n<td bgcolor=\"#c6d9f1\">\n<p align=\"CENTER\"><span style=\"color: #c0504d;\"><b>1-2 \u043b\u044e\u0434\u0438\u043d\u0438<\/b><\/span><\/p>\n<\/td>\n<td bgcolor=\"#c6d9f1\">\n<p align=\"CENTER\"><span style=\"color: #c0504d;\"><b>3-5 \u043e\u0441\u0456\u0431<\/b><\/span><\/p>\n<\/td>\n<td bgcolor=\"#c6d9f1\">\n<p align=\"CENTER\"><span style=\"color: #c0504d;\"><b>6-10 \u043e\u0441\u0456\u0431<\/b><\/span><\/p>\n<\/td>\n<td bgcolor=\"#c6d9f1\">\n<p align=\"CENTER\"><span style=\"color: #c0504d;\"><b>11-15 \u0447\u043e\u043b\u043e\u0432\u0456\u043a<\/b><\/span><\/p>\n<\/td>\n<\/tr>\n<tr>\n<td bgcolor=\"#fde9d9\"><span style=\"text-decoration: underline;\">\u041d\u0430\u0432\u0430\u043d\u0442\u0430\u0436\u0443\u0432\u0430\u0447\u0456 \u0456\u0437 \u0437\u0430\u043c\u0456\u043d\u043e\u044e \u0433\u0430\u0437\u043e\u0432\u0438\u0445 \u0431\u0430\u043b\u043e\u043d\u0456\u0432<\/span> - \u043a\u0456\u0442. II WJO<\/td>\n<td bgcolor=\"#fde9d9\">\n<p align=\"CENTER\">752 \u0437\u043b\u043e\u0442\u0438\u0445<\/p>\n<\/td>\n<td bgcolor=\"#fde9d9\">\n<p align=\"CENTER\">652 \u0437\u043b\u043e\u0442\u0438\u0445<\/p>\n<\/td>\n<td bgcolor=\"#fde9d9\">\n<p align=\"CENTER\">602 \u0437\u043b\u043e\u0442\u0438\u0445<\/p>\n<\/td>\n<td bgcolor=\"#fde9d9\">\n<p align=\"CENTER\">552 \u0437\u043b\u043e\u0442\u0438\u0445<\/p>\n<\/td>\n<\/tr>\n<tr>\n<td><span style=\"text-decoration: underline;\">K\u0421\u043f\u0435\u0446\u0456\u0430\u043b\u0456\u0437\u043e\u0432\u0430\u043d\u0438\u0439 \u043a\u0443\u0440\u0441 \u043d\u0430\u0432\u0430\u043d\u0442\u0430\u0436\u0443\u0432\u0430\u0447\u0456\u0432<\/span> - \u0430\u0432\u0442\u043e\u043d\u0430\u0432\u0430\u043d\u0442\u0430\u0436\u0443\u0432\u0430\u0447 \u0437 \u043a\u0430\u0431\u0456\u043d\u043e\u044e \u043e\u043f\u0435\u0440\u0430\u0442\u043e\u0440\u0430 - \u043a\u0430\u0442. IWJO<\/td>\n<td>\n<p align=\"CENTER\">952 \u0437\u043b\u043e\u0442\u0438\u0445<\/p>\n<\/td>\n<td>\n<p align=\"CENTER\">902 \u0437\u043b\u043e\u0442\u0438\u0445<\/p>\n<\/td>\n<td>\n<p align=\"CENTER\">852 \u0437\u043b\u043e\u0442\u0438\u0445<\/p>\n<\/td>\n<td>\n<p align=\"CENTER\">802 \u0437\u043b\u043e\u0442\u0438\u0445<\/p>\n<\/td>\n<\/tr>\n<tr>\n<td bgcolor=\"#fde9d9\"><span style=\"text-decoration: underline;\">\u041a\u0443\u0440\u0441 \u0442\u0435\u043b\u0435\u0441\u043a\u043e\u043f\u0456\u0447\u043d\u0438\u0445 \u043d\u0430\u0432\u0430\u043d\u0442\u0430\u0436\u0443\u0432\u0430\u0447\u0456\u0432<\/span> - \u043a\u0432\u0430\u043b\u0456\u0444\u0456\u043a\u0430\u0446\u0456\u044f \u043e\u043f\u0435\u0440\u0430\u0442\u043e\u0440\u0430 \u0442\u0435\u043b\u0435\u0441\u043a\u043e\u043f\u0456\u0447\u043d\u0438\u0445 \u043d\u0430\u0432\u0430\u043d\u0442\u0430\u0436\u0443\u0432\u0430\u0447\u0456\u0432 (\u043d\u0430\u0432\u0430\u043d\u0442\u0430\u0436\u0443\u0432\u0430\u0447\u0456\u0432 \u0437\u0456 \u0441\u043f\u0435\u0446\u0456\u0430\u043b\u0456\u0437\u043e\u0432\u0430\u043d\u043e\u044e \u0437\u043c\u0456\u043d\u043d\u043e\u044e \u043f\u043e\u0434\u043e\u0432\u0436\u0443\u0432\u0430\u0447\u0435\u043c) - \u043a\u0430\u0442. IWJO<\/td>\n<td bgcolor=\"#fde9d9\">\n<p align=\"CENTER\">1152 \u0437\u043b\u043e\u0442\u0438\u0445<\/p>\n<\/td>\n<td bgcolor=\"#fde9d9\">\n<p align=\"CENTER\">1102 \u0437\u043b\u043e\u0442\u0438\u0445<\/p>\n<\/td>\n<td bgcolor=\"#fde9d9\">\n<p align=\"CENTER\">1052 \u0437\u043b\u043e\u0442\u0438\u0445<\/p>\n<\/td>\n<td bgcolor=\"#fde9d9\">\n<p align=\"CENTER\">1002 \u0437\u043b\u043e\u0442\u0438\u0445<\/p>\n<\/td>\n<\/tr>\n<tr>\n<td><span style=\"text-decoration: underline;\">\u041a\u0443\u0440\u0441 \u043f\u043e \u0440\u043e\u0431\u043e\u0442\u0456 \u0437 \u043c\u043e\u0431\u0456\u043b\u044c\u043d\u0438\u043c\u0438 \u043f\u043b\u0430\u0442\u0444\u043e\u0440\u043c\u0430\u043c\u0438<\/span> - \u043f\u043b\u0430\u0442\u0444\u043e\u0440\u043c\u0438 \u043f\u0435\u0440\u0435\u0441\u0443\u0432\u043d\u0456 \u0442\u0438\u0445\u043e\u0445\u0456\u0434\u043d\u0456, \u043f\u043b\u0430\u0442\u0444\u043e\u0440\u043c\u0438 \u043d\u043e\u0436\u0438\u0447\u043d\u0456, \u043f\u043b\u0430\u0442\u0444\u043e\u0440\u043c\u0438 \u0448\u0430\u0440\u043d\u0456\u0440\u043d\u0456, \u0442\u0435\u043b\u0435\u0441\u043a\u043e\u043f\u0456\u0447\u043d\u0456 \u0442\u0430 \u043f\u0435\u0440\u0435\u0441\u0443\u0432\u043d\u0456 - cat.IP<\/td>\n<td>\n<p align=\"CENTER\">802 \u0437\u043b\u043e\u0442\u0438\u0445<\/p>\n<\/td>\n<td>\n<p align=\"CENTER\">752 \u0437\u043b\u043e\u0442\u0438\u0445<\/p>\n<\/td>\n<td>\n<p align=\"CENTER\">702 \u0437\u043b\u043e\u0442\u0438\u0445<\/p>\n<\/td>\n<td>\n<p align=\"CENTER\">652 \u0437\u043b\u043e\u0442\u0438\u0445<\/p>\n<\/td>\n<\/tr>\n<tr>\n<td bgcolor=\"#fde9d9\"><span style=\"text-decoration: underline;\">\u0425\u0456\u0434 \u043d\u0430 \u0430\u0432\u0442\u043e\u0432\u0438\u0448\u0446\u0456<\/span> - \u0435\u043a\u0441\u043f\u043b\u0443\u0430\u0442\u0430\u0446\u0456\u044f \u043c\u043e\u0431\u0456\u043b\u044c\u043d\u0438\u0445 \u043f\u043b\u0430\u0442\u0444\u043e\u0440\u043c, \u0437\u043c\u043e\u043d\u0442\u043e\u0432\u0430\u043d\u0438\u0445 \u043d\u0430 \u0432\u0430\u043d\u0442\u0430\u0436\u043d\u0438\u0445 \u0430\u0432\u0442\u043e\u043c\u043e\u0431\u0456\u043b\u044f\u0445- \u043a\u0430\u0442. IP<\/td>\n<td bgcolor=\"#fde9d9\">\n<p align=\"CENTER\">952 \u0437\u043b\u043e\u0442\u0438\u0445<\/p>\n<\/td>\n<td bgcolor=\"#fde9d9\">\n<p align=\"CENTER\">902 \u0437\u043b\u043e\u0442\u0438\u0445<\/p>\n<\/td>\n<td bgcolor=\"#fde9d9\">\n<p align=\"CENTER\">852 \u0437\u043b\u043e\u0442\u0438\u0445<\/p>\n<\/td>\n<td bgcolor=\"#fde9d9\">\n<p align=\"CENTER\">802 \u0437\u043b\u043e\u0442\u0438\u0445<\/p>\n<\/td>\n<\/tr>\n<tr>\n<td><span style=\"text-decoration: underline;\">\u041a\u0443\u0440\u0441 \u0435\u043a\u0441\u043f\u043b\u0443\u0430\u0442\u0430\u0446\u0456\u0457 \u043f\u0456\u0434\u0432\u0456\u0441\u043d\u0438\u0445, \u0449\u043e\u0433\u043b\u043e\u0432\u0438\u0445, \u0441\u0442\u0430\u0442\u0438\u0447\u043d\u0438\u0445 \u043f\u043b\u0430\u0442\u0444\u043e\u0440\u043c<\/span> - \u0431\u0435\u0437 \u0442\u0435\u0445\u043d\u043e\u043b\u043e\u0433\u0456\u0447\u043d\u043e\u0457 \u043f\u043e\u0441\u043b\u0456\u0434\u043e\u0432\u043d\u043e\u0441\u0442\u0456- \u043a\u0430\u0442. IIP<\/td>\n<td>\n<p align=\"CENTER\">952 \u0437\u043b\u043e\u0442\u0438\u0445<\/p>\n<\/td>\n<td>\n<p align=\"CENTER\">852 \u0437\u043b\u043e\u0442\u0438\u0445<\/p>\n<\/td>\n<td>\n<p align=\"CENTER\">752 \u0437\u043b\u043e\u0442\u0438\u0445<\/p>\n<\/td>\n<td>\n<p align=\"CENTER\">702 \u0437\u043b\u043e\u0442\u0438\u0445<\/p>\n<\/td>\n<\/tr>\n<tr>\n<td bgcolor=\"#fde9d9\"><span style=\"text-decoration: underline;\">\u041a\u0443\u0440\u0441 \u0435\u043a\u0441\u043f\u043b\u0443\u0430\u0442\u0430\u0446\u0456\u0457 \u0441\u0442\u0440\u0456\u043b\u043e\u0432\u0438\u0445 \u043a\u0440\u0430\u043d\u0456\u0432 HDS<\/span> - \u0435\u043a\u0441\u043f\u043b\u0443\u0430\u0442\u0430\u0446\u0456\u044f \u043c\u043e\u0431\u0456\u043b\u044c\u043d\u0438\u0445 \u0456 \u043f\u0435\u0440\u0435\u043d\u043e\u0441\u043d\u0438\u0445 \u043a\u0440\u0430\u043d\u0456\u0432, \u0437\u043c\u043e\u043d\u0442\u043e\u0432\u0430\u043d\u0438\u0445 \u043d\u0430 \u043a\u0443\u0437\u043e\u0432\u0456 \u0430\u0432\u0442\u043e\u043c\u043e\u0431\u0456\u043b\u044f \u0442\u0438\u043f\u0443 HDS-\u043a\u0430\u0442. II\u017b<\/td>\n<td bgcolor=\"#fde9d9\">\n<p align=\"CENTER\">952 \u0437\u043b\u043e\u0442\u0438\u0445<\/p>\n<\/td>\n<td bgcolor=\"#fde9d9\">\n<p align=\"CENTER\">852 \u0437\u043b\u043e\u0442\u0438\u0445<\/p>\n<\/td>\n<td bgcolor=\"#fde9d9\">\n<p align=\"CENTER\">802 \u0437\u043b\u043e\u0442\u0438\u0445<\/p>\n<\/td>\n<td bgcolor=\"#fde9d9\">\n<p align=\"CENTER\">752 \u0437\u043b\u043e\u0442\u0438\u0445<\/p>\n<\/td>\n<\/tr>\n<tr>\n<td><span style=\"text-decoration: underline;\">\u041a\u0443\u0440\u0441 \u0440\u043e\u0431\u043e\u0442\u0438 \u0437 \u043f\u043e\u0440\u0442\u0430\u043b\u043e\u043c, \u043f\u0456\u0434\u0439\u043e\u043c\u043d\u0438\u043a\u043e\u043c \u0456 \u043f\u0456\u0434\u0439\u043e\u043c\u043d\u043e\u044e \u043b\u0435\u0431\u0456\u0434\u043a\u043e\u044e<\/span> - \u043a\u0435\u0440\u0443\u0454\u0442\u044c\u0441\u044f \u0437 \u0440\u0456\u0432\u043d\u044f \u0437\u0435\u043c\u043b\u0456- \u043a\u0430\u0442. IIS<\/td>\n<td>\n<p align=\"CENTER\">752 \u0437\u043b\u043e\u0442\u0438\u0445<\/p>\n<\/td>\n<td>\n<p align=\"CENTER\">702 \u0437\u043b\u043e\u0442\u0438\u0445<\/p>\n<\/td>\n<td>\n<p align=\"CENTER\">652 \u0437\u043b\u043e\u0442\u0438\u0445<\/p>\n<\/td>\n<td>\n<p align=\"CENTER\">602 \u0437\u043b\u043e\u0442\u0438\u0445<\/p>\n<\/td>\n<\/tr>\n<tr>\n<td bgcolor=\"#fde9d9\"><span style=\"text-decoration: underline;\">\u041a\u0443\u0440\u0441 \u0435\u043a\u0441\u043f\u043b\u0443\u0430\u0442\u0430\u0446\u0456\u0457 \u043f\u0456\u0434\u0439\u043e\u043c\u043d\u0438\u043a\u0456\u0432 \u0456 \u0440\u043e\u0437\u043c\u0456\u0449\u0435\u043d\u043d\u044f \u043b\u0435\u0431\u0456\u0434\u043e\u043a<\/span> - \u043a\u0432\u0430\u043b\u0456\u0444\u0456\u043a\u0430\u0446\u0456\u044f \u0437 \u0435\u043a\u0441\u043f\u043b\u0443\u0430\u0442\u0430\u0446\u0456\u0457 \u043f\u0456\u0434\u0439\u043e\u043c\u043d\u0438\u043a\u0456\u0432 \u0456 \u043f\u0456\u0434\u0439\u043e\u043c\u043d\u0438\u0445 \u043b\u0435\u0431\u0456\u0434\u043e\u043a, \u043a\u0435\u0440\u043e\u0432\u0430\u043d\u0438\u0445 \u0437 \u0440\u0456\u0432\u043d\u044f \u0437\u0435\u043c\u043b\u0456, \u0432 \u0442\u043e\u043c\u0443 \u0447\u0438\u0441\u043b\u0456 \u0437 \u0434\u0438\u0441\u0442\u0430\u043d\u0446\u0456\u0439\u043d\u0438\u043c \u043a\u0435\u0440\u0443\u0432\u0430\u043d\u043d\u044f\u043c \u043a\u0430\u0442. IIW<\/td>\n<td bgcolor=\"#fde9d9\">\n<p align=\"CENTER\">702 \u0437\u043b\u043e\u0442\u0438\u0445<\/p>\n<\/td>\n<td bgcolor=\"#fde9d9\">\n<p align=\"CENTER\">652 \u0437\u043b\u043e\u0442\u0438\u0445<\/p>\n<\/td>\n<td bgcolor=\"#fde9d9\">\n<p align=\"CENTER\">602 \u0437\u043b\u043e\u0442\u0438\u0445<\/p>\n<\/td>\n<td bgcolor=\"#fde9d9\">\n<p align=\"CENTER\">552 \u0437\u043b\u043e\u0442\u0438\u0445<\/p>\n<\/td>\n<\/tr>\n<tr>\n<td><span style=\"text-decoration: underline;\">\u041a\u0443\u0440\u0441 \u0435\u043a\u0441\u043f\u043b\u0443\u0430\u0442\u0430\u0446\u0456\u0457 \u0441\u0442\u0430\u0442\u0438\u0447\u043d\u0438\u0445 \u0441\u0442\u0440\u0456\u043b\u043e\u0432\u0438\u0445 \u043a\u0440\u0430\u043d\u0456\u0432<\/span> - \u043a\u0432\u0430\u043b\u0456\u0444\u0456\u043a\u0430\u0446\u0456\u044f \u0434\u043b\u044f \u043e\u0442\u0440\u0438\u043c\u0430\u043d\u043d\u044f \u0441\u0442\u0430\u0442\u0438\u0447\u043d\u0438\u0445 \u0442\u0430 \u0432\u0438\u0440\u043e\u0431\u043d\u0438\u0447\u0438\u0445 \u043a\u0440\u0430\u043d\u0456\u0432- \u043a\u0430\u0442. II\u017b<\/td>\n<td>\n<p align=\"CENTER\">702 \u0437\u043b\u043e\u0442\u0438\u0445<\/p>\n<\/td>\n<td>\n<p align=\"CENTER\">602 \u0437\u043b\u043e\u0442\u0438\u0445<\/p>\n<\/td>\n<td>\n<p align=\"CENTER\">552 \u0437\u043b\u043e\u0442\u0438\u0445<\/p>\n<\/td>\n<td>\n<p align=\"CENTER\">502 \u0437\u043b\u043e\u0442\u0438\u0445<\/p>\n<\/td>\n<\/tr>\n<tr>\n<td bgcolor=\"#fde9d9\"><span style=\"text-decoration: underline;\">\u041a\u0443\u0440\u0441 \u0435\u043a\u0441\u043f\u043b\u0443\u0430\u0442\u0430\u0446\u0456\u0457 \u0432\u0430\u043d\u0442\u0430\u0436\u043d\u0438\u0445 \u0456 \u043f\u0430\u0441\u0430\u0436\u0438\u0440\u0441\u044c\u043a\u0438\u0445 \u043b\u0456\u0444\u0442\u0456\u0432<\/span> - \u0435\u043a\u0441\u043f\u043b\u0443\u0430\u0442\u0430\u0446\u0456\u044f \u0432\u0430\u043d\u0442\u0430\u0436\u043d\u0438\u0445 \u043b\u0456\u0444\u0442\u0456\u0432 \u043f\u0456\u0434 \u0432\u043d\u0443\u0442\u0440\u0456\u0448\u043d\u0456\u043c \u043a\u043e\u043d\u0442\u0440\u043e\u043b\u0435\u043c \u0456 \u043b\u0456\u043a\u0430\u0440\u043d\u044f\u043d\u0438\u0445 \u0430\u0431\u043e \u0431\u0443\u0434\u0456\u0432\u0435\u043b\u044c\u043d\u0438\u0445 \u043b\u0456\u0444\u0442\u0456\u0432 \u0437 \u0456\u0441\u043f\u0438\u0442\u043e\u043c \u043f\u0435\u0440\u0435\u0434 \u043a\u043e\u043c\u0456\u0441\u0456\u0454\u044e UDT - \u043a\u0432\u0430\u043b\u0456\u0444\u0456\u043a\u0430\u0446\u0456\u044f ID \u0442\u0430 IID<\/td>\n<td bgcolor=\"#fde9d9\">\n<p align=\"CENTER\">702 \u0437\u043b\u043e\u0442\u0438\u0445<\/p>\n<\/td>\n<td bgcolor=\"#fde9d9\">\n<p align=\"CENTER\">652 \u0437\u043b\u043e\u0442\u0438\u0445<\/p>\n<\/td>\n<td bgcolor=\"#fde9d9\">\n<p align=\"CENTER\">602 \u0437\u043b\u043e\u0442\u0438\u0445<\/p>\n<\/td>\n<td bgcolor=\"#fde9d9\">\n<p align=\"CENTER\">552 \u0437\u043b\u043e\u0442\u0438\u0445<\/p>\n<\/td>\n<\/tr>\n<tr>\n<td><span style=\"text-decoration: underline;\">\u041a\u0443\u0440\u0441 \u043e\u043f\u0435\u0440\u0430\u0442\u043e\u0440\u0430 \u0441\u0430\u043c\u043e\u0445\u0456\u0434\u043d\u043e\u0433\u043e \u043f\u0456\u0434\u0439\u043e\u043c\u043d\u0438\u043a\u0430<\/span> - \u0435\u043a\u0441\u043f\u043b\u0443\u0430\u0442\u0430\u0446\u0456\u044f \u0441\u0430\u043c\u043e\u0445\u0456\u0434\u043d\u0438\u0445 \u0441\u0442\u0440\u0456\u043b\u043e\u0432\u0438\u0445 \u043a\u0440\u0430\u043d\u0456\u0432, \u0437\u043c\u043e\u043d\u0442\u043e\u0432\u0430\u043d\u0438\u0445 \u043d\u0430 \u0432\u0430\u043d\u0442\u0430\u0436\u043d\u0438\u0445 \u0430\u0432\u0442\u043e\u043c\u043e\u0431\u0456\u043b\u044f\u0445<\/td>\n<td>\n<p align=\"CENTER\">3352 \u0437\u043b\u043e\u0442\u0438\u0445<\/p>\n<\/td>\n<td>\n<p align=\"CENTER\">3252 \u0437\u043b\u043e\u0442\u0438\u0445<\/p>\n<\/td>\n<td>\n<p align=\"CENTER\">3152 \u0437\u043b\u043e\u0442\u0438\u0445<\/p>\n<\/td>\n<td>\n<p align=\"CENTER\">3052 \u0437\u043b\u043e\u0442\u0438\u0445<\/p>\n<\/td>\n<\/tr>\n<tr>\n<td bgcolor=\"#fde9d9\"><span style=\"text-decoration: underline;\">\u041a\u0443\u0440\u0441 \u043e\u043f\u0435\u0440\u0430\u0442\u043e\u0440\u0430 \u0448\u0432\u0438\u0434\u043a\u043e\u0437\u0431\u0456\u0440\u043d\u0438\u0445 \u0441\u0442\u0440\u0456\u043b\u043e\u0432\u0438\u0445 \u043a\u0440\u0430\u043d\u0456\u0432<\/span> - I\u017b \u043a\u0432\u0430\u043b\u0456\u0444\u0456\u043a\u0430\u0446\u0456\u044f \u043e\u043f\u0435\u0440\u0430\u0442\u043e\u0440\u0430 \u0431\u0435\u0437\u0434\u0440\u043e\u0442\u043e\u0432\u043e\u0433\u043e \u043d\u0430\u0437\u0435\u043c\u043d\u043e\u0433\u043e \u043a\u0435\u0440\u043e\u0432\u0430\u043d\u043e\u0433\u043e \u0441\u0442\u0440\u0456\u043b\u043e\u0432\u043e\u0433\u043e \u043a\u0440\u0430\u043d\u0430<\/td>\n<td bgcolor=\"#fde9d9\">\n<p align=\"CENTER\">2252 \u0437\u043b\u043e\u0442\u0438\u0445<\/p>\n<\/td>\n<td bgcolor=\"#fde9d9\">\n<p align=\"CENTER\">2152 \u0437\u043b\u043e\u0442\u0438\u0445<\/p>\n<\/td>\n<td bgcolor=\"#fde9d9\">\n<p align=\"CENTER\">2052 \u0437\u043b\u043e\u0442\u0438\u0445<\/p>\n<\/td>\n<td bgcolor=\"#fde9d9\">\n<p align=\"CENTER\">1952 \u0437\u043b\u043e\u0442\u0438\u0445<\/p>\n<\/td>\n<\/tr>\n<tr>\n<td><span style=\"text-decoration: underline;\">\u041a\u0443\u0440\u0441 \u043c\u0430\u0448\u0438\u043d\u0456\u0441\u0442\u0430 \u0431\u0430\u0448\u0442\u043e\u0432\u0438\u0445 \u0441\u0442\u0440\u0456\u043b\u043e\u0432\u0438\u0445 \u043a\u0440\u0430\u043d\u0456\u0432<\/span> - I\u017b \u043a\u0432\u0430\u043b\u0456\u0444\u0456\u043a\u0430\u0446\u0456\u044f \u043c\u0430\u0448\u0438\u043d\u0456\u0441\u0442\u0430 \u0431\u0430\u0448\u0442\u043e\u0432\u0438\u0445 \u0442\u0430 \u0431\u0443\u0434\u0456\u0432\u0435\u043b\u044c\u043d\u0438\u0445 \u0441\u0442\u0440\u0456\u043b\u043e\u0432\u0438\u0445 \u043a\u0440\u0430\u043d\u0456\u0432 (\u043d\u0430 \u043f\u0440\u0430\u043a\u0442\u0438\u0447\u043d\u0438\u0445 \u0437\u0430\u043d\u044f\u0442\u0442\u044f\u0445 \u0432\u0445\u043e\u0434\u0438\u0442\u044c \u0432\u0430\u0440\u0442\u0456\u0441\u0442\u044c \u0441\u0442\u0440\u0430\u0445\u043e\u0432\u043a\u0438)<\/td>\n<td>\n<p align=\"CENTER\">6852 \u0437\u043b\u043e\u0442\u0438\u0445<\/p>\n<\/td>\n<td>\n<p align=\"CENTER\">4852 \u0437\u043b\u043e\u0442\u0438\u0445<\/p>\n<\/td>\n<td>\n<p align=\"CENTER\">4252 \u0437\u043b\u043e\u0442\u0438\u0445<\/p>\n<\/td>\n<td>\n<p align=\"CENTER\">3752 \u0437\u043b\u043e\u0442\u0438\u0445<\/p>\n<\/td>\n<\/tr>\n<tr>\n<td bgcolor=\"#fde9d9\"><span style=\"text-decoration: underline;\">\u041a\u0443\u0440\u0441 \u043c\u0430\u0439\u0441\u0442\u0440\u0430 \u043d\u0430 \u0432\u0441\u0456 \u0440\u0443\u043a\u0438<\/span> - \u041a\u0432\u0430\u043b\u0456\u0444\u0456\u043a\u0430\u0446\u0456\u044f UDT \u0434\u043b\u044f \u0442\u0435\u0445\u043d\u0456\u0447\u043d\u043e\u0433\u043e \u043e\u0431\u0441\u043b\u0443\u0433\u043e\u0432\u0443\u0432\u0430\u043d\u043d\u044f, \u0440\u0435\u043c\u043e\u043d\u0442\u0443 \u0442\u0430 \u043e\u0431\u0441\u043b\u0443\u0433\u043e\u0432\u0443\u0432\u0430\u043d\u043d\u044f \u043c\u0430\u0448\u0438\u043d \u0434\u043b\u044f \u0431\u043b\u0438\u0436\u043d\u044c\u043e\u0433\u043e \u0442\u0440\u0430\u043d\u0441\u043f\u043e\u0440\u0442\u0443, \u0449\u043e \u043b\u0435\u0436\u0438\u0442\u044c \u0432 \u043e\u0441\u043d\u043e\u0432\u0456 \u0442\u0435\u0445\u043d\u0456\u0447\u043d\u043e\u0433\u043e \u043d\u0430\u0433\u043b\u044f\u0434\u0443, \u043d\u0430\u043f\u0440\u0438\u043a\u043b\u0430\u0434, \u043d\u0430\u0432\u0430\u043d\u0442\u0430\u0436\u0443\u0432\u0430\u0447\u0456, \u043a\u0440\u0430\u043d\u0438, \u043f\u043e\u0440\u0442\u0430\u043b\u0438, \u043c\u043e\u0431\u0456\u043b\u044c\u043d\u0456 \u043f\u043b\u0430\u0442\u0444\u043e\u0440\u043c\u0438 \u0442\u0430 \u0456\u043d\u0448\u0456.<\/td>\n<td bgcolor=\"#fde9d9\">\n<p align=\"CENTER\">2152 \u0437\u043b\u043e\u0442\u0438\u0445<\/p>\n<\/td>\n<td bgcolor=\"#fde9d9\">\n<p align=\"CENTER\">1852 \u0437\u043b\u043e\u0442\u0438\u0445<\/p>\n<\/td>\n<td bgcolor=\"#fde9d9\">\n<p align=\"CENTER\">1552 \u0437\u043b\u043e\u0442\u0438\u0445<\/p>\n<\/td>\n<td bgcolor=\"#fde9d9\">\n<p align=\"CENTER\">1252 \u0437\u043b\u043e\u0442\u0438\u0445<\/p>\n<\/td>\n<\/tr>\n<tr>\n<td colspan=\"5\" bgcolor=\"#c6d9f1\">\n<p align=\"CENTER\"><span style=\"font-size: small;\"><span style=\"font-weight: normal;\">\u041d\u0430\u0432\u0435\u0434\u0435\u043d\u0430 \u0432\u0438\u0449\u0435 \u0446\u0456\u043d\u043e\u0432\u0430 \u043f\u0440\u043e\u043f\u043e\u0437\u0438\u0446\u0456\u044f \u043d\u0435 \u0454 \u043f\u0440\u043e\u043f\u043e\u0437\u0438\u0446\u0456\u0454\u044e \u0432\u0456\u0434\u043f\u043e\u0432\u0456\u0434\u043d\u043e \u0434\u043e \u043d\u043e\u0440\u043c \u0426\u0438\u0432\u0456\u043b\u044c\u043d\u043e\u0433\u043e \u043a\u043e\u0434\u0435\u043a\u0441\u0443, \u043e\u0441\u043a\u0456\u043b\u044c\u043a\u0438 \u043a\u043e\u0436\u043d\u0430 \u0432\u0430\u0440\u0442\u0456\u0441\u0442\u044c \u043d\u0430\u0432\u0447\u0430\u043d\u043d\u044f \u043c\u043e\u0436\u0435 \u043e\u0431\u0433\u043e\u0432\u043e\u0440\u044e\u0432\u0430\u0442\u0438\u0441\u044f \u043e\u043a\u0440\u0435\u043c\u043e.<\/span><\/span><\/p>\n<\/td>\n<\/tr>\n<\/tbody>\n<\/table>\n<\/div>","protected":false},"excerpt":{"rendered":"<p>Course- training The offer includes the cost of qualifications exam in front of the exam UDT board- 152,00 zloty gross ZW VAT The price depends on the number of enrolled people Prices below are the Gross cost ZW VAT 1-2 people 3-5 people 6-10 people 11-15 people Forklift trucks with exchanging gas cylinders &#8211; cat. II WJO 752 z\u0142 652 z\u0142 602 z\u0142 552 z\u0142 KSpecialised forklift course &#8211; forklift truck with the hosting cabin of the operator- cat. IWJO 952 z\u0142 902 z\u0142 852 z\u0142 802 z\u0142 The course on telescopic loaders &#8211; qualifications for the operator of telescopic loaders ( forklift trucks with specialized changeable extension arm) \u2013 cat. IWJO 1152 z\u0142 1102 z\u0142 1052 z\u0142 1002 z\u0142 The course on operating mobile platforms &#8211; mobile low-speed platforms, scissor platforms, articulated platforms, telescopic and mobile ones- cat.IP 802 z\u0142 752 z\u0142 702 z\u0142 652 z\u0142 The course on the aerial platform &#8211; the operation of mobile platforms mounted on trucks- cat. IP 952 z\u0142 902 z\u0142 852 z\u0142 802 z\u0142 The course on operating hanging, mast, static platforms \u2013 without technological sequence- cat. IIP 952 z\u0142 852 z\u0142 752 z\u0142 702 z\u0142 The course on operating HDS jib cranes &#8211; operation of mobile and portable cranes mounted on truck underbody of HDS type- cat. II\u017b 952 z\u0142 852 z\u0142 802 z\u0142 752 z\u0142 The course on the operation of the gantry, the hoist and the hoisting winch &#8211; controlled from the ground level- cat. IIS 752 z\u0142 702 z\u0142 652 z\u0142 602 z\u0142 [&hellip;]<\/p>\n","protected":false},"author":1,"featured_media":0,"parent":0,"menu_order":2,"comment_status":"closed","ping_status":"closed","template":"","meta":{"sfsi_plus_gutenberg_text_before_share":"","sfsi_plus_gutenberg_show_text_before_share":"","sfsi_plus_gutenberg_icon_type":"","sfsi_plus_gutenberg_icon_alignemt":"","sfsi_plus_gutenburg_max_per_row":"","footnotes":""},"class_list":["post-1657","page","type-page","status-publish","hentry","has_no_thumb"],"aioseo_notices":[],"_links":{"self":[{"href":"https:\/\/kursy-udt.pl\/ua\/wp-json\/wp\/v2\/pages\/1657","targetHints":{"allow":["GET"]}}],"collection":[{"href":"https:\/\/kursy-udt.pl\/ua\/wp-json\/wp\/v2\/pages"}],"about":[{"href":"https:\/\/kursy-udt.pl\/ua\/wp-json\/wp\/v2\/types\/page"}],"author":[{"embeddable":true,"href":"https:\/\/kursy-udt.pl\/ua\/wp-json\/wp\/v2\/users\/1"}],"replies":[{"embeddable":true,"href":"https:\/\/kursy-udt.pl\/ua\/wp-json\/wp\/v2\/comments?post=1657"}],"version-history":[{"count":6,"href":"https:\/\/kursy-udt.pl\/ua\/wp-json\/wp\/v2\/pages\/1657\/revisions"}],"predecessor-version":[{"id":1660,"href":"https:\/\/kursy-udt.pl\/ua\/wp-json\/wp\/v2\/pages\/1657\/revisions\/1660"}],"wp:attachment":[{"href":"https:\/\/kursy-udt.pl\/ua\/wp-json\/wp\/v2\/media?parent=1657"}],"curies":[{"name":"wp","href":"https:\/\/api.w.org\/{rel}","templated":true}]}}