{"id":1446,"date":"2015-08-20T22:00:19","date_gmt":"2015-08-20T22:00:19","guid":{"rendered":"http:\/\/kursy-udt.pl\/?page_id=1446"},"modified":"2022-10-17T10:49:21","modified_gmt":"2022-10-17T10:49:21","slug":"%d0%b0%d0%bd%d1%82%d0%b8%d0%be%d0%b6%d0%b5%d0%bb%d0%b5%d0%b4%d0%bd%d1%96-%d0%b7%d0%b0%d1%81%d0%be%d0%b1%d0%b8","status":"publish","type":"page","link":"https:\/\/kursy-udt.pl\/ua\/szkolenia\/gse\/odladzarki\/","title":{"rendered":"\u0410\u043d\u0442\u0438\u043e\u0436\u0435\u043b\u0435\u0434\u043d\u0456 \u0437\u0430\u0441\u043e\u0431\u0438"},"content":{"rendered":"<p>\u041d\u0430\u0448 \u0446\u0435\u043d\u0442\u0440 \u0441\u043f\u0435\u0446\u0456\u0430\u043b\u0456\u0437\u0443\u0454\u0442\u044c\u0441\u044f \u043d\u0430 \u043e\u0440\u0433\u0430\u043d\u0456\u0437\u0430\u0446\u0456\u0457 \u043a\u0443\u0440\u0441\u0456\u0432 \u043d\u0430\u0432\u0447\u0430\u043d\u043d\u044f \u0441\u043f\u0456\u0432\u0440\u043e\u0431\u0456\u0442\u043d\u0438\u043a\u0456\u0432 \u0430\u0435\u0440\u043e\u043f\u043e\u0440\u0442\u0443. \u041f\u0440\u043e\u043f\u043e\u043d\u0443\u0454\u043c\u043e \u043a\u0443\u0440\u0441, \u044f\u043a \u043a\u0435\u0440\u0443\u0432\u0430\u0442\u0438 \u0430\u043d\u0442\u0438\u043e\u0431\u043b\u0435\u0434\u0435\u043d\u044e\u0432\u0430\u0447\u0435\u043c \u2013 \u043f\u0440\u0438\u0441\u0442\u0440\u043e\u0454\u043c \u0434\u043b\u044f \u0432\u0438\u0434\u0430\u043b\u0435\u043d\u043d\u044f \u043b\u044c\u043e\u0434\u0443 \u0437 \u043b\u0456\u0442\u0430\u043a\u0456\u0432. \u0417\u0430\u0432\u0434\u044f\u043a\u0438 \u043d\u0430\u0448\u0438\u043c \u0437\u0430\u043d\u044f\u0442\u0442\u044f\u043c \u0432\u0438 \u0437\u043c\u043e\u0436\u0435\u0442\u0435 \u043e\u0442\u0440\u0438\u043c\u0430\u0442\u0438 \u0437\u043d\u0430\u043d\u043d\u044f \u0442\u0430 \u043d\u0430\u0432\u0438\u0447\u043a\u0438 \u0432\u0438\u043a\u043e\u0440\u0438\u0441\u0442\u0430\u043d\u043d\u044f \u0434\u0430\u043d\u043e\u0433\u043e \u0442\u0438\u043f\u0443 GSE (Ground Support Equipment) \u2013 \u043f\u0440\u0438\u043b\u0430\u0434\u0456\u0432 \u0442\u0430 \u043e\u0431\u043b\u0430\u0434\u043d\u0430\u043d\u043d\u044f \u0434\u043b\u044f \u043d\u0430\u0437\u0435\u043c\u043d\u043e\u0433\u043e \u043e\u0431\u0441\u043b\u0443\u0433\u043e\u0432\u0443\u0432\u0430\u043d\u043d\u044f \u043b\u0456\u0442\u0430\u043b\u044c\u043d\u0438\u0445 \u0430\u043f\u0430\u0440\u0430\u0442\u0456\u0432.<\/p>\n<p><a href=\"https:\/\/kursy-udt.pl\/wp-content\/uploads\/2022\/10\/8.jpeg\"><img loading=\"lazy\" decoding=\"async\" class=\"aligncenter wp-image-4506\" src=\"https:\/\/kursy-udt.pl\/wp-content\/uploads\/2022\/10\/8-300x200.jpeg\" alt=\"\u041e\u0431\u0440\u043e\u0431\u043a\u0430 \u043b\u0456\u0442\u0430\u043a\u0430 \u0432\u0456\u0434 \u043b\u044c\u043e\u0434\u0443 \u043f\u0435\u0440\u0435\u0434 \u043d\u0456\u0447\u043d\u0438\u043c \u043f\u043e\u043b\u044c\u043e\u0442\u043e\u043c\" width=\"750\" height=\"500\" srcset=\"https:\/\/kursy-udt.pl\/wp-content\/uploads\/2022\/10\/8-300x200.jpeg 300w, https:\/\/kursy-udt.pl\/wp-content\/uploads\/2022\/10\/8-1024x683.jpeg 1024w, https:\/\/kursy-udt.pl\/wp-content\/uploads\/2022\/10\/8-768x512.jpeg 768w, https:\/\/kursy-udt.pl\/wp-content\/uploads\/2022\/10\/8-1536x1024.jpeg 1536w, https:\/\/kursy-udt.pl\/wp-content\/uploads\/2022\/10\/8-18x12.jpeg 18w, https:\/\/kursy-udt.pl\/wp-content\/uploads\/2022\/10\/8-624x416.jpeg 624w, https:\/\/kursy-udt.pl\/wp-content\/uploads\/2022\/10\/8.jpeg 1600w\" sizes=\"auto, (max-width: 750px) 100vw, 750px\" \/><\/a><\/p>\n<p>\u041f\u0440\u043e\u0442\u0438\u043e\u0436\u0435\u043b\u0435\u0434\u043d\u0456 \u043f\u0440\u0438\u0441\u0442\u0440\u043e\u0457 \u2013 \u0446\u0435 \u0437\u0430\u0433\u0430\u043b\u044c\u043d\u043e\u043f\u0440\u0438\u0439\u043d\u044f\u0442\u0435 \u043e\u0431\u043b\u0430\u0434\u043d\u0430\u043d\u043d\u044f, \u043f\u0440\u0438\u0437\u043d\u0430\u0447\u0435\u043d\u0435 \u0434\u043b\u044f \u043f\u0440\u043e\u0432\u0435\u0434\u0435\u043d\u043d\u044f \u043e\u043f\u0435\u0440\u0430\u0446\u0456\u0439 \u0437 \u0440\u043e\u0437\u043c\u043e\u0440\u043e\u0436\u0443\u0432\u0430\u043d\u043d\u044f \u0432 \u043b\u0456\u0442\u0430\u043a\u0430\u0445. \u0419\u043e\u0433\u043e \u043f\u0440\u0438\u0437\u043d\u0430\u0447\u0435\u043d\u043d\u044f - \u0432\u0438\u0434\u0430\u043b\u0435\u043d\u043d\u044f \u0441\u043d\u0456\u0433\u0443, \u043b\u044c\u043e\u0434\u0443 \u0442\u0430 \u0456\u043d\u0435\u044e \u0437 \u0457\u0445 \u043f\u043e\u0432\u0435\u0440\u0445\u043e\u043d\u044c. \u0412\u0438\u043a\u043e\u0440\u0438\u0441\u0442\u043e\u0432\u0443\u044e\u0442\u044c\u0441\u044f \u0432\u0456\u0434\u043f\u043e\u0432\u0456\u0434\u043d\u0456 \u0445\u0456\u043c\u0456\u0447\u043d\u0456 \u0440\u0435\u0447\u043e\u0432\u0438\u043d\u0438, \u044f\u043a\u0456 \u043d\u0435 \u0442\u0456\u043b\u044c\u043a\u0438 \u0432\u0438\u0434\u0430\u043b\u044f\u044e\u0442\u044c \u0446\u0456 \u0440\u0435\u0447\u043e\u0432\u0438\u043d\u0438, \u043d\u0435\u0431\u0435\u0437\u043f\u0435\u0447\u043d\u0456 \u0434\u043b\u044f \u0431\u0435\u0437\u043f\u0435\u043a\u0438 \u043f\u043e\u043b\u044c\u043e\u0442\u0456\u0432, \u0430\u043b\u0435 \u0439 \u0437\u0430\u043f\u043e\u0431\u0456\u0433\u0430\u044e\u0442\u044c \u0457\u0445 \u043f\u043e\u0432\u0442\u043e\u0440\u043d\u0435 \u0432\u0456\u0434\u043a\u043b\u0430\u0434\u0435\u043d\u043d\u044f \u043f\u0440\u043e\u0442\u044f\u0433\u043e\u043c \u043f\u0435\u0432\u043d\u043e\u0433\u043e \u043f\u0435\u0440\u0456\u043e\u0434\u0443 \u0447\u0430\u0441\u0443. \u041b\u0456\u0434, \u0441\u043d\u0456\u0433 \u0456 \u043c\u043e\u0440\u043e\u0437 \u043d\u0430 \u043b\u0456\u0442\u0430\u043a\u0443 \u0437\u043d\u0438\u0436\u0443\u044e\u0442\u044c \u0439\u043e\u0433\u043e \u0437\u0434\u0430\u0442\u043d\u0456\u0441\u0442\u044c \u0434\u043e \u0437\u043b\u044c\u043e\u0442\u0443, \u043e\u0441\u043a\u0456\u043b\u044c\u043a\u0438 \u0441\u0442\u0432\u043e\u0440\u044e\u044e\u0442\u044c \u043d\u0435\u0440\u0456\u0432\u043d\u0443 \u043f\u043e\u0432\u0435\u0440\u0445\u043d\u044e, \u044f\u043a\u0430 \u043f\u043e\u0440\u0443\u0448\u0443\u0454 \u0430\u0435\u0440\u043e\u0434\u0438\u043d\u0430\u043c\u0456\u043a\u0443, \u0449\u043e \u043c\u043e\u0436\u0435 \u043f\u0440\u0438\u0437\u0432\u0435\u0441\u0442\u0438 \u043d\u0430\u0432\u0456\u0442\u044c \u0434\u043e \u043a\u0430\u0442\u0430\u0441\u0442\u0440\u043e\u0444\u0438. \u041a\u0440\u0456\u043c \u0442\u043e\u0433\u043e, \u0431\u0456\u043b\u044c\u0448\u0456 \u0448\u043c\u0430\u0442\u043a\u0438 \u043b\u044c\u043e\u0434\u0443 \u043c\u043e\u0436\u0443\u0442\u044c \u043f\u043e\u0442\u0440\u0430\u043f\u0438\u0442\u0438 \u0432 \u0434\u0432\u0438\u0433\u0443\u043d \u0430\u0431\u043e \u0432\u0434\u0430\u0440\u0438\u0442\u0438 \u043f\u0440\u043e\u043f\u0435\u043b\u0435\u0440\u0438, \u0449\u043e \u0442\u0430\u043a\u043e\u0436 \u043c\u043e\u0436\u0435 \u043c\u0430\u0442\u0438 \u043f\u043e\u0434\u0456\u0431\u043d\u0456 \u043d\u0430\u0441\u043b\u0456\u0434\u043a\u0438. \u0422\u043e\u043c\u0443 \u0440\u043e\u0437\u043c\u043e\u0440\u043e\u0436\u0443\u0432\u0430\u043d\u043d\u044f \u0454 \u043e\u0431\u043e\u0432\u2019\u044f\u0437\u043a\u043e\u0432\u0438\u043c \u043f\u0440\u0438 \u043e\u0431\u043c\u0435\u0440\u0437\u0430\u043d\u043d\u0456 \u043b\u0456\u0442\u0430\u043a\u0430 \u043d\u0430 \u0441\u0442\u043e\u044f\u043d\u0446\u0456, \u0430 \u0442\u0430\u043a\u043e\u0436 \u043f\u0440\u043e\u0444\u0456\u043b\u0430\u043a\u0442\u0438\u0447\u043d\u043e, \u0449\u043e\u0431 \u0437\u0430\u043f\u043e\u0431\u0456\u0433\u0442\u0438 \u0439\u043e\u0433\u043e \u043e\u0431\u043c\u0435\u0440\u0437\u0430\u043d\u043d\u044e \u0432 \u043f\u043e\u043b\u044c\u043e\u0442\u0456 \u043f\u0440\u0438 \u043f\u0435\u0432\u043d\u0438\u0445 \u0442\u0435\u043c\u043f\u0435\u0440\u0430\u0442\u0443\u0440\u0430\u0445.<\/p>\n<p>\u041f\u0440\u043e\u0446\u0435\u0441 \u0440\u043e\u0437\u043c\u043e\u0440\u043e\u0436\u0443\u0432\u0430\u043d\u043d\u044f \u0437\u0434\u0456\u0439\u0441\u043d\u044e\u0454\u0442\u044c\u0441\u044f \u0437 \u0432\u0438\u043a\u043e\u0440\u0438\u0441\u0442\u0430\u043d\u043d\u044f\u043c \u0432\u0456\u0434\u043f\u043e\u0432\u0456\u0434\u043d\u0438\u0445 \u0442\u0435\u0445\u043d\u0456\u0447\u043d\u0438\u0445 \u0437\u0430\u0441\u043e\u0431\u0456\u0432 - \u0446\u0435 \u043f\u0440\u0438\u0441\u0442\u0440\u043e\u0457, \u0449\u043e \u0433\u0435\u043d\u0435\u0440\u0443\u044e\u0442\u044c \u0441\u0443\u043c\u0456\u0448 \u0433\u043b\u0456\u043a\u043e\u043b\u044e \u0442\u0430 \u0432\u043e\u0434\u0438 \u0432\u0456\u0434\u043f\u043e\u0432\u0456\u0434\u043d\u043e\u0457 \u0442\u0435\u043c\u043f\u0435\u0440\u0430\u0442\u0443\u0440\u0438 \u0430\u0431\u043e \u0456\u043d\u0448\u0456 \u0440\u0435\u0447\u043e\u0432\u0438\u043d\u0438 \u0437 \u043f\u0440\u043e\u0442\u0438\u043e\u0436\u0435\u043b\u0435\u0434\u043d\u0438\u043c\u0438 \u0432\u043b\u0430\u0441\u0442\u0438\u0432\u043e\u0441\u0442\u044f\u043c\u0438, \u044f\u043a\u0456 \u0432\u0438\u043a\u043e\u0440\u0438\u0441\u0442\u043e\u0432\u0443\u044e\u0442\u044c\u0441\u044f \u043f\u0440\u0430\u0446\u0456\u0432\u043d\u0438\u043a\u0430\u043c\u0438 \u0432 \u043f\u0456\u0434\u0439\u043e\u043c\u043d\u0438\u043a\u0430\u0445. \u0426\u0456 \u043f\u0456\u0434\u0439\u043e\u043c\u043d\u0438\u043a\u0438 \u0435\u043a\u0441\u043f\u043b\u0443\u0430\u0442\u0443\u044e\u0442\u044c\u0441\u044f \u043e\u043f\u0435\u0440\u0430\u0442\u043e\u0440\u0430\u043c\u0438, \u044f\u043a\u0456 \u043c\u0430\u044e\u0442\u044c \u0432\u0456\u0434\u043f\u043e\u0432\u0456\u0434\u043d\u0456 <a href=\"https:\/\/kursy-udt.pl\/ua\/uprawnienia-udt\/kategorie-uprawnien-2\/\">\u043f\u0440\u0430\u0432\u0430<\/a>.<\/p>\n<p>\u0423\u0447\u0430\u0441\u043d\u0438\u043a\u0438 \u043d\u0430\u0448\u0438\u0445 \u0442\u0440\u0435\u043d\u0456\u043d\u0433\u0456\u0432 \u0434\u043b\u044f \u0430\u0432\u0456\u0430\u0446\u0456\u0439\u043d\u043e\u0433\u043e \u043f\u0435\u0440\u0441\u043e\u043d\u0430\u043b\u0443 \u043e\u0442\u0440\u0438\u043c\u0443\u044e\u0442\u044c \u043d\u0435\u043e\u0431\u0445\u0456\u0434\u043d\u0456 \u0437\u043d\u0430\u043d\u043d\u044f \u043f\u0440\u043e \u0440\u043e\u0431\u043e\u0442\u0443 \u043f\u0440\u0438\u0441\u0442\u0440\u043e\u0457\u0432, \u0449\u043e \u0432\u0438\u043a\u043e\u0440\u0438\u0441\u0442\u043e\u0432\u0443\u044e\u0442\u044c\u0441\u044f \u0432 \u043f\u0440\u043e\u0446\u0435\u0441\u0456 \u043f\u0440\u043e\u0442\u0438\u043e\u0436\u0435\u043b\u0435\u0434\u043d\u043e\u0457 \u0440\u043e\u0431\u043e\u0442\u0438, \u0430 \u0442\u0430\u043a\u043e\u0436 \u043f\u0440\u0430\u0432\u0438\u043b\u0430 \u043e\u0445\u043e\u0440\u043e\u043d\u0438 \u043f\u0440\u0430\u0446\u0456. \u0417\u0430\u043d\u044f\u0442\u0442\u044f \u0434\u043e\u0434\u0430\u0442\u043a\u043e\u0432\u043e \u0434\u043e\u043f\u043e\u0432\u043d\u044e\u044e\u0442\u044c\u0441\u044f \u043f\u0440\u0430\u043a\u0442\u0438\u043a\u043e\u044e. \u0417\u0430 \u043a\u0443\u0440\u0441\u043e\u043c \u0441\u043f\u043e\u0441\u0442\u0435\u0440\u0456\u0433\u0430\u044e\u0442\u044c \u043d\u0430\u0448\u0456 \u0434\u043e\u0441\u0432\u0456\u0434\u0447\u0435\u043d\u0456 \u0456\u043d\u0441\u0442\u0440\u0443\u043a\u0442\u043e\u0440\u0438.<\/p>\n<p>\u041d\u0430\u0432\u0447\u0430\u043b\u044c\u043d\u0456 \u043a\u0443\u0440\u0441\u0438 \u043f\u0440\u043e\u0432\u043e\u0434\u044f\u0442\u044c\u0441\u044f \u0443 \u0432\u0438\u0437\u043d\u0430\u0447\u0435\u043d\u0456 \u0434\u0430\u0442\u0438 \u043d\u0430 \u043d\u0430\u0448\u0438\u0445 \u043e\u0431'\u0454\u043a\u0442\u0430\u0445. \u041c\u0438 \u0442\u0430\u043a\u043e\u0436 \u043e\u0440\u0433\u0430\u043d\u0456\u0437\u043e\u0432\u0443\u0454\u043c\u043e \u0437\u0430\u043a\u0440\u0438\u0442\u0456 \u0442\u0440\u0435\u043d\u0456\u043d\u0433\u0438 \u0434\u043b\u044f \u0430\u0435\u0440\u043e\u043f\u043e\u0440\u0442\u0456\u0432. \u0421\u043a\u043e\u0440\u0438\u0441\u0442\u0430\u0439\u0442\u0435\u0441\u044f \u043d\u0430\u0448\u043e\u044e \u043f\u0440\u043e\u043f\u043e\u0437\u0438\u0446\u0456\u0454\u044e!<\/p>","protected":false},"excerpt":{"rendered":"<p>Nasz o\u015brodek specjalizuje si\u0119 w organizacji szkole\u0144 przeznaczonych dla pracownik\u00f3w lotnisk. W ofercie posiadamy kurs obs\u0142ugi odladzarki \u2013 urz\u0105dzenia stosowanego w celu usuwania lodu z samolot\u00f3w. Dzi\u0119ki naszym zaj\u0119ciom mo\u017cesz uzyska\u0107 wiedz\u0119 oraz umiej\u0119tno\u015bci w zakresie wykorzystania tego rodzaju GSE (Ground Support Equipment) \u2013 urz\u0105dze\u0144 i sprz\u0119tu do obs\u0142ugi naziemnej statk\u00f3w powietrznych. Odladzarki to powszechnie u\u017cywany sprz\u0119t przeznaczony do przeprowadzenia operacji odladzania samolot\u00f3w. Jego celem jest usuni\u0119cie \u015bniegu, lodu oraz szronu z ich powierzchni. Wykorzystuje si\u0119 odpowiednie \u015brodki chemiczne, kt\u00f3re nie tylko powoduj\u0105 usuni\u0119cie tych zagra\u017caj\u0105cych bezpiecze\u0144stwu lotu substancji, ale r\u00f3wnie\u017c zapobiegaj\u0105 one ich ponownemu osadzaniu si\u0119 przez okre\u015blony czas. L\u00f3d oraz \u015bnieg i szron znajduj\u0105ce si\u0119 na samolocie zmniejszaj\u0105 jego zdolno\u015b\u0107 do wzlotu, poniewa\u017c tworz\u0105 nier\u00f3wn\u0105 powierzchni\u0119 zaburzaj\u0105c\u0105 aerodynamik\u0119, co mo\u017ce prowadzi\u0107 nawet do katastrofy. Dodatkowo tak\u017ce wi\u0119ksze kawa\u0142ki lodu mog\u0105 dosta\u0107 si\u0119 do silnika lub uderzy\u0107 \u015bmig\u0142a, co tak\u017ce mo\u017ce by\u0107 podobne w skutkach. Dlatego te\u017c odladzanie przeprowadza si\u0119 obowi\u0105zkowo wtedy, gdy samolot jest oblodzony na postoju, a tak\u017ce profilaktycznie, by zapobiega\u0107 jego oblodzeniu w locie w okre\u015blonych temperaturach. Proces odladzania wykonuje si\u0119 z u\u017cyciem odpowiedniego zaplecza technicznego \u2013 s\u0105 to urz\u0105dzenia generuj\u0105ce mieszanin\u0119 glikolu i wody o odpowiedniej temperaturze lub te\u017c inne substancje o w\u0142a\u015bciwo\u015bciach odladzaj\u0105cych, kt\u00f3re stosuj\u0105 pracownicy znajduj\u0105cy si\u0119 w podno\u015bnikach kosztowych. Podno\u015bniki te obs\u0142ugiwane s\u0105 przez operator\u00f3w posiadaj\u0105cych odpowiednie uprawnienia. Uczestnicy naszego szkolenia dla personelu lotniczego otrzymuj\u0105 potrzebn\u0105 wiedz\u0119 dotycz\u0105c\u0105 obs\u0142ugi urz\u0105dze\u0144 wykorzystywanych w procesie odladzania, a tak\u017ce zasad bezpiecze\u0144stwa i higieny pracy. Zaj\u0119cia uzupe\u0142nione s\u0105 dodatkowo o praktyk\u0119. Nad przebiegiem czuwaj\u0105 nasi do\u015bwiadczeni instruktorzy. Szkolenia odbywaj\u0105 si\u0119 w [&hellip;]<\/p>\n","protected":false},"author":1,"featured_media":4506,"parent":1442,"menu_order":0,"comment_status":"closed","ping_status":"closed","template":"","meta":{"sfsi_plus_gutenberg_text_before_share":"","sfsi_plus_gutenberg_show_text_before_share":"","sfsi_plus_gutenberg_icon_type":"","sfsi_plus_gutenberg_icon_alignemt":"","sfsi_plus_gutenburg_max_per_row":"","footnotes":""},"class_list":["post-1446","page","type-page","status-publish","has-post-thumbnail","hentry","has_thumb"],"aioseo_notices":[],"_links":{"self":[{"href":"https:\/\/kursy-udt.pl\/ua\/wp-json\/wp\/v2\/pages\/1446","targetHints":{"allow":["GET"]}}],"collection":[{"href":"https:\/\/kursy-udt.pl\/ua\/wp-json\/wp\/v2\/pages"}],"about":[{"href":"https:\/\/kursy-udt.pl\/ua\/wp-json\/wp\/v2\/types\/page"}],"author":[{"embeddable":true,"href":"https:\/\/kursy-udt.pl\/ua\/wp-json\/wp\/v2\/users\/1"}],"replies":[{"embeddable":true,"href":"https:\/\/kursy-udt.pl\/ua\/wp-json\/wp\/v2\/comments?post=1446"}],"version-history":[{"count":3,"href":"https:\/\/kursy-udt.pl\/ua\/wp-json\/wp\/v2\/pages\/1446\/revisions"}],"predecessor-version":[{"id":4508,"href":"https:\/\/kursy-udt.pl\/ua\/wp-json\/wp\/v2\/pages\/1446\/revisions\/4508"}],"up":[{"embeddable":true,"href":"https:\/\/kursy-udt.pl\/ua\/wp-json\/wp\/v2\/pages\/1442"}],"wp:featuredmedia":[{"embeddable":true,"href":"https:\/\/kursy-udt.pl\/ua\/wp-json\/wp\/v2\/media\/4506"}],"wp:attachment":[{"href":"https:\/\/kursy-udt.pl\/ua\/wp-json\/wp\/v2\/media?parent=1446"}],"curies":[{"name":"wp","href":"https:\/\/api.w.org\/{rel}","templated":true}]}}