{"id":1444,"date":"2015-08-20T21:59:03","date_gmt":"2015-08-20T21:59:03","guid":{"rendered":"http:\/\/kursy-udt.pl\/?page_id=1444"},"modified":"2022-10-17T10:39:49","modified_gmt":"2022-10-17T10:39:49","slug":"%d0%bf%d0%b5%d1%80%d0%b5%d0%b2%d0%b0%d0%bd%d1%82%d0%b0%d0%b6%d1%83%d0%b2%d0%b0%d0%bb%d1%8c%d0%bd%d1%96-%d1%82%d1%80%d0%b0%d0%bd%d1%81%d0%bf%d0%be%d1%80%d1%82%d0%b5%d1%80%d0%b8-%d0%ba%d0%be%d0%bd%d1%82","status":"publish","type":"page","link":"https:\/\/kursy-udt.pl\/ua\/szkolenia\/gse\/obsluga-transporterow-kontenerow-i-palet\/","title":{"rendered":"\u041e\u0431\u0440\u043e\u0431\u043a\u0430 \u043a\u043e\u043d\u0442\u0435\u0439\u043d\u0435\u0440\u0456\u0432 \u0456 \u043f\u0430\u043b\u0435\u0442\u043d\u0438\u0445 \u0442\u0440\u0430\u043d\u0441\u043f\u043e\u0440\u0442\u0435\u0440\u0456\u0432"},"content":{"rendered":"<p>\u041d\u0430\u0448 \u0446\u0435\u043d\u0442\u0440 \u043e\u0440\u0433\u0430\u043d\u0456\u0437\u043e\u0432\u0443\u0454 \u043a\u0443\u0440\u0441\u0438 \u0434\u043b\u044f \u0442\u0440\u0430\u043d\u0441\u043f\u043e\u0440\u0442\u0443\u0432\u0430\u043b\u044c\u043d\u0438\u043a\u0456\u0432 \u043a\u043e\u043d\u0442\u0435\u0439\u043d\u0435\u0440\u0456\u0432 \u0456 \u043f\u0430\u043b\u0435\u0442, \u044f\u043a\u0456 \u0448\u0438\u0440\u043e\u043a\u043e \u0432\u0438\u043a\u043e\u0440\u0438\u0441\u0442\u043e\u0432\u0443\u044e\u0442\u044c\u0441\u044f \u0432 \u0430\u0435\u0440\u043e\u043f\u043e\u0440\u0442\u0430\u0445 \u0434\u043b\u044f \u043f\u0435\u0440\u0435\u0432\u0435\u0437\u0435\u043d\u043d\u044f \u0432\u0430\u043d\u0442\u0430\u0436\u0456\u0432 - \u0431\u0430\u0433\u0430\u0436\u0443, \u043f\u0456\u0434\u0434\u043e\u043d\u0456\u0432, \u043a\u043e\u043d\u0442\u0435\u0439\u043d\u0435\u0440\u0456\u0432, \u0430 \u0442\u0430\u043a\u043e\u0436 \u0456\u043d\u0448\u0438\u0445 \u0432\u0438\u0434\u0456\u0432 \u0432\u0430\u043d\u0442\u0430\u0436\u0456\u0432, \u0432 \u0442\u043e\u043c\u0443 \u0447\u0438\u0441\u043b\u0456 \u043d\u0435\u0442\u0438\u043f\u043e\u0432\u0438\u0445, \u0449\u043e \u0432\u0438\u043c\u0430\u0433\u0430\u044e\u0442\u044c \u0432\u0456\u0434\u043f\u043e\u0432\u0456\u0434\u043d\u043e\u0457 \u043f\u0456\u0434\u0433\u043e\u0442\u043e\u0432\u043a\u0438 \u0456 \u0440\u0435\u0437\u0435\u0440\u0432\u043d\u043e\u0433\u043e \u0437\u0430\u0431\u0435\u0437\u043f\u0435\u0447\u0435\u043d\u043d\u044f.<\/p>\n<p><a href=\"https:\/\/kursy-udt.pl\/wp-content\/uploads\/2022\/10\/7.jpeg\"><img loading=\"lazy\" decoding=\"async\" class=\"aligncenter wp-image-4503\" src=\"https:\/\/kursy-udt.pl\/wp-content\/uploads\/2022\/10\/7-300x187.jpeg\" alt=\"\" width=\"750\" height=\"467\" srcset=\"https:\/\/kursy-udt.pl\/wp-content\/uploads\/2022\/10\/7-300x187.jpeg 300w, https:\/\/kursy-udt.pl\/wp-content\/uploads\/2022\/10\/7-1024x638.jpeg 1024w, https:\/\/kursy-udt.pl\/wp-content\/uploads\/2022\/10\/7-768x479.jpeg 768w, https:\/\/kursy-udt.pl\/wp-content\/uploads\/2022\/10\/7-1536x957.jpeg 1536w, https:\/\/kursy-udt.pl\/wp-content\/uploads\/2022\/10\/7-18x12.jpeg 18w, https:\/\/kursy-udt.pl\/wp-content\/uploads\/2022\/10\/7-624x389.jpeg 624w, https:\/\/kursy-udt.pl\/wp-content\/uploads\/2022\/10\/7.jpeg 1600w\" sizes=\"auto, (max-width: 750px) 100vw, 750px\" \/><\/a><\/p>\n<p>\u0417\u0430\u043f\u0440\u043e\u0448\u0443\u0454\u043c\u043e \u0432\u0441\u0456\u0445 \u0431\u0430\u0436\u0430\u044e\u0447\u0438\u0445 \u0432\u0437\u044f\u0442\u0438 \u0443\u0447\u0430\u0441\u0442\u044c \u0443 \u0437\u0430\u043d\u044f\u0442\u0442\u044f\u0445 \u043e\u0437\u043d\u0430\u0439\u043e\u043c\u0438\u0442\u0438\u0441\u044f \u0437 \u043d\u0430\u0448\u043e\u044e \u043f\u0440\u043e\u043f\u043e\u0437\u0438\u0446\u0456\u0454\u044e!<\/p>\n<p>\u0422\u0440\u0430\u043d\u0441\u043f\u043e\u0440\u0442\u0435\u0440\u0438 \u043a\u043e\u043d\u0442\u0435\u0439\u043d\u0435\u0440\u0456\u0432 \u0456 \u043f\u0430\u043b\u0435\u0442, \u044f\u043a\u0456 \u0432\u0438\u043a\u043e\u0440\u0438\u0441\u0442\u043e\u0432\u0443\u044e\u0442\u044c\u0441\u044f \u0432 \u0430\u0435\u0440\u043e\u043f\u043e\u0440\u0442\u0430\u0445, \u043c\u0430\u044e\u0442\u044c \u0444\u043e\u0440\u043c\u0443 \u043c\u043e\u0431\u0456\u043b\u044c\u043d\u0438\u0445 \u043d\u043e\u0436\u0438\u0447\u043d\u0438\u0445 \u043f\u0456\u0434\u0439\u043e\u043c\u043d\u0438\u043a\u0456\u0432 - \u0446\u0435 \u0432 \u043f\u0435\u0440\u0448\u0443 \u0447\u0435\u0440\u0433\u0443 \u0430\u0435\u0440\u043e\u043f\u043e\u0440\u0442\u043e\u0432\u0456 \u0432\u0438\u0441\u043e\u043a\u043e\u0432\u0430\u043d\u0442\u0430\u0436\u043d\u0456 \u043f\u0456\u0434\u0439\u043e\u043c\u043d\u0438\u043a\u0438 \u0437 \u0434\u0432\u0438\u0433\u0443\u043d\u043e\u043c \u0437\u0433\u043e\u0440\u044f\u043d\u043d\u044f \u0430\u0431\u043e \u0435\u043b\u0435\u043a\u0442\u0440\u0438\u0447\u043d\u0438\u043c \u043f\u0440\u0438\u0432\u043e\u0434\u043e\u043c, \u0430 \u0442\u0430\u043a\u043e\u0436 \u0430\u0435\u0440\u043e\u043f\u043e\u0440\u0442\u043e\u0432\u0456 \u0432\u0430\u043d\u0442\u0430\u0436\u043d\u0456 \u043f\u0456\u0434\u0439\u043e\u043c\u043d\u0438\u043a\u0438 - \u0432\u043e\u043d\u0438 \u0432\u0438\u043a\u043e\u0440\u0438\u0441\u0442\u043e\u0432\u0443\u044e\u0442\u044c\u0441\u044f \u0434\u043b\u044f \u043c\u0430\u043d\u0456\u043f\u0443\u043b\u044e\u0432\u0430\u043d\u043d\u044f \u043f\u0456\u0434\u0434\u043e\u043d\u0430\u043c\u0438 \u0456 \u043a\u043e\u043d\u0442\u0435\u0439\u043d\u0435\u0440\u0430\u043c\u0438 \u043d\u0430 \u0441\u043a\u043b\u0430\u0434 \u0456 \u0437\u0456 \u0441\u043a\u043b\u0430\u0434\u0443, \u0441\u0442\u0435\u043b\u0430\u0436\u0456, \u0432\u0456\u0437\u043a\u0438, \u043d\u0430\u0432\u0430\u043d\u0442\u0430\u0436\u0443\u0432\u0430\u0447\u0456. \u0412\u043e\u043d\u0438 \u043f\u0456\u0434\u0445\u043e\u0434\u044f\u0442\u044c \u0434\u043b\u044f \u0442\u0440\u0430\u043d\u0441\u043f\u043e\u0440\u0442\u0443\u0432\u0430\u043d\u043d\u044f \u043e\u0434\u0438\u043d\u0438\u0446\u044c ULD (\u043f\u0440\u0438\u0441\u0442\u0440\u043e\u0457\u0432 \u0434\u043b\u044f \u043e\u0434\u0438\u043d\u0438\u0447\u043d\u043e\u0433\u043e \u043d\u0430\u0432\u0430\u043d\u0442\u0430\u0436\u0435\u043d\u043d\u044f) \u0443 \u043a\u043e\u043d\u0442\u0435\u0439\u043d\u0435\u0440\u0438 \u0442\u0430 \u043f\u0456\u0434\u0434\u043e\u043d\u0438 \u0442\u0430 \u0432\u0438\u0440\u043e\u0431\u043b\u044f\u044e\u0442\u044c\u0441\u044f \u0432 \u0448\u0438\u0440\u043e\u043a\u043e\u043c\u0443 \u0434\u0456\u0430\u043f\u0430\u0437\u043e\u043d\u0456 \u0442\u0435\u0445\u043d\u0456\u0447\u043d\u0438\u0445 \u0432\u0430\u0440\u0456\u0430\u043d\u0442\u0456\u0432. \u0414\u043b\u044f \u0440\u043e\u0431\u043e\u0442\u0438 \u0442\u0430\u043a\u043e\u0436 \u0432\u0438\u043a\u043e\u0440\u0438\u0441\u0442\u043e\u0432\u0443\u044e\u0442\u044c\u0441\u044f \u0442\u0430\u043a\u0456 \u0442\u0440\u0430\u043d\u0441\u043f\u043e\u0440\u0442\u043d\u0456 \u0437\u0430\u0441\u043e\u0431\u0438, \u044f\u043a \u0435\u043b\u0435\u043a\u0442\u0440\u0438\u0447\u043d\u0456 \u0430\u0435\u0440\u043e\u043f\u043e\u0440\u0442\u043e\u0432\u0456 \u0431\u0430\u0433\u0430\u0436\u043d\u0456 \u0442\u044f\u0433\u0430\u0447\u0456 \u0442\u0430 \u0442\u044f\u0433\u0430\u0447\u0456 \u0437 \u0434\u0438\u0437\u0435\u043b\u044c\u043d\u0438\u043c\u0438 \u0434\u0432\u0438\u0433\u0443\u043d\u0430\u043c\u0438.<\/p>\n<p>\u041f\u0440\u0430\u0446\u0456\u0432\u043d\u0438\u043a\u0438, \u044f\u043a\u0456 \u0437\u0430\u0439\u043c\u0430\u044e\u0442\u044c\u0441\u044f \u043e\u0431\u0440\u043e\u0431\u043a\u043e\u044e \u043a\u043e\u043d\u0442\u0435\u0439\u043d\u0435\u0440\u0456\u0432 \u0456 \u043f\u0430\u043b\u0435\u0442\u043d\u0438\u0445 \u0442\u0440\u0430\u043d\u0441\u043f\u043e\u0440\u0442\u0435\u0440\u0456\u0432, \u043f\u043e\u0432\u0438\u043d\u043d\u0456 \u0432\u043e\u043b\u043e\u0434\u0456\u0442\u0438 \u0437\u043d\u0430\u043d\u043d\u044f\u043c\u0438 \u0456 \u043d\u0430\u0432\u0438\u0447\u043a\u0430\u043c\u0438 \u0440\u043e\u0431\u043e\u0442\u0438 \u0437 \u0432\u0430\u043d\u0442\u0430\u0436\u0430\u043c\u0438. \u041e\u0441\u043d\u043e\u0432\u043d\u0456 \u0437\u0430\u0433\u0440\u043e\u0437\u0438, \u043f\u043e\u0432&#039;\u044f\u0437\u0430\u043d\u0456 \u0437 \u043d\u0435\u043f\u0440\u0430\u0432\u0438\u043b\u044c\u043d\u0438\u043c \u043f\u043e\u0432\u043e\u0434\u0436\u0435\u043d\u043d\u044f\u043c \u0437 \u043e\u0431\u043b\u0430\u0434\u043d\u0430\u043d\u043d\u044f\u043c, \u043f\u043e\u0432&#039;\u044f\u0437\u0430\u043d\u0456 \u0437 \u043d\u0435\u0432\u0456\u0434\u043f\u043e\u0432\u0456\u0434\u043d\u0456\u0441\u0442\u044e \u0432\u0456\u0434\u043f\u043e\u0432\u0456\u0434\u043d\u0438\u0445 \u043c\u0435\u0442\u043e\u0434\u0456\u0432 \u043c\u0430\u043d\u0456\u043f\u0443\u043b\u044e\u0432\u0430\u043d\u043d\u044f \u0442\u0430 \u043d\u0435\u0434\u043e\u0442\u0440\u0438\u043c\u0430\u043d\u043d\u044f\u043c \u043f\u0440\u0438\u043d\u0446\u0438\u043f\u0456\u0432 \u043e\u0445\u043e\u0440\u043e\u043d\u0438 \u043f\u0440\u0430\u0446\u0456. \u0414\u0435\u044f\u043a\u0456 \u0432\u0430\u043d\u0442\u0430\u0436\u0456, \u043d\u0430\u043f\u0440\u0438\u043a\u043b\u0430\u0434 \u0430\u0432\u0442\u043e\u043c\u043e\u0431\u0456\u043b\u0456, \u0432\u0438\u043c\u0430\u0433\u0430\u044e\u0442\u044c \u043e\u0441\u043e\u0431\u043b\u0438\u0432\u043e\u0457 \u043e\u0431\u0435\u0440\u0435\u0436\u043d\u043e\u0441\u0442\u0456 \u0443 \u0432\u0438\u0431\u043e\u0440\u0456 \u0432\u0456\u0434\u043f\u043e\u0432\u0456\u0434\u043d\u0438\u0445 \u0437\u0430\u0441\u043e\u0431\u0456\u0432. \u0412 \u0456\u043d\u0448\u043e\u043c\u0443 \u0432\u0438\u043f\u0430\u0434\u043a\u0443 \u0454 \u0440\u0438\u0437\u0438\u043a \u043f\u043e\u0448\u043a\u043e\u0434\u0438\u0442\u0438 \u043d\u0435 \u0442\u0456\u043b\u044c\u043a\u0438 \u0441\u0430\u043c \u0432\u0430\u043d\u0442\u0430\u0436, \u0430 \u0439 \u0442\u0440\u0430\u043d\u0441\u043f\u043e\u0440\u0442\u043d\u0435 \u043e\u0431\u043b\u0430\u0434\u043d\u0430\u043d\u043d\u044f \u0442\u0430 \u043b\u0456\u0442\u0430\u043a.<\/p>\n<p>\u041c\u0438 \u043e\u0440\u0433\u0430\u043d\u0456\u0437\u043e\u0432\u0443\u0454\u043c\u043e \u0442\u0440\u0435\u043d\u0456\u043d\u0433\u0438 \u0434\u043b\u044f \u0430\u0432\u0456\u0430\u0446\u0456\u0439\u043d\u043e\u0433\u043e \u043f\u0435\u0440\u0441\u043e\u043d\u0430\u043b\u0443, \u0449\u043e \u043e\u0445\u043e\u043f\u043b\u044e\u044e\u0442\u044c \u0448\u0438\u0440\u043e\u043a\u0438\u0439 \u0441\u043f\u0435\u043a\u0442\u0440 \u0437\u043d\u0430\u043d\u044c \u0456 \u043d\u0430\u0432\u0438\u0447\u043e\u043a, \u043f\u043e\u0432\u2019\u044f\u0437\u0430\u043d\u0438\u0445 \u0437 \u0435\u043a\u0441\u043f\u043b\u0443\u0430\u0442\u0430\u0446\u0456\u0454\u044e \u0442\u0440\u0430\u043d\u0441\u043f\u043e\u0440\u0442\u043d\u0438\u0445 \u0437\u0430\u0441\u043e\u0431\u0456\u0432 \u0456 \u0432\u0456\u0434\u043f\u043e\u0432\u0456\u0434\u043d\u0438\u043c\u0438 \u043f\u0440\u0430\u0432\u0438\u043b\u0430\u043c\u0438 \u0431\u0435\u0437\u043f\u0435\u043a\u0438. \u041d\u0430\u0448\u0456 \u0437\u0430\u043d\u044f\u0442\u0442\u044f \u0432\u0440\u0430\u0445\u043e\u0432\u0443\u044e\u0442\u044c \u0447\u0438\u043d\u043d\u0456 \u043d\u043e\u0440\u043c\u0438 \u0442\u0430 \u043f\u0440\u0430\u043a\u0442\u0438\u043a\u0443 \u0432 \u0446\u0456\u0439 \u0433\u0430\u043b\u0443\u0437\u0456, \u0431\u0430\u0437\u0443\u044e\u0442\u044c\u0441\u044f \u043d\u0430 \u0432\u0435\u043b\u0438\u043a\u043e\u043c\u0443 \u0434\u043e\u0441\u0432\u0456\u0434\u0456 \u043d\u0430\u0448\u0438\u0445 \u0456\u043d\u0441\u0442\u0440\u0443\u043a\u0442\u043e\u0440\u0456\u0432 \u0443 \u0441\u0444\u0435\u0440\u0456 GSE (Ground Support Equipment) \u2013 \u043f\u0440\u0438\u043b\u0430\u0434\u0456\u0432 \u0442\u0430 \u043e\u0431\u043b\u0430\u0434\u043d\u0430\u043d\u043d\u044f \u0434\u043b\u044f \u043d\u0430\u0437\u0435\u043c\u043d\u043e\u0433\u043e \u043e\u0431\u0441\u043b\u0443\u0433\u043e\u0432\u0443\u0432\u0430\u043d\u043d\u044f \u043b\u0456\u0442\u0430\u043a\u0456\u0432.<\/p>\n<p>\u041d\u0430\u0448\u0456 \u043a\u0443\u0440\u0441\u0438 \u0437 \u0435\u043a\u0441\u043f\u043b\u0443\u0430\u0442\u0430\u0446\u0456\u0457 \u0434\u0430\u043d\u043e\u0433\u043e \u0432\u0438\u0434\u0443 \u0442\u0435\u0445\u043d\u0456\u043a\u0438 \u0454 \u043a\u043e\u043c\u043f\u043b\u0435\u043a\u0441\u043d\u043e\u044e \u043f\u0456\u0434\u0433\u043e\u0442\u043e\u0432\u043a\u043e\u044e \u0434\u043b\u044f \u043a\u043e\u0436\u043d\u043e\u0433\u043e \u0441\u043f\u0456\u0432\u0440\u043e\u0431\u0456\u0442\u043d\u0438\u043a\u0430 \u0430\u0435\u0440\u043e\u043f\u043e\u0440\u0442\u0443, \u0430 \u0442\u0430\u043a\u043e\u0436 \u043b\u044e\u0434\u0435\u0439, \u044f\u043a\u0456 \u0431\u0430\u0436\u0430\u044e\u0442\u044c \u043f\u0440\u0430\u0446\u0435\u0432\u043b\u0430\u0448\u0442\u0443\u0432\u0430\u0442\u0438\u0441\u044f \u043d\u0430\u0437\u0435\u043c\u043d\u0438\u043c \u043f\u0435\u0440\u0441\u043e\u043d\u0430\u043b\u043e\u043c. \u041c\u0438 \u043e\u0440\u0433\u0430\u043d\u0456\u0437\u043e\u0432\u0443\u0454\u043c\u043e \u0442\u0440\u0435\u043d\u0456\u043d\u0433\u0438 \u0434\u043b\u044f \u0430\u0435\u0440\u043e\u043f\u043e\u0440\u0442\u0456\u0432 - \u0434\u043b\u044f \u043e\u0440\u0433\u0430\u043d\u0456\u0437\u043e\u0432\u0430\u043d\u0438\u0445 \u0433\u0440\u0443\u043f, \u0430 \u0442\u0430\u043a\u043e\u0436 \u0434\u043b\u044f \u043b\u044e\u0434\u0435\u0439, \u0437\u0430\u0446\u0456\u043a\u0430\u0432\u043b\u0435\u043d\u0438\u0445 \u0443 \u043d\u0430\u0431\u0443\u0442\u0442\u0456 \u043a\u043e\u043c\u043f\u0435\u0442\u0435\u043d\u0446\u0456\u0439 \u0443 \u0446\u0456\u0439 \u0433\u0430\u043b\u0443\u0437\u0456.<\/p>\n<p>\u0417\u0430\u043f\u0440\u043e\u0448\u0443\u0454\u043c\u043e \u0412\u0430\u0441 \u0441\u043a\u043e\u0440\u0438\u0441\u0442\u0430\u0442\u0438\u0441\u044f \u043d\u0430\u0448\u0438\u043c\u0438 \u043d\u0430\u0432\u0447\u0430\u043b\u044c\u043d\u0438\u043c\u0438 \u043f\u043e\u0441\u043b\u0443\u0433\u0430\u043c\u0438!<\/p>","protected":false},"excerpt":{"rendered":"<p>Nasz o\u015brodek zajmuje si\u0119 organizacj\u0105 kurs\u00f3w na transportery kontener\u00f3w i palet, kt\u00f3re wykorzystywane s\u0105 powszechnie na portach lotniczych w celu przewozu \u0142adunk\u00f3w \u2013 baga\u017cy, palet, kontener\u00f3w, a tak\u017ce \u0142adunk\u00f3w innego rodzaju, w tym nietypowych i wymagaj\u0105cych odpowiedniego przygotowania i zaplecza. Wszystkich zainteresowanych uczestnictwem w zaj\u0119ciach zach\u0119camy do bli\u017cszego zapoznania si\u0119 z nasz\u0105 ofert\u0105! Transportery kontener\u00f3w i palet wykorzystywane na portach lotniczych maj\u0105 posta\u0107 mobilnych podno\u015bnik\u00f3w no\u017cycowych \u2013 s\u0105 to przede wszystkim lotniskowe podno\u015bniki typu high loader z nap\u0119dami spalinowymi lub elektrycznymi, a tak\u017ce lotniskowe podno\u015bniki typu cargo \u2013 s\u0142u\u017c\u0105 one do manipulacji palet i kontener\u00f3w do i z magazynu, rega\u0142\u00f3w, z w\u00f3zk\u00f3w, hi-loader\u2019\u00f3w. S\u0105 one dopasowane do transportu jednostek ULD (unit load device) na kontenery oraz palety i s\u0105 one produkowane w szerokiej gamie wariant\u00f3w technicznych. Do prac wykorzystuje si\u0119 r\u00f3wnie\u017c pojazdy takie jak elektryczne lotniskowe ci\u0105gniki baga\u017cowe oraz ci\u0105gniki z silnikami Diesla. Pracownicy obs\u0142uguj\u0105cy transportery kontener\u00f3w oraz palet musz\u0105 posiada\u0107 wiedz\u0119 oraz umiej\u0119tno\u015bci dotycz\u0105ce manipulacji \u0142adunkami. G\u0142\u00f3wne zagro\u017cenia zwi\u0105zane z nieodpowiedni\u0105 obs\u0142ug\u0105 sprz\u0119t\u00f3w zwi\u0105zane s\u0105 z niedopasowaniem do nich w\u0142a\u015bciwych metod manipulacji oraz nieprzestrzeganiem zasad bezpiecze\u0144stwa i higieny pracy. Niekt\u00f3re \u0142adunki, na przyk\u0142ad samochody, wymagaj\u0105 szczeg\u00f3lnej dba\u0142o\u015bci o dob\u00f3r odpowiednich \u015brodk\u00f3w. W przeciwnym przypadku istnieje ryzyko uszkodzenia nie tylko samego \u0142adunku, ale r\u00f3wnie\u017c urz\u0105dze\u0144 transportowych oraz samolotu. Organizowane przez nas szkolenia dla personelu lotniczego obejmuj\u0105 szeroki zakres wiedzy i umiej\u0119tno\u015bci dotycz\u0105cych obs\u0142ugi transporter\u00f3w oraz zwi\u0105zanych z nimi zasad bezpiecze\u0144stwa. Nasze zaj\u0119cia uwzgl\u0119dniaj\u0105 aktualne przepisy i praktyk\u0119 w tym zakresie, opieraj\u0105c si\u0119 na szerokim do\u015bwiadczeniu naszych instruktor\u00f3w w dziedzinie GSE (Ground Support Equipment) \u2013 urz\u0105dze\u0144 [&hellip;]<\/p>\n","protected":false},"author":1,"featured_media":4503,"parent":1442,"menu_order":0,"comment_status":"closed","ping_status":"closed","template":"","meta":{"sfsi_plus_gutenberg_text_before_share":"","sfsi_plus_gutenberg_show_text_before_share":"","sfsi_plus_gutenberg_icon_type":"","sfsi_plus_gutenberg_icon_alignemt":"","sfsi_plus_gutenburg_max_per_row":"","footnotes":""},"class_list":["post-1444","page","type-page","status-publish","has-post-thumbnail","hentry","has_thumb"],"aioseo_notices":[],"_links":{"self":[{"href":"https:\/\/kursy-udt.pl\/ua\/wp-json\/wp\/v2\/pages\/1444","targetHints":{"allow":["GET"]}}],"collection":[{"href":"https:\/\/kursy-udt.pl\/ua\/wp-json\/wp\/v2\/pages"}],"about":[{"href":"https:\/\/kursy-udt.pl\/ua\/wp-json\/wp\/v2\/types\/page"}],"author":[{"embeddable":true,"href":"https:\/\/kursy-udt.pl\/ua\/wp-json\/wp\/v2\/users\/1"}],"replies":[{"embeddable":true,"href":"https:\/\/kursy-udt.pl\/ua\/wp-json\/wp\/v2\/comments?post=1444"}],"version-history":[{"count":4,"href":"https:\/\/kursy-udt.pl\/ua\/wp-json\/wp\/v2\/pages\/1444\/revisions"}],"predecessor-version":[{"id":4505,"href":"https:\/\/kursy-udt.pl\/ua\/wp-json\/wp\/v2\/pages\/1444\/revisions\/4505"}],"up":[{"embeddable":true,"href":"https:\/\/kursy-udt.pl\/ua\/wp-json\/wp\/v2\/pages\/1442"}],"wp:featuredmedia":[{"embeddable":true,"href":"https:\/\/kursy-udt.pl\/ua\/wp-json\/wp\/v2\/media\/4503"}],"wp:attachment":[{"href":"https:\/\/kursy-udt.pl\/ua\/wp-json\/wp\/v2\/media?parent=1444"}],"curies":[{"name":"wp","href":"https:\/\/api.w.org\/{rel}","templated":true}]}}