{"id":1442,"date":"2015-08-20T21:56:47","date_gmt":"2015-08-20T21:56:47","guid":{"rendered":"http:\/\/kursy-udt.pl\/?page_id=1442"},"modified":"2025-05-22T22:24:19","modified_gmt":"2025-05-22T20:24:19","slug":"gse","status":"publish","type":"page","link":"https:\/\/kursy-udt.pl\/ua\/szkolenia\/gse\/","title":{"rendered":"\u041d\u0430\u0432\u0447\u0430\u043b\u044c\u043d\u0456 \u043a\u0443\u0440\u0441\u0438 GSE"},"content":{"rendered":"<p><img loading=\"lazy\" decoding=\"async\" class=\"paddingleft10 alignleft wp-image-3431 size-medium\" src=\"https:\/\/kursy-udt.pl\/wp-content\/uploads\/2021\/08\/Projekt-bez-tytulu-38-300x251.jpg\" alt=\"\" width=\"300\" height=\"251\" srcset=\"https:\/\/kursy-udt.pl\/wp-content\/uploads\/2021\/08\/Projekt-bez-tytulu-38-300x251.jpg 300w, https:\/\/kursy-udt.pl\/wp-content\/uploads\/2021\/08\/Projekt-bez-tytulu-38-768x644.jpg 768w, https:\/\/kursy-udt.pl\/wp-content\/uploads\/2021\/08\/Projekt-bez-tytulu-38-624x523.jpg 624w, https:\/\/kursy-udt.pl\/wp-content\/uploads\/2021\/08\/Projekt-bez-tytulu-38.jpg 940w\" sizes=\"auto, (max-width: 300px) 100vw, 300px\" \/>\u0423 \u043d\u0430\u0448\u043e\u043c\u0443 \u0446\u0435\u043d\u0442\u0440\u0456 \u043c\u0438 \u043f\u0440\u043e\u043f\u043e\u043d\u0443\u0454\u043c\u043e \u043d\u0430\u0432\u0447\u0430\u043d\u043d\u044f GSE (Ground Support Equipment) - \u043f\u0440\u0438\u0441\u0442\u0440\u043e\u0457 \u0442\u0430 \u043e\u0431\u043b\u0430\u0434\u043d\u0430\u043d\u043d\u044f \u0434\u043b\u044f \u043d\u0430\u0437\u0435\u043c\u043d\u043e\u0433\u043e \u043e\u0431\u0441\u043b\u0443\u0433\u043e\u0432\u0443\u0432\u0430\u043d\u043d\u044f \u043b\u0456\u0442\u0430\u043a\u0456\u0432. \u0426\u0435 \u0437\u0430\u043d\u044f\u0442\u0442\u044f, \u044f\u043a\u0456 \u0434\u043e\u0437\u0432\u043e\u043b\u044f\u044e\u0442\u044c \u043e\u0442\u0440\u0438\u043c\u0430\u0442\u0438 \u0437\u043d\u0430\u043d\u043d\u044f \u0442\u0430 \u043d\u0430\u0432\u0438\u0447\u043a\u0438, \u043f\u043e\u0432\u2019\u044f\u0437\u0430\u043d\u0456 \u0437 \u0432\u0438\u043a\u043e\u043d\u0430\u043d\u043d\u044f\u043c \u043e\u0431\u043e\u0432\u2019\u044f\u0437\u043a\u0456\u0432 \u043d\u0430\u0437\u0435\u043c\u043d\u043e\u0433\u043e \u043f\u0440\u0430\u0446\u0456\u0432\u043d\u0438\u043a\u0430 \u0432 \u0430\u0435\u0440\u043e\u043f\u043e\u0440\u0442\u0430\u0445.<\/p>\n<p>\u041c\u0438 \u043e\u0440\u0433\u0430\u043d\u0456\u0437\u043e\u0432\u0443\u0454\u043c\u043e \u0442\u0440\u0435\u043d\u0456\u043d\u0433\u0438 \u0434\u043b\u044f \u0430\u0432\u0456\u0430\u0446\u0456\u0439\u043d\u043e\u0433\u043e \u043f\u0435\u0440\u0441\u043e\u043d\u0430\u043b\u0443 \u0442\u0430 \u043b\u044e\u0434\u0435\u0439, \u044f\u043a\u0456 \u0445\u043e\u0447\u0443\u0442\u044c \u043f\u0440\u0435\u0442\u0435\u043d\u0434\u0443\u0432\u0430\u0442\u0438 \u043d\u0430 \u0440\u043e\u0431\u043e\u0442\u0443 \u0432 \u0430\u0435\u0440\u043e\u043f\u043e\u0440\u0442\u0430\u0445. \u041c\u0438 \u0442\u0430\u043a\u043e\u0436 \u043f\u0440\u043e\u0432\u043e\u0434\u0438\u043c\u043e \u0457\u0445 \u044f\u043a \u043d\u0430\u0432\u0447\u0430\u043b\u044c\u043d\u0456 \u043a\u0443\u0440\u0441\u0438 \u0434\u043b\u044f \u0430\u0435\u0440\u043e\u043f\u043e\u0440\u0442\u0456\u0432 \u2013 \u0434\u043b\u044f \u043e\u0440\u0433\u0430\u043d\u0456\u0437\u043e\u0432\u0430\u043d\u0438\u0445 \u0433\u0440\u0443\u043f.<\/p>\n<p>&nbsp;<\/p>\n<p>&nbsp;<\/p>\n<p>&nbsp;<\/p>\n<p>&nbsp;<\/p>\n<p><strong>\u041d\u0430\u0448\u0430 \u043d\u0430\u0432\u0447\u0430\u043b\u044c\u043d\u0430 \u043f\u0440\u043e\u043f\u043e\u0437\u0438\u0446\u0456\u044f \u0432\u043a\u043b\u044e\u0447\u0430\u0454:<\/strong><\/p>\n<ul>\n<li>\u043a\u0443\u0440\u0441\u0438 \u0442\u0440\u0430\u043d\u0441\u043f\u043e\u0440\u0442\u0443\u0432\u0430\u043b\u044c\u043d\u0438\u043a\u0456\u0432 \u043a\u043e\u043d\u0442\u0435\u0439\u043d\u0435\u0440\u0456\u0432 \u0456 \u043f\u0430\u043b\u0435\u0442<\/li>\n<li>\u0430\u043c\u0431\u0443\u043b\u0430\u0442\u043e\u0440\u043d\u0456 \u043a\u0443\u0440\u0441\u0438<\/li>\n<li>\u043a\u0443\u0440\u0441\u0438 \u0430\u043d\u0442\u0438\u043e\u0436\u0435\u043b\u0435\u0434\u043d\u0438\u0445 \u0437\u0430\u0441\u043e\u0431\u0456\u0432<\/li>\n<\/ul>\n<p>\u041f\u0440\u043e\u0433\u0440\u0430\u043c\u0430 \u043d\u0430\u0448\u0438\u0445 \u0437\u0430\u043d\u044f\u0442\u044c \u0432\u0456\u0434\u043f\u043e\u0432\u0456\u0434\u0430\u0454 \u0432\u0438\u043c\u043e\u0433\u0430\u043c \u0437\u0430\u043a\u043e\u043d\u043e\u0434\u0430\u0432\u0441\u0442\u0432\u0430 \u0449\u043e\u0434\u043e \u0435\u043a\u0441\u043f\u043b\u0443\u0430\u0442\u0430\u0446\u0456\u0457 \u043f\u0440\u0438\u0441\u0442\u0440\u043e\u0457\u0432 GSE \u0430\u0435\u0440\u043e\u043f\u043e\u0440\u0442\u0443. \u0412\u043e\u043d\u0438 \u0432\u0438\u043a\u043e\u0440\u0438\u0441\u0442\u043e\u0432\u0443\u044e\u0442\u044c\u0441\u044f \u0432 \u0430\u0435\u0440\u043e\u043f\u043e\u0440\u0442\u0430\u0445, \u044f\u043a \u043f\u0440\u0430\u0432\u0438\u043b\u043e, \u0431\u0456\u043b\u044f \u0440\u0430\u043c\u043f\u0438 \u0442\u0430 \u0432 \u0437\u043e\u043d\u0456 \u043e\u0431\u0441\u043b\u0443\u0433\u043e\u0432\u0443\u0432\u0430\u043d\u043d\u044f \u0442\u0435\u0440\u043c\u0456\u043d\u0430\u043b\u0456\u0432. \u0423 \u0441\u0444\u0435\u0440\u0443 \u043f\u043e\u0441\u043b\u0443\u0433 \u0432\u0445\u043e\u0434\u044f\u0442\u044c, \u043d\u0430\u0441\u0430\u043c\u043f\u0435\u0440\u0435\u0434, \u0432\u0430\u043d\u0442\u0430\u0436\u043d\u043e-\u0440\u043e\u0437\u0432\u0430\u043d\u0442\u0430\u0436\u0443\u0432\u0430\u043b\u044c\u043d\u0456 \u0440\u043e\u0431\u043e\u0442\u0438, \u043f\u043e\u0432&#039;\u044f\u0437\u0430\u043d\u0456 \u0437 \u0440\u0443\u0445\u043b\u0438\u0432\u0456\u0441\u0442\u044e \u043b\u0456\u0442\u0430\u043a\u0456\u0432, \u043f\u0440\u0438\u0431\u0438\u0440\u0430\u043d\u043d\u044f, \u0437\u0430\u043f\u0440\u0430\u0432\u043a\u0430 \u043f\u0440\u0435\u0434\u043c\u0435\u0442\u0456\u0432 \u0433\u0456\u0433\u0456\u0454\u043d\u0438, \u0430 \u0442\u0430\u043a\u043e\u0436 \u0435\u043b\u0435\u043a\u0442\u0440\u043e\u043f\u043e\u0441\u0442\u0430\u0447\u0430\u043d\u043d\u044f \u043b\u0456\u0442\u0430\u043a\u0456\u0432. \u0426\u0456 \u0440\u043e\u0431\u043e\u0442\u0438 \u0432\u0438\u043a\u043e\u043d\u0443\u044e\u0442\u044c\u0441\u044f \u043f\u0440\u0430\u0446\u0456\u0432\u043d\u0438\u043a\u0430\u043c\u0438 \u0430\u0435\u0440\u043e\u043f\u043e\u0440\u0442\u0443 \u0430\u0431\u043e \u0437\u043e\u0432\u043d\u0456\u0448\u043d\u0456\u043c \u043e\u043f\u0435\u0440\u0430\u0442\u043e\u0440\u043e\u043c.<\/p>\n<p>\u041a\u043e\u0436\u0435\u043d \u043a\u0443\u0440\u0441 \u043e\u0431\u0441\u043b\u0443\u0433\u043e\u0432\u0443\u0432\u0430\u043d\u043d\u044f, \u044f\u043a\u0438\u0439 \u043f\u0440\u043e\u0432\u043e\u0434\u0438\u0442\u044c\u0441\u044f \u0432 \u043d\u0430\u0448\u0438\u0445 \u0446\u0435\u043d\u0442\u0440\u0430\u0445, \u0432\u043a\u043b\u044e\u0447\u0430\u0454 \u0442\u0435\u043e\u0440\u0435\u0442\u0438\u0447\u043d\u0443 \u0442\u0430 \u043f\u0440\u0430\u043a\u0442\u0438\u0447\u043d\u0443 \u0447\u0430\u0441\u0442\u0438\u043d\u0438. \u0412\u0456\u043d \u043f\u043e\u0432\u043d\u0438\u0439 \u0446\u0456\u043d\u043d\u043e\u0457 \u0456\u043d\u0444\u043e\u0440\u043c\u0430\u0446\u0456\u0457 \u0434\u043b\u044f \u0441\u0442\u043e\u043b\u0456\u0432 \u043d\u0430\u0437\u0435\u043c\u043d\u043e\u0433\u043e \u043e\u0431\u0441\u043b\u0443\u0433\u043e\u0432\u0443\u0432\u0430\u043d\u043d\u044f \u043b\u0456\u0442\u0430\u043a\u0456\u0432. \u0417\u0430\u043d\u044f\u0442\u0442\u044f \u043f\u0440\u043e\u0432\u043e\u0434\u044f\u0442\u044c \u0434\u043e\u0441\u0432\u0456\u0434\u0447\u0435\u043d\u0456 \u0456\u043d\u0441\u0442\u0440\u0443\u043a\u0442\u043e\u0440\u0438 \u0437 \u0431\u0430\u0433\u0430\u0442\u043e\u0440\u0456\u0447\u043d\u043e\u044e \u043f\u0440\u043e\u0444\u0435\u0441\u0456\u0439\u043d\u043e\u044e \u043f\u0440\u0430\u043a\u0442\u0438\u043a\u043e\u044e, \u044f\u043a\u0456 \u0437\u0430\u0432\u0436\u0434\u0438 \u0432\u0456\u0434\u043a\u0440\u0438\u0442\u0456 \u0434\u043e \u0437\u0430\u043f\u0438\u0442\u0430\u043d\u044c. \u041a\u0443\u0440\u0441\u0438 \u0437\u0430\u043a\u0456\u043d\u0447\u0443\u044e\u0442\u044c\u0441\u044f \u0456\u0441\u043f\u0438\u0442\u0430\u043c\u0438, \u043f\u0456\u0441\u043b\u044f \u044f\u043a\u0438\u0445 \u0443\u0447\u0430\u0441\u043d\u0438\u043a\u0438 \u043e\u0442\u0440\u0438\u043c\u0443\u044e\u0442\u044c \u0441\u0435\u0440\u0442\u0438\u0444\u0456\u043a\u0430\u0442, \u0449\u043e \u043f\u0456\u0434\u0442\u0432\u0435\u0440\u0434\u0436\u0443\u0454 \u043e\u0442\u0440\u0438\u043c\u0430\u043d\u0443 \u043a\u0432\u0430\u043b\u0456\u0444\u0456\u043a\u0430\u0446\u0456\u044e. \u0426\u0456 \u0441\u0435\u0440\u0442\u0438\u0444\u0456\u043a\u0430\u0442\u0438 \u0434\u043e\u0437\u0432\u043e\u043b\u044f\u044e\u0442\u044c \u043f\u043e\u0434\u0430\u0442\u0438 \u0437\u0430\u044f\u0432\u043a\u0443 \u043d\u0430 \u043f\u043e\u0441\u0430\u0434\u0438 \u043d\u0430\u0437\u0435\u043c\u043d\u043e\u0433\u043e \u043f\u0435\u0440\u0441\u043e\u043d\u0430\u043b\u0443 \u0430\u0435\u0440\u043e\u043f\u043e\u0440\u0442\u0443.<\/p>\n<p>\u041d\u0430 \u043d\u0430\u0448\u043e\u043c\u0443 \u0441\u0430\u0439\u0442\u0456 \u0432\u0438 \u043c\u043e\u0436\u0435\u0442\u0435 \u043f\u0435\u0440\u0435\u0432\u0456\u0440\u0438\u0442\u0438 \u0430\u043a\u0442\u0443\u0430\u043b\u044c\u043d\u0456 \u0434\u0430\u0442\u0438 \u043e\u0440\u0433\u0430\u043d\u0456\u0437\u0430\u0446\u0456\u0457 \u0437\u0430\u043d\u044f\u0442\u044c - \u0432\u043e\u043d\u0438 \u0432\u0456\u0434\u0431\u0443\u0432\u0430\u044e\u0442\u044c\u0441\u044f \u0443 \u0412\u0430\u0440\u0448\u0430\u0432\u0456, \u0430 \u0442\u0430\u043a\u043e\u0436 \u0432 \u0456\u043d\u0448\u0438\u0445 \u043c\u0456\u0441\u0442\u0430\u0445 \u041f\u043e\u043b\u044c\u0449\u0456. \u0422\u0430\u043a\u043e\u0436 \u043c\u043e\u0436\u043b\u0438\u0432\u0435 \u043f\u0440\u043e\u0432\u0435\u0434\u0435\u043d\u043d\u044f \u043d\u0430\u0432\u0447\u0430\u043b\u044c\u043d\u0438\u0445 \u043a\u0443\u0440\u0441\u0456\u0432 \u0443 \u0437\u0440\u0443\u0447\u043d\u0438\u0439 \u0434\u043b\u044f \u0432\u0430\u0441 \u0447\u0430\u0441 \u0456 \u0432 \u0437\u0440\u0443\u0447\u043d\u043e\u043c\u0443 \u043c\u0456\u0441\u0446\u0456 \u0434\u043b\u044f \u0437\u0430\u043a\u0440\u0438\u0442\u0438\u0445 \u0433\u0440\u0443\u043f. \u042f\u043a\u0449\u043e \u0443 \u0432\u0430\u0441 \u0432\u0438\u043d\u0438\u043a\u043d\u0443\u0442\u044c \u0434\u043e\u0434\u0430\u0442\u043a\u043e\u0432\u0456 \u0437\u0430\u043f\u0438\u0442\u0430\u043d\u043d\u044f, \u043c\u0438 \u0437\u0430\u0432\u0436\u0434\u0438 \u043d\u0430 \u0437\u0432'\u044f\u0437\u043a\u0443. \u0417\u0430\u043f\u0440\u043e\u0448\u0443\u0454\u043c\u043e \u0412\u0430\u0441 \u0441\u043a\u043e\u0440\u0438\u0441\u0442\u0430\u0442\u0438\u0441\u044f \u043d\u0430\u0448\u043e\u044e \u043f\u0440\u043e\u043f\u043e\u0437\u0438\u0446\u0456\u0454\u044e \u043d\u0430\u0432\u0447\u0430\u043d\u043d\u044f \u0434\u043b\u044f \u0430\u0432\u0456\u0430\u0446\u0456\u0439\u043d\u043e\u0433\u043e \u0442\u0430 \u0430\u0435\u0440\u043e\u043f\u043e\u0440\u0442\u043e\u0432\u043e\u0433\u043e \u043f\u0435\u0440\u0441\u043e\u043d\u0430\u043b\u0443!<\/p>\n<p><a href=\"https:\/\/kursy-udt.pl\/wp-content\/uploads\/2022\/12\/GSE-kursy-udt.pl_.png\"><img loading=\"lazy\" decoding=\"async\" class=\"aligncenter wp-image-4518\" src=\"https:\/\/kursy-udt.pl\/wp-content\/uploads\/2022\/12\/GSE-kursy-udt.pl_-300x188.png\" alt=\"\" width=\"750\" height=\"469\" srcset=\"https:\/\/kursy-udt.pl\/wp-content\/uploads\/2022\/12\/GSE-kursy-udt.pl_-300x188.png 300w, https:\/\/kursy-udt.pl\/wp-content\/uploads\/2022\/12\/GSE-kursy-udt.pl_-1024x640.png 1024w, https:\/\/kursy-udt.pl\/wp-content\/uploads\/2022\/12\/GSE-kursy-udt.pl_-768x480.png 768w, https:\/\/kursy-udt.pl\/wp-content\/uploads\/2022\/12\/GSE-kursy-udt.pl_-18x12.png 18w, https:\/\/kursy-udt.pl\/wp-content\/uploads\/2022\/12\/GSE-kursy-udt.pl_-624x390.png 624w, https:\/\/kursy-udt.pl\/wp-content\/uploads\/2022\/12\/GSE-kursy-udt.pl_.png 1200w\" sizes=\"auto, (max-width: 750px) 100vw, 750px\" \/><\/a><\/p>","protected":false},"excerpt":{"rendered":"<p>W naszym o\u015brodku oferujemy szkolenia GSE (Ground Support Equipment) \u2013 urz\u0105dze\u0144 i sprz\u0119tu do obs\u0142ugi naziemnej statk\u00f3w powietrznych. S\u0105 to zaj\u0119cia, dzi\u0119ki kt\u00f3rym mo\u017cna zdoby\u0107 wiedz\u0119 oraz umiej\u0119tno\u015bci dotycz\u0105ce obowi\u0105zk\u00f3w jako pracownik obs\u0142ugi naziemnej \u2013 p\u0142ytowej w portach lotniczych. Organizujemy szkolenia dla personelu lotniczego i os\u00f3b chc\u0105cych ubiega\u0107 si\u0119 o prac\u0119 na portach lotniczych. R\u00f3wnie\u017c prowadzimy je jako szkolenia dla port\u00f3w lotniczych \u2013 dla grup zorganizowanych. &nbsp; &nbsp; &nbsp; &nbsp; Nasza oferta szkoleniowa w\u0142\u0105cza: kursy na transportery kontener\u00f3w i palet kursy na ambulifty kursy na odladzarki Program naszych zaj\u0119\u0107 spe\u0142nia wymogi prawne zwi\u0105zane z obs\u0142ug\u0105 urz\u0105dze\u0144 lotniskowych typu GSE. S\u0105 one u\u017cywane na portach lotniczych, zwykle przy rampie i w przestrzeni serwisowej przy terminalach. Zakres obs\u0142ugi w\u0142\u0105cza przede wszystkim operacje za\u0142adunku, dotycz\u0105ce mobilno\u015bci samolot\u00f3w, sprz\u0105tania, uzupe\u0142niania artyku\u0142\u00f3w higienicznych, a tak\u017ce zasilania samolot\u00f3w. Prace te prowadzone s\u0105 przez pracownik\u00f3w lotniska lub te\u017c zewn\u0119trznego operatora. Ka\u017cdy kurs obs\u0142ugi prowadzony w naszym o\u015brodk\u00f3w obejmuje cz\u0119\u015b\u0107 teoretyczn\u0105 oraz praktyczn\u0105. Jest on pe\u0142en warto\u015bciowych informacji potrzebnych na stanowiskach obs\u0142ugi naziemnej statk\u00f3w powietrznych. Zaj\u0119cia prowadzone s\u0105 przez do\u015bwiadczonych instruktor\u00f3w z wieloletni\u0105 praktyk\u0105 zawodow\u0105, kt\u00f3rzy otwarci s\u0105 zawsze na zapytania. Kursy ko\u0144cz\u0105 si\u0119 egzaminami, po kt\u00f3rych pozytywnym zaliczeniu uczestnicy uzyskuj\u0105 za\u015bwiadczenia potwierdzaj\u0105ce zdobyte kwalifikacje. Za\u015bwiadczenia te pozwalaj\u0105 na ubieganie si\u0119 o stanowiska przeznaczone dla personelu naziemnego port\u00f3w lotniczych. Na naszej stronie internetowej mo\u017cna sprawdzi\u0107 aktualne terminy organizacji zaj\u0119\u0107 \u2013 odbywaj\u0105 si\u0119 one w Warszawie, a tak\u017ce w innych miastach Polski. Tak\u017ce istnieje mo\u017cliwo\u015b\u0107 prowadzenia szkole\u0144 w dogodnych terminach i miejscach dla grup zamkni\u0119tych. W razie dodatkowych pyta\u0144 zawsze jeste\u015bmy do dyspozycji. Zapraszamy [&hellip;]<\/p>\n","protected":false},"author":1,"featured_media":3431,"parent":65,"menu_order":50,"comment_status":"closed","ping_status":"closed","template":"","meta":{"sfsi_plus_gutenberg_text_before_share":"","sfsi_plus_gutenberg_show_text_before_share":"","sfsi_plus_gutenberg_icon_type":"","sfsi_plus_gutenberg_icon_alignemt":"","sfsi_plus_gutenburg_max_per_row":"","footnotes":""},"class_list":["post-1442","page","type-page","status-publish","has-post-thumbnail","hentry","has_thumb"],"aioseo_notices":[],"_links":{"self":[{"href":"https:\/\/kursy-udt.pl\/ua\/wp-json\/wp\/v2\/pages\/1442","targetHints":{"allow":["GET"]}}],"collection":[{"href":"https:\/\/kursy-udt.pl\/ua\/wp-json\/wp\/v2\/pages"}],"about":[{"href":"https:\/\/kursy-udt.pl\/ua\/wp-json\/wp\/v2\/types\/page"}],"author":[{"embeddable":true,"href":"https:\/\/kursy-udt.pl\/ua\/wp-json\/wp\/v2\/users\/1"}],"replies":[{"embeddable":true,"href":"https:\/\/kursy-udt.pl\/ua\/wp-json\/wp\/v2\/comments?post=1442"}],"version-history":[{"count":10,"href":"https:\/\/kursy-udt.pl\/ua\/wp-json\/wp\/v2\/pages\/1442\/revisions"}],"predecessor-version":[{"id":6174,"href":"https:\/\/kursy-udt.pl\/ua\/wp-json\/wp\/v2\/pages\/1442\/revisions\/6174"}],"up":[{"embeddable":true,"href":"https:\/\/kursy-udt.pl\/ua\/wp-json\/wp\/v2\/pages\/65"}],"wp:featuredmedia":[{"embeddable":true,"href":"https:\/\/kursy-udt.pl\/ua\/wp-json\/wp\/v2\/media\/3431"}],"wp:attachment":[{"href":"https:\/\/kursy-udt.pl\/ua\/wp-json\/wp\/v2\/media?parent=1442"}],"curies":[{"name":"wp","href":"https:\/\/api.w.org\/{rel}","templated":true}]}}