{"id":1395,"date":"2014-10-04T16:43:54","date_gmt":"2014-10-04T16:43:54","guid":{"rendered":"http:\/\/kursy-udt.pl\/?page_id=1395"},"modified":"2022-12-05T11:51:12","modified_gmt":"2022-12-05T11:51:12","slug":"%d0%ba%d1%83%d1%80%d1%81%d0%be%d0%b2%d1%96-%d1%82%d0%b5%d0%bb%d0%b5%d1%81%d0%ba%d0%be%d0%bf%d1%96%d1%87%d0%bd%d1%96-%d0%bd%d0%b0%d0%b2%d0%b0%d0%bd%d1%82%d0%b0%d0%b6%d1%83%d0%b2%d0%b0%d1%87%d1%96","status":"publish","type":"page","link":"https:\/\/kursy-udt.pl\/ua\/szkolenia\/kurs-na-ladowarki-teleskopowe\/","title":{"rendered":"\u041a\u0443\u0440\u0441 \u0442\u0435\u043b\u0435\u0441\u043a\u043e\u043f\u0456\u0447\u043d\u0438\u0445 \u043d\u0430\u0432\u0430\u043d\u0442\u0430\u0436\u0443\u0432\u0430\u0447\u0456\u0432"},"content":{"rendered":"<p><img loading=\"lazy\" decoding=\"async\" class=\"paddingleft10 alignleft wp-image-346\" src=\"https:\/\/kursy-udt.pl\/wp-content\/uploads\/2014\/03\/wozki-widlowe-1.jpeg\" alt=\"\u0442\u0435\u043b\u0435\u0441\u043a\u043e\u043f\u0456\u0447\u043d\u0438\u0439 \u043d\u0430\u0432\u0430\u043d\u0442\u0430\u0436\u0443\u0432\u0430\u0447 - \u043d\u0430\u0432\u0430\u043d\u0442\u0430\u0436\u0443\u0432\u0430\u0447 \u0437\u0456 \u0437\u043c\u0456\u043d\u043d\u0438\u043c \u0432\u0438\u043b\u044c\u043e\u0442\u043e\u043c\" width=\"200\" height=\"150\" \/>\u0417\u0430\u043f\u0440\u043e\u0448\u0443\u0454\u043c\u043e \u043f\u0440\u043e\u0439\u0442\u0438 \u043a\u0443\u0440\u0441\u0438 \u0442\u0435\u043b\u0435\u0441\u043a\u043e\u043f\u0456\u0447\u043d\u043e\u0433\u043e \u043d\u0430\u0432\u0430\u043d\u0442\u0430\u0436\u0443\u0432\u0430\u0447\u0430 \u0434\u043e <a href=\"https:\/\/kursy-udt.pl\/ua\/o-firmie\/\">\u0426\u0435\u043d\u0442\u0440 \u043f\u0456\u0434\u0433\u043e\u0442\u043e\u0432\u043a\u0438 \u043f\u0435\u0440\u0441\u043e\u043d\u0430\u043b\u0443 \u0415\u0420\u0413\u041e\u041d<\/a>!<\/p>\n<div class=\"wyjustuj\">\n<p>\u041e\u0431\u0438\u0440\u0430\u044e\u0447\u0438 \u043d\u0430\u0448\u0456 \u043a\u0443\u0440\u0441\u0438 \u0437\u0430\u0440\u044f\u0434\u043d\u0438\u0445 \u043f\u0440\u0438\u0441\u0442\u0440\u043e\u0457\u0432, \u0432\u0438 \u043e\u0442\u0440\u0438\u043c\u0443\u0454\u0442\u0435 \u0433\u0430\u0440\u0430\u043d\u0442\u0456\u044e \u043f\u0440\u043e\u0444\u0435\u0441\u0456\u0439\u043d\u043e\u0433\u043e \u043d\u0430\u0432\u0447\u0430\u043d\u043d\u044f \u043f\u0456\u0434 \u043a\u0435\u0440\u0456\u0432\u043d\u0438\u0446\u0442\u0432\u043e\u043c \u0434\u043e\u0441\u0432\u0456\u0434\u0447\u0435\u043d\u0438\u0445 \u0456\u043d\u0441\u0442\u0440\u0443\u043a\u0442\u043e\u0440\u0456\u0432, \u0449\u043e\u0431 \u043e\u0442\u0440\u0438\u043c\u0430\u0442\u0438 <a href=\"https:\/\/kursy-udt.pl\/ua\/uprawnienia-udt\/kategorie-uprawnien-2\/\">\u041a\u0432\u0430\u043b\u0456\u0444\u0456\u043a\u0430\u0446\u0456\u044f UDT<\/a> \u0446\u0435 \u0431\u0443\u043b\u043e \u0449\u0435 \u043f\u0440\u043e\u0441\u0442\u0456\u0448\u0435. \u041f\u0440\u0438 \u0446\u044c\u043e\u043c\u0443 \u0446\u0456\u043d\u0430 \u043d\u0430\u0448\u0438\u0445 \u0437\u0430\u043d\u044f\u0442\u044c \u0442\u0430\u043a\u043e\u0436 \u043f\u043e\u0432\u0438\u043d\u043d\u0430 \u0432\u0430\u0441 \u0437\u0430\u0446\u0456\u043a\u0430\u0432\u0438\u0442\u0438 - \u0432\u0441\u0456 \u0442\u0440\u0435\u043d\u0456\u043d\u0433\u0438 \u0432 \u041e\u0414\u041a \u0415\u0420\u0413\u041e\u041d \u0432\u0438\u0440\u0456\u0437\u043d\u044f\u044e\u0442\u044c\u0441\u044f \u043f\u0440\u0438\u0432\u0430\u0431\u043b\u0438\u0432\u0438\u043c\u0438, \u0434\u043e\u0441\u0442\u0443\u043f\u043d\u0438\u043c\u0438 \u0446\u0456\u043d\u0430\u043c\u0438.<\/p>\n<p>&nbsp;<\/p>\n<h2 class=\"naglowekh2\">\u0437\u0430\u0441\u0442\u043e\u0441\u0443\u0432\u0430\u043d\u043d\u044f<\/h2>\n<p>\u0422\u0435\u043b\u0435\u043e\u0431\u0440\u043e\u0431\u043d\u0438\u043a - \u0446\u0435 <a href=\"https:\/\/kursy-udt.pl\/ua\/szkolenia\/udt-wdt-tdt\/wozki-widlowe-merlo\/\">\u043d\u0430\u0432\u0430\u043d\u0442\u0430\u0436\u0443\u0432\u0430\u0447<\/a> \u0441\u043f\u0435\u0446\u0456\u0430\u043b\u0456\u0437\u043e\u0432\u0430\u043d\u0438\u0439 \u043d\u0430\u0432\u0430\u043d\u0442\u0430\u0436\u0443\u0432\u0430\u0447 \u0437\u0456 \u0437\u043c\u0456\u043d\u043d\u0438\u043c \u0432\u0438\u043b\u044c\u043e\u0442\u043e\u043c \u0441\u0442\u0440\u0456\u043b\u0438, \u044f\u043a\u0438\u0439 \u0448\u0438\u0440\u043e\u043a\u043e \u0432\u0438\u043a\u043e\u0440\u0438\u0441\u0442\u043e\u0432\u0443\u0454\u0442\u044c\u0441\u044f \u043d\u0430 \u0431\u0443\u0434\u0456\u0432\u0435\u043b\u044c\u043d\u0438\u0445 \u043c\u0430\u0439\u0434\u0430\u043d\u0447\u0438\u043a\u0430\u0445 \u0442\u0430 \u0432 \u0456\u043d\u0448\u0438\u0445 \u043c\u0456\u0441\u0446\u044f\u0445, \u0434\u0435 \u043d\u0435\u043e\u0431\u0445\u0456\u0434\u043d\u043e \u0448\u0432\u0438\u0434\u043a\u043e \u0442\u0430 \u0435\u0444\u0435\u043a\u0442\u0438\u0432\u043d\u043e \u0432\u0438\u043a\u043e\u043d\u0443\u0432\u0430\u0442\u0438 \u0442\u0440\u0430\u043d\u0441\u043f\u043e\u0440\u0442\u043d\u0456 \u0440\u043e\u0431\u043e\u0442\u0438. \u0421\u0435\u0440\u0435\u0434 \u0456\u043d\u0448\u043e\u0433\u043e, \u043d\u0430\u0432\u0430\u043d\u0442\u0430\u0436\u0443\u0432\u0430\u0447\u0456 \u0432\u0438\u043a\u043e\u0440\u0438\u0441\u0442\u043e\u0432\u0443\u044e\u0442\u044c\u0441\u044f \u0434\u043b\u044f \u0440\u043e\u0431\u0456\u0442 \u043f\u0440\u0438 \u0431\u0443\u0434\u0456\u0432\u043d\u0438\u0446\u0442\u0432\u0456 \u0434\u043e\u0440\u0456\u0433, \u043c\u043e\u0441\u0442\u0456\u0432, \u0432\u0456\u0430\u0434\u0443\u043a\u0456\u0432 \u0456 \u043c\u0435\u0442\u0430\u043b\u043e\u043a\u043e\u043d\u0441\u0442\u0440\u0443\u043a\u0446\u0456\u0439.<\/p>\n<h2 class=\"naglowekh2\">\u041c\u0435\u0442\u0430 \u0442\u0440\u0435\u043d\u0456\u043d\u0433\u0443<\/h2>\n<p>\u041a\u0443\u0440\u0441 \u0434\u043b\u044f \u0442\u0435\u043b\u0435\u0441\u043a\u043e\u043f\u0456\u0447\u043d\u0438\u0445 \u043d\u0430\u0432\u0430\u043d\u0442\u0430\u0436\u0443\u0432\u0430\u0447\u0456\u0432 \u0431\u0443\u0432 \u0440\u043e\u0437\u0440\u043e\u0431\u043b\u0435\u043d\u0438\u0439 \u0441\u043f\u0435\u0446\u0456\u0430\u043b\u044c\u043d\u043e \u0434\u043b\u044f \u0442\u0438\u0445, \u0445\u0442\u043e \u0445\u043e\u0447\u0435 \u043f\u0440\u0435\u0442\u0435\u043d\u0434\u0443\u0432\u0430\u0442\u0438 \u043d\u0430 \u043a\u0432\u0430\u043b\u0456\u0444\u0456\u043a\u0430\u0446\u0456\u044e, \u043d\u0435\u043e\u0431\u0445\u0456\u0434\u043d\u0443 \u0434\u043b\u044f \u0440\u043e\u0431\u043e\u0442\u0438 \u043e\u043f\u0435\u0440\u0430\u0442\u043e\u0440\u043e\u043c \u0432\u0430\u043d\u0442\u0430\u0436\u043d\u0438\u0445 \u0430\u0432\u0442\u043e\u043c\u043e\u0431\u0456\u043b\u0456\u0432 \u0437 \u0442\u0435\u043b\u0435\u0441\u043a\u043e\u043f\u0456\u0447\u043d\u0438\u043c\u0438 \u0441\u0442\u0440\u0456\u043b\u0430\u043c\u0438 \u043a\u0430\u0442\u0435\u0433\u043e\u0440\u0456\u0457 I WJO (\u0441\u043f\u0435\u0446\u0456\u0430\u043b\u0456\u0437\u043e\u0432\u0430\u043d\u0438\u0439 \u0432\u0438\u043b\u043a\u043e\u0432\u0438\u0439 \u043d\u0430\u0432\u0430\u043d\u0442\u0430\u0436\u0443\u0432\u0430\u0447).<\/p>\n<p>\u041d\u0430\u0448 \u0442\u0440\u0435\u043d\u0456\u043d\u0433 \u0434\u043e\u043f\u043e\u043c\u043e\u0436\u0435 \u0432\u0430\u043c \u043d\u0430\u0432\u0447\u0438\u0442\u0438\u0441\u044f \u043a\u043e\u0440\u0438\u0441\u0442\u0443\u0432\u0430\u0442\u0438\u0441\u044f \u043f\u0440\u0438\u0441\u0442\u0440\u043e\u044f\u043c\u0438 \u0442\u0430\u043a\u0438\u0445 \u0432\u0438\u0440\u043e\u0431\u043d\u0438\u043a\u0456\u0432, \u044f\u043a: Manitou, Merlo, New Holland, Dieci, JCB \u0456 Case \u0442\u0430 \u0456\u043d\u0448\u0438\u043c\u0438, \u044f\u043a\u0456 \u0437\u0430\u0437\u0432\u0438\u0447\u0430\u0439 \u0432\u0438\u043a\u043e\u0440\u0438\u0441\u0442\u043e\u0432\u0443\u044e\u0442\u044c\u0441\u044f \u043d\u0430 \u0440\u043e\u0431\u043e\u0447\u0438\u0445 \u043c\u0456\u0441\u0446\u044f\u0445.<\/p>\n<p>\u041f\u0440\u043e\u0432\u0435\u0434\u0435\u043d\u0456 \u043d\u0430\u043c\u0438 \u043a\u0443\u0440\u0441\u0438 \u043d\u0430\u0432\u0430\u043d\u0442\u0430\u0436\u0443\u0432\u0430\u0447\u0430 \u0441\u043a\u043b\u0430\u0434\u0430\u044e\u0442\u044c\u0441\u044f \u0437 \u0442\u0435\u043e\u0440\u0435\u0442\u0438\u0447\u043d\u043e\u0457 \u0442\u0430 \u043f\u0440\u0430\u043a\u0442\u0438\u0447\u043d\u043e\u0457 \u0447\u0430\u0441\u0442\u0438\u043d, \u044f\u043a\u0456 \u0432 \u043a\u043e\u043c\u043f\u043b\u0435\u043a\u0441\u0456 \u0432\u0441\u0435\u0431\u0456\u0447\u043d\u043e \u0433\u043e\u0442\u0443\u044e\u0442\u044c \u0443\u0447\u0430\u0441\u043d\u0438\u043a\u0430 \u0434\u043e \u0440\u043e\u0431\u043e\u0442\u0438 \u043e\u043f\u0435\u0440\u0430\u0442\u043e\u0440\u0430 \u0430\u043f\u0430\u0440\u0430\u0442\u0443 \u0442\u0430 \u0432\u0438\u043a\u043e\u0440\u0438\u0441\u0442\u0430\u043d\u043d\u044f \u0439\u043e\u0433\u043e \u0430\u043a\u0441\u0435\u0441\u0443\u0430\u0440\u0456\u0432.<\/p>\n<p>\u041a\u0443\u0440\u0441\u0438 \u0442\u0435\u043b\u0435\u0441\u043a\u043e\u043f\u0456\u0447\u043d\u0438\u0445 \u043d\u0430\u0432\u0430\u043d\u0442\u0430\u0436\u0443\u0432\u0430\u0447\u0456\u0432 (\u043d\u0430\u0432\u0430\u043d\u0442\u0430\u0436\u0443\u0432\u0430\u0447\u0456\u0432 \u0456\u0437 \u0437\u043c\u0456\u043d\u043d\u0438\u043c \u0432\u0438\u043b\u044c\u043e\u0442\u043e\u043c) \u0437\u0430\u043a\u0456\u043d\u0447\u0443\u044e\u0442\u044c\u0441\u044f \u0434\u0435\u0440\u0436\u0430\u0432\u043d\u0438\u043c \u0456\u0441\u043f\u0438\u0442\u043e\u043c \u043f\u0435\u0440\u0435\u0434 \u043a\u043e\u043c\u0456\u0441\u0456\u0454\u044e \u0423\u043f\u0440\u0430\u0432\u043b\u0456\u043d\u043d\u044f \u0442\u0435\u0445\u043d\u0456\u0447\u043d\u043e\u0433\u043e \u043d\u0430\u0433\u043b\u044f\u0434\u0443. \u041f\u0456\u0441\u043b\u044f \u0441\u043a\u043b\u0430\u0434\u0430\u043d\u043d\u044f \u0456\u0441\u043f\u0438\u0442\u0443 \u0443\u0447\u0430\u0441\u043d\u0438\u043a\u0438 \u043e\u0442\u0440\u0438\u043c\u0443\u044e\u0442\u044c \u0432\u0456\u0434\u043f\u043e\u0432\u0456\u0434\u043d\u0456 \u0434\u043e\u0437\u0432\u043e\u043b\u0438 \u0442\u0430 ID \u043e\u043f\u0435\u0440\u0430\u0442\u043e\u0440\u0430. \u0412\u043e\u043d\u0438 \u0434\u0456\u044e\u0442\u044c \u0431\u0435\u0437\u0441\u0442\u0440\u043e\u043a\u043e\u0432\u043e \u0432 \u041f\u043e\u043b\u044c\u0449\u0456 \u0442\u0430 \u043a\u0440\u0430\u0457\u043d\u0430\u0445 \u0404\u0432\u0440\u043e\u043f\u0435\u0439\u0441\u044c\u043a\u043e\u0433\u043e \u0421\u043e\u044e\u0437\u0443.<\/p>\n<h2 class=\"naglowekh2\">\u0440\u043e\u0437\u043a\u043b\u0430\u0434<\/h2>\n<p>\u041a\u0443\u0440\u0441 \u0442\u0435\u043b\u0435\u043c\u0435\u0445\u0430\u043d\u0456\u043a\u0438 \u043e\u0445\u043e\u043f\u043b\u044e\u0454 \u0432\u0441\u044e \u043d\u0435\u043e\u0431\u0445\u0456\u0434\u043d\u0443 \u0456\u043d\u0444\u043e\u0440\u043c\u0430\u0446\u0456\u044e \u0442\u0430 \u043d\u0430\u0432\u0438\u0447\u043a\u0438, \u043d\u0435\u043e\u0431\u0445\u0456\u0434\u043d\u0456 \u0434\u043b\u044f \u0440\u043e\u0431\u043e\u0442\u0438 \u043d\u0430 \u043f\u043e\u0441\u0430\u0434\u0456 \u043e\u043f\u0435\u0440\u0430\u0442\u043e\u0440\u0430 \u043e\u0431\u043b\u0430\u0434\u043d\u0430\u043d\u043d\u044f. \u0417\u0430\u043d\u044f\u0442\u0442\u044f \u043f\u0440\u043e\u0432\u043e\u0434\u044f\u0442\u044c\u0441\u044f \u0437\u0430 \u043f\u0440\u043e\u0433\u0440\u0430\u043c\u043e\u044e, \u043f\u043e\u0433\u043e\u0434\u0436\u0435\u043d\u043e\u044e \u0437 \u0423\u0414\u0422, \u0456 \u0441\u043a\u043b\u0430\u0434\u0430\u044e\u0442\u044c\u0441\u044f \u0437 \u0442\u0435\u043e\u0440\u0435\u0442\u0438\u0447\u043d\u043e\u0457 \u0442\u0430 \u043f\u0440\u0430\u043a\u0442\u0438\u0447\u043d\u043e\u0457 \u0447\u0430\u0441\u0442\u0438\u043d. <a href=\"https:\/\/kursy-udt.pl\/wp-content\/uploads\/2022\/10\/12-1.jpeg\"><img loading=\"lazy\" decoding=\"async\" class=\"size-medium wp-image-4452 alignright\" src=\"https:\/\/kursy-udt.pl\/wp-content\/uploads\/2022\/10\/12-1-300x200.jpeg\" alt=\"\" width=\"300\" height=\"200\" srcset=\"https:\/\/kursy-udt.pl\/wp-content\/uploads\/2022\/10\/12-1-300x200.jpeg 300w, https:\/\/kursy-udt.pl\/wp-content\/uploads\/2022\/10\/12-1-1024x682.jpeg 1024w, https:\/\/kursy-udt.pl\/wp-content\/uploads\/2022\/10\/12-1-768x511.jpeg 768w, https:\/\/kursy-udt.pl\/wp-content\/uploads\/2022\/10\/12-1-1536x1022.jpeg 1536w, https:\/\/kursy-udt.pl\/wp-content\/uploads\/2022\/10\/12-1-18x12.jpeg 18w, https:\/\/kursy-udt.pl\/wp-content\/uploads\/2022\/10\/12-1-624x415.jpeg 624w, https:\/\/kursy-udt.pl\/wp-content\/uploads\/2022\/10\/12-1.jpeg 1600w\" sizes=\"auto, (max-width: 300px) 100vw, 300px\" \/><\/a>\u0426\u0435 \u0432 \u043e\u0441\u043d\u043e\u0432\u043d\u043e\u043c\u0443:<\/p>\n<ul>\n<li>\u0442\u0438\u043f\u0438 \u0432\u0430\u043d\u0442\u0430\u0436\u043d\u0438\u0445 \u0430\u0432\u0442\u043e\u043c\u043e\u0431\u0456\u043b\u0456\u0432 \u0442\u0430 \u0457\u0445 \u043a\u043e\u043d\u0441\u0442\u0440\u0443\u043a\u0446\u0456\u044f<\/li>\n<li>\u043e\u0441\u043d\u043e\u0432\u043d\u0456 \u0432\u0456\u0434\u043e\u043c\u043e\u0441\u0442\u0456 \u0432 \u0433\u0430\u043b\u0443\u0437\u0456 \u0432\u0430\u043d\u0442\u0430\u0436\u043e\u0437\u043d\u0430\u0432\u0441\u0442\u0432\u0430<\/li>\n<li>\u0442\u0435\u0445\u043d\u0456\u0447\u043d\u0438\u0439 \u043d\u0430\u0433\u043b\u044f\u0434 \u0437\u0430 \u043f\u0440\u0438\u043b\u0430\u0434\u043e\u043c<\/li>\n<li>\u0432\u0438\u043a\u043e\u0440\u0438\u0441\u0442\u0430\u043d\u043d\u044f \u0434\u043e\u0434\u0430\u0442\u043a\u043e\u0432\u0438\u0445 \u0430\u043a\u0441\u0435\u0441\u0443\u0430\u0440\u0456\u0432 \u0434\u043b\u044f \u0432\u0456\u0437\u043a\u0430<\/li>\n<li>\u043d\u0435\u043e\u0431\u0445\u0456\u0434\u043d\u0456 \u0434\u0456\u0457 \u043f\u0456\u0434 \u0447\u0430\u0441 \u0440\u043e\u0431\u043e\u0442\u0438 \u043f\u0440\u0438\u0441\u0442\u0440\u043e\u044e \u0434\u043e, \u043f\u0456\u0434 \u0447\u0430\u0441 \u0456 \u043f\u0456\u0441\u043b\u044f \u0440\u043e\u0431\u043e\u0442\u0438<\/li>\n<li>\u0437\u0430\u043d\u044f\u0442\u0442\u044f \u0437 \u0431\u0443\u0434\u043e\u0432\u0438 \u0442\u0430 \u0435\u043a\u0441\u043f\u043b\u0443\u0430\u0442\u0430\u0446\u0456\u0457 \u0433\u0430\u0437\u043e\u0432\u0438\u0445 \u0431\u0430\u043b\u043e\u043d\u0456\u0432<\/li>\n<li>\u043d\u043e\u0432\u0438\u043d\u0438 \u0449\u043e\u0434\u043e <a href=\"https:\/\/kursy-udt.pl\/ua\/szkolenia\/bhp-bezpieczenstwo-pracy\/prawna-ochrona-pracy\/\">\u0417\u0434\u043e\u0440\u043e\u0432&#039;\u044f \u0456 \u0431\u0435\u0437\u043f\u0435\u043a\u0430<\/a><\/li>\n<li>\u043f\u0440\u0430\u043a\u0442\u0438\u0447\u043d\u0456 \u0437\u0430\u043d\u044f\u0442\u0442\u044f \u0437 \u0442\u0435\u043b\u0435\u0441\u043a\u043e\u043f\u0456\u0447\u043d\u0438\u043c\u0438 \u0432\u0456\u0437\u043a\u0430\u043c\u0438<\/li>\n<\/ul>\n<p>\u0423 \u043d\u0430\u0448\u043e\u043c\u0443 \u0426\u0435\u043d\u0442\u0440\u0456 \u043c\u0438 \u0440\u043e\u0431\u0438\u043c\u043e \u0430\u043a\u0446\u0435\u043d\u0442 \u043d\u0430 \u0442\u043e\u043c\u0443, \u0449\u043e\u0431 \u0437\u0430\u043d\u044f\u0442\u0442\u044f \u0437\u0430\u0432\u0436\u0434\u0438 \u0431\u0443\u043b\u0438 \u0446\u0456\u043a\u0430\u0432\u0438\u043c\u0438 \u0434\u043b\u044f \u0441\u043b\u0443\u0445\u0430\u0447\u0456\u0432 \u0456 \u043d\u0430\u0434\u0430\u0432\u0430\u043b\u0438 \u0457\u043c \u043f\u043e\u0432\u043d\u0438\u0439 \u0441\u043f\u0435\u043a\u0442\u0440 \u0437\u043d\u0430\u043d\u044c \u0456 \u043d\u0430\u0432\u0438\u0447\u043e\u043a, \u043d\u0435\u043e\u0431\u0445\u0456\u0434\u043d\u0438\u0445 \u0443 \u0449\u043e\u0434\u0435\u043d\u043d\u0456\u0439 \u0440\u043e\u0431\u043e\u0442\u0456. \u0423 \u043d\u0430\u0441 \u043f\u0440\u0430\u0446\u044e\u044e\u0442\u044c \u0434\u043e\u0441\u0432\u0456\u0434\u0447\u0435\u043d\u0456 \u0432\u0438\u043a\u043b\u0430\u0434\u0430\u0447\u0456 \u0442\u0430 \u0441\u0443\u0447\u0430\u0441\u043d\u0435 \u043d\u0430\u0432\u0447\u0430\u043b\u044c\u043d\u0435 \u043e\u0431\u043b\u0430\u0434\u043d\u0430\u043d\u043d\u044f, \u0430 \u0446\u0435 \u043e\u0437\u043d\u0430\u0447\u0430\u0454, \u0449\u043e \u043d\u0430\u0432\u0447\u0430\u043d\u043d\u044f \u0437 \u043d\u0430\u043c\u0438 \u2013 \u0446\u0435 \u0437\u0430\u0432\u0436\u0434\u0438 \u0445\u043e\u0440\u043e\u0448\u0430 \u0456\u043d\u0432\u0435\u0441\u0442\u0438\u0446\u0456\u044f \u0432 \u0440\u043e\u0437\u0448\u0438\u0440\u0435\u043d\u043d\u044f \u0432\u0430\u0448\u0438\u0445 \u043a\u043e\u043c\u043f\u0435\u0442\u0435\u043d\u0446\u0456\u0439.<\/p>\n<h2 class=\"naglowekh2\">\u0423\u043c\u043e\u0432\u0438 \u043f\u0440\u0438\u0439\u043e\u043c\u0443<\/h2>\n<p>\u0429\u043e\u0431 \u043e\u0442\u0440\u0438\u043c\u0430\u0442\u0438 \u043f\u0440\u0430\u0432\u043e \u043d\u0430 \u043a\u0443\u0440\u0441 \u0442\u0435\u043b\u0435\u0441\u043a\u043e\u043f\u0456\u0447\u043d\u043e\u0433\u043e \u043d\u0430\u0432\u0430\u043d\u0442\u0430\u0436\u0443\u0432\u0430\u0447\u0430, \u043d\u0435\u043e\u0431\u0445\u0456\u0434\u043d\u043e \u0432\u0438\u043a\u043e\u043d\u0430\u0442\u0438 \u0442\u0430\u043a\u0456 \u0432\u0438\u043c\u043e\u0433\u0438:<\/p>\n<ul>\n<li>\u043c\u0430\u0442\u0438 \u0445\u043e\u0447\u0430 \u0431 \u043f\u043e\u0447\u0430\u0442\u043a\u043e\u0432\u0443 \u043e\u0441\u0432\u0456\u0442\u0443<\/li>\n<li>\u043c\u0430\u0442\u0438 18 \u0440\u043e\u043a\u0456\u0432 \u0430\u0431\u043e \u0441\u0442\u0430\u0440\u0448\u0435<\/li>\n<li>\u043d\u0435 \u043c\u0430\u0442\u0438 \u043f\u0440\u043e\u0442\u0438\u043f\u043e\u043a\u0430\u0437\u0430\u043d\u044c \u0437\u0430 \u0441\u0442\u0430\u043d\u043e\u043c \u0437\u0434\u043e\u0440\u043e\u0432&#039;\u044f \u0434\u043b\u044f \u0432\u0438\u043a\u043e\u043d\u0430\u043d\u043d\u044f \u043f\u0440\u043e\u0444\u0435\u0441\u0456\u0457 \u0430\u043f\u0430\u0440\u0430\u0442\u043d\u0438\u043a\u0430<\/li>\n<\/ul>\n<p>\u0426\u0456\u043d\u0430 \u0437\u0430\u043d\u044f\u0442\u044c \u0437\u0430\u043b\u0435\u0436\u0438\u0442\u044c \u0432\u0456\u0434 \u043a\u0456\u043b\u044c\u043a\u043e\u0441\u0442\u0456 \u0437\u0430\u043f\u0438\u0441\u0430\u043d\u0438\u0445. \u041c\u0438 \u043d\u0430\u0434\u0430\u0454\u043c\u043e \u043f\u0440\u0438\u0432\u0430\u0431\u043b\u0438\u0432\u0456 \u0437\u043d\u0438\u0436\u043a\u0438 \u0434\u043b\u044f \u0432\u0435\u043b\u0438\u043a\u0438\u0445 \u0433\u0440\u0443\u043f. \u0417\u0430 \u0456\u043d\u0444\u043e\u0440\u043c\u0430\u0446\u0456\u0454\u044e \u0449\u043e\u0434\u043e \u0446\u0456\u043d \u0437\u0432\u0435\u0440\u0442\u0430\u0439\u0442\u0435\u0441\u044f \u0432 \u043d\u0430\u0448\u0443 \u043a\u043e\u043c\u043f\u0430\u043d\u0456\u044e \u0456 \u043c\u0438 \u043d\u0430\u0434\u0430\u043c\u043e \u0434\u0435\u0442\u0430\u043b\u044c\u043d\u0438\u0439 \u043a\u043e\u0448\u0442\u043e\u0440\u0438\u0441 \u0432\u0430\u0440\u0442\u043e\u0441\u0442\u0456 \u043f\u043e\u0441\u043b\u0443\u0433\u0438.<\/p>\n<p>\u0417\u0430\u043d\u044f\u0442\u0442\u044f \u043f\u0440\u043e\u0432\u043e\u0434\u044f\u0442\u044c\u0441\u044f \u0432 \u043d\u0430\u0448\u043e\u043c\u0443 \u0433\u043e\u043b\u043e\u0432\u043d\u043e\u043c\u0443 \u043e\u0444\u0456\u0441\u0456 \u0443 \u043c\u0456\u0441\u0442\u0456 \u0412\u0430\u0440\u0448\u0430\u0432\u0430, \u0430 \u0442\u0430\u043a\u043e\u0436 \u0443 \u043d\u0430\u0448\u0438\u0445 \u043e\u0431\u043b\u0430\u0441\u043d\u0438\u0445 \u0446\u0435\u043d\u0442\u0440\u0430\u0445. \u0422\u0430\u043a\u043e\u0436 \u043c\u0438 \u043c\u043e\u0436\u0435\u043c\u043e \u043e\u0440\u0433\u0430\u043d\u0456\u0437\u0443\u0432\u0430\u0442\u0438 \u0437\u0430\u043d\u044f\u0442\u0442\u044f \u0437 \u0442\u0440\u0430\u043d\u0441\u043f\u043e\u0440\u0442\u043e\u043c \u0434\u043e \u043a\u043b\u0456\u0454\u043d\u0442\u0430. \u041f\u0440\u0438 \u0446\u044c\u043e\u043c\u0443 \u043c\u0438 \u043c\u043e\u0436\u0435\u043c\u043e \u043d\u0430\u043b\u0430\u0448\u0442\u0443\u0432\u0430\u0442\u0438 \u0442\u0435\u043c\u0430\u0442\u0438\u0447\u043d\u0438\u0439 \u043e\u0431\u0441\u044f\u0433 \u0437\u0430\u043d\u044f\u0442\u044c \u043f\u0456\u0434 \u0432\u0430\u0448\u0456 \u0432\u0438\u043c\u043e\u0433\u0438.<\/p>\n<p>\u042f\u043a \u043a\u043e\u043c\u043f\u0430\u043d\u0456\u044f \u0437 \u0431\u0430\u0433\u0430\u0442\u043e\u0440\u0456\u0447\u043d\u0438\u043c \u0434\u043e\u0441\u0432\u0456\u0434\u043e\u043c \u0443 \u0441\u0444\u0435\u0440\u0456 \u043d\u0430\u0432\u0447\u0430\u043d\u043d\u044f, \u043c\u0438 \u0437\u043d\u0430\u0454\u043c\u043e, \u0449\u043e \u043f\u043e\u0442\u0440\u0456\u0431\u043d\u043e \u043d\u0430\u0448\u0438\u043c \u043a\u043b\u0456\u0454\u043d\u0442\u0430\u043c, \u0442\u043e\u043c\u0443 \u043d\u0430\u0434\u0430\u0454\u043c\u043e \u0432\u0430\u043c \u0434\u043e\u0441\u0442\u0443\u043f \u0434\u043e \u0441\u0443\u0447\u0430\u0441\u043d\u043e\u0457 \u043e\u0441\u0432\u0456\u0442\u0438 \u0437\u0430 \u0434\u043e\u0441\u0442\u0443\u043f\u043d\u0438\u043c\u0438 \u0446\u0456\u043d\u0430\u043c\u0438. \u041c\u0438 \u043c\u043e\u0436\u0435\u043c\u043e \u0456\u043d\u0434\u0438\u0432\u0456\u0434\u0443\u0430\u043b\u044c\u043d\u043e \u0430\u0434\u0430\u043f\u0442\u0443\u0432\u0430\u0442\u0438\u0441\u044c \u0434\u043e \u0432\u0430\u0448\u0438\u0445 \u043f\u043e\u0442\u0440\u0435\u0431, \u0442\u0430\u043a\u043e\u0436 \u0449\u043e\u0434\u043e \u043c\u0456\u0441\u0446\u044f \u0442\u0430 \u0447\u0430\u0441\u0443 \u043f\u0440\u043e\u0432\u0435\u0434\u0435\u043d\u043d\u044f \u0437\u0430\u043d\u044f\u0442\u044c \u0443 \u0444\u043e\u0440\u043c\u0456 \u0437\u0430\u043a\u0440\u0438\u0442\u0438\u0445 \u043a\u043b\u0430\u0441\u0456\u0432. \u042f\u043a\u0449\u043e \u0443 \u0432\u0430\u0441 \u0432\u0438\u043d\u0438\u043a\u043d\u0443\u0442\u044c \u0437\u0430\u043f\u0438\u0442\u0430\u043d\u043d\u044f, \u043c\u0438 \u043f\u043e\u0441\u0442\u0430\u0440\u0430\u0454\u043c\u043e\u0441\u044f \u0432\u0456\u0434\u043f\u043e\u0432\u0456\u0441\u0442\u0438 \u043d\u0430 \u043d\u0438\u0445 \u044f\u043a\u043e\u043c\u043e\u0433\u0430 \u0448\u0432\u0438\u0434\u0448\u0435.<\/p>\n<p>\u0417\u0430\u043f\u0440\u043e\u0448\u0443\u0454\u043c\u043e \u0437\u0430\u043f\u0438\u0441\u0430\u0442\u0438\u0441\u044f \u043d\u0430 \u043a\u0443\u0440\u0441 \u0442\u0435\u043b\u0435\u0441\u043a\u043e\u043f\u0456\u0447\u043d\u043e\u0433\u043e \u043d\u0430\u0432\u0430\u043d\u0442\u0430\u0436\u0443\u0432\u0430\u0447\u0430 \u0432 \u041e\u0414\u041a \u0415\u0420\u0413\u041e\u041d!<\/p>\n<p><a href=\"https:\/\/kursy-udt.pl\/wp-content\/uploads\/2022\/12\/13-kurs-ladowarki-teleskopowe-kursy-udt.pl_.png\"><img loading=\"lazy\" decoding=\"async\" class=\"aligncenter wp-image-4534\" src=\"https:\/\/kursy-udt.pl\/wp-content\/uploads\/2022\/12\/13-kurs-ladowarki-teleskopowe-kursy-udt.pl_-300x188.png\" alt=\"\" width=\"750\" height=\"469\" srcset=\"https:\/\/kursy-udt.pl\/wp-content\/uploads\/2022\/12\/13-kurs-ladowarki-teleskopowe-kursy-udt.pl_-300x188.png 300w, https:\/\/kursy-udt.pl\/wp-content\/uploads\/2022\/12\/13-kurs-ladowarki-teleskopowe-kursy-udt.pl_-1024x640.png 1024w, https:\/\/kursy-udt.pl\/wp-content\/uploads\/2022\/12\/13-kurs-ladowarki-teleskopowe-kursy-udt.pl_-768x480.png 768w, https:\/\/kursy-udt.pl\/wp-content\/uploads\/2022\/12\/13-kurs-ladowarki-teleskopowe-kursy-udt.pl_-18x12.png 18w, https:\/\/kursy-udt.pl\/wp-content\/uploads\/2022\/12\/13-kurs-ladowarki-teleskopowe-kursy-udt.pl_-624x390.png 624w, https:\/\/kursy-udt.pl\/wp-content\/uploads\/2022\/12\/13-kurs-ladowarki-teleskopowe-kursy-udt.pl_.png 1200w\" sizes=\"auto, (max-width: 750px) 100vw, 750px\" \/><\/a><\/p>\n<\/div>","protected":false},"excerpt":{"rendered":"<p>Zapraszamy na kursy na \u0142adowark\u0119 teleskopow\u0105 do O\u015brodka Doskonalenia Kadr ERGON! Wybieraj\u0105c nasze kursy na \u0142adowark\u0119, otrzymuj\u0105 Pa\u0144stwo pewno\u015b\u0107 profesjonalnego przeszkolenia pod okiem do\u015bwiadczonych instruktor\u00f3w, aby uzyskanie uprawnie\u0144 UDT by\u0142o jeszcze prostsze. Jednocze\u015bnie cena naszych zaj\u0119\u0107 r\u00f3wnie\u017c powinna wzbudzi\u0107 Pa\u0144stwa zainteresowanie \u2013 wszystkie szkolenia w ODK ERGON wyr\u00f3\u017cniaj\u0105 si\u0119 atrakcyjnymi, przyst\u0119pnymi dla ka\u017cdego op\u0142atami. &nbsp; Zastosowanie \u0141adowarka teleskopowa to w\u00f3zek wid\u0142owy specjalizowany, \u0142adowarka ze zmiennym wysi\u0119giem, kt\u00f3ra jest wykorzystywana powszechnie na placach bud\u00f3w oraz w innych miejscach, gdzie niezb\u0119dne jest prowadzenie prac transportowych w spos\u00f3b szybki i sprawny. W\u00f3zki stosowane s\u0105 mi\u0119dzy innymi przy pracach w ramach budowy dr\u00f3g, most\u00f3w, wiadukt\u00f3w, konstrukcji stalowych. Cel szkolenia Kurs na \u0142adowarki teleskopowe zosta\u0142 opracowany specjalnie dla tych os\u00f3b, kt\u00f3re chc\u0105 ubiega\u0107 si\u0119 o uzyskanie uprawnie\u0144 niezb\u0119dnych do pracy na stanowisku operatora w\u00f3zk\u00f3w jezdniowych z wysi\u0119gnikami teleskopowymi w kategorii I WJO (w\u00f3zek specjalizowany). Nasze szkolenie pomo\u017ce Pa\u0144stwu nauczy\u0107 si\u0119 obs\u0142ugiwa\u0107 urz\u0105dzenia takich producent\u00f3w jak: Manitou, Merlo, New Holland, Dieci, JCB oraz Case i innych stosowanych powszechnie w zak\u0142adach pracy. Prowadzone przez nas Kursy na \u0142adowarki sk\u0142adaj\u0105 si\u0119 z teoretycznej i praktycznej cz\u0119\u015bci, kt\u00f3re wsp\u00f3lnie kompleksowo przygotowuj\u0105 uczestnika do pracy na stanowisku operatora urz\u0105dzenia oraz stosowania jego osprz\u0119tu. Kurs na \u0142adowarki teleskopowe (\u0142adowarki ze zmiennym wysi\u0119giem) ko\u0144czy si\u0119 egzaminem pa\u0144stwowym przed komisj\u0105 Urz\u0119du Dozoru Technicznego. Po pozytywnym zaliczeniu egzaminu uczestnicy otrzymuj\u0105 stosowne uprawnienia oraz legitymacj\u0119 operatora. S\u0105 one wa\u017cne bezterminowo na terenie Polski oraz kraj\u00f3w Unii Europejskiej. Program zaj\u0119\u0107 Kurs na \u0142adowark\u0119 teleskopow\u0105 obejmuje wszystkie najwa\u017cniejsze informacje oraz umiej\u0119tno\u015bci niezb\u0119dne na stanowisku operatora urz\u0105dzenia. Zaj\u0119cia opieraj\u0105 si\u0119 na programie uzgodnionym [&hellip;]<\/p>\n","protected":false},"author":1,"featured_media":4452,"parent":65,"menu_order":15,"comment_status":"closed","ping_status":"closed","template":"","meta":{"sfsi_plus_gutenberg_text_before_share":"","sfsi_plus_gutenberg_show_text_before_share":"","sfsi_plus_gutenberg_icon_type":"","sfsi_plus_gutenberg_icon_alignemt":"","sfsi_plus_gutenburg_max_per_row":"","footnotes":""},"class_list":["post-1395","page","type-page","status-publish","has-post-thumbnail","hentry","has_thumb"],"aioseo_notices":[],"_links":{"self":[{"href":"https:\/\/kursy-udt.pl\/ua\/wp-json\/wp\/v2\/pages\/1395","targetHints":{"allow":["GET"]}}],"collection":[{"href":"https:\/\/kursy-udt.pl\/ua\/wp-json\/wp\/v2\/pages"}],"about":[{"href":"https:\/\/kursy-udt.pl\/ua\/wp-json\/wp\/v2\/types\/page"}],"author":[{"embeddable":true,"href":"https:\/\/kursy-udt.pl\/ua\/wp-json\/wp\/v2\/users\/1"}],"replies":[{"embeddable":true,"href":"https:\/\/kursy-udt.pl\/ua\/wp-json\/wp\/v2\/comments?post=1395"}],"version-history":[{"count":21,"href":"https:\/\/kursy-udt.pl\/ua\/wp-json\/wp\/v2\/pages\/1395\/revisions"}],"predecessor-version":[{"id":4535,"href":"https:\/\/kursy-udt.pl\/ua\/wp-json\/wp\/v2\/pages\/1395\/revisions\/4535"}],"up":[{"embeddable":true,"href":"https:\/\/kursy-udt.pl\/ua\/wp-json\/wp\/v2\/pages\/65"}],"wp:featuredmedia":[{"embeddable":true,"href":"https:\/\/kursy-udt.pl\/ua\/wp-json\/wp\/v2\/media\/4452"}],"wp:attachment":[{"href":"https:\/\/kursy-udt.pl\/ua\/wp-json\/wp\/v2\/media?parent=1395"}],"curies":[{"name":"wp","href":"https:\/\/api.w.org\/{rel}","templated":true}]}}