{"id":1386,"date":"2014-10-04T16:32:27","date_gmt":"2014-10-04T16:32:27","guid":{"rendered":"http:\/\/kursy-udt.pl\/?page_id=1386"},"modified":"2016-01-21T19:32:03","modified_gmt":"2016-01-21T19:32:03","slug":"%d1%82%d0%b5%d0%bb%d0%b5%d1%81%d0%ba%d0%be%d0%bf%d1%96%d1%87%d0%bd%d1%96-%d0%bd%d0%b0%d0%b2%d0%b0%d0%bd%d1%82%d0%b0%d0%b6%d1%83%d0%b2%d0%b0%d1%87%d1%96","status":"publish","type":"page","link":"https:\/\/kursy-udt.pl\/ua\/ladowarki-teleskopowe\/","title":{"rendered":"\u041d\u0430\u0432\u0430\u043d\u0442\u0430\u0436\u0443\u0432\u0430\u0447\u0456 \u0442\u0435\u043b\u0435\u0441\u043a\u043e\u043f\u0456\u0447\u043d\u0456"},"content":{"rendered":"<div style=\"float: left; padding-right: 10px;\"><img decoding=\"async\" alt=\"\u041c\u043e\u0431\u0456\u043b\u044c\u043d\u0456 \u043f\u043b\u0430\u0442\u0444\u043e\u0440\u043c\u0438 - \u0444\u043e\u0442\u043e\" src=\"\/wp-content\/uploads\/2014\/03\/wozki-widlowe-1.jpeg\" \/><\/div>\n<div class=\"wyjustuj\">\n<p>\u0412\u0438\u043b\u043e\u0447\u043d\u0456 \u043d\u0430\u0432\u0430\u043d\u0442\u0430\u0436\u0443\u0432\u0430\u0447\u0456 \u0442\u0430 \u043d\u0430\u0432\u0430\u043d\u0442\u0430\u0436\u0443\u0432\u0430\u0447\u0456 \u0437\u0430\u0437\u0432\u0438\u0447\u0430\u0439 \u0432\u0438\u043a\u043e\u0440\u0438\u0441\u0442\u043e\u0432\u0443\u044e\u0442\u044c\u0441\u044f \u0432 \u0442\u0440\u0430\u043d\u0441\u043f\u043e\u0440\u0442\u043d\u0438\u0445 \u0440\u043e\u0431\u043e\u0442\u0430\u0445. \u0417\u0430\u0432\u0434\u044f\u043a\u0438 \u0457\u043c \u043c\u043e\u0436\u043d\u0430 \u0432\u0438\u043a\u043e\u043d\u0443\u0432\u0430\u0442\u0438 \u0442\u0440\u0443\u0434\u043e\u043c\u0456\u0441\u0442\u043a\u0456 \u043e\u043f\u0435\u0440\u0430\u0446\u0456\u0457, \u0435\u043a\u043e\u043d\u043e\u043c\u043b\u044f\u0447\u0438 \u0447\u0430\u0441 \u0456 \u0432\u043e\u0434\u043d\u043e\u0447\u0430\u0441 \u0437 \u0430\u043a\u0446\u0435\u043d\u0442\u043e\u043c \u043d\u0430 \u0432\u0438\u0441\u043e\u043a\u0438\u0439 \u0440\u0456\u0432\u0435\u043d\u044c \u0431\u0435\u0437\u043f\u0435\u043a\u0438.<\/p>\n<p><strong>\u0417\u0430\u0441\u0442\u043e\u0441\u0443\u0432\u0430\u043d\u043d\u044f \u043f\u0440\u0438\u043b\u0430\u0434\u0456\u0432<\/strong><br \/>\n\u0422\u0435\u043b\u0435\u0441\u043a\u043e\u043f\u0456\u0447\u043d\u0456 \u043d\u0430\u0432\u0430\u043d\u0442\u0430\u0436\u0443\u0432\u0430\u0447\u0456 \u0454 \u043e\u0434\u043d\u0438\u043c\u0438 \u0437 \u043d\u0430\u0439\u043f\u043e\u0448\u0438\u0440\u0435\u043d\u0456\u0448\u0438\u0445 \u043c\u0430\u0448\u0438\u043d \u0432 \u0431\u0443\u0434\u0456\u0432\u0435\u043b\u044c\u043d\u0438\u0445 \u0440\u043e\u0431\u043e\u0442\u0430\u0445, \u0432\u043a\u043b\u044e\u0447\u0430\u044e\u0447\u0438 \u0437\u0435\u043c\u043b\u044f\u043d\u0456 \u0440\u043e\u0431\u043e\u0442\u0438, \u044f\u043a\u0456 \u0442\u0430\u043a\u043e\u0436 \u0434\u043e\u0431\u0440\u0435 \u043f\u0440\u0430\u0446\u044e\u044e\u0442\u044c \u0432 \u0456\u043d\u0448\u0438\u0445 \u0433\u0430\u043b\u0443\u0437\u044f\u0445, \u0432\u043a\u043b\u044e\u0447\u0430\u044e\u0447\u0438 \u0441\u0456\u043b\u044c\u0441\u044c\u043a\u0435 \u0433\u043e\u0441\u043f\u043e\u0434\u0430\u0440\u0441\u0442\u0432\u043e, \u0441\u043a\u043b\u0430\u0434\u0443\u0432\u0430\u043d\u043d\u044f \u0430\u0431\u043e \u043f\u0435\u0440\u0435\u043c\u0456\u0449\u0435\u043d\u043d\u044f \u043c\u0430\u0442\u0435\u0440\u0456\u0430\u043b\u0456\u0432 \u0440\u0456\u0437\u043d\u043e\u0433\u043e \u0440\u043e\u0434\u0443 \u044f\u043a \u0443 \u0432\u0435\u0440\u0442\u0438\u043a\u0430\u043b\u044c\u043d\u043e\u043c\u0443, \u0442\u0430\u043a \u0456 \u0432 \u0433\u043e\u0440\u0438\u0437\u043e\u043d\u0442\u0430\u043b\u044c\u043d\u043e\u043c\u0443 \u043f\u043e\u043b\u043e\u0436\u0435\u043d\u043d\u0456. \u0426\u0435 <a href=\"https:\/\/kursy-udt.pl\/ua\/szkolenia\/udt-wdt-tdt\/wozki-widlowe-merlo\/\">\u043d\u0430\u0432\u0430\u043d\u0442\u0430\u0436\u0443\u0432\u0430\u0447<\/a> \u0441\u043f\u0435\u0446\u0456\u0430\u043b\u0456\u0437\u043e\u0432\u0430\u043d\u0435, \u0434\u043b\u044f \u0440\u043e\u0431\u043e\u0442\u0438 \u0437 \u044f\u043a\u0438\u043c \u043f\u043e\u0442\u0440\u0456\u0431\u043d\u0456 \u0432\u0456\u0434\u043f\u043e\u0432\u0456\u0434\u043d\u0456 \u0437\u043d\u0430\u043d\u043d\u044f, \u043f\u0456\u0434\u0442\u0432\u0435\u0440\u0434\u0436\u0435\u043d\u0456 \u043e\u043f\u0435\u0440\u0430\u0442\u043e\u0440\u043e\u043c.<\/p>\n<p>\u041f\u0440\u0430\u0432\u0438\u043b\u044c\u043d\u043e \u043a\u0435\u0440\u043e\u0432\u0430\u043d\u0438\u0439 \u0442\u0435\u043b\u0435\u0441\u043a\u043e\u043f\u0456\u0447\u043d\u0438\u0439 \u043d\u0430\u0432\u0430\u043d\u0442\u0430\u0436\u0443\u0432\u0430\u0447 \u0437\u0434\u0430\u0442\u043d\u0438\u0439 \u043f\u0435\u0440\u0435\u043c\u0456\u0449\u0430\u0442\u0438, \u0441\u0435\u0440\u0435\u0434 \u0456\u043d\u0448\u043e\u0433\u043e, \u0491\u0440\u0443\u043d\u0442 \u0430\u0431\u043e \u0437\u0430\u043f\u043e\u0432\u043d\u044e\u0432\u0430\u0447 \u043f\u0456\u0434 \u0447\u0430\u0441 \u0437\u0435\u043c\u043b\u044f\u043d\u0438\u0445 \u0440\u043e\u0431\u0456\u0442, \u043d\u0430\u043f\u0440\u0438\u043a\u043b\u0430\u0434 \u043f\u0456\u0434 \u0447\u0430\u0441 \u0432\u0438\u0440\u0456\u0432\u043d\u044e\u0432\u0430\u043d\u043d\u044f \u0437\u0435\u043c\u043b\u0456. \u0423 \u0441\u0456\u043b\u044c\u0441\u044c\u043a\u043e\u043c\u0443 \u0433\u043e\u0441\u043f\u043e\u0434\u0430\u0440\u0441\u0442\u0432\u0456 \u0437\u0430\u0432\u0434\u044f\u043a\u0438 \u0457\u043c \u043c\u043e\u0436\u043d\u0430 \u043f\u0435\u0440\u0435\u0432\u043e\u0437\u0438\u0442\u0438 \u0441\u043e\u043b\u043e\u043c\u0443, \u0433\u043d\u0456\u0439 \u0430\u0431\u043e \u0434\u0435\u0440\u0435\u0432\u0438\u043d\u0443. \u041f\u0440\u0438\u0441\u0442\u0440\u043e\u0457 \u0442\u0430\u043a\u043e\u0436 \u0432\u0438\u043a\u043e\u0440\u0438\u0441\u0442\u043e\u0432\u0443\u044e\u0442\u044c\u0441\u044f \u0434\u043b\u044f \u0437\u0430\u0432\u0430\u043d\u0442\u0430\u0436\u0435\u043d\u043d\u044f \u0442\u0430 \u043f\u0435\u0440\u0435\u0432\u0430\u043d\u0442\u0430\u0436\u0435\u043d\u043d\u044f \u043f\u0456\u0434\u0434\u043e\u043d\u0456\u0432, \u043f\u0430\u043b\u0435\u0442\u043d\u0438\u0445 \u044f\u0449\u0438\u043a\u0456\u0432, \u0431\u0456\u0433-\u0431\u0435\u0433\u0456\u0432 \u043d\u0430 \u0441\u043a\u043b\u0430\u0434\u0430\u0445 \u0456 \u043f\u0435\u0440\u0435\u0432\u0430\u043d\u0442\u0430\u0436\u0443\u0432\u0430\u043b\u044c\u043d\u0438\u0445 \u0441\u0442\u0430\u043d\u0446\u0456\u044f\u0445.<\/p>\n<p>\u0414\u0435\u044f\u043a\u0456 \u043d\u0430\u0432\u0430\u043d\u0442\u0430\u0436\u0443\u0432\u0430\u0447\u0456 \u043e\u0441\u043d\u0430\u0449\u0435\u043d\u0456 \u0441\u043f\u0435\u0446\u0456\u0430\u043b\u044c\u043d\u0438\u043c\u0438 \u043a\u043e\u0448\u0438\u043a\u0430\u043c\u0438 \u0434\u043b\u044f \u043b\u044e\u0434\u0435\u0439, \u0442\u043e\u043c\u0443 \u0457\u0445 \u043c\u043e\u0436\u043d\u0430 \u0432\u0438\u043a\u043e\u0440\u0438\u0441\u0442\u043e\u0432\u0443\u0432\u0430\u0442\u0438 \u044f\u043a \u043f\u0456\u0434\u0439\u043e\u043c\u043d\u0438\u043a\u0438. \u041f\u043e\u0432\u043d\u0438\u0439 \u0430\u0441\u043e\u0440\u0442\u0438\u043c\u0435\u043d\u0442 \u0430\u043a\u0441\u0435\u0441\u0443\u0430\u0440\u0456\u0432 \u0440\u043e\u0431\u0438\u0442\u044c \u0457\u0445 \u0443\u043d\u0456\u0432\u0435\u0440\u0441\u0430\u043b\u044c\u043d\u0438\u043c\u0438 \u0442\u0430 \u0447\u0430\u0441\u0442\u043e \u0432\u0438\u043a\u043e\u0440\u0438\u0441\u0442\u043e\u0432\u0443\u0432\u0430\u043d\u0438\u043c\u0438 \u043f\u0440\u0438\u0441\u0442\u0440\u043e\u044f\u043c\u0438, \u0449\u043e, \u0443 \u0441\u0432\u043e\u044e \u0447\u0435\u0440\u0433\u0443, \u0442\u0430\u043a\u043e\u0436 \u0441\u0442\u0432\u043e\u0440\u044e\u0454 \u0432\u0438\u0441\u043e\u043a\u0438\u0439 \u043f\u043e\u043f\u0438\u0442 \u043d\u0430 \u043f\u0440\u0430\u0446\u0456\u0432\u043d\u0438\u043a\u0456\u0432 \u0437 <a href=\"https:\/\/kursy-udt.pl\/ua\/uprawnienia-udt\/kategorie-uprawnien-2\/\">\u043f\u0440\u0430\u0432\u0430<\/a> \u0432\u043f\u043e\u0440\u0430\u0442\u0438\u0441\u044f \u0437 \u043d\u0438\u043c\u0438.<\/p>\n<p><strong>\u0411\u0443\u0434\u0456\u0432\u043d\u0438\u0446\u0442\u0432\u043e<\/strong><br \/>\n\u0422\u0435\u043b\u0435\u0441\u043a\u043e\u043f\u0456\u0447\u043d\u0438\u0439 \u043d\u0430\u0432\u0430\u043d\u0442\u0430\u0436\u0443\u0432\u0430\u0447 \u0430\u0431\u043e \u043d\u0430\u0432\u0430\u043d\u0442\u0430\u0436\u0443\u0432\u0430\u0447 \u0456\u0437 \u0437\u043c\u0456\u043d\u043d\u0438\u043c \u0432\u0438\u043b\u044c\u043e\u0442\u043e\u043c, \u044f\u043a \u0442\u0430\u043a\u043e\u0436 \u0432\u0438\u043a\u043e\u0440\u0438\u0441\u0442\u043e\u0432\u0443\u0454\u0442\u044c\u0441\u044f \u0446\u0435\u0439 \u0442\u0435\u0440\u043c\u0456\u043d, \u0432\u0456\u0434\u0440\u0456\u0437\u043d\u044f\u0454\u0442\u044c\u0441\u044f \u0432\u0456\u0434 \u0437\u0432\u0438\u0447\u0430\u0439\u043d\u043e\u0433\u043e \u043d\u0430\u0432\u0430\u043d\u0442\u0430\u0436\u0443\u0432\u0430\u0447\u0430. \u041f\u043e-\u043f\u0435\u0440\u0448\u0435, \u0432\u0456\u043d \u043e\u0441\u043d\u0430\u0449\u0435\u043d\u0438\u0439 \u043d\u0430\u0431\u0430\u0433\u0430\u0442\u043e \u043f\u043e\u0442\u0443\u0436\u043d\u0456\u0448\u0438\u043c \u0434\u0432\u0438\u0433\u0443\u043d\u043e\u043c, \u0430 \u0437\u043d\u0430\u0447\u0438\u0442\u044c, \u043c\u043e\u0436\u0435 \u0432\u0438\u043a\u043e\u043d\u0443\u0432\u0430\u0442\u0438 \u0456 \u0441\u043a\u043b\u0430\u0434\u043d\u0456\u0448\u0456 \u0437\u0430\u0432\u0434\u0430\u043d\u043d\u044f. \u0419\u043e\u0433\u043e \u043d\u0435\u0432\u0435\u043b\u0438\u043a\u0456 \u0440\u043e\u0437\u043c\u0456\u0440\u0438 \u0442\u0430\u043a\u043e\u0436 \u0454 \u0432\u0435\u043b\u0438\u043a\u043e\u044e \u043f\u0435\u0440\u0435\u0432\u0430\u0433\u043e\u044e, \u043e\u0441\u043a\u0456\u043b\u044c\u043a\u0438 \u0432\u0456\u043d \u0434\u043e\u0431\u0440\u0435 \u043f\u0440\u0430\u0446\u044e\u0454 \u043f\u0440\u0438 \u0432\u0438\u043a\u043e\u043d\u0430\u043d\u043d\u0456 \u0440\u043e\u0431\u0456\u0442 \u043d\u0430 \u043d\u0435\u0432\u0435\u043b\u0438\u043a\u0438\u0445 \u043f\u043b\u043e\u0449\u0430\u0445. \u041f\u0440\u0438\u0441\u0442\u0440\u0456\u0439 \u043c\u0430\u0454 \u0447\u043e\u0442\u0438\u0440\u0438 \u043f\u043e\u0441\u0442\u0456\u0439\u043d\u0456 \u043f\u0440\u0438\u0432\u043e\u0434\u043d\u0456 \u043a\u043e\u043b\u0435\u0441\u0430, \u0432\u0456\u043d \u0437\u0434\u0430\u0442\u043d\u0438\u0439 \u043f\u0440\u0430\u0446\u044e\u0432\u0430\u0442\u0438 \u043f\u0440\u0430\u043a\u0442\u0438\u0447\u043d\u043e \u043d\u0430 \u0431\u0443\u0434\u044c-\u044f\u043a\u043e\u043c\u0443 \u0442\u0438\u043f\u0456 \u043f\u043e\u0432\u0435\u0440\u0445\u043d\u0456, \u043d\u0430\u0432\u0456\u0442\u044c \u043d\u0430 \u0441\u043a\u043b\u0430\u0434\u043d\u0438\u0445 \u043f\u043e\u0432\u0435\u0440\u0445\u043d\u044f\u0445, \u0442\u0430\u043a\u0438\u0445 \u044f\u043a \u0431\u0440\u0443\u0434 \u0430\u0431\u043e \u043f\u0456\u0441\u043e\u043a. \u041d\u0430\u0432\u0430\u043d\u0442\u0430\u0436\u0443\u0432\u0430\u0447\u0456 \u043c\u0430\u044e\u0442\u044c \u043f\u0440\u043e\u0441\u0442\u043e\u0440\u0456 \u043a\u0430\u0431\u0456\u043d\u0438 \u0434\u043b\u044f \u0437\u0430\u0445\u0438\u0441\u0442\u0443 \u043e\u043f\u0435\u0440\u0430\u0442\u043e\u0440\u0430 \u0442\u0430 \u0441\u0442\u0430\u0431\u0456\u043b\u0456\u0437\u0430\u0442\u043e\u0440\u0438.<\/p>\n<p><strong>\u041f\u0440\u0438\u0441\u0442\u0440\u043e\u0457 \u043f\u0440\u0438\u0439\u043d\u044f\u0442\u043e \u043a\u043b\u0430\u0441\u0438\u0444\u0456\u043a\u0443\u0432\u0430\u0442\u0438 \u043d\u0430 \u0434\u0432\u0430 \u0432\u0438\u0434\u0438:<\/strong><\/p>\n<ul>\n<li>\u0436\u043e\u0440\u0441\u0442\u043a\u0456, \u0444\u0440\u043e\u043d\u0442\u0430\u043b\u044c\u043d\u0456, \u043f\u0430\u043d\u043e\u0440\u0430\u043c\u0438 - \u0446\u0435 \u043d\u0430\u0432\u0430\u043d\u0442\u0430\u0436\u0443\u0432\u0430\u0447\u0456, \u044f\u043a\u0456 \u043c\u0430\u044e\u0442\u044c \u0436\u043e\u0440\u0441\u0442\u043a\u043e \u0440\u043e\u0437\u043c\u0456\u0449\u0435\u043d\u0443 \u043a\u0430\u0431\u0456\u043d\u0443 \u043e\u043f\u0435\u0440\u0430\u0442\u043e\u0440\u0430. \u0421\u0442\u0440\u0456\u043b\u0438 \u043d\u0430 \u0446\u0438\u0445 \u043c\u043e\u0434\u0435\u043b\u044f\u0445 \u043d\u0430\u043f\u0440\u0430\u0432\u043b\u044f\u044e\u0442\u044c\u0441\u044f \u0437 \u043f\u0440\u0430\u0432\u043e\u0433\u043e \u0431\u043e\u043a\u0443 \u0430\u0432\u0442\u043e\u043c\u043e\u0431\u0456\u043b\u044f. \u041f\u0440\u0438\u0441\u0442\u0440\u043e\u0457 \u043c\u043e\u0436\u0443\u0442\u044c \u043e\u0441\u043d\u0430\u0449\u0443\u0432\u0430\u0442\u0438\u0441\u044f \u0431\u0456\u0447\u043d\u0438\u043c\u0438 \u043e\u043f\u043e\u0440\u0430\u043c\u0438. \u0417\u0430\u0437\u0432\u0438\u0447\u0430\u0439 \u0457\u0445 \u0432\u0430\u043d\u0442\u0430\u0436\u043e\u043f\u0456\u0434\u0439\u043e\u043c\u043d\u0456\u0441\u0442\u044c \u0441\u0442\u0430\u043d\u043e\u0432\u0438\u0442\u044c \u0432\u0456\u0434 1,5 \u0434\u043e 20 \u0442\u043e\u043d\u043d, \u0430 \u0440\u0430\u0434\u0456\u0443\u0441 \u0434\u0456\u0457 - \u0434\u043e 20 \u043c\u0435\u0442\u0440\u0456\u0432.<\/li>\n<li>\u043f\u043e\u0432\u043e\u0440\u043e\u0442\u043d\u0456, \u0440\u043e\u0442\u043e - \u043c\u043e\u0434\u0435\u043b\u0456 \u0437 \u043f\u043e\u0432\u043e\u0440\u043e\u0442\u043d\u043e\u044e \u0433\u043e\u043b\u043e\u0432\u043a\u043e\u044e, \u044f\u043a\u0430 \u0442\u0430\u043a\u043e\u0436 \u0434\u043e\u0437\u0432\u043e\u043b\u044f\u0454 \u0437\u043c\u0456\u043d\u044e\u0432\u0430\u0442\u0438 \u043f\u043e\u043b\u043e\u0436\u0435\u043d\u043d\u044f \u043a\u0430\u0431\u0456\u043d\u0438 \u043e\u043f\u0435\u0440\u0430\u0442\u043e\u0440\u0430 \u0437 \u043f\u043e\u0432\u043e\u0440\u043e\u0442\u043e\u043c \u0441\u0442\u0440\u0456\u043b\u0438 \u043d\u0430 360 \u0433\u0440\u0430\u0434\u0443\u0441\u0456\u0432 \u043d\u0430 \u043f\u043b\u0430\u0442\u0444\u043e\u0440\u043c\u0456 \u043c\u0430\u0448\u0438\u043d\u0438. \u0417\u0430\u0437\u0432\u0438\u0447\u0430\u0439 \u0457\u0445 \u0432\u0430\u043d\u0442\u0430\u0436\u043e\u043f\u0456\u0434\u0439\u043e\u043c\u043d\u0456\u0441\u0442\u044c \u0441\u0442\u0430\u043d\u043e\u0432\u0438\u0442\u044c \u0432\u0456\u0434 3 \u0434\u043e 5 \u0442\u043e\u043d\u043d, \u0430 \u0432\u0438\u043b\u0456\u0442 - \u0434\u043e 30 \u043c\u0435\u0442\u0440\u0456\u0432<\/li>\n<\/ul>\n<p>\u0414\u043e \u043d\u0430\u0439\u043f\u043e\u043f\u0443\u043b\u044f\u0440\u043d\u0456\u0448\u0438\u0445 \u0432\u0438\u0440\u043e\u0431\u043d\u0438\u043a\u0456\u0432 \u0442\u0435\u043b\u0435\u0441\u043a\u043e\u043f\u0456\u0447\u043d\u0438\u0445 \u043d\u0430\u0432\u0430\u043d\u0442\u0430\u0436\u0443\u0432\u0430\u0447\u0456\u0432 \u0432\u0456\u0434\u043d\u043e\u0441\u044f\u0442\u044c\u0441\u044f New Holland, Manitou, Case, Dieci, JCB \u0456 Merlo. \u0407\u0445\u043d\u044f \u043f\u0440\u043e\u043f\u043e\u0437\u0438\u0446\u0456\u044f \u0432\u043a\u043b\u044e\u0447\u0430\u0454 \u043f\u043e\u0432\u043d\u0438\u0439 \u0441\u043f\u0435\u043a\u0442\u0440 \u0441\u0443\u0447\u0430\u0441\u043d\u0438\u0445 \u043f\u0440\u0438\u0441\u0442\u0440\u043e\u0457\u0432, \u0449\u043e \u043a\u043e\u043c\u043f\u043b\u0435\u043a\u0441\u043d\u043e \u0441\u0443\u043f\u0440\u043e\u0432\u043e\u0434\u0436\u0443\u044e\u0442\u044c \u0431\u0443\u0434\u0456\u0432\u0435\u043b\u044c\u043d\u0456 \u0442\u0430 \u0456\u043d\u0448\u0456 \u0440\u043e\u0431\u043e\u0442\u0438. \u0426\u0456\u043d\u0430 \u043e\u0431\u043b\u0430\u0434\u043d\u0430\u043d\u043d\u044f \u0447\u0430\u0441\u0442\u043e \u0434\u043e\u0441\u044f\u0433\u0430\u0454 \u043a\u0456\u043b\u044c\u043a\u043e\u0445 \u0441\u043e\u0442\u0435\u043d\u044c \u0442\u0438\u0441\u044f\u0447 \u0437\u043b\u043e\u0442\u0438\u0445, \u0437\u0430\u043b\u0435\u0436\u043d\u043e \u0432\u0456\u0434 \u0432\u0438\u0440\u043e\u0431\u043d\u0438\u043a\u0430, \u0440\u043e\u0437\u043c\u0456\u0440\u0443 \u0442\u0430 \u0432\u0438\u043a\u043e\u0440\u0438\u0441\u0442\u043e\u0432\u0443\u0432\u0430\u043d\u043e\u0433\u043e \u043e\u0431\u043b\u0430\u0434\u043d\u0430\u043d\u043d\u044f.<\/p>\n<p><strong>\u041a\u0443\u0440\u0441\u0438 \u043f\u043e \u0442\u0435\u043b\u0435\u0441\u043a\u043e\u043f\u0456\u0447\u043d\u0438\u043c \u043d\u0430\u0432\u0430\u043d\u0442\u0430\u0436\u0443\u0432\u0430\u0447\u0430\u043c<\/strong><br \/>\n\u0414\u043b\u044f \u0440\u043e\u0431\u043e\u0442\u0438 \u043e\u043f\u0435\u0440\u0430\u0442\u043e\u0440\u043e\u043c \u0432\u0435\u0440\u0441\u0442\u0430\u0442\u0443 \u043d\u0435\u043e\u0431\u0445\u0456\u0434\u043d\u0430 \u0430\u0432\u0442\u043e\u0440\u0438\u0437\u0430\u0446\u0456\u044f. \u0412\u043e\u043d\u0438 \u043d\u0430\u0440\u0430\u0445\u043e\u0432\u0443\u044e\u0442\u044c\u0441\u044f \u043f\u0456\u0441\u043b\u044f \u043f\u0440\u043e\u0445\u043e\u0434\u0436\u0435\u043d\u043d\u044f \u043d\u0430\u0432\u0447\u0430\u043d\u043d\u044f \u0442\u0430 \u0441\u043a\u043b\u0430\u0434\u0430\u043d\u043d\u044f \u0456\u0441\u043f\u0438\u0442\u0443 \u0423\u0414\u0422. \u0412\u0438\u0431\u0456\u0440 <a href=\"https:\/\/kursy-udt.pl\/ua\/szkolenia\/kurs-na-ladowarki-teleskopowe\/\">\u043a\u0443\u0440\u0441 \u0434\u043b\u044f \u0442\u0435\u043b\u0435\u0441\u043a\u043e\u043f\u0456\u0447\u043d\u0438\u0445 \u043d\u0430\u0432\u0430\u043d\u0442\u0430\u0436\u0443\u0432\u0430\u0447\u0456\u0432<\/a>, \u0443\u0447\u0430\u0441\u043d\u0438\u043a \u043e\u0442\u0440\u0438\u043c\u0443\u0454 \u043d\u0430\u0441\u043a\u0440\u0456\u0437\u043d\u0443 \u0456\u043d\u0444\u043e\u0440\u043c\u0430\u0446\u0456\u044e \u0449\u043e\u0434\u043e \u0431\u0435\u0437\u043f\u0435\u0447\u043d\u043e\u0457 \u0435\u043a\u0441\u043f\u043b\u0443\u0430\u0442\u0430\u0446\u0456\u0457 \u043f\u0440\u0438\u0441\u0442\u0440\u043e\u044e \u043d\u0430 \u043f\u043e\u0441\u0430\u0434\u0456 \u043e\u043f\u0435\u0440\u0430\u0442\u043e\u0440\u0430. \u0422\u0443\u0442 \u043d\u0430\u0432\u0447\u0430\u044e\u0442\u044c, \u0441\u0435\u0440\u0435\u0434 \u0456\u043d\u0448\u043e\u0433\u043e, \u044f\u043a \u043f\u0440\u0430\u0432\u0438\u043b\u044c\u043d\u043e \u043a\u0435\u0440\u0443\u0432\u0430\u0442\u0438 \u0432\u0430\u043d\u0442\u0430\u0436\u0456\u0432\u043a\u043e\u044e, \u044f\u043a \u0440\u043e\u0437\u043c\u0456\u0449\u0443\u0432\u0430\u0442\u0438 \u043d\u0430 \u043d\u0456\u0439 \u0432\u0430\u043d\u0442\u0430\u0436, \u044f\u043a \u0434\u043e\u0442\u0440\u0438\u043c\u0443\u0432\u0430\u0442\u0438\u0441\u044f \u0442\u0435\u0445\u043d\u0456\u0447\u043d\u043e\u0433\u043e \u043e\u0433\u043b\u044f\u0434\u0443 \u0442\u0430 \u043f\u0440\u0430\u0432\u0438\u043b \u043e\u0445\u043e\u0440\u043e\u043d\u0438 \u043f\u0440\u0430\u0446\u0456.<\/p>\n<p>\u0412 \u041e\u0414\u041a \u0415\u0420\u0413\u041e\u041d \u043c\u0438 \u043f\u0440\u043e\u043f\u043e\u043d\u0443\u0454\u043c\u043e \u0412\u0430\u043c \u043f\u0440\u043e\u0444\u0435\u0441\u0456\u0439\u043d\u0435 \u043d\u0430\u0432\u0447\u0430\u043d\u043d\u044f, \u044f\u043a\u0435 \u0454 \u043e\u0441\u043d\u043e\u0432\u043e\u044e \u0434\u043b\u044f \u043e\u0442\u0440\u0438\u043c\u0430\u043d\u043d\u044f \u043a\u0432\u0430\u043b\u0456\u0444\u0456\u043a\u0430\u0446\u0456\u0457 I WJO \u0434\u043b\u044f \u0441\u043f\u0435\u0446\u0456\u0430\u043b\u0456\u0437\u043e\u0432\u0430\u043d\u043e\u0433\u043e \u0432\u0456\u0437\u043a\u0430, \u0442\u043e\u0431\u0442\u043e \u0434\u043b\u044f \u0442\u0435\u043b\u0435\u0441\u043a\u043e\u043f\u0456\u0447\u043d\u043e\u0433\u043e \u043d\u0430\u0432\u0430\u043d\u0442\u0430\u0436\u0443\u0432\u0430\u0447\u0430. \u042f\u043a \u043a\u043e\u043c\u043f\u0430\u043d\u0456\u044f \u0437 \u0431\u0430\u0433\u0430\u0442\u043e\u0440\u0456\u0447\u043d\u0438\u043c \u0434\u043e\u0441\u0432\u0456\u0434\u043e\u043c \u043d\u0430\u0432\u0447\u0430\u043d\u043d\u044f, \u043c\u0438 \u043d\u0430\u0434\u0430\u0454\u043c\u043e \u043d\u0430\u0448\u0438\u043c \u0441\u0442\u0443\u0434\u0435\u043d\u0442\u0430\u043c \u043f\u043e\u0432\u043d\u0438\u0439 \u0441\u0443\u043f\u0440\u043e\u0432\u0456\u0434 \u0435\u043a\u0441\u043f\u0435\u0440\u0442\u0456\u0432 \u043f\u0440\u0438 \u0437\u0434\u0430\u0447\u0456 \u0456\u0441\u043f\u0438\u0442\u0443 \u043f\u0435\u0440\u0435\u0434 \u043a\u043e\u043c\u0456\u0441\u0456\u0454\u044e \u0423\u043f\u0440\u0430\u0432\u043b\u0456\u043d\u043d\u044f \u0442\u0435\u0445\u043d\u0456\u0447\u043d\u043e\u0433\u043e \u043d\u0430\u0433\u043b\u044f\u0434\u0443. \u041c\u0438 \u043f\u0440\u0430\u0446\u044e\u0454\u043c\u043e \u0432 \u043c\u0456\u0441\u0442\u0430\u0445 \u0412\u0430\u0440\u0448\u0430\u0432\u0430, \u041a\u0440\u0430\u043a\u0456\u0432, \u041a\u0430\u0442\u043e\u0432\u0456\u0446\u0435 \u0442\u0430 \u0411\u0435\u043b\u044c\u0441\u044c\u043a\u043e-\u0411\u044f\u043b\u0430, \u0456 \u043c\u0438 \u043c\u043e\u0436\u0435\u043c\u043e \u043e\u0440\u0433\u0430\u043d\u0456\u0437\u0443\u0432\u0430\u0442\u0438 \u0437\u0430\u043a\u0440\u0438\u0442\u0456 \u0437\u0430\u043d\u044f\u0442\u0442\u044f \u0434\u043b\u044f \u043d\u0430\u0448\u0438\u0445 \u043a\u043b\u0456\u0454\u043d\u0442\u0456\u0432 \u0443 \u0431\u0443\u0434\u044c-\u044f\u043a\u0438\u0439 \u0447\u0430\u0441 \u0456 \u0432 \u0431\u0443\u0434\u044c-\u044f\u043a\u043e\u043c\u0443 \u043c\u0456\u0441\u0446\u0456. \u041f\u0440\u0430\u0439\u0441-\u043b\u0438\u0441\u0442 \u043d\u0430\u0448\u0438\u0445 \u0437\u0430\u043d\u044f\u0442\u044c \u0430\u0434\u0430\u043f\u0442\u043e\u0432\u0430\u043d\u0438\u0439 \u0434\u043e \u043a\u0456\u043b\u044c\u043a\u043e\u0441\u0442\u0456 \u0443\u0447\u0430\u0441\u043d\u0438\u043a\u0456\u0432.<\/p>\n<p>\u0423\u0441\u0456\u0445 \u0431\u0430\u0436\u0430\u044e\u0447\u0438\u0445 \u0437\u0430\u043f\u0440\u043e\u0448\u0443\u0454\u043c\u043e \u043d\u0430 \u043a\u0443\u0440\u0441 \u0442\u0435\u043b\u0435\u0441\u043a\u043e\u043f\u0456\u0447\u043d\u043e\u0433\u043e \u043d\u0430\u0432\u0430\u043d\u0442\u0430\u0436\u0443\u0432\u0430\u0447\u0430 \u0434\u043e <a href=\"https:\/\/kursy-udt.pl\/ua\/o-firmie\/\">\u0426\u0435\u043d\u0442\u0440 \u043f\u0456\u0434\u0433\u043e\u0442\u043e\u0432\u043a\u0438 \u043f\u0435\u0440\u0441\u043e\u043d\u0430\u043b\u0443 \u0415\u0420\u0413\u041e\u041d<\/a>!<\/p>\n<\/div>","protected":false},"excerpt":{"rendered":"<p>W pracach transportowych powszechnie stosuje si\u0119 w\u00f3zki wid\u0142owe oraz \u0142adowarki. Dzi\u0119ki nim mo\u017cna wykonywa\u0107 pracoch\u0142onne operacje, oszcz\u0119dzaj\u0105c czas, a przy tym r\u00f3wnie\u017c z naciskiem na wysokim poziom bezpiecze\u0144stwa. Zastosowanie urz\u0105dze\u0144 \u0141adowarki teleskopowe to jedne z powszechnie wykorzystywanych maszyn w robotach budowlanych, w tym w robotach ziemnych, kt\u00f3re r\u00f3wnie\u017c sprawdzaj\u0105 si\u0119 w innych bran\u017cach, mi\u0119dzy innymi rolniczej, w magazynach czy te\u017c w pracach transportu bliskiego r\u00f3\u017cnego rodzaju zar\u00f3wno w pionie, jak i w poziomie. To w\u00f3zek wid\u0142owy specjalizowany, kt\u00f3ry do obs\u0142ugi wymaga odpowiedniej wiedzy po\u015bwiadczonej uprawnieniami operatora. Poprawnie operowana \u0142adowarka teleskopowa jest w stanie przenosi\u0107 mi\u0119dzy innymi ziemi\u0119 lub kruszywa przy pracach ziemnych, na przyk\u0142ad przy niwelacji grunt\u00f3w. W rolnictwie dzi\u0119ki nim mo\u017cna transportowa\u0107 s\u0142om\u0119, obornik czy drewno. Tak\u017ce urz\u0105dzenia znajduj\u0105 zastosowanie przy za\u0142adunku i prze\u0142adunku palet, skrzyniopalet, big-bag\u00f3w w magazynach i stacjach prze\u0142adunkowych. Niekt\u00f3re \u0142adowarki posiadaj\u0105 jako osprz\u0119t specjalne kosze dla ludzi, dlatego mog\u0105 pe\u0142ni\u0107 wtedy funkcje podno\u015bnik\u00f3w. Pe\u0142na gama osprz\u0119tu powoduje, \u017ce s\u0105 to wszechstronne i cz\u0119sto wykorzystywane urz\u0105dzenia, co z kolei r\u00f3wnie\u017c wywo\u0142uje wysokie zapotrzebowanie na pracownik\u00f3w posiadaj\u0105cych uprawnienia do ich obs\u0142ugi. Budowa \u0141adowarka teleskopowa czy \u0142adowarka ze zmiennym wysi\u0119giem, poniewa\u017c stosuje si\u0119 r\u00f3wnie\u017c takie okre\u015blenie, r\u00f3\u017cni si\u0119 od zwyk\u0142ego w\u00f3zka wid\u0142owego. Przede wszystkim jest wyposa\u017cona w silnik o znacznie wi\u0119kszej mocy, co powoduje, \u017ce mo\u017ce wykonywa\u0107 tak\u017ce trudniejsze zadania. Jej niewielkie wymiary s\u0105 r\u00f3wnie\u017c du\u017cym atutem, poniewa\u017c sprawdza si\u0119 ona przy realizacji prac na ma\u0142ych powierzchniach. Urz\u0105dzenie posiada cztery ko\u0142a o nap\u0119dzie sta\u0142ym, jest w stanie pracowa\u0107 niemal\u017ce na ka\u017cdego rodzaju nawierzchni, tak\u017ce na nawierzchniach trudnych jak b\u0142oto, piasek. \u0141adowarki posiadaj\u0105 przestronne [&hellip;]<\/p>\n","protected":false},"author":1,"featured_media":0,"parent":0,"menu_order":0,"comment_status":"closed","ping_status":"closed","template":"","meta":{"sfsi_plus_gutenberg_text_before_share":"","sfsi_plus_gutenberg_show_text_before_share":"","sfsi_plus_gutenberg_icon_type":"","sfsi_plus_gutenberg_icon_alignemt":"","sfsi_plus_gutenburg_max_per_row":"","footnotes":""},"class_list":["post-1386","page","type-page","status-publish","hentry","has_thumb"],"aioseo_notices":[],"_links":{"self":[{"href":"https:\/\/kursy-udt.pl\/ua\/wp-json\/wp\/v2\/pages\/1386","targetHints":{"allow":["GET"]}}],"collection":[{"href":"https:\/\/kursy-udt.pl\/ua\/wp-json\/wp\/v2\/pages"}],"about":[{"href":"https:\/\/kursy-udt.pl\/ua\/wp-json\/wp\/v2\/types\/page"}],"author":[{"embeddable":true,"href":"https:\/\/kursy-udt.pl\/ua\/wp-json\/wp\/v2\/users\/1"}],"replies":[{"embeddable":true,"href":"https:\/\/kursy-udt.pl\/ua\/wp-json\/wp\/v2\/comments?post=1386"}],"version-history":[{"count":1,"href":"https:\/\/kursy-udt.pl\/ua\/wp-json\/wp\/v2\/pages\/1386\/revisions"}],"predecessor-version":[{"id":1387,"href":"https:\/\/kursy-udt.pl\/ua\/wp-json\/wp\/v2\/pages\/1386\/revisions\/1387"}],"wp:attachment":[{"href":"https:\/\/kursy-udt.pl\/ua\/wp-json\/wp\/v2\/media?parent=1386"}],"curies":[{"name":"wp","href":"https:\/\/api.w.org\/{rel}","templated":true}]}}