{"id":1334,"date":"2014-08-12T22:13:49","date_gmt":"2014-08-12T22:13:49","guid":{"rendered":"http:\/\/kursy-udt.pl\/?page_id=1334"},"modified":"2022-10-14T12:18:53","modified_gmt":"2022-10-14T12:18:53","slug":"%d0%bf%d1%96%d1%81%d0%bb%d1%8f-%d1%80%d0%be%d0%b1%d0%be%d1%82%d0%b8","status":"publish","type":"page","link":"https:\/\/kursy-udt.pl\/ua\/szkolenia\/kurs-na-suwnice\/po-zakonczeniu-pracy\/","title":{"rendered":"\u041f\u0456\u0441\u043b\u044f \u0440\u043e\u0431\u043e\u0442\u0438"},"content":{"rendered":"<h2 class=\"naglowekh2\"><img loading=\"lazy\" decoding=\"async\" class=\"paddingleft10 alignleft wp-image-1340\" src=\"https:\/\/kursy-udt.pl\/wp-content\/uploads\/2014\/08\/po-pracy_m.jpg\" alt=\"\" width=\"200\" height=\"150\" \/>\u0414\u0456\u0457 \u043f\u0456\u0441\u043b\u044f \u0437\u0430\u043a\u0456\u043d\u0447\u0435\u043d\u043d\u044f \u0440\u043e\u0431\u043e\u0442\u0438 \u0437 \u043a\u0440\u0430\u043d\u043e\u043c<\/h2>\n<p>\u041f\u0440\u0438 \u0440\u043e\u0431\u043e\u0442\u0456 \u0437 \u043c\u043e\u0441\u0442\u043e\u0432\u0438\u043c\u0438 \u043a\u0440\u0430\u043d\u0430\u043c\u0438 \u043d\u0435\u043e\u0431\u0445\u0456\u0434\u043d\u043e \u043d\u0435 \u0442\u0456\u043b\u044c\u043a\u0438 \u043f\u0440\u0430\u0432\u0438\u043b\u044c\u043d\u043e \u043f\u0456\u0434\u0433\u043e\u0442\u0443\u0432\u0430\u0442\u0438\u0441\u044f \u0434\u043e \u0432\u0438\u043a\u043e\u043d\u0430\u043d\u043d\u044f \u0437\u0430\u0432\u0434\u0430\u043d\u043d\u044f \u0456 \u043f\u0440\u0430\u0432\u0438\u043b\u044c\u043d\u043e \u0435\u043a\u0441\u043f\u043b\u0443\u0430\u0442\u0443\u0432\u0430\u0442\u0438 \u043f\u0440\u0438\u0441\u0442\u0440\u0456\u0439 \u043f\u0456\u0434 \u0447\u0430\u0441 \u0442\u0440\u0430\u043d\u0441\u043f\u043e\u0440\u0442\u0443\u0432\u0430\u043d\u043d\u044f, \u0430\u043b\u0435 \u0456 \u043a\u043e\u0436\u043d\u043e\u043c\u0443 \u043f\u0440\u0430\u0446\u0456\u0432\u043d\u0438\u043a\u0443, \u044f\u043a\u0438\u0439 \u043c\u0430\u0454 <a href=\"https:\/\/kursy-udt.pl\/ua\/uprawnienia-udt\/kategorie-uprawnien-2\/\">\u043f\u0440\u0430\u0432\u0430<\/a> \u0434\u043b\u044f \u043c\u043e\u0441\u0442\u043e\u0432\u0438\u0445 \u043a\u0440\u0430\u043d\u0456\u0432 \u043f\u043e\u0432\u0438\u043d\u0435\u043d \u0437\u043d\u0430\u0442\u0438, \u044f\u043a\u0456 \u0434\u0456\u0457 \u043d\u0435\u043e\u0431\u0445\u0456\u0434\u043d\u043e \u0432\u0438\u043a\u043e\u043d\u0430\u0442\u0438 \u043f\u0456\u0441\u043b\u044f \u0437\u0430\u0432\u0435\u0440\u0448\u0435\u043d\u043d\u044f \u0440\u043e\u0431\u043e\u0442\u0438.<\/p>\n<p>\u0412\u0441\u0456 \u043f\u0435\u0440\u0435\u0440\u0430\u0445\u043e\u0432\u0430\u043d\u0456 \u043d\u0438\u0436\u0447\u0435 \u0434\u0456\u0457 \u043f\u043e\u0432\u0438\u043d\u0435\u043d \u0432\u0438\u043a\u043e\u043d\u0443\u0432\u0430\u0442\u0438 \u043a\u043e\u0436\u0435\u043d \u043e\u043f\u0435\u0440\u0430\u0442\u043e\u0440 \u043e\u0431\u043b\u0430\u0434\u043d\u0430\u043d\u043d\u044f \u043f\u0456\u0441\u043b\u044f \u043a\u043e\u0436\u043d\u043e\u0457 \u0440\u043e\u0431\u043e\u0447\u043e\u0457 \u0437\u043c\u0456\u043d\u0438. \u0407\u0445 \u043d\u0435\u0432\u0438\u043a\u043e\u043d\u0430\u043d\u043d\u044f \u043c\u043e\u0436\u0435 \u043f\u0440\u0438\u0437\u0432\u0435\u0441\u0442\u0438 \u0434\u043e \u0441\u0435\u0440\u0439\u043e\u0437\u043d\u0438\u0445 \u043d\u0435\u0449\u0430\u0441\u043d\u0438\u0445 \u0432\u0438\u043f\u0430\u0434\u043a\u0456\u0432 \u043d\u0430 \u0432\u0438\u0440\u043e\u0431\u043d\u0438\u0446\u0442\u0432\u0456. \u0414\u043e\u0442\u0440\u0438\u043c\u0430\u043d\u043d\u044f \u043d\u043e\u0440\u043c\u0430\u0442\u0438\u0432\u043d\u0438\u0445 \u0432\u0438\u043c\u043e\u0433 <a href=\"https:\/\/kursy-udt.pl\/ua\/szkolenia\/bhp-bezpieczenstwo-pracy\/prawna-ochrona-pracy\/\">\u0417\u0434\u043e\u0440\u043e\u0432&#039;\u044f \u0456 \u0431\u0435\u0437\u043f\u0435\u043a\u0430<\/a> \u043d\u0430 \u043f\u043e\u0437\u0438\u0446\u0456\u0457 \u043a\u0440\u0430\u043d\u0456\u0432\u043d\u0438\u043a\u0430 \u043c\u0430\u0454 \u0432\u0438\u0440\u0456\u0448\u0430\u043b\u044c\u043d\u0435 \u0437\u043d\u0430\u0447\u0435\u043d\u043d\u044f, \u043e\u0441\u043a\u0456\u043b\u044c\u043a\u0438 \u0446\u0435 \u043e\u0431\u043b\u0430\u0434\u043d\u0430\u043d\u043d\u044f \u0447\u0430\u0441\u0442\u043e \u0441\u0442\u0430\u043d\u043e\u0432\u0438\u0442\u044c \u0441\u0435\u0440\u0439\u043e\u0437\u043d\u0443 \u043d\u0435\u0431\u0435\u0437\u043f\u0435\u043a\u0443 \u043d\u0430 \u0440\u043e\u0431\u043e\u0447\u043e\u043c\u0443 \u043c\u0456\u0441\u0446\u0456 \u0447\u0435\u0440\u0435\u0437 \u0441\u0432\u043e\u0457 \u0440\u043e\u0437\u043c\u0456\u0440\u0438 \u0456 \u0432\u0430\u0433\u0443 \u0432\u0430\u043d\u0442\u0430\u0436\u0456\u0432, \u044f\u043a\u0456 \u0432\u043e\u043d\u043e \u043f\u0435\u0440\u0435\u0432\u043e\u0437\u0438\u0442\u044c.<\/p>\n<div class=\"filmw\">\n<div class=\"responsive-youtube\" style=\"text-align: center;\"><iframe loading=\"lazy\" title=\"\u0412\u0456\u0434\u0435\u043e\u043f\u043b\u0435\u0454\u0440 YouTube\" src=\"https:\/\/www.youtube.com\/embed\/0BIkkFvLgew\" width=\"560\" height=\"315\" frameborder=\"0\" allowfullscreen=\"allowfullscreen\"><\/iframe><\/div>\n<\/div>\n<h2 class=\"naglowekh2\"><strong>\u041d\u0430\u0439\u0432\u0430\u0436\u043b\u0438\u0432\u0456\u0448\u0456 \u0434\u0456\u0457 \u043f\u0456\u0441\u043b\u044f \u0437\u0430\u043a\u0456\u043d\u0447\u0435\u043d\u043d\u044f \u0440\u043e\u0431\u043e\u0442\u0438:<\/strong><\/h2>\n<ul>\n<li>\u043f\u0435\u0440\u0435\u0432\u0456\u0440\u043a\u0430, \u0447\u0438 \u043d\u0435 \u0437\u0430\u043b\u0438\u0448\u0438\u043b\u043e\u0441\u044f \u0432\u0430\u043d\u0442\u0430\u0436\u0456\u0432 \u043d\u0430 \u043f\u0440\u0438\u0441\u0442\u0440\u043e\u0457 \u0434\u043b\u044f \u0442\u0440\u0430\u043d\u0441\u043f\u043e\u0440\u0442\u0443\u0432\u0430\u043d\u043d\u044f \u0432\u0430\u043d\u0442\u0430\u0436\u0456\u0432 - \u044f\u043a\u0449\u043e \u0442\u0430\u043a, \u0437\u043d\u0456\u043c\u0456\u0442\u044c \u0457\u0445 \u0432\u0456\u0434\u043f\u043e\u0432\u0456\u0434\u043d\u043e \u0434\u043e \u043f\u0440\u0430\u0432\u0438\u043b \u0456 \u043f\u043e\u043a\u043b\u0430\u0434\u0456\u0442\u044c \u0443 \u0432\u0456\u0434\u043f\u043e\u0432\u0456\u0434\u043d\u0435 \u043c\u0456\u0441\u0446\u0435<\/li>\n<li>\u0437\u0430\u0432\u0430\u043d\u0442\u0430\u0436\u0443\u0432\u0430\u043b\u044c\u043d\u0438\u0439 \u043f\u0440\u0438\u0441\u0442\u0440\u0456\u0439 \u043c\u0430\u0454 \u0431\u0443\u0442\u0438 \u043f\u0456\u0434\u043d\u044f\u0442\u043e \u043d\u0430 \u0432\u043a\u0430\u0437\u0430\u043d\u0443 \u0432\u0438\u0441\u043e\u0442\u0443, \u0449\u043e\u0431 \u0432\u043e\u043d\u043e \u043d\u0435 \u0437\u0430\u0432\u0430\u0436\u0430\u043b\u043e \u0440\u0443\u0445\u0430\u0442\u0438\u0441\u044f \u0432\u043d\u0438\u0437\u0443 \u043f\u0440\u0430\u0446\u0456\u0432\u043d\u0438\u043a\u0430\u043c \u0430\u0431\u043e \u0442\u0440\u0430\u043d\u0441\u043f\u043e\u0440\u0442\u043d\u0438\u043c \u0437\u0430\u0441\u043e\u0431\u0430\u043c - \u043d\u0430\u0439\u0447\u0430\u0441\u0442\u0456\u0448\u0435 \u0446\u0435 \u0431\u043b\u0438\u0437\u044c\u043a\u043e 2,5 \u043c\u0435\u0442\u0440\u0456\u0432, \u0430\u043b\u0435 \u0437\u0430\u0437\u0432\u0438\u0447\u0430\u0439 \u0446\u0435 \u0432\u0438\u0437\u043d\u0430\u0447\u0430\u0454\u0442\u044c\u0441\u044f \u0456\u043d\u0434\u0438\u0432\u0456\u0434\u0443\u0430\u043b\u044c\u043d\u043e \u0432 \u0437\u0430\u043b\u0435\u0436\u043d\u043e\u0441\u0442\u0456 \u0432\u0456\u0434 \u0442\u0438\u043f\u0443 \u043f\u0440\u0438\u0441\u0442\u0440\u043e\u044e \u0442\u0430 \u0440\u043e\u0431\u043e\u0447\u043e\u0433\u043e \u043c\u0456\u0441\u0446\u044f.<\/li>\n<li>\u0440\u043e\u0437\u043c\u0456\u0449\u0443\u0439\u0442\u0435 \u043f\u0440\u0438\u0441\u0442\u0440\u0456\u0439 \u0443 \u043c\u0456\u0441\u0446\u0456, \u0434\u0435 \u0432\u0456\u043d \u0441\u0442\u043e\u0457\u0442\u044c, \u0449\u043e\u0431 \u0432\u0456\u043d \u043d\u0435 \u0437\u0430\u0432\u0430\u0436\u0430\u0432 \u0456\u043d\u0448\u0438\u043c \u0440\u043e\u0431\u043e\u0442\u0430\u043c \u043d\u0430 \u043f\u0456\u0434\u043f\u0440\u0438\u0454\u043c\u0441\u0442\u0432\u0456<\/li>\n<li>\u043d\u0430\u0442\u0438\u0441\u043d\u0456\u0442\u044c \u043a\u043d\u043e\u043f\u043a\u0443 \u0430\u0432\u0430\u0440\u0456\u0439\u043d\u043e\u0457 \u0437\u0443\u043f\u0438\u043d\u043a\u0438 \u043c\u0430\u0448\u0438\u043d\u0438<\/li>\n<li>\u0432\u0456\u0434\u043a\u043b\u044e\u0447\u0438\u0442\u0438 \u0432\u0441\u0456 \u0441\u0438\u0441\u0442\u0435\u043c\u0438 \u0443\u043f\u0440\u0430\u0432\u043b\u0456\u043d\u043d\u044f, \u044f\u043a\u0456 \u0437\u043d\u0430\u0445\u043e\u0434\u044f\u0442\u044c\u0441\u044f \u043d\u0430 \u043f\u0443\u043b\u044c\u0442\u0456<\/li>\n<li>\u0432\u0438\u043c\u043a\u043d\u0456\u0442\u044c \u0436\u0438\u0432\u043b\u0435\u043d\u043d\u044f \u043c\u0430\u0448\u0438\u043d\u0438 \u0437\u0430 \u0434\u043e\u043f\u043e\u043c\u043e\u0433\u043e\u044e \u0433\u043e\u043b\u043e\u0432\u043d\u043e\u0433\u043e \u0432\u0438\u043c\u0438\u043a\u0430\u0447\u0430 \u0436\u0438\u0432\u043b\u0435\u043d\u043d\u044f \u043c\u0430\u0448\u0438\u043d\u0438<\/li>\n<li>\u043f\u043e\u0432\u0438\u043d\u043d\u0456 \u0431\u0443\u0442\u0438 \u0437\u0430\u043a\u0440\u0456\u043f\u043b\u0435\u043d\u0456 \u043f\u0440\u043e\u0442\u0438\u0432\u0456\u0442\u0440\u043e\u0432\u0456 \u0433\u0430\u043b\u044c\u043c\u0430, \u044f\u043a\u0449\u043e \u043c\u0430\u0448\u0438\u043d\u0430 \u043d\u0438\u043c\u0438 \u043e\u0431\u043b\u0430\u0434\u043d\u0430\u043d\u0430<\/li>\n<li>\u044f\u043a\u0449\u043e \u043c\u0430\u0448\u0438\u043d\u0430 \u043c\u0430\u0454 \u0435\u043b\u0435\u043a\u0442\u0440\u043e\u043c\u0430\u0433\u043d\u0456\u0442, \u043e\u043f\u0443\u0441\u0442\u0456\u0442\u044c \u0439\u043e\u0433\u043e \u043d\u0430 \u0437\u0435\u043c\u043b\u044e<\/li>\n<li>\u043f\u0435\u0440\u0435\u0434 \u0442\u0438\u043c, \u044f\u043a \u0437\u0430\u043b\u0438\u0448\u0438\u0442\u0438 \u0440\u043e\u0431\u043e\u0447\u0435 \u043c\u0456\u0441\u0446\u0435, \u0443\u0432\u0430\u0436\u043d\u043e \u0432\u0456\u0437\u0443\u0430\u043b\u044c\u043d\u043e \u043e\u0433\u043b\u044f\u043d\u044c\u0442\u0435 \u043f\u0440\u0438\u0441\u0442\u0440\u0456\u0439 \u0456 \u0437\u0432\u0435\u0440\u043d\u0456\u0442\u044c \u0443\u0432\u0430\u0433\u0443 \u043d\u0430 \u043c\u043e\u0436\u043b\u0438\u0432\u0456 \u043c\u0435\u0445\u0430\u043d\u0456\u0447\u043d\u0456 \u043f\u043e\u0448\u043a\u043e\u0434\u0436\u0435\u043d\u043d\u044f, \u0432\u0438\u0442\u0456\u043a \u0440\u043e\u0431\u043e\u0447\u0438\u0445 \u0440\u0456\u0434\u0438\u043d<\/li>\n<li>\u043f\u0440\u0438\u0441\u0442\u0440\u0456\u0439 \u043c\u0430\u0454 \u0431\u0443\u0442\u0438 \u0437\u0430\u0445\u0438\u0449\u0435\u043d\u0438\u0439 \u0432\u0456\u0434 \u0441\u0442\u043e\u0440\u043e\u043d\u043d\u0456\u0445 \u043e\u0441\u0456\u0431, \u044f\u043a\u0456 \u043c\u043e\u0436\u0443\u0442\u044c \u043d\u0438\u043c \u0441\u043a\u043e\u0440\u0438\u0441\u0442\u0430\u0442\u0438\u0441\u044f<\/li>\n<li>\u0443 \u0440\u0430\u0437\u0456 \u0432\u0438\u044f\u0432\u043b\u0435\u043d\u043d\u044f \u0431\u0443\u0434\u044c-\u044f\u043a\u0438\u0445 \u043d\u0435\u0441\u043f\u0440\u0430\u0432\u043d\u043e\u0441\u0442\u0435\u0439, \u043f\u043e\u0432&#039;\u044f\u0437\u0430\u043d\u0438\u0445 \u0437 \u0440\u043e\u0431\u043e\u0442\u043e\u044e \u043f\u0440\u0438\u0441\u0442\u0440\u043e\u044e, \u043d\u0435\u0433\u0430\u0439\u043d\u043e \u043f\u043e\u0432\u0456\u0434\u043e\u043c\u0438\u0442\u0438 \u043a\u0435\u0440\u0456\u0432\u043d\u0438\u043a\u0430 \u0442\u0430 \u0456\u043d\u0448\u0438\u0445 \u043e\u043f\u0435\u0440\u0430\u0442\u043e\u0440\u0456\u0432, \u044f\u043a\u0449\u043e \u0446\u0435 \u043c\u043e\u0436\u043b\u0438\u0432\u043e<\/li>\n<li>\u0432 \u043a\u0456\u043d\u0446\u0456 \u0437\u043c\u0456\u043d\u0438 \u043d\u0435\u043e\u0431\u0445\u0456\u0434\u043d\u043e \u0437\u0430\u043d\u0435\u0441\u0442\u0438 \u0432 \u0435\u043a\u0441\u043f\u043b\u0443\u0430\u0442\u0430\u0446\u0456\u0439\u043d\u0443 \u043a\u043d\u0438\u0436\u043a\u0443, \u0449\u043e \u0432\u0438\u043a\u043b\u0438\u043a\u0430\u0454 \u043f\u0440\u043e\u043f\u0443\u0441\u043a \u0430\u043f\u0430\u0440\u0430\u0442\u0443<\/li>\n<\/ul>\n<p><a href=\"https:\/\/kursy-udt.pl\/wp-content\/uploads\/2022\/10\/s2.jpeg\"><img loading=\"lazy\" decoding=\"async\" class=\"aligncenter wp-image-4478\" src=\"https:\/\/kursy-udt.pl\/wp-content\/uploads\/2022\/10\/s2-300x200.jpeg\" alt=\"\" width=\"750\" height=\"500\" srcset=\"https:\/\/kursy-udt.pl\/wp-content\/uploads\/2022\/10\/s2-300x200.jpeg 300w, https:\/\/kursy-udt.pl\/wp-content\/uploads\/2022\/10\/s2-1024x683.jpeg 1024w, https:\/\/kursy-udt.pl\/wp-content\/uploads\/2022\/10\/s2-768x512.jpeg 768w, https:\/\/kursy-udt.pl\/wp-content\/uploads\/2022\/10\/s2-1536x1024.jpeg 1536w, https:\/\/kursy-udt.pl\/wp-content\/uploads\/2022\/10\/s2-18x12.jpeg 18w, https:\/\/kursy-udt.pl\/wp-content\/uploads\/2022\/10\/s2-624x416.jpeg 624w, https:\/\/kursy-udt.pl\/wp-content\/uploads\/2022\/10\/s2.jpeg 1600w\" sizes=\"auto, (max-width: 750px) 100vw, 750px\" \/><\/a><\/p>\n<p>\u0421\u043b\u0456\u0434 \u043f\u0430\u043c&#039;\u044f\u0442\u0430\u0442\u0438, \u0449\u043e \u043f\u0440\u0438 \u043f\u0440\u0438\u0439\u043c\u0430\u043d\u043d\u0456 \u043a\u0440\u0430\u043d\u0430 \u043d\u0430\u0441\u0442\u0443\u043f\u043d\u043e\u044e \u0437\u043c\u0456\u043d\u043e\u044e \u043f\u043e\u0442\u043e\u0447\u043d\u0438\u0439 \u043a\u0440\u0430\u043d \u043f\u043e\u0432\u0438\u043d\u0435\u043d \u043f\u0435\u0440\u0435\u0434\u0430\u0442\u0438 \u043d\u0430\u0441\u0442\u0443\u043f\u043d\u043e\u043c\u0443 \u043a\u0440\u0430\u043d\u0443. \u042f\u043a\u0449\u043e \u0446\u0435 \u043d\u0435\u043c\u043e\u0436\u043b\u0438\u0432\u043e, \u043a\u0440\u0430\u043d\u0456\u0432\u043d\u0438\u043a \u043c\u043e\u0436\u0435 \u0437\u0430\u043b\u0438\u0448\u0438\u0442\u0438 \u0440\u043e\u0431\u043e\u0442\u0443 \u043b\u0438\u0448\u0435 \u0437\u0430 \u0437\u0433\u043e\u0434\u043e\u044e \u0441\u0432\u043e\u0433\u043e \u0431\u0435\u0437\u043f\u043e\u0441\u0435\u0440\u0435\u0434\u043d\u044c\u043e\u0433\u043e \u043a\u0435\u0440\u0456\u0432\u043d\u0438\u043a\u0430.<\/p>\n<p>\u0412\u0438\u0431\u0456\u0440 <a href=\"https:\/\/kursy-udt.pl\/ua\/szkolenia\/kurs-na-suwnice\/\">\u043a\u0443\u0440\u0441 \u0434\u043b\u044f \u043f\u043e\u0440\u0442\u0430\u043b\u0456\u0432<\/a> \u0432 \u043d\u0430\u0448\u043e\u043c\u0443 <a href=\"https:\/\/kursy-udt.pl\/ua\/o-firmie\/\">\u0426\u0435\u043d\u0442\u0440 \u043f\u0456\u0434\u0433\u043e\u0442\u043e\u0432\u043a\u0438 \u043f\u0435\u0440\u0441\u043e\u043d\u0430\u043b\u0443 \u0415\u0420\u0413\u041e\u041d<\/a>, \u0432\u0438 \u043e\u0442\u0440\u0438\u043c\u0443\u0454\u0442\u0435 \u0432\u0441\u044e \u043a\u043b\u044e\u0447\u043e\u0432\u0443 \u0456\u043d\u0444\u043e\u0440\u043c\u0430\u0446\u0456\u044e, \u043f\u043e\u0432&#039;\u044f\u0437\u0430\u043d\u0443 \u0437 \u0440\u043e\u0431\u043e\u0442\u043e\u044e \u043f\u0440\u0435\u0434\u0441\u0442\u0430\u0432\u043b\u0435\u043d\u0438\u0445 \u043f\u0440\u0438\u0441\u0442\u0440\u043e\u0457\u0432. \u041d\u0430\u0448\u0456 \u0456\u043d\u0441\u0442\u0440\u0443\u043a\u0442\u043e\u0440\u0438 \u043d\u0435 \u0442\u0456\u043b\u044c\u043a\u0438 \u043d\u0430\u0434\u0430\u044e\u0442\u044c \u0432\u0430\u043c \u0456\u043d\u0444\u043e\u0440\u043c\u0430\u0446\u0456\u044e \u0443 \u0432\u0438\u0433\u043b\u044f\u0434\u0456 \u0442\u0435\u043e\u0440\u0456\u0457, \u0430 \u0439 \u043f\u0435\u0440\u0435\u0432\u0456\u0440\u044f\u044e\u0442\u044c \u0457\u0457 \u043f\u0456\u0434 \u0447\u0430\u0441 \u043f\u0440\u0430\u043a\u0442\u0438\u0447\u043d\u0438\u0445 \u0437\u0430\u043d\u044f\u0442\u044c, \u044f\u043a\u0456 \u043e\u0440\u0433\u0430\u043d\u0456\u0437\u043e\u0432\u0443\u044e\u0442\u044c\u0441\u044f \u0437 \u0432\u0438\u043a\u043e\u0440\u0438\u0441\u0442\u0430\u043d\u043d\u044f\u043c \u043f\u0440\u0438\u043b\u0430\u0434\u0443. \u0421\u0430\u043c\u0435 \u043f\u0456\u0434 \u0447\u0430\u0441 \u0432\u043f\u0440\u0430\u0432 \u043c\u043e\u0436\u043d\u0430 \u043e\u0437\u043d\u0430\u0439\u043e\u043c\u0438\u0442\u0438\u0441\u044f \u0437 \u0443\u0441\u0456\u043c\u0430 \u043f\u0440\u043e\u0446\u0435\u0434\u0443\u0440\u0430\u043c\u0438, \u044f\u043a\u0438\u0445 \u043d\u0435\u043e\u0431\u0445\u0456\u0434\u043d\u043e \u0434\u043e\u0442\u0440\u0438\u043c\u0443\u0432\u0430\u0442\u0438\u0441\u044f \u044f\u043a \u043f\u0435\u0440\u0435\u0434 \u043f\u043e\u0447\u0430\u0442\u043a\u043e\u043c \u0440\u043e\u0431\u043e\u0442\u0438, \u0442\u0430\u043a \u0456 \u043f\u0456\u0434 \u0447\u0430\u0441 \u043d\u0435\u0457, \u0456 \u043f\u0456\u0441\u043b\u044f \u0457\u0457 \u0437\u0430\u043a\u0456\u043d\u0447\u0435\u043d\u043d\u044f. \u0417\u0430\u043f\u0440\u043e\u0448\u0443\u0454\u043c\u043e!<\/p>\n<div class=\"button_styl\" style=\"float: right; padding-left: 15px; padding-bottom: 8px; margin-bottom: 5px;\"><a class=\"myButton myButton_maly\" href=\"https:\/\/platformaedukacji.pl\/login\/signup.php\" target=\"_blank\" rel=\"nofollow noopener\"><span style=\"color: white;\">\u0417\u0430\u043f\u0438\u0448\u0456\u0442\u044c\u0441\u044f \u043d\u0430 \u043d\u0430\u0432\u0447\u0430\u043d\u043d\u044f<\/span><\/a><\/div>\n<div style=\"padding-top: 70px;\">\n<h2>\u0411\u0456\u043b\u044c\u0448\u0435 \u0456\u043d\u0444\u043e\u0440\u043c\u0430\u0446\u0456\u0457:<\/h2>\n<div style=\"text-align: center; font-size: 85%; line-height: 120%;\">\n<div style=\"float: left; margin-right: 40px; height: 290px;\">\n<p><a href=\"\/ua\/%d0%bd%d0%b0%d0%b2%d1%87%d0%b0%d0%bd%d0%bd%d1%8f\/%d0%ba%d1%83%d1%80%d1%81-%d0%b4%d0%bb%d1%8f-%d0%bf%d0%be%d1%80%d1%82%d0%b0%d0%bb%d1%96%d0%b2\/%d0%ba%d1%80%d0%b0%d0%bd%d0%be%d0%b1%d1%83%d0%b4%d1%83%d0%b2%d0%b0%d0%bd%d0%bd%d1%8f\/\"><img decoding=\"async\" src=\"\/wp-content\/uploads\/2014\/08\/budowa.jpg\" alt=\"\" \/><\/a><\/p>\n<div style=\"width: 300px; font-size: 130%;\"><strong>\u0411\u0443\u0434\u0456\u0432\u043d\u0438\u0446\u0442\u0432\u043e \u043c\u043e\u0441\u0442\u043e\u0432\u0438\u0445 \u043a\u0440\u0430\u043d\u0456\u0432<\/strong><\/div>\n<p>&nbsp;<\/p>\n<\/div>\n<div style=\"float: left; margin-right: 40px; height: 290px;\">\n<p><a href=\"\/ua\/%d0%bd%d0%b0%d0%b2%d1%87%d0%b0%d0%bd%d0%bd%d1%8f\/%d0%ba%d1%83%d1%80%d1%81-%d0%b4%d0%bb%d1%8f-%d0%bf%d0%be%d1%80%d1%82%d0%b0%d0%bb%d1%96%d0%b2\/%d0%b4%d1%96%d1%8f%d0%bb%d1%8c%d0%bd%d1%96%d1%81%d1%82%d1%8c-%d0%b7%d0%b0%d0%b1%d0%be%d1%80%d0%be%d0%bd%d0%b5%d0%bd%d0%b0\/\"><img decoding=\"async\" src=\"\/wp-content\/uploads\/2014\/08\/zabronione.jpg\" alt=\"\" \/><\/a><\/p>\n<div style=\"width: 300px; font-size: 130%;\"><strong>\u0417\u0430\u0431\u043e\u0440\u043e\u043d\u0435\u043d\u0430 \u0434\u0456\u044f\u043b\u044c\u043d\u0456\u0441\u0442\u044c<\/strong><\/div>\n<p>&nbsp;<\/p>\n<\/div>\n<\/div>\n<div style=\"clear: both;\"><\/div>\n<div style=\"text-align: center; font-size: 85%; line-height: 120%;\">\n<div style=\"float: left; margin-right: 40px; height: 290px;\">\n<p><a href=\"\/ua\/%d0%bd%d0%b0%d0%b2%d1%87%d0%b0%d0%bd%d0%bd%d1%8f\/%d0%ba%d1%83%d1%80%d1%81-%d0%b4%d0%bb%d1%8f-%d0%bf%d0%be%d1%80%d1%82%d0%b0%d0%bb%d1%96%d0%b2\/%d0%bf%d1%96%d0%b4%d0%b3%d0%be%d1%82%d0%be%d0%b2%d1%87%d1%96-%d0%b7%d0%b0%d1%85%d0%be%d0%b4%d0%b8-2\/\"><img decoding=\"async\" src=\"\/wp-content\/uploads\/2014\/08\/przygotowanie.jpg\" alt=\"\" \/><\/a><\/p>\n<div style=\"width: 300px; font-size: 130%;\"><strong>\u041f\u0456\u0434\u0433\u043e\u0442\u043e\u0432\u0447\u0456 \u0437\u0430\u0445\u043e\u0434\u0438<\/strong><\/div>\n<p>&nbsp;<\/p>\n<\/div>\n<div style=\"float: left; margin-right: 40px; height: 290px;\">\n<p><a href=\"\/ua\/%d0%bd%d0%b0%d0%b2%d1%87%d0%b0%d0%bd%d0%bd%d1%8f\/%d0%ba%d1%83%d1%80%d1%81-%d0%b4%d0%bb%d1%8f-%d0%bf%d0%be%d1%80%d1%82%d0%b0%d0%bb%d1%96%d0%b2\/%d0%bf%d1%96%d1%81%d0%bb%d1%8f-%d1%80%d0%be%d0%b1%d0%be%d1%82%d0%b8\/\"><img decoding=\"async\" src=\"\/wp-content\/uploads\/2014\/08\/po-pracy.jpg\" alt=\"\" \/><\/a><\/p>\n<div style=\"width: 300px; font-size: 130%;\"><strong>\u041f\u0456\u0441\u043b\u044f \u0440\u043e\u0431\u043e\u0442\u0438<\/strong><\/div>\n<p>&nbsp;<\/p>\n<\/div>\n<\/div>\n<div style=\"text-align: center; font-size: 85%; line-height: 120%;\">\n<div style=\"float: left; margin-right: 40px; height: 290px;\">\n<p><a href=\"\/ua\/%d0%bd%d0%b0%d0%b2%d1%87%d0%b0%d0%bd%d0%bd%d1%8f\/%d0%ba%d1%83%d1%80%d1%81-%d0%b4%d0%bb%d1%8f-%d0%bf%d0%be%d1%80%d1%82%d0%b0%d0%bb%d1%96%d0%b2\/\"><img decoding=\"async\" style=\"width: 300px; height: 225px;\" src=\"\/wp-content\/uploads\/2014\/04\/suwnice.jpeg\" alt=\"\" \/><\/a><\/p>\n<div style=\"width: 300px; font-size: 130%;\"><strong>\u041a\u0443\u0440\u0441 \u0434\u043b\u044f \u043c\u043e\u0441\u0442\u043e\u0432\u0438\u0445 \u043a\u0440\u0430\u043d\u0456\u0432<\/strong><\/div>\n<p>&nbsp;<\/p>\n<\/div>\n<\/div>\n<\/div>","protected":false},"excerpt":{"rendered":"<p>Czynno\u015bci po zako\u0144czeniu pracy z suwnic\u0105 Przy pracy z suwnicami niezb\u0119dne jest nie tylko prawid\u0142owe przygotowanie si\u0119 do zadania oraz w\u0142a\u015bciwe operowanie urz\u0105dzeniem podczas transportu, ale dodatkowo tak\u017ce ka\u017cdy pracownik, kt\u00f3ry posiada uprawnienia na suwnice, musi wiedzie\u0107, jakie czynno\u015bci trzeba wykona\u0107 po zako\u0144czeniu prac. Wszystkie z poni\u017cej przedstawionych czynno\u015bci musi wykona\u0107 ka\u017cdy operator urz\u0105dzenia po ka\u017cdej zmianie roboczej. Ich pomini\u0119cie mo\u017ce by\u0107 przyczyn\u0105 powa\u017cnych wypadk\u00f3w przy pracy. Przestrzeganie przepis\u00f3w BHP na stanowisku suwnicowego jest kluczowe, poniewa\u017c sprz\u0119t ten cz\u0119sto ze wzgl\u0119du na swoje wymiary oraz na ci\u0119\u017car przenoszonych \u0142adunk\u00f3w stanowi powa\u017cne zagro\u017cenie na stanowisku pracy w zak\u0142adzie. Najwa\u017cniejsze czynno\u015bci po zako\u0144czonej pracy: sprawdzenie, czy na urz\u0105dzeniu do transportu \u0142adunk\u00f3w nie pozosta\u0142y \u017cadne \u0142adunki \u2013 gdy tak, nale\u017cy zgodnie z przepisami zdj\u0105\u0107 je i umie\u015bci\u0107 w odpowiednim miejscu nale\u017cy unie\u015b\u0107 urz\u0105dzenie \u0142adunkowe na wskazan\u0105 wysoko\u015b\u0107, aby nie przeszkadza\u0142o ono w poruszaniu si\u0119 poni\u017cej pracownik\u00f3w, pojazd\u00f3w \u2013 najcz\u0119\u015bciej jest to wysoko\u015b\u0107 oko\u0142o 2,5 metra, ale jest ona zwykle indywidualnie wyznaczana zale\u017cnie od rodzaju urz\u0105dzenia oraz zak\u0142adu pracy nale\u017cy umie\u015bci\u0107 urz\u0105dzenie w miejscu jego postoju, aby nie przeszkadza\u0142o w wykonywaniu innych prac w zak\u0142adzie nale\u017cy nacisn\u0105\u0107 przycisk zatrzymania awaryjnego urz\u0105dzenia nale\u017cy od\u0142\u0105czy\u0107 wszystkie uk\u0142ady sterowania, kt\u00f3re znajduj\u0105 si\u0119 na panelu steruj\u0105cym nale\u017cy wy\u0142\u0105czy\u0107 zasilanie urz\u0105dzenia z u\u017cyciem g\u0142\u00f3wnego wy\u0142\u0105cznika zasilania urz\u0105dzenia nale\u017cy zabezpieczy\u0107 hamulce przeciwwiatrowe, je\u017celi urz\u0105dzenie jest w nie wyposa\u017cone je\u017celi urz\u0105dzenie wyposa\u017cone jest w elektromagnes, nale\u017cy opu\u015bci\u0107 go na ziemi\u0119 przed opuszczeniem stanowiska pracy nale\u017cy dok\u0142adnie wzrokowo skontrolowa\u0107 urz\u0105dzenie i zwr\u00f3ci\u0107 uwag\u0119 na ewentualne uszkodzenia mechaniczne, wycieki p\u0142yn\u00f3w eksploatacyjnych nale\u017cy dokona\u0107 zabezpieczenia urz\u0105dzenia przed osobami postronnymi, [&hellip;]<\/p>\n","protected":false},"author":1,"featured_media":4478,"parent":1322,"menu_order":8,"comment_status":"closed","ping_status":"closed","template":"","meta":{"sfsi_plus_gutenberg_text_before_share":"","sfsi_plus_gutenberg_show_text_before_share":"","sfsi_plus_gutenberg_icon_type":"","sfsi_plus_gutenberg_icon_alignemt":"","sfsi_plus_gutenburg_max_per_row":"","footnotes":""},"class_list":["post-1334","page","type-page","status-publish","has-post-thumbnail","hentry","has_thumb"],"aioseo_notices":[],"_links":{"self":[{"href":"https:\/\/kursy-udt.pl\/ua\/wp-json\/wp\/v2\/pages\/1334","targetHints":{"allow":["GET"]}}],"collection":[{"href":"https:\/\/kursy-udt.pl\/ua\/wp-json\/wp\/v2\/pages"}],"about":[{"href":"https:\/\/kursy-udt.pl\/ua\/wp-json\/wp\/v2\/types\/page"}],"author":[{"embeddable":true,"href":"https:\/\/kursy-udt.pl\/ua\/wp-json\/wp\/v2\/users\/1"}],"replies":[{"embeddable":true,"href":"https:\/\/kursy-udt.pl\/ua\/wp-json\/wp\/v2\/comments?post=1334"}],"version-history":[{"count":9,"href":"https:\/\/kursy-udt.pl\/ua\/wp-json\/wp\/v2\/pages\/1334\/revisions"}],"predecessor-version":[{"id":4480,"href":"https:\/\/kursy-udt.pl\/ua\/wp-json\/wp\/v2\/pages\/1334\/revisions\/4480"}],"up":[{"embeddable":true,"href":"https:\/\/kursy-udt.pl\/ua\/wp-json\/wp\/v2\/pages\/1322"}],"wp:featuredmedia":[{"embeddable":true,"href":"https:\/\/kursy-udt.pl\/ua\/wp-json\/wp\/v2\/media\/4478"}],"wp:attachment":[{"href":"https:\/\/kursy-udt.pl\/ua\/wp-json\/wp\/v2\/media?parent=1334"}],"curies":[{"name":"wp","href":"https:\/\/api.w.org\/{rel}","templated":true}]}}