{"id":1332,"date":"2014-08-12T22:09:36","date_gmt":"2014-08-12T22:09:36","guid":{"rendered":"http:\/\/kursy-udt.pl\/?page_id=1332"},"modified":"2022-10-14T12:17:02","modified_gmt":"2022-10-14T12:17:02","slug":"%d0%bf%d1%96%d0%b4%d0%b3%d0%be%d1%82%d0%be%d0%b2%d1%87%d1%96-%d0%b7%d0%b0%d1%85%d0%be%d0%b4%d0%b8-2","status":"publish","type":"page","link":"https:\/\/kursy-udt.pl\/ua\/szkolenia\/kurs-na-suwnice\/czynnosci-przygotowawcze\/","title":{"rendered":"\u041f\u0456\u0434\u0433\u043e\u0442\u043e\u0432\u0447\u0456 \u0437\u0430\u0445\u043e\u0434\u0438"},"content":{"rendered":"<h2 class=\"naglowekh2\"><img loading=\"lazy\" decoding=\"async\" class=\"paddingleft10 alignleft wp-image-1341\" src=\"https:\/\/kursy-udt.pl\/wp-content\/uploads\/2014\/08\/przygotowanie.jpg\" alt=\"\" width=\"200\" height=\"150\" \/>\u0417\u0430\u0445\u043e\u0434\u0438 \u043f\u0435\u0440\u0435\u0434 \u043f\u043e\u0447\u0430\u0442\u043a\u043e\u043c \u0440\u043e\u0431\u043e\u0442\u0438 \u0437 \u043a\u0440\u0430\u043d\u043e\u043c<\/h2>\n<p>\u041d\u0430\u0439\u0435\u0444\u0435\u043a\u0442\u0438\u0432\u043d\u0456\u0448\u0438\u043c \u0441\u043f\u043e\u0441\u043e\u0431\u043e\u043c \u0437\u043d\u0438\u0436\u0435\u043d\u043d\u044f \u0440\u0438\u0437\u0438\u043a\u0443 \u0432\u0438\u043d\u0438\u043a\u043d\u0435\u043d\u043d\u044f \u043d\u0435\u0431\u0435\u0437\u043f\u0435\u043a, \u0443 \u0442\u043e\u043c\u0443 \u0447\u0438\u0441\u043b\u0456 \u043d\u0435\u0449\u0430\u0441\u043d\u0438\u0445 \u0432\u0438\u043f\u0430\u0434\u043a\u0456\u0432, \u043f\u0440\u0438 \u0435\u043a\u0441\u043f\u043b\u0443\u0430\u0442\u0430\u0446\u0456\u0457 \u043c\u043e\u0441\u0442\u043e\u0432\u0438\u0445 \u043a\u0440\u0430\u043d\u0456\u0432 \u0454 \u0447\u0456\u0442\u043a\u0435 \u0437\u043d\u0430\u043d\u043d\u044f \u0456 \u0434\u043e\u0442\u0440\u0438\u043c\u0430\u043d\u043d\u044f \u043f\u0440\u0430\u0432\u0438\u043b \u043e\u0445\u043e\u0440\u043e\u043d\u0438 \u043f\u0440\u0430\u0446\u0456 \u0442\u0430 \u0442\u0435\u0445\u043d\u0456\u043a\u0438 \u0431\u0435\u0437\u043f\u0435\u043a\u0438. \u0426\u0456 \u0437\u0430\u0445\u043e\u0434\u0438 \u043d\u0435\u043e\u0431\u0445\u0456\u0434\u043d\u043e \u043f\u0440\u043e\u0432\u043e\u0434\u0438\u0442\u0438 \u044f\u043a \u0434\u043e, \u043f\u0456\u0434 \u0447\u0430\u0441, \u0442\u0430\u043a \u0456 \u043f\u0456\u0441\u043b\u044f \u0435\u043a\u0441\u043f\u043b\u0443\u0430\u0442\u0430\u0446\u0456\u0457 \u043e\u0431\u043b\u0430\u0434\u043d\u0430\u043d\u043d\u044f. \u041f\u0435\u0440\u0435\u0434 \u043f\u043e\u0447\u0430\u0442\u043a\u043e\u043c \u0440\u043e\u0431\u0456\u0442 \u043d\u0435\u043e\u0431\u0445\u0456\u0434\u043d\u043e \u0432\u0438\u043a\u043e\u043d\u0430\u0442\u0438 \u043d\u0430\u0441\u0442\u0443\u043f\u043d\u0456 \u043a\u0440\u043e\u043a\u0438.<\/p>\n<p>\u041f\u0435\u0440\u0435\u0434 \u043f\u043e\u0447\u0430\u0442\u043a\u043e\u043c \u0440\u043e\u0431\u043e\u0442\u0438 \u043a\u043e\u0436\u0435\u043d \u043e\u043f\u0435\u0440\u0430\u0442\u043e\u0440 \u043e\u0431\u043b\u0430\u0434\u043d\u0430\u043d\u043d\u044f \u0432 \u043e\u0441\u043d\u043e\u0432\u043d\u043e\u043c\u0443 \u0437\u043e\u0431\u043e\u0432'\u044f\u0437\u0430\u043d\u0438\u0439 \u043f\u0440\u043e\u0432\u0435\u0441\u0442\u0438 \u0441\u043f\u0435\u0446\u0456\u0430\u043b\u044c\u043d\u0456 \u0456\u043d\u0441\u043f\u0435\u043a\u0446\u0456\u0439\u043d\u0456 \u0440\u043e\u0431\u043e\u0442\u0438. \u0407\u0445 \u043c\u0435\u0442\u0430 - \u0437\u0430\u0431\u0435\u0437\u043f\u0435\u0447\u0438\u0442\u0438 \u0431\u0435\u0437\u043f\u0435\u043a\u0443 \u044f\u043a \u0441\u043e\u0431\u0456, \u0442\u0430\u043a \u0456 \u0456\u043d\u0448\u0438\u043c \u043f\u0440\u0430\u0446\u0456\u0432\u043d\u0438\u043a\u0430\u043c \u043d\u0430 \u0440\u043e\u0431\u043e\u0447\u0438\u0445 \u043c\u0456\u0441\u0446\u044f\u0445. \u0412\u0441\u0456\u0445 \u043e\u0445\u043e\u0447\u0438\u0445 \u043d\u0430\u0432\u0447\u0430\u044e\u0442\u044c \u043d\u0430\u0441\u0442\u0443\u043f\u043d\u0438\u043c \u0432\u0438\u0434\u0430\u043c \u0434\u0456\u044f\u043b\u044c\u043d\u043e\u0441\u0442\u0456 <a href=\"https:\/\/kursy-udt.pl\/ua\/szkolenia\/kurs-na-suwnice\/\">\u043a\u0443\u0440\u0441 \u0434\u043b\u044f \u043f\u043e\u0440\u0442\u0430\u043b\u0456\u0432<\/a>\u0422\u043e\u043c\u0443 \u043b\u044e\u0434\u0438\u043d\u0430 \u043f\u043e\u0432\u0438\u043d\u043d\u0430 \u0437\u043d\u0430\u0442\u0438, \u044f\u043a \u0457\u0439 \u0434\u0456\u044f\u0442\u0438 \u0434\u0430\u043b\u0456.<\/p>\n<div class=\"filmw\">\n<div class=\"responsive-youtube\" style=\"text-align: center;\"><iframe loading=\"lazy\" title=\"\u0412\u0456\u0434\u0435\u043e\u043f\u043b\u0435\u0454\u0440 YouTube\" src=\"https:\/\/www.youtube.com\/embed\/0BIkkFvLgew\" width=\"560\" height=\"315\" frameborder=\"0\" allowfullscreen=\"allowfullscreen\"><\/iframe><\/div>\n<\/div>\n<h2 class=\"naglowekh2\"><strong>\u041d\u0430\u0439\u0432\u0430\u0436\u043b\u0438\u0432\u0456\u0448\u0456 \u043f\u0440\u0430\u0432\u0438\u043b\u0430 \u043f\u0435\u0440\u0435\u0434 \u043f\u043e\u0447\u0430\u0442\u043a\u043e\u043c \u0440\u043e\u0431\u043e\u0442\u0438 \u0437 \u0432\u0430\u043d\u0442\u0430\u0436\u043e\u043f\u0456\u0434\u0456\u0439\u043c\u0430\u043b\u044c\u043d\u0438\u043c\u0438 \u043a\u0440\u0430\u043d\u0430\u043c\u0438:<\/strong><\/h2>\n<ul>\n<li>\u0440\u043e\u0431\u043e\u0442\u0438 \u043d\u0430 \u043e\u0431\u043b\u0430\u0434\u043d\u0430\u043d\u043d\u0456 \u043c\u043e\u0436\u0443\u0442\u044c \u043f\u0440\u043e\u0432\u043e\u0434\u0438\u0442\u0438\u0441\u044f \u0442\u0456\u043b\u044c\u043a\u0438 \u043f\u0440\u0438 \u043d\u0430\u044f\u0432\u043d\u043e\u0441\u0442\u0456 \u0447\u0438\u043d\u043d\u043e\u0433\u043e \u0440\u0456\u0448\u0435\u043d\u043d\u044f, \u0432\u0438\u0434\u0430\u043d\u043e\u0433\u043e \u043e\u0440\u0433\u0430\u043d\u043e\u043c \u0442\u0435\u0445\u043d\u0456\u0447\u043d\u043e\u0433\u043e \u043d\u0430\u0433\u043b\u044f\u0434\u0443<\/li>\n<li>\u043e\u043f\u0435\u0440\u0430\u0442\u043e\u0440 \u043f\u043e\u0432\u0438\u043d\u0435\u043d \u043f\u043e\u0441\u0442\u0456\u0439\u043d\u043e \u0434\u043e\u0442\u0440\u0438\u043c\u0443\u0432\u0430\u0442\u0438\u0441\u044f \u0432\u0441\u0456\u0445 \u043f\u0440\u0430\u0432\u0438\u043b \u043f\u0456\u0434 \u0447\u0430\u0441 \u0435\u043a\u0441\u043f\u043b\u0443\u0430\u0442\u0430\u0446\u0456\u0457 \u043e\u0431\u043b\u0430\u0434\u043d\u0430\u043d\u043d\u044f <a href=\"https:\/\/kursy-udt.pl\/ua\/szkolenia\/bhp-bezpieczenstwo-pracy\/prawna-ochrona-pracy\/\">\u0417\u0434\u043e\u0440\u043e\u0432&#039;\u044f \u0456 \u0431\u0435\u0437\u043f\u0435\u043a\u0430<\/a>\u0432\u043a\u043b\u044e\u0447\u0430\u044e\u0447\u0438 \u0440\u043e\u0431\u043e\u0447\u0456 \u0456\u043d\u0441\u0442\u0440\u0443\u043a\u0446\u0456\u0457 \u0442\u0430, \u043a\u0440\u0456\u043c \u0442\u043e\u0433\u043e, \u0456\u043d\u0441\u0442\u0440\u0443\u043a\u0446\u0456\u0457 \u0437 \u0435\u043a\u0441\u043f\u043b\u0443\u0430\u0442\u0430\u0446\u0456\u0457 \u043e\u0431\u043b\u0430\u0434\u043d\u0430\u043d\u043d\u044f<\/li>\n<li>\u0440\u043e\u0431\u043e\u0442\u0443 \u0437 \u0456\u043d\u0441\u0442\u0440\u0443\u043c\u0435\u043d\u0442\u043e\u043c \u043c\u043e\u0436\u0435 \u0432\u0438\u043a\u043e\u043d\u0443\u0432\u0430\u0442\u0438 \u0442\u0456\u043b\u044c\u043a\u0438 \u043e\u0441\u043e\u0431\u0430, \u044f\u043a\u0430 \u043c\u0430\u0454 \u0432\u0456\u0434\u043f\u043e\u0432\u0456\u0434\u043d\u0435 \u043f\u043e\u0441\u0432\u0456\u0434\u0447\u0435\u043d\u043d\u044f <a href=\"https:\/\/kursy-udt.pl\/ua\/uprawnienia-udt\/kategorie-uprawnien-2\/\">\u043f\u0440\u0430\u0432\u0430<\/a> \u0434\u043b\u044f \u043a\u0440\u0430\u043d\u0456\u0432<\/li>\n<li>\u043f\u0440\u0438 \u0432\u0438\u044f\u0432\u043b\u0435\u043d\u043d\u0456 \u0434\u0435\u0444\u0435\u043a\u0442\u0456\u0432 \u043d\u0435\u0433\u0430\u0439\u043d\u043e \u043f\u0440\u0438\u043f\u0438\u043d\u0438\u0442\u0438 \u0440\u043e\u0431\u043e\u0442\u0443, \u0437\u043d\u0435\u0440\u0443\u0445\u043e\u043c\u0438\u0442\u0438 \u043e\u0431\u043b\u0430\u0434\u043d\u0430\u043d\u043d\u044f \u0442\u0430 \u043f\u043e\u0432\u0456\u0434\u043e\u043c\u0438\u0442\u0438 \u043f\u0440\u043e \u0446\u0435 \u0432\u0456\u0434\u043f\u043e\u0432\u0456\u0434\u0430\u043b\u044c\u043d\u0443 \u043e\u0441\u043e\u0431\u0443<\/li>\n<\/ul>\n<h2 class=\"naglowekh2\"><strong>\u0414\u0456\u0457, \u044f\u043a\u0456 \u043d\u0435\u043e\u0431\u0445\u0456\u0434\u043d\u043e \u0432\u0438\u043a\u043e\u043d\u0430\u0442\u0438 \u043f\u0435\u0440\u0435\u0434 \u043f\u043e\u0447\u0430\u0442\u043a\u043e\u043c \u0440\u043e\u0431\u043e\u0442\u0438:<\/strong><\/h2>\n<ul>\n<li><a href=\"https:\/\/kursy-udt.pl\/wp-content\/uploads\/2022\/10\/screen_2x.jpeg\"><img loading=\"lazy\" decoding=\"async\" class=\"size-medium wp-image-4476 alignright\" src=\"https:\/\/kursy-udt.pl\/wp-content\/uploads\/2022\/10\/screen_2x-300x200.jpeg\" alt=\"\" width=\"300\" height=\"200\" srcset=\"https:\/\/kursy-udt.pl\/wp-content\/uploads\/2022\/10\/screen_2x-300x200.jpeg 300w, https:\/\/kursy-udt.pl\/wp-content\/uploads\/2022\/10\/screen_2x-1024x683.jpeg 1024w, https:\/\/kursy-udt.pl\/wp-content\/uploads\/2022\/10\/screen_2x-768x512.jpeg 768w, https:\/\/kursy-udt.pl\/wp-content\/uploads\/2022\/10\/screen_2x-1536x1024.jpeg 1536w, https:\/\/kursy-udt.pl\/wp-content\/uploads\/2022\/10\/screen_2x-18x12.jpeg 18w, https:\/\/kursy-udt.pl\/wp-content\/uploads\/2022\/10\/screen_2x-624x416.jpeg 624w, https:\/\/kursy-udt.pl\/wp-content\/uploads\/2022\/10\/screen_2x.jpeg 1600w\" sizes=\"auto, (max-width: 300px) 100vw, 300px\" \/><\/a>\u0437\u0432\u0435\u0440\u043d\u0456\u0442\u044c\u0441\u044f \u0434\u043e \u0430\u043a\u0442\u0443\u0430\u043b\u044c\u043d\u043e\u0457 \u0456\u043d\u0444\u043e\u0440\u043c\u0430\u0446\u0456\u0457, \u0449\u043e \u043c\u0456\u0441\u0442\u0438\u0442\u044c\u0441\u044f \u0432 \u043a\u043d\u0438\u0437\u0456 \u0437 \u0435\u043a\u0441\u043f\u043b\u0443\u0430\u0442\u0430\u0446\u0456\u0457, \u0442\u0435\u0445\u043d\u0456\u0447\u043d\u043e\u0433\u043e \u043e\u0431\u0441\u043b\u0443\u0433\u043e\u0432\u0443\u0432\u0430\u043d\u043d\u044f \u0430\u0431\u043e \u0432\u0432\u0435\u0434\u0435\u043d\u043d\u044f \u0432 \u0435\u043a\u0441\u043f\u043b\u0443\u0430\u0442\u0430\u0446\u0456\u044e \u0432\u0456\u0434\u043f\u043e\u0432\u0456\u0434\u043d\u043e\u0433\u043e \u043e\u0431\u043b\u0430\u0434\u043d\u0430\u043d\u043d\u044f<\/li>\n<li>\u043f\u0435\u0440\u0435\u043a\u043e\u043d\u0430\u0439\u0442\u0435\u0441\u044f, \u0449\u043e \u043f\u0440\u0438\u043b\u0430\u0434 \u0437\u043d\u0430\u0445\u043e\u0434\u0438\u0442\u044c\u0441\u044f \u0432 \u0431\u0435\u0437\u043f\u0435\u0447\u043d\u043e\u043c\u0443 \u043f\u043e\u043b\u043e\u0436\u0435\u043d\u043d\u0456, \u0430 \u0432 \u0431\u0435\u0437\u043f\u043e\u0441\u0435\u0440\u0435\u0434\u043d\u0456\u0439 \u0431\u043b\u0438\u0437\u044c\u043a\u043e\u0441\u0442\u0456 \u0432\u0456\u0434 \u043d\u044c\u043e\u0433\u043e \u043d\u0435\u043c\u0430\u0454 \u043d\u0435\u0431\u0435\u0437\u043f\u0435\u0447\u043d\u0438\u0445 \u043f\u0440\u0435\u0434\u043c\u0435\u0442\u0456\u0432 \u0430\u0431\u043e \u043b\u044e\u0434\u0435\u0439<\/li>\n<li>\u0440\u0435\u0442\u0435\u043b\u044c\u043d\u043e \u043f\u0435\u0440\u0435\u0432\u0456\u0440\u044f\u0442\u0438 \u0432\u0441\u0456 \u0432\u0430\u0433\u0438 \u043f\u0435\u0440\u0435\u043c\u0456\u0449\u0443\u0432\u0430\u043d\u0438\u0445 \u0432\u0430\u043d\u0442\u0430\u0436\u0456\u0432 \u0456 \u043f\u043e\u0440\u0456\u0432\u043d\u044e\u0432\u0430\u0442\u0438 \u0457\u0445 \u0437 \u043c\u0430\u043a\u0441\u0438\u043c\u0430\u043b\u044c\u043d\u043e\u044e \u0432\u0430\u043d\u0442\u0430\u0436\u043e\u043f\u0456\u0434\u0439\u043e\u043c\u043d\u0456\u0441\u0442\u044e \u0442\u0435\u0445\u043d\u0456\u043a\u0438, \u0449\u043e\u0431 \u043d\u0435 \u043f\u0435\u0440\u0435\u0432\u0438\u0449\u0438\u0442\u0438 \u043b\u0456\u043c\u0456\u0442<\/li>\n<li>\u0437\u043d\u0430\u043a\u0438 \u0437\u0432'\u044f\u0437\u043a\u0443 \u043f\u043e\u0432\u0438\u043d\u043d\u0456 \u0431\u0443\u0442\u0438 \u0443\u0437\u0433\u043e\u0434\u0436\u0435\u043d\u0456 \u0437 \u043e\u043f\u0435\u0440\u0430\u0442\u043e\u0440\u043e\u043c \u0433\u0430\u043a\u0430<\/li>\n<li>\u043f\u0456\u0434\u0433\u043e\u0442\u0443\u0432\u0430\u0442\u0438 \u043c\u0456\u0441\u0446\u0435 \u0437\u0431\u0435\u0440\u0456\u0433\u0430\u043d\u043d\u044f \u043d\u0430\u043b\u0435\u0436\u043d\u0438\u043c \u0447\u0438\u043d\u043e\u043c<\/li>\n<li>\u043f\u0440\u043e\u0432\u0435\u0441\u0442\u0438 \u043e\u0433\u043b\u044f\u0434 \u043e\u0431\u043b\u0430\u0434\u043d\u0430\u043d\u043d\u044f - \u0446\u0435 \u0432\u0430\u0436\u043b\u0438\u0432\u0438\u0439 \u043c\u043e\u043c\u0435\u043d\u0442, \u044f\u043a\u0438\u0439 \u043d\u0435\u043e\u0431\u0445\u0456\u0434\u043d\u043e \u043f\u0440\u043e\u0432\u043e\u0434\u0438\u0442\u0438 \u043a\u043e\u0436\u043d\u043e\u0433\u043e \u0440\u0430\u0437\u0443 \u043f\u0435\u0440\u0435\u0434 \u043f\u043e\u0447\u0430\u0442\u043a\u043e\u043c \u0440\u043e\u0431\u0456\u0442<\/li>\n<\/ul>\n<h2 class=\"naglowekh2\"><strong>\u041e\u0433\u043b\u044f\u0434 \u043f\u0440\u0438\u0441\u0442\u0440\u043e\u044e \u0441\u043a\u043b\u0430\u0434\u0430\u0454\u0442\u044c\u0441\u044f \u0437..:<\/strong><\/h2>\n<ul>\n<li>\u0432\u0456\u0437\u0443\u0430\u043b\u044c\u043d\u0430 \u0444\u0443\u043d\u043a\u0446\u0456\u043e\u043d\u0430\u043b\u044c\u043d\u0430 \u043f\u0435\u0440\u0435\u0432\u0456\u0440\u043a\u0430 - \u043f\u0435\u0440\u0435\u0432\u0456\u0440\u043a\u0430 \u0440\u043e\u0431\u043e\u0447\u043e\u0433\u043e \u0441\u0435\u0440\u0435\u0434\u043e\u0432\u0438\u0449\u0430, \u0445\u043e\u0434\u043e\u0432\u043e\u0457 \u0440\u0435\u0439\u043a\u0438, \u0441\u0442\u0430\u043d\u0443 \u043e\u0431\u043b\u0430\u0434\u043d\u0430\u043d\u043d\u044f \u0442\u0430 \u043e\u043a\u0440\u0435\u043c\u0438\u0445 \u043a\u043e\u043c\u043f\u043e\u043d\u0435\u043d\u0442\u0456\u0432, \u043d\u0430\u043f\u0440\u0438\u043a\u043b\u0430\u0434, \u043d\u0430 \u043d\u0430\u044f\u0432\u043d\u0456\u0441\u0442\u044c \u043c\u0435\u0445\u0430\u043d\u0456\u0447\u043d\u0438\u0445 \u043f\u043e\u0448\u043a\u043e\u0434\u0436\u0435\u043d\u044c \u0430\u0431\u043e \u0432\u0438\u0442\u043e\u043a\u0456\u0432; \u0442\u0430\u043a\u043e\u0436 \u043f\u0435\u0440\u0435\u0432\u0456\u0440\u043a\u0430 \u0445\u043e\u0434\u043e\u0432\u0438\u0445 \u043a\u043e\u043b\u0456\u0441 \u0442\u0430\u043b\u0456 \u0430\u0431\u043e \u043b\u0435\u0431\u0456\u0434\u043a\u0438 \u0456 \u043c\u043e\u0441\u0442\u0430, \u043a\u0430\u043d\u0430\u0442\u0430, \u0432\u0430\u043d\u0442\u0430\u0436\u043d\u043e\u0433\u043e \u043b\u0430\u043d\u0446\u044e\u0433\u0430, \u0432\u0430\u043d\u0442\u0430\u0436\u043e\u0437\u0430\u0445\u043e\u043f\u043b\u044e\u0432\u0430\u043b\u044c\u043d\u043e\u0433\u043e \u043f\u0440\u0438\u0441\u0442\u0440\u043e\u044e, \u0437\u0430\u043f\u043e\u0431\u0456\u0436\u043d\u0438\u0445 \u043e\u0433\u043e\u0440\u043e\u0434\u0436\u0435\u043d\u044c. \u041a\u0440\u0456\u043c \u0442\u043e\u0433\u043e, \u043f\u0435\u0440\u0435\u0432\u0456\u0440\u0442\u0435, \u0447\u0438 \u043d\u0435 \u0437\u0430\u0431\u043b\u043e\u043a\u043e\u0432\u0430\u043d\u0435 \u043e\u0431\u043b\u0430\u0434\u043d\u0430\u043d\u043d\u044f, \u0447\u0438 \u043d\u0435 \u0432\u0438\u0439\u0448\u043b\u043e \u0432\u043e\u043d\u043e \u0437 \u043b\u0430\u0434\u0443, \u0447\u0438 \u043d\u0435 \u0437\u043d\u0430\u0445\u043e\u0434\u0438\u0442\u044c\u0441\u044f \u043d\u0430 \u0442\u0435\u0445\u043d\u0456\u0447\u043d\u043e\u043c\u0443 \u043e\u0431\u0441\u043b\u0443\u0433\u043e\u0432\u0443\u0432\u0430\u043d\u043d\u0456 \u0430\u0431\u043e \u043f\u0435\u0440\u0435\u0432\u0456\u0440\u0446\u0456.<\/li>\n<li>\u043f\u0435\u0440\u0435\u0432\u0456\u0440\u043a\u0430 \u0440\u0456\u0437\u043d\u0438\u0445 \u043a\u043e\u043c\u043f\u043e\u043d\u0435\u043d\u0442\u0456\u0432 \u0431\u0435\u0437\u043f\u0435\u043a\u0438 - \u043f\u0435\u0440\u0435\u0432\u0456\u0440\u043a\u0430 \u043f\u0440\u0430\u0446\u0435\u0437\u0434\u0430\u0442\u043d\u043e\u0441\u0442\u0456 \u0433\u043e\u043b\u043e\u0432\u043d\u043e\u0433\u043e \u0432\u0438\u043c\u0438\u043a\u0430\u0447\u0430, \u0443\u043f\u0440\u0430\u0432\u043b\u0456\u043d\u043d\u044f \u043a\u0430\u0441\u0435\u0442\u043e\u044e, \u043c\u0435\u0445\u0430\u043d\u0456\u0437\u043c\u0456\u0432 \u043f\u043e\u043f\u0435\u0440\u0435\u0434\u0436\u0435\u043d\u043d\u044f, \u043f\u0440\u0438\u0441\u0442\u0440\u043e\u0457\u0432 \u0431\u043b\u043e\u043a\u0443\u0432\u0430\u043d\u043d\u044f \u0440\u0443\u0445\u0443, \u043f\u0440\u0438\u0441\u0442\u0440\u043e\u0457\u0432 \u0443\u043f\u0440\u0430\u0432\u043b\u0456\u043d\u043d\u044f, \u0432\u0438\u043c\u0438\u043a\u0430\u0447\u0430 \"\u0421\u0422\u041e\u041f\", \u043a\u0456\u043d\u0446\u0435\u0432\u0438\u0445 \u0432\u0438\u043c\u0438\u043a\u0430\u0447\u0456\u0432, \u0432\u0430\u043d\u0442\u0430\u0436\u043d\u043e\u0433\u043e \u0433\u0430\u043b\u044c\u043c\u0430 \u0456 \u043e\u0431\u043c\u0435\u0436\u0443\u0432\u0430\u0447\u0430 \u043f\u0456\u0434\u0439\u043e\u043c\u0443, \u0430 \u0442\u0430\u043a\u043e\u0436 \u043f\u0440\u043e\u043a\u043e\u0432\u0437\u0443\u044e\u0447\u043e\u0457 \u043c\u0443\u0444\u0442\u0438, \u0442\u0430\u043a\u043e\u0436 \u0440\u0430\u0437\u043e\u043c \u0437 \u043e\u0431\u043b\u0430\u0434\u043d\u0430\u043d\u043d\u044f\u043c. \u041a\u0440\u0456\u043c \u0442\u043e\u0433\u043e, \u043e\u043f\u0435\u0440\u0430\u0442\u043e\u0440 \u043f\u043e\u0432\u0438\u043d\u0435\u043d \u043f\u0435\u0440\u0435\u0432\u0456\u0440\u0438\u0442\u0438, \u0449\u043e \u043e\u0431\u043b\u0430\u0434\u043d\u0430\u043d\u043d\u044f \u0440\u0443\u0445\u0430\u0454\u0442\u044c\u0441\u044f \u0432\u0456\u0434\u043f\u043e\u0432\u0456\u0434\u043d\u043e \u0434\u043e \u0440\u043e\u0437\u043c\u0456\u0442\u043a\u0438 \u043d\u0430 \u043f\u0443\u043b\u044c\u0442\u0456 \u0443\u043f\u0440\u0430\u0432\u043b\u0456\u043d\u043d\u044f<\/li>\n<li>\u043f\u0435\u0440\u0435\u0432\u0456\u0440\u0438\u0442\u0438 \u043f\u0440\u0430\u0446\u0435\u0437\u0434\u0430\u0442\u043d\u0456\u0441\u0442\u044c \u043c\u0435\u0445\u0430\u043d\u0456\u0437\u043c\u0456\u0432 \u043f\u0440\u0438\u0432\u043e\u0434\u0443 - \u043d\u0435\u043e\u0431\u0445\u0456\u0434\u043d\u0438\u0439 \u043f\u0440\u043e\u0431\u043d\u0438\u0439 \u0437\u0430\u043f\u0443\u0441\u043a \u043c\u0430\u0448\u0438\u043d\u0438<\/li>\n<\/ul>\n<p>\u041d\u0430\u0440\u0435\u0448\u0442\u0456, \u0437\u0430\u0432\u0435\u0440\u0448\u0435\u043d\u043d\u044f \u0440\u043e\u0431\u043e\u0442\u0438 \u043f\u043e\u0432\u0438\u043d\u043d\u043e \u0431\u0443\u0442\u0438 \u0432\u0456\u0434\u043c\u0456\u0447\u0435\u043d\u043e \u0432 \u043a\u043d\u0438\u0437\u0456 \u043e\u0431\u043b\u0456\u043a\u0443 \u043e\u043f\u0435\u0440\u0430\u0446\u0456\u0439.<\/p>\n<div class=\"button_styl\" style=\"float: right; padding-left: 15px; padding-bottom: 8px; margin-bottom: 5px;\"><a class=\"myButton myButton_maly\" href=\"https:\/\/platformaedukacji.pl\/login\/signup.php\" target=\"_blank\" rel=\"nofollow noopener\"><span style=\"color: white;\">\u0417\u0430\u043f\u0438\u0448\u0456\u0442\u044c\u0441\u044f \u043d\u0430 \u043d\u0430\u0432\u0447\u0430\u043d\u043d\u044f<\/span><\/a><\/div>\n<div style=\"padding-top: 70px;\">\n<h2 class=\"naglowekh2\">\u0411\u0456\u043b\u044c\u0448\u0435 \u0456\u043d\u0444\u043e\u0440\u043c\u0430\u0446\u0456\u0457:<\/h2>\n<div style=\"text-align: center; font-size: 85%; line-height: 120%;\">\n<div style=\"float: left; margin-right: 40px; height: 290px;\">\n<p><a href=\"\/ua\/%d0%bd%d0%b0%d0%b2%d1%87%d0%b0%d0%bd%d0%bd%d1%8f\/%d0%ba%d1%83%d1%80%d1%81-%d0%b4%d0%bb%d1%8f-%d0%bf%d0%be%d1%80%d1%82%d0%b0%d0%bb%d1%96%d0%b2\/%d0%ba%d1%80%d0%b0%d0%bd%d0%be%d0%b1%d1%83%d0%b4%d1%83%d0%b2%d0%b0%d0%bd%d0%bd%d1%8f\/\"><img decoding=\"async\" src=\"\/wp-content\/uploads\/2014\/08\/budowa.jpg\" alt=\"\" \/><\/a><\/p>\n<div style=\"width: 300px; font-size: 130%;\"><strong>\u0411\u0443\u0434\u0456\u0432\u043d\u0438\u0446\u0442\u0432\u043e \u043c\u043e\u0441\u0442\u043e\u0432\u0438\u0445 \u043a\u0440\u0430\u043d\u0456\u0432<\/strong><\/div>\n<p>&nbsp;<\/p>\n<\/div>\n<div style=\"float: left; margin-right: 40px; height: 290px;\">\n<p><a href=\"\/ua\/%d0%bd%d0%b0%d0%b2%d1%87%d0%b0%d0%bd%d0%bd%d1%8f\/%d0%ba%d1%83%d1%80%d1%81-%d0%b4%d0%bb%d1%8f-%d0%bf%d0%be%d1%80%d1%82%d0%b0%d0%bb%d1%96%d0%b2\/%d0%b4%d1%96%d1%8f%d0%bb%d1%8c%d0%bd%d1%96%d1%81%d1%82%d1%8c-%d0%b7%d0%b0%d0%b1%d0%be%d1%80%d0%be%d0%bd%d0%b5%d0%bd%d0%b0\/\"><img decoding=\"async\" src=\"\/wp-content\/uploads\/2014\/08\/zabronione.jpg\" alt=\"\" \/><\/a><\/p>\n<div style=\"width: 300px; font-size: 130%;\"><strong>\u0417\u0430\u0431\u043e\u0440\u043e\u043d\u0435\u043d\u0430 \u0434\u0456\u044f\u043b\u044c\u043d\u0456\u0441\u0442\u044c<\/strong><\/div>\n<p>&nbsp;<\/p>\n<\/div>\n<\/div>\n<div style=\"clear: both;\"><\/div>\n<div style=\"text-align: center; font-size: 85%; line-height: 120%;\">\n<div style=\"float: left; margin-right: 40px; height: 290px;\">\n<p><a href=\"\/ua\/%d0%bd%d0%b0%d0%b2%d1%87%d0%b0%d0%bd%d0%bd%d1%8f\/%d0%ba%d1%83%d1%80%d1%81-%d0%b4%d0%bb%d1%8f-%d0%bf%d0%be%d1%80%d1%82%d0%b0%d0%bb%d1%96%d0%b2\/%d0%bf%d1%96%d0%b4%d0%b3%d0%be%d1%82%d0%be%d0%b2%d1%87%d1%96-%d0%b7%d0%b0%d1%85%d0%be%d0%b4%d0%b8-2\/\"><img decoding=\"async\" src=\"\/wp-content\/uploads\/2014\/08\/przygotowanie.jpg\" alt=\"\" \/><\/a><\/p>\n<div style=\"width: 300px; font-size: 130%;\"><strong>\u041f\u0456\u0434\u0433\u043e\u0442\u043e\u0432\u0447\u0456 \u0437\u0430\u0445\u043e\u0434\u0438<\/strong><\/div>\n<p>&nbsp;<\/p>\n<\/div>\n<div style=\"float: left; margin-right: 40px; height: 290px;\">\n<p><a href=\"\/ua\/%d0%bd%d0%b0%d0%b2%d1%87%d0%b0%d0%bd%d0%bd%d1%8f\/%d0%ba%d1%83%d1%80%d1%81-%d0%b4%d0%bb%d1%8f-%d0%bf%d0%be%d1%80%d1%82%d0%b0%d0%bb%d1%96%d0%b2\/%d0%bf%d1%96%d1%81%d0%bb%d1%8f-%d1%80%d0%be%d0%b1%d0%be%d1%82%d0%b8\/\"><img decoding=\"async\" src=\"\/wp-content\/uploads\/2014\/08\/po-pracy.jpg\" alt=\"\" \/><\/a><\/p>\n<div style=\"width: 300px; font-size: 130%;\"><strong>\u041f\u0456\u0441\u043b\u044f \u0440\u043e\u0431\u043e\u0442\u0438<\/strong><\/div>\n<p>&nbsp;<\/p>\n<\/div>\n<\/div>\n<div style=\"text-align: center; font-size: 85%; line-height: 120%;\">\n<div style=\"float: left; margin-right: 40px; height: 290px;\">\n<p><a href=\"\/ua\/%d0%bd%d0%b0%d0%b2%d1%87%d0%b0%d0%bd%d0%bd%d1%8f\/%d0%ba%d1%83%d1%80%d1%81-%d0%b4%d0%bb%d1%8f-%d0%bf%d0%be%d1%80%d1%82%d0%b0%d0%bb%d1%96%d0%b2\/\"><img decoding=\"async\" style=\"width: 300px; height: 225px;\" src=\"\/wp-content\/uploads\/2014\/04\/suwnice.jpeg\" alt=\"\" \/><\/a><\/p>\n<div style=\"width: 300px; font-size: 130%;\"><strong>\u041a\u0443\u0440\u0441 \u0434\u043b\u044f \u043c\u043e\u0441\u0442\u043e\u0432\u0438\u0445 \u043a\u0440\u0430\u043d\u0456\u0432<\/strong><\/div>\n<p>&nbsp;<\/p>\n<\/div>\n<\/div>\n<\/div>","protected":false},"excerpt":{"rendered":"<p>Czynno\u015bci przed podj\u0119ciem pracy z suwnic\u0105 Najbardziej skutecznym sposobem na zmniejszenie ryzyka zagro\u017ce\u0144, w tym wypadk\u00f3w przy pracy podczas obs\u0142ugiwania suwnic jest precyzyjna znajomo\u015b\u0107 zasad bezpiecze\u0144stwa i higieny pracy oraz ich przestrzeganie. Czynno\u015bci te musz\u0105 by\u0107 prowadzone zar\u00f3wno przed, jak i podczas i po zako\u0144czeniu obs\u0142ugi urz\u0105dzenia. Poni\u017cej przedstawiamy niezb\u0119dne czynno\u015bci przed podj\u0119ciem pracy. Przed rozpocz\u0119ciem pracy ka\u017cdy operator urz\u0105dzenia jest zobowi\u0105zany g\u0142\u00f3wnie do wykonania specjalnych prac kontrolnych. Ich celem jest zapewnienie zar\u00f3wno sobie, jak i pozosta\u0142ym pracownikom bezpiecze\u0144stwa pracy na swoich stanowiskach. O nast\u0119puj\u0105cych czynno\u015bciach uczy ka\u017cdy kurs na suwnice, dlatego osoba po jego zako\u0144czeniu powinna wiedzie\u0107, jak przyst\u0105pi\u0107 do pracy. Najwa\u017cniejsze zasady przed przyst\u0105pieniem do pracy z suwnicami: prace z u\u017cyciem urz\u0105dzenia mo\u017cna wykonywa\u0107 jedynie w przypadku, w kt\u00f3rym posiada ono wa\u017cn\u0105 decyzj\u0119 wydan\u0105 przez Urz\u0105d Dozoru Technicznego przy eksploatacji urz\u0105dzenia operator musi stale przestrzega\u0107 wszystkich przepis\u00f3w BHP, w tym instrukcji stanowiskowej oraz dodatkowo instrukcji obs\u0142ugi urz\u0105dzenia prace z u\u017cyciem narz\u0119dzia mog\u0105 by\u0107 prowadzone jedynie przez osob\u0119 posiadaj\u0105c\u0105 stosowne uprawnienia na suwnice w przypadku zauwa\u017cenia usterek nale\u017cy natychmiastowo zatrzyma\u0107 prac\u0119, unieruchomi\u0107 urz\u0105dzenie oraz zawiadomi\u0107 osob\u0119 odpowiedzialn\u0105 Czynno\u015bci, kt\u00f3re musz\u0105 by\u0107 podj\u0119te przed rozpocz\u0119ciem pracy: nale\u017cy zapozna\u0107 si\u0119 z aktualnymi informacjami zawartymi w ksi\u0105\u017cce eksploatacji, ksi\u0105\u017cce obs\u0142ugi lub ksi\u0105\u017cce zdawczo-odbiorczej dla danego urz\u0105dzenia nale\u017cy sprawdzi\u0107, czy urz\u0105dzenie znajduje si\u0119 w bezpiecznej pozycji i w jego s\u0105siedztwie nie znajduj\u0105 si\u0119 stwarzaj\u0105ce zagro\u017cenie przedmioty lub osoby nale\u017cy dok\u0142adnie sprawdzi\u0107 wszystkie masy \u0142adunk\u00f3w, kt\u00f3re maj\u0105 by\u0107 przeniesione, i por\u00f3wna\u0107 je z maksymalnymi mo\u017cliwo\u015bciami urz\u0105dzenia, aby nie przekroczy\u0107 limitu nale\u017cy uzgodni\u0107 z operatorem haku znaki komunikacyjne nale\u017cy odpowiednio [&hellip;]<\/p>\n","protected":false},"author":1,"featured_media":4476,"parent":1322,"menu_order":7,"comment_status":"closed","ping_status":"closed","template":"","meta":{"sfsi_plus_gutenberg_text_before_share":"","sfsi_plus_gutenberg_show_text_before_share":"","sfsi_plus_gutenberg_icon_type":"","sfsi_plus_gutenberg_icon_alignemt":"","sfsi_plus_gutenburg_max_per_row":"","footnotes":""},"class_list":["post-1332","page","type-page","status-publish","has-post-thumbnail","hentry","has_thumb"],"aioseo_notices":[],"_links":{"self":[{"href":"https:\/\/kursy-udt.pl\/ua\/wp-json\/wp\/v2\/pages\/1332","targetHints":{"allow":["GET"]}}],"collection":[{"href":"https:\/\/kursy-udt.pl\/ua\/wp-json\/wp\/v2\/pages"}],"about":[{"href":"https:\/\/kursy-udt.pl\/ua\/wp-json\/wp\/v2\/types\/page"}],"author":[{"embeddable":true,"href":"https:\/\/kursy-udt.pl\/ua\/wp-json\/wp\/v2\/users\/1"}],"replies":[{"embeddable":true,"href":"https:\/\/kursy-udt.pl\/ua\/wp-json\/wp\/v2\/comments?post=1332"}],"version-history":[{"count":9,"href":"https:\/\/kursy-udt.pl\/ua\/wp-json\/wp\/v2\/pages\/1332\/revisions"}],"predecessor-version":[{"id":4477,"href":"https:\/\/kursy-udt.pl\/ua\/wp-json\/wp\/v2\/pages\/1332\/revisions\/4477"}],"up":[{"embeddable":true,"href":"https:\/\/kursy-udt.pl\/ua\/wp-json\/wp\/v2\/pages\/1322"}],"wp:featuredmedia":[{"embeddable":true,"href":"https:\/\/kursy-udt.pl\/ua\/wp-json\/wp\/v2\/media\/4476"}],"wp:attachment":[{"href":"https:\/\/kursy-udt.pl\/ua\/wp-json\/wp\/v2\/media?parent=1332"}],"curies":[{"name":"wp","href":"https:\/\/api.w.org\/{rel}","templated":true}]}}