{"id":1330,"date":"2014-08-12T22:07:54","date_gmt":"2014-08-12T22:07:54","guid":{"rendered":"http:\/\/kursy-udt.pl\/?page_id=1330"},"modified":"2022-10-14T12:14:41","modified_gmt":"2022-10-14T12:14:41","slug":"%d0%b4%d1%96%d1%8f%d0%bb%d1%8c%d0%bd%d1%96%d1%81%d1%82%d1%8c-%d0%b7%d0%b0%d0%b1%d0%be%d1%80%d0%be%d0%bd%d0%b5%d0%bd%d0%b0","status":"publish","type":"page","link":"https:\/\/kursy-udt.pl\/ua\/szkolenia\/kurs-na-suwnice\/czynnosci-zabronione\/","title":{"rendered":"\u0417\u0430\u0431\u043e\u0440\u043e\u043d\u0435\u043d\u0430 \u0434\u0456\u044f\u043b\u044c\u043d\u0456\u0441\u0442\u044c"},"content":{"rendered":"<h2 class=\"naglowekh2\"><img loading=\"lazy\" decoding=\"async\" class=\"paddingleft10 alignleft wp-image-1344\" src=\"https:\/\/kursy-udt.pl\/wp-content\/uploads\/2014\/08\/zabronione_m.jpg\" alt=\"\" width=\"200\" height=\"150\" \/>\u0417\u0430\u0431\u043e\u0440\u043e\u043d\u0435\u043d\u0456 \u0440\u043e\u0431\u043e\u0442\u0438 \u043f\u0440\u0438 \u0435\u043a\u0441\u043f\u043b\u0443\u0430\u0442\u0430\u0446\u0456\u0457 \u0432\u0430\u043d\u0442\u0430\u0436\u043e\u043f\u0456\u0434\u0456\u0439\u043c\u0430\u043b\u044c\u043d\u0438\u0445 \u043a\u0440\u0430\u043d\u0456\u0432<\/h2>\n<p>\u041a\u0440\u0430\u043d\u0456\u0432\u043d\u0438\u043a \u043f\u043e\u0432\u0438\u043d\u0435\u043d \u043f\u0430\u043c'\u044f\u0442\u0430\u0442\u0438 \u043f\u0440\u043e \u0434\u043e\u0442\u0440\u0438\u043c\u0430\u043d\u043d\u044f \u043f\u0440\u0430\u0432\u0438\u043b \u0435\u043a\u0441\u043f\u043b\u0443\u0430\u0442\u0430\u0446\u0456\u0457 - \u043d\u0435\u0432\u0438\u043a\u043e\u043d\u0430\u043d\u043d\u044f \u0432\u0441\u0456\u0445 \u0432\u0438\u043c\u043e\u0433 \u0437\u043d\u0430\u0447\u043d\u043e \u043f\u0456\u0434\u0432\u0438\u0449\u0443\u0454 \u0440\u0438\u0437\u0438\u043a \u0432\u0438\u043d\u0438\u043a\u043d\u0435\u043d\u043d\u044f \u043d\u0435\u0449\u0430\u0441\u043d\u0438\u0445 \u0432\u0438\u043f\u0430\u0434\u043a\u0456\u0432 \u043d\u0430 \u0432\u0438\u0440\u043e\u0431\u043d\u0438\u0446\u0442\u0432\u0456. \u041a\u043e\u0436\u0435\u043d <a href=\"https:\/\/kursy-udt.pl\/ua\/szkolenia\/kurs-na-suwnice\/\">\u043a\u0443\u0440\u0441 \u0434\u043b\u044f \u043f\u043e\u0440\u0442\u0430\u043b\u0456\u0432<\/a> \u043e\u0445\u043e\u043f\u043b\u044e\u0454 \u0442\u0435\u043c\u0430\u0442\u0438\u0447\u043d\u0438\u0439 \u0431\u043b\u043e\u043a, \u043f\u043e\u0432'\u044f\u0437\u0430\u043d\u0438\u0439 \u0437 \u043e\u0445\u043e\u0440\u043e\u043d\u043e\u044e \u043f\u0440\u0430\u0446\u0456 \u0442\u0430 \u0431\u0435\u0437\u043f\u0435\u043a\u043e\u044e \u043f\u0456\u0434 \u0447\u0430\u0441 \u0435\u043a\u0441\u043f\u043b\u0443\u0430\u0442\u0430\u0446\u0456\u0457 \u043e\u0431\u043b\u0430\u0434\u043d\u0430\u043d\u043d\u044f. \u0421\u0435\u0440\u0435\u0434 \u043d\u0430\u0434\u0430\u043d\u0438\u0445 \u0432\u0456\u0434\u043e\u043c\u043e\u0441\u0442\u0435\u0439 \u0454 \u0442\u0430\u043a\u0456, \u0449\u043e \u0441\u0442\u043e\u0441\u0443\u044e\u0442\u044c\u0441\u044f \u043a\u0430\u0442\u0435\u0433\u043e\u0440\u0438\u0447\u043d\u043e \u0437\u0430\u0431\u043e\u0440\u043e\u043d\u0435\u043d\u0438\u0445 \u0434\u0456\u0439 \u043f\u0440\u0438 \u0435\u043a\u0441\u043f\u043b\u0443\u0430\u0442\u0430\u0446\u0456\u0457 \u043c\u043e\u0441\u0442\u043e\u0432\u043e\u0433\u043e \u043a\u0440\u0430\u043d\u0430. \u0421\u0435\u0440\u0435\u0434 \u043d\u0438\u0445:<\/p>\n<ul>\n<li>\u0436\u043e\u0434\u043d\u0430 \u043e\u0441\u043e\u0431\u0430 \u043d\u0435 \u043c\u0430\u0454 \u043f\u0440\u0430\u0432\u0430 \u0435\u043a\u0441\u043f\u043b\u0443\u0430\u0442\u0443\u0432\u0430\u0442\u0438 \u043e\u0431\u043b\u0430\u0434\u043d\u0430\u043d\u043d\u044f, \u044f\u043a\u0449\u043e \u0432\u043e\u043d\u0430 \u043d\u0435 \u043c\u0430\u0454 \u043d\u0430 \u0446\u0435 \u0432\u0456\u0434\u043f\u043e\u0432\u0456\u0434\u043d\u043e\u0433\u043e \u0434\u043e\u0437\u0432\u043e\u043b\u0443 \u0432\u0456\u0434 \u0423\u043f\u0440\u0430\u0432\u043b\u0456\u043d\u043d\u044f \u0442\u0435\u0445\u043d\u0456\u0447\u043d\u043e\u0433\u043e \u043d\u0430\u0433\u043b\u044f\u0434\u0443<\/li>\n<li>\u0437\u0430\u0431\u043e\u0440\u043e\u043d\u044f\u0454\u0442\u044c\u0441\u044f \u0432\u0438\u043a\u043e\u0440\u0438\u0441\u0442\u043e\u0432\u0443\u0432\u0430\u0442\u0438 \u0442\u0435\u0445\u043d\u0456\u043a\u0443, \u044f\u043a\u0430 \u0437\u043d\u0430\u0445\u043e\u0434\u0438\u0442\u044c\u0441\u044f \u0432 \u043d\u0435\u0441\u043f\u0440\u0430\u0432\u043d\u043e\u043c\u0443 \u0441\u0442\u0430\u043d\u0456 \u0430\u0431\u043e \u043d\u0435 \u043c\u0430\u0454 \u0447\u0438\u043d\u043d\u043e\u0433\u043e \u0440\u0456\u0448\u0435\u043d\u043d\u044f, \u0432\u0438\u0434\u0430\u043d\u043e\u0433\u043e \u041e\u0422\u0420 \u0430\u0431\u043e \u0414\u0422\u0420, \u0449\u043e \u0434\u0430\u0454 \u043f\u0440\u0430\u0432\u043e \u043d\u0430 \u0432\u0438\u043a\u043e\u043d\u0430\u043d\u043d\u044f \u0440\u043e\u0431\u0456\u0442<\/li>\n<li>\u0437\u0430\u0431\u043e\u0440\u043e\u043d\u044f\u0454\u0442\u044c\u0441\u044f \u043f\u0440\u0430\u0446\u044e\u0432\u0430\u0442\u0438 \u043f\u0456\u0441\u043b\u044f \u0432\u0436\u0438\u0432\u0430\u043d\u043d\u044f \u0430\u043b\u043a\u043e\u0433\u043e\u043b\u044e, \u0456\u043d\u0448\u0438\u0445 \u043e\u0434\u0443\u0440\u043c\u0430\u043d\u044e\u044e\u0447\u0438\u0445 \u0440\u0435\u0447\u043e\u0432\u0438\u043d \u0456 \u043b\u0456\u043a\u0430\u0440\u0441\u044c\u043a\u0438\u0445 \u0437\u0430\u0441\u043e\u0431\u0456\u0432, \u0449\u043e \u0437\u043d\u0438\u0436\u0443\u044e\u0442\u044c \u0440\u043e\u0437\u0443\u043c\u043e\u0432\u0443 \u0456 \u0444\u0456\u0437\u0438\u0447\u043d\u0443 \u043f\u0440\u0430\u0446\u0435\u0437\u0434\u0430\u0442\u043d\u0456\u0441\u0442\u044c<\/li>\n<li>\u043d\u0435 \u0432\u0438\u043a\u043e\u0440\u0438\u0441\u0442\u043e\u0432\u0443\u0439\u0442\u0435 \u043d\u0435\u0432\u0456\u0434\u043f\u043e\u0432\u0456\u0434\u043d\u0456 \u0441\u0442\u0440\u043e\u043f\u0438 \u0430\u0431\u043e \u043f\u043e\u0448\u043a\u043e\u0434\u0436\u0435\u043d\u0456 \u0441\u0442\u0440\u043e\u043f\u0438<\/li>\n<li>\u043d\u0435 \u043f\u0456\u0434\u043d\u0456\u043c\u0430\u0442\u0438 \u0432\u0430\u043d\u0442\u0430\u0436\u0456, \u0449\u043e \u043f\u0435\u0440\u0435\u0432\u0438\u0449\u0443\u044e\u0442\u044c \u0432\u0430\u043d\u0442\u0430\u0436\u043e\u043f\u0456\u0434\u0439\u043e\u043c\u043d\u0456\u0441\u0442\u044c - \u0446\u0435 \u043c\u043e\u0436\u0435 \u0441\u043f\u0440\u0438\u0447\u0438\u043d\u0438\u0442\u0438 \u0431\u0435\u0437\u043f\u043e\u0441\u0435\u0440\u0435\u0434\u043d\u044e \u0437\u0430\u0433\u0440\u043e\u0437\u0443 \u0436\u0438\u0442\u0442\u044e \u0430\u0431\u043e \u0437\u0434\u043e\u0440\u043e\u0432'\u044e \u043e\u043f\u0435\u0440\u0430\u0442\u043e\u0440\u0430 \u0442\u0430 \u043f\u0440\u0430\u0446\u0456\u0432\u043d\u0438\u043a\u0456\u0432, \u044f\u043a\u0456 \u043f\u0435\u0440\u0435\u0431\u0443\u0432\u0430\u044e\u0442\u044c \u043d\u0430 \u043e\u0431'\u0454\u043a\u0442\u0456<\/li>\n<li>\u0437\u0430\u0431\u043e\u0440\u043e\u043d\u044f\u0454\u0442\u044c\u0441\u044f \u043f\u0456\u0434\u043d\u0456\u043c\u0430\u0442\u0438 \u0432\u0430\u043d\u0442\u0430\u0436\u0456, \u044f\u043a\u0456 \u0437\u043d\u0430\u0445\u043e\u0434\u044f\u0442\u044c\u0441\u044f \u043f\u043e\u0437\u0430 \u0437\u043e\u043d\u043e\u044e \u0434\u043e\u0441\u044f\u0436\u043d\u043e\u0441\u0442\u0456 \u0443\u0445\u0432\u0430\u043b\u0438<\/li>\n<li>\u043d\u0435 \u0442\u044f\u0433\u043d\u0443\u0442\u0438 \u0432\u0430\u043d\u0442\u0430\u0436\u0456 \u043f\u043e \u0434\u0456\u0430\u0433\u043e\u043d\u0430\u043b\u0456<\/li>\n<li>\u043d\u0435 \u0434\u043e\u0437\u0432\u043e\u043b\u044f\u0454\u0442\u044c\u0441\u044f \u043f\u0456\u0434\u043d\u0456\u043c\u0430\u0442\u0438 \u0442\u0456 \u0432\u0430\u043d\u0442\u0430\u0436\u0456 \u0442\u0430 \u043f\u0440\u0435\u0434\u043c\u0435\u0442\u0438, \u044f\u043a\u0456 \u0437\u0430\u043a\u0440\u0456\u043f\u043b\u0435\u043d\u0456 \u043d\u0430 \u0434\u043e\u0440\u043e\u0436\u043d\u044c\u043e\u043c\u0443 \u043f\u043e\u043a\u0440\u0438\u0442\u0442\u0456, \u043d\u0430\u043f\u0440\u0438\u043a\u043b\u0430\u0434, \u043f\u0440\u0438\u043a\u0440\u0443\u0447\u0435\u043d\u0456, \u043f\u0440\u0438\u0432\u0430\u0440\u0435\u043d\u0456 \u0430\u0431\u043e \u0432\u043c\u0435\u0440\u0437\u043b\u0456 \u0432 \u0437\u0438\u043c\u043e\u0432\u0438\u0439 \u043f\u0435\u0440\u0456\u043e\u0434<\/li>\n<li>\u0437\u0430\u0431\u043e\u0440\u043e\u043d\u044f\u0454\u0442\u044c\u0441\u044f \u043f\u0435\u0440\u0435\u043c\u0456\u0449\u0443\u0432\u0430\u0442\u0438 \u0432\u0430\u043d\u0442\u0430\u0436\u0456 \u0431\u0435\u0437\u043f\u043e\u0441\u0435\u0440\u0435\u0434\u043d\u044c\u043e \u043d\u0430\u0434 \u0440\u043e\u0431\u043e\u0447\u0438\u043c\u0438 \u043c\u0456\u0441\u0446\u044f\u043c\u0438 \u043f\u0440\u0430\u0446\u0456\u0432\u043d\u0438\u043a\u0456\u0432 \u0430\u0431\u043e \u043d\u0430\u0434 \u0456\u043d\u0448\u0438\u043c\u0438 \u043e\u0441\u043e\u0431\u0430\u043c\u0438, \u044f\u043a\u0456 \u043f\u0435\u0440\u0435\u0431\u0443\u0432\u0430\u044e\u0442\u044c \u043d\u0430 \u0440\u043e\u0431\u043e\u0447\u043e\u043c\u0443 \u043c\u0456\u0441\u0446\u0456<\/li>\n<li>\u043d\u0435 \u043c\u043e\u0436\u043d\u0430 \u0437\u0430\u043b\u0438\u0448\u0430\u0442\u0438 \u0432\u0430\u043d\u0442\u0430\u0436 \u043d\u0430 \u0437\u0430\u0445\u0432\u0430\u0442\u043d\u043e\u043c\u0443 \u043f\u0440\u0438\u0441\u0442\u0440\u043e\u0457 \u0431\u0435\u0437 \u0439\u043e\u0433\u043e \u0437\u0432\u0456\u043b\u044c\u043d\u0435\u043d\u043d\u044f<\/li>\n<li>\u0437\u0430\u0431\u043e\u0440\u043e\u043d\u044f\u0454\u0442\u044c\u0441\u044f \u043f\u0435\u0440\u0435\u0457\u0436\u0434\u0436\u0430\u0442\u0438 \u0430\u0431\u043e \u043f\u0435\u0440\u0435\u0457\u0436\u0434\u0436\u0430\u0442\u0438 \u0447\u0435\u0440\u0435\u0437 \u0437\u0430\u043f\u043e\u0431\u0456\u0436\u043d\u0456 \u0437\u0432'\u044f\u0437\u043a\u0438 \u0432\u0456\u0437\u043a\u043e\u043c, \u0431\u0443\u043a\u0441\u0438\u0440\u043d\u0438\u043c \u0442\u0440\u0430\u043d\u0441\u043f\u043e\u0440\u0442\u043d\u0438\u043c \u0437\u0430\u0441\u043e\u0431\u043e\u043c \u0430\u0431\u043e \u043c\u043e\u0441\u0442\u043e\u043c<\/li>\n<li>\u043d\u0435 \u0434\u043e\u0437\u0432\u043e\u043b\u044f\u0454\u0442\u044c\u0441\u044f \u0432\u0438\u043a\u043e\u0440\u0438\u0441\u0442\u043e\u0432\u0443\u0432\u0430\u0442\u0438 \u043a\u0430\u043d\u0430\u0442 \u044f\u043a \u0432\u0430\u043d\u0442\u0430\u0436\u043e\u0437\u0430\u0445\u043e\u043f\u043b\u044e\u0432\u0430\u043b\u044c\u043d\u0438\u0439 \u043f\u0440\u0438\u0441\u0442\u0440\u0456\u0439<\/li>\n<li>\u043f\u0440\u0438 \u0437\u0432\u0430\u0436\u0443\u0432\u0430\u043d\u043d\u0456 \u0432\u0430\u043d\u0442\u0430\u0436\u0456\u0432 \u043d\u0435 \u043c\u043e\u0436\u043d\u0430 \u0432\u0438\u043a\u043e\u0440\u0438\u0441\u0442\u043e\u0432\u0443\u0432\u0430\u0442\u0438 \u0437\u0430\u0445\u0438\u0441\u0442 \u0432\u0456\u0434 \u043f\u0435\u0440\u0435\u0432\u0430\u043d\u0442\u0430\u0436\u0435\u043d\u043d\u044f<\/li>\n<li>\u0440\u043e\u0431\u043e\u0442\u0438 \u0437 \u0442\u0435\u0445\u043d\u0456\u0447\u043d\u043e\u0433\u043e \u043e\u0431\u0441\u043b\u0443\u0433\u043e\u0432\u0443\u0432\u0430\u043d\u043d\u044f, \u043d\u0430\u043f\u0440\u0438\u043a\u043b\u0430\u0434, \u0437\u043c\u0430\u0449\u0443\u0432\u0430\u043d\u043d\u044f \u0442\u0430 \u043e\u0447\u0438\u0449\u0435\u043d\u043d\u044f, \u043d\u0435 \u043f\u043e\u0432\u0438\u043d\u043d\u0456 \u043f\u0440\u043e\u0432\u043e\u0434\u0438\u0442\u0438\u0441\u044f \u043f\u0456\u0434 \u0447\u0430\u0441 \u0435\u043a\u0441\u043f\u043b\u0443\u0430\u0442\u0430\u0446\u0456\u0457<\/li>\n<li>\u043d\u0435 \u0432\u0438\u043a\u043e\u043d\u0443\u0439\u0442\u0435 \u0441\u0430\u043c\u043e\u0441\u0442\u0456\u0439\u043d\u043e \u0440\u0435\u043c\u043e\u043d\u0442 \u0430\u0431\u043e \u0440\u0435\u0433\u0443\u043b\u044e\u0432\u0430\u043d\u043d\u044f \u043f\u0440\u0438\u043b\u0430\u0434\u0443 \u0430\u0431\u043e \u0439\u043e\u0433\u043e \u043a\u043e\u043c\u043f\u043e\u043d\u0435\u043d\u0442\u0456\u0432 \u043f\u0456\u0434 \u0447\u0430\u0441 \u0439\u043e\u0433\u043e \u0440\u043e\u0431\u043e\u0442\u0438, \u0430\u0431\u043e \u043d\u0435 \u043c\u0430\u044e\u0447\u0438 \u043d\u0430 \u0446\u0435 \u043d\u0435\u043e\u0431\u0445\u0456\u0434\u043d\u043e\u0433\u043e \u0434\u043e\u0437\u0432\u043e\u043b\u0443<\/li>\n<\/ul>\n<div class=\"filmw\">\n<div class=\"responsive-youtube\" style=\"text-align: center;\"><iframe loading=\"lazy\" title=\"\u0412\u0456\u0434\u0435\u043e\u043f\u043b\u0435\u0454\u0440 YouTube\" src=\"https:\/\/www.youtube.com\/embed\/0BIkkFvLgew\" width=\"560\" height=\"315\" frameborder=\"0\" allowfullscreen=\"allowfullscreen\"><\/iframe><\/div>\n<\/div>\n<p>\u0411\u0443\u0434\u044c-\u044f\u043a\u0430 \u043e\u0441\u043e\u0431\u0430, \u044f\u043a\u0430 \u043f\u043e\u0434\u0430\u0454 \u0437\u0430\u044f\u0432\u0443 \u043d\u0430 \u043e\u0442\u0440\u0438\u043c\u0430\u043d\u043d\u044f <a href=\"https:\/\/kursy-udt.pl\/ua\/uprawnienia-udt\/kategorie-uprawnien-2\/\">\u043f\u0440\u0430\u0432\u0430<\/a> \u043d\u0430 \u043c\u043e\u0441\u0442\u043e\u0432\u0438\u0445 \u043a\u0440\u0430\u043d\u0430\u0445, \u043f\u043e\u0432\u0438\u043d\u0435\u043d \u0431\u0443\u0442\u0438 \u043e\u0437\u043d\u0430\u0439\u043e\u043c\u043b\u0435\u043d\u0438\u0439 \u0437 \u0443\u0441\u0456\u043c\u0430 \u043f\u0440\u043e\u0446\u0435\u0434\u0443\u0440\u0430\u043c\u0438, \u043f\u043e\u0432'\u044f\u0437\u0430\u043d\u0438\u043c\u0438 \u0437 \u0435\u043a\u0441\u043f\u043b\u0443\u0430\u0442\u0430\u0446\u0456\u0454\u044e \u043e\u0431\u043b\u0430\u0434\u043d\u0430\u043d\u043d\u044f. \u041d\u0435 \u0437\u043d\u0430\u044e\u0447\u0438 \u0457\u0445, \u0440\u0438\u0437\u0438\u043a \u043d\u0435\u0449\u0430\u0441\u043d\u043e\u0433\u043e \u0432\u0438\u043f\u0430\u0434\u043a\u0443 \u043d\u0430 \u0432\u0438\u0440\u043e\u0431\u043d\u0438\u0446\u0442\u0432\u0456 \u0437\u043d\u0430\u0447\u043d\u043e \u0432\u0438\u0449\u0438\u0439.<\/p>\n<h2 class=\"naglowekh2\"><strong>\u041f\u0430\u043c'\u044f\u0442\u0430\u0439\u0442\u0435!<\/strong><\/h2>\n<ul>\n<li>\u0440\u043e\u0431\u043e\u0442\u0438 \u0437 \u043c\u043e\u0441\u0442\u043e\u0432\u0438\u043c\u0438 \u043a\u0440\u0430\u043d\u0430\u043c\u0438 \u043c\u043e\u0436\u0443\u0442\u044c \u0432\u0438\u043a\u043e\u043d\u0443\u0432\u0430\u0442\u0438\u0441\u044f \u0442\u0456\u043b\u044c\u043a\u0438 \u043d\u0430 \u043f\u0456\u0434\u0441\u0442\u0430\u0432\u0456 \u0447\u0438\u043d\u043d\u043e\u0433\u043e \u0440\u0456\u0448\u0435\u043d\u043d\u044f \u0423\u043f\u0440\u0430\u0432\u043b\u0456\u043d\u043d\u044f \u0442\u0435\u0445\u043d\u0456\u0447\u043d\u043e\u0433\u043e \u043d\u0430\u0433\u043b\u044f\u0434\u0443 \u043f\u0440\u043e \u0434\u043e\u0437\u0432\u0456\u043b \u043d\u0430 \u0457\u0445 \u0435\u043a\u0441\u043f\u043b\u0443\u0430\u0442\u0430\u0446\u0456\u044e<\/li>\n<li>\u0434\u043e\u0442\u0440\u0438\u043c\u0443\u0439\u0442\u0435\u0441\u044c \u0456\u043d\u0441\u0442\u0440\u0443\u043a\u0446\u0456\u0457 \u0437 \u0435\u043a\u0441\u043f\u043b\u0443\u0430\u0442\u0430\u0446\u0456\u0457 \u043f\u0456\u0434 \u0447\u0430\u0441 \u0440\u043e\u0431\u043e\u0442\u0438 \u0437 \u043f\u0440\u0438\u0441\u0442\u0440\u043e\u0454\u043c <a href=\"https:\/\/kursy-udt.pl\/ua\/szkolenia\/bhp-bezpieczenstwo-pracy\/prawna-ochrona-pracy\/\">\u0417\u0434\u043e\u0440\u043e\u0432&#039;\u044f \u0456 \u0431\u0435\u0437\u043f\u0435\u043a\u0430<\/a> \u0442\u0430 \u0456\u043d\u0441\u0442\u0440\u0443\u043a\u0446\u0456\u044e \u0437 \u0435\u043a\u0441\u043f\u043b\u0443\u0430\u0442\u0430\u0446\u0456\u0457<\/li>\n<li>\u043f\u0440\u0438 \u0432\u0438\u044f\u0432\u043b\u0435\u043d\u043d\u0456 \u043f\u0440\u0430\u0446\u0456\u0432\u043d\u0438\u043a\u043e\u043c \u043f\u043e\u0448\u043a\u043e\u0434\u0436\u0435\u043d\u043d\u044f \u043e\u0431\u043b\u0430\u0434\u043d\u0430\u043d\u043d\u044f \u0440\u043e\u0431\u043e\u0442\u0430 \u043f\u043e\u0432\u0438\u043d\u043d\u0430 \u0431\u0443\u0442\u0438 \u043d\u0435\u0433\u0430\u0439\u043d\u043e \u043f\u0440\u0438\u043f\u0438\u043d\u0435\u043d\u0430, \u0430 \u043e\u0431\u043b\u0430\u0434\u043d\u0430\u043d\u043d\u044f \u0432\u0438\u0432\u0435\u0434\u0435\u043d\u0435 \u0437 \u043b\u0430\u0434\u0443 \u0456 \u043f\u043e\u0432\u0456\u0434\u043e\u043c\u043b\u0435\u043d\u0456 \u043e\u0441\u043e\u0431\u0438, \u0432\u0456\u0434\u043f\u043e\u0432\u0456\u0434\u0430\u043b\u044c\u043d\u0456 \u0437\u0430 \u0439\u043e\u0433\u043e \u0442\u0435\u0445\u043d\u0456\u0447\u043d\u0438\u0439 \u0441\u0442\u0430\u043d<\/li>\n<li><a href=\"https:\/\/kursy-udt.pl\/wp-content\/uploads\/2022\/10\/1-5.jpeg\"><img loading=\"lazy\" decoding=\"async\" class=\"aligncenter wp-image-4472\" src=\"https:\/\/kursy-udt.pl\/wp-content\/uploads\/2022\/10\/1-5-300x225.jpeg\" alt=\"\" width=\"750\" height=\"563\" srcset=\"https:\/\/kursy-udt.pl\/wp-content\/uploads\/2022\/10\/1-5-300x225.jpeg 300w, https:\/\/kursy-udt.pl\/wp-content\/uploads\/2022\/10\/1-5-1024x768.jpeg 1024w, https:\/\/kursy-udt.pl\/wp-content\/uploads\/2022\/10\/1-5-768x576.jpeg 768w, https:\/\/kursy-udt.pl\/wp-content\/uploads\/2022\/10\/1-5-1536x1152.jpeg 1536w, https:\/\/kursy-udt.pl\/wp-content\/uploads\/2022\/10\/1-5-16x12.jpeg 16w, https:\/\/kursy-udt.pl\/wp-content\/uploads\/2022\/10\/1-5-640x480.jpeg 640w, https:\/\/kursy-udt.pl\/wp-content\/uploads\/2022\/10\/1-5-624x468.jpeg 624w, https:\/\/kursy-udt.pl\/wp-content\/uploads\/2022\/10\/1-5.jpeg 1600w\" sizes=\"auto, (max-width: 750px) 100vw, 750px\" \/><\/a><\/li>\n<\/ul>\n<p>&nbsp;<\/p>\n<p>\u042f\u043a\u0449\u043e \u0412\u0438 \u0437\u0430\u0446\u0456\u043a\u0430\u0432\u043b\u0435\u043d\u0456 \u0432 \u043e\u0442\u0440\u0438\u043c\u0430\u043d\u043d\u0456 \u043d\u0435\u043e\u0431\u0445\u0456\u0434\u043d\u0438\u0445 \u0434\u043e\u0437\u0432\u043e\u043b\u0456\u0432 \u043d\u0430 \u0435\u043a\u0441\u043f\u043b\u0443\u0430\u0442\u0430\u0446\u0456\u044e \u043f\u0440\u0435\u0434\u0441\u0442\u0430\u0432\u043b\u0435\u043d\u043e\u0433\u043e \u043e\u0431\u043b\u0430\u0434\u043d\u0430\u043d\u043d\u044f, \u0437\u0430\u043f\u0440\u043e\u0448\u0443\u0454\u043c\u043e \u0412\u0430\u0441 \u043f\u0440\u043e\u0439\u0442\u0438 \u043d\u0430\u0432\u0447\u0430\u043d\u043d\u044f \u043d\u0430 \u043a\u0443\u0440\u0441\u0430\u0445 \u043a\u0440\u0430\u043d\u0456\u0432\u043d\u0438\u043a\u0456\u0432 \u0432 \u043d\u0430\u0448\u043e\u043c\u0443 <a href=\"https:\/\/kursy-udt.pl\/ua\/o-firmie\/\">\u0426\u0435\u043d\u0442\u0440 \u043f\u0456\u0434\u0433\u043e\u0442\u043e\u0432\u043a\u0438 \u043f\u0435\u0440\u0441\u043e\u043d\u0430\u043b\u0443 \u0415\u0420\u0413\u041e\u041d<\/a>. \u0417 \u043d\u0430\u043c\u0438 \u0412\u0438 \u0434\u043e\u0441\u043a\u043e\u043d\u0430\u043b\u044c\u043d\u043e \u043e\u0437\u043d\u0430\u0439\u043e\u043c\u0438\u0442\u0435\u0441\u044f \u0437 \u0443\u0441\u0456\u043c\u0430 \u043f\u0438\u0442\u0430\u043d\u043d\u044f\u043c\u0438 \u043e\u0445\u043e\u0440\u043e\u043d\u0438 \u043f\u0440\u0430\u0446\u0456 \u0442\u0430 \u0435\u043a\u0441\u043f\u043b\u0443\u0430\u0442\u0430\u0446\u0456\u0457 \u043e\u0431\u043b\u0430\u0434\u043d\u0430\u043d\u043d\u044f \u0456 \u0437\u043c\u043e\u0436\u0435\u0442\u0435 \u0441\u043a\u043b\u0430\u0441\u0442\u0438 \u0456\u0441\u043f\u0438\u0442 \u0432 \u043e\u0440\u0433\u0430\u043d\u0430\u0445 \u0442\u0435\u0445\u043d\u0456\u0447\u043d\u043e\u0433\u043e \u043d\u0430\u0433\u043b\u044f\u0434\u0443.<\/p>\n<div class=\"button_styl\" style=\"float: right; padding-left: 15px; padding-bottom: 8px; margin-bottom: 5px;\"><a class=\"myButton myButton_maly\" href=\"https:\/\/platformaedukacji.pl\/login\/signup.php\" target=\"_blank\" rel=\"nofollow noopener\"><span style=\"color: white;\">\u0417\u0430\u043f\u0438\u0448\u0456\u0442\u044c\u0441\u044f \u043d\u0430 \u043d\u0430\u0432\u0447\u0430\u043d\u043d\u044f<\/span><\/a><\/div>\n<div style=\"padding-top: 70px;\">\n<h2>\u0411\u0456\u043b\u044c\u0448\u0435 \u0456\u043d\u0444\u043e\u0440\u043c\u0430\u0446\u0456\u0457:<\/h2>\n<div style=\"text-align: center; font-size: 85%; line-height: 120%;\">\n<div style=\"float: left; margin-right: 40px; height: 290px;\">\n<p><a href=\"\/ua\/%d0%bd%d0%b0%d0%b2%d1%87%d0%b0%d0%bd%d0%bd%d1%8f\/%d0%ba%d1%83%d1%80%d1%81-%d0%b4%d0%bb%d1%8f-%d0%bf%d0%be%d1%80%d1%82%d0%b0%d0%bb%d1%96%d0%b2\/%d0%ba%d1%80%d0%b0%d0%bd%d0%be%d0%b1%d1%83%d0%b4%d1%83%d0%b2%d0%b0%d0%bd%d0%bd%d1%8f\/\"><img decoding=\"async\" src=\"\/wp-content\/uploads\/2014\/08\/budowa.jpg\" alt=\"\" \/><\/a><\/p>\n<div style=\"width: 300px; font-size: 130%;\"><strong>\u0411\u0443\u0434\u0456\u0432\u043d\u0438\u0446\u0442\u0432\u043e \u043c\u043e\u0441\u0442\u043e\u0432\u0438\u0445 \u043a\u0440\u0430\u043d\u0456\u0432<\/strong><\/div>\n<p>&nbsp;<\/p>\n<\/div>\n<div style=\"float: left; margin-right: 40px; height: 290px;\">\n<p><a href=\"\/ua\/%d0%bd%d0%b0%d0%b2%d1%87%d0%b0%d0%bd%d0%bd%d1%8f\/%d0%ba%d1%83%d1%80%d1%81-%d0%b4%d0%bb%d1%8f-%d0%bf%d0%be%d1%80%d1%82%d0%b0%d0%bb%d1%96%d0%b2\/%d0%b4%d1%96%d1%8f%d0%bb%d1%8c%d0%bd%d1%96%d1%81%d1%82%d1%8c-%d0%b7%d0%b0%d0%b1%d0%be%d1%80%d0%be%d0%bd%d0%b5%d0%bd%d0%b0\/\"><img decoding=\"async\" src=\"\/wp-content\/uploads\/2014\/08\/zabronione.jpg\" alt=\"\" \/><\/a><\/p>\n<div style=\"width: 300px; font-size: 130%;\"><strong>\u0417\u0430\u0431\u043e\u0440\u043e\u043d\u0435\u043d\u0430 \u0434\u0456\u044f\u043b\u044c\u043d\u0456\u0441\u0442\u044c<\/strong><\/div>\n<p>&nbsp;<\/p>\n<\/div>\n<\/div>\n<div style=\"clear: both;\"><\/div>\n<div style=\"text-align: center; font-size: 85%; line-height: 120%;\">\n<div style=\"float: left; margin-right: 40px; height: 290px;\">\n<p><a href=\"\/ua\/%d0%bd%d0%b0%d0%b2%d1%87%d0%b0%d0%bd%d0%bd%d1%8f\/%d0%ba%d1%83%d1%80%d1%81-%d0%b4%d0%bb%d1%8f-%d0%bf%d0%be%d1%80%d1%82%d0%b0%d0%bb%d1%96%d0%b2\/%d0%bf%d1%96%d0%b4%d0%b3%d0%be%d1%82%d0%be%d0%b2%d1%87%d1%96-%d0%b7%d0%b0%d1%85%d0%be%d0%b4%d0%b8-2\/\"><img decoding=\"async\" src=\"\/wp-content\/uploads\/2014\/08\/przygotowanie.jpg\" alt=\"\" \/><\/a><\/p>\n<div style=\"width: 300px; font-size: 130%;\"><strong>\u041f\u0456\u0434\u0433\u043e\u0442\u043e\u0432\u0447\u0456 \u0437\u0430\u0445\u043e\u0434\u0438<\/strong><\/div>\n<p>&nbsp;<\/p>\n<\/div>\n<div style=\"float: left; margin-right: 40px; height: 290px;\">\n<p><a href=\"\/ua\/%d0%bd%d0%b0%d0%b2%d1%87%d0%b0%d0%bd%d0%bd%d1%8f\/%d0%ba%d1%83%d1%80%d1%81-%d0%b4%d0%bb%d1%8f-%d0%bf%d0%be%d1%80%d1%82%d0%b0%d0%bb%d1%96%d0%b2\/%d0%bf%d1%96%d1%81%d0%bb%d1%8f-%d1%80%d0%be%d0%b1%d0%be%d1%82%d0%b8\/\"><img decoding=\"async\" src=\"\/wp-content\/uploads\/2014\/08\/po-pracy.jpg\" alt=\"\" \/><\/a><\/p>\n<div style=\"width: 300px; font-size: 130%;\"><strong>\u041f\u0456\u0441\u043b\u044f \u0440\u043e\u0431\u043e\u0442\u0438<\/strong><\/div>\n<p>&nbsp;<\/p>\n<\/div>\n<\/div>\n<div style=\"text-align: center; font-size: 85%; line-height: 120%;\">\n<div style=\"float: left; margin-right: 40px; height: 290px;\">\n<p><a href=\"\/ua\/%d0%bd%d0%b0%d0%b2%d1%87%d0%b0%d0%bd%d0%bd%d1%8f\/%d0%ba%d1%83%d1%80%d1%81-%d0%b4%d0%bb%d1%8f-%d0%bf%d0%be%d1%80%d1%82%d0%b0%d0%bb%d1%96%d0%b2\/\"><img decoding=\"async\" style=\"width: 300px; height: 225px;\" src=\"\/wp-content\/uploads\/2014\/04\/suwnice.jpeg\" alt=\"\" \/><\/a><\/p>\n<div style=\"width: 300px; font-size: 130%;\"><strong>\u041a\u0443\u0440\u0441 \u0434\u043b\u044f \u043c\u043e\u0441\u0442\u043e\u0432\u0438\u0445 \u043a\u0440\u0430\u043d\u0456\u0432<\/strong><\/div>\n<p>&nbsp;<\/p>\n<\/div>\n<\/div>\n<\/div>","protected":false},"excerpt":{"rendered":"<p>Czynno\u015bci niedozwolone podczas obs\u0142ugi suwnic Operator suwnic musi pami\u0119ta\u0107 o przestrzeganiu przepis\u00f3w obs\u0142ugi \u2013 niedotrzymanie wszystkich wymog\u00f3w znacznie zwi\u0119ksza ryzyko wypadk\u00f3w przy pracy. Ka\u017cdy kurs na suwnice obejmuje blok tematyczny zwi\u0105zany z bezpiecze\u0144stwem oraz higien\u0105 pracy podczas obs\u0142ugi urz\u0105dze\u0144. W\u015br\u00f3d przekazywanych informacji znajduj\u0105 si\u0119 r\u00f3wnie\u017c te dotycz\u0105ce kategorycznie zabronionych czynno\u015bci podczas operowania suwnic\u0105. W\u015br\u00f3d nich znajduj\u0105 si\u0119: operatorem urz\u0105dzenia nie mo\u017ce zosta\u0107 osoba bez stosownych uprawnie\u0144 wydanych przez Urz\u0105d Dozoru Technicznego nie wolno korzysta\u0107 z urz\u0105dzenia niesprawnego lub te\u017c bez obowi\u0105zuj\u0105cej decyzji wydanej przez UDT lub TDT, kt\u00f3ra zezwala na wykonanie pracy nie wolno przyst\u0119powa\u0107 do pracy po spo\u017cyciu alkoholu, a tak\u017ce innych substancji odurzaj\u0105cych oraz lek\u00f3w, kt\u00f3re zaburzaj\u0105 sprawno\u015b\u0107 psychofizyczn\u0105 nie wolno stosowa\u0107 niedopasowanych zawiesi lub te\u017c zawiesi uszkodzonych nie wolno podnosi\u0107 \u0142adunk\u00f3w, kt\u00f3rych ci\u0119\u017car jest wi\u0119kszy ni\u017c dopuszczalny ud\u017awig \u2013 mo\u017ce to spowodowa\u0107 bezpo\u015brednie zagro\u017cenie \u017cycia lub zdrowia operatora i pracownik\u00f3w na terenie zak\u0142adu pracy nie wolno podnosi\u0107 \u0142adunk\u00f3w, kt\u00f3re zlokalizowane s\u0105 poza zasi\u0119giem rz\u0105dzenia nie wolno ci\u0105gn\u0105\u0107 \u0142adunk\u00f3w uko\u015bnie nie wolno podnosi\u0107 tych \u0142adunk\u00f3w oraz obiekt\u00f3w, kt\u00f3re s\u0105 przytwierdzone do nawierzchni, na przyk\u0142ad przykr\u0119cone, przyspawane czy te\u017c przymarzni\u0119te w okresie zimowym nie wolno przenosi\u0107 \u0142adunk\u00f3w bezpo\u015brednio nad stanowiskami pracy pracownik\u00f3w lub nad innymi osobami przebywaj\u0105cymi na terenie zak\u0142adu pracy nie wolno pozostawia\u0107 \u0142adunku na urz\u0105dzeniu chwytnym bez jego odwieszenia nie wolno przeje\u017cd\u017ca\u0107 lub naje\u017cd\u017ca\u0107 na \u0142\u0105czniki bezpiecze\u0144stwa w\u00f3zkiem, ci\u0119gnikiem lub mostem nie wolno wykorzystywa\u0107 ci\u0119gna linowego jako elementu do podnoszenia \u0142adunk\u00f3w nie wolno stosowa\u0107 zabezpiecze\u0144 przed przeci\u0105\u017ceniami podczas wa\u017cenia \u0142adunk\u00f3w nie wolno przeprowadza\u0107 prac konserwacyjnych, na przyk\u0142ad smarowania i czyszczenia urz\u0105dzenia podczas [&hellip;]<\/p>\n","protected":false},"author":1,"featured_media":4472,"parent":1322,"menu_order":5,"comment_status":"closed","ping_status":"closed","template":"","meta":{"sfsi_plus_gutenberg_text_before_share":"","sfsi_plus_gutenberg_show_text_before_share":"","sfsi_plus_gutenberg_icon_type":"","sfsi_plus_gutenberg_icon_alignemt":"","sfsi_plus_gutenburg_max_per_row":"","footnotes":""},"class_list":["post-1330","page","type-page","status-publish","has-post-thumbnail","hentry","has_thumb"],"aioseo_notices":[],"_links":{"self":[{"href":"https:\/\/kursy-udt.pl\/ua\/wp-json\/wp\/v2\/pages\/1330","targetHints":{"allow":["GET"]}}],"collection":[{"href":"https:\/\/kursy-udt.pl\/ua\/wp-json\/wp\/v2\/pages"}],"about":[{"href":"https:\/\/kursy-udt.pl\/ua\/wp-json\/wp\/v2\/types\/page"}],"author":[{"embeddable":true,"href":"https:\/\/kursy-udt.pl\/ua\/wp-json\/wp\/v2\/users\/1"}],"replies":[{"embeddable":true,"href":"https:\/\/kursy-udt.pl\/ua\/wp-json\/wp\/v2\/comments?post=1330"}],"version-history":[{"count":8,"href":"https:\/\/kursy-udt.pl\/ua\/wp-json\/wp\/v2\/pages\/1330\/revisions"}],"predecessor-version":[{"id":4475,"href":"https:\/\/kursy-udt.pl\/ua\/wp-json\/wp\/v2\/pages\/1330\/revisions\/4475"}],"up":[{"embeddable":true,"href":"https:\/\/kursy-udt.pl\/ua\/wp-json\/wp\/v2\/pages\/1322"}],"wp:featuredmedia":[{"embeddable":true,"href":"https:\/\/kursy-udt.pl\/ua\/wp-json\/wp\/v2\/media\/4472"}],"wp:attachment":[{"href":"https:\/\/kursy-udt.pl\/ua\/wp-json\/wp\/v2\/media?parent=1330"}],"curies":[{"name":"wp","href":"https:\/\/api.w.org\/{rel}","templated":true}]}}