{"id":1327,"date":"2014-08-12T22:04:57","date_gmt":"2014-08-12T22:04:57","guid":{"rendered":"http:\/\/kursy-udt.pl\/?page_id=1327"},"modified":"2022-10-14T12:11:01","modified_gmt":"2022-10-14T12:11:01","slug":"%d0%ba%d1%80%d0%b0%d0%bd%d0%be%d0%b1%d1%83%d0%b4%d1%83%d0%b2%d0%b0%d0%bd%d0%bd%d1%8f","status":"publish","type":"page","link":"https:\/\/kursy-udt.pl\/ua\/szkolenia\/kurs-na-suwnice\/budowa-suwnic\/","title":{"rendered":"\u0411\u0443\u0434\u0456\u0432\u043d\u0438\u0446\u0442\u0432\u043e \u043c\u043e\u0441\u0442\u043e\u0432\u0438\u0445 \u043a\u0440\u0430\u043d\u0456\u0432"},"content":{"rendered":"<p><img loading=\"lazy\" decoding=\"async\" class=\"paddingleft10 alignleft wp-image-3369\" src=\"https:\/\/kursy-udt.pl\/wp-content\/uploads\/2021\/06\/budowa_m.jpg\" alt=\"\" width=\"200\" height=\"150\" \/>\u041c\u043e\u0441\u0442\u043e\u0432\u0456 \u043a\u0440\u0430\u043d\u0438 \u0456\u043d\u0430\u043a\u0448\u0435 \u0432\u0456\u0434\u043e\u043c\u0456 \u044f\u043a \u043a\u0440\u0430\u043d\u0438, \u044f\u043a\u0456 \u043f\u0440\u0438\u0437\u043d\u0430\u0447\u0435\u043d\u0456 \u0434\u043b\u044f \u043e\u043f\u0443\u0441\u043a\u0430\u043d\u043d\u044f \u0456 \u043f\u0456\u0434\u0439\u043e\u043c\u0443 \u0432\u0430\u043d\u0442\u0430\u0436\u0456\u0432 \u0437\u0430 \u0434\u043e\u043f\u043e\u043c\u043e\u0433\u043e\u044e \u043b\u0435\u0431\u0456\u0434\u043a\u0438 \u0430\u0431\u043e \u0442\u0430\u043b\u0456. \u0420\u043e\u0437\u043c\u0456\u0449\u0443\u0432\u0430\u043d\u0456 \u043d\u0430 \u043d\u0438\u0445 \u0432\u0430\u043d\u0442\u0430\u0436\u0456 \u043e\u0431\u043c\u0435\u0436\u0435\u043d\u0456 \u0437\u0430 \u0442\u0440\u0430\u0454\u043a\u0442\u043e\u0440\u0456\u0454\u044e \u0440\u0443\u0445\u0443, \u0430 \u0442\u0430\u043a\u043e\u0436 \u0437\u0430 \u0432\u0438\u0441\u043e\u0442\u043e\u044e \u043e\u043f\u0443\u0441\u043a\u0430\u043d\u043d\u044f \u0456 \u043f\u0456\u0434\u0439\u043e\u043c\u0443 \u0442\u0430 \u0448\u0438\u0440\u0438\u043d\u043e\u044e \u043c\u043e\u0441\u0442\u0430 \u043f\u0440\u0438\u0441\u0442\u0440\u043e\u044e.<\/p>\n<p>\u0421\u0435\u0440\u0435\u0434 \u0435\u043b\u0435\u043c\u0435\u043d\u0442\u0456\u0432 \u043a\u043e\u043d\u0441\u0442\u0440\u0443\u043a\u0446\u0456\u0457 \u0440\u043e\u0437\u0440\u0456\u0437\u043d\u044f\u044e\u0442\u044c \u043c\u0435\u0445\u0430\u043d\u0456\u0447\u043d\u0456 \u0442\u0430 \u0435\u043b\u0435\u043a\u0442\u0440\u0438\u0447\u043d\u0456. \u042f\u043a\u0449\u043e \u0432\u0438 \u043e\u0431\u0438\u0440\u0430\u0454\u0442\u0435 <a href=\"https:\/\/kursy-udt.pl\/ua\/szkolenia\/kurs-na-suwnice\/\">\u043a\u0443\u0440\u0441 \u0434\u043b\u044f \u043f\u043e\u0440\u0442\u0430\u043b\u0456\u0432<\/a>\u0442\u043e \u0432\u0441\u044f \u0442\u043e\u0447\u043d\u0430 \u0456\u043d\u0444\u043e\u0440\u043c\u0430\u0446\u0456\u044f \u043f\u0440\u043e \u043a\u043e\u043d\u0441\u0442\u0440\u0443\u043a\u0446\u0456\u044e \u043f\u0440\u0438\u043b\u0430\u0434\u0443 \u0434\u0430\u0454\u0442\u044c\u0441\u044f \u043f\u0456\u0434 \u0447\u0430\u0441 \u0437\u0430\u043d\u044f\u0442\u0442\u044f. \u041d\u0438\u0436\u0447\u0435 \u043d\u0430\u0432\u0435\u0434\u0435\u043d\u043e \u0441\u0445\u0435\u043c\u0430\u0442\u0438\u0447\u043d\u0435 \u0437\u043e\u0431\u0440\u0430\u0436\u0435\u043d\u043d\u044f \u043a\u043e\u043d\u0441\u0442\u0440\u0443\u043a\u0446\u0456\u0457 \u043a\u0440\u0430\u043d\u0443.<\/p>\n<h2 class=\"naglowekh2\">\u00a0\u041c\u0435\u0445\u0430\u043d\u0456\u0447\u043d\u0456 \u0435\u043b\u0435\u043c\u0435\u043d\u0442\u0438:<\/h2>\n<ul>\n<li>\u043d\u0430 \u0433\u0443\u0441\u0435\u043d\u0438\u0446\u0456 - \u043a\u0443\u043b\u0430\u0447\u043a\u0438 \u0456 \u0431\u0443\u0444\u0435\u0440\u0438<\/li>\n<li>\u0441\u0442\u0430\u043b\u0435\u0432\u0443 \u043a\u043e\u043d\u0441\u0442\u0440\u0443\u043a\u0446\u0456\u044e \u043e\u0431\u043b\u0430\u0434\u043d\u0430\u043d\u043d\u044f, \u0430 \u0441\u0430\u043c\u0435 \u043f\u0435\u0440\u0435\u0434\u043d\u044e \u0447\u0430\u0441\u0442\u0438\u043d\u0443 - \u043f\u0440\u0438\u0432\u0456\u0434\u043d\u0438\u0439 \u043c\u0435\u0445\u0430\u043d\u0456\u0437\u043c, \u043f\u0440\u0438\u0432\u0456\u0434\u043d\u0435 \u0442\u0430 \u0445\u043e\u0434\u043e\u0432\u0435 \u043a\u043e\u043b\u0435\u0441\u043e, \u0431\u0443\u0444\u0435\u0440\u0438, \u0441\u0442\u043e\u043f\u043e\u0440\u043d\u0456 \u043b\u0430\u043f\u0438, \u043a\u0456\u043d\u0446\u0435\u0432\u0456 \u0432\u0438\u043c\u0438\u043a\u0430\u0447\u0456, \u0432\u0456\u0442\u0440\u043e\u0437\u0430\u0445\u0438\u0441\u0442 \u0442\u0430 \u043c\u0456\u0434\u043d\u0456 \u0449\u0456\u0442\u043a\u0438<\/li>\n<li>\u043c\u0456\u0441\u0442 - \u0437\u0430\u0437\u0432\u0438\u0447\u0430\u0439 \u0434\u0432\u043e\u0442\u0430\u0432\u0440\u043e\u0432\u0430 \u0431\u0430\u043b\u043a\u0430, \u044f\u043a\u0430 \u0432\u0456\u0434\u043f\u043e\u0432\u0456\u0434\u0430\u0454 \u0437\u0430 \u0448\u043b\u044f\u0445 \u0432\u0456\u0437\u043a\u0430 \u0456 \u043c\u0456\u0441\u0442\u0438\u0442\u044c \u0431\u0443\u0444\u0435\u0440\u0438<\/li>\n<li>\u0432\u0435\u0434\u0443\u0447\u0438\u0439 \u0432\u0456\u0437\u043e\u043a - \u0441\u043a\u043b\u0430\u0434\u0430\u0454\u0442\u044c\u0441\u044f \u0437 \u0435\u043b\u0435\u043a\u0442\u0440\u043e\u0434\u0432\u0438\u0433\u0443\u043d\u0430 \u0456 \u0437\u0443\u0431\u0447\u0430\u0441\u0442\u043e\u0433\u043e \u0440\u0435\u0434\u0443\u043a\u0442\u043e\u0440\u0430<\/li>\n<li>\u043c\u0435\u0445\u0430\u043d\u0456\u0437\u043c \u043f\u0456\u0434\u0439\u043e\u043c\u0443 - \u043a\u043e\u0440\u043f\u0443\u0441, \u043a\u0430\u043d\u0430\u0442, \u043f\u0440\u0438\u0432\u043e\u0434\u043d\u0438\u0439 \u0435\u043b\u0435\u043a\u0442\u0440\u043e\u0434\u0432\u0438\u0433\u0443\u043d, \u0437\u0443\u0431\u0447\u0430\u0441\u0442\u0430 \u043f\u0435\u0440\u0435\u0434\u0430\u0447\u0430, \u043b\u0430\u043d\u0446\u044e\u0433\u043e\u0432\u0438\u0439 \u0430\u0431\u043e \u043a\u0430\u043d\u0430\u0442\u043d\u0438\u0439 \u0431\u0430\u0440\u0430\u0431\u0430\u043d \u0437 \u043f\u0430\u0437\u0430\u043c\u0438, \u043d\u0430\u043f\u0440\u0430\u0432\u043b\u044f\u044e\u0447\u0435 \u043a\u0456\u043b\u044c\u0446\u0435 \u043a\u0430\u043d\u0430\u0442\u0430, \u043a\u0430\u043d\u0430\u0442\u0438 \u0437 \u0431\u0443\u0444\u0435\u0440\u0430\u043c\u0438 \u0456 \u043a\u0456\u043d\u0446\u0435\u0432\u0438\u043c \u0432\u0438\u043c\u0438\u043a\u0430\u0447\u0435\u043c, \u0433\u0430\u043a\u043e\u0432\u0430 \u043a\u043e\u043b\u043e\u0434\u043a\u0430 \u0456 \u0433\u0430\u043a<\/li>\n<\/ul>\n<div class=\"filmw\">\n<div class=\"responsive-youtube\" style=\"text-align: center;\"><iframe loading=\"lazy\" title=\"\u0412\u0456\u0434\u0435\u043e\u043f\u043b\u0435\u0454\u0440 YouTube\" src=\"https:\/\/www.youtube.com\/embed\/0BIkkFvLgew\" width=\"560\" height=\"315\" frameborder=\"0\" allowfullscreen=\"allowfullscreen\"><\/iframe><\/div>\n<\/div>\n<h2 class=\"naglowekh2\">\u0415\u043b\u0435\u043a\u0442\u0440\u0438\u0447\u043d\u0456 \u043a\u043e\u043c\u043f\u043e\u043d\u0435\u043d\u0442\u0438:<\/h2>\n<ul>\n<li>\u043a\u0440\u0430\u043d\u043e\u0432\u0438\u0439 \u0432\u0438\u043c\u0438\u043a\u0430\u0447 - \u0432\u0456\u0434\u043f\u043e\u0432\u0456\u0434\u0430\u0454 \u0437\u0430 \u0432\u0438\u043c\u0438\u043a\u0430\u043d\u043d\u044f \u0456 \u0432\u043c\u0438\u043a\u0430\u043d\u043d\u044f \u0436\u0438\u0432\u043b\u0435\u043d\u043d\u044f \u0437 \u0441\u0438\u043b\u043e\u0432\u0438\u043c \u043b\u0430\u043d\u0446\u044e\u0433\u043e\u043c<\/li>\n<li>\u0441\u0438\u043b\u043e\u0432\u0438\u0439 \u0432\u0438\u043c\u0438\u043a\u0430\u0447 - \u0432\u0456\u0434\u043f\u043e\u0432\u0456\u0434\u0430\u0454 \u0437\u0430 \u0432\u043a\u043b\u044e\u0447\u0435\u043d\u043d\u044f \u0456 \u0432\u0438\u043a\u043b\u044e\u0447\u0435\u043d\u043d\u044f \u0436\u0438\u0432\u043b\u0435\u043d\u043d\u044f \u043a\u0440\u0430\u043d\u0430, \u0437\u0430\u0437\u0432\u0438\u0447\u0430\u0439 \u0432\u0441\u0442\u0430\u043d\u043e\u0432\u043b\u044e\u0454\u0442\u044c\u0441\u044f \u043d\u0430 \u043f\u043b\u0430\u0442\u0444\u043e\u0440\u043c\u0456<\/li>\n<li>\u0432\u0456\u0437\u043a\u0438 - \u0441\u0442\u0440\u0443\u043c\u043e\u043f\u0440\u0438\u0439\u043c\u0430\u0447\u0456<\/li>\n<li>\u0448\u0430\u0444\u0438 \u0443\u043f\u0440\u0430\u0432\u043b\u0456\u043d\u043d\u044f \u0442\u0430 \u0440\u043e\u0437\u043f\u043e\u0434\u0456\u043b\u044c\u0447\u0456 \u0448\u0430\u0444\u0438<\/li>\n<li>\u043c\u043e\u043d\u0442\u0430\u0436 \u0440\u043e\u0437\u043f\u043e\u0434\u0456\u043b\u044c\u0447\u0438\u0445 \u043a\u043e\u0440\u043e\u0431\u043e\u043a \u043d\u0430 \u043c\u043e\u0441\u0442\u0443<\/li>\n<li>\u043a\u0443\u043b\u043e\u043d \u0443\u043f\u0440\u0430\u0432\u043b\u0456\u043d\u043d\u044f<\/li>\n<li>\u043a\u0456\u043d\u0446\u0435\u0432\u0456 \u0432\u0438\u043c\u0438\u043a\u0430\u0447\u0456<\/li>\n<\/ul>\n<p>\u0412\u0441\u0456 \u043a\u043e\u043c\u043f\u043e\u043d\u0435\u043d\u0442\u0438 \u0432\u0456\u0434\u043f\u043e\u0432\u0456\u0434\u0430\u044e\u0442\u044c \u0437\u0430 \u0442\u0440\u0438 \u043e\u0441\u043d\u043e\u0432\u043d\u0456 \u0440\u0443\u0445\u0438: \u0446\u0435 \u0440\u0443\u0445\u0438 \u043f\u043b\u0430\u0442\u0444\u043e\u0440\u043c\u0438, \u0440\u0443\u0445\u0438 \u043d\u0430\u0432\u0456\u0441\u043a\u0438 \u0456 \u043f\u0456\u0434\u0439\u043e\u043c\u043d\u0456 \u0440\u0443\u0445\u0438 \u0441\u0442\u0440\u043e\u043f\u0430, \u043d\u0430 \u044f\u043a\u043e\u043c\u0443 \u0440\u043e\u0437\u043c\u0456\u0449\u0443\u0454\u0442\u044c\u0441\u044f \u0432\u0430\u043d\u0442\u0430\u0436. \u0426\u0435 \u043f\u043e\u043b\u0435\u0433\u0448\u0443\u0454 \u0442\u0440\u0430\u043d\u0441\u043f\u043e\u0440\u0442\u0443\u0432\u0430\u043d\u043d\u044f \u043d\u0430 \u0440\u043e\u0431\u043e\u0447\u043e\u043c\u0443 \u043c\u0430\u0439\u0434\u0430\u043d\u0447\u0438\u043a\u0443, \u0432 \u0442\u043e\u043c\u0443 \u0447\u0438\u0441\u043b\u0456 \u0432\u0435\u043b\u0438\u043a\u0438\u0445 \u0456 \u0432\u0430\u0436\u043a\u0438\u0445 \u0432\u0430\u043d\u0442\u0430\u0436\u0456\u0432.<\/p>\n<p>\u0417\u0430\u043b\u0435\u0436\u043d\u043e \u0432\u0456\u0434 \u0442\u0438\u043f\u0443 \u043a\u0440\u0430\u043d\u0430 \u0440\u043e\u0437\u0440\u0456\u0437\u043d\u044f\u044e\u0442\u044c \u0442\u0430\u043a\u043e\u0436 \u043e\u043a\u0440\u0435\u043c\u0456 \u043a\u043e\u043d\u0441\u0442\u0440\u0443\u043a\u0442\u0438\u0432\u043d\u0456 \u0435\u043b\u0435\u043c\u0435\u043d\u0442\u0438.<\/p>\n<h2 class=\"naglowekh2\">\u041f\u043e\u0431\u0443\u0434\u043e\u0432\u0430 \u043c\u043e\u0434\u0435\u043b\u0456 \u0448\u043b\u044e\u0437\u0443:<\/h2>\n<p>\u0423 \u043a\u043e\u0437\u043b\u043e\u0432\u0438\u0445 \u043f\u043e\u0440\u0442\u0430\u043b\u0430\u0445 \u0432\u0438\u043a\u043e\u0440\u0438\u0441\u0442\u043e\u0432\u0443\u0454\u0442\u044c\u0441\u044f \u043f\u043b\u0430\u0442\u0444\u043e\u0440\u043c\u0430, \u044f\u043a\u0430 \u043f\u0456\u0434\u0432\u0456\u0448\u0435\u043d\u0430 \u0434\u043e \u0431\u0456\u0447\u043d\u0438\u0445 \u043c\u043e\u0441\u0442\u0456\u0432, \u0449\u043e \u0454 \u0441\u043f\u043e\u043b\u0443\u0447\u043d\u043e\u044e \u043b\u0430\u043d\u043a\u043e\u044e \u0434\u043b\u044f \u0434\u0432\u043e\u0445 \u0456 \u0431\u0456\u043b\u044c\u0448\u0435 \u0432\u043e\u0440\u0456\u0442. \u041a\u043e\u0437\u043b\u043e\u0432\u0456 \u043a\u0440\u0430\u043d\u0438 \u043c\u0430\u044e\u0442\u044c \u043a\u043e\u043b\u0456\u0441\u043d\u0435 \u0430\u0431\u043e \u0440\u0435\u0439\u043a\u043e\u0432\u0435 \u0448\u0430\u0441\u0456. \u041a\u043e\u0437\u043b\u043e\u0432\u0456 \u043e\u043f\u043e\u0440\u0438 \u043f\u0435\u0440\u0435\u0442\u0438\u043d\u0430\u044e\u0442\u044c\u0441\u044f \u0432\u0430\u043d\u0442\u0430\u043c\u0438.<\/p>\n<p><a href=\"https:\/\/kursy-udt.pl\/wp-content\/uploads\/2022\/10\/1-4.jpeg\"><img loading=\"lazy\" decoding=\"async\" class=\"size-medium wp-image-4469 alignright\" src=\"https:\/\/kursy-udt.pl\/wp-content\/uploads\/2022\/10\/1-4-300x211.jpeg\" alt=\"\" width=\"300\" height=\"211\" srcset=\"https:\/\/kursy-udt.pl\/wp-content\/uploads\/2022\/10\/1-4-300x211.jpeg 300w, https:\/\/kursy-udt.pl\/wp-content\/uploads\/2022\/10\/1-4-1024x721.jpeg 1024w, https:\/\/kursy-udt.pl\/wp-content\/uploads\/2022\/10\/1-4-768x541.jpeg 768w, https:\/\/kursy-udt.pl\/wp-content\/uploads\/2022\/10\/1-4-1536x1082.jpeg 1536w, https:\/\/kursy-udt.pl\/wp-content\/uploads\/2022\/10\/1-4-18x12.jpeg 18w, https:\/\/kursy-udt.pl\/wp-content\/uploads\/2022\/10\/1-4-624x440.jpeg 624w, https:\/\/kursy-udt.pl\/wp-content\/uploads\/2022\/10\/1-4.jpeg 1600w\" sizes=\"auto, (max-width: 300px) 100vw, 300px\" \/><\/a><\/p>\n<h2 class=\"naglowekh2\">\u041f\u043e\u0431\u0443\u0434\u043e\u0432\u0430 \u043c\u043e\u0441\u0442\u043e\u0432\u043e\u0457 \u043c\u043e\u0434\u0435\u043b\u0456:<\/h2>\n<p>\u0423 \u043c\u043e\u0441\u0442\u043e\u0432\u0438\u0445 \u043c\u043e\u0434\u0435\u043b\u044f\u0445 \u0432\u0438\u043a\u043e\u0440\u0438\u0441\u0442\u043e\u0432\u0443\u0454\u0442\u044c\u0441\u044f \u0444\u0435\u0440\u043c\u043e\u0432\u0438\u0439 \u0440\u0443\u0445\u043e\u043c\u0438\u0439 \u043d\u0430\u0441\u0442\u0438\u043b \u0437 \u0440\u0435\u0439\u043a\u0430\u043c\u0438, \u044f\u043a\u0456 \u043a\u0440\u0456\u043f\u043b\u044f\u0442\u044c\u0441\u044f \u0434\u043e \u0441\u0442\u0435\u043b\u0456 \u043f\u0440\u0438\u043c\u0456\u0449\u0435\u043d\u043d\u044f. \u041f\u043e \u0441\u043a\u043e\u043d\u0441\u0442\u0440\u0443\u0439\u043e\u0432\u0430\u043d\u0456\u0439 \u0442\u0430\u043a\u0438\u043c \u0447\u0438\u043d\u043e\u043c \u043f\u043b\u0430\u0442\u0444\u043e\u0440\u043c\u0456 \u0440\u0443\u0445\u0430\u0454\u0442\u044c\u0441\u044f \u0441\u0443\u0445\u043e\u0436\u0438\u043b\u043b\u044f.<\/p>\n<p>\u0417\u0430\u043b\u0435\u0436\u043d\u043e \u0432\u0456\u0434 \u043c\u043e\u0434\u0435\u043b\u0456, \u0442\u0435\u0445\u043d\u0456\u043a\u0430 \u043c\u043e\u0436\u0435 \u0443\u043f\u0440\u0430\u0432\u043b\u044f\u0442\u0438\u0441\u044f \u0437 \u0434\u043e\u0440\u043e\u0436\u043d\u044c\u043e\u0433\u043e \u043f\u043e\u043a\u0440\u0438\u0442\u0442\u044f \u0437\u0430 \u0434\u043e\u043f\u043e\u043c\u043e\u0433\u043e\u044e \u0434\u0440\u043e\u0442\u043e\u0432\u043e\u0433\u043e \u0430\u0431\u043e \u0431\u0435\u0437\u0434\u0440\u043e\u0442\u043e\u0432\u043e\u0433\u043e \u0443\u043f\u0440\u0430\u0432\u043b\u0456\u043d\u043d\u044f, \u0430\u0431\u043e \u043c\u043e\u0436\u0435 \u0431\u0443\u0442\u0438 \u043e\u0431\u043b\u0430\u0434\u043d\u0430\u043d\u0430 \u043a\u0430\u0431\u0456\u043d\u043e\u044e \u043e\u043f\u0435\u0440\u0430\u0442\u043e\u0440\u0430. \u042f\u043a \u043f\u0440\u0430\u0432\u0438\u043b\u043e, \u0431\u0456\u043b\u044c\u0448\u0456 \u0430\u0433\u0440\u0435\u0433\u0430\u0442\u0438 \u043c\u0430\u044e\u0442\u044c \u043a\u0430\u0431\u0456\u043d\u0438, \u0442\u043e\u0434\u0456 \u044f\u043a \u043c\u0435\u043d\u0448\u0456 \u0430\u0433\u0440\u0435\u0433\u0430\u0442\u0438 \u043c\u043e\u0436\u0443\u0442\u044c \u0443\u043f\u0440\u0430\u0432\u043b\u044f\u0442\u0438\u0441\u044f \u0434\u0438\u0441\u0442\u0430\u043d\u0446\u0456\u0439\u043d\u043e.<\/p>\n<p>\u0411\u0443\u0434\u044c-\u044f\u043a\u0430 \u043e\u0441\u043e\u0431\u0430, \u044f\u043a\u0430 \u0431\u0430\u0436\u0430\u0454 \u043e\u0442\u0440\u0438\u043c\u0430\u0442\u0438 <a href=\"https:\/\/kursy-udt.pl\/ua\/uprawnienia-udt\/kategorie-uprawnien-2\/\">\u043f\u0440\u0430\u0432\u0430<\/a> \u043d\u0430 \u0432\u0430\u043d\u0442\u0430\u0436\u043e\u043f\u0456\u0434\u0456\u0439\u043c\u0430\u043b\u044c\u043d\u0438\u0445 \u043a\u0440\u0430\u043d\u0430\u0445, \u043f\u043e\u0432\u0438\u043d\u043d\u0456 \u0431\u0443\u0442\u0438 \u0434\u043e\u0441\u043a\u043e\u043d\u0430\u043b\u043e \u043e\u0437\u043d\u0430\u0439\u043e\u043c\u043b\u0435\u043d\u0456 \u0437 \u0457\u0445 \u043a\u043e\u043d\u0441\u0442\u0440\u0443\u043a\u0446\u0456\u0454\u044e. \u0417\u043d\u0430\u043d\u043d\u044f \u043a\u043e\u043d\u0441\u0442\u0440\u0443\u043a\u0446\u0456\u0457 \u0454 \u043e\u0441\u043d\u043e\u0432\u043e\u043f\u043e\u043b\u043e\u0436\u043d\u0438\u043c \u0443 \u0431\u0435\u0437\u043f\u0435\u0447\u043d\u0456\u0439 \u0435\u043a\u0441\u043f\u043b\u0443\u0430\u0442\u0430\u0446\u0456\u0457 \u043e\u0431\u043b\u0430\u0434\u043d\u0430\u043d\u043d\u044f, \u0449\u043e \u043f\u0440\u0438\u0437\u0432\u043e\u0434\u0438\u0442\u044c \u0434\u043e \u0437\u043d\u0438\u0436\u0435\u043d\u043d\u044f \u0440\u0438\u0437\u0438\u043a\u0443 \u043d\u0435\u0449\u0430\u0441\u043d\u0438\u0445 \u0432\u0438\u043f\u0430\u0434\u043a\u0456\u0432 \u043d\u0430 \u0432\u0438\u0440\u043e\u0431\u043d\u0438\u0446\u0442\u0432\u0456. \u0406\u043d\u0444\u043e\u0440\u043c\u0430\u0446\u0456\u044f, \u0449\u043e \u043d\u0430\u0434\u0430\u0454\u0442\u044c\u0441\u044f \u043f\u0456\u0434 \u0447\u0430\u0441 \u043d\u0430\u0432\u0447\u0430\u043d\u043d\u044f, \u043c\u0430\u0454 \u0432 \u0446\u044c\u043e\u043c\u0443 \u0432\u0438\u043f\u0430\u0434\u043a\u0443 \u0432\u0438\u0440\u0456\u0448\u0430\u043b\u044c\u043d\u0435 \u0437\u043d\u0430\u0447\u0435\u043d\u043d\u044f, \u0442\u043e\u043c\u0443 \u044f\u043a \u043c\u0430\u0439\u0431\u0443\u0442\u043d\u044c\u043e\u043c\u0443 \u043e\u043f\u0435\u0440\u0430\u0442\u043e\u0440\u0443 \u043e\u0431\u043b\u0430\u0434\u043d\u0430\u043d\u043d\u044f \u0432\u0430\u0436\u043b\u0438\u0432\u043e \u0434\u043e\u0441\u043a\u043e\u043d\u0430\u043b\u043e \u0437\u043d\u0430\u0442\u0438 \u043f\u0440\u0438\u043d\u0446\u0438\u043f\u0438 \u0439\u043e\u0433\u043e \u0440\u043e\u0431\u043e\u0442\u0438 \u0442\u0430 \u043e\u043a\u0440\u0435\u043c\u0456 \u043a\u043e\u043c\u043f\u043e\u043d\u0435\u043d\u0442\u0438.<\/p>\n<div class=\"button_styl\" style=\"float: right; padding-left: 15px; padding-bottom: 8px; margin-bottom: 5px;\"><a class=\"myButton myButton_maly\" href=\"https:\/\/platformaedukacji.pl\/login\/signup.php\" target=\"_blank\" rel=\"nofollow noopener\"><span style=\"color: white;\">\u0417\u0430\u043f\u0438\u0448\u0456\u0442\u044c\u0441\u044f \u043d\u0430 \u043d\u0430\u0432\u0447\u0430\u043d\u043d\u044f<\/span><\/a><\/div>\n<div style=\"padding-top: 70px;\">\n<h2>\u0411\u0456\u043b\u044c\u0448\u0435 \u0456\u043d\u0444\u043e\u0440\u043c\u0430\u0446\u0456\u0457:<\/h2>\n<div style=\"text-align: center; font-size: 85%; line-height: 120%;\">\n<div style=\"float: left; margin-right: 40px; height: 290px;\">\n<p><a href=\"\/ua\/%d0%bd%d0%b0%d0%b2%d1%87%d0%b0%d0%bd%d0%bd%d1%8f\/%d0%ba%d1%83%d1%80%d1%81-%d0%b4%d0%bb%d1%8f-%d0%bf%d0%be%d1%80%d1%82%d0%b0%d0%bb%d1%96%d0%b2\/%d0%ba%d1%80%d0%b0%d0%bd%d0%be%d0%b1%d1%83%d0%b4%d1%83%d0%b2%d0%b0%d0%bd%d0%bd%d1%8f\/\"><img decoding=\"async\" src=\"\/wp-content\/uploads\/2014\/08\/budowa.jpg\" alt=\"\" \/><\/a><\/p>\n<div style=\"width: 300px; font-size: 130%;\"><strong>\u0411\u0443\u0434\u0456\u0432\u043d\u0438\u0446\u0442\u0432\u043e \u043c\u043e\u0441\u0442\u043e\u0432\u0438\u0445 \u043a\u0440\u0430\u043d\u0456\u0432<\/strong><\/div>\n<p>&nbsp;<\/p>\n<\/div>\n<div style=\"float: left; margin-right: 40px; height: 290px;\">\n<p><a href=\"\/ua\/%d0%bd%d0%b0%d0%b2%d1%87%d0%b0%d0%bd%d0%bd%d1%8f\/%d0%ba%d1%83%d1%80%d1%81-%d0%b4%d0%bb%d1%8f-%d0%bf%d0%be%d1%80%d1%82%d0%b0%d0%bb%d1%96%d0%b2\/%d0%b4%d1%96%d1%8f%d0%bb%d1%8c%d0%bd%d1%96%d1%81%d1%82%d1%8c-%d0%b7%d0%b0%d0%b1%d0%be%d1%80%d0%be%d0%bd%d0%b5%d0%bd%d0%b0\/\"><img decoding=\"async\" src=\"\/wp-content\/uploads\/2014\/08\/zabronione.jpg\" alt=\"\" \/><\/a><\/p>\n<div style=\"width: 300px; font-size: 130%;\"><strong>\u0417\u0430\u0431\u043e\u0440\u043e\u043d\u0435\u043d\u0430 \u0434\u0456\u044f\u043b\u044c\u043d\u0456\u0441\u0442\u044c<\/strong><\/div>\n<p>&nbsp;<\/p>\n<\/div>\n<\/div>\n<div style=\"clear: both;\"><\/div>\n<div style=\"text-align: center; font-size: 85%; line-height: 120%;\">\n<div style=\"float: left; margin-right: 40px; height: 290px;\">\n<p><a href=\"\/ua\/%d0%bd%d0%b0%d0%b2%d1%87%d0%b0%d0%bd%d0%bd%d1%8f\/%d0%ba%d1%83%d1%80%d1%81-%d0%b4%d0%bb%d1%8f-%d0%bf%d0%be%d1%80%d1%82%d0%b0%d0%bb%d1%96%d0%b2\/%d0%bf%d1%96%d0%b4%d0%b3%d0%be%d1%82%d0%be%d0%b2%d1%87%d1%96-%d0%b7%d0%b0%d1%85%d0%be%d0%b4%d0%b8-2\/\"><img decoding=\"async\" src=\"\/wp-content\/uploads\/2014\/08\/przygotowanie.jpg\" alt=\"\" \/><\/a><\/p>\n<div style=\"width: 300px; font-size: 130%;\"><strong>\u041f\u0456\u0434\u0433\u043e\u0442\u043e\u0432\u0447\u0456 \u0437\u0430\u0445\u043e\u0434\u0438<\/strong><\/div>\n<p>&nbsp;<\/p>\n<\/div>\n<div style=\"float: left; margin-right: 40px; height: 290px;\">\n<p><a href=\"\/ua\/%d0%bd%d0%b0%d0%b2%d1%87%d0%b0%d0%bd%d0%bd%d1%8f\/%d0%ba%d1%83%d1%80%d1%81-%d0%b4%d0%bb%d1%8f-%d0%bf%d0%be%d1%80%d1%82%d0%b0%d0%bb%d1%96%d0%b2\/%d0%bf%d1%96%d1%81%d0%bb%d1%8f-%d1%80%d0%be%d0%b1%d0%be%d1%82%d0%b8\/\"><img decoding=\"async\" src=\"\/wp-content\/uploads\/2014\/08\/po-pracy.jpg\" alt=\"\" \/><\/a><\/p>\n<div style=\"width: 300px; font-size: 130%;\"><strong>\u041f\u0456\u0441\u043b\u044f \u0440\u043e\u0431\u043e\u0442\u0438<\/strong><\/div>\n<p>&nbsp;<\/p>\n<\/div>\n<\/div>\n<div style=\"text-align: center; font-size: 85%; line-height: 120%;\">\n<div style=\"float: left; margin-right: 40px; height: 290px;\">\n<p><a href=\"\/ua\/%d0%bd%d0%b0%d0%b2%d1%87%d0%b0%d0%bd%d0%bd%d1%8f\/%d0%ba%d1%83%d1%80%d1%81-%d0%b4%d0%bb%d1%8f-%d0%bf%d0%be%d1%80%d1%82%d0%b0%d0%bb%d1%96%d0%b2\/\"><img decoding=\"async\" style=\"width: 300px; height: 225px;\" src=\"\/wp-content\/uploads\/2014\/04\/suwnice.jpeg\" alt=\"\" \/><\/a><\/p>\n<div style=\"width: 300px; font-size: 130%;\"><strong>\u041a\u0443\u0440\u0441 \u0434\u043b\u044f \u043c\u043e\u0441\u0442\u043e\u0432\u0438\u0445 \u043a\u0440\u0430\u043d\u0456\u0432<\/strong><\/div>\n<p>&nbsp;<\/p>\n<\/div>\n<\/div>\n<\/div>","protected":false},"excerpt":{"rendered":"<p>Suwnice to inaczej d\u017awignice, kt\u00f3re s\u0105 przeznaczone do opuszczania i podnoszenia towar\u00f3w poprzez wci\u0105gark\u0119 b\u0105d\u017a wci\u0105gnik. Umieszczone na nich towary s\u0105 ograniczone pod wzgl\u0119dem swojego toru jazdy, a tak\u017ce wysoko\u015bci opuszczania i podnoszenia oraz szeroko\u015bci mostu urz\u0105dzenia. W\u015br\u00f3d element\u00f3w budowy wyr\u00f3\u017cnia si\u0119 te mechaniczne oraz elektryczne. Je\u017celi wybieraj\u0105 Pa\u0144stwo kurs na suwnice, w\u00f3wczas wszystkie precyzyjne informacje na temat konstrukcji urz\u0105dzenia podawane s\u0105 podczas zaj\u0119\u0107. Poni\u017cej przedstawiamy schematyczn\u0105 budow\u0119 suwnic. \u00a0Elementy mechaniczne: na torze jazdy \u2013 krzywki oraz odboje konstrukcja stalowa urz\u0105dzenia, czyli czo\u0142ownice \u2013 mechanizm jazdy, ko\u0142o p\u0119dne i jezdne, zderzaki, \u0142apy oporowe, wy\u0142\u0105czniki kra\u0144cowe, zabezpieczenia przeciwwiatrowe i szczotki miedziane most \u2013 najcz\u0119\u015bciej dwuteownik, kt\u00f3ry odpowiada za tor jazdy w\u00f3zka i zawiera odboje w\u00f3zek jazdy \u2013 zbudowany z silnika oraz przek\u0142adni z\u0119batej mechanizm podnoszenia \u2013 korpus, ci\u0119gno z liny stalowej, silnik nap\u0119dowy, przek\u0142adania z\u0119bata, b\u0119ben \u0142a\u0144cuchowy lub linowy rowkowany, pier\u015bcie\u0144 do prowadzenia liny, pr\u0119ty ze zderzakami oraz wy\u0142\u0105cznikiem kra\u0144cowym, zblocze hakowe oraz hak Elementy elektryczne: \u0142\u0105cznik suwnicy \u2013 odpowiada za wy\u0142\u0105czanie i w\u0142\u0105czanie zasilania z obwodem zasilania \u0142\u0105cznik zasilania \u2013 odpowiada za wy\u0142\u0105czanie i w\u0142\u0105czanie zasilania suwnicy, przewa\u017cnie jest instalowany na pode\u015bcie troleje \u2013 odbieraki pr\u0105du szafki sterowniczo-rozdzielcze szafki rozdzielcze instalacji na mo\u015bcie kaseta sterownicza wy\u0142\u0105czniki kra\u0144cowe Wszystkie elementy odpowiadaj\u0105 za trzy podstawowe ruchy: s\u0105 to ruchy pomostu, ruchy ci\u0119gnika oraz ruchy podnoszenia zawiesia, na kt\u00f3rym umieszcza si\u0119 \u0142adunek. W ten spos\u00f3b mo\u017cna \u0142atwiej realizowa\u0107 transport na terenie zak\u0142adu pracy, tak\u017ce wi\u0119kszych i ci\u0119\u017cszych \u0142adunk\u00f3w. Zale\u017cnie od rodzaju suwnicy wyr\u00f3\u017cnia si\u0119 tak\u017ce poszczeg\u00f3lne elementy konstrukcyjne. Budowa modelu bramowego: W przypadku bramownic stosuje si\u0119 pomost, kt\u00f3ry [&hellip;]<\/p>\n","protected":false},"author":1,"featured_media":4469,"parent":1322,"menu_order":3,"comment_status":"closed","ping_status":"closed","template":"","meta":{"sfsi_plus_gutenberg_text_before_share":"","sfsi_plus_gutenberg_show_text_before_share":"","sfsi_plus_gutenberg_icon_type":"","sfsi_plus_gutenberg_icon_alignemt":"","sfsi_plus_gutenburg_max_per_row":"","footnotes":""},"class_list":["post-1327","page","type-page","status-publish","has-post-thumbnail","hentry","has_thumb"],"aioseo_notices":[],"_links":{"self":[{"href":"https:\/\/kursy-udt.pl\/ua\/wp-json\/wp\/v2\/pages\/1327","targetHints":{"allow":["GET"]}}],"collection":[{"href":"https:\/\/kursy-udt.pl\/ua\/wp-json\/wp\/v2\/pages"}],"about":[{"href":"https:\/\/kursy-udt.pl\/ua\/wp-json\/wp\/v2\/types\/page"}],"author":[{"embeddable":true,"href":"https:\/\/kursy-udt.pl\/ua\/wp-json\/wp\/v2\/users\/1"}],"replies":[{"embeddable":true,"href":"https:\/\/kursy-udt.pl\/ua\/wp-json\/wp\/v2\/comments?post=1327"}],"version-history":[{"count":18,"href":"https:\/\/kursy-udt.pl\/ua\/wp-json\/wp\/v2\/pages\/1327\/revisions"}],"predecessor-version":[{"id":4471,"href":"https:\/\/kursy-udt.pl\/ua\/wp-json\/wp\/v2\/pages\/1327\/revisions\/4471"}],"up":[{"embeddable":true,"href":"https:\/\/kursy-udt.pl\/ua\/wp-json\/wp\/v2\/pages\/1322"}],"wp:featuredmedia":[{"embeddable":true,"href":"https:\/\/kursy-udt.pl\/ua\/wp-json\/wp\/v2\/media\/4469"}],"wp:attachment":[{"href":"https:\/\/kursy-udt.pl\/ua\/wp-json\/wp\/v2\/media?parent=1327"}],"curies":[{"name":"wp","href":"https:\/\/api.w.org\/{rel}","templated":true}]}}