{"id":1291,"date":"2014-08-12T20:51:07","date_gmt":"2014-08-12T20:51:07","guid":{"rendered":"http:\/\/kursy-udt.pl\/?page_id=1291"},"modified":"2022-10-14T12:24:58","modified_gmt":"2022-10-14T12:24:58","slug":"%d1%80%d0%be%d0%b1%d0%be%d1%82%d0%b0-%d0%b1%d1%96%d0%bb%d1%8f-%d0%bb%d1%96%d0%bd%d1%96%d0%b9-%d0%b5%d0%bb%d0%b5%d0%ba%d1%82%d1%80%d0%be%d0%bf%d0%b5%d1%80%d0%b5%d0%b4%d0%b0%d1%87","status":"publish","type":"page","link":"https:\/\/kursy-udt.pl\/ua\/szkolenia\/podesty-ruchome\/praca-w-poblizu-linii-energetycznych\/","title":{"rendered":"\u0420\u043e\u0431\u043e\u0442\u0430 \u0431\u0456\u043b\u044f \u043b\u0456\u043d\u0456\u0439 \u0435\u043b\u0435\u043a\u0442\u0440\u043e\u043f\u0435\u0440\u0435\u0434\u0430\u0447"},"content":{"rendered":"<div style=\"float: left; padding-right: 10px;\"><img decoding=\"async\" src=\"\/wp-content\/uploads\/2014\/08\/linie-energetyczne_m.jpg\" alt=\"\" \/><\/div>\n<h2 class=\"naglowekh2\">\u0411\u0435\u0437\u043f\u0435\u043a\u0430 \u0432\u0438\u043a\u043e\u0440\u0438\u0441\u0442\u0430\u043d\u043d\u044f \u043c\u043e\u0431\u0456\u043b\u044c\u043d\u0438\u0445 \u043f\u043b\u0430\u0442\u0444\u043e\u0440\u043c \u043f\u043e\u0431\u043b\u0438\u0437\u0443 \u043b\u0456\u043d\u0456\u0439 \u0435\u043b\u0435\u043a\u0442\u0440\u043e\u043f\u0435\u0440\u0435\u0434\u0430\u0447<\/h2>\n<p>\u0421\u0443\u0447\u0430\u0441\u043d\u0456 \u0440\u043e\u0431\u043e\u0447\u0456 \u043f\u043b\u0430\u0442\u0444\u043e\u0440\u043c\u0438, \u0432 \u0442\u043e\u043c\u0443 \u0447\u0438\u0441\u043b\u0456 \u043f\u0456\u0434\u0439\u043e\u043c\u043d\u0438\u043a\u0438, \u0454 \u043e\u043f\u0442\u0438\u043c\u0430\u043b\u044c\u043d\u0438\u043c \u0432\u0438\u0431\u043e\u0440\u043e\u043c \u0434\u043b\u044f \u0440\u043e\u0431\u043e\u0442\u0438 \u043d\u0430 \u0432\u0438\u0441\u043e\u0442\u0456. \u041a\u043e\u043b\u0438 \u0446\u044f \u0440\u043e\u0431\u043e\u0442\u0430 \u043c\u0430\u0454 \u043f\u0440\u043e\u0432\u043e\u0434\u0438\u0442\u0438\u0441\u044f \u043f\u043e\u0431\u043b\u0438\u0437\u0443 \u043b\u0456\u043d\u0456\u0439 \u0435\u043b\u0435\u043a\u0442\u0440\u043e\u043f\u0435\u0440\u0435\u0434\u0430\u0447, \u043d\u0435\u043e\u0431\u0445\u0456\u0434\u043d\u043e \u043f\u0440\u043e\u044f\u0432\u043b\u044f\u0442\u0438 \u043e\u0441\u043e\u0431\u043b\u0438\u0432\u0443 \u043e\u0431\u0435\u0440\u0435\u0436\u043d\u0456\u0441\u0442\u044c. \u0423\u0434\u0430\u0440\u0438 \u0435\u043b\u0435\u043a\u0442\u0440\u0438\u0447\u043d\u0438\u043c \u0441\u0442\u0440\u0443\u043c\u043e\u043c \u0431\u0443\u043b\u0438 \u043e\u0441\u043d\u043e\u0432\u043d\u043e\u044e \u043f\u0440\u0438\u0447\u0438\u043d\u043e\u044e \u0441\u043c\u0435\u0440\u0442\u0456 \u043e\u043f\u0435\u0440\u0430\u0442\u043e\u0440\u0456\u0432 \u043b\u0456\u0444\u0442\u0456\u0432 \u0443 \u0421\u043f\u043e\u043b\u0443\u0447\u0435\u043d\u0438\u0445 \u0428\u0442\u0430\u0442\u0430\u0445 \u0443 2012 \u0440\u043e\u0446\u0456. \u041d\u0430\u0448 \u043a\u0443\u0440\u0441 \u043d\u0430 \u043f\u0456\u0434\u0439\u043e\u043c\u043d\u0438\u043a\u0430\u0445 \u043e\u0445\u043e\u043f\u043b\u044e\u0454 \u0434\u0435\u0442\u0430\u043b\u044c\u043d\u0443 \u0456\u043d\u0444\u043e\u0440\u043c\u0430\u0446\u0456\u044e \u043f\u0440\u043e \u0442\u0435, \u044f\u043a \u0431\u0435\u0437\u043f\u0435\u0447\u043d\u043e \u043f\u0440\u0430\u0446\u044e\u0432\u0430\u0442\u0438 \u0432 \u043d\u0435\u0431\u0435\u0437\u043f\u0435\u0447\u043d\u0456\u0439 \u0437\u043e\u043d\u0456 \u0443\u0440\u0430\u0436\u0435\u043d\u043d\u044f \u0435\u043b\u0435\u043a\u0442\u0440\u0438\u0447\u043d\u0438\u043c \u0441\u0442\u0440\u0443\u043c\u043e\u043c.<\/p>\n<h3 class=\"naglowekh2\"><strong>\u0421\u0435\u0440\u0435\u0434 \u043d\u0430\u0439\u043f\u043e\u0448\u0438\u0440\u0435\u043d\u0456\u0448\u0438\u0445 \u043f\u0440\u0438\u0447\u0438\u043d \u043f\u0430\u0440\u0430\u043b\u0456\u0447\u0443:<\/strong><\/h3>\n<ul>\n<li>\u043e\u043f\u0435\u0440\u0430\u0442\u043e\u0440 \u0430\u0431\u043e \u043a\u043e\u043c\u043f\u043e\u043d\u0435\u043d\u0442\u0438 \u043f\u043b\u0430\u0442\u0444\u043e\u0440\u043c\u0438 \u043d\u0435\u0431\u0435\u0437\u043f\u0435\u0447\u043d\u043e \u043d\u0430\u0431\u043b\u0438\u0436\u0430\u044e\u0442\u044c\u0441\u044f \u0430\u0431\u043e \u0442\u043e\u0440\u043a\u0430\u044e\u0442\u044c\u0441\u044f \u043f\u0440\u043e\u0432\u043e\u0434\u0456\u0432<\/li>\n<li>\u043d\u0435\u0443\u0441\u0432\u0456\u0434\u043e\u043c\u043b\u0435\u043d\u043d\u044f \u0431\u043b\u0438\u0437\u044c\u043a\u043e\u0441\u0442\u0456 \u043f\u043e\u0432\u0456\u0442\u0440\u044f\u043d\u0438\u0445 \u043b\u0456\u043d\u0456\u0439 \u0435\u043b\u0435\u043a\u0442\u0440\u043e\u043f\u0435\u0440\u0435\u0434\u0430\u0447<\/li>\n<li>\u043d\u0435 \u0437\u043d\u0430\u044e\u0442\u044c \u043f\u0440\u043e \u043d\u0430\u043f\u0440\u0443\u0433\u0443, \u0449\u043e \u043f\u0440\u043e\u0445\u043e\u0434\u0438\u0442\u044c \u0447\u0435\u0440\u0435\u0437 \u0434\u0440\u043e\u0442\u0438<\/li>\n<li>\u043d\u0435\u043f\u0440\u0430\u0432\u0438\u043b\u044c\u043d\u0435 \u043f\u043e\u0432\u043e\u0434\u0436\u0435\u043d\u043d\u044f \u0437 \u0434\u043e\u043c\u043a\u0440\u0430\u0442\u043e\u043c, \u043a\u043e\u043b\u0438 \u0432\u0456\u043d \u0440\u043e\u0437\u0442\u0430\u0448\u043e\u0432\u0430\u043d\u0438\u0439 \u043f\u043e\u0431\u043b\u0438\u0437\u0443 \u043f\u0440\u043e\u0432\u043e\u0434\u0456\u0432<\/li>\n<\/ul>\n<p>\u0423\u0440\u0430\u0436\u0435\u043d\u043d\u044f \u0435\u043b\u0435\u043a\u0442\u0440\u0438\u0447\u043d\u0438\u043c \u0441\u0442\u0440\u0443\u043c\u043e\u043c \u043c\u043e\u0436\u043d\u0430 \u0437\u0432\u0435\u0441\u0442\u0438 \u0434\u043e \u043c\u0456\u043d\u0456\u043c\u0443\u043c\u0443 \u0448\u043b\u044f\u0445\u043e\u043c \u0432\u0456\u0434\u043f\u043e\u0432\u0456\u0434\u043d\u043e\u0433\u043e \u043f\u043b\u0430\u043d\u0443\u0432\u0430\u043d\u043d\u044f \u0437\u0430\u0445\u043e\u0434\u0456\u0432 \u0449\u043e\u0434\u043e \u0437\u043c\u0435\u043d\u0448\u0435\u043d\u043d\u044f \u0440\u0438\u0437\u0438\u043a\u0443 \u0442\u0430 \u0443\u043f\u0440\u0430\u0432\u043b\u0456\u043d\u043d\u044f \u0440\u043e\u0431\u043e\u0442\u0430\u043c\u0438 \u043d\u0430 \u0432\u0438\u0441\u043e\u0442\u0456. \u0422\u0430\u043a\u043e\u0436 \u043d\u0435\u043e\u0431\u0445\u0456\u0434\u043d\u043e \u043d\u0430\u043b\u0435\u0436\u043d\u0438\u043c \u0447\u0438\u043d\u043e\u043c \u043d\u0430\u0432\u0447\u0438\u0442\u0438 \u043e\u043f\u0435\u0440\u0430\u0442\u043e\u0440\u0430, \u044f\u043a\u0438\u0439 \u043f\u043e\u0432\u0438\u043d\u0435\u043d \u043c\u0430\u0442\u0438 <a href=\"https:\/\/kursy-udt.pl\/ua\/uprawnienia-udt\/kategorie-uprawnien-2\/\">\u043f\u0440\u0430\u0432\u0430<\/a> \u043d\u0430\u0434\u0430\u043d\u043e \u0423\u0414\u0422.<\/p>\n<h3 class=\"naglowekh2\"><strong>\u041d\u0430\u0439\u0432\u0430\u0436\u043b\u0438\u0432\u0456\u0448\u0456 \u043f\u0440\u0430\u0432\u0438\u043b\u0430 \u0431\u0435\u0437\u043f\u0435\u043a\u0438 \u043f\u0440\u0438 \u0440\u043e\u0431\u043e\u0442\u0456 \u043f\u043e\u0431\u043b\u0438\u0437\u0443 \u043b\u0456\u043d\u0456\u0439 \u0435\u043b\u0435\u043a\u0442\u0440\u043e\u043f\u0435\u0440\u0435\u0434\u0430\u0447:<\/strong><\/h3>\n<ul>\n<li><a href=\"https:\/\/kursy-udt.pl\/wp-content\/uploads\/2022\/10\/2-2.jpeg\"><img loading=\"lazy\" decoding=\"async\" class=\"size-medium wp-image-4485\" src=\"https:\/\/kursy-udt.pl\/wp-content\/uploads\/2022\/10\/2-2-300x197.jpeg\" alt=\"\" width=\"300\" height=\"197\" srcset=\"https:\/\/kursy-udt.pl\/wp-content\/uploads\/2022\/10\/2-2-300x197.jpeg 300w, https:\/\/kursy-udt.pl\/wp-content\/uploads\/2022\/10\/2-2-1024x671.jpeg 1024w, https:\/\/kursy-udt.pl\/wp-content\/uploads\/2022\/10\/2-2-768x503.jpeg 768w, https:\/\/kursy-udt.pl\/wp-content\/uploads\/2022\/10\/2-2-1536x1006.jpeg 1536w, https:\/\/kursy-udt.pl\/wp-content\/uploads\/2022\/10\/2-2-18x12.jpeg 18w, https:\/\/kursy-udt.pl\/wp-content\/uploads\/2022\/10\/2-2-624x409.jpeg 624w, https:\/\/kursy-udt.pl\/wp-content\/uploads\/2022\/10\/2-2.jpeg 1600w\" sizes=\"auto, (max-width: 300px) 100vw, 300px\" \/><\/a>\n<p>\u044f\u043a\u0449\u043e \u0446\u0435 \u043c\u043e\u0436\u043b\u0438\u0432\u043e, \u043f\u0435\u0440\u0435\u0434 \u043f\u043e\u0447\u0430\u0442\u043a\u043e\u043c \u0440\u043e\u0431\u0456\u0442 \u0432\u0456\u0434\u043a\u043b\u044e\u0447\u0456\u0442\u044c \u043f\u043e\u0432\u0456\u0442\u0440\u044f\u043d\u0456 \u043b\u0456\u043d\u0456\u0457 \u0435\u043b\u0435\u043a\u0442\u0440\u043e\u043f\u0435\u0440\u0435\u0434\u0430\u0447<\/li>\n<li>\u044f\u043a\u0449\u043e \u0446\u0435 \u043d\u0435\u043c\u043e\u0436\u043b\u0438\u0432\u043e, \u043d\u0435\u043e\u0431\u0445\u0456\u0434\u043d\u043e \u0437\u0430\u0431\u0435\u0437\u043f\u0435\u0447\u0438\u0442\u0438 \u043d\u0430\u043b\u0435\u0436\u043d\u0438\u0439 \u0437\u0430\u0445\u0438\u0441\u0442 \u043e\u043f\u0435\u0440\u0430\u0442\u043e\u0440\u0430 \u043f\u043b\u0430\u0442\u0444\u043e\u0440\u043c\u0438, \u043e\u0445\u043e\u043f\u0438\u0432\u0448\u0438 \u0457\u0445 \u0437\u0430 \u0434\u043e\u043f\u043e\u043c\u043e\u0433\u043e\u044e \u0441\u043f\u0435\u0446\u0456\u0430\u043b\u044c\u043d\u0438\u0445 \u0456\u043d\u0441\u0442\u0440\u0443\u043c\u0435\u043d\u0442\u0456\u0432<\/li>\n<li>\u0432\u0438 \u043c\u043e\u0436\u0435\u0442\u0435 \u0432\u0438\u043a\u043e\u0440\u0438\u0441\u0442\u043e\u0432\u0443\u0432\u0430\u0442\u0438 \u0456\u043d\u0441\u0442\u0440\u0443\u043c\u0435\u043d\u0442\u0438, \u0449\u043e\u0431 \u0432\u0438\u0437\u043d\u0430\u0447\u0438\u0442\u0438 \u0432\u0456\u0434\u0441\u0442\u0430\u043d\u044c \u0434\u043e \u043f\u0440\u043e\u0432\u043e\u0434\u0456\u0432, \u044f\u043a\u0456 \u0441\u043f\u0440\u0430\u0446\u044c\u043e\u0432\u0443\u044e\u0442\u044c \u0441\u0438\u0433\u043d\u0430\u043b\u0456\u0437\u0430\u0446\u0456\u044e, \u043a\u043e\u043b\u0438 \u0432\u0438 \u043d\u0430\u0431\u043b\u0438\u0436\u0430\u0454\u0442\u0435\u0441\u044f \u0434\u043e \u043d\u0438\u0445 \u0437\u0430\u043d\u0430\u0434\u0442\u043e \u0431\u043b\u0438\u0437\u044c\u043a\u043e<\/li>\n<li>\u0440\u0435\u043a\u043e\u043c\u0435\u043d\u0434\u043e\u0432\u0430\u043d\u043e \u0442\u0440\u0438\u043c\u0430\u0442\u0438 \u043c\u0430\u043a\u0441\u0438\u043c\u0430\u043b\u044c\u043d\u0443 \u0432\u0456\u0434\u0441\u0442\u0430\u043d\u044c 15 \u043c\u0435\u0442\u0440\u0456\u0432 \u0456\u0437 \u043f\u043e\u0432\u043d\u0456\u0441\u0442\u044e \u0432\u0438\u0441\u0443\u043d\u0443\u0442\u043e\u044e \u0441\u0442\u0440\u0456\u043b\u043e\u044e \u0431\u0456\u043b\u044f \u043e\u043f\u043e\u0440 \u0435\u043b\u0435\u043a\u0442\u0440\u043e\u043c\u0435\u0440\u0435\u0436\u0456 \u0442\u0430 \u043c\u0430\u043a\u0441\u0438\u043c\u0443\u043c 9 \u043c\u0435\u0442\u0440\u0456\u0432 \u0431\u0456\u043b\u044f \u0434\u0435\u0440\u0435\u0432\u2019\u044f\u043d\u0438\u0445 \u043e\u043f\u043e\u0440 \u0435\u043b\u0435\u043a\u0442\u0440\u043e\u043f\u0435\u0440\u0435\u0434\u0430\u0447<\/li>\n<li>\u043f\u0456\u0434 \u0447\u0430\u0441 \u0440\u043e\u0431\u043e\u0442\u0438 \u0440\u0435\u043a\u043e\u043c\u0435\u043d\u0434\u0443\u0454\u0442\u044c\u0441\u044f \u0432\u0441\u0442\u0430\u043d\u043e\u0432\u0438\u0442\u0438 \u043c\u0430\u043a\u0441\u0438\u043c\u0430\u043b\u044c\u043d\u0443 \u0432\u0456\u0434\u0441\u0442\u0430\u043d\u044c \u043f\u043e\u0434\u043e\u0432\u0436\u0443\u0432\u0430\u0447\u0430 \u0432\u0456\u0434 \u0437\u0435\u043c\u043b\u0456<\/li>\n<li>\u043f\u043e\u0432\u0438\u043d\u0435\u043d \u0431\u0443\u0442\u0438 \u0437\u0430\u0431\u0435\u0437\u043f\u0435\u0447\u0435\u043d\u0438\u0439 \u043d\u0430\u043b\u0435\u0436\u043d\u0438\u0439 \u043a\u043e\u043d\u0442\u0440\u043e\u043b\u044c \u043c\u0456\u0441\u0446\u044f \u0434\u043e\u0434\u0430\u0442\u043a\u043e\u0432\u0438\u043c \u043f\u0435\u0440\u0441\u043e\u043d\u0430\u043b\u043e\u043c<\/li>\n<li>\u043c\u0430\u044e\u0442\u044c \u0456\u0441\u043d\u0443\u0432\u0430\u0442\u0438 \u0432\u0456\u0434\u043f\u043e\u0432\u0456\u0434\u043d\u0456 \u043f\u043b\u0430\u043d\u0438 \u043d\u0430 \u0432\u0438\u043f\u0430\u0434\u043e\u043a \u043d\u0430\u0434\u0437\u0432\u0438\u0447\u0430\u0439\u043d\u0438\u0445 \u0441\u0438\u0442\u0443\u0430\u0446\u0456\u0439, \u0456 \u0432\u0441\u0456 \u043f\u0440\u0430\u0446\u0456\u0432\u043d\u0438\u043a\u0438 \u043f\u043e\u0432\u0438\u043d\u043d\u0456 \u0431\u0443\u0442\u0438 \u043f\u0440\u043e\u0456\u043d\u0444\u043e\u0440\u043c\u043e\u0432\u0430\u043d\u0456 \u043f\u0440\u043e \u043f\u0440\u043e\u0446\u0435\u0434\u0443\u0440\u0438<\/li>\n<\/ul>\n<p>\u041d\u0430\u0439\u0432\u0430\u0436\u043b\u0438\u0432\u0456\u0448\u0438\u043c \u0454 \u0432\u0456\u0434\u043f\u043e\u0432\u0456\u0434\u043d\u0435 \u043d\u0430\u0432\u0447\u0430\u043d\u043d\u044f \u0456, \u043a\u0440\u0456\u043c \u0442\u043e\u0433\u043e, \u0434\u043e\u0442\u0440\u0438\u043c\u0430\u043d\u043d\u044f \u0442\u0435\u0445\u043d\u0456\u043a\u0438 \u0431\u0435\u0437\u043f\u0435\u043a\u0438 \u043f\u0440\u0438 \u0440\u043e\u0431\u043e\u0442\u0456 \u043f\u043e\u0431\u043b\u0438\u0437\u0443 \u043b\u0456\u043d\u0456\u0439 \u0435\u043b\u0435\u043a\u0442\u0440\u043e\u043f\u0435\u0440\u0435\u0434\u0430\u0447 \u0437 \u0432\u0438\u043a\u043e\u0440\u0438\u0441\u0442\u0430\u043d\u043d\u044f\u043c \u043f\u0456\u0434\u0439\u043e\u043c\u043d\u0438\u043a\u0456\u0432 \u0440\u0456\u0437\u043d\u043e\u0433\u043e \u0442\u0438\u043f\u0443. \u041b\u0456\u043d\u0456\u0457 \u0435\u043b\u0435\u043a\u0442\u0440\u043e\u043f\u0435\u0440\u0435\u0434\u0430\u0447 \u0454 \u0432\u0435\u043b\u0438\u043a\u043e\u044e \u043d\u0435\u0431\u0435\u0437\u043f\u0435\u043a\u043e\u044e, \u0430 \u0430\u0432\u0430\u0440\u0456\u0457 \u0437 \u0457\u0445 \u0443\u0447\u0430\u0441\u0442\u044e \u0442\u0430\u043a\u043e\u0436 \u0454 \u043d\u0430\u0439\u043f\u043e\u0448\u0438\u0440\u0435\u043d\u0456\u0448\u0438\u043c\u0438 \u0442\u0430 \u043d\u0435\u0431\u0435\u0437\u043f\u0435\u0447\u043d\u0438\u043c\u0438, \u043e\u0441\u043a\u0456\u043b\u044c\u043a\u0438 \u0431\u0430\u0433\u0430\u0442\u043e \u0437 \u043d\u0438\u0445 \u0437\u0430\u043a\u0456\u043d\u0447\u0443\u044e\u0442\u044c\u0441\u044f \u0441\u043c\u0435\u0440\u0442\u044e. \u041f\u0456\u0434 \u0447\u0430\u0441 \u043a\u043e\u0436\u043d\u043e\u0433\u043e \u0442\u0440\u0435\u043d\u0456\u043d\u0433\u0443 \u043d\u0430 \u0442\u0435\u043c\u0443 \u0440\u043e\u0431\u043e\u0447\u0438\u0445 \u043f\u043b\u0430\u0442\u0444\u043e\u0440\u043c \u0442\u0435\u043c\u0430 \u0437\u0434\u043e\u0440\u043e\u0432\u2019\u044f \u0442\u0430 \u0431\u0435\u0437\u043f\u0435\u043a\u0438 \u0454 \u043a\u043b\u044e\u0447\u043e\u0432\u043e\u044e \u0434\u043b\u044f \u0440\u043e\u0431\u043e\u0442\u0438 \u0431\u0435\u0437 \u0440\u0438\u0437\u0438\u043a\u0443 \u043d\u0430 \u0432\u0438\u0441\u043e\u0442\u0456.<\/p>\n<p>\u042f\u043a\u0449\u043e \u0432\u0430\u043c \u043f\u043e\u0442\u0440\u0456\u0431\u0435\u043d \u043a\u0443\u0440\u0441 \u043d\u0430 <a href=\"https:\/\/kursy-udt.pl\/ua\/szkolenia\/udt-wdt-tdt\/zwyzki-podnosniki-koszowe\/\">\u043f\u0456\u0434\u0439\u043e\u043c\u043d\u0438\u043a \u043a\u043e\u0448\u0438\u043a\u0430<\/a> \u0412\u0430\u0440\u0448\u0430\u0432\u0430 \u0447\u0438 \u0432\u0441\u044f \u041f\u043e\u043b\u044c\u0449\u0430 - <a href=\"https:\/\/kursy-udt.pl\/ua\/kontakt\/\">\u0437\u0430\u043f\u0440\u043e\u0448\u0443\u0454\u043c\u043e \u0412\u0430\u0441 \u0441\u043a\u043e\u0440\u0438\u0441\u0442\u0430\u0442\u0438\u0441\u044f \u043f\u0440\u043e\u043f\u043e\u0437\u0438\u0446\u0456\u0454\u044e ERGON!<\/a><\/p>\n<div class=\"button_styl\" style=\"float: right; padding-left: 15px; padding-bottom: 8px; margin-bottom: 5px;\"><a class=\"myButton myButton_maly\" href=\"https:\/\/platformaedukacji.pl\/login\/signup.php\" target=\"_blank\" rel=\"nofollow noopener\"><span style=\"color: white;\">\u0417\u0430\u043f\u0438\u0448\u0456\u0442\u044c\u0441\u044f \u043d\u0430 \u043d\u0430\u0432\u0447\u0430\u043d\u043d\u044f<\/span><\/a><\/div>\n<div style=\"padding-top: 70px;\">\n<h2>\u0411\u0456\u043b\u044c\u0448\u0435 \u0456\u043d\u0444\u043e\u0440\u043c\u0430\u0446\u0456\u0457:<\/h2>\n<div style=\"text-align: center; font-size: 85%; line-height: 120%;\">\n<div style=\"float: left; margin-right: 40px; height: 290px;\">\n<p><a href=\"\/ua\/%d0%bd%d0%b0%d0%b2%d1%87%d0%b0%d0%bd%d0%bd%d1%8f\/%d0%bc%d0%be%d0%b1%d1%96%d0%bb%d1%8c%d0%bd%d1%96-%d0%bf%d0%bb%d0%b0%d1%82%d1%84%d0%be%d1%80%d0%bc%d0%b8\/%d0%bf%d1%80%d0%b8%d0%bf%d0%b8%d1%81%d0%b8-%d1%82%d0%b0-%d0%b7%d0%b0%d0%b1%d0%be%d1%80%d0%be%d0%bd%d0%b8\/\"><img decoding=\"async\" src=\"\/wp-content\/uploads\/2014\/08\/nakazy-zakazy.jpg\" alt=\"\" \/><\/a><\/p>\n<div style=\"width: 300px; font-size: 130%;\"><strong>\u0429\u043e \u0440\u043e\u0431\u0438\u0442\u0438 \u0456 \u0447\u043e\u0433\u043e \u043d\u0435 \u0440\u043e\u0431\u0438\u0442\u0438<\/strong><\/div>\n<p>&nbsp;<\/p>\n<\/div>\n<div style=\"float: left; margin-right: 40px; height: 290px;\">\n<p><a href=\"\/ua\/%d0%bd%d0%b0%d0%b2%d1%87%d0%b0%d0%bd%d0%bd%d1%8f\/%d0%bc%d0%be%d0%b1%d1%96%d0%bb%d1%8c%d0%bd%d1%96-%d0%bf%d0%bb%d0%b0%d1%82%d1%84%d0%be%d1%80%d0%bc%d0%b8\/%d1%80%d0%be%d0%b1%d0%be%d1%82%d0%b0-%d0%b1%d1%96%d0%bb%d1%8f-%d0%bb%d1%96%d0%bd%d1%96%d0%b9-%d0%b5%d0%bb%d0%b5%d0%ba%d1%82%d1%80%d0%be%d0%bf%d0%b5%d1%80%d0%b5%d0%b4%d0%b0%d1%87\/\"><img decoding=\"async\" src=\"\/wp-content\/uploads\/2014\/08\/linie-energetyczne.jpg\" alt=\"\" \/><\/a><\/p>\n<div style=\"width: 300px; font-size: 130%;\"><strong>\u0420\u043e\u0431\u043e\u0442\u0430 \u0431\u0456\u043b\u044f \u043b\u0456\u043d\u0456\u0439 \u0435\u043b\u0435\u043a\u0442\u0440\u043e\u043f\u0435\u0440\u0435\u0434\u0430\u0447 <\/strong><\/div>\n<p>&nbsp;<\/p>\n<\/div>\n<\/div>\n<div style=\"clear: both;\"><\/div>\n<div style=\"text-align: center; font-size: 85%; line-height: 120%;\">\n<div style=\"float: left; margin-right: 40px; height: 290px;\">\n<p><a href=\"\/ua\/%d0%bd%d0%b0%d0%b2%d1%87%d0%b0%d0%bd%d0%bd%d1%8f\/%d0%bc%d0%be%d0%b1%d1%96%d0%bb%d1%8c%d0%bd%d1%96-%d0%bf%d0%bb%d0%b0%d1%82%d1%84%d0%be%d1%80%d0%bc%d0%b8\/%d0%bf%d1%80%d0%be%d1%86%d0%b5%d0%b4%d1%83%d1%80%d0%b8-%d0%b1%d0%b5%d0%b7%d0%bf%d0%b5%d0%ba%d0%b8\/\"><img decoding=\"async\" src=\"\/wp-content\/uploads\/2014\/08\/bezpieczenstwo.jpg\" alt=\"\" \/><\/a><\/p>\n<div style=\"width: 300px; font-size: 130%;\"><strong>\u0411\u0435\u0437\u043f\u0435\u043a\u0430<\/strong><\/div>\n<p>&nbsp;<\/p>\n<\/div>\n<div style=\"float: left; margin-right: 40px; height: 290px;\">\n<p><a href=\"\/ua\/%d0%bd%d0%b0%d0%b2%d1%87%d0%b0%d0%bd%d0%bd%d1%8f\/%d0%bc%d0%be%d0%b1%d1%96%d0%bb%d1%8c%d0%bd%d1%96-%d0%bf%d0%bb%d0%b0%d1%82%d1%84%d0%be%d1%80%d0%bc%d0%b8\/%d0%bf%d1%96%d0%b4%d0%b3%d0%be%d1%82%d0%be%d0%b2%d0%ba%d0%b0-%d0%bf%d0%be%d0%b2%d0%b5%d1%80%d1%85%d0%bd%d1%96\/\"><img decoding=\"async\" src=\"\/wp-content\/uploads\/2014\/08\/wypadek.jpg\" alt=\"\" \/><\/a><\/p>\n<div style=\"width: 300px; font-size: 130%;\"><strong>\u041f\u0456\u0434\u0433\u043e\u0442\u043e\u0432\u043a\u0430 \u043f\u043e\u0432\u0435\u0440\u0445\u043d\u0456<\/strong><\/div>\n<p>&nbsp;<\/p>\n<\/div>\n<\/div>\n<div style=\"clear: both;\"><\/div>\n<div style=\"text-align: center; font-size: 85%; line-height: 120%;\">\n<div style=\"float: left; margin-right: 40px; height: 290px;\">\n<p><a href=\"\/ua\/%d0%bd%d0%b0%d0%b2%d1%87%d0%b0%d0%bd%d0%bd%d1%8f\/%d0%bc%d0%be%d0%b1%d1%96%d0%bb%d1%8c%d0%bd%d1%96-%d0%bf%d0%bb%d0%b0%d1%82%d1%84%d0%be%d1%80%d0%bc%d0%b8\/%d0%b4%d0%b5%d1%80%d0%b5%d0%b2%d0%be-%d0%b1%d0%b5%d0%b7%d0%bf%d0%b5%d0%ba%d0%b0-%d0%b4%d0%be%d0%b3%d0%bb%d1%8f%d0%b4\/\"><img decoding=\"async\" src=\"\/wp-content\/uploads\/2016\/09\/drzewa.png\" alt=\"\" \/><\/a><\/p>\n<div style=\"width: 300px; font-size: 130%;\"><strong>\u0422\u0435\u0445\u043d\u0456\u043a\u0430 \u0431\u0435\u0437\u043f\u0435\u043a\u0438 \u043f\u0440\u0438 \u0434\u043e\u0433\u043b\u044f\u0434\u0456 \u0437\u0430 \u0434\u0435\u0440\u0435\u0432\u0430\u043c\u0438<\/strong><\/div>\n<p>&nbsp;<\/p>\n<\/div>\n<div style=\"float: left; margin-right: 40px; height: 290px;\">\n<p><a href=\"\/ua\/%d0%bd%d0%b0%d0%b2%d1%87%d0%b0%d0%bd%d0%bd%d1%8f\/%d0%bc%d0%be%d0%b1%d1%96%d0%bb%d1%8c%d0%bd%d1%96-%d0%bf%d0%bb%d0%b0%d1%82%d1%84%d0%be%d1%80%d0%bc%d0%b8\/\"><img decoding=\"async\" style=\"width: 300px; height: 225px;\" src=\"\/wp-content\/uploads\/2014\/04\/10-pokaz.jpeg\" alt=\"\" \/><\/a><\/p>\n<div style=\"width: 300px; font-size: 130%;\"><strong><a href=\"https:\/\/kursy-udt.pl\/ua\/szkolenia\/podesty-ruchome\/\">\u0422\u0440\u0435\u043d\u0456\u043d\u0433\u0438 \u0434\u043b\u044f \u043c\u043e\u0431\u0456\u043b\u044c\u043d\u0438\u0445 \u043f\u043b\u0430\u0442\u0444\u043e\u0440\u043c<\/a><\/strong><\/div>\n<p>&nbsp;<\/p>\n<\/div>\n<\/div>\n<\/div>","protected":false},"excerpt":{"rendered":"<p>Bezpiecze\u0144stwo u\u017cycia podest\u00f3w ruchomych w pobli\u017cu linii energetycznych Nowoczesne pomosty robocze, w tym podno\u015bniki koszowe, s\u0105 optymalnym wyborem przy pracach na wysoko\u015bci. Wtedy, gdy prace te odbywa\u0107 maj\u0105 si\u0119 w pobli\u017cu linii energetycznych, konieczne jest zachowanie szczeg\u00f3lnej ostro\u017cno\u015bci. Pora\u017cenia pr\u0105dem by\u0142y najcz\u0119stsz\u0105 przyczyn\u0105 zgon\u00f3w w\u015br\u00f3d operator\u00f3w podno\u015bnik\u00f3w w Stanach Zjednoczonych w 2012 roku. Nasz kurs podno\u015bniki koszowe obejmuje dok\u0142adne informacje, jak pracowa\u0107 bezpiecznie w miejscu zagro\u017cenia pora\u017ceniem energi\u0105 elektryczn\u0105. W\u015br\u00f3d najcz\u0119stszych przyczyn wyst\u0119powania pora\u017cenia znajduj\u0105 si\u0119: operator lub elementy podestu zbli\u017caj\u0105ce si\u0119 niebezpiecznie lub dotykaj\u0105ce przewod\u00f3w brak \u015bwiadomo\u015bci blisko\u015bci napowietrznych linii energetycznych brak \u015bwiadomo\u015bci napi\u0119cia przebiegaj\u0105cego przez przewody nieodpowiednie operowanie podno\u015bnikiem wtedy, gdy znajduje si\u0119 on w pobli\u017cu przewod\u00f3w Pora\u017cenie pr\u0105dem mo\u017ce by\u0107 zminimalizowane dzi\u0119ki odpowiednim dzia\u0142aniom planistycznym zmniejszaj\u0105cym ryzyko oraz zarz\u0105dzaniu prac\u0105 na wysoko\u015bci. Niezb\u0119dne jest r\u00f3wnie\u017c w\u0142a\u015bciwe przeszkolenie operatora, kt\u00f3ry powinien posiada\u0107 uprawnienia nadane przez UDT. Najwa\u017cniejsze zasady bezpiecze\u0144stwa przy pracy w pobli\u017cu linii energetycznych: tam, gdzie to mo\u017cliwe, nale\u017cy od\u0142\u0105czy\u0107 napowietrzne linie energetyczne przed przyst\u0105pieniem do prac je\u017celi nie jest to mo\u017cliwe, nale\u017cy zapewni\u0107 odpowiednie zabezpieczenie operatorowi platformy poprzez os\u0142oni\u0119cie ich z u\u017cyciem przeznaczonych do tego celu narz\u0119dzi mo\u017cna zastosowa\u0107 narz\u0119dzia okre\u015blaj\u0105ce odleg\u0142o\u015b\u0107 od przewod\u00f3w, kt\u00f3re wywo\u0142uj\u0105 alarm przy zbytnim zbli\u017ceniu si\u0119 do nich zalecane jest utrzymanie odleg\u0142o\u015bci maksymalnie 15 metr\u00f3w przy w pe\u0142ni roz\u0142o\u017conym wysi\u0119gniku w pobli\u017cu s\u0142up\u00f3w energetycznych oraz maksymalnie 9 metr\u00f3w przy s\u0142upach energetycznych drewnianych przy pracach zaleca si\u0119 wyznaczenie na gruncie maksymalnej odleg\u0142o\u015bci roz\u0142o\u017cenia wysi\u0119gnika nale\u017cy zapewni\u0107 odpowiedni\u0105 kontrol\u0119 terenu przez dodatkowych pracownik\u00f3w na miejscu musz\u0105 znajdowa\u0107 si\u0119 odpowiednie plany dla sytuacji alarmowych i o procedurach musz\u0105 by\u0107 [&hellip;]<\/p>\n","protected":false},"author":1,"featured_media":4485,"parent":75,"menu_order":0,"comment_status":"closed","ping_status":"closed","template":"","meta":{"sfsi_plus_gutenberg_text_before_share":"","sfsi_plus_gutenberg_show_text_before_share":"","sfsi_plus_gutenberg_icon_type":"","sfsi_plus_gutenberg_icon_alignemt":"","sfsi_plus_gutenburg_max_per_row":"","footnotes":""},"class_list":["post-1291","page","type-page","status-publish","has-post-thumbnail","hentry","has_thumb"],"aioseo_notices":[],"_links":{"self":[{"href":"https:\/\/kursy-udt.pl\/ua\/wp-json\/wp\/v2\/pages\/1291","targetHints":{"allow":["GET"]}}],"collection":[{"href":"https:\/\/kursy-udt.pl\/ua\/wp-json\/wp\/v2\/pages"}],"about":[{"href":"https:\/\/kursy-udt.pl\/ua\/wp-json\/wp\/v2\/types\/page"}],"author":[{"embeddable":true,"href":"https:\/\/kursy-udt.pl\/ua\/wp-json\/wp\/v2\/users\/1"}],"replies":[{"embeddable":true,"href":"https:\/\/kursy-udt.pl\/ua\/wp-json\/wp\/v2\/comments?post=1291"}],"version-history":[{"count":7,"href":"https:\/\/kursy-udt.pl\/ua\/wp-json\/wp\/v2\/pages\/1291\/revisions"}],"predecessor-version":[{"id":4486,"href":"https:\/\/kursy-udt.pl\/ua\/wp-json\/wp\/v2\/pages\/1291\/revisions\/4486"}],"up":[{"embeddable":true,"href":"https:\/\/kursy-udt.pl\/ua\/wp-json\/wp\/v2\/pages\/75"}],"wp:featuredmedia":[{"embeddable":true,"href":"https:\/\/kursy-udt.pl\/ua\/wp-json\/wp\/v2\/media\/4485"}],"wp:attachment":[{"href":"https:\/\/kursy-udt.pl\/ua\/wp-json\/wp\/v2\/media?parent=1291"}],"curies":[{"name":"wp","href":"https:\/\/api.w.org\/{rel}","templated":true}]}}