{"id":1289,"date":"2014-08-12T20:47:13","date_gmt":"2014-08-12T20:47:13","guid":{"rendered":"http:\/\/kursy-udt.pl\/?page_id=1289"},"modified":"2022-10-17T10:20:25","modified_gmt":"2022-10-17T10:20:25","slug":"%d0%bf%d1%80%d0%be%d1%86%d0%b5%d0%b4%d1%83%d1%80%d0%b8-%d0%b1%d0%b5%d0%b7%d0%bf%d0%b5%d0%ba%d0%b8","status":"publish","type":"page","link":"https:\/\/kursy-udt.pl\/ua\/szkolenia\/podesty-ruchome\/procedury-bezpieczenstwa\/","title":{"rendered":"\u041f\u0440\u043e\u0446\u0435\u0434\u0443\u0440\u0438 \u0431\u0435\u0437\u043f\u0435\u043a\u0438"},"content":{"rendered":"<div style=\"float: left; padding-right: 10px;\"><img decoding=\"async\" src=\"\/wp-content\/uploads\/2014\/08\/bezpieczenstwo_m.jpg\" alt=\"\" \/><\/div>\n<p>\u041a\u043e\u0436\u0435\u043d \u043a\u0443\u0440\u0441 \u043d\u0430 <a href=\"https:\/\/kursy-udt.pl\/ua\/szkolenia\/udt-wdt-tdt\/zwyzki-podnosniki-koszowe\/\">\u043f\u0456\u0434\u0439\u043e\u043c\u043d\u0438\u043a \u043a\u043e\u0448\u0438\u043a\u0430<\/a>, \u043d\u043e\u0436\u0438\u0446\u0456 \u0447\u0438 \u0456\u043d\u0448\u0438\u0439 \u0442\u0438\u043f \u043f\u0440\u0438\u0441\u0442\u0440\u043e\u044e \u043e\u0445\u043e\u043f\u043b\u044e\u0454 \u043f\u0438\u0442\u0430\u043d\u043d\u044f \u0431\u0435\u0437\u043f\u0435\u043a\u0438 \u0442\u0430 \u043f\u0440\u043e\u0446\u0435\u0434\u0443\u0440\u0438 \u0443 \u0440\u0430\u0437\u0456 \u0437\u0430\u0433\u0440\u043e\u0437\u0438 \u0436\u0438\u0442\u0442\u044e \u0447\u0438 \u0437\u0434\u043e\u0440\u043e\u0432\u2019\u044e \u043e\u043f\u0435\u0440\u0430\u0442\u043e\u0440\u0430 \u0442\u0430 \u0456\u043d\u0448\u0438\u0445 \u043a\u043e\u0440\u0438\u0441\u0442\u0443\u0432\u0430\u0447\u0456\u0432 \u043f\u0440\u0438\u0441\u0442\u0440\u043e\u044e. \u041c\u0438 \u043f\u0440\u0435\u0434\u0441\u0442\u0430\u0432\u043b\u044f\u0454\u043c\u043e \u043f\u043e\u043a\u0440\u043e\u043a\u043e\u0432\u0443 \u043f\u0440\u043e\u0446\u0435\u0434\u0443\u0440\u0443, \u044f\u043a\u0443 \u043d\u0435\u043e\u0431\u0445\u0456\u0434\u043d\u043e \u0432\u0438\u043a\u043e\u043d\u0430\u0442\u0438, \u044f\u043a\u0449\u043e \u043f\u043b\u0430\u0442\u0444\u043e\u0440\u043c\u0430 \u043c\u043e\u0431\u0456\u043b\u044c\u043d\u043e\u0433\u043e \u0434\u043e\u0441\u0442\u0443\u043f\u0443 \u0430\u0431\u043e \u0456\u043d\u0448\u0438\u0439 \u0442\u0438\u043f \u043f\u0440\u0438\u0441\u0442\u0440\u043e\u044e \u0437\u0430\u0432\u0430\u0436\u0430\u0454 \u043e\u043f\u0435\u0440\u0430\u0442\u043e\u0440\u0443 \u0432\u0456\u043b\u044c\u043d\u043e \u0432\u0438\u0445\u043e\u0434\u0438\u0442\u0438 \u0430\u0431\u043e \u043d\u0430\u0432\u0456\u0442\u044c \u0441\u043f\u0456\u043b\u043a\u0443\u0432\u0430\u0442\u0438\u0441\u044f.<\/p>\n<p><strong>\u0423 \u0442\u0430\u043a\u0438\u0445 \u0432\u0438\u043f\u0430\u0434\u043a\u0430\u0445 \u043f\u0435\u0440\u0448\u043e\u0447\u0435\u0440\u0433\u043e\u0432\u043e \u043f\u043e\u0442\u0440\u0456\u0431\u043d\u043e \u043d\u0435\u0433\u0430\u0439\u043d\u043e \u043f\u043e\u0432\u0456\u0434\u043e\u043c\u0438\u0442\u0438 \u0432\u0456\u0434\u043f\u043e\u0432\u0456\u0434\u043d\u0456 \u0441\u043b\u0443\u0436\u0431\u0438. \u041e\u0434\u043d\u043e\u0447\u0430\u0441\u043d\u043e \u0441\u043b\u0456\u0434 \u043f\u0440\u043e\u0432\u043e\u0434\u0438\u0442\u0438 \u0440\u044f\u0442\u0443\u0432\u0430\u043b\u044c\u043d\u0456 \u0434\u0456\u0457, \u044f\u043a\u0456 \u0432\u043a\u043b\u044e\u0447\u0430\u044e\u0442\u044c \u043d\u0430\u0441\u0442\u0443\u043f\u043d\u0456 \u0437\u0430\u0445\u043e\u0434\u0438:<\/strong><\/p>\n<ul>\n<li>\u044f\u043a\u0449\u043e \u043e\u043f\u0435\u0440\u0430\u0442\u043e\u0440 \u043f\u0440\u0438\u0441\u0442\u0440\u043e\u044e \u043d\u0435 \u043c\u043e\u0436\u0435 \u0432\u0437\u044f\u0442\u0438 \u0441\u0438\u0442\u0443\u0430\u0446\u0456\u044e \u043f\u0456\u0434 \u043a\u043e\u043d\u0442\u0440\u043e\u043b\u044c, \u0442\u043e \u043b\u044e\u0434\u0438 \u043d\u0430 \u043f\u043b\u0430\u0442\u0444\u043e\u0440\u043c\u0456, \u0430\u043b\u0435 \u043b\u0438\u0448\u0435 \u0442\u0456, \u0445\u0442\u043e \u043c\u0430\u0454 \u0432\u0456\u0434\u043f\u043e\u0432\u0456\u0434\u043d\u0456 \u0437\u043d\u0430\u043d\u043d\u044f \u0442\u0430 \u0434\u043e\u0437\u0432\u0456\u043b \u0440\u043e\u0431\u043e\u0442\u043e\u0434\u0430\u0432\u0446\u044f, \u043c\u043e\u0436\u0443\u0442\u044c \u043a\u0435\u0440\u0443\u0432\u0430\u0442\u0438 \u043f\u0430\u043d\u0435\u043b\u043b\u044e \u043a\u0435\u0440\u0443\u0432\u0430\u043d\u043d\u044f<\/li>\n<li>\u044f\u043a\u0449\u043e \u0432\u0438\u0449\u0435\u0437\u0430\u0437\u043d\u0430\u0447\u0435\u043d\u0430 \u0441\u0438\u0442\u0443\u0430\u0446\u0456\u044f \u043d\u0435\u043c\u043e\u0436\u043b\u0438\u0432\u0430, \u0442\u043e \u043e\u0441\u043e\u0431\u0430 \u043d\u0430 \u0440\u0456\u0432\u043d\u0456 \u0437\u0435\u043c\u043b\u0456 \u043c\u043e\u0436\u0435 \u0437\u0430\u043b\u0438\u0448\u0438\u0442\u0438 \u043f\u043b\u0430\u0442\u0444\u043e\u0440\u043c\u0443, \u0430\u043b\u0435 \u043b\u0438\u0448\u0435 \u044f\u043a\u0449\u043e \u0432\u043e\u043d\u0430 \u0437\u043d\u0430\u0439\u043e\u043c\u0430 \u0437 \u043f\u0440\u043e\u0446\u0435\u0434\u0443\u0440\u043e\u044e \u0435\u043a\u0441\u0442\u0440\u0435\u043d\u043e\u0433\u043e \u043e\u043f\u0443\u0441\u043a\u0430\u043d\u043d\u044f \u043f\u043b\u0430\u0442\u0444\u043e\u0440\u043c\u0438, \u043c\u0430\u0454 \u0434\u043e\u0437\u0432\u0456\u043b \u043f\u0440\u0430\u0446\u0456\u0432\u043d\u0438\u043a\u0430 \u0442\u0430 \u0437\u043d\u0430\u0454 \u0456\u043d\u0448\u0456 \u043f\u0440\u043e\u0446\u0435\u0434\u0443\u0440\u0438 \u0431\u0435\u0437\u043f\u0435\u043a\u0438<\/li>\n<\/ul>\n<p>\u041f\u0435\u0440\u0448 \u043d\u0456\u0436 \u043f\u043e\u043a\u0438\u043d\u0443\u0442\u0438 \u0442\u0430\u043a\u0456 \u043f\u043b\u0430\u0442\u0444\u043e\u0440\u043c\u0438, \u044f\u043a \u0441\u0430\u043c\u043e\u0445\u0456\u0434\u043d\u0456 \u043c\u043e\u0431\u0456\u043b\u044c\u043d\u0456 \u043f\u043b\u0430\u0442\u0444\u043e\u0440\u043c\u0438, <a href=\"https:\/\/kursy-udt.pl\/ua\/szkolenia\/udt-wdt-tdt\/podesty-ruchome-masztowe\/\">\u0449\u043e\u0433\u043b\u043e\u0432\u0456 \u043f\u0456\u0434\u0439\u043e\u043c\u043d\u0456 \u0440\u043e\u0431\u043e\u0447\u0456 \u043f\u043b\u0430\u0442\u0444\u043e\u0440\u043c\u0438<\/a>, <a href=\"https:\/\/kursy-udt.pl\/ua\/szkolenia\/udt-wdt-tdt\/podesty-ruchome-wiszace\/\">\u041f\u0456\u0434\u0432\u0456\u0441\u043d\u0456 \u043c\u043e\u0431\u0456\u043b\u044c\u043d\u0456 \u043f\u043b\u0430\u0442\u0444\u043e\u0440\u043c\u0438<\/a> \u0447\u0438 \u043f\u043e\u0442\u0440\u0456\u0431\u043d\u0456 \u043f\u0435\u0440\u0435\u0441\u0443\u0432\u043d\u0456 \u0442\u0430 \u0456\u043d\u0448\u0456 \u0442\u0438\u043f\u0438 \u043f\u0435\u0440\u0435\u0441\u0443\u0432\u043d\u0438\u0445 \u043f\u043b\u0430\u0442\u0444\u043e\u0440\u043c \u0434\u043b\u044f \u043f\u0435\u0440\u0435\u0432\u0456\u0440\u043a\u0438 \u0442\u0435\u0440\u0438\u0442\u043e\u0440\u0456\u0457, \u043d\u0430 \u044f\u043a\u0456\u0439 \u0432\u043e\u043d\u0438 \u0440\u043e\u0437\u0442\u0430\u0448\u043e\u0432\u0430\u043d\u0456, \u0437 \u043c\u0435\u0442\u043e\u044e \u0443\u0441\u0443\u043d\u0435\u043d\u043d\u044f \u0431\u0443\u0434\u044c-\u044f\u043a\u0438\u0445 \u043f\u0435\u0440\u0435\u0448\u043a\u043e\u0434.<\/p>\n<p>&nbsp;<\/p>\n<p><a href=\"https:\/\/kursy-udt.pl\/wp-content\/uploads\/2022\/10\/1-7.jpeg\"><img loading=\"lazy\" decoding=\"async\" class=\"size-medium wp-image-4489 alignright\" src=\"https:\/\/kursy-udt.pl\/wp-content\/uploads\/2022\/10\/1-7-300x194.jpeg\" alt=\"\" width=\"300\" height=\"194\" srcset=\"https:\/\/kursy-udt.pl\/wp-content\/uploads\/2022\/10\/1-7-300x194.jpeg 300w, https:\/\/kursy-udt.pl\/wp-content\/uploads\/2022\/10\/1-7-1024x660.jpeg 1024w, https:\/\/kursy-udt.pl\/wp-content\/uploads\/2022\/10\/1-7-768x495.jpeg 768w, https:\/\/kursy-udt.pl\/wp-content\/uploads\/2022\/10\/1-7-1536x991.jpeg 1536w, https:\/\/kursy-udt.pl\/wp-content\/uploads\/2022\/10\/1-7-18x12.jpeg 18w, https:\/\/kursy-udt.pl\/wp-content\/uploads\/2022\/10\/1-7-624x402.jpeg 624w, https:\/\/kursy-udt.pl\/wp-content\/uploads\/2022\/10\/1-7.jpeg 1600w\" sizes=\"auto, (max-width: 300px) 100vw, 300px\" \/><\/a><\/p>\n<p>\u041d\u0430\u0439\u043a\u0440\u0430\u0449\u0435 \u043a\u0435\u0440\u0443\u0432\u0430\u0442\u0438 \u043f\u0440\u0438\u0441\u0442\u0440\u043e\u0454\u043c \u0437 \u0440\u0456\u0432\u043d\u044f \u0437\u0435\u043c\u043b\u0456, \u043e\u0441\u043a\u0456\u043b\u044c\u043a\u0438 \u0442\u043e\u0434\u0456 \u0446\u0435 \u0437\u0430\u0431\u0435\u0437\u043f\u0435\u0447\u0443\u0454 \u0442\u043e\u0447\u043d\u0443 \u0440\u043e\u0431\u043e\u0442\u0443, \u0430\u043b\u0435 \u0432\u0438 \u0442\u0430\u043a\u043e\u0436 \u043c\u043e\u0436\u0435\u0442\u0435 \u0432\u0438\u043a\u043e\u0440\u0438\u0441\u0442\u043e\u0432\u0443\u0432\u0430\u0442\u0438 \u0440\u0456\u0432\u0435\u043d\u044c \u043f\u043b\u0430\u0442\u0444\u043e\u0440\u043c\u0438, \u0437\u0430\u043b\u0435\u0436\u043d\u043e \u0432\u0456\u0434 \u0441\u0438\u0442\u0443\u0430\u0446\u0456\u0457. \u041a\u043b\u044e\u0447\u0456 \u0432\u0456\u0434 \u043f\u0440\u0438\u0441\u0442\u0440\u043e\u044e \u043f\u043e\u0432\u0438\u043d\u043d\u0456 \u0437\u043d\u0430\u0445\u043e\u0434\u0438\u0442\u0438\u0441\u044f \u0443 \u043e\u0441\u0456\u0431, \u0432\u0456\u0434\u043f\u043e\u0432\u0456\u0434\u0430\u043b\u044c\u043d\u0438\u0445 \u0437\u0430 \u043f\u0440\u043e\u0432\u0435\u0434\u0435\u043d\u043d\u044f \u0440\u044f\u0442\u0443\u0432\u0430\u043b\u044c\u043d\u0438\u0445 \u0437\u0430\u0445\u043e\u0434\u0456\u0432 \u0443 \u0440\u0430\u0437\u0456 \u0430\u0432\u0430\u0440\u0456\u0457 \u0430\u0431\u043e \u0430\u0432\u0430\u0440\u0456\u0457.<\/p>\n<p>\u0412\u0456\u0434\u043f\u043e\u0432\u0456\u0434\u043d\u0435 \u043d\u0430\u0432\u0447\u0430\u043d\u043d\u044f \u043f\u0440\u0430\u0446\u0456\u0432\u043d\u0438\u043a\u0456\u0432 \u0432\u0438\u043a\u043e\u0440\u0438\u0441\u0442\u0430\u043d\u043d\u044e \u043c\u043e\u0431\u0456\u043b\u044c\u043d\u0438\u0445 \u043f\u043b\u0430\u0442\u0444\u043e\u0440\u043c \u0454 \u043a\u043b\u044e\u0447\u043e\u0432\u0438\u043c \u0435\u043b\u0435\u043c\u0435\u043d\u0442\u043e\u043c \u0431\u0435\u0437\u043f\u0435\u043a\u0438 \u043f\u0440\u0430\u0446\u0456, \u0456 \u044f\u043a\u0449\u043e \u043f\u0440\u0430\u0446\u0456\u0432\u043d\u0438\u043a\u0438 \u043d\u0435 \u043c\u0430\u044e\u0442\u044c \u0432\u0456\u0434\u043f\u043e\u0432\u0456\u0434\u043d\u0438\u0445 \u0437\u043d\u0430\u043d\u044c, \u0440\u0438\u0437\u0438\u043a \u043d\u0435\u0449\u0430\u0441\u043d\u0438\u0445 \u0432\u0438\u043f\u0430\u0434\u043a\u0456\u0432 \u043d\u0430 \u0432\u0438\u0440\u043e\u0431\u043d\u0438\u0446\u0442\u0432\u0456 \u0437\u043d\u0430\u0447\u043d\u043e \u0432\u0438\u0449\u0438\u0439. \u042f\u043a\u0449\u043e \u0432\u0438 \u043f\u043b\u0430\u043d\u0443\u0454\u0442\u0435 \u0432\u0438\u043a\u043e\u0440\u0438\u0441\u0442\u043e\u0432\u0443\u0432\u0430\u0442\u0438 \u043c\u043e\u0431\u0456\u043b\u044c\u043d\u0456 \u043f\u043b\u0430\u0442\u0444\u043e\u0440\u043c\u0438 \u0443 \u0441\u0432\u043e\u0457\u0439 \u043a\u043e\u043c\u043f\u0430\u043d\u0456\u0457, \u043a\u0443\u0440\u0441 \u0443 \u043d\u0430\u0448\u043e\u043c\u0443 \u0426\u0435\u043d\u0442\u0440\u0456 \u0431\u0443\u0434\u0435 \u043d\u0430\u0439\u043a\u0440\u0430\u0449\u0438\u043c \u0432\u0438\u0431\u043e\u0440\u043e\u043c. \u041f\u0440\u043e\u043f\u043e\u043d\u0443\u0454\u043c\u043e \u0412\u0430\u043c \u043e\u0437\u043d\u0430\u0439\u043e\u043c\u0438\u0442\u0438\u0441\u044f \u0437 \u043f\u0440\u043e\u043f\u043e\u0437\u0438\u0446\u0456\u0454\u044e \u0442\u0430 \u0441\u043a\u043e\u0440\u0438\u0441\u0442\u0430\u0442\u0438\u0441\u044f \u043d\u0435\u044e!<\/p>\n<div class=\"button_styl\" style=\"float: right; padding-left: 15px; padding-bottom: 8px; margin-bottom: 5px;\"><a class=\"myButton myButton_maly\" href=\"https:\/\/platformaedukacji.pl\/login\/signup.php\" target=\"_blank\" rel=\"nofollow noopener\"><span style=\"color: white;\">\u0417\u0430\u043f\u0438\u0448\u0456\u0442\u044c\u0441\u044f \u043d\u0430 \u043d\u0430\u0432\u0447\u0430\u043d\u043d\u044f<\/span><\/a><\/div>\n<div style=\"padding-top: 70px;\">\n<h2>\u0411\u0456\u043b\u044c\u0448\u0435 \u0456\u043d\u0444\u043e\u0440\u043c\u0430\u0446\u0456\u0457:<\/h2>\n<div style=\"text-align: center; font-size: 85%; line-height: 120%;\">\n<div style=\"float: left; margin-right: 40px; height: 290px;\">\n<p><a href=\"\/ua\/%d0%bd%d0%b0%d0%b2%d1%87%d0%b0%d0%bd%d0%bd%d1%8f\/%d0%bc%d0%be%d0%b1%d1%96%d0%bb%d1%8c%d0%bd%d1%96-%d0%bf%d0%bb%d0%b0%d1%82%d1%84%d0%be%d1%80%d0%bc%d0%b8\/%d0%bf%d1%80%d0%b8%d0%bf%d0%b8%d1%81%d0%b8-%d1%82%d0%b0-%d0%b7%d0%b0%d0%b1%d0%be%d1%80%d0%be%d0%bd%d0%b8\/\"><img decoding=\"async\" src=\"\/wp-content\/uploads\/2014\/08\/nakazy-zakazy.jpg\" alt=\"\" \/><\/a><\/p>\n<div style=\"width: 300px; font-size: 130%;\"><strong>\u0429\u043e \u0440\u043e\u0431\u0438\u0442\u0438 \u0456 \u0447\u043e\u0433\u043e \u043d\u0435 \u0440\u043e\u0431\u0438\u0442\u0438<\/strong><\/div>\n<p>&nbsp;<\/p>\n<\/div>\n<div style=\"float: left; margin-right: 40px; height: 290px;\">\n<p><a href=\"\/ua\/%d0%bd%d0%b0%d0%b2%d1%87%d0%b0%d0%bd%d0%bd%d1%8f\/%d0%bc%d0%be%d0%b1%d1%96%d0%bb%d1%8c%d0%bd%d1%96-%d0%bf%d0%bb%d0%b0%d1%82%d1%84%d0%be%d1%80%d0%bc%d0%b8\/%d1%80%d0%be%d0%b1%d0%be%d1%82%d0%b0-%d0%b1%d1%96%d0%bb%d1%8f-%d0%bb%d1%96%d0%bd%d1%96%d0%b9-%d0%b5%d0%bb%d0%b5%d0%ba%d1%82%d1%80%d0%be%d0%bf%d0%b5%d1%80%d0%b5%d0%b4%d0%b0%d1%87\/\"><img decoding=\"async\" src=\"\/wp-content\/uploads\/2014\/08\/linie-energetyczne.jpg\" alt=\"\" \/><\/a><\/p>\n<div style=\"width: 300px; font-size: 130%;\"><strong>\u0420\u043e\u0431\u043e\u0442\u0430 \u0431\u0456\u043b\u044f \u043b\u0456\u043d\u0456\u0439 \u0435\u043b\u0435\u043a\u0442\u0440\u043e\u043f\u0435\u0440\u0435\u0434\u0430\u0447 <\/strong><\/div>\n<p>&nbsp;<\/p>\n<\/div>\n<\/div>\n<div style=\"clear: both;\"><\/div>\n<div style=\"text-align: center; font-size: 85%; line-height: 120%;\">\n<div style=\"float: left; margin-right: 40px; height: 290px;\">\n<p><a href=\"\/ua\/%d0%bd%d0%b0%d0%b2%d1%87%d0%b0%d0%bd%d0%bd%d1%8f\/%d0%bc%d0%be%d0%b1%d1%96%d0%bb%d1%8c%d0%bd%d1%96-%d0%bf%d0%bb%d0%b0%d1%82%d1%84%d0%be%d1%80%d0%bc%d0%b8\/%d0%bf%d1%80%d0%be%d1%86%d0%b5%d0%b4%d1%83%d1%80%d0%b8-%d0%b1%d0%b5%d0%b7%d0%bf%d0%b5%d0%ba%d0%b8\/\"><img decoding=\"async\" src=\"\/wp-content\/uploads\/2014\/08\/bezpieczenstwo.jpg\" alt=\"\" \/><\/a><\/p>\n<div style=\"width: 300px; font-size: 130%;\"><strong>\u0411\u0435\u0437\u043f\u0435\u043a\u0430<\/strong><\/div>\n<p>&nbsp;<\/p>\n<\/div>\n<div style=\"float: left; margin-right: 40px; height: 290px;\">\n<p><a href=\"\/ua\/%d0%bd%d0%b0%d0%b2%d1%87%d0%b0%d0%bd%d0%bd%d1%8f\/%d0%bc%d0%be%d0%b1%d1%96%d0%bb%d1%8c%d0%bd%d1%96-%d0%bf%d0%bb%d0%b0%d1%82%d1%84%d0%be%d1%80%d0%bc%d0%b8\/%d0%bf%d1%96%d0%b4%d0%b3%d0%be%d1%82%d0%be%d0%b2%d0%ba%d0%b0-%d0%bf%d0%be%d0%b2%d0%b5%d1%80%d1%85%d0%bd%d1%96\/\"><img decoding=\"async\" src=\"\/wp-content\/uploads\/2014\/08\/wypadek.jpg\" alt=\"\" \/><\/a><\/p>\n<div style=\"width: 300px; font-size: 130%;\"><strong>\u041f\u0456\u0434\u0433\u043e\u0442\u043e\u0432\u043a\u0430 \u043f\u043e\u0432\u0435\u0440\u0445\u043d\u0456<\/strong><\/div>\n<p>&nbsp;<\/p>\n<\/div>\n<\/div>\n<div style=\"clear: both;\"><\/div>\n<div style=\"text-align: center; font-size: 85%; line-height: 120%;\">\n<div style=\"float: left; margin-right: 40px; height: 290px;\">\n<p><a href=\"\/ua\/%d0%bd%d0%b0%d0%b2%d1%87%d0%b0%d0%bd%d0%bd%d1%8f\/%d0%bc%d0%be%d0%b1%d1%96%d0%bb%d1%8c%d0%bd%d1%96-%d0%bf%d0%bb%d0%b0%d1%82%d1%84%d0%be%d1%80%d0%bc%d0%b8\/%d0%b4%d0%b5%d1%80%d0%b5%d0%b2%d0%be-%d0%b1%d0%b5%d0%b7%d0%bf%d0%b5%d0%ba%d0%b0-%d0%b4%d0%be%d0%b3%d0%bb%d1%8f%d0%b4\/\"><img decoding=\"async\" src=\"\/wp-content\/uploads\/2016\/09\/drzewa.png\" alt=\"\" \/><\/a><\/p>\n<div style=\"width: 300px; font-size: 130%;\"><strong>\u0422\u0435\u0445\u043d\u0456\u043a\u0430 \u0431\u0435\u0437\u043f\u0435\u043a\u0438 \u043f\u0440\u0438 \u0434\u043e\u0433\u043b\u044f\u0434\u0456 \u0437\u0430 \u0434\u0435\u0440\u0435\u0432\u0430\u043c\u0438<\/strong><\/div>\n<p>&nbsp;<\/p>\n<\/div>\n<div style=\"float: left; margin-right: 40px; height: 290px;\">\n<p><a href=\"\/ua\/%d0%bd%d0%b0%d0%b2%d1%87%d0%b0%d0%bd%d0%bd%d1%8f\/%d0%bc%d0%be%d0%b1%d1%96%d0%bb%d1%8c%d0%bd%d1%96-%d0%bf%d0%bb%d0%b0%d1%82%d1%84%d0%be%d1%80%d0%bc%d0%b8\/\"><img decoding=\"async\" style=\"width: 300px; height: 225px;\" src=\"\/wp-content\/uploads\/2014\/04\/10-pokaz.jpeg\" alt=\"\" \/><\/a><\/p>\n<div style=\"width: 300px; font-size: 130%;\"><strong><a href=\"https:\/\/kursy-udt.pl\/ua\/szkolenia\/podesty-ruchome\/\">\u0422\u0440\u0435\u043d\u0456\u043d\u0433\u0438 \u0434\u043b\u044f \u043c\u043e\u0431\u0456\u043b\u044c\u043d\u0438\u0445 \u043f\u043b\u0430\u0442\u0444\u043e\u0440\u043c<\/a><\/strong><\/div>\n<p>&nbsp;<\/p>\n<\/div>\n<\/div>\n<\/div>","protected":false},"excerpt":{"rendered":"<p>Ka\u017cdy kurs na podno\u015bnik koszowy, no\u017cycowy czy innego rodzaju urz\u0105dzenie obejmuje kwestie bezpiecze\u0144stwa i post\u0119powanie w przypadku zagro\u017cenia \u017cycia lub zdrowia operatora i innych u\u017cytkownik\u00f3w urz\u0105dzenia. Przestawiamy procedur\u0119 krok po korku, jak\u0105 trzeba wykona\u0107 wtedy, gdy podest ruchomy przejezdny czy innego rodzaju urz\u0105dzenie b\u0119dzie uniemo\u017cliwia\u0142o operatorowi swobodne wydostanie si\u0119, a nawet komunikacj\u0119. W takich przypadkach pierwsz\u0105 czynno\u015bci\u0105 jest natychmiastowe zawiadomienie odpowiednich s\u0142u\u017cb. Jednocze\u015bnie nale\u017cy podj\u0105\u0107 si\u0119 dzia\u0142a\u0144 ratowniczych, kt\u00f3re obejmuj\u0105 nast\u0119puj\u0105ce czynno\u015bci: je\u017celi operator urz\u0105dzenia nie mo\u017ce przej\u0105\u0107 kontroli nad sytuacj\u0105, wtedy osoby znajduj\u0105ce si\u0119 na platformie, ale tylko te posiadaj\u0105ce odpowiedni\u0105 wiedz\u0119 oraz autoryzacj\u0119 pracodawcy, mog\u0105 obs\u0142ugiwa\u0107 panel kontrolny je\u017celi powy\u017csza sytuacja nie jest mo\u017cliwa, w\u00f3wczas osoba znajduj\u0105ca si\u0119 na poziomie nawierzchni mo\u017ce opu\u015bci\u0107 platform\u0119, ale tylko wtedy, gdy jest zapoznana z procedur\u0105 alarmowego opuszczania platformy, jest autoryzowana przez pracownika oraz zna pozosta\u0142e procedury bezpiecze\u0144stwa Przed opuszczeniem platform takich jak podesty ruchome samojezdne, podesty ruchome masztowe, podesty ruchome wisz\u0105ce czy podesty ruchome przejezdne i innych rodzaj\u00f3w konieczne jest sprawdzenie terenu, na kt\u00f3rym si\u0119 znajduj\u0105, w celu usuni\u0119cia ewentualnych przeszk\u00f3d. &nbsp; Najlepiej obs\u0142ugiwa\u0107 urz\u0105dzenie z poziomu naziemnego, poniewa\u017c wtedy pozwala ono na precyzyjne operowane, ale r\u00f3wnie\u017c mo\u017cna wykorzysta\u0107 poziom platformy, zale\u017cnie od danej sytuacji. Klucze do urz\u0105dzenia powinny by\u0107 w posiadaniu os\u00f3b odpowiedzialnych za przeprowadzenie akcji ratowniczej przy wyst\u0105pieniu usterki czy wypadku. Odpowiednie przeszkolenie pracownik\u00f3w w zakresie operowania podestami ruchomymi jest kluczowym elementem dla bezpiecze\u0144stwa pracy i je\u017celi pracownicy nie b\u0119d\u0105 posiadali w\u0142a\u015bciwej wiedzy, w\u00f3wczas ryzyko wypadk\u00f3w przy pracy jest znacznie wy\u017csze. Je\u017celi planuj\u0105 Pa\u0144stwo wykorzystywa\u0107 w firmie podesty ruchome kurs w naszym O\u015brodku b\u0119dzie [&hellip;]<\/p>\n","protected":false},"author":1,"featured_media":4489,"parent":75,"menu_order":0,"comment_status":"closed","ping_status":"closed","template":"","meta":{"sfsi_plus_gutenberg_text_before_share":"","sfsi_plus_gutenberg_show_text_before_share":"","sfsi_plus_gutenberg_icon_type":"","sfsi_plus_gutenberg_icon_alignemt":"","sfsi_plus_gutenburg_max_per_row":"","footnotes":""},"class_list":["post-1289","page","type-page","status-publish","has-post-thumbnail","hentry","has_thumb"],"aioseo_notices":[],"_links":{"self":[{"href":"https:\/\/kursy-udt.pl\/ua\/wp-json\/wp\/v2\/pages\/1289","targetHints":{"allow":["GET"]}}],"collection":[{"href":"https:\/\/kursy-udt.pl\/ua\/wp-json\/wp\/v2\/pages"}],"about":[{"href":"https:\/\/kursy-udt.pl\/ua\/wp-json\/wp\/v2\/types\/page"}],"author":[{"embeddable":true,"href":"https:\/\/kursy-udt.pl\/ua\/wp-json\/wp\/v2\/users\/1"}],"replies":[{"embeddable":true,"href":"https:\/\/kursy-udt.pl\/ua\/wp-json\/wp\/v2\/comments?post=1289"}],"version-history":[{"count":8,"href":"https:\/\/kursy-udt.pl\/ua\/wp-json\/wp\/v2\/pages\/1289\/revisions"}],"predecessor-version":[{"id":4491,"href":"https:\/\/kursy-udt.pl\/ua\/wp-json\/wp\/v2\/pages\/1289\/revisions\/4491"}],"up":[{"embeddable":true,"href":"https:\/\/kursy-udt.pl\/ua\/wp-json\/wp\/v2\/pages\/75"}],"wp:featuredmedia":[{"embeddable":true,"href":"https:\/\/kursy-udt.pl\/ua\/wp-json\/wp\/v2\/media\/4489"}],"wp:attachment":[{"href":"https:\/\/kursy-udt.pl\/ua\/wp-json\/wp\/v2\/media?parent=1289"}],"curies":[{"name":"wp","href":"https:\/\/api.w.org\/{rel}","templated":true}]}}