{"id":1287,"date":"2014-08-12T20:45:00","date_gmt":"2014-08-12T20:45:00","guid":{"rendered":"http:\/\/kursy-udt.pl\/?page_id=1287"},"modified":"2022-10-17T10:23:43","modified_gmt":"2022-10-17T10:23:43","slug":"%d0%bf%d1%96%d0%b4%d0%b3%d0%be%d1%82%d0%be%d0%b2%d0%ba%d0%b0-%d0%bf%d0%be%d0%b2%d0%b5%d1%80%d1%85%d0%bd%d1%96","status":"publish","type":"page","link":"https:\/\/kursy-udt.pl\/ua\/szkolenia\/podesty-ruchome\/przygotowanie-powierzchni\/","title":{"rendered":"\u041f\u0456\u0434\u0433\u043e\u0442\u043e\u0432\u043a\u0430 \u043f\u043e\u0432\u0435\u0440\u0445\u043d\u0456"},"content":{"rendered":"<div style=\"float: left; padding-right: 10px;\"><img decoding=\"async\" src=\"\/wp-content\/uploads\/2014\/08\/wypadek_m.jpg\" alt=\"\" \/><\/div>\n<h2 class=\"naglowekh2\">\u041f\u0456\u0434\u0433\u043e\u0442\u043e\u0432\u043a\u0430 \u043f\u043e\u0432\u0435\u0440\u0445\u043d\u0456 \u0434\u043b\u044f \u0432\u0438\u043a\u043e\u0440\u0438\u0441\u0442\u0430\u043d\u043d\u044f \u043c\u043e\u0431\u0456\u043b\u044c\u043d\u0438\u0445 \u043f\u043b\u0430\u0442\u0444\u043e\u0440\u043c<\/h2>\n<p>\u0417\u0430\u0431\u0435\u0437\u043f\u0435\u0447\u0435\u043d\u043d\u044f \u0432\u0456\u0434\u043f\u043e\u0432\u0456\u0434\u043d\u043e\u0457 \u0431\u0430\u0437\u0438 \u0434\u043b\u044f \u0432\u0438\u043a\u043e\u0440\u0438\u0441\u0442\u0430\u043d\u043d\u044f \u043c\u043e\u0431\u0456\u043b\u044c\u043d\u0438\u0445 \u043f\u043b\u0430\u0442\u0444\u043e\u0440\u043c \u043c\u0430\u0454 \u0432\u0438\u0440\u0456\u0448\u0430\u043b\u044c\u043d\u0435 \u0437\u043d\u0430\u0447\u0435\u043d\u043d\u044f \u0434\u043b\u044f \u0431\u0435\u0437\u043f\u0435\u043a\u0438 \u043f\u0440\u0430\u0446\u0456\u0432\u043d\u0438\u043a\u0456\u0432 \u0442\u0430 \u0457\u0445\u043d\u044c\u043e\u0433\u043e \u043e\u0442\u043e\u0447\u0435\u043d\u043d\u044f. \u041d\u043e\u0436\u0438\u0447\u043d\u0456 \u043f\u0456\u0434\u0439\u043e\u043c\u043d\u0438\u043a\u0438, \u0430\u0432\u0442\u043e\u0432\u0438\u0448\u043a\u0438, \u0441\u0430\u043c\u043e\u0445\u0456\u0434\u043d\u0456 \u043f\u043b\u0430\u0442\u0444\u043e\u0440\u043c\u0438 \u0442\u0430 \u0456\u043d\u0448\u0456 \u0442\u0438\u043f\u0438 \u043f\u043b\u0430\u0442\u0444\u043e\u0440\u043c \u043f\u043e\u0432\u0438\u043d\u043d\u0456 \u0432\u0438\u043a\u043e\u0440\u0438\u0441\u0442\u043e\u0432\u0443\u0432\u0430\u0442\u0438\u0441\u044f \u043d\u0430 \u0432\u0456\u0434\u043f\u043e\u0432\u0456\u0434\u043d\u0456\u0439 \u043f\u043e\u0432\u0435\u0440\u0445\u043d\u0456. \u0412\u0441\u0456 \u043f\u043b\u0430\u0442\u0444\u043e\u0440\u043c\u0438 (\u0437\u0430 \u0432\u0438\u043d\u044f\u0442\u043a\u043e\u043c \u043f\u0456\u0434\u0432\u0456\u0441\u043d\u0438\u0445 \u043f\u043b\u0430\u0442\u0444\u043e\u0440\u043c) \u0437\u0430\u043b\u0435\u0436\u0430\u0442\u044c \u0432\u0456\u0434 \u0433\u0440\u0443\u043d\u0442\u0443, \u043d\u0430 \u044f\u043a\u043e\u043c\u0443 \u0432\u043e\u043d\u0438 \u0440\u043e\u0437\u0442\u0430\u0448\u043e\u0432\u0430\u043d\u0456. \u042f\u043a\u0449\u043e \u0432\u0456\u043d \u0441\u0442\u0430\u0431\u0456\u043b\u044c\u043d\u0438\u0439, \u0442\u043e \u0456 \u0441\u0430\u043c \u043f\u0440\u0438\u0441\u0442\u0440\u0456\u0439 \u043f\u0440\u0430\u0446\u044e\u0454 \u0431\u0456\u043b\u044c\u0448 \u0431\u0435\u0437\u043f\u0435\u0447\u043d\u043e, \u0449\u043e \u0437\u0430\u043f\u043e\u0431\u0456\u0433\u0430\u0454 \u043d\u0435\u0449\u0430\u0441\u043d\u0438\u043c \u0432\u0438\u043f\u0430\u0434\u043a\u0430\u043c \u043d\u0430 \u0432\u0438\u0440\u043e\u0431\u043d\u0438\u0446\u0442\u0432\u0456. \u0422\u0430\u043a\u0438\u043c \u0447\u0438\u043d\u043e\u043c, \u043a\u043e\u0436\u0435\u043d \u043a\u0443\u0440\u0441 \u043f\u0456\u0434\u0439\u043e\u043c\u0443 \u043c\u0456\u0441\u0442\u0438\u0442\u044c \u0456\u043d\u0444\u043e\u0440\u043c\u0430\u0446\u0456\u044e, \u043f\u043e\u0432\u2019\u044f\u0437\u0430\u043d\u0443 \u0437 \u043f\u0456\u0434\u0433\u043e\u0442\u043e\u0432\u043a\u043e\u044e \u043f\u043e\u0432\u0435\u0440\u0445\u043d\u0456 \u0434\u043e \u0432\u0438\u043a\u043e\u0440\u0438\u0441\u0442\u0430\u043d\u043d\u044f \u043f\u0440\u0438\u0441\u0442\u0440\u043e\u044e.<\/p>\n<p>\u0412 \u0434\u0430\u043d\u0438\u0439 \u0447\u0430\u0441 \u0432\u0438\u043a\u043e\u0440\u0438\u0441\u0442\u043e\u0432\u0443\u044e\u0442\u044c\u0441\u044f \u0440\u0456\u0437\u043d\u0456 \u0442\u0438\u043f\u0438 \u043f\u0456\u0434\u0439\u043e\u043c\u043d\u0438\u043a\u0456\u0432-\u043d\u043e\u0436\u043d\u0438\u0446\u044c, \u043a\u043e\u0440\u0437\u0438\u043d\u043d\u0438\u0445 \u043f\u0456\u0434\u0439\u043e\u043c\u043d\u0438\u043a\u0456\u0432 \u0442\u0430 \u0456\u043d\u0448\u0438\u0445, \u0432 \u0442\u043e\u043c\u0443 \u0447\u0438\u0441\u043b\u0456 \u043f\u0440\u0438\u0441\u0442\u043e\u0441\u043e\u0432\u0430\u043d\u0438\u0445 \u0434\u043b\u044f \u0440\u043e\u0431\u043e\u0442\u0438 \u043d\u0430 \u0441\u043a\u043b\u0430\u0434\u043d\u0438\u0445 \u0433\u0440\u0443\u043d\u0442\u0430\u0445. \u041e\u0434\u043d\u0430\u043a \u0437\u0430\u0432\u0436\u0434\u0438 \u043f\u0435\u0440\u0435\u0434 \u0432\u0438\u043a\u043e\u0440\u0438\u0441\u0442\u0430\u043d\u043d\u044f\u043c \u043a\u043e\u0440\u0437\u0438\u043d\u043e\u0432\u043e\u0433\u043e \u043f\u0456\u0434\u0439\u043e\u043c\u043d\u0438\u043a\u0430, \u043d\u043e\u0436\u0438\u0447\u043d\u043e\u0433\u043e \u043f\u0456\u0434\u0439\u043e\u043c\u043d\u0438\u043a\u0430, \u043a\u043e\u043b\u043e\u043d\u043d\u043e\u0433\u043e \u043f\u0456\u0434\u0439\u043e\u043c\u043d\u0438\u043a\u0430 \u0430\u0431\u043e \u0431\u0443\u0434\u044c-\u044f\u043a\u043e\u0433\u043e \u0456\u043d\u0448\u043e\u0433\u043e \u0442\u0438\u043f\u0443 \u0441\u0430\u043c\u043e\u0445\u0456\u0434\u043d\u043e\u0457 \u043f\u043b\u0430\u0442\u0444\u043e\u0440\u043c\u0438 \u043d\u0435\u043e\u0431\u0445\u0456\u0434\u043d\u043e \u043f\u0435\u0440\u0435\u0432\u0456\u0440\u0438\u0442\u0438 \u0442\u0430 \u043f\u0456\u0434\u0433\u043e\u0442\u0443\u0432\u0430\u0442\u0438 \u043f\u043e\u0432\u0435\u0440\u0445\u043d\u044e. \u0412\u0456\u043d \u0432\u0456\u0434\u043f\u043e\u0432\u0456\u0434\u0430\u0454 \u043d\u0435 \u0442\u0456\u043b\u044c\u043a\u0438 \u0437\u0430 \u0431\u0435\u0437\u043f\u0435\u043a\u0443 \u0440\u043e\u0431\u043e\u0442\u0438, \u0430\u043b\u0435 \u0456 \u0437\u0430 \u0437\u0440\u0443\u0447\u043d\u0456\u0441\u0442\u044c \u043f\u0435\u0440\u0435\u043c\u0456\u0449\u0435\u043d\u043d\u044f \u0432\u0441\u044c\u043e\u0433\u043e \u043f\u0440\u0438\u0441\u0442\u0440\u043e\u044e.<\/p>\n<h3 class=\"naglowekh2\"><strong>\u041f\u0435\u0440\u0435\u0434 \u0432\u0438\u043a\u043e\u0440\u0438\u0441\u0442\u0430\u043d\u043d\u044f\u043c \u043f\u0440\u0438\u043b\u0430\u0434\u0443 \u043d\u0435\u043e\u0431\u0445\u0456\u0434\u043d\u043e \u043e\u0433\u043b\u044f\u043d\u0443\u0442\u0438 \u0491\u0440\u0443\u043d\u0442 - \u0446\u0435 \u043c\u043e\u0436\u043d\u0430 \u0437\u0440\u043e\u0431\u0438\u0442\u0438 \u0448\u043b\u044f\u0445\u043e\u043c \u0432\u0456\u0437\u0443\u0430\u043b\u044c\u043d\u043e\u0433\u043e \u043e\u0433\u043b\u044f\u0434\u0443 \u0430\u0436 \u0434\u043e \u0441\u043f\u0435\u0446\u0456\u0430\u043b\u044c\u043d\u0438\u0445 \u0433\u0435\u043e\u0442\u0435\u0445\u043d\u0456\u0447\u043d\u0438\u0445 \u0434\u043e\u0441\u043b\u0456\u0434\u0436\u0435\u043d\u044c. \u041e\u0441\u044c \u043d\u0430\u0439\u043f\u043e\u0448\u0438\u0440\u0435\u043d\u0456\u0448\u0456 \u043f\u043e\u0432\u0435\u0440\u0445\u043d\u0456 \u0442\u0430 \u0440\u0438\u0437\u0438\u043a\u0438, \u044f\u043a\u0456 \u0432\u043e\u043d\u0438 \u0441\u0442\u0430\u043d\u043e\u0432\u043b\u044f\u0442\u044c:<\/strong><\/h3>\n<ul>\n<li><a href=\"https:\/\/kursy-udt.pl\/wp-content\/uploads\/2022\/10\/1-8.jpeg\"><img loading=\"lazy\" decoding=\"async\" class=\"size-medium wp-image-4492 alignright\" src=\"https:\/\/kursy-udt.pl\/wp-content\/uploads\/2022\/10\/1-8-200x300.jpeg\" alt=\"\" width=\"200\" height=\"300\" srcset=\"https:\/\/kursy-udt.pl\/wp-content\/uploads\/2022\/10\/1-8-200x300.jpeg 200w, https:\/\/kursy-udt.pl\/wp-content\/uploads\/2022\/10\/1-8-684x1024.jpeg 684w, https:\/\/kursy-udt.pl\/wp-content\/uploads\/2022\/10\/1-8-768x1151.jpeg 768w, https:\/\/kursy-udt.pl\/wp-content\/uploads\/2022\/10\/1-8-1025x1536.jpeg 1025w, https:\/\/kursy-udt.pl\/wp-content\/uploads\/2022\/10\/1-8-8x12.jpeg 8w, https:\/\/kursy-udt.pl\/wp-content\/uploads\/2022\/10\/1-8-624x935.jpeg 624w, https:\/\/kursy-udt.pl\/wp-content\/uploads\/2022\/10\/1-8.jpeg 1068w\" sizes=\"auto, (max-width: 200px) 100vw, 200px\" \/><\/a>\u0434\u0456\u043b\u044f\u043d\u043a\u0438, \u0437\u0430\u0440\u043e\u0441\u043b\u0456 \u0442\u0440\u0430\u0432\u043e\u044e - \u043d\u0430\u0439\u0431\u0456\u043b\u044c\u0448\u0443 \u0437\u0430\u0433\u0440\u043e\u0437\u0443 \u043f\u0440\u0435\u0434\u0441\u0442\u0430\u0432\u043b\u044f\u044e\u0442\u044c \u0442\u0456, \u0449\u043e \u0440\u043e\u0437\u0442\u0430\u0448\u043e\u0432\u0430\u043d\u0456 \u043d\u0430\u0434 \u0432\u043e\u0434\u043e\u0439\u043c\u0430\u043c\u0438, \u0434\u0435 \u043c\u043e\u0436\u043b\u0438\u0432\u0438\u0439 \u0440\u043e\u0437\u043c\u0438\u0432 \u0437\u0435\u043c\u043b\u0456<\/li>\n<li>\u043f\u043b\u044f\u0436\u0456 - \u043d\u0438\u0437\u044c\u043a\u0430 \u0449\u0456\u043b\u044c\u043d\u0456\u0441\u0442\u044c \u043f\u0456\u0441\u043a\u0443 \u0456 \u0432\u043f\u043b\u0438\u0432 \u0432\u043e\u0434\u0438 \u0440\u043e\u0431\u043b\u044f\u0442\u044c \u0439\u043e\u0433\u043e \u0432\u0430\u0436\u043a\u043e\u043f\u0440\u043e\u0445\u0456\u0434\u043d\u0438\u043c<\/li>\n<li>\u043f\u0435\u0440\u0435\u043b\u043e\u0433\u0438 \u2013 \u0437\u0430\u0433\u0440\u043e\u0437\u043e\u044e \u043c\u043e\u0436\u0443\u0442\u044c \u0431\u0443\u0442\u0438 \u043d\u0435\u0432\u0456\u0434\u043e\u043c\u0456 \u043f\u043e\u043f\u0435\u0440\u0435\u0434\u043d\u0456 \u0441\u043f\u043e\u0440\u0443\u0434\u0438, \u043d\u0435\u043c\u0430\u0440\u043a\u043e\u0432\u0430\u043d\u0456 \u043f\u0456\u0434\u0432\u0430\u043b\u0438 \u0442\u0430 \u044f\u043c\u0438<\/li>\n<li>\u043f\u043b\u043e\u0449\u0456 \u0437 \u0442\u0432\u0435\u0440\u0434\u0438\u043c \u043f\u043e\u043a\u0440\u0438\u0442\u0442\u044f\u043c \u0456 \u0430\u0441\u0444\u0430\u043b\u044c\u0442\u043e\u043c - \u0432\u043e\u043d\u0438 \u0432 \u0446\u0456\u043b\u043e\u043c\u0443 \u0431\u0435\u0437\u043f\u0435\u0447\u043d\u0456, \u0430\u043b\u0435 \u0456\u0441\u043d\u0443\u0454 \u0440\u0438\u0437\u0438\u043a \u0440\u043e\u0437\u043c\u0438\u0432\u0430\u043d\u043d\u044f \u0456 \u043f\u043e\u0448\u043a\u043e\u0434\u0436\u0435\u043d\u043d\u044f \u043f\u043e\u0432\u0435\u0440\u0445\u043d\u0456, \u0437\u043e\u043a\u0440\u0435\u043c\u0430 \u0457\u0457 \u043a\u0440\u0430\u0457\u0432<\/li>\n<li>\u0446\u0435\u043d\u0442\u0440\u0438 \u043c\u0456\u0441\u0442 - \u0437\u0430\u0433\u0440\u043e\u0437\u0443 \u0441\u0442\u0430\u043d\u043e\u0432\u043b\u044f\u0442\u044c \u0442\u0443\u043d\u0435\u043b\u0456, \u043a\u0430\u043d\u0430\u043b\u0438, \u043f\u0456\u0434\u0432\u0430\u043b\u0438, \u0432\u043e\u0434\u043e\u0441\u0442\u043e\u043a\u0438, \u043d\u0435\u043d\u0430\u043b\u0435\u0436\u043d\u0438\u043c \u0447\u0438\u043d\u043e\u043c \u0437\u0430\u043f\u043e\u0432\u043d\u0435\u043d\u0456 \u044f\u043c\u0438<\/li>\n<\/ul>\n<p>\u0422\u0430\u043a\u043e\u0436 \u0432\u0430\u0440\u0442\u043e \u043f\u0430\u043c&#039;\u044f\u0442\u0430\u0442\u0438, \u0449\u043e \u043d\u0430 \u0441\u0442\u0430\u043d \u043f\u043e\u0432\u0435\u0440\u0445\u043d\u0456 \u0432\u043f\u043b\u0438\u0432\u0430\u0454 \u043f\u043e\u0433\u043e\u0434\u0430. \u0422\u0440\u0438\u0432\u0430\u043b\u0456 \u043e\u043f\u0430\u0434\u0438 \u0441\u043f\u0440\u0438\u0447\u0438\u043d\u044f\u044e\u0442\u044c \u0431\u0456\u043b\u044c\u0448\u0443 \u0441\u0445\u0438\u043b\u044c\u043d\u0456\u0441\u0442\u044c \u0491\u0440\u0443\u043d\u0442\u0443 \u0434\u043e \u0437\u0441\u0443\u0432\u0456\u0432 \u0442\u0430 \u0437\u043c\u0438\u0432\u0443 \u0432\u043e\u0434\u043e\u044e.<\/p>\n<p>\u041d\u0435\u0437\u0430\u043b\u0435\u0436\u043d\u043e \u0432\u0456\u0434 \u0441\u0442\u0430\u043d\u0443 \u0433\u0440\u0443\u043d\u0442\u0443 \u043c\u043e\u0436\u0435 \u0437\u043d\u0430\u0434\u043e\u0431\u0438\u0442\u0438\u0441\u044f \u0432\u0438\u043a\u043e\u0440\u0438\u0441\u0442\u0430\u043d\u043d\u044f \u0441\u043f\u0435\u0446\u0456\u0430\u043b\u044c\u043d\u0438\u0445 \u0434\u043e\u0449\u043e\u043a \u0434\u043b\u044f \u043d\u043e\u0436\u0438\u0446\u044c, \u043a\u043e\u0448\u0438\u043a\u0430 \u0430\u0431\u043e \u0456\u043d\u0448\u043e\u0433\u043e \u0442\u0438\u043f\u0443 \u043f\u043b\u0430\u0442\u0444\u043e\u0440\u043c\u0438. \u0426\u0456 \u043f\u043b\u0430\u0441\u0442\u0438\u043d\u0438 \u0441\u0442\u0430\u0431\u0456\u043b\u0456\u0437\u0443\u044e\u0442\u044c \u043f\u0440\u0438\u0441\u0442\u0440\u0456\u0439 \u0456 \u0437\u0430\u043f\u043e\u0431\u0456\u0433\u0430\u044e\u0442\u044c \u0439\u043e\u0433\u043e \u043f\u043e\u0448\u043a\u043e\u0434\u0436\u0435\u043d\u043d\u044e.<\/p>\n<h3 class=\"naglowekh2\"><strong>\u041d\u0430\u0439\u0432\u0430\u0436\u043b\u0438\u0432\u0456\u0448\u0456 \u043f\u0440\u0430\u0432\u0438\u043b\u0430 \u0440\u043e\u0437\u043c\u0456\u0449\u0435\u043d\u043d\u044f \u0442\u0430\u0440\u0456\u043b\u043e\u043a:<\/strong><\/h3>\n<ul>\n<li>\u043f\u0440\u0438\u043b\u0430\u0434 \u043f\u043e\u0432\u0438\u043d\u0435\u043d \u0431\u0443\u0442\u0438 \u0432\u0456\u0434\u0446\u0435\u043d\u0442\u0440\u043e\u0432\u0430\u043d\u0438\u0439 \u0456 \u043d\u0435 \u0441\u0442\u0430\u0432\u0438\u0442\u0438\u0441\u044f \u0437\u0430 \u043a\u0440\u0430\u0457 \u0442\u0430\u0440\u0456\u043b\u043e\u043a<\/li>\n<li>\u0411\u0443\u0434\u044c-\u044f\u043a\u0456 \u043f\u0440\u043e\u0433\u0430\u043b\u0438\u043d\u0438 \u0432 \u0437\u0435\u043c\u043b\u0456 \u043d\u0435\u043e\u0431\u0445\u0456\u0434\u043d\u043e \u0437\u0430\u043f\u043e\u0432\u043d\u0438\u0442\u0438, \u043d\u0430\u043f\u0440\u0438\u043a\u043b\u0430\u0434, \u043f\u0440\u0438 \u0440\u043e\u0437\u043c\u0456\u0449\u0435\u043d\u043d\u0456 \u043f\u0440\u0438\u0441\u0442\u0440\u043e\u044e \u0432 \u043f\u043e\u0433\u043b\u0438\u0431\u043b\u0435\u043d\u043d\u0456<\/li>\n<li>\u043d\u0435 \u0434\u043e\u043f\u0443\u0441\u043a\u0430\u0454\u0442\u044c\u0441\u044f \u0440\u043e\u0437\u043c\u0456\u0449\u0435\u043d\u043d\u044f \u0434\u043e\u0449\u043e\u043a \u0443 \u043c\u0456\u0441\u0446\u044f\u0445, \u0434\u0435 \u043f\u0456\u0434 \u0432\u0435\u0440\u0445\u043d\u0456\u043c \u0448\u0430\u0440\u043e\u043c \u0433\u0440\u0443\u043d\u0442\u0443 \u0454 \u043f\u0456\u0434\u043e\u0437\u0440\u0430 \u043d\u0430 \u043f\u043e\u0440\u043e\u0436\u043d\u0435\u0447\u0456<\/li>\n<li>\u043d\u0435 \u0440\u043e\u0437\u043c\u0456\u0449\u0443\u0439\u0442\u0435 \u0434\u043e\u0448\u043a\u0438 \u0442\u0430 \u043f\u043b\u0430\u0442\u0444\u043e\u0440\u043c\u0438 \u0432 \u043c\u0456\u0441\u0446\u0456, \u0434\u0435 \u043c\u0430\u0442\u0435\u0440\u0456\u0430\u043b \u043b\u0435\u0433\u043a\u043e \u0432\u0438\u043c\u0438\u0432\u0430\u0454\u0442\u044c\u0441\u044f \u0437-\u043f\u0456\u0434 \u043d\u0438\u0445, \u043d\u0430\u043f\u0440\u0438\u043a\u043b\u0430\u0434, \u043d\u0430 \u043f\u0430\u0433\u043e\u0440\u0431\u0430\u0445<\/li>\n<\/ul>\n<p>\u041d\u0430\u0448 \u043a\u0443\u0440\u0441 \u0434\u0430\u043b\u0456 <a href=\"https:\/\/kursy-udt.pl\/ua\/szkolenia\/udt-wdt-tdt\/zwyzki-podnosniki-koszowe\/\">\u043a\u0443\u0440\u0441 \u0434\u043b\u044f \u043f\u0456\u0434\u0439\u043e\u043c\u043d\u0438\u0445 \u043f\u043b\u0430\u0442\u0444\u043e\u0440\u043c<\/a>\u041f\u0456\u0434\u0439\u043e\u043c\u043d\u0438\u043a\u0438, \u043d\u043e\u0436\u0438\u0447\u043d\u0456 \u043f\u0456\u0434\u0439\u043e\u043c\u043d\u0438\u043a\u0438 \u0442\u0430 \u0456\u043d\u0448\u0456 \u0432\u0438\u0434\u0438 \u043f\u0456\u0434\u0439\u043e\u043c\u043d\u0438\u043a\u0456\u0432 \u0440\u0435\u0442\u0435\u043b\u044c\u043d\u043e \u043f\u0440\u0435\u0434\u0441\u0442\u0430\u0432\u043b\u044f\u044e\u0442\u044c \u0412\u0430\u043c \u0432\u0441\u044e \u0456\u043d\u0444\u043e\u0440\u043c\u0430\u0446\u0456\u044e, \u043f\u043e\u0432'\u044f\u0437\u0430\u043d\u0443 \u0437 \u0431\u0435\u0437\u043f\u0435\u0447\u043d\u0438\u043c \u0440\u043e\u0437\u043c\u0456\u0449\u0435\u043d\u043d\u044f\u043c \u043e\u0431\u043b\u0430\u0434\u043d\u0430\u043d\u043d\u044f \u043d\u0430 \u0440\u0456\u0437\u043d\u0438\u0445 \u043f\u043e\u0432\u0435\u0440\u0445\u043d\u044f\u0445. \u0420\u043e\u0431\u043e\u0447\u0456 \u043f\u043b\u0430\u0442\u0444\u043e\u0440\u043c\u0438, \u043d\u043e\u0436\u0438\u0447\u043d\u0456 \u043f\u0456\u0434\u0439\u043e\u043c\u043d\u0438\u043a\u0438, \u043a\u043e\u0448\u0438\u043a\u043e\u0432\u0456 \u043f\u0456\u0434\u0439\u043e\u043c\u043d\u0438\u043a\u0438 \u0412\u0430\u0440\u0448\u0430\u0432\u0430 - \u0437\u0430\u043f\u0440\u043e\u0448\u0443\u0454\u043c\u043e \u0412\u0430\u0441 \u043e\u0437\u043d\u0430\u0439\u043e\u043c\u0438\u0442\u0438\u0441\u044f \u0437 \u043d\u0430\u0448\u043e\u044e \u043d\u0430\u0432\u0447\u0430\u043b\u044c\u043d\u043e\u044e \u043f\u0440\u043e\u043f\u043e\u0437\u0438\u0446\u0456\u0454\u044e!<\/p>\n<div class=\"button_styl\" style=\"float: right; padding-left: 15px; padding-bottom: 8px; margin-bottom: 5px;\"><a class=\"myButton myButton_maly\" href=\"https:\/\/platformaedukacji.pl\/login\/signup.php\" target=\"_blank\" rel=\"nofollow noopener\"><span style=\"color: white;\">\u0417\u0430\u043f\u0438\u0448\u0456\u0442\u044c\u0441\u044f \u043d\u0430 \u043d\u0430\u0432\u0447\u0430\u043d\u043d\u044f<\/span><\/a><\/div>\n<div style=\"padding-top: 70px;\">\n<h2>\u0411\u0456\u043b\u044c\u0448\u0435 \u0456\u043d\u0444\u043e\u0440\u043c\u0430\u0446\u0456\u0457:<\/h2>\n<div style=\"text-align: center; font-size: 85%; line-height: 120%;\">\n<div style=\"float: left; margin-right: 40px; height: 290px;\">\n<p><a href=\"\/ua\/%d0%bd%d0%b0%d0%b2%d1%87%d0%b0%d0%bd%d0%bd%d1%8f\/%d0%bc%d0%be%d0%b1%d1%96%d0%bb%d1%8c%d0%bd%d1%96-%d0%bf%d0%bb%d0%b0%d1%82%d1%84%d0%be%d1%80%d0%bc%d0%b8\/%d0%bf%d1%80%d0%b8%d0%bf%d0%b8%d1%81%d0%b8-%d1%82%d0%b0-%d0%b7%d0%b0%d0%b1%d0%be%d1%80%d0%be%d0%bd%d0%b8\/\"><img decoding=\"async\" src=\"\/wp-content\/uploads\/2014\/08\/nakazy-zakazy.jpg\" alt=\"\" \/><\/a><\/p>\n<div style=\"width: 300px; font-size: 130%;\"><strong>\u0429\u043e \u0440\u043e\u0431\u0438\u0442\u0438 \u0456 \u0447\u043e\u0433\u043e \u043d\u0435 \u0440\u043e\u0431\u0438\u0442\u0438<\/strong><\/div>\n<p>&nbsp;<\/p>\n<\/div>\n<div style=\"float: left; margin-right: 40px; height: 290px;\">\n<p><a href=\"\/ua\/%d0%bd%d0%b0%d0%b2%d1%87%d0%b0%d0%bd%d0%bd%d1%8f\/%d0%bc%d0%be%d0%b1%d1%96%d0%bb%d1%8c%d0%bd%d1%96-%d0%bf%d0%bb%d0%b0%d1%82%d1%84%d0%be%d1%80%d0%bc%d0%b8\/%d1%80%d0%be%d0%b1%d0%be%d1%82%d0%b0-%d0%b1%d1%96%d0%bb%d1%8f-%d0%bb%d1%96%d0%bd%d1%96%d0%b9-%d0%b5%d0%bb%d0%b5%d0%ba%d1%82%d1%80%d0%be%d0%bf%d0%b5%d1%80%d0%b5%d0%b4%d0%b0%d1%87\/\"><img decoding=\"async\" src=\"\/wp-content\/uploads\/2014\/08\/linie-energetyczne.jpg\" alt=\"\" \/><\/a><\/p>\n<div style=\"width: 300px; font-size: 130%;\"><strong>\u0420\u043e\u0431\u043e\u0442\u0430 \u0431\u0456\u043b\u044f \u043b\u0456\u043d\u0456\u0439 \u0435\u043b\u0435\u043a\u0442\u0440\u043e\u043f\u0435\u0440\u0435\u0434\u0430\u0447 <\/strong><\/div>\n<p>&nbsp;<\/p>\n<\/div>\n<\/div>\n<div style=\"clear: both;\"><\/div>\n<div style=\"text-align: center; font-size: 85%; line-height: 120%;\">\n<div style=\"float: left; margin-right: 40px; height: 290px;\">\n<p><a href=\"\/ua\/%d0%bd%d0%b0%d0%b2%d1%87%d0%b0%d0%bd%d0%bd%d1%8f\/%d0%bc%d0%be%d0%b1%d1%96%d0%bb%d1%8c%d0%bd%d1%96-%d0%bf%d0%bb%d0%b0%d1%82%d1%84%d0%be%d1%80%d0%bc%d0%b8\/%d0%bf%d1%80%d0%be%d1%86%d0%b5%d0%b4%d1%83%d1%80%d0%b8-%d0%b1%d0%b5%d0%b7%d0%bf%d0%b5%d0%ba%d0%b8\/\"><img decoding=\"async\" src=\"\/wp-content\/uploads\/2014\/08\/bezpieczenstwo.jpg\" alt=\"\" \/><\/a><\/p>\n<div style=\"width: 300px; font-size: 130%;\"><strong>\u0411\u0435\u0437\u043f\u0435\u043a\u0430<\/strong><\/div>\n<p>&nbsp;<\/p>\n<\/div>\n<div style=\"float: left; margin-right: 40px; height: 290px;\">\n<p><a href=\"\/ua\/%d0%bd%d0%b0%d0%b2%d1%87%d0%b0%d0%bd%d0%bd%d1%8f\/%d0%bc%d0%be%d0%b1%d1%96%d0%bb%d1%8c%d0%bd%d1%96-%d0%bf%d0%bb%d0%b0%d1%82%d1%84%d0%be%d1%80%d0%bc%d0%b8\/%d0%bf%d1%96%d0%b4%d0%b3%d0%be%d1%82%d0%be%d0%b2%d0%ba%d0%b0-%d0%bf%d0%be%d0%b2%d0%b5%d1%80%d1%85%d0%bd%d1%96\/\"><img decoding=\"async\" src=\"\/wp-content\/uploads\/2014\/08\/wypadek.jpg\" alt=\"\" \/><\/a><\/p>\n<div style=\"width: 300px; font-size: 130%;\"><strong>\u041f\u0456\u0434\u0433\u043e\u0442\u043e\u0432\u043a\u0430 \u043f\u043e\u0432\u0435\u0440\u0445\u043d\u0456<\/strong><\/div>\n<p>&nbsp;<\/p>\n<\/div>\n<\/div>\n<div style=\"clear: both;\"><\/div>\n<div style=\"text-align: center; font-size: 85%; line-height: 120%;\">\n<div style=\"float: left; margin-right: 40px; height: 290px;\">\n<p><a href=\"\/ua\/%d0%bd%d0%b0%d0%b2%d1%87%d0%b0%d0%bd%d0%bd%d1%8f\/%d0%bc%d0%be%d0%b1%d1%96%d0%bb%d1%8c%d0%bd%d1%96-%d0%bf%d0%bb%d0%b0%d1%82%d1%84%d0%be%d1%80%d0%bc%d0%b8\/%d0%b4%d0%b5%d1%80%d0%b5%d0%b2%d0%be-%d0%b1%d0%b5%d0%b7%d0%bf%d0%b5%d0%ba%d0%b0-%d0%b4%d0%be%d0%b3%d0%bb%d1%8f%d0%b4\/\"><img decoding=\"async\" src=\"\/wp-content\/uploads\/2016\/09\/drzewa.png\" alt=\"\" \/><\/a><\/p>\n<div style=\"width: 300px; font-size: 130%;\"><strong>\u0422\u0435\u0445\u043d\u0456\u043a\u0430 \u0431\u0435\u0437\u043f\u0435\u043a\u0438 \u043f\u0440\u0438 \u0434\u043e\u0433\u043b\u044f\u0434\u0456 \u0437\u0430 \u0434\u0435\u0440\u0435\u0432\u0430\u043c\u0438<\/strong><\/div>\n<p>&nbsp;<\/p>\n<\/div>\n<div style=\"float: left; margin-right: 40px; height: 290px;\">\n<p><a href=\"\/ua\/%d0%bd%d0%b0%d0%b2%d1%87%d0%b0%d0%bd%d0%bd%d1%8f\/%d0%bc%d0%be%d0%b1%d1%96%d0%bb%d1%8c%d0%bd%d1%96-%d0%bf%d0%bb%d0%b0%d1%82%d1%84%d0%be%d1%80%d0%bc%d0%b8\/\"><img decoding=\"async\" style=\"width: 300px; height: 225px;\" src=\"\/wp-content\/uploads\/2014\/04\/10-pokaz.jpeg\" alt=\"\" \/><\/a><\/p>\n<div style=\"width: 300px; font-size: 130%;\"><strong><a href=\"https:\/\/kursy-udt.pl\/ua\/szkolenia\/podesty-ruchome\/\">\u0422\u0440\u0435\u043d\u0456\u043d\u0433\u0438 \u0434\u043b\u044f \u043c\u043e\u0431\u0456\u043b\u044c\u043d\u0438\u0445 \u043f\u043b\u0430\u0442\u0444\u043e\u0440\u043c<\/a><\/strong><\/div>\n<p>&nbsp;<\/p>\n<\/div>\n<\/div>\n<\/div>","protected":false},"excerpt":{"rendered":"<p>Przygotowanie powierzchni pod u\u017cycie podest\u00f3w ruchomych Zapewnienie odpowiedniego pod\u0142o\u017ca do u\u017cycia podest\u00f3w ruchomych jest kluczowe dla bezpiecze\u0144stwa pracownik\u00f3w i ich otoczenia. Podno\u015bniki no\u017cycowe, podno\u015bniki koszowe, podesty samojezdne i innego rodzaju podesty musz\u0105 by\u0107 u\u017cytkowane na odpowiedniej nawierzchni. Wszystkie podesty (wyj\u0105tkiem s\u0105 podesty wisz\u0105ce), s\u0105 zale\u017cne od pod\u0142o\u017ca, na kt\u00f3rym si\u0119 znajduj\u0105. Je\u017celi jest ono stabilne, w\u00f3wczas tak\u017ce samo urz\u0105dzenie dzia\u0142a bezpieczniej, co zapobiega wypadkom przy pracy. Dlatego ka\u017cdy kurs na podno\u015bniki obejmuje informacje zwi\u0105zane z przygotowaniem nawierzchni pod u\u017cycie urz\u0105dzenia. Obecnie w u\u017cytku znajduj\u0105 si\u0119 r\u00f3\u017cnego rodzaju podesty no\u017cycowe, koszowe i inne, tak\u017ce takie, kt\u00f3re przystosowane s\u0105 do u\u017cycia na trudnym gruncie. Zawsze jednak zanim podno\u015bnik koszowy, podno\u015bnik no\u017cycowy lub podno\u015bnik kolumnowy czy innego rodzaju podest samojezdny zostanie zastosowany, konieczne jest sprawdzenie i przygotowanie nawierzchni. Jest ona odpowiedzialna nie tylko za bezpiecze\u0144stwo pracy, ale r\u00f3wnie\u017c dodatkowo za wygod\u0119 przemieszczania ca\u0142ego urz\u0105dzenia. Przed zastosowaniem urz\u0105dzenia nale\u017cy zbada\u0107 grunt \u2013 mo\u017cna dokona\u0107 tego poprzez inspekcj\u0119 wizualn\u0105 a\u017c do specjalnych geotechnicznych bada\u0144. Oto najcz\u0119\u015bciej wykorzystywane nawierzchnie i zagro\u017cenia, jakie nios\u0105: tereny obro\u015bni\u0119te traw\u0105 \u2013 najwi\u0119ksze zagro\u017cenie stanowi\u0105 te po\u0142o\u017cone nad zbiornikami wodnymi, gdzie grunt mo\u017ce by\u0107 podmywany pla\u017ce \u2013 niska g\u0119sto\u015b\u0107 piasku oraz oddzia\u0142ywanie wody powoduje, \u017ce to trudny teren od\u0142ogi \u2013 niewiadome wcze\u015bniejsze konstrukcje, zagro\u017ceniem mog\u0105 by\u0107 nieoznaczone piwnice, do\u0142y brukowane i wyasfaltowane tereny \u2013 s\u0105 zasadniczo bezpieczne, ale zagro\u017ceniem mog\u0105 by\u0107 podmycia oraz uszkodzenia nawierzchni, w tym w szczeg\u00f3lno\u015bci jej kraw\u0119dzie centra miast \u2013 zagro\u017cenie stanowi\u0105 tunele, kana\u0142y, piwnice, studzienki kanalizacyjne, nieodpowiednio wype\u0142nione do\u0142y Warto przy okazji pami\u0119ta\u0107, \u017ce na stan nawierzchni na zewn\u0105trz wp\u0142ywa aura. [&hellip;]<\/p>\n","protected":false},"author":1,"featured_media":4492,"parent":75,"menu_order":0,"comment_status":"closed","ping_status":"closed","template":"","meta":{"sfsi_plus_gutenberg_text_before_share":"","sfsi_plus_gutenberg_show_text_before_share":"","sfsi_plus_gutenberg_icon_type":"","sfsi_plus_gutenberg_icon_alignemt":"","sfsi_plus_gutenburg_max_per_row":"","footnotes":""},"class_list":["post-1287","page","type-page","status-publish","has-post-thumbnail","hentry","has_thumb"],"aioseo_notices":[],"_links":{"self":[{"href":"https:\/\/kursy-udt.pl\/ua\/wp-json\/wp\/v2\/pages\/1287","targetHints":{"allow":["GET"]}}],"collection":[{"href":"https:\/\/kursy-udt.pl\/ua\/wp-json\/wp\/v2\/pages"}],"about":[{"href":"https:\/\/kursy-udt.pl\/ua\/wp-json\/wp\/v2\/types\/page"}],"author":[{"embeddable":true,"href":"https:\/\/kursy-udt.pl\/ua\/wp-json\/wp\/v2\/users\/1"}],"replies":[{"embeddable":true,"href":"https:\/\/kursy-udt.pl\/ua\/wp-json\/wp\/v2\/comments?post=1287"}],"version-history":[{"count":9,"href":"https:\/\/kursy-udt.pl\/ua\/wp-json\/wp\/v2\/pages\/1287\/revisions"}],"predecessor-version":[{"id":4493,"href":"https:\/\/kursy-udt.pl\/ua\/wp-json\/wp\/v2\/pages\/1287\/revisions\/4493"}],"up":[{"embeddable":true,"href":"https:\/\/kursy-udt.pl\/ua\/wp-json\/wp\/v2\/pages\/75"}],"wp:featuredmedia":[{"embeddable":true,"href":"https:\/\/kursy-udt.pl\/ua\/wp-json\/wp\/v2\/media\/4492"}],"wp:attachment":[{"href":"https:\/\/kursy-udt.pl\/ua\/wp-json\/wp\/v2\/media?parent=1287"}],"curies":[{"name":"wp","href":"https:\/\/api.w.org\/{rel}","templated":true}]}}