{"id":1284,"date":"2014-08-12T20:39:19","date_gmt":"2014-08-12T20:39:19","guid":{"rendered":"http:\/\/kursy-udt.pl\/?page_id=1284"},"modified":"2022-10-14T12:21:53","modified_gmt":"2022-10-14T12:21:53","slug":"%d0%bf%d1%80%d0%b8%d0%bf%d0%b8%d1%81%d0%b8-%d1%82%d0%b0-%d0%b7%d0%b0%d0%b1%d0%be%d1%80%d0%be%d0%bd%d0%b8","status":"publish","type":"page","link":"https:\/\/kursy-udt.pl\/ua\/szkolenia\/podesty-ruchome\/nakazy-i-zakazy\/","title":{"rendered":"\u0429\u043e \u0440\u043e\u0431\u0438\u0442\u0438 \u0456 \u0447\u043e\u0433\u043e \u043d\u0435 \u0440\u043e\u0431\u0438\u0442\u0438"},"content":{"rendered":"<div style=\"float: left; padding-right: 10px;\"><img decoding=\"async\" src=\"\/wp-content\/uploads\/2014\/08\/nakazy-zakazy_m.jpg\" alt=\"\" \/><\/div>\n<h2 class=\"naglowekh2\">\u041d\u0430\u0439\u0432\u0430\u0436\u043b\u0438\u0432\u0456\u0448\u0456 \u0440\u043e\u0437\u043f\u043e\u0440\u044f\u0434\u0436\u0435\u043d\u043d\u044f \u0442\u0430 \u0437\u0430\u0431\u043e\u0440\u043e\u043d\u0438 \u043f\u0440\u0438 \u0440\u043e\u0431\u043e\u0442\u0456 \u0437 \u043c\u043e\u0431\u0456\u043b\u044c\u043d\u0438\u043c\u0438 \u043f\u043b\u0430\u0442\u0444\u043e\u0440\u043c\u0430\u043c\u0438<\/h2>\n<p>\u041f\u0440\u0430\u0446\u0456\u0432\u043d\u0438\u043a\u0438, \u044f\u043a\u0456 \u0431\u0430\u0436\u0430\u044e\u0442\u044c \u043e\u0442\u0440\u0438\u043c\u0430\u0442\u0438 <a href=\"https:\/\/kursy-udt.pl\/ua\/uprawnienia-udt\/kategorie-uprawnien-2\/\">\u041a\u0432\u0430\u043b\u0456\u0444\u0456\u043a\u0430\u0446\u0456\u044f UDT<\/a> \u0434\u043b\u044f \u0440\u043e\u0431\u043e\u0442\u0438 \u0437 \u043c\u043e\u0431\u0456\u043b\u044c\u043d\u0438\u043c\u0438 \u043f\u043b\u0430\u0442\u0444\u043e\u0440\u043c\u0430\u043c\u0438 \u0440\u0456\u0437\u043d\u0438\u0445 \u0442\u0438\u043f\u0456\u0432, \u0432\u043e\u043d\u0438 \u043e\u0442\u0440\u0438\u043c\u0443\u044e\u0442\u044c \u0432\u0441\u0435\u0431\u0456\u0447\u043d\u0443 \u0442\u0435\u043e\u0440\u0435\u0442\u0438\u0447\u043d\u0443 \u043f\u0456\u0434\u0433\u043e\u0442\u043e\u0432\u043a\u0443, \u044f\u043a\u0430 \u0442\u0430\u043a\u043e\u0436 \u0432\u043a\u043b\u044e\u0447\u0430\u0454 \u0432 \u0441\u0435\u0431\u0435 \u043f\u0440\u0438\u043d\u0446\u0438\u043f\u0438 \u0431\u0435\u0437\u043f\u0435\u043a\u0438.<\/p>\n<h3><strong>\u041f\u0435\u0440\u0435\u0434 \u0442\u0438\u043c, \u044f\u043a\u00a0<strong>\u043f\u0440\u0438\u0441\u0442\u0440\u0456\u0439<\/strong> \u0431\u0443\u0434\u0435 \u0432\u0438\u043a\u043e\u0440\u0438\u0441\u0442\u0430\u043d\u043e:<\/strong><\/h3>\n<ul>\n<li>\u0437\u0434\u0456\u0439\u0441\u043d\u044e\u0432\u0430\u0442\u0438 \u0432\u0441\u0456 \u0449\u043e\u0434\u0435\u043d\u043d\u0456 \u043f\u0435\u0440\u0435\u0432\u0456\u0440\u043a\u0438 \u0441\u0442\u0430\u043d\u0443 \u043e\u0431\u043b\u0430\u0434\u043d\u0430\u043d\u043d\u044f<\/li>\n<li>\u043d\u0435 \u0432\u0438\u043a\u043e\u0440\u0438\u0441\u0442\u043e\u0432\u0443\u0439\u0442\u0435 \u043f\u043e\u0448\u043a\u043e\u0434\u0436\u0435\u043d\u0435 \u0430\u0431\u043e \u043d\u0435\u043a\u043e\u043c\u043f\u043b\u0435\u043a\u0442\u043d\u0435 \u043e\u0431\u043b\u0430\u0434\u043d\u0430\u043d\u043d\u044f<\/li>\n<li>\u043d\u0435 \u0432\u0438\u043a\u043e\u0440\u0438\u0441\u0442\u043e\u0432\u0443\u0439\u0442\u0435 \u043e\u0431\u043b\u0430\u0434\u043d\u0430\u043d\u043d\u044f \u043d\u0430 \u043d\u0435\u0432\u0456\u0434\u043f\u043e\u0432\u0456\u0434\u043d\u0456\u0439 \u043f\u043e\u0432\u0435\u0440\u0445\u043d\u0456<\/li>\n<\/ul>\n<h3 class=\"naglowekh2\"><strong>\u041f\u0435\u0440\u0435\u0434 \u043f\u0435\u0440\u0435\u043c\u0456\u0449\u0435\u043d\u043d\u044f\u043c \u043f\u0440\u0438\u0441\u0442\u0440\u043e\u044e:<\/strong><\/h3>\n<ul>\n<li>\u043f\u043e\u0432\u0435\u0440\u0445\u043d\u044f \u043f\u043e\u0432\u0438\u043d\u043d\u0430 \u0431\u0443\u0442\u0438 \u0440\u0435\u0442\u0435\u043b\u044c\u043d\u043e \u043f\u0435\u0440\u0435\u0432\u0456\u0440\u0435\u043d\u0430 \u043d\u0430 \u043d\u0430\u044f\u0432\u043d\u0456\u0441\u0442\u044c \u043f\u043e\u0448\u043a\u043e\u0434\u0436\u0435\u043d\u044c \u0456 \u043f\u0435\u0440\u0435\u0448\u043a\u043e\u0434<\/li>\n<li>\u043f\u0435\u0440\u0435\u0432\u0456\u0440\u0442\u0435 \u043d\u0430\u043f\u0440\u044f\u043c\u043e\u043a \u0440\u0443\u0445\u0443 \u043f\u0440\u0438\u0441\u0442\u0440\u043e\u044e<\/li>\n<\/ul>\n<h3 class=\"naglowekh2\"><strong>\u041f\u0435\u0440\u0435\u043c\u0456\u0449\u0435\u043d\u043d\u044f \u043f\u0440\u0438\u0441\u0442\u0440\u043e\u044e:<\/strong><\/h3>\n<ul>\n<li><a href=\"https:\/\/kursy-udt.pl\/wp-content\/uploads\/2022\/10\/1-6.jpeg\"><img loading=\"lazy\" decoding=\"async\" class=\"alignright wp-image-4481\" src=\"https:\/\/kursy-udt.pl\/wp-content\/uploads\/2022\/10\/1-6-200x300.jpeg\" alt=\"\" width=\"250\" height=\"375\" srcset=\"https:\/\/kursy-udt.pl\/wp-content\/uploads\/2022\/10\/1-6-200x300.jpeg 200w, https:\/\/kursy-udt.pl\/wp-content\/uploads\/2022\/10\/1-6-683x1024.jpeg 683w, https:\/\/kursy-udt.pl\/wp-content\/uploads\/2022\/10\/1-6-768x1152.jpeg 768w, https:\/\/kursy-udt.pl\/wp-content\/uploads\/2022\/10\/1-6-1024x1536.jpeg 1024w, https:\/\/kursy-udt.pl\/wp-content\/uploads\/2022\/10\/1-6-8x12.jpeg 8w, https:\/\/kursy-udt.pl\/wp-content\/uploads\/2022\/10\/1-6-624x936.jpeg 624w, https:\/\/kursy-udt.pl\/wp-content\/uploads\/2022\/10\/1-6.jpeg 1067w\" sizes=\"auto, (max-width: 250px) 100vw, 250px\" \/><\/a>\n<p>\u043f\u043e\u0441\u0442\u0456\u0439\u043d\u043e \u043f\u0435\u0440\u0435\u0432\u0456\u0440\u044f\u0442\u0438 \u043f\u0440\u043e\u0441\u0442\u0456\u0440 \u043f\u0435\u0440\u0435\u0434 \u043f\u0440\u0438\u043b\u0430\u0434\u043e\u043c \u0456 \u043d\u0430\u0434 \u043d\u0438\u043c \u0443 \u043d\u0430\u043f\u0440\u044f\u043c\u043a\u0443 \u0439\u043e\u0433\u043e \u0440\u0443\u0445\u0443<\/li>\n<li>\u043f\u0435\u0440\u0435\u0441\u0443\u0432\u0430\u0442\u0438 \u043f\u043b\u0430\u0442\u0444\u043e\u0440\u043c\u0443 \u0437 \u0432\u0456\u0434\u043f\u043e\u0432\u0456\u0434\u043d\u043e\u044e \u0448\u0432\u0438\u0434\u043a\u0456\u0441\u0442\u044e<\/li>\n<li>\u043a\u0435\u0440\u0443\u0439\u0442\u0435 \u043c\u0430\u0448\u0438\u043d\u043e\u044e, \u0449\u043e\u0431 \u0443\u043d\u0438\u043a\u043d\u0443\u0442\u0438 \u043f\u0435\u0440\u0435\u0448\u043a\u043e\u0434, \u044f\u043a\u0456 \u043c\u043e\u0436\u0443\u0442\u044c \u0437'\u044f\u0432\u0438\u0442\u0438\u0441\u044f<\/li>\n<li>\u043d\u0435 \u043d\u0430\u0445\u0438\u043b\u044f\u0439\u0442\u0435\u0441\u044f \u043d\u0430\u0434 \u043d\u0430\u043f\u0440\u0430\u0432\u043b\u044f\u044e\u0447\u0438\u043c\u0438 \u043f\u0440\u0438\u0441\u0442\u0440\u043e\u044e<\/li>\n<li>\u043d\u0435 \u0440\u043e\u0437\u043c\u0456\u0449\u0443\u0439\u0442\u0435 \u043f\u0440\u0435\u0434\u043c\u0435\u0442\u0438 \u043d\u0430 \u043f\u0430\u043d\u0435\u043b\u0456 \u0443\u043f\u0440\u0430\u0432\u043b\u0456\u043d\u043d\u044f<\/li>\n<li>\u043d\u0435 \u0441\u043f\u0438\u0440\u0430\u0439\u0442\u0435\u0441\u044f \u043d\u0430 \u043f\u0430\u043d\u0435\u043b\u044c \u0443\u043f\u0440\u0430\u0432\u043b\u0456\u043d\u043d\u044f<\/li>\n<li>\u043d\u0435 \u043c\u043e\u0436\u043d\u0430 \u043a\u043e\u0440\u0438\u0441\u0442\u0443\u0432\u0430\u0442\u0438\u0441\u044f \u043c\u043e\u0431\u0456\u043b\u044c\u043d\u0438\u043c\u0438 \u0442\u0435\u043b\u0435\u0444\u043e\u043d\u0430\u043c\u0438<\/li>\n<\/ul>\n<h3 class=\"naglowekh2\"><strong>\u0420\u043e\u0437\u043c\u0456\u0449\u0435\u043d\u043d\u044f\u00a0<strong>\u043f\u0440\u0438\u0441\u0442\u0440\u043e\u0457\u0432<\/strong> \u0443 \u043f\u0440\u0430\u0432\u0438\u043b\u044c\u043d\u043e\u043c\u0443 \u043f\u043e\u043b\u043e\u0436\u0435\u043d\u043d\u0456:<\/strong><\/h3>\n<ul>\n<li>\u0432\u0456\u0434\u0440\u0435\u0433\u0443\u043b\u044e\u0439\u0442\u0435 \u0432\u0438\u0441\u043e\u0442\u0443 \u043f\u0440\u0438\u0441\u0442\u0440\u043e\u044e \u0434\u043e \u043f\u043e\u0442\u0440\u0456\u0431\u043d\u043e\u0433\u043e \u0440\u0456\u0432\u043d\u044f<\/li>\n<li>\u0441\u0442\u0435\u0436\u0438\u0442\u0438 \u0437\u0430 \u043f\u0435\u0440\u0435\u0448\u043a\u043e\u0434\u0430\u043c\u0438, \u0432 \u0442\u043e\u043c\u0443 \u0447\u0438\u0441\u043b\u0456 \u043d\u0430 \u0441\u0442\u0435\u043b\u0456<\/li>\n<li>\u0434\u043e\u0440\u043e\u0436\u043d\u0454 \u043f\u043e\u043a\u0440\u0438\u0442\u0442\u044f \u0441\u043b\u0456\u0434 \u043f\u0435\u0440\u0435\u0432\u0456\u0440\u0438\u0442\u0438 \u043d\u0430 \u043d\u0430\u044f\u0432\u043d\u0456\u0441\u0442\u044c \u043f\u043e\u0448\u043a\u043e\u0434\u0436\u0435\u043d\u044c \u0442\u0430 \u0440\u0456\u0432\u0435\u043d\u044c<\/li>\n<\/ul>\n<h3 class=\"naglowekh2\"><strong>\u0412\u0438\u043a\u043e\u0440\u0438\u0441\u0442\u043e\u0432\u0443\u044e\u0447\u0438 <strong>\u043f\u0440\u0438\u0441\u0442\u0440\u043e\u0457\u0432<\/strong>:<\/strong><\/h3>\n<ul>\n<li>\u043c\u043e\u0431\u0456\u043b\u044c\u043d\u0456 \u043f\u043b\u0430\u0442\u0444\u043e\u0440\u043c\u0438 \u043d\u0435 \u043f\u043e\u0432\u0438\u043d\u043d\u0456 \u0432\u0438\u043a\u043e\u0440\u0438\u0441\u0442\u043e\u0432\u0443\u0432\u0430\u0442\u0438\u0441\u044f \u043e\u0441\u043e\u0431\u0430\u043c\u0438 \u0431\u0435\u0437 \u0432\u0456\u0434\u043f\u043e\u0432\u0456\u0434\u043d\u043e\u0457 \u043f\u0456\u0434\u0433\u043e\u0442\u043e\u0432\u043a\u0438<\/li>\n<li>\u043e\u043f\u0435\u0440\u0430\u0442\u043e\u0440 \u043f\u043e\u0432\u0438\u043d\u0435\u043d \u0431\u0443\u0442\u0438 \u0437\u043d\u0430\u0439\u043e\u043c\u0438\u0439 \u0437 \u043a\u043e\u043d\u043a\u0440\u0435\u0442\u043d\u0438\u043c \u0442\u0438\u043f\u043e\u043c \u043e\u0431\u043b\u0430\u0434\u043d\u0430\u043d\u043d\u044f<\/li>\n<li>\u043e\u043f\u0435\u0440\u0430\u0442\u043e\u0440 \u043f\u043e\u0432\u0438\u043d\u0435\u043d \u0431\u0443\u0442\u0438 \u043f\u043e\u0456\u043d\u0444\u043e\u0440\u043c\u043e\u0432\u0430\u043d\u0438\u0439 \u043f\u0440\u043e \u0440\u0438\u0437\u0438\u043a\u0438, \u043f\u043e\u0432'\u044f\u0437\u0430\u043d\u0456 \u0437 \u0432\u0438\u043a\u043e\u0440\u0438\u0441\u0442\u0430\u043d\u043d\u044f\u043c \u043e\u0431\u043b\u0430\u0434\u043d\u0430\u043d\u043d\u044f, \u0430 \u0442\u0430\u043a\u043e\u0436 \u043f\u0440\u043e \u043f\u0440\u0430\u0432\u0438\u043b\u0430 \u0435\u043a\u0441\u043f\u043b\u0443\u0430\u0442\u0430\u0446\u0456\u0457<\/li>\n<\/ul>\n<h3 class=\"naglowekh2\"><strong>\u0420\u044f\u0442\u0443\u0439\u0442\u0435:<\/strong><\/h3>\n<ul>\n<li>\u043d\u0435 \u0432\u0438\u043a\u043e\u0440\u0438\u0441\u0442\u043e\u0432\u0443\u0439\u0442\u0435 \u043f\u0440\u0438\u0441\u0442\u0440\u0456\u0439, \u044f\u043a\u0449\u043e \u0432\u0438 \u043d\u0435 \u0432\u043f\u0435\u0432\u043d\u0435\u043d\u0456 \u0432 \u043f\u0440\u043e\u0446\u0435\u0434\u0443\u0440\u0430\u0445 \u043f\u043e\u0440\u044f\u0442\u0443\u043d\u043a\u0443 \u0456 \u043f\u043e\u0440\u0443\u0447 \u043d\u0435\u043c\u0430\u0454 \u043d\u0456\u043a\u043e\u0433\u043e, \u0445\u0442\u043e \u0437\u043d\u0430\u0439\u043e\u043c\u0438\u0439 \u0437 \u043d\u0438\u043c\u0438<\/li>\n<\/ul>\n<p>\u041a\u0440\u0456\u043c \u0442\u043e\u0433\u043e, \u0432 \u043a\u0443\u0440\u0441\u0456 \"\u041c\u043e\u0431\u0456\u043b\u044c\u043d\u0456 \u043f\u043b\u0430\u0442\u0444\u043e\u0440\u043c\u0438\" \u0440\u043e\u0437\u0433\u043b\u044f\u0434\u0430\u044e\u0442\u044c\u0441\u044f \u0456\u043d\u0448\u0456 \u043f\u0438\u0442\u0430\u043d\u043d\u044f, \u043f\u043e\u0432'\u044f\u0437\u0430\u043d\u0456 \u0437 \u043f\u0440\u0430\u0432\u0438\u043b\u0430\u043c\u0438 \u0431\u0435\u0437\u043f\u0435\u043a\u0438 \u043f\u0456\u0434 \u0447\u0430\u0441 \u0432\u0438\u043a\u043e\u0440\u0438\u0441\u0442\u0430\u043d\u043d\u044f \u043e\u0431\u043b\u0430\u0434\u043d\u0430\u043d\u043d\u044f. \u042f\u043a \u043e\u043f\u0435\u0440\u0430\u0442\u043e\u0440, \u0432\u0438 \u043f\u043e\u0432\u0438\u043d\u043d\u0456 \u0431\u0443\u0442\u0438 \u0437\u043d\u0430\u0439\u043e\u043c\u0456 \u0437 \u0443\u0441\u0456\u043c\u0430 \u043f\u0440\u0430\u0432\u0438\u043b\u0430\u043c\u0438, \u0432\u0438\u043a\u043b\u0430\u0434\u0435\u043d\u0438\u043c\u0438 \u0434\u043b\u044f \u043c\u043e\u0431\u0456\u043b\u044c\u043d\u0438\u0445 \u043f\u0456\u0434\u0439\u043e\u043c\u043d\u0438\u043a\u0456\u0432, \u043f\u0456\u0434\u0439\u043e\u043c\u043d\u0438\u043a\u0456\u0432 \u043d\u0430 \u043a\u043e\u043b\u0435\u0441\u0430\u0445 \u0442\u0430 \u0456\u043d\u0448\u0438\u0445 \u0442\u0438\u043f\u0456\u0432 \u043f\u0456\u0434\u0439\u043e\u043c\u043d\u0438\u043a\u0456\u0432, \u0437\u0430\u043b\u0435\u0436\u043d\u043e \u0432\u0456\u0434 \u0457\u0445 \u0442\u0438\u043f\u0443 \u0442\u0430 \u043a\u0430\u0442\u0435\u0433\u043e\u0440\u0456\u0457.<\/p>\n<p>\u041e\u0431\u0438\u0440\u0430\u044e\u0447\u0438 \u043d\u0430\u0448 <a href=\"https:\/\/kursy-udt.pl\/ua\/szkolenia\/udt-wdt-tdt\/uprawnienia-podesty-ruchome\/\">\u043a\u0443\u0440\u0441 \u0434\u043b\u044f \u043c\u043e\u0431\u0456\u043b\u044c\u043d\u0438\u0445 \u043f\u043b\u0430\u0442\u0444\u043e\u0440\u043c<\/a>\u0412\u0438 \u043e\u0442\u0440\u0438\u043c\u0443\u0454\u0442\u0435 \u043a\u043e\u043c\u043f\u043b\u0435\u043a\u0441\u043d\u0443 \u043f\u043e\u0441\u043b\u0443\u0433\u0443, \u0449\u043e \u0432\u043a\u043b\u044e\u0447\u0430\u0454 \u0442\u0435\u043e\u0440\u0435\u0442\u0438\u0447\u043d\u0443 \u0442\u0430 \u043f\u0440\u0430\u043a\u0442\u0438\u0447\u043d\u0443 \u043f\u0456\u0434\u0433\u043e\u0442\u043e\u0432\u043a\u0443 \u0434\u043b\u044f \u0431\u0435\u0437\u043f\u0435\u0447\u043d\u043e\u0433\u043e \u0432\u0438\u043a\u043e\u0440\u0438\u0441\u0442\u0430\u043d\u043d\u044f \u043e\u0431\u043b\u0430\u0434\u043d\u0430\u043d\u043d\u044f.<\/p>\n<div class=\"button_styl\" style=\"float: right; padding-left: 15px; padding-bottom: 8px; margin-bottom: 5px;\"><a class=\"myButton myButton_maly\" href=\"https:\/\/platformaedukacji.pl\/login\/signup.php\" target=\"_blank\" rel=\"nofollow noopener\"><span style=\"color: white;\">\u0417\u0430\u043f\u0438\u0448\u0456\u0442\u044c\u0441\u044f \u043d\u0430 \u043d\u0430\u0432\u0447\u0430\u043d\u043d\u044f<\/span><\/a><\/div>\n<div style=\"padding-top: 70px;\">\n<h2 class=\"naglowekh2\">\u0411\u0456\u043b\u044c\u0448\u0435 \u0456\u043d\u0444\u043e\u0440\u043c\u0430\u0446\u0456\u0457:<\/h2>\n<div style=\"text-align: center; font-size: 85%; line-height: 120%;\">\n<div style=\"float: left; margin-right: 40px; height: 290px;\">\n<p><a href=\"\/ua\/%d0%bd%d0%b0%d0%b2%d1%87%d0%b0%d0%bd%d0%bd%d1%8f\/%d0%bc%d0%be%d0%b1%d1%96%d0%bb%d1%8c%d0%bd%d1%96-%d0%bf%d0%bb%d0%b0%d1%82%d1%84%d0%be%d1%80%d0%bc%d0%b8\/%d0%bf%d1%80%d0%b8%d0%bf%d0%b8%d1%81%d0%b8-%d1%82%d0%b0-%d0%b7%d0%b0%d0%b1%d0%be%d1%80%d0%be%d0%bd%d0%b8\/\"><img decoding=\"async\" src=\"\/wp-content\/uploads\/2014\/08\/nakazy-zakazy.jpg\" alt=\"\" \/><\/a><\/p>\n<div style=\"width: 300px; font-size: 130%;\"><strong>\u0429\u043e \u0440\u043e\u0431\u0438\u0442\u0438 \u0456 \u0447\u043e\u0433\u043e \u043d\u0435 \u0440\u043e\u0431\u0438\u0442\u0438<\/strong><\/div>\n<p>&nbsp;<\/p>\n<\/div>\n<div style=\"float: left; margin-right: 40px; height: 290px;\">\n<p><a href=\"\/ua\/%d0%bd%d0%b0%d0%b2%d1%87%d0%b0%d0%bd%d0%bd%d1%8f\/%d0%bc%d0%be%d0%b1%d1%96%d0%bb%d1%8c%d0%bd%d1%96-%d0%bf%d0%bb%d0%b0%d1%82%d1%84%d0%be%d1%80%d0%bc%d0%b8\/%d1%80%d0%be%d0%b1%d0%be%d1%82%d0%b0-%d0%b1%d1%96%d0%bb%d1%8f-%d0%bb%d1%96%d0%bd%d1%96%d0%b9-%d0%b5%d0%bb%d0%b5%d0%ba%d1%82%d1%80%d0%be%d0%bf%d0%b5%d1%80%d0%b5%d0%b4%d0%b0%d1%87\/\"><img decoding=\"async\" src=\"\/wp-content\/uploads\/2014\/08\/linie-energetyczne.jpg\" alt=\"\" \/><\/a><\/p>\n<div style=\"width: 300px; font-size: 130%;\"><strong>\u0420\u043e\u0431\u043e\u0442\u0430 \u0431\u0456\u043b\u044f \u043b\u0456\u043d\u0456\u0439 \u0435\u043b\u0435\u043a\u0442\u0440\u043e\u043f\u0435\u0440\u0435\u0434\u0430\u0447 <\/strong><\/div>\n<p>&nbsp;<\/p>\n<\/div>\n<\/div>\n<div style=\"clear: both;\"><\/div>\n<div style=\"text-align: center; font-size: 85%; line-height: 120%;\">\n<div style=\"float: left; margin-right: 40px; height: 290px;\">\n<p><a href=\"\/ua\/%d0%bd%d0%b0%d0%b2%d1%87%d0%b0%d0%bd%d0%bd%d1%8f\/%d0%bc%d0%be%d0%b1%d1%96%d0%bb%d1%8c%d0%bd%d1%96-%d0%bf%d0%bb%d0%b0%d1%82%d1%84%d0%be%d1%80%d0%bc%d0%b8\/%d0%bf%d1%80%d0%be%d1%86%d0%b5%d0%b4%d1%83%d1%80%d0%b8-%d0%b1%d0%b5%d0%b7%d0%bf%d0%b5%d0%ba%d0%b8\/\"><img decoding=\"async\" src=\"\/wp-content\/uploads\/2014\/08\/bezpieczenstwo.jpg\" alt=\"\" \/><\/a><\/p>\n<div style=\"width: 300px; font-size: 130%;\"><strong>\u0411\u0435\u0437\u043f\u0435\u043a\u0430<\/strong><\/div>\n<p>&nbsp;<\/p>\n<\/div>\n<div style=\"float: left; margin-right: 40px; height: 290px;\">\n<p><a href=\"\/ua\/%d0%bd%d0%b0%d0%b2%d1%87%d0%b0%d0%bd%d0%bd%d1%8f\/%d0%bc%d0%be%d0%b1%d1%96%d0%bb%d1%8c%d0%bd%d1%96-%d0%bf%d0%bb%d0%b0%d1%82%d1%84%d0%be%d1%80%d0%bc%d0%b8\/%d0%bf%d1%96%d0%b4%d0%b3%d0%be%d1%82%d0%be%d0%b2%d0%ba%d0%b0-%d0%bf%d0%be%d0%b2%d0%b5%d1%80%d1%85%d0%bd%d1%96\/\"><img decoding=\"async\" src=\"\/wp-content\/uploads\/2014\/08\/wypadek.jpg\" alt=\"\" \/><\/a><\/p>\n<div style=\"width: 300px; font-size: 130%;\"><strong>\u041f\u0456\u0434\u0433\u043e\u0442\u043e\u0432\u043a\u0430 \u043f\u043e\u0432\u0435\u0440\u0445\u043d\u0456<\/strong><\/div>\n<p>&nbsp;<\/p>\n<\/div>\n<\/div>\n<div style=\"clear: both;\"><\/div>\n<div style=\"text-align: center; font-size: 85%; line-height: 120%;\">\n<div style=\"float: left; margin-right: 40px; height: 290px;\">\n<p><a href=\"\/ua\/%d0%bd%d0%b0%d0%b2%d1%87%d0%b0%d0%bd%d0%bd%d1%8f\/%d0%bc%d0%be%d0%b1%d1%96%d0%bb%d1%8c%d0%bd%d1%96-%d0%bf%d0%bb%d0%b0%d1%82%d1%84%d0%be%d1%80%d0%bc%d0%b8\/%d0%b4%d0%b5%d1%80%d0%b5%d0%b2%d0%be-%d0%b1%d0%b5%d0%b7%d0%bf%d0%b5%d0%ba%d0%b0-%d0%b4%d0%be%d0%b3%d0%bb%d1%8f%d0%b4\/\"><img decoding=\"async\" src=\"\/wp-content\/uploads\/2016\/09\/drzewa.png\" alt=\"\" \/><\/a><\/p>\n<div style=\"width: 300px; font-size: 130%;\"><strong>\u0422\u0435\u0445\u043d\u0456\u043a\u0430 \u0431\u0435\u0437\u043f\u0435\u043a\u0438 \u043f\u0440\u0438 \u0434\u043e\u0433\u043b\u044f\u0434\u0456 \u0437\u0430 \u0434\u0435\u0440\u0435\u0432\u0430\u043c\u0438<\/strong><\/div>\n<p>&nbsp;<\/p>\n<\/div>\n<div style=\"float: left; margin-right: 40px; height: 290px;\">\n<p><a href=\"\/ua\/%d0%bd%d0%b0%d0%b2%d1%87%d0%b0%d0%bd%d0%bd%d1%8f\/%d0%bc%d0%be%d0%b1%d1%96%d0%bb%d1%8c%d0%bd%d1%96-%d0%bf%d0%bb%d0%b0%d1%82%d1%84%d0%be%d1%80%d0%bc%d0%b8\/\"><img decoding=\"async\" style=\"width: 300px; height: 225px;\" src=\"\/wp-content\/uploads\/2014\/04\/10-pokaz.jpeg\" alt=\"\" \/><\/a><\/p>\n<div style=\"width: 300px; font-size: 130%;\"><strong><a href=\"https:\/\/kursy-udt.pl\/ua\/szkolenia\/podesty-ruchome\/\">\u0422\u0440\u0435\u043d\u0456\u043d\u0433\u0438 \u0434\u043b\u044f \u043c\u043e\u0431\u0456\u043b\u044c\u043d\u0438\u0445 \u043f\u043b\u0430\u0442\u0444\u043e\u0440\u043c<\/a><\/strong><\/div>\n<p>&nbsp;<\/p>\n<\/div>\n<\/div>\n<\/div>","protected":false},"excerpt":{"rendered":"<p>Najwa\u017cniejsze nakazy i zakazy przy pracy z podestami ruchomymi Pracownicy chc\u0105cy uzyska\u0107 uprawnienia UDT do pracy z podestami ruchomymi r\u00f3\u017cnych typ\u00f3w, otrzymuj\u0105 kompleksowe przygotowanie teoretyczne, kt\u00f3re obejmuje tak\u017ce zasady bezpiecze\u0144stwa. Zanim\u00a0urz\u0105dzenie zostanie u\u017cyte: nale\u017cy przeprowadzi\u0107 wszystkie codzienne czynno\u015bci sprawdzaj\u0105ce stan urz\u0105dzenia nie nale\u017cy u\u017cywa\u0107 uszkodzonych lub niekompletnych urz\u0105dze\u0144 nie nale\u017cy u\u017cywa\u0107 urz\u0105dze\u0144 na nieprzystosowanej do nich nawierzchni Przed poruszeniem urz\u0105dzenia: nale\u017cy dok\u0142adnie sprawdzi\u0107 powierzchni\u0119 pod k\u0105tem jej uszkodze\u0144 i przeszk\u00f3d nale\u017cy sprawdzi\u0107 kierunek poruszania si\u0119 urz\u0105dzenia Poruszanie urz\u0105dzenia: nale\u017cy stale sprawdza\u0107 przestrze\u0144 przed oraz nad urz\u0105dzeniem w kierunku jego poruszania si\u0119 nale\u017cy porusza\u0107 podest w odpowiedniej pr\u0119dko\u015bci nale\u017cy kierowa\u0107 urz\u0105dzeniem, aby unika\u0107 pojawiaj\u0105cych si\u0119 przeszk\u00f3d nie nale\u017cy przechyla\u0107 si\u0119 przez barierki urz\u0105dzenia nie nale\u017cy umieszcza\u0107 obiekt\u00f3w na panelu kontrolnym nie nale\u017cy opiera\u0107 si\u0119 o panel kontrolny nie nale\u017cy u\u017cywa\u0107 telefon\u00f3w kom\u00f3rkowych Umieszczanie\u00a0urz\u0105dzenia w odpowiedniej pozycji: nale\u017cy ustawi\u0107 wysoko\u015b\u0107 urz\u0105dzenia na w\u0142a\u015bciwym poziomie nale\u017cy uwa\u017ca\u0107 na pojawiaj\u0105ce si\u0119 przeszkody, tak\u017ce na suficie nale\u017cy sprawdzi\u0107 nawierzchni\u0119 pod k\u0105tem jej uszkodze\u0144 i poziomu U\u017cywanie urz\u0105dzenia: podesty ruchome nie powinny by\u0107 u\u017cywane przez osoby bez przeszkolenia operator powinien by\u0107 zaznajomiony z konkretnym rodzajem urz\u0105dzenia operator powinien by\u0107 zapoznany z ryzykiem u\u017cywania urz\u0105dzenia oraz zasadami pracy Ratunek: nie nale\u017cy korzysta\u0107 z urz\u0105dzenia w sytuacji, w kt\u00f3rej nie jest si\u0119 pewnym co do procedur ratowniczych oraz nie ma w pobli\u017cu osoby, kt\u00f3ra by\u0142aby z nimi zaznajomiona Dodatkowo kurs podesty ruchome porusza inne kwestie zwi\u0105zane z zasadami bezpiecze\u0144stwa podczas u\u017cycia urz\u0105dze\u0144. Jako operator nale\u017cy zna\u0107 wszystkie z przedstawionych zasad na podesty ruchome, przejezdne, wolnobie\u017cne oraz innego rodzaju zale\u017cnie od ich typu oraz [&hellip;]<\/p>\n","protected":false},"author":1,"featured_media":0,"parent":75,"menu_order":0,"comment_status":"closed","ping_status":"closed","template":"","meta":{"sfsi_plus_gutenberg_text_before_share":"","sfsi_plus_gutenberg_show_text_before_share":"","sfsi_plus_gutenberg_icon_type":"","sfsi_plus_gutenberg_icon_alignemt":"","sfsi_plus_gutenburg_max_per_row":"","footnotes":""},"class_list":["post-1284","page","type-page","status-publish","hentry","has_thumb"],"aioseo_notices":[],"_links":{"self":[{"href":"https:\/\/kursy-udt.pl\/ua\/wp-json\/wp\/v2\/pages\/1284","targetHints":{"allow":["GET"]}}],"collection":[{"href":"https:\/\/kursy-udt.pl\/ua\/wp-json\/wp\/v2\/pages"}],"about":[{"href":"https:\/\/kursy-udt.pl\/ua\/wp-json\/wp\/v2\/types\/page"}],"author":[{"embeddable":true,"href":"https:\/\/kursy-udt.pl\/ua\/wp-json\/wp\/v2\/users\/1"}],"replies":[{"embeddable":true,"href":"https:\/\/kursy-udt.pl\/ua\/wp-json\/wp\/v2\/comments?post=1284"}],"version-history":[{"count":9,"href":"https:\/\/kursy-udt.pl\/ua\/wp-json\/wp\/v2\/pages\/1284\/revisions"}],"predecessor-version":[{"id":4483,"href":"https:\/\/kursy-udt.pl\/ua\/wp-json\/wp\/v2\/pages\/1284\/revisions\/4483"}],"up":[{"embeddable":true,"href":"https:\/\/kursy-udt.pl\/ua\/wp-json\/wp\/v2\/pages\/75"}],"wp:attachment":[{"href":"https:\/\/kursy-udt.pl\/ua\/wp-json\/wp\/v2\/media?parent=1284"}],"curies":[{"name":"wp","href":"https:\/\/api.w.org\/{rel}","templated":true}]}}