{"id":1198,"date":"2014-08-07T10:05:16","date_gmt":"2014-08-07T10:05:16","guid":{"rendered":"http:\/\/kursy-udt.pl\/?page_id=1198"},"modified":"2022-10-17T10:35:22","modified_gmt":"2022-10-17T10:35:22","slug":"%d0%b1%d1%83%d0%b4%d1%96%d0%b2%d0%bd%d0%b8%d1%86%d1%82%d0%b2%d0%be","status":"publish","type":"page","link":"https:\/\/kursy-udt.pl\/ua\/szkolenia\/wozkiwidlowe\/budowa\/","title":{"rendered":"\u041a\u043e\u043d\u0441\u0442\u0440\u0443\u043a\u0446\u0456\u044f \u0430\u0432\u0442\u043e\u043d\u0430\u0432\u0430\u043d\u0442\u0430\u0436\u0443\u0432\u0430\u0447\u0430"},"content":{"rendered":"<div style=\"float: left; padding-right: 10px;\"><img decoding=\"async\" src=\"\/wp-content\/uploads\/2014\/08\/mbud.jpg\" alt=\"\" \/><\/div>\n<div class=\"wyjustuj\">\n<p><a href=\"https:\/\/kursy-udt.pl\/ua\/szkolenia\/wozkiwidlowe\/\">\u041a\u0443\u0440\u0441\u0438 \u043d\u0430\u0432\u0430\u043d\u0442\u0430\u0436\u0443\u0432\u0430\u0447\u0456\u0432<\/a> \u0432\u043e\u043d\u0438 \u0432\u043a\u043b\u044e\u0447\u0430\u044e\u0442\u044c \u0432\u0441\u044e \u0456\u043d\u0444\u043e\u0440\u043c\u0430\u0446\u0456\u044e, \u043d\u0435\u043e\u0431\u0445\u0456\u0434\u043d\u0443 \u0434\u043b\u044f \u0440\u043e\u0431\u043e\u0442\u0438 \u043e\u043f\u0435\u0440\u0430\u0442\u043e\u0440\u043e\u043c, \u0432\u043a\u043b\u044e\u0447\u0430\u044e\u0447\u0438 \u0434\u0430\u043d\u0456 \u043f\u0440\u043e \u043a\u043e\u043d\u0441\u0442\u0440\u0443\u043a\u0446\u0456\u044e \u0442\u0438\u043f\u043e\u0432\u0438\u0445 \u043d\u0430\u0432\u0430\u043d\u0442\u0430\u0436\u0443\u0432\u0430\u0447\u0456\u0432 - \u0432\u0430\u043d\u0442\u0430\u0436\u0456\u0432\u043e\u043a.<\/p>\n<p><strong>\u041d\u0430\u0432\u0430\u043d\u0442\u0430\u0436\u0443\u0432\u0430\u0447\u0456 \u0441\u043a\u043b\u0430\u0434\u0430\u044e\u0442\u044c\u0441\u044f \u0437 \u0442\u0430\u043a\u0438\u0445 \u043a\u043e\u043d\u0441\u0442\u0440\u0443\u043a\u0442\u0438\u0432\u043d\u0438\u0445 \u0435\u043b\u0435\u043c\u0435\u043d\u0442\u0456\u0432:<\/strong><\/p>\n<ul>\n<li>\u0440\u0430\u043c\u0430 - \u0432\u0438\u0433\u043e\u0442\u043e\u0432\u043b\u0435\u043d\u0430 \u0437 \u043f\u0440\u0430\u0432\u0438\u043b\u044c\u043d\u043e \u0441\u0444\u043e\u0440\u043c\u043e\u0432\u0430\u043d\u043e\u0457 \u0441\u0442\u0430\u043b\u0456<\/li>\n<li>\u0448\u0430\u0441\u0456 - \u0448\u0430\u0441\u0456 \u0441\u043a\u043b\u0430\u0434\u0430\u0454\u0442\u044c\u0441\u044f \u0437 \u043a\u043e\u043b\u0456\u0441, \u0437\u0430\u0437\u0432\u0438\u0447\u0430\u0439 \u0442\u0440\u044c\u043e\u0445 \u0430\u0431\u043e \u0447\u043e\u0442\u0438\u0440\u044c\u043e\u0445 \u0432 \u0437\u0430\u043b\u0435\u0436\u043d\u043e\u0441\u0442\u0456 \u0432\u0456\u0434 \u043c\u043e\u0434\u0435\u043b\u0456 \u043f\u0440\u0438\u0441\u0442\u0440\u043e\u044e<\/li>\n<li>\u0434\u0432\u0438\u0433\u0443\u043d - \u0432 \u0442\u0440\u0430\u043d\u0441\u043f\u043e\u0440\u0442\u043d\u0438\u0445 \u0437\u0430\u0441\u043e\u0431\u0430\u0445 \u0432 \u043e\u0441\u043d\u043e\u0432\u043d\u043e\u043c\u0443 \u0432\u0438\u043a\u043e\u0440\u0438\u0441\u0442\u043e\u0432\u0443\u044e\u0442\u044c\u0441\u044f \u0434\u0432\u0438\u0433\u0443\u043d\u0438 \u043d\u0438\u0437\u044c\u043a\u043e\u0433\u043e \u0442\u0438\u0441\u043a\u0443, \u0449\u043e \u043f\u0440\u0430\u0446\u044e\u044e\u0442\u044c \u043d\u0430 \u0437\u0440\u0456\u0434\u0436\u0435\u043d\u043e\u043c\u0443 \u0433\u0430\u0437\u0456, \u0431\u0435\u043d\u0437\u0438\u043d\u0456, \u0430 \u0442\u0430\u043a\u043e\u0436 \u0434\u0438\u0437\u0435\u043b\u044c\u043d\u0456 \u0434\u0432\u0438\u0433\u0443\u043d\u0438, \u0449\u043e \u043f\u0440\u0430\u0446\u044e\u044e\u0442\u044c \u043d\u0430 \u0434\u0438\u0437\u0435\u043b\u0456, \u0442\u0430\u043a\u043e\u0436 \u043f\u043e\u043f\u0443\u043b\u044f\u0440\u043d\u0456 \u0435\u043b\u0435\u043a\u0442\u0440\u0438\u0447\u043d\u0456 \u0442\u0430 \u0430\u043a\u0443\u043c\u0443\u043b\u044f\u0442\u043e\u0440\u043d\u0456 \u0434\u0432\u0438\u0433\u0443\u043d\u0438<\/li>\n<li>\u043f\u0440\u043e\u0442\u0438\u0432\u0430\u0433\u0430 - \u0439\u043e\u0433\u043e \u043e\u0441\u043d\u043e\u0432\u043d\u0435 \u043f\u0440\u0438\u0437\u043d\u0430\u0447\u0435\u043d\u043d\u044f - \u0437\u0430\u0431\u0435\u0437\u043f\u0435\u0447\u0438\u0442\u0438 \u0432\u0456\u0434\u043f\u043e\u0432\u0456\u0434\u043d\u0435 \u043d\u0430\u0432\u0430\u043d\u0442\u0430\u0436\u0435\u043d\u043d\u044f \u043d\u0430 \u0442\u0440\u0430\u043d\u0441\u043f\u043e\u0440\u0442\u043d\u0438\u0439 \u0437\u0430\u0441\u0456\u0431 \u043f\u0440\u0438 \u0442\u0440\u0430\u043d\u0441\u043f\u043e\u0440\u0442\u0443\u0432\u0430\u043d\u043d\u0456 \u0432\u0430\u043d\u0442\u0430\u0436\u0456\u0432, \u043d\u0430\u0439\u0447\u0430\u0441\u0442\u0456\u0448\u0435 \u0443 \u0432\u0438\u0433\u043b\u044f\u0434\u0456 \u0441\u0442\u0430\u043b\u0435\u0432\u043e\u0433\u043e \u0431\u043b\u043e\u043a\u0443 \u0432 \u0437\u0430\u0434\u043d\u0456\u0439 \u0447\u0430\u0441\u0442\u0438\u043d\u0456<\/li>\n<li>\u0449\u043e\u0433\u043b\u0430 - \u0447\u0430\u0441\u0442\u0438\u043d\u0430, \u0432\u0441\u0442\u0430\u043d\u043e\u0432\u043b\u0435\u043d\u0430 \u0432\u0435\u0440\u0442\u0438\u043a\u0430\u043b\u044c\u043d\u043e \u043f\u0435\u0440\u0435\u0434 \u043f\u0440\u0438\u0441\u0442\u0440\u043e\u0454\u043c, \u044f\u043a\u0430 \u0434\u043e\u0437\u0432\u043e\u043b\u044f\u0454 \u043e\u043f\u0443\u0441\u043a\u0430\u0442\u0438, \u043f\u0456\u0434\u043d\u0456\u043c\u0430\u0442\u0438 \u0442\u0430 \u043d\u0430\u0445\u0438\u043b\u044f\u0442\u0438 \u0432\u0430\u043d\u0442\u0430\u0436\u0456<\/li>\n<li>\u0432\u0438\u043b\u043a\u0438 - \u0413-\u043f\u043e\u0434\u0456\u0431\u043d\u0456 \u0456 \u043f\u0435\u0440\u0435\u043c\u0456\u0449\u0443\u044e\u0442\u044c\u0441\u044f \u0432\u0435\u0440\u0442\u0438\u043a\u0430\u043b\u044c\u043d\u043e \u043b\u0430\u043d\u0446\u044e\u0433\u043e\u043c. \u0412\u0438\u043b\u0430 \u0442\u0430\u043a\u043e\u0436 \u043c\u043e\u0436\u043d\u0430 \u0437\u0430\u043c\u0456\u043d\u0438\u0442\u0438 \u0456\u043d\u0448\u0438\u043c\u0438 \u0432\u0438\u0434\u0430\u043c\u0438 \u043e\u0431\u043b\u0430\u0434\u043d\u0430\u043d\u043d\u044f, \u043d\u0430\u043f\u0440\u0438\u043a\u043b\u0430\u0434 \u0430\u0434\u0430\u043f\u0442\u043e\u0432\u0430\u043d\u0438\u043c\u0438 \u0434\u043b\u044f \u0442\u0440\u0430\u043d\u0441\u043f\u043e\u0440\u0442\u0443\u0432\u0430\u043d\u043d\u044f \u043a\u0430\u0440\u0442\u043e\u043d\u043d\u0438\u0445 \u043a\u043e\u0440\u043e\u0431\u043e\u043a, \u0431\u043e\u0447\u043e\u043a<\/li>\n<li>\u0441\u0430\u043d\u0456\u0442\u0430\u0440\u043d\u0438\u0439 \u0430\u0432\u0442\u043e\u043c\u043e\u0431\u0456\u043b\u044c - \u043f\u0435\u0440\u0435\u0434\u043d\u044f \u043f\u043b\u0438\u0442\u0430 \u0430\u0432\u0442\u043e\u043c\u043e\u0431\u0456\u043b\u044f, \u044f\u043a\u0430 \u043a\u0440\u0456\u043f\u0438\u0442\u044c\u0441\u044f \u0434\u043e \u0449\u043e\u0433\u043b\u0438, \u0434\u043e \u0441\u0430\u043d\u0456\u0442\u0430\u0440\u043d\u043e\u0433\u043e \u0430\u0432\u0442\u043e\u043c\u043e\u0431\u0456\u043b\u044f \u043f\u0440\u0438\u043a\u0440\u0456\u043f\u043b\u0435\u043d\u0456 \u0432\u0438\u043b\u043a\u0438 \u0442\u0430 \u0437\u0430\u0445\u0438\u0441\u043d\u0430 \u0440\u0435\u0448\u0456\u0442\u043a\u0430.<\/li>\n<li>\u0437\u0430\u0445\u0438\u0441\u043d\u0430 \u0440\u0435\u0448\u0456\u0442\u043a\u0430 - \u0437\u0430\u043f\u043e\u0431\u0456\u0433\u0430\u0454 \u043a\u043e\u0432\u0437\u0430\u043d\u043d\u044e \u0442\u0440\u0430\u043d\u0441\u043f\u043e\u0440\u0442\u043e\u0432\u0430\u043d\u0438\u0445 \u0432\u0430\u043d\u0442\u0430\u0436\u0456\u0432<\/li>\n<li>\u043a\u0430\u0440\u043a\u0430\u0441 \u0431\u0435\u0437\u043f\u0435\u043a\u0438 - \u0437\u0430\u0445\u0438\u0449\u0430\u0454 \u043e\u043f\u0435\u0440\u0430\u0442\u043e\u0440\u0430 \u043f\u0440\u0438\u0441\u0442\u0440\u043e\u044e \u0432\u0456\u0434 \u0432\u0430\u043d\u0442\u0430\u0436\u0456\u0432, \u0449\u043e \u043f\u0430\u0434\u0430\u044e\u0442\u044c \u043d\u0430 \u043d\u044c\u043e\u0433\u043e \u0437\u0432\u0435\u0440\u0445\u0443<\/li>\n<li>\u043a\u0430\u0431\u0456\u043d\u0430 \u043e\u043f\u0435\u0440\u0430\u0442\u043e\u0440\u0430 - \u043f\u0440\u0438\u0437\u043d\u0430\u0447\u0435\u043d\u0430 \u0434\u043b\u044f \u043a\u0435\u0440\u0443\u0432\u0430\u043d\u043d\u044f \u0442\u0440\u0430\u043d\u0441\u043f\u043e\u0440\u0442\u043d\u0438\u043c \u0437\u0430\u0441\u043e\u0431\u043e\u043c, \u0432\u043e\u043d\u0430 \u0432\u043a\u043b\u044e\u0447\u0430\u0454 \u0442\u0430\u043a\u0456 \u0435\u043b\u0435\u043c\u0435\u043d\u0442\u0438, \u044f\u043a \u043a\u0435\u0440\u043c\u043e, \u043f\u0435\u0434\u0430\u043b\u0456, \u0432\u0430\u0436\u0435\u043b\u0456, \u0449\u043e \u0434\u043e\u0437\u0432\u043e\u043b\u044f\u044e\u0442\u044c \u0443\u043f\u0440\u0430\u0432\u043b\u044f\u0442\u0438 \u0432\u0441\u0456\u043c \u0442\u0440\u0430\u043d\u0441\u043f\u043e\u0440\u0442\u043d\u0438\u043c \u0437\u0430\u0441\u043e\u0431\u043e\u043c. \u041a\u0430\u0431\u0456\u043d\u0430 \u0432\u0456\u0434\u043a\u0440\u0438\u0442\u0430, \u0430\u043b\u0435 \u0437\u0430\u043a\u0440\u0438\u0442\u0430, \u0449\u043e \u0437\u0430\u0445\u0438\u0449\u0430\u0454 \u043b\u044e\u0434\u0438\u043d\u0443 \u0432\u0441\u0435\u0440\u0435\u0434\u0438\u043d\u0456 \u0432\u0456\u0434 \u043d\u0435\u0449\u0430\u0441\u043d\u0438\u0445 \u0432\u0438\u043f\u0430\u0434\u043a\u0456\u0432<\/li>\n<\/ul>\n<p>Forkbeards \u0442\u0430\u043a\u043e\u0436 \u043c\u043e\u0436\u0435 \u043c\u0456\u0441\u0442\u0438\u0442\u0438 \u0456\u043d\u0448\u0456 \u0435\u043b\u0435\u043c\u0435\u043d\u0442\u0438 \u0437\u0430\u043b\u0435\u0436\u043d\u043e \u0432\u0456\u0434 \u0457\u0445 \u043f\u0440\u0438\u0437\u043d\u0430\u0447\u0435\u043d\u043d\u044f. \u041a\u0435\u0440\u043e\u0432\u0430\u043d\u0456 \u0432\u0430\u043d\u0442\u0430\u0436\u0456\u0432\u043a\u0438 \u043d\u0435 \u043c\u0430\u044e\u0442\u044c \u043a\u0430\u0431\u0456\u043d\u0438 \u043e\u043f\u0435\u0440\u0430\u0442\u043e\u0440\u0430, \u0441\u043f\u0435\u0446\u0456\u0430\u043b\u0456\u0437\u043e\u0432\u0430\u043d\u0456 \u0432\u0430\u043d\u0442\u0430\u0436\u0456\u0432\u043a\u0438 \u043c\u043e\u0436\u0443\u0442\u044c \u043c\u0430\u0442\u0438 \u0440\u0430\u0434\u0456\u0443\u0441 \u0434\u0456\u0457, \u043f\u0440\u0438\u0437\u043d\u0430\u0447\u0435\u043d\u0438\u0439 \u0434\u043b\u044f \u043f\u0456\u0434\u0439\u043e\u043c\u0443 \u0432\u0430\u0436\u043a\u0438\u0445 \u0432\u0430\u043d\u0442\u0430\u0436\u0456\u0432 \u043d\u0430 \u0432\u0438\u0449\u0456 \u0440\u0456\u0432\u043d\u0456.<\/p>\n<p>\u041a\u0440\u0456\u043c \u0442\u043e\u0433\u043e, \u043a\u0443\u0440\u0441\u0438 \u043d\u0430\u0432\u0430\u043d\u0442\u0430\u0436\u0443\u0432\u0430\u0447\u0456\u0432 \u0432\u043a\u043b\u044e\u0447\u0430\u044e\u0442\u044c \u0456\u043d\u0444\u043e\u0440\u043c\u0430\u0446\u0456\u044e \u043f\u0440\u043e \u0440\u0456\u0437\u043d\u0456 \u0442\u0438\u043f\u0438 \u043d\u0430\u0432\u0430\u043d\u0442\u0430\u0436\u0443\u0432\u0430\u0447\u0456\u0432, \u0443 \u0442\u043e\u043c\u0443 \u0447\u0438\u0441\u043b\u0456 \u043f\u0440\u043e\u0445\u0456\u0434\u043d\u0456, \u043f\u043b\u0430\u0442\u0444\u043e\u0440\u043c\u043d\u0456, \u0441\u0438\u0434\u0456\u043b\u044c\u043d\u0456, \u0437 \u0434\u0438\u0441\u0442\u0430\u043d\u0446\u0456\u0439\u043d\u0438\u043c \u043a\u0435\u0440\u0443\u0432\u0430\u043d\u043d\u044f\u043c, \u0435\u043b\u0435\u043a\u0442\u0440\u0438\u0447\u043d\u0456, \u0430\u043a\u0443\u043c\u0443\u043b\u044f\u0442\u043e\u0440\u043d\u0456, \u0431\u0435\u043d\u0437\u0438\u043d\u043e\u0432\u0456 \u0442\u0430 \u0434\u0438\u0437\u0435\u043b\u044c\u043d\u0456 \u043d\u0430\u0432\u0430\u043d\u0442\u0430\u0436\u0443\u0432\u0430\u0447\u0456.<\/p>\n<div class=\"filmw\">\n<div class=\"responsive-youtube\" style=\"text-align: center;\"><iframe loading=\"lazy\" title=\"\u0412\u0456\u0434\u0435\u043e\u043f\u043b\u0435\u0454\u0440 YouTube\" src=\"https:\/\/www.youtube.com\/embed\/dFMZUadVVBM\" width=\"560\" height=\"315\" frameborder=\"0\" allowfullscreen=\"allowfullscreen\"><\/iframe><\/div>\n<\/div>\n<\/div>\n<div class=\"button_styl\" style=\"float: right; padding-left: 15px; padding-bottom: 8px; margin-bottom: 5px;\"><a class=\"myButton myButton_maly\" href=\"https:\/\/platformaedukacji.pl\/login\/signup.php\" target=\"_blank\" rel=\"nofollow noopener\"><span style=\"color: white;\">\u0417\u0430\u043f\u0438\u0448\u0456\u0442\u044c\u0441\u044f \u043d\u0430 \u043d\u0430\u0432\u0447\u0430\u043d\u043d\u044f<\/span><\/a><\/div>\n<div style=\"padding-top: 70px;\">\n<h2>\u0411\u0456\u043b\u044c\u0448\u0435 \u0456\u043d\u0444\u043e\u0440\u043c\u0430\u0446\u0456\u0457:<\/h2>\n<div style=\"text-align: center; font-size: 85%; line-height: 120%;\">\n<div style=\"float: left; margin-right: 40px; height: 290px;\">\n<p><a href=\"\/ua\/%d0%bd%d0%b0%d0%b2%d1%87%d0%b0%d0%bd%d0%bd%d1%8f\/%d0%b2%d0%b8%d0%bb%d0%ba%d0%be%d0%b2%d1%96-%d0%bd%d0%b0%d0%b2%d0%b0%d0%bd%d1%82%d0%b0%d0%b6%d1%83%d0%b2%d0%b0%d1%87%d1%96\/%d0%ba%d0%be%d0%bd%d1%82%d1%80%d0%be%d0%bb%d1%8c\/\"><img decoding=\"async\" src=\"\/wp-content\/uploads\/2014\/08\/ster.jpg\" alt=\"\" \/><\/a><\/p>\n<div style=\"width: 300px; font-size: 130%;\"><strong>\u041a\u041e\u041d\u0422\u0420\u041e\u041b\u042c<\/strong><br \/>\n\u041f\u0440\u0430\u0432\u0438\u043b\u044c\u043d\u0456 \u043f\u0440\u0438\u0439\u043e\u043c\u0438 \u043a\u043e\u043d\u0442\u0440\u043e\u043b\u044e<\/div>\n<p>&nbsp;<\/p>\n<\/div>\n<div style=\"float: left; margin-right: 40px; height: 290px;\">\n<p><a href=\"\/ua\/%d0%bd%d0%b0%d0%b2%d1%87%d0%b0%d0%bd%d0%bd%d1%8f\/%d0%b2%d0%b8%d0%bb%d0%ba%d0%be%d0%b2%d1%96-%d0%bd%d0%b0%d0%b2%d0%b0%d0%bd%d1%82%d0%b0%d0%b6%d1%83%d0%b2%d0%b0%d1%87%d1%96\/%d0%be%d0%b1%d1%80%d0%be%d0%b1%d0%ba%d0%b0-%d0%b2%d0%b0%d0%bd%d1%82%d0%b0%d0%b6%d1%96%d0%b2\/\"><img decoding=\"async\" src=\"\/wp-content\/uploads\/2014\/08\/oper.jpg\" alt=\"\" \/><\/a><\/p>\n<div style=\"width: 300px; font-size: 130%;\"><strong>\u0420\u043e\u0437\u0432\u0430\u043d\u0442\u0430\u0436\u0435\u043d\u043d\u044f \u0432\u0430\u043d\u0442\u0430\u0436\u0456\u0432<\/strong><br \/>\n\u041e\u0431\u0441\u043b\u0443\u0433\u043e\u0432\u0443\u0432\u0430\u043d\u043d\u044f \u0437\u0430\u0432\u0430\u043d\u0442\u0430\u0436\u0435\u043d\u043e\u0433\u043e \u043d\u0430\u0432\u0430\u043d\u0442\u0430\u0436\u0443\u0432\u0430\u0447\u0430<\/div>\n<p>&nbsp;<\/p>\n<\/div>\n<\/div>\n<div style=\"clear: both;\"><\/div>\n<div style=\"text-align: center; font-size: 85%; line-height: 120%;\">\n<div style=\"float: left; margin-right: 40px; height: 290px;\">\n<p><a href=\"\/ua\/%d0%bd%d0%b0%d0%b2%d1%87%d0%b0%d0%bd%d0%bd%d1%8f\/%d0%b2%d0%b8%d0%bb%d0%ba%d0%be%d0%b2%d1%96-%d0%bd%d0%b0%d0%b2%d0%b0%d0%bd%d1%82%d0%b0%d0%b6%d1%83%d0%b2%d0%b0%d1%87%d1%96\/%d0%b1%d0%b5%d0%b7%d0%bf%d0%b5%d0%ba%d0%b8\/\"><img decoding=\"async\" src=\"\/wp-content\/uploads\/2014\/08\/bezp.jpg\" alt=\"\" \/><\/a><\/p>\n<div style=\"width: 300px; font-size: 130%;\"><strong>\u0411\u0435\u0437\u043f\u0435\u043a\u0430<\/strong><br \/>\n\u041f\u0440\u0430\u0432\u0438\u043b\u0430 \u0431\u0435\u0437\u043f\u0435\u0447\u043d\u043e\u0457 \u0435\u043a\u0441\u043f\u043b\u0443\u0430\u0442\u0430\u0446\u0456\u0457<\/div>\n<p>&nbsp;<\/p>\n<\/div>\n<div style=\"float: left; margin-right: 40px; height: 290px;\">\n<p><a href=\"\/ua\/%d0%bd%d0%b0%d0%b2%d1%87%d0%b0%d0%bd%d0%bd%d1%8f\/%d0%b2%d0%b8%d0%bb%d0%ba%d0%be%d0%b2%d1%96-%d0%bd%d0%b0%d0%b2%d0%b0%d0%bd%d1%82%d0%b0%d0%b6%d1%83%d0%b2%d0%b0%d1%87%d1%96\/%d0%b1%d1%83%d0%b4%d1%96%d0%b2%d0%bd%d0%b8%d1%86%d1%82%d0%b2%d0%be\/\"><img decoding=\"async\" src=\"\/wp-content\/uploads\/2014\/08\/bud.jpg\" alt=\"\" \/><\/a><\/p>\n<div style=\"width: 300px; font-size: 130%;\"><strong>\u0411\u0443\u0434\u0456\u0432\u043d\u0438\u0446\u0442\u0432\u043e<\/strong><br \/>\n\u0411\u0430\u0437\u0430 \u0437\u043d\u0430\u043d\u044c \u0434\u043b\u044f \u0431\u0443\u0434\u0456\u0432\u043d\u0438\u0446\u0442\u0432\u0430<\/div>\n<p>&nbsp;<\/p>\n<\/div>\n<\/div>\n<div style=\"text-align: center; font-size: 85%; line-height: 120%;\">\n<div style=\"float: left; margin-right: 40px; height: 290px;\">\n<p><a href=\"\/ua\/%d0%bd%d0%b0%d0%b2%d1%87%d0%b0%d0%bd%d0%bd%d1%8f\/%d0%b2%d0%b8%d0%bb%d0%ba%d0%be%d0%b2%d1%96-%d0%bd%d0%b0%d0%b2%d0%b0%d0%bd%d1%82%d0%b0%d0%b6%d1%83%d0%b2%d0%b0%d1%87%d1%96\/\"><img decoding=\"async\" style=\"width: 300px; height: 225px;\" src=\"\/wp-content\/uploads\/2014\/03\/wozki-widlowe-4.jpeg\" alt=\"\" \/><\/a><\/p>\n<div style=\"width: 300px; font-size: 130%;\"><center><strong>\u041a\u0443\u0440\u0441\u0438<\/strong><br \/>\n\u043d\u0430 \u043d\u0430\u0432\u0430\u043d\u0442\u0430\u0436\u0443\u0432\u0430\u0447\u0430\u0445<\/center><\/div>\n<p>&nbsp;<\/p>\n<\/div>\n<\/div>\n<\/div>","protected":false},"excerpt":{"rendered":"<p>Kursy na w\u00f3zki wid\u0142owe obejmuj\u0105 wszystkie niezb\u0119dne informacje do pracy na stanowisku operatora, w tym r\u00f3wnie\u017c w\u0142\u0105czaj\u0105 dane o budowie typowych widlak\u00f3w \u2013 jezdniowych. W\u00f3zki wid\u0142owe zbudowane s\u0105 z nast\u0119puj\u0105cych element\u00f3w konstrukcyjnych: rama \u2013 wykonana z odpowiednio uformowanej stali podwozie \u2013 na podwozie sk\u0142adaj\u0105 si\u0119 ko\u0142a, zazwyczaj trzy lub cztery zale\u017cnie od modelu urz\u0105dzenia silnik \u2013 w pojazdach stosuje si\u0119 g\u0142\u00f3wnie silniki niskopr\u0119\u017cne zasilane gazem LPG, benzyn\u0105, a tak\u017ce silniki wysokopr\u0119\u017cne zasilane olejem nap\u0119dowym, r\u00f3wnie\u017c popularne s\u0105 silniki elektryczne i akumulatorowe przeciwwaga \u2013 jej g\u0142\u00f3wnym celem jest zapewnienie odpowiedniego obci\u0105\u017cenia dla pojazdu przy przewo\u017ceniu \u0142adunk\u00f3w, najcz\u0119\u015bciej ma form\u0119 bloku stalowego w tylnej cz\u0119\u015bci maszt \u2013 cz\u0119\u015b\u0107 zamontowana pionowo z przodu urz\u0105dzenia, kt\u00f3ra pozwala na opuszczanie, podnoszenie i przechylanie \u0142adunk\u00f3w wid\u0142y \u2013 maj\u0105 kszta\u0142t litery L i s\u0105 poruszane w pionie przez \u0142a\u0144cuch. Wid\u0142y mog\u0105 by\u0107 wymienione tak\u017ce na innego rodzaju osprz\u0119t, na przyk\u0142ad przystosowany do przewozu pude\u0142 kartonowych, beczek karetka \u2013 p\u0142yta czo\u0142owa pojazdu, kt\u00f3ra jest zamontowana do masztu, do karetki przymocowane s\u0105 wid\u0142y i krata ochronna krata ochronna \u2013 zabezpiecza przed osuwaniem si\u0119 przewo\u017conych \u0142adunk\u00f3w klatka bezpiecze\u0144stwa \u2013 zabezpiecza operatora urz\u0105dzenia przed spadaj\u0105cymi na niego z g\u00f3ry \u0142adunkami kabina operatora \u2013 przeznaczona do operowania pojazdem, znajduj\u0105 si\u0119 w niej takie elementy jak kierownica, peda\u0142y, d\u017awignie, kt\u00f3re pozwalaj\u0105 na sterowanie ca\u0142ym pojazdem. Kabina jest otwarta, jednak obudowana, co powoduje, \u017ce osoba znajduj\u0105ca si\u0119 wewn\u0105trz jest ochroniona przed ewentualnymi wypadkami Widlaki mog\u0105 zawiera\u0107 tak\u017ce inne elementy zale\u017cnie od swojego przeznaczenia. W\u00f3zki prowadzone nie posiadaj\u0105 mi\u0119dzy innymi kabiny operatora, w\u00f3zki specjalizowane mog\u0105 mie\u0107 wysi\u0119g przeznaczony do podnoszenia [&hellip;]<\/p>\n","protected":false},"author":1,"featured_media":1206,"parent":17,"menu_order":3,"comment_status":"closed","ping_status":"closed","template":"","meta":{"sfsi_plus_gutenberg_text_before_share":"","sfsi_plus_gutenberg_show_text_before_share":"","sfsi_plus_gutenberg_icon_type":"","sfsi_plus_gutenberg_icon_alignemt":"","sfsi_plus_gutenburg_max_per_row":"","footnotes":""},"class_list":["post-1198","page","type-page","status-publish","has-post-thumbnail","hentry","has_thumb"],"aioseo_notices":[],"_links":{"self":[{"href":"https:\/\/kursy-udt.pl\/ua\/wp-json\/wp\/v2\/pages\/1198","targetHints":{"allow":["GET"]}}],"collection":[{"href":"https:\/\/kursy-udt.pl\/ua\/wp-json\/wp\/v2\/pages"}],"about":[{"href":"https:\/\/kursy-udt.pl\/ua\/wp-json\/wp\/v2\/types\/page"}],"author":[{"embeddable":true,"href":"https:\/\/kursy-udt.pl\/ua\/wp-json\/wp\/v2\/users\/1"}],"replies":[{"embeddable":true,"href":"https:\/\/kursy-udt.pl\/ua\/wp-json\/wp\/v2\/comments?post=1198"}],"version-history":[{"count":22,"href":"https:\/\/kursy-udt.pl\/ua\/wp-json\/wp\/v2\/pages\/1198\/revisions"}],"predecessor-version":[{"id":4340,"href":"https:\/\/kursy-udt.pl\/ua\/wp-json\/wp\/v2\/pages\/1198\/revisions\/4340"}],"up":[{"embeddable":true,"href":"https:\/\/kursy-udt.pl\/ua\/wp-json\/wp\/v2\/pages\/17"}],"wp:featuredmedia":[{"embeddable":true,"href":"https:\/\/kursy-udt.pl\/ua\/wp-json\/wp\/v2\/media\/1206"}],"wp:attachment":[{"href":"https:\/\/kursy-udt.pl\/ua\/wp-json\/wp\/v2\/media?parent=1198"}],"curies":[{"name":"wp","href":"https:\/\/api.w.org\/{rel}","templated":true}]}}