{"id":1196,"date":"2014-08-07T09:46:23","date_gmt":"2014-08-07T09:46:23","guid":{"rendered":"http:\/\/kursy-udt.pl\/?page_id=1196"},"modified":"2022-10-17T10:33:49","modified_gmt":"2022-10-17T10:33:49","slug":"%d0%b1%d0%b5%d0%b7%d0%bf%d0%b5%d0%ba%d0%b8","status":"publish","type":"page","link":"https:\/\/kursy-udt.pl\/ua\/szkolenia\/wozkiwidlowe\/bezpieczenstwo\/","title":{"rendered":"\u0411\u0435\u0437\u043f\u0435\u043a\u0430 \u0435\u043a\u0441\u043f\u043b\u0443\u0430\u0442\u0430\u0446\u0456\u0457 \u043d\u0430\u0432\u0430\u043d\u0442\u0430\u0436\u0443\u0432\u0430\u0447\u0430"},"content":{"rendered":"<div style=\"float: left; padding-right: 10px;\"><img decoding=\"async\" src=\"\/wp-content\/uploads\/2014\/08\/mbezp.jpg\" alt=\"\" \/><\/div>\n<div class=\"wyjustuj\">\n<p>\u041e\u0441\u043d\u043e\u0432\u043d\u043e\u044e \u043c\u0435\u0442\u043e\u044e \u043a\u0443\u0440\u0441\u0456\u0432 \u043d\u0430\u0432\u0430\u043d\u0442\u0430\u0436\u0443\u0432\u0430\u0447\u0430 \u0454 \u043d\u0430\u0432\u0447\u0430\u043d\u043d\u044f \u043f\u0440\u0430\u0432\u0438\u043b\u044c\u043d\u043e\u043c\u0443 \u043f\u043e\u0432\u043e\u0434\u0436\u0435\u043d\u043d\u044e \u0437 \u043f\u0440\u0438\u0441\u0442\u0440\u043e\u0454\u043c \u043d\u0430 \u0440\u043e\u0431\u043e\u0447\u043e\u043c\u0443 \u043c\u0456\u0441\u0446\u0456 \u043e\u043f\u0435\u0440\u0430\u0442\u043e\u0440\u0430. \u041a\u043e\u0436\u0435\u043d, \u043e\u043a\u0440\u0456\u043c \u0456\u043d\u0444\u043e\u0440\u043c\u0430\u0446\u0456\u0457 \u043f\u0440\u043e \u043a\u043e\u043d\u0441\u0442\u0440\u0443\u043a\u0446\u0456\u044e \u0442\u0440\u0430\u043d\u0441\u043f\u043e\u0440\u0442\u043d\u043e\u0433\u043e \u0437\u0430\u0441\u043e\u0431\u0443, \u043a\u0435\u0440\u0443\u0432\u0430\u043d\u043d\u044f \u043d\u0438\u043c \u0456 \u0432\u0430\u043d\u0442\u0430\u0436\u043e\u043f\u0456\u0434\u0439\u043e\u043c\u043d\u0456\u0441\u0442\u044c, \u043c\u0456\u0441\u0442\u0438\u0442\u044c \u0432\u0456\u0434\u043e\u043c\u043e\u0441\u0442\u0456 \u043f\u0440\u043e \u043e\u0445\u043e\u0440\u043e\u043d\u0443 \u043f\u0440\u0430\u0446\u0456. \u042f\u043a\u0449\u043e \u0440\u043e\u0431\u043e\u0442\u0430 \u0442\u0430\u043a\u043e\u0436 \u0432\u043a\u043b\u044e\u0447\u0430\u0454 <a href=\"https:\/\/kursy-udt.pl\/ua\/szkolenia\/wozkiwidlowe\/\">\u043a\u0443\u0440\u0441 \u043d\u0430\u0432\u0430\u043d\u0442\u0430\u0436\u0443\u0432\u0430\u0447\u0456\u0432<\/a> \u0446\u0435 \u043d\u0435\u043e\u0431\u0445\u0456\u0434\u043d\u043e.<\/p>\n<p>\u0414\u043b\u044f \u0434\u043e\u043f\u0443\u0441\u043a\u0443 \u0434\u043e \u0440\u043e\u0431\u043e\u0442\u0438 \u043d\u0430\u0432\u0430\u043d\u0442\u0430\u0436\u0443\u0432\u0430\u0447\u0456 \u043f\u043e\u0432\u0438\u043d\u043d\u0456 \u0432\u0456\u0434\u043f\u043e\u0432\u0456\u0434\u0430\u0442\u0438 \u043f\u0435\u0432\u043d\u0438\u043c \u0442\u0435\u0445\u043d\u0456\u0447\u043d\u0438\u043c \u0432\u0438\u043c\u043e\u0433\u0430\u043c. \u0422\u0435\u0445\u043d\u0456\u0447\u043d\u0456 \u043f\u0430\u0440\u0430\u043c\u0435\u0442\u0440\u0438 \u043f\u0440\u0438\u0441\u0442\u0440\u043e\u044e \u043c\u043e\u0436\u043d\u0430 \u0437\u043d\u0430\u0439\u0442\u0438 \u043d\u0430 \u0442\u0430\u0431\u043b\u0438\u0447\u0446\u0456, \u044f\u043a\u0430 \u043c\u0430\u0454 \u0431\u0443\u0442\u0438 \u043d\u0430 \u043a\u043e\u0436\u043d\u043e\u043c\u0443 \u0442\u0440\u0430\u043d\u0441\u043f\u043e\u0440\u0442\u043d\u043e\u043c\u0443 \u0437\u0430\u0441\u043e\u0431\u0456. \u041a\u0440\u0456\u043c \u0442\u043e\u0433\u043e, \u043d\u0435\u043e\u0431\u0445\u0456\u0434\u043d\u0430 \u0456\u043d\u0444\u043e\u0440\u043c\u0430\u0446\u0456\u044f \u0432\u043a\u043b\u044e\u0447\u0430\u0454 \u0434\u0456\u0430\u0433\u0440\u0430\u043c\u0443 \u0432\u0430\u043d\u0442\u0430\u0436\u043e\u043f\u0456\u0434\u0439\u043e\u043c\u043d\u043e\u0441\u0442\u0456, \u044f\u043a\u0430 \u043f\u043e\u043a\u0430\u0437\u0443\u0454 \u0432\u0438\u0441\u043e\u0442\u0443 \u0432\u0430\u043d\u0442\u0430\u0436\u0443, \u0449\u043e \u043f\u0456\u0434\u043d\u0456\u043c\u0430\u0454\u0442\u044c\u0441\u044f, \u0456 \u043f\u043e\u043b\u043e\u0436\u0435\u043d\u043d\u044f \u0432\u0430\u043d\u0442\u0430\u0436\u0443 \u043d\u0430 \u0432\u0438\u043b\u043a\u0430\u0445.<\/p>\n<p>\u0412\u043e\u043d\u0438 \u043d\u0435\u043e\u0431\u0445\u0456\u0434\u043d\u0456 \u0434\u043b\u044f \u0440\u043e\u0431\u043e\u0442\u0438 \u043f\u0440\u0438\u0441\u0442\u0440\u043e\u044e <a href=\"https:\/\/kursy-udt.pl\/ua\/uprawnienia-udt\/kategorie-uprawnien-2\/\">\u043f\u0440\u0430\u0432\u0430<\/a> \u043d\u0430 \u043d\u0430\u0432\u0430\u043d\u0442\u0430\u0436\u0443\u0432\u0430\u0447\u0430\u0445. \u0421\u0435\u0440\u0442\u0438\u0444\u0456\u043a\u0430\u0442\u0438 \u0432\u0438\u0434\u0430\u0454 UDT Warszawa. \u041a\u0440\u0456\u043c \u0442\u043e\u0433\u043e, \u0442\u0430\u043a\u043e\u0436 \u043d\u0435\u043e\u0431\u0445\u0456\u0434\u043d\u043e \u043f\u0440\u043e\u0439\u0442\u0438 \u043f\u0441\u0438\u0445\u043e\u0442\u0435\u0445\u043d\u0456\u0447\u043d\u0456 \u0442\u0435\u0441\u0442\u0438 \u0442\u0430 \u043d\u0430\u0434\u0430\u0442\u0438 \u0434\u043e\u0432\u0456\u0434\u043a\u0443 \u043f\u0440\u043e \u0432\u0456\u0434\u0441\u0443\u0442\u043d\u0456\u0441\u0442\u044c \u043f\u0440\u043e\u0442\u0438\u043f\u043e\u043a\u0430\u0437\u0430\u043d\u044c \u0434\u043b\u044f \u0432\u0438\u043a\u043e\u043d\u0430\u043d\u043d\u044f \u0440\u043e\u0431\u043e\u0442\u0438 \u043d\u0430 \u043f\u043e\u0441\u0430\u0434\u0456.<\/p>\n<div class=\"filmw\">\n<div class=\"responsive-youtube\" style=\"text-align: center;\"><iframe loading=\"lazy\" title=\"\u0412\u0456\u0434\u0435\u043e\u043f\u043b\u0435\u0454\u0440 YouTube\" src=\"https:\/\/www.youtube.com\/embed\/dFMZUadVVBM\" width=\"560\" height=\"315\" frameborder=\"0\" allowfullscreen=\"allowfullscreen\"><\/iframe><\/div>\n<\/div>\n<p><strong>\u0414\u0456\u0457, \u0437\u0430\u0431\u043e\u0440\u043e\u043d\u0435\u043d\u0456 \u043f\u0456\u0434 \u0447\u0430\u0441 \u0435\u043a\u0441\u043f\u043b\u0443\u0430\u0442\u0430\u0446\u0456\u0457 \u043d\u0430\u0432\u0430\u043d\u0442\u0430\u0436\u0443\u0432\u0430\u0447\u0430:<\/strong><\/p>\n<ul>\n<li>\u043a\u0435\u0440\u0443\u0432\u0430\u043d\u043d\u044f \u0442\u0440\u0430\u043d\u0441\u043f\u043e\u0440\u0442\u043d\u0438\u043c \u0437\u0430\u0441\u043e\u0431\u043e\u043c \u0443 \u0441\u0442\u0430\u043d\u0456 \u0441\u043f&#039;\u044f\u043d\u0456\u043d\u043d\u044f, \u0430\u043b\u043a\u043e\u0433\u043e\u043b\u044e \u0442\u0430 \u0456\u043d\u0448\u0438\u0445 \u043d\u0435\u0437\u0434\u0443\u0436\u0430\u043d\u043d\u044f\u0445<\/li>\n<li>\u0432\u0438\u043a\u043e\u0440\u0438\u0441\u0442\u0430\u043d\u043d\u044f \u0442\u0440\u0430\u043d\u0441\u043f\u043e\u0440\u0442\u043d\u043e\u0433\u043e \u0437\u0430\u0441\u043e\u0431\u0443 \u0432 \u0446\u0456\u043b\u044f\u0445, \u043d\u0435\u0441\u0443\u043c\u0456\u0441\u043d\u0438\u0445 \u0437 \u0439\u043e\u0433\u043e \u0432\u0438\u043a\u043e\u0440\u0438\u0441\u0442\u0430\u043d\u043d\u044f\u043c \u0437\u0430 \u043f\u0440\u0438\u0437\u043d\u0430\u0447\u0435\u043d\u043d\u044f\u043c<\/li>\n<li>\u043f\u0435\u0440\u0435\u0437\u0430\u0432\u0430\u043d\u0442\u0430\u0436\u0435\u043d\u043d\u044f \u043f\u0440\u0438\u0441\u0442\u0440\u043e\u044e<\/li>\n<li>\u0440\u0456\u0437\u043a\u0435 \u043f\u0440\u0438\u0441\u043a\u043e\u0440\u0435\u043d\u043d\u044f \u0442\u0430 \u0433\u0430\u043b\u044c\u043c\u0443\u0432\u0430\u043d\u043d\u044f, \u043f\u0435\u0440\u0435\u0432\u0438\u0449\u0435\u043d\u043d\u044f \u0448\u0432\u0438\u0434\u043a\u043e\u0441\u0442\u0456<\/li>\n<li>\u043f\u0435\u0440\u0435\u0432\u0435\u0437\u0435\u043d\u043d\u044f \u043b\u044e\u0434\u0435\u0439 \u043d\u0430 \u0432\u0438\u043b\u043a\u0430\u0445<\/li>\n<li><a href=\"https:\/\/kursy-udt.pl\/wp-content\/uploads\/2022\/10\/6.jpeg\"><img loading=\"lazy\" decoding=\"async\" class=\"size-medium wp-image-4499 alignright\" src=\"https:\/\/kursy-udt.pl\/wp-content\/uploads\/2022\/10\/6-300x200.jpeg\" alt=\"\" width=\"300\" height=\"200\" srcset=\"https:\/\/kursy-udt.pl\/wp-content\/uploads\/2022\/10\/6-300x200.jpeg 300w, https:\/\/kursy-udt.pl\/wp-content\/uploads\/2022\/10\/6-1024x683.jpeg 1024w, https:\/\/kursy-udt.pl\/wp-content\/uploads\/2022\/10\/6-768x512.jpeg 768w, https:\/\/kursy-udt.pl\/wp-content\/uploads\/2022\/10\/6-1536x1024.jpeg 1536w, https:\/\/kursy-udt.pl\/wp-content\/uploads\/2022\/10\/6-18x12.jpeg 18w, https:\/\/kursy-udt.pl\/wp-content\/uploads\/2022\/10\/6-624x416.jpeg 624w, https:\/\/kursy-udt.pl\/wp-content\/uploads\/2022\/10\/6.jpeg 1600w\" sizes=\"auto, (max-width: 300px) 100vw, 300px\" \/><\/a>\u0457\u0437\u0434\u0430 \u0437 \u043f\u0456\u0434\u0439\u043e\u043c\u0443 \u043d\u0430 \u0445\u043e\u043b\u043e\u0441\u0442\u043e\u043c\u0443 \u0445\u043e\u0434\u0456 \u0430\u0431\u043e \u0437 \u0432\u0438\u043c\u043a\u043d\u0435\u043d\u0438\u043c \u043f\u0440\u0438\u0432\u043e\u0434\u043e\u043c<\/li>\n<li>\u0437\u0430\u043b\u0438\u0448\u0438\u0442\u0438 \u0430\u0432\u0442\u043e\u043c\u043e\u0431\u0456\u043b\u044c \u0456\u0437 \u0437\u0430\u0432\u0435\u0434\u0435\u043d\u0438\u043c \u0434\u0432\u0438\u0433\u0443\u043d\u043e\u043c<\/li>\n<li>\u043a\u0435\u0440\u0443\u0432\u0430\u043d\u043d\u044f \u0442\u0440\u0430\u043d\u0441\u043f\u043e\u0440\u0442\u043d\u0438\u043c \u0437\u0430\u0441\u043e\u0431\u043e\u043c \u0437 \u043f\u043e\u0440\u0443\u0448\u0435\u043d\u043d\u044f\u043c \u043f\u0440\u0430\u0432\u0438\u043b \u0431\u0435\u0437\u043f\u0435\u043a\u0438<\/li>\n<li>\u043f\u043e\u0434\u043e\u043b\u0430\u043d\u043d\u044f \u0441\u0445\u0438\u043b\u0456\u0432 \u0456 \u0441\u0445\u0438\u043b\u0456\u0432, \u0432\u0456\u0434\u043c\u0456\u043d\u043d\u0438\u0445 \u0432\u0456\u0434 \u0434\u043e\u0437\u0432\u043e\u043b\u0435\u043d\u0438\u0445 \u0443 \u0442\u0435\u0445\u043d\u0456\u0447\u043d\u0438\u0445 \u0434\u0430\u043d\u0438\u0445<\/li>\n<li>\u0445\u043e\u0434\u044c\u0431\u0430 \u0430\u0431\u043e \u0441\u0442\u043e\u044f\u043d\u043d\u044f \u043f\u0456\u0434 \u043f\u0456\u0434\u043d\u044f\u0442\u0438\u043c\u0438 \u0432\u0438\u043b\u0430\u043c\u0438<\/li>\n<li>\u0437\u0430\u043b\u0438\u0448\u0430\u044e\u0447\u0438 \u0432\u0430\u043d\u0442\u0430\u0436\u0456 \u043d\u0430 \u043f\u0456\u0434\u043d\u044f\u0442\u0438\u0445 \u0432\u0438\u043b\u043a\u0430\u0445<\/li>\n<li>\u043f\u0435\u0440\u0435\u043c\u0456\u0449\u0435\u043d\u043d\u044f \u0449\u043e\u0433\u043b\u0438 \u043f\u0440\u0438 \u0447\u0435\u0440\u0433\u0443\u0432\u0430\u043d\u043d\u0456<\/li>\n<li>\u0441\u0430\u043c\u043e\u0441\u0442\u0456\u0439\u043d\u0430 \u043c\u043e\u0434\u0438\u0444\u0456\u043a\u0430\u0446\u0456\u044f \u043f\u0440\u0438\u0441\u0442\u0440\u043e\u044e<\/li>\n<li>\u0437\u043d\u044f\u0442\u0442\u044f \u0437\u0430\u0445\u0438\u0441\u043d\u0438\u0445 \u043a\u043e\u0436\u0443\u0445\u0456\u0432<\/li>\n<li>\u0443\u0434\u0430\u0440 \u0430\u0432\u0442\u043e\u043c\u043e\u0431\u0456\u043b\u044f \u043e\u0431 \u0456\u043d\u0448\u0456 \u043f\u0440\u0435\u0434\u043c\u0435\u0442\u0438<\/li>\n<li>\u0432\u043e\u0434\u0456\u043d\u043d\u044f \u0430\u0432\u0442\u043e\u043c\u043e\u0431\u0456\u043b\u044f \u043f\u043e \u043d\u0435\u043f\u0440\u0438\u0434\u0430\u0442\u043d\u0438\u0445 \u0434\u043b\u044f \u0446\u044c\u043e\u0433\u043e \u043f\u043e\u0432\u0435\u0440\u0445\u043d\u044f\u0445<\/li>\n<li>\u043f\u0430\u043b\u0456\u043d\u043d\u044f \u0442\u0430 \u043a\u043e\u0440\u0438\u0441\u0442\u0443\u0432\u0430\u043d\u043d\u044f \u0432\u0456\u0434\u043a\u0440\u0438\u0442\u0438\u043c \u0432\u043e\u0433\u043d\u0435\u043c<\/li>\n<li>\u043f\u043e\u0432\u043e\u0434\u0436\u0435\u043d\u043d\u044f \u0437\u0456 \u0441\u043b\u0438\u0437\u044c\u043a\u0438\u043c \u0432\u0437\u0443\u0442\u0442\u044f\u043c \u0430\u0431\u043e \u0440\u0443\u043a\u0430\u043c\u0438<\/li>\n<li>\u0440\u043e\u0431\u043e\u0442\u0430 \u0431\u0435\u0437 \u043b\u0456\u0446\u0435\u043d\u0437\u0456\u0457 \u043d\u0430 \u043d\u0430\u0432\u0430\u043d\u0442\u0430\u0436\u0443\u0432\u0430\u0447<\/li>\n<\/ul>\n<\/div>\n<div class=\"button_styl\" style=\"float: right; padding-left: 15px; padding-bottom: 8px; margin-bottom: 5px;\"><a class=\"myButton myButton_maly\" href=\"https:\/\/platformaedukacji.pl\/login\/signup.php\" target=\"_blank\" rel=\"nofollow noopener\"><span style=\"color: white;\">\u0417\u0430\u043f\u0438\u0448\u0456\u0442\u044c\u0441\u044f \u043d\u0430 \u043d\u0430\u0432\u0447\u0430\u043d\u043d\u044f<\/span><\/a><\/div>\n<div style=\"padding-top: 70px;\">\n<h2>\u0411\u0456\u043b\u044c\u0448\u0435 \u0456\u043d\u0444\u043e\u0440\u043c\u0430\u0446\u0456\u0457:<\/h2>\n<div style=\"text-align: center; font-size: 85%; line-height: 120%;\">\n<div style=\"float: left; margin-right: 40px; height: 290px;\">\n<p><a href=\"\/ua\/%d0%bd%d0%b0%d0%b2%d1%87%d0%b0%d0%bd%d0%bd%d1%8f\/%d0%b2%d0%b8%d0%bb%d0%ba%d0%be%d0%b2%d1%96-%d0%bd%d0%b0%d0%b2%d0%b0%d0%bd%d1%82%d0%b0%d0%b6%d1%83%d0%b2%d0%b0%d1%87%d1%96\/%d0%ba%d0%be%d0%bd%d1%82%d1%80%d0%be%d0%bb%d1%8c\/\"><img decoding=\"async\" src=\"\/wp-content\/uploads\/2014\/08\/ster.jpg\" alt=\"\" \/><\/a><\/p>\n<div style=\"width: 300px; font-size: 130%;\"><strong>\u041a\u041e\u041d\u0422\u0420\u041e\u041b\u042c<\/strong><br \/>\n\u041f\u0440\u0430\u0432\u0438\u043b\u044c\u043d\u0456 \u043f\u0440\u0438\u0439\u043e\u043c\u0438 \u043a\u043e\u043d\u0442\u0440\u043e\u043b\u044e<\/div>\n<p>&nbsp;<\/p>\n<\/div>\n<div style=\"float: left; margin-right: 40px; height: 290px;\">\n<p><a href=\"\/ua\/%d0%bd%d0%b0%d0%b2%d1%87%d0%b0%d0%bd%d0%bd%d1%8f\/%d0%b2%d0%b8%d0%bb%d0%ba%d0%be%d0%b2%d1%96-%d0%bd%d0%b0%d0%b2%d0%b0%d0%bd%d1%82%d0%b0%d0%b6%d1%83%d0%b2%d0%b0%d1%87%d1%96\/%d0%be%d0%b1%d1%80%d0%be%d0%b1%d0%ba%d0%b0-%d0%b2%d0%b0%d0%bd%d1%82%d0%b0%d0%b6%d1%96%d0%b2\/\"><img decoding=\"async\" src=\"\/wp-content\/uploads\/2014\/08\/oper.jpg\" alt=\"\" \/><\/a><\/p>\n<div style=\"width: 300px; font-size: 130%;\"><strong>\u0420\u043e\u0437\u0432\u0430\u043d\u0442\u0430\u0436\u0435\u043d\u043d\u044f \u0432\u0430\u043d\u0442\u0430\u0436\u0456\u0432<\/strong><br \/>\n\u041e\u0431\u0441\u043b\u0443\u0433\u043e\u0432\u0443\u0432\u0430\u043d\u043d\u044f \u0437\u0430\u0432\u0430\u043d\u0442\u0430\u0436\u0435\u043d\u043e\u0433\u043e \u043d\u0430\u0432\u0430\u043d\u0442\u0430\u0436\u0443\u0432\u0430\u0447\u0430<\/div>\n<p>&nbsp;<\/p>\n<\/div>\n<\/div>\n<div style=\"clear: both;\"><\/div>\n<div style=\"text-align: center; font-size: 85%; line-height: 120%;\">\n<div style=\"float: left; margin-right: 40px; height: 290px;\">\n<p><a href=\"\/ua\/%d0%bd%d0%b0%d0%b2%d1%87%d0%b0%d0%bd%d0%bd%d1%8f\/%d0%b2%d0%b8%d0%bb%d0%ba%d0%be%d0%b2%d1%96-%d0%bd%d0%b0%d0%b2%d0%b0%d0%bd%d1%82%d0%b0%d0%b6%d1%83%d0%b2%d0%b0%d1%87%d1%96\/%d0%b1%d0%b5%d0%b7%d0%bf%d0%b5%d0%ba%d0%b8\/\"><img decoding=\"async\" src=\"\/wp-content\/uploads\/2014\/08\/bezp.jpg\" alt=\"\" \/><\/a><\/p>\n<div style=\"width: 300px; font-size: 130%;\"><strong>\u0411\u0435\u0437\u043f\u0435\u043a\u0430<\/strong><br \/>\n\u041f\u0440\u0430\u0432\u0438\u043b\u0430 \u0431\u0435\u0437\u043f\u0435\u0447\u043d\u043e\u0457 \u0435\u043a\u0441\u043f\u043b\u0443\u0430\u0442\u0430\u0446\u0456\u0457<\/div>\n<p>&nbsp;<\/p>\n<\/div>\n<div style=\"float: left; margin-right: 40px; height: 290px;\">\n<p><a href=\"\/ua\/%d0%bd%d0%b0%d0%b2%d1%87%d0%b0%d0%bd%d0%bd%d1%8f\/%d0%b2%d0%b8%d0%bb%d0%ba%d0%be%d0%b2%d1%96-%d0%bd%d0%b0%d0%b2%d0%b0%d0%bd%d1%82%d0%b0%d0%b6%d1%83%d0%b2%d0%b0%d1%87%d1%96\/%d0%b1%d1%83%d0%b4%d1%96%d0%b2%d0%bd%d0%b8%d1%86%d1%82%d0%b2%d0%be\/\"><img decoding=\"async\" src=\"\/wp-content\/uploads\/2014\/08\/bud.jpg\" alt=\"\" \/><\/a><\/p>\n<div style=\"width: 300px; font-size: 130%;\"><strong>\u0411\u0443\u0434\u0456\u0432\u043d\u0438\u0446\u0442\u0432\u043e<\/strong><br \/>\n\u0411\u0430\u0437\u0430 \u0437\u043d\u0430\u043d\u044c \u0434\u043b\u044f \u0431\u0443\u0434\u0456\u0432\u043d\u0438\u0446\u0442\u0432\u0430<\/div>\n<p>&nbsp;<\/p>\n<\/div>\n<\/div>\n<div style=\"text-align: center; font-size: 85%; line-height: 120%;\">\n<div style=\"float: left; margin-right: 40px; height: 290px;\">\n<p><a href=\"\/ua\/%d0%bd%d0%b0%d0%b2%d1%87%d0%b0%d0%bd%d0%bd%d1%8f\/%d0%b2%d0%b8%d0%bb%d0%ba%d0%be%d0%b2%d1%96-%d0%bd%d0%b0%d0%b2%d0%b0%d0%bd%d1%82%d0%b0%d0%b6%d1%83%d0%b2%d0%b0%d1%87%d1%96\/\"><img decoding=\"async\" style=\"width: 300px; height: 225px;\" src=\"\/wp-content\/uploads\/2014\/03\/wozki-widlowe-4.jpeg\" alt=\"\" \/><\/a><\/p>\n<div style=\"width: 300px; font-size: 130%;\"><center><strong>\u041a\u0443\u0440\u0441\u0438<\/strong><br \/>\n\u043d\u0430 \u043d\u0430\u0432\u0430\u043d\u0442\u0430\u0436\u0443\u0432\u0430\u0447\u0430\u0445<\/center><\/div>\n<p>&nbsp;<\/p>\n<\/div>\n<\/div>\n<\/div>","protected":false},"excerpt":{"rendered":"<p>G\u0142\u00f3wnym celem, jakie maj\u0105 kursy na w\u00f3zki wid\u0142owe, jest nauka prawid\u0142owego obs\u0142ugiwania urz\u0105dzenia na stanowisku pracy operatora. Ka\u017cdy opr\u00f3cz wiadomo\u015bci dotycz\u0105cych budowy pojazdu, jego sterowania czy operowania \u0142adunkiem zawiera informacje na temat bezpiecze\u0144stwa i higieny pracy. Je\u017celi praca na stanowisku ma obejmowa\u0107 tak\u017ce w\u00f3zki wid\u0142owe kurs jest niezb\u0119dny. W\u00f3zki wid\u0142owe, aby mog\u0142y by\u0107 dopuszczone do pracy, musz\u0105 spe\u0142nia\u0107 okre\u015blone wymagania techniczne. Parametry techniczne urz\u0105dzenia mo\u017cna znale\u017a\u0107 na tabliczce znamionowej, kt\u00f3ra powinna znajdowa\u0107 si\u0119 na ka\u017cdym poje\u017adzie. Dodatkowo niezb\u0119dne informacje obejmuj\u0105 diagram ud\u017awigu, kt\u00f3ry informuje o wysoko\u015bci podnoszenia \u0142adunku oraz sposobie rozmieszczania \u0142adunku na wid\u0142ach. Do tego, aby obs\u0142ugiwa\u0107 urz\u0105dzenie, niez\u0119bne s\u0105 uprawnienia na w\u00f3zki wid\u0142owe. Certyfikaty wydaje UDT Warszawa. Ponadto opr\u00f3cz nich konieczne jest przej\u015bcie bada\u0144 psychotechnicznych i dostarczenie za\u015bwiadczenia o braku przeciwwskaza\u0144 do wykonywania prac na stanowisku. Czynno\u015bci zabronione przy obs\u0142udze w\u00f3zka wid\u0142owego: kierowanie pod wp\u0142ywem \u015brodk\u00f3w odurzaj\u0105cych oraz alkoholu, a tak\u017ce przy innych niedyspozycjach u\u017cywanie pojazdu w celach niezgodnych z jego przeznaczeniem prze\u0142adowanie urz\u0105dzenia gwa\u0142towne przyspieszanie i hamowanie oraz jazda z przekroczeniem pr\u0119dko\u015bci przewo\u017cenie os\u00f3b na wid\u0142ach zje\u017cd\u017canie z powierzchni pochy\u0142ych na ja\u0142owym biegu lub z wy\u0142\u0105czonym nap\u0119dem pozostawianie pojazdu z w\u0142\u0105czonym silnikiem prowadzenie pojazdu niezgodnie z zasadami bezpiecze\u0144stwa pokonywanie wzniesie\u0144 i pochy\u0142o\u015bci innych ni\u017c zosta\u0142o to dopuszczone w danych technicznych przechodzenie lub stanie pod uniesionymi wid\u0142ami pozostawianie \u0142adunk\u00f3w na uniesionych wid\u0142ach poruszanie masztem przy pokonywaniu zakr\u0119t\u00f3w samodzielne przer\u00f3bki urz\u0105dzenia usuwanie pokryw bezpiecze\u0144stwa uderzanie pojazdem o inne obiekty jazda pojazdem na nieprzystosowanych do tego powierzchniach palenie tytoniu i stosowanie otwartego ognia operowanie \u015bliskimi butami lub r\u0119kami operowanie bez posiadania uprawnienia na w\u00f3zki wid\u0142owe [&hellip;]<\/p>\n","protected":false},"author":1,"featured_media":4499,"parent":17,"menu_order":2,"comment_status":"closed","ping_status":"closed","template":"","meta":{"sfsi_plus_gutenberg_text_before_share":"","sfsi_plus_gutenberg_show_text_before_share":"","sfsi_plus_gutenberg_icon_type":"","sfsi_plus_gutenberg_icon_alignemt":"","sfsi_plus_gutenburg_max_per_row":"","footnotes":""},"class_list":["post-1196","page","type-page","status-publish","has-post-thumbnail","hentry","has_thumb"],"aioseo_notices":[],"_links":{"self":[{"href":"https:\/\/kursy-udt.pl\/ua\/wp-json\/wp\/v2\/pages\/1196","targetHints":{"allow":["GET"]}}],"collection":[{"href":"https:\/\/kursy-udt.pl\/ua\/wp-json\/wp\/v2\/pages"}],"about":[{"href":"https:\/\/kursy-udt.pl\/ua\/wp-json\/wp\/v2\/types\/page"}],"author":[{"embeddable":true,"href":"https:\/\/kursy-udt.pl\/ua\/wp-json\/wp\/v2\/users\/1"}],"replies":[{"embeddable":true,"href":"https:\/\/kursy-udt.pl\/ua\/wp-json\/wp\/v2\/comments?post=1196"}],"version-history":[{"count":11,"href":"https:\/\/kursy-udt.pl\/ua\/wp-json\/wp\/v2\/pages\/1196\/revisions"}],"predecessor-version":[{"id":4502,"href":"https:\/\/kursy-udt.pl\/ua\/wp-json\/wp\/v2\/pages\/1196\/revisions\/4502"}],"up":[{"embeddable":true,"href":"https:\/\/kursy-udt.pl\/ua\/wp-json\/wp\/v2\/pages\/17"}],"wp:featuredmedia":[{"embeddable":true,"href":"https:\/\/kursy-udt.pl\/ua\/wp-json\/wp\/v2\/media\/4499"}],"wp:attachment":[{"href":"https:\/\/kursy-udt.pl\/ua\/wp-json\/wp\/v2\/media?parent=1196"}],"curies":[{"name":"wp","href":"https:\/\/api.w.org\/{rel}","templated":true}]}}