{"id":1192,"date":"2014-08-07T09:40:24","date_gmt":"2014-08-07T09:40:24","guid":{"rendered":"http:\/\/kursy-udt.pl\/?page_id=1192"},"modified":"2022-10-17T10:30:39","modified_gmt":"2022-10-17T10:30:39","slug":"%d0%be%d0%b1%d1%80%d0%be%d0%b1%d0%ba%d0%b0-%d0%b2%d0%b0%d0%bd%d1%82%d0%b0%d0%b6%d1%96%d0%b2","status":"publish","type":"page","link":"https:\/\/kursy-udt.pl\/ua\/szkolenia\/wozkiwidlowe\/operowanie-ladunkiem\/","title":{"rendered":"\u0420\u043e\u0437\u0432\u0430\u043d\u0442\u0430\u0436\u0435\u043d\u043d\u044f \u0432\u0430\u043d\u0442\u0430\u0436\u0456\u0432 \u043d\u0430 \u043d\u0430\u0432\u0430\u043d\u0442\u0430\u0436\u0443\u0432\u0430\u0447\u0456"},"content":{"rendered":"<div style=\"float: left; padding-right: 10px;\"><img decoding=\"async\" src=\"\/wp-content\/uploads\/2014\/08\/4.jpg\" alt=\"\" \/><\/div>\n<div class=\"wyjustuj\">\n<p>\u041f\u0456\u0434 \u0447\u0430\u0441 \u043a\u0435\u0440\u0443\u0432\u0430\u043d\u043d\u044f \u043d\u0430\u0432\u0430\u043d\u0442\u0430\u0436\u0443\u0432\u0430\u0447\u0435\u043c, \u044f\u043a \u0432\u0438\u043a\u043b\u0430\u0434\u0430\u044e\u0442\u044c \u0443 \u043d\u0430\u0448\u043e\u043c\u0443 \u043a\u0443\u0440\u0441\u0456, \u0432\u0438\u043a\u043e\u0440\u0438\u0441\u0442\u043e\u0432\u0443\u044e\u0442\u044c\u0441\u044f \u0442\u0440\u0438 \u043e\u0441\u043d\u043e\u0432\u043d\u0456 \u0440\u0443\u0445\u0438: \u0440\u0443\u0445 \u043f\u0456\u0434\u0439\u043e\u043c\u0443 \u0439 \u043e\u043f\u0443\u0441\u043a\u0430\u043d\u043d\u044f \u0432\u0438\u043b, \u043f\u043e\u0442\u0456\u043c \u0440\u0443\u0445 \u043d\u0430\u0445\u0438\u043b\u0443 \u0449\u043e\u0433\u043b\u0438 \u043d\u0430\u0432\u0430\u043d\u0442\u0430\u0436\u0443\u0432\u0430\u0447\u0430 \u0434\u043e \u0432\u0430\u0441 \u0456 \u0432\u0456\u0434 \u0432\u0430\u0441 \u0456 \u0440\u0443\u0445 \u043f\u0435\u0440\u0435\u043c\u0456\u0449\u0435\u043d\u043d\u044f \u043a\u0430\u0440\u0435\u0442\u043a\u0438 \u0437 \u0432\u0438\u043b\u043a\u0438 \u0432 \u0441\u0442\u043e\u0440\u043e\u043d\u0438. \u0423 \u0434\u0435\u044f\u043a\u0438\u0445 \u043c\u043e\u0434\u0435\u043b\u044f\u0445 \u0442\u0430\u043a\u043e\u0436 \u043c\u043e\u0436\u043d\u0430 \u043a\u043e\u043d\u0442\u0440\u043e\u043b\u044e\u0432\u0430\u0442\u0438 \u0437\u043c\u0456\u0449\u0435\u043d\u043d\u044f \u0432\u0438\u043b \u0456 \u0432\u0456\u0434\u0441\u0442\u0430\u043d\u044c \u043c\u0456\u0436 \u043d\u0438\u043c\u0438, \u0442\u043e\u0431\u0442\u043e \u0442\u0430\u043a \u0437\u0432\u0430\u043d\u0435 \u043f\u043e\u0437\u0438\u0446\u0456\u043e\u043d\u0443\u0432\u0430\u043d\u043d\u044f.<\/p>\n<p><a href=\"https:\/\/kursy-udt.pl\/ua\/szkolenia\/wozkiwidlowe\/\">\u041a\u0443\u0440\u0441 \u043e\u043f\u0435\u0440\u0430\u0442\u043e\u0440\u0430 \u043d\u0430\u0432\u0430\u043d\u0442\u0430\u0436\u0443\u0432\u0430\u0447\u0430<\/a> \u043d\u0430\u0432\u0447\u0430\u0454 \u043f\u0440\u0430\u0432\u0438\u043b\u044c\u043d\u043e\u043c\u0443 \u0443\u043f\u0440\u0430\u0432\u043b\u0456\u043d\u043d\u044e \u043e\u0431\u043b\u0430\u0434\u043d\u0430\u043d\u043d\u044f\u043c \u0442\u0430 \u043f\u043e\u0432\u043e\u0434\u0436\u0435\u043d\u043d\u044e \u0437 \u0432\u0430\u043d\u0442\u0430\u0436\u0435\u043c. \u041d\u0430 \u0446\u0456\u0439 \u043e\u0441\u043d\u043e\u0432\u0456 \u0443\u0447\u0430\u0441\u043d\u0438\u043a \u043c\u043e\u0436\u0435 \u043e\u0442\u0440\u0438\u043c\u0430\u0442\u0438 \u043f\u043e\u0441\u0432\u0456\u0434\u0447\u0435\u043d\u043d\u044f \u0432\u043e\u0434\u0456\u044f \u043d\u0430\u0432\u0430\u043d\u0442\u0430\u0436\u0443\u0432\u0430\u0447\u0430. \u041e\u0434\u043d\u0438\u043c \u0437 \u043a\u043b\u044e\u0447\u043e\u0432\u0438\u0445 \u0435\u043b\u0435\u043c\u0435\u043d\u0442\u0456\u0432 \u043d\u0430\u0432\u0447\u0430\u043d\u043d\u044f \u0454 \u043d\u0430\u0432\u0447\u0430\u043d\u043d\u044f \u0437\u0430\u0432\u0430\u043d\u0442\u0430\u0436\u0435\u043d\u043d\u044e \u0442\u0430 \u0440\u043e\u0437\u0432\u0430\u043d\u0442\u0430\u0436\u0435\u043d\u043d\u044e \u043f\u0430\u043b\u0435\u0442, \u0449\u043e \u0454 \u043e\u0441\u043d\u043e\u0432\u043d\u043e\u044e \u0440\u043e\u0431\u043e\u0442\u043e\u044e \u043e\u043f\u0435\u0440\u0430\u0442\u043e\u0440\u0430.<\/p>\n<p><a href=\"https:\/\/kursy-udt.pl\/wp-content\/uploads\/2022\/10\/5.webp\"><img loading=\"lazy\" decoding=\"async\" class=\"size-medium wp-image-4496 alignright\" src=\"https:\/\/kursy-udt.pl\/wp-content\/uploads\/2022\/10\/5-300x200.webp\" alt=\"\" width=\"300\" height=\"200\" srcset=\"https:\/\/kursy-udt.pl\/wp-content\/uploads\/2022\/10\/5-300x200.webp 300w, https:\/\/kursy-udt.pl\/wp-content\/uploads\/2022\/10\/5-1024x683.webp 1024w, https:\/\/kursy-udt.pl\/wp-content\/uploads\/2022\/10\/5-768x512.webp 768w, https:\/\/kursy-udt.pl\/wp-content\/uploads\/2022\/10\/5-1536x1024.webp 1536w, https:\/\/kursy-udt.pl\/wp-content\/uploads\/2022\/10\/5-18x12.webp 18w, https:\/\/kursy-udt.pl\/wp-content\/uploads\/2022\/10\/5-624x416.webp 624w, https:\/\/kursy-udt.pl\/wp-content\/uploads\/2022\/10\/5.webp 1600w\" sizes=\"auto, (max-width: 300px) 100vw, 300px\" \/><\/a>\u041f\u0440\u0430\u0432\u0438\u043b\u044c\u043d\u0435 \u0437\u0430\u0432\u0430\u043d\u0442\u0430\u0436\u0435\u043d\u043d\u044f \u043d\u0430 <a href=\"https:\/\/kursy-udt.pl\/ua\/szkolenia\/udt-wdt-tdt\/wozki-widlowe-merlo\/\">\u043d\u0430\u0432\u0430\u043d\u0442\u0430\u0436\u0443\u0432\u0430\u0447<\/a> \u043f\u0435\u0440\u0435\u0434\u0431\u0430\u0447\u0430\u0454 \u0440\u043e\u0437\u043c\u0456\u0449\u0435\u043d\u043d\u044f \u0432\u0430\u043d\u0442\u0430\u0436\u0443 \u043d\u0430 \u043f\u0430\u043b\u0435\u0442\u0456 \u043d\u0430 \u043f\u0440\u044f\u043c\u0438\u0445 \u0432\u0438\u043b\u0430\u0445 - \u0432\u043e\u043d\u0438 \u043f\u043e\u0432\u0438\u043d\u043d\u0456 \u0431\u0443\u0442\u0438 \u043f\u0430\u0440\u0430\u043b\u0435\u043b\u044c\u043d\u0456 \u043f\u043e\u0432\u0435\u0440\u0445\u043d\u0456. \u041f\u0456\u0441\u043b\u044f \u0442\u043e\u0433\u043e, \u044f\u043a \u0432\u0430\u043d\u0442\u0430\u0436 \u0437\u043d\u0430\u0445\u043e\u0434\u0438\u0442\u044c\u0441\u044f \u0432 \u043f\u0440\u0430\u0432\u0438\u043b\u044c\u043d\u043e\u043c\u0443 \u043f\u043e\u043b\u043e\u0436\u0435\u043d\u043d\u0456, \u0439\u043e\u0433\u043e \u043f\u0456\u0434\u043d\u0456\u043c\u0430\u044e\u0442\u044c \u043d\u0430 \u0432\u0438\u0441\u043e\u0442\u0443 \u0431\u043b\u0438\u0437\u044c\u043a\u043e 30 \u0441\u0430\u043d\u0442\u0438\u043c\u0435\u0442\u0440\u0456\u0432, \u043d\u0430\u0445\u0438\u043b\u0438\u0432\u0448\u0438 \u0449\u043e\u0433\u043b\u0443 \u0432 \u0431\u0456\u043a \u043e\u043f\u0435\u0440\u0430\u0442\u043e\u0440\u0430 \u043c\u0430\u0448\u0438\u043d\u0438. \u041d\u0430\u0441\u0442\u0443\u043f\u043d\u0438\u0439 \u043a\u0440\u043e\u043a - \u043f\u0456\u0434'\u0457\u0445\u0430\u0442\u0438 \u0434\u043e \u043c\u0456\u0441\u0446\u044f \u0440\u043e\u0437\u043c\u0456\u0449\u0435\u043d\u043d\u044f \u0432\u0430\u043d\u0442\u0430\u0436\u0443, \u043f\u0456\u0434\u043d\u044f\u0442\u0438 \u043f\u0430\u043b\u0435\u0442\u0443 \u043d\u0430 \u0437\u0430\u0434\u0430\u043d\u0443 \u0432\u0438\u0441\u043e\u0442\u0443, \u0432\u0438\u043f\u0440\u044f\u043c\u0438\u0442\u0438 \u0449\u043e\u0433\u043b\u0443 \u0456 \u043e\u043f\u0443\u0441\u0442\u0438\u0442\u0438 \u0432\u0438\u043b\u0430 \u0437-\u043f\u0456\u0434 \u043f\u0430\u043b\u0435\u0442\u0438, \u0456, \u043d\u0430\u0440\u0435\u0448\u0442\u0456, \u0437\u043d\u043e\u0432\u0443 \u043e\u043f\u0443\u0441\u0442\u0438\u0442\u0438 \u0432\u0438\u043b\u0430 \u043d\u0430 \u0437\u0430\u0434\u0430\u043d\u0438\u0439 \u0440\u0456\u0432\u0435\u043d\u044c. \u041f\u0440\u0430\u0432\u0438\u043b\u044c\u043d\u0435 \u0440\u043e\u0437\u0432\u0430\u043d\u0442\u0430\u0436\u0435\u043d\u043d\u044f \u043f\u0435\u0440\u0435\u0434\u0431\u0430\u0447\u0430\u0454 \u0432\u0438\u043a\u043e\u043d\u0430\u043d\u043d\u044f \u043e\u043f\u0435\u0440\u0430\u0446\u0456\u0439 \u0443 \u0437\u0432\u043e\u0440\u043e\u0442\u043d\u043e\u043c\u0443 \u043f\u043e\u0440\u044f\u0434\u043a\u0443.<\/p>\n<p>\u041f\u0440\u0438 \u0432\u0430\u043d\u0442\u0430\u0436\u043d\u043e-\u0440\u043e\u0437\u0432\u0430\u043d\u0442\u0430\u0436\u0443\u0432\u0430\u043b\u044c\u043d\u0438\u0445 \u0440\u043e\u0431\u043e\u0442\u0430\u0445 \u043d\u0435\u043e\u0431\u0445\u0456\u0434\u043d\u043e \u043f\u0430\u043c&#039;\u044f\u0442\u0430\u0442\u0438 \u043f\u0440\u043e \u043f\u0440\u0430\u0432\u0438\u043b\u0430 \u043f\u0440\u0430\u0432\u0438\u043b\u044c\u043d\u043e\u0433\u043e \u043c\u0430\u043d\u0435\u0432\u0440\u0443\u0432\u0430\u043d\u043d\u044f \u043f\u0440\u0438\u0441\u0442\u0440\u043e\u0454\u043c. \u0417\u0430\u0431\u043e\u0440\u043e\u043d\u044f\u0454\u0442\u044c\u0441\u044f \u0440\u0443\u0445\u0430\u0442\u0438\u0441\u044f \u043d\u0430\u0434\u0442\u043e \u0448\u0432\u0438\u0434\u043a\u043e, \u043e\u0441\u043e\u0431\u043b\u0438\u0432\u043e \u0437 \u0432\u0435\u043b\u0438\u043a\u0438\u043c\u0438 \u0432\u0430\u043d\u0442\u0430\u0436\u0430\u043c\u0438, \u043e\u0441\u043a\u0456\u043b\u044c\u043a\u0438 \u0446\u0435 \u043c\u043e\u0436\u0435 \u043f\u0440\u0438\u0437\u0432\u0435\u0441\u0442\u0438 \u0434\u043e \u043f\u0435\u0440\u0435\u043a\u0438\u0434\u0430\u043d\u043d\u044f \u0432\u0430\u043d\u0442\u0430\u0436\u0456\u0432\u043a\u0438 \u0442\u0430 \u0441\u0442\u0432\u043e\u0440\u0438\u0442\u0438 \u043d\u0435\u0431\u0435\u0437\u043f\u0435\u043a\u0443 \u0434\u043b\u044f \u043e\u043f\u0435\u0440\u0430\u0442\u043e\u0440\u0430 \u0442\u0430 \u043e\u0442\u043e\u0447\u0443\u044e\u0447\u0438\u0445. \u0422\u0430\u043a\u0438\u043c \u0447\u0438\u043d\u043e\u043c, \u043a\u0443\u0440\u0441 \u043d\u0430\u0432\u0430\u043d\u0442\u0430\u0436\u0443\u0432\u0430\u0447\u0430 \u0442\u0430\u043a\u043e\u0436 \u043d\u0430\u0434\u0430\u0454 \u043a\u043b\u044e\u0447\u043e\u0432\u0443 \u0456\u043d\u0444\u043e\u0440\u043c\u0430\u0446\u0456\u044e \u043f\u0440\u043e \u0437\u0434\u043e\u0440\u043e\u0432\u2019\u044f \u0442\u0430 \u0431\u0435\u0437\u043f\u0435\u043a\u0443 \u043d\u0430 \u0440\u043e\u0431\u043e\u0447\u043e\u043c\u0443 \u043c\u0456\u0441\u0446\u0456 \u043e\u043f\u0435\u0440\u0430\u0442\u043e\u0440\u0430.<\/p>\n<p>\u041a\u043e\u0436\u0435\u043d \u043a\u0443\u0440\u0441 \u043d\u0430\u0432\u0430\u043d\u0442\u0430\u0436\u0443\u0432\u0430\u0447\u0430 \u043d\u0430\u0432\u0447\u0430\u0454 \u043f\u0440\u0430\u0432\u0438\u043b\u044c\u043d\u043e\u043c\u0443 \u0437\u0430\u0432\u0430\u043d\u0442\u0430\u0436\u0435\u043d\u043d\u044e \u0442\u0430 \u0440\u043e\u0437\u0432\u0430\u043d\u0442\u0430\u0436\u0435\u043d\u043d\u044e \u0432\u0430\u043d\u0442\u0430\u0436\u0456\u0432, \u044f\u043a \u0443 \u0442\u0435\u043e\u0440\u0456\u0457, \u0442\u0430\u043a \u0456 \u043d\u0430 \u043f\u0440\u0430\u043a\u0442\u0438\u0446\u0456, \u0449\u043e \u043f\u0456\u0437\u043d\u0456\u0448\u0435 \u0454 \u0447\u0430\u0441\u0442\u0438\u043d\u043e\u044e \u0456\u0441\u043f\u0438\u0442\u0443, \u043d\u0430 \u043e\u0441\u043d\u043e\u0432\u0456 \u044f\u043a\u043e\u0433\u043e \u0432\u043e\u043d\u0438 \u0432\u0438\u0434\u0430\u044e\u0442\u044c\u0441\u044f <a href=\"https:\/\/kursy-udt.pl\/ua\/uprawnienia-udt\/kategorie-uprawnien-2\/\">\u041a\u0432\u0430\u043b\u0456\u0444\u0456\u043a\u0430\u0446\u0456\u044f UDT<\/a> \u043d\u0435\u043e\u0431\u0445\u0456\u0434\u043d\u0456 \u0434\u043b\u044f \u0440\u043e\u0431\u043e\u0442\u0438 \u0437 \u0440\u043e\u0437\u0433\u043b\u044f\u043d\u0443\u0442\u0438\u043c\u0438 \u043f\u0440\u0438\u0441\u0442\u0440\u043e\u044f\u043c\u0438 \u0432\u0441\u0456\u0445 \u0442\u0438\u043f\u0456\u0432.<\/p>\n<div class=\"filmw\">\n<div class=\"responsive-youtube\" style=\"text-align: center;\"><iframe loading=\"lazy\" title=\"\u0412\u0456\u0434\u0435\u043e\u043f\u043b\u0435\u0454\u0440 YouTube\" src=\"https:\/\/www.youtube.com\/embed\/dFMZUadVVBM\" width=\"560\" height=\"315\" frameborder=\"0\" allowfullscreen=\"allowfullscreen\"><\/iframe><\/div>\n<\/div>\n<\/div>\n<div class=\"button_styl\" style=\"float: right; padding-left: 15px; padding-bottom: 8px; margin-bottom: 5px;\"><a class=\"myButton myButton_maly\" href=\"https:\/\/platformaedukacji.pl\/login\/signup.php\" target=\"_blank\" rel=\"nofollow noopener\"><span style=\"color: white;\">\u0417\u0430\u043f\u0438\u0448\u0456\u0442\u044c\u0441\u044f \u043d\u0430 \u043d\u0430\u0432\u0447\u0430\u043d\u043d\u044f<\/span><\/a><\/div>\n<div style=\"padding-top: 70px;\">\n<h2>\u0411\u0456\u043b\u044c\u0448\u0435 \u0456\u043d\u0444\u043e\u0440\u043c\u0430\u0446\u0456\u0457:<\/h2>\n<div style=\"text-align: center; font-size: 85%; line-height: 120%;\">\n<div style=\"float: left; margin-right: 40px; height: 290px;\">\n<p><a href=\"\/ua\/%d0%bd%d0%b0%d0%b2%d1%87%d0%b0%d0%bd%d0%bd%d1%8f\/%d0%b2%d0%b8%d0%bb%d0%ba%d0%be%d0%b2%d1%96-%d0%bd%d0%b0%d0%b2%d0%b0%d0%bd%d1%82%d0%b0%d0%b6%d1%83%d0%b2%d0%b0%d1%87%d1%96\/%d0%ba%d0%be%d0%bd%d1%82%d1%80%d0%be%d0%bb%d1%8c\/\"><img decoding=\"async\" src=\"\/wp-content\/uploads\/2014\/08\/ster.jpg\" alt=\"\" \/><\/a><\/p>\n<div style=\"width: 300px; font-size: 130%;\"><strong>\u041a\u041e\u041d\u0422\u0420\u041e\u041b\u042c<\/strong><br \/>\n\u041f\u0440\u0430\u0432\u0438\u043b\u044c\u043d\u0456 \u043f\u0440\u0438\u0439\u043e\u043c\u0438 \u043a\u043e\u043d\u0442\u0440\u043e\u043b\u044e<\/div>\n<p>&nbsp;<\/p>\n<\/div>\n<div style=\"float: left; margin-right: 40px; height: 290px;\">\n<p><a href=\"\/ua\/%d0%bd%d0%b0%d0%b2%d1%87%d0%b0%d0%bd%d0%bd%d1%8f\/%d0%b2%d0%b8%d0%bb%d0%ba%d0%be%d0%b2%d1%96-%d0%bd%d0%b0%d0%b2%d0%b0%d0%bd%d1%82%d0%b0%d0%b6%d1%83%d0%b2%d0%b0%d1%87%d1%96\/%d0%be%d0%b1%d1%80%d0%be%d0%b1%d0%ba%d0%b0-%d0%b2%d0%b0%d0%bd%d1%82%d0%b0%d0%b6%d1%96%d0%b2\/\"><img decoding=\"async\" src=\"\/wp-content\/uploads\/2014\/08\/oper.jpg\" alt=\"\" \/><\/a><\/p>\n<div style=\"width: 300px; font-size: 130%;\"><strong>\u0420\u043e\u0437\u0432\u0430\u043d\u0442\u0430\u0436\u0435\u043d\u043d\u044f \u0432\u0430\u043d\u0442\u0430\u0436\u0456\u0432<\/strong><br \/>\n\u041e\u0431\u0441\u043b\u0443\u0433\u043e\u0432\u0443\u0432\u0430\u043d\u043d\u044f \u0437\u0430\u0432\u0430\u043d\u0442\u0430\u0436\u0435\u043d\u043e\u0433\u043e \u043d\u0430\u0432\u0430\u043d\u0442\u0430\u0436\u0443\u0432\u0430\u0447\u0430<\/div>\n<p>&nbsp;<\/p>\n<\/div>\n<\/div>\n<div style=\"clear: both;\"><\/div>\n<div style=\"text-align: center; font-size: 85%; line-height: 120%;\">\n<div style=\"float: left; margin-right: 40px; height: 290px;\">\n<p><a href=\"\/ua\/%d0%bd%d0%b0%d0%b2%d1%87%d0%b0%d0%bd%d0%bd%d1%8f\/%d0%b2%d0%b8%d0%bb%d0%ba%d0%be%d0%b2%d1%96-%d0%bd%d0%b0%d0%b2%d0%b0%d0%bd%d1%82%d0%b0%d0%b6%d1%83%d0%b2%d0%b0%d1%87%d1%96\/%d0%b1%d0%b5%d0%b7%d0%bf%d0%b5%d0%ba%d0%b8\/\"><img decoding=\"async\" src=\"\/wp-content\/uploads\/2014\/08\/bezp.jpg\" alt=\"\" \/><\/a><\/p>\n<div style=\"width: 300px; font-size: 130%;\"><strong>\u0411\u0435\u0437\u043f\u0435\u043a\u0430<\/strong><br \/>\n\u041f\u0440\u0430\u0432\u0438\u043b\u0430 \u0431\u0435\u0437\u043f\u0435\u0447\u043d\u043e\u0457 \u0435\u043a\u0441\u043f\u043b\u0443\u0430\u0442\u0430\u0446\u0456\u0457<\/div>\n<p>&nbsp;<\/p>\n<\/div>\n<div style=\"float: left; margin-right: 40px; height: 290px;\">\n<p><a href=\"\/ua\/%d0%bd%d0%b0%d0%b2%d1%87%d0%b0%d0%bd%d0%bd%d1%8f\/%d0%b2%d0%b8%d0%bb%d0%ba%d0%be%d0%b2%d1%96-%d0%bd%d0%b0%d0%b2%d0%b0%d0%bd%d1%82%d0%b0%d0%b6%d1%83%d0%b2%d0%b0%d1%87%d1%96\/%d0%b1%d1%83%d0%b4%d1%96%d0%b2%d0%bd%d0%b8%d1%86%d1%82%d0%b2%d0%be\/\"><img decoding=\"async\" src=\"\/wp-content\/uploads\/2014\/08\/bud.jpg\" alt=\"\" \/><\/a><\/p>\n<div style=\"width: 300px; font-size: 130%;\"><strong>\u0411\u0443\u0434\u0456\u0432\u043d\u0438\u0446\u0442\u0432\u043e<\/strong><br \/>\n\u0411\u0430\u0437\u0430 \u0437\u043d\u0430\u043d\u044c \u0434\u043b\u044f \u0431\u0443\u0434\u0456\u0432\u043d\u0438\u0446\u0442\u0432\u0430<\/div>\n<p>&nbsp;<\/p>\n<\/div>\n<\/div>\n<div style=\"text-align: center; font-size: 85%; line-height: 120%;\">\n<div style=\"float: left; margin-right: 40px; height: 290px;\">\n<p><a href=\"\/ua\/%d0%bd%d0%b0%d0%b2%d1%87%d0%b0%d0%bd%d0%bd%d1%8f\/%d0%b2%d0%b8%d0%bb%d0%ba%d0%be%d0%b2%d1%96-%d0%bd%d0%b0%d0%b2%d0%b0%d0%bd%d1%82%d0%b0%d0%b6%d1%83%d0%b2%d0%b0%d1%87%d1%96\/\"><img decoding=\"async\" style=\"width: 300px; height: 225px;\" src=\"\/wp-content\/uploads\/2014\/03\/wozki-widlowe-4.jpeg\" alt=\"\" \/><\/a><\/p>\n<div style=\"width: 300px; font-size: 130%;\"><center><strong>\u041a\u0443\u0440\u0441\u0438<\/strong><br \/>\n\u043d\u0430 \u043d\u0430\u0432\u0430\u043d\u0442\u0430\u0436\u0443\u0432\u0430\u0447\u0430\u0445<\/center><\/div>\n<p>&nbsp;<\/p>\n<\/div>\n<\/div>\n<\/div>","protected":false},"excerpt":{"rendered":"<p>W sterowaniu w\u00f3zkiem wid\u0142owym, czego uczy nasz kurs, wykorzystuje si\u0119 trzy g\u0142\u00f3wne ruchy \u2013 jest o ruch podnoszenia i opuszczania wide\u0142, nast\u0119pnie ruch przechylania masztu w\u00f3zka do siebie oraz od siebie, a tak\u017ce ruch przesuwania karetki z wid\u0142ami w boki. W przypadku niekt\u00f3rych modeli mo\u017cna tak\u017ce sterowa\u0107 przesuni\u0119ciami wide\u0142 oraz ost\u0119pem pomi\u0119dzy nimi, czyli tak zwanym pozycjonowaniem. Kurs operatora w\u00f3zka wid\u0142owego uczy prawid\u0142owego sterowania urz\u0105dzeniem oraz operowania \u0142adunkiem. Na tej podstawie uczestnik mo\u017ce uzyska\u0107 potem uprawnienia na w\u00f3zki wid\u0142owe. Jednym z kluczowych element\u00f3w szkolenia jest nauka za\u0142adunku oraz roz\u0142adunku palet, na czym polega praca operatora. Prawid\u0142owy za\u0142adunek na w\u00f3zek wid\u0142owy polega na umieszczeniu \u0142adunku na palecie na wyprostowanych wid\u0142ach \u2013 musz\u0105 by\u0107 one u\u0142o\u017cone r\u00f3wnolegle do nawierzchni. Nast\u0119pnie po umieszczeniu \u0142adunku w prawid\u0142owej pozycji jest on podnoszony na wysoko\u015b\u0107 oko\u0142o 30 centymetr\u00f3w, przy czym przechylany masztem w kierunku operatora urz\u0105dzenia. Kolejny krok do dojechanie do miejsca, gdzie \u0142adunek ma by\u0107 umieszczony, podniesienie palety na dan\u0105 wysoko\u015b\u0107, wyprostowanie masztu oraz opuszczenie wide\u0142 o odjechanie spod palety, a na ko\u0144cu kolejne opuszczenie wide\u0142 do danego poziomu. Prawid\u0142owy roz\u0142adunek polega na wykonaniu operacji w odwrotnej kolejno\u015bci. Przy za\u0142adunku i roz\u0142adunku trzeba pami\u0119ta\u0107 jednocze\u015bnie o zasadach prawid\u0142owego manewrowania urz\u0105dzeniem. Zakazane jest poruszanie si\u0119 zbyt szybko, zw\u0142aszcza z ci\u0119\u017ckimi \u0142adunkami, co mo\u017ce spowodowa\u0107 wywr\u00f3cenie si\u0119 w\u00f3zka i zagro\u017cenie dla operatora oraz otoczenia. W zwi\u0105zku z tym kurs w\u00f3zka wid\u0142owego przekazuje tak\u017ce kluczowe informacje na temat bezpiecze\u0144stwa i higieny pracy na stanowisku operatora. Ka\u017cdy kurs na w\u00f3zek wid\u0142owy uczy prawid\u0142owego za\u0142adunku oraz roz\u0142adunku \u0142adunk\u00f3w, zar\u00f3wno w ramach teorii, jak i praktyki, [&hellip;]<\/p>\n","protected":false},"author":1,"featured_media":4496,"parent":17,"menu_order":1,"comment_status":"closed","ping_status":"closed","template":"","meta":{"sfsi_plus_gutenberg_text_before_share":"","sfsi_plus_gutenberg_show_text_before_share":"","sfsi_plus_gutenberg_icon_type":"","sfsi_plus_gutenberg_icon_alignemt":"","sfsi_plus_gutenburg_max_per_row":"","footnotes":""},"class_list":["post-1192","page","type-page","status-publish","has-post-thumbnail","hentry","has_thumb"],"aioseo_notices":[],"_links":{"self":[{"href":"https:\/\/kursy-udt.pl\/ua\/wp-json\/wp\/v2\/pages\/1192","targetHints":{"allow":["GET"]}}],"collection":[{"href":"https:\/\/kursy-udt.pl\/ua\/wp-json\/wp\/v2\/pages"}],"about":[{"href":"https:\/\/kursy-udt.pl\/ua\/wp-json\/wp\/v2\/types\/page"}],"author":[{"embeddable":true,"href":"https:\/\/kursy-udt.pl\/ua\/wp-json\/wp\/v2\/users\/1"}],"replies":[{"embeddable":true,"href":"https:\/\/kursy-udt.pl\/ua\/wp-json\/wp\/v2\/comments?post=1192"}],"version-history":[{"count":7,"href":"https:\/\/kursy-udt.pl\/ua\/wp-json\/wp\/v2\/pages\/1192\/revisions"}],"predecessor-version":[{"id":4498,"href":"https:\/\/kursy-udt.pl\/ua\/wp-json\/wp\/v2\/pages\/1192\/revisions\/4498"}],"up":[{"embeddable":true,"href":"https:\/\/kursy-udt.pl\/ua\/wp-json\/wp\/v2\/pages\/17"}],"wp:featuredmedia":[{"embeddable":true,"href":"https:\/\/kursy-udt.pl\/ua\/wp-json\/wp\/v2\/media\/4496"}],"wp:attachment":[{"href":"https:\/\/kursy-udt.pl\/ua\/wp-json\/wp\/v2\/media?parent=1192"}],"curies":[{"name":"wp","href":"https:\/\/api.w.org\/{rel}","templated":true}]}}