{"id":1190,"date":"2014-08-07T09:27:29","date_gmt":"2014-08-07T09:27:29","guid":{"rendered":"http:\/\/kursy-udt.pl\/?page_id=1190"},"modified":"2022-10-17T10:27:33","modified_gmt":"2022-10-17T10:27:33","slug":"%d0%ba%d0%be%d0%bd%d1%82%d1%80%d0%be%d0%bb%d1%8c","status":"publish","type":"page","link":"https:\/\/kursy-udt.pl\/ua\/szkolenia\/wozkiwidlowe\/sterowanie\/","title":{"rendered":"\u041a\u0435\u0440\u0443\u0432\u0430\u043d\u043d\u044f \u043d\u0430\u0432\u0430\u043d\u0442\u0430\u0436\u0443\u0432\u0430\u0447\u0435\u043c"},"content":{"rendered":"<div style=\"float: left; padding-right: 10px;\"><img decoding=\"async\" src=\"\/wp-content\/uploads\/2014\/08\/mster.jpg\" alt=\"\" \/><\/div>\n<div class=\"wyjustuj\">\n<p>\u0412\u0438\u043b\u043e\u0447\u043d\u0456 \u043d\u0430\u0432\u0430\u043d\u0442\u0430\u0436\u0443\u0432\u0430\u0447\u0456 \u0448\u0438\u0440\u043e\u043a\u043e \u0432\u0438\u043a\u043e\u0440\u0438\u0441\u0442\u043e\u0432\u0443\u044e\u0442\u044c\u0441\u044f \u043d\u0430 \u0441\u043a\u043b\u0430\u0434\u0430\u0445, \u0443 \u043b\u043e\u0433\u0456\u0441\u0442\u0438\u0447\u043d\u0438\u0445 \u0446\u0435\u043d\u0442\u0440\u0430\u0445, \u0432\u0435\u043b\u0438\u043a\u0438\u0445 \u043c\u0430\u0433\u0430\u0437\u0438\u043d\u0430\u0445, \u0432\u0438\u0440\u043e\u0431\u043d\u0438\u0447\u0438\u0445 \u0430\u0431\u043e \u043f\u0440\u043e\u043c\u0438\u0441\u043b\u043e\u0432\u0438\u0445 \u0446\u0435\u0445\u0430\u0445. \u0412\u043e\u043d\u0438 \u0434\u043e\u0437\u0432\u043e\u043b\u044f\u044e\u0442\u044c \u043b\u0435\u0433\u043a\u043e \u043f\u0435\u0440\u0435\u043c\u0456\u0449\u0430\u0442\u0438 \u0432\u0430\u043d\u0442\u0430\u0436\u0456, \u0440\u043e\u0437\u043c\u0456\u0449\u0435\u043d\u0456 \u043d\u0430 \u043f\u0430\u043b\u0435\u0442\u0430\u0445, \u043e\u0434\u043d\u043e\u0447\u0430\u0441\u043d\u043e \u043f\u0440\u0438\u0441\u043a\u043e\u0440\u044e\u044e\u0447\u0438 \u0440\u043e\u0431\u043e\u0442\u0443 \u0456 \u043f\u0456\u0434\u0432\u0438\u0449\u0443\u044e\u0447\u0438 \u0431\u0435\u0437\u043f\u0435\u043a\u0443. \u0414\u043b\u044f \u0440\u043e\u0431\u043e\u0442\u0438 \u0437 \u043e\u0431\u043b\u0430\u0434\u043d\u0430\u043d\u043d\u044f\u043c \u043d\u0435\u043e\u0431\u0445\u0456\u0434\u043d\u043e \u043f\u0440\u043e\u0439\u0442\u0438 \u043a\u0443\u0440\u0441 \u043d\u0430\u0432\u0447\u0430\u043d\u043d\u044f \u0437\u0430 \u043d\u0430\u043f\u0440\u044f\u043c\u043a\u0430\u043c\u0438 <a href=\"https:\/\/kursy-udt.pl\/ua\/szkolenia\/udt-wdt-tdt\/wozki-widlowe-merlo\/\">\u043d\u0430\u0432\u0430\u043d\u0442\u0430\u0436\u0443\u0432\u0430\u0447<\/a>\u043f\u0456\u0434 \u0447\u0430\u0441 \u044f\u043a\u043e\u0433\u043e \u0443\u0447\u0430\u0441\u043d\u0438\u043a \u043e\u0442\u0440\u0438\u043c\u0443\u0454 \u043d\u0435\u043e\u0431\u0445\u0456\u0434\u043d\u0456 \u0442\u0435\u043e\u0440\u0435\u0442\u0438\u0447\u043d\u0456 \u0437\u043d\u0430\u043d\u043d\u044f \u0442\u0430 \u043f\u0440\u0430\u043a\u0442\u0438\u043a\u0443 \u043d\u0430 \u0440\u043e\u0431\u043e\u0447\u043e\u043c\u0443 \u043c\u0456\u0441\u0446\u0456 \u043e\u043f\u0435\u0440\u0430\u0442\u043e\u0440\u0430.<\/p>\n<p>\u0423\u043f\u0440\u0430\u0432\u043b\u0456\u043d\u043d\u044f \u043d\u0430\u0432\u0430\u043d\u0442\u0430\u0436\u0443\u0432\u0430\u0447\u0435\u043c \u043f\u043e\u043b\u044f\u0433\u0430\u0454 \u0432 \u0443\u043f\u0440\u0430\u0432\u043b\u0456\u043d\u043d\u0456 \u0440\u0443\u0445\u043e\u043c \u0442\u0440\u0430\u043d\u0441\u043f\u043e\u0440\u0442\u043d\u043e\u0433\u043e \u0437\u0430\u0441\u043e\u0431\u0443, \u0430 \u0442\u0430\u043a\u043e\u0436 \u0449\u043e\u0433\u043b\u0438 \u0456 \u0432\u0438\u043b, \u044f\u043a\u0456 \u0432\u0456\u0434\u043f\u043e\u0432\u0456\u0434\u0430\u044e\u0442\u044c \u0437\u0430 \u043f\u0456\u0434\u0439\u043e\u043c \u0456 \u043e\u043f\u0443\u0441\u043a\u0430\u043d\u043d\u044f \u0432\u0430\u043d\u0442\u0430\u0436\u0456\u0432. \u041a\u0435\u0440\u043c\u0443\u0432\u0430\u043d\u043d\u044f \u0441\u0445\u043e\u0436\u0435 \u043d\u0430 \u043a\u0435\u0440\u0443\u0432\u0430\u043d\u043d\u044f \u0430\u0432\u0442\u043e\u043c\u043e\u0431\u0456\u043b\u0435\u043c. \u0412\u0438\u043a\u043e\u0440\u0438\u0441\u0442\u043e\u0432\u0443\u0454\u0442\u044c\u0441\u044f \u043a\u0435\u0440\u043c\u043e, \u0430 \u0442\u0430\u043a\u043e\u0436 \u043f\u0435\u0434\u0430\u043b\u0456 \u0433\u0430\u043b\u044c\u043c\u0430 \u0456 \u0433\u0430\u0437\u0443. \u0414\u0435\u044f\u043a\u0456 \u043c\u043e\u0434\u0435\u043b\u0456 \u0434\u043e\u0434\u0430\u0442\u043a\u043e\u0432\u043e \u043e\u0441\u043d\u0430\u0449\u0435\u043d\u0456 \u043a\u043b\u0430\u0442\u0447\u0435\u043c. \u0411\u0456\u043b\u044c\u0448\u0456\u0441\u0442\u044c \u0442\u0440\u0430\u043d\u0441\u043f\u043e\u0440\u0442\u043d\u0438\u0445 \u0437\u0430\u0441\u043e\u0431\u0456\u0432 \u043c\u0430\u044e\u0442\u044c \u0434\u0432\u0456 \u043f\u0435\u0440\u0435\u0434\u0430\u0447\u0456 \u2013 \u043f\u043e\u0432\u0456\u043b\u044c\u043d\u0443 \u0442\u0430 \u0448\u0432\u0438\u0434\u0448\u0443, \u0456 \u043c\u043e\u0436\u0443\u0442\u044c \u0440\u0443\u0445\u0430\u0442\u0438\u0441\u044f \u0432\u043f\u0435\u0440\u0435\u0434 \u0456 \u043d\u0430\u0437\u0430\u0434.<\/p>\n<p><a href=\"https:\/\/kursy-udt.pl\/wp-content\/uploads\/2022\/10\/4.webp\"><img loading=\"lazy\" decoding=\"async\" class=\"size-medium wp-image-4494 alignright\" src=\"https:\/\/kursy-udt.pl\/wp-content\/uploads\/2022\/10\/4-300x200.webp\" alt=\"\" width=\"300\" height=\"200\" srcset=\"https:\/\/kursy-udt.pl\/wp-content\/uploads\/2022\/10\/4-300x200.webp 300w, https:\/\/kursy-udt.pl\/wp-content\/uploads\/2022\/10\/4-1024x683.webp 1024w, https:\/\/kursy-udt.pl\/wp-content\/uploads\/2022\/10\/4-768x512.webp 768w, https:\/\/kursy-udt.pl\/wp-content\/uploads\/2022\/10\/4-1536x1024.webp 1536w, https:\/\/kursy-udt.pl\/wp-content\/uploads\/2022\/10\/4-18x12.webp 18w, https:\/\/kursy-udt.pl\/wp-content\/uploads\/2022\/10\/4-624x416.webp 624w, https:\/\/kursy-udt.pl\/wp-content\/uploads\/2022\/10\/4.webp 1600w\" sizes=\"auto, (max-width: 300px) 100vw, 300px\" \/><\/a>\u041d\u0430\u0432\u0430\u043d\u0442\u0430\u0436\u0443\u0432\u0430\u0447\u0456 \u0442\u0430\u043a\u043e\u0436 \u0454 \u043c\u0430\u043d\u0435\u0432\u0440\u0435\u043d\u0438\u043c\u0438 \u043f\u0440\u0438\u0441\u0442\u0440\u043e\u044f\u043c\u0438 \u0442\u0430 \u043c\u0430\u044e\u0442\u044c \u043d\u0435\u0432\u0435\u043b\u0438\u043a\u0438\u0439 \u0440\u0430\u0434\u0456\u0443\u0441 \u043f\u043e\u0432\u043e\u0440\u043e\u0442\u0443, \u0449\u043e \u0440\u043e\u0431\u0438\u0442\u044c \u0457\u0445 \u0434\u0443\u0436\u0435 \u043b\u0435\u0433\u043a\u0438\u043c\u0438 \u0432 \u0435\u043a\u0441\u043f\u043b\u0443\u0430\u0442\u0430\u0446\u0456\u0457 \u043c\u0456\u0436 \u0441\u0442\u0435\u043b\u0430\u0436\u0430\u043c\u0438 \u0442\u0430 \u0432 \u0456\u043d\u0448\u0438\u0445 \u0432\u0443\u0437\u044c\u043a\u0438\u0445 \u043f\u0440\u043e\u0441\u0442\u043e\u0440\u0430\u0445. \u041c\u0430\u043d\u0435\u0432\u0440\u0438 \u0454 \u0442\u043e\u0447\u043d\u0438\u043c\u0438, \u0430\u043b\u0435 \u0447\u0435\u0440\u0435\u0437 \u0457\u0445\u043d\u044e \u0432\u0430\u0433\u0443 \u0442\u0440\u0430\u043d\u0441\u043f\u043e\u0440\u0442\u043d\u0438\u043c\u0438 \u0437\u0430\u0441\u043e\u0431\u0430\u043c\u0438 \u0442\u0430\u043a\u043e\u0436 \u043f\u043e\u0442\u0440\u0456\u0431\u043d\u043e \u043a\u0435\u0440\u0443\u0432\u0430\u0442\u0438 \u043e\u0431\u0435\u0440\u0435\u0436\u043d\u043e, \u043e\u0441\u043a\u0456\u043b\u044c\u043a\u0438 \u0432\u043e\u043d\u0438, \u0448\u0432\u0438\u0434\u0448\u0435 \u0437\u0430 \u0432\u0441\u0435, \u043f\u0435\u0440\u0435\u043a\u0438\u043d\u0443\u0442\u044c\u0441\u044f, \u043a\u043e\u043b\u0438 \u0432\u0430\u043d\u0442\u0430\u0436 \u043f\u043e\u0432\u043d\u0438\u0439. \u0417\u0430\u0431\u043e\u0440\u043e\u043d\u044f\u0454\u0442\u044c\u0441\u044f \u043c\u0430\u043d\u0435\u0432\u0440\u0443\u0432\u0430\u0442\u0438 \u043d\u0430 \u0432\u0435\u043b\u0438\u043a\u0456\u0439 \u0448\u0432\u0438\u0434\u043a\u043e\u0441\u0442\u0456 \u0442\u0430 \u0437 \u043f\u043e\u0432\u043d\u0438\u043c \u043d\u0430\u0432\u0430\u043d\u0442\u0430\u0436\u0435\u043d\u043d\u044f\u043c. \u0412\u0456\u043d \u0432\u0447\u0438\u0442\u044c \u043f\u0440\u0430\u0432\u0438\u043b\u044c\u043d\u043e \u043a\u0435\u0440\u0443\u0432\u0430\u0442\u0438 \u043f\u0440\u0438\u0441\u0442\u0440\u043e\u0454\u043c <u><a href=\"https:\/\/kursy-udt.pl\/ua\/szkolenia\/wozkiwidlowe\/\">\u043a\u0443\u0440\u0441 \u043e\u043f\u0435\u0440\u0430\u0442\u043e\u0440\u0430 \u043d\u0430\u0432\u0430\u043d\u0442\u0430\u0436\u0443\u0432\u0430\u0447\u0430<\/a><\/u>, \u044f\u043a\u0438\u0439 \u043e\u0437\u043d\u0430\u0439\u043e\u043c\u043b\u044e\u0454 \u0443\u0447\u0430\u0441\u043d\u0438\u043a\u0456\u0432 \u0437 \u043f\u0440\u0430\u0432\u0438\u043b\u044c\u043d\u0438\u043c\u0438 \u043f\u0440\u0430\u0432\u0438\u043b\u0430\u043c\u0438 \u0435\u043a\u0441\u043f\u043b\u0443\u0430\u0442\u0430\u0446\u0456\u0457 \u043f\u0440\u0438\u043b\u0430\u0434\u0456\u0432.<\/p>\n<p>\u0414\u043b\u044f \u0442\u043e\u0433\u043e, \u0449\u043e\u0431 \u043e\u0442\u0440\u0438\u043c\u0430\u0442\u0438 \u043f\u043e\u0441\u0432\u0456\u0434\u0447\u0435\u043d\u043d\u044f \u043d\u0430\u0432\u0430\u043d\u0442\u0430\u0436\u0443\u0432\u0430\u0447\u0430, \u044f\u043a\u0435 \u0432\u0438\u0434\u0430\u0454\u0442\u044c\u0441\u044f UDT \u0412\u0430\u0440\u0448\u0430\u0432\u0430 \u043d\u0430 \u043d\u0430\u0448\u0438\u0445 \u043a\u0443\u0440\u0441\u0430\u0445 \u0432 <a href=\"https:\/\/kursy-udt.pl\/ua\/o-firmie\/\">\u0426\u0435\u043d\u0442\u0440 \u043f\u0456\u0434\u0433\u043e\u0442\u043e\u0432\u043a\u0438 \u043f\u0435\u0440\u0441\u043e\u043d\u0430\u043b\u0443 \u0415\u0420\u0413\u041e\u041d<\/a> \u0430\u0431\u043e \u0447\u0435\u0440\u0435\u0437 \u0456\u043d\u0448\u0456 \u0430\u0433\u0440\u0435\u0433\u0430\u0442\u0438, \u043d\u0435\u043e\u0431\u0445\u0456\u0434\u043d\u043e \u043f\u0440\u043e\u0439\u0442\u0438 \u043f\u0440\u0430\u043a\u0442\u0438\u0447\u043d\u0438\u0439 \u0442\u0435\u0441\u0442, \u044f\u043a\u0438\u0439 \u043f\u043e\u043b\u044f\u0433\u0430\u0454 \u0432 \u043f\u0440\u0430\u0432\u0438\u043b\u044c\u043d\u043e\u043c\u0443 \u043c\u0430\u043d\u0435\u0432\u0440\u0443\u0432\u0430\u043d\u043d\u0456 \u0437 \u0432\u0430\u043d\u0442\u0430\u0436\u0435\u043c \u0456 \u0431\u0435\u0437 \u043d\u044c\u043e\u0433\u043e. \u041f\u0440\u043e\u0439\u0434\u0435\u043d\u0438\u0439 \u043a\u0443\u0440\u0441 \u043f\u0456\u0434\u0433\u043e\u0442\u043e\u0432\u043a\u0438 \u043e\u043f\u0435\u0440\u0430\u0442\u043e\u0440\u0430 \u043d\u0430\u0432\u0430\u043d\u0442\u0430\u0436\u0443\u0432\u0430\u0447\u0430 \u0434\u0430\u0454 \u043f\u0440\u0430\u0432\u043e \u043f\u0440\u0430\u0446\u044e\u0432\u0430\u0442\u0438 \u043d\u0430 \u043f\u043e\u0441\u0430\u0434\u0456. \u0412\u0456\u0434\u043f\u0440\u0430\u0432\u043b\u0435\u043d\u043e <a href=\"https:\/\/kursy-udt.pl\/ua\/uprawnienia-udt\/kategorie-uprawnien-2\/\">\u041a\u0432\u0430\u043b\u0456\u0444\u0456\u043a\u0430\u0446\u0456\u044f UDT<\/a> \u0434\u0456\u0439\u0441\u043d\u0456 \u043d\u0435\u043e\u0431\u043c\u0435\u0436\u0435\u043d\u0438\u0439 \u0442\u0435\u0440\u043c\u0456\u043d \u0456 \u0434\u043e\u0437\u0432\u043e\u043b\u044f\u044e\u0442\u044c \u043f\u0440\u0430\u0446\u044e\u0432\u0430\u0442\u0438 \u0442\u0430\u043a\u043e\u0436 \u0437\u0430 \u043a\u043e\u0440\u0434\u043e\u043d\u043e\u043c.<\/p>\n<div class=\"filmw\">\n<div class=\"responsive-youtube\" style=\"text-align: center;\"><iframe loading=\"lazy\" title=\"\u0412\u0456\u0434\u0435\u043e\u043f\u043b\u0435\u0454\u0440 YouTube\" src=\"https:\/\/www.youtube.com\/embed\/dFMZUadVVBM\" width=\"560\" height=\"315\" frameborder=\"0\" allowfullscreen=\"allowfullscreen\"><\/iframe><\/div>\n<\/div>\n<\/div>\n<div class=\"button_styl\" style=\"float: right; padding-left: 15px; padding-bottom: 8px; margin-bottom: 5px;\"><a class=\"myButton myButton_maly\" href=\"https:\/\/platformaedukacji.pl\/login\/signup.php\" target=\"_blank\" rel=\"nofollow noopener\"><span style=\"color: white;\">\u0417\u0430\u043f\u0438\u0448\u0456\u0442\u044c\u0441\u044f \u043d\u0430 \u043d\u0430\u0432\u0447\u0430\u043d\u043d\u044f<\/span><\/a><\/div>\n<div style=\"padding-top: 70px;\">\n<h2>\u0411\u0456\u043b\u044c\u0448\u0435 \u0456\u043d\u0444\u043e\u0440\u043c\u0430\u0446\u0456\u0457:<\/h2>\n<div style=\"text-align: center; font-size: 85%; line-height: 120%;\">\n<div style=\"float: left; margin-right: 40px; height: 290px;\">\n<p><a href=\"\/ua\/%d0%bd%d0%b0%d0%b2%d1%87%d0%b0%d0%bd%d0%bd%d1%8f\/%d0%b2%d0%b8%d0%bb%d0%ba%d0%be%d0%b2%d1%96-%d0%bd%d0%b0%d0%b2%d0%b0%d0%bd%d1%82%d0%b0%d0%b6%d1%83%d0%b2%d0%b0%d1%87%d1%96\/%d0%ba%d0%be%d0%bd%d1%82%d1%80%d0%be%d0%bb%d1%8c\/\"><img decoding=\"async\" src=\"\/wp-content\/uploads\/2014\/08\/ster.jpg\" alt=\"\" \/><\/a><\/p>\n<div style=\"width: 300px; font-size: 130%;\"><strong>\u041a\u041e\u041d\u0422\u0420\u041e\u041b\u042c<\/strong><br \/>\n\u041f\u0440\u0430\u0432\u0438\u043b\u044c\u043d\u0456 \u043f\u0440\u0438\u0439\u043e\u043c\u0438 \u043a\u043e\u043d\u0442\u0440\u043e\u043b\u044e<\/div>\n<p>&nbsp;<\/p>\n<\/div>\n<div style=\"float: left; margin-right: 40px; height: 290px;\">\n<p><a href=\"\/ua\/%d0%bd%d0%b0%d0%b2%d1%87%d0%b0%d0%bd%d0%bd%d1%8f\/%d0%b2%d0%b8%d0%bb%d0%ba%d0%be%d0%b2%d1%96-%d0%bd%d0%b0%d0%b2%d0%b0%d0%bd%d1%82%d0%b0%d0%b6%d1%83%d0%b2%d0%b0%d1%87%d1%96\/%d0%be%d0%b1%d1%80%d0%be%d0%b1%d0%ba%d0%b0-%d0%b2%d0%b0%d0%bd%d1%82%d0%b0%d0%b6%d1%96%d0%b2\/\"><img decoding=\"async\" src=\"\/wp-content\/uploads\/2014\/08\/oper.jpg\" alt=\"\" \/><\/a><\/p>\n<div style=\"width: 300px; font-size: 130%;\"><strong>\u0420\u043e\u0437\u0432\u0430\u043d\u0442\u0430\u0436\u0435\u043d\u043d\u044f \u0432\u0430\u043d\u0442\u0430\u0436\u0456\u0432<\/strong><br \/>\n\u041e\u0431\u0441\u043b\u0443\u0433\u043e\u0432\u0443\u0432\u0430\u043d\u043d\u044f \u0437\u0430\u0432\u0430\u043d\u0442\u0430\u0436\u0435\u043d\u043e\u0433\u043e \u043d\u0430\u0432\u0430\u043d\u0442\u0430\u0436\u0443\u0432\u0430\u0447\u0430<\/div>\n<p>&nbsp;<\/p>\n<\/div>\n<\/div>\n<div style=\"clear: both;\"><\/div>\n<div style=\"text-align: center; font-size: 85%; line-height: 120%;\">\n<div style=\"float: left; margin-right: 40px; height: 290px;\">\n<p><a href=\"\/ua\/%d0%bd%d0%b0%d0%b2%d1%87%d0%b0%d0%bd%d0%bd%d1%8f\/%d0%b2%d0%b8%d0%bb%d0%ba%d0%be%d0%b2%d1%96-%d0%bd%d0%b0%d0%b2%d0%b0%d0%bd%d1%82%d0%b0%d0%b6%d1%83%d0%b2%d0%b0%d1%87%d1%96\/%d0%b1%d0%b5%d0%b7%d0%bf%d0%b5%d0%ba%d0%b8\/\"><img decoding=\"async\" src=\"\/wp-content\/uploads\/2014\/08\/bezp.jpg\" alt=\"\" \/><\/a><\/p>\n<div style=\"width: 300px; font-size: 130%;\"><strong>\u0411\u0435\u0437\u043f\u0435\u043a\u0430<\/strong><br \/>\n\u041f\u0440\u0430\u0432\u0438\u043b\u0430 \u0431\u0435\u0437\u043f\u0435\u0447\u043d\u043e\u0457 \u0435\u043a\u0441\u043f\u043b\u0443\u0430\u0442\u0430\u0446\u0456\u0457<\/div>\n<p>&nbsp;<\/p>\n<\/div>\n<div style=\"float: left; margin-right: 40px; height: 290px;\">\n<p><a href=\"\/ua\/%d0%bd%d0%b0%d0%b2%d1%87%d0%b0%d0%bd%d0%bd%d1%8f\/%d0%b2%d0%b8%d0%bb%d0%ba%d0%be%d0%b2%d1%96-%d0%bd%d0%b0%d0%b2%d0%b0%d0%bd%d1%82%d0%b0%d0%b6%d1%83%d0%b2%d0%b0%d1%87%d1%96\/%d0%b1%d1%83%d0%b4%d1%96%d0%b2%d0%bd%d0%b8%d1%86%d1%82%d0%b2%d0%be\/\"><img decoding=\"async\" src=\"\/wp-content\/uploads\/2014\/08\/bud.jpg\" alt=\"\" \/><\/a><\/p>\n<div style=\"width: 300px; font-size: 130%;\"><strong>\u0411\u0443\u0434\u0456\u0432\u043d\u0438\u0446\u0442\u0432\u043e<\/strong><br \/>\n\u0411\u0430\u0437\u0430 \u0437\u043d\u0430\u043d\u044c \u0434\u043b\u044f \u0431\u0443\u0434\u0456\u0432\u043d\u0438\u0446\u0442\u0432\u0430<\/div>\n<p>&nbsp;<\/p>\n<\/div>\n<\/div>\n<div style=\"text-align: center; font-size: 85%; line-height: 120%;\">\n<div style=\"float: left; margin-right: 40px; height: 290px;\">\n<p><a href=\"\/ua\/%d0%bd%d0%b0%d0%b2%d1%87%d0%b0%d0%bd%d0%bd%d1%8f\/%d0%b2%d0%b8%d0%bb%d0%ba%d0%be%d0%b2%d1%96-%d0%bd%d0%b0%d0%b2%d0%b0%d0%bd%d1%82%d0%b0%d0%b6%d1%83%d0%b2%d0%b0%d1%87%d1%96\/\"><img decoding=\"async\" style=\"width: 300px; height: 225px;\" src=\"\/wp-content\/uploads\/2014\/03\/wozki-widlowe-4.jpeg\" alt=\"\" \/><\/a><\/p>\n<div style=\"width: 300px; font-size: 130%;\"><center><strong>\u041a\u0443\u0440\u0441\u0438<\/strong><br \/>\n\u043d\u0430 \u043d\u0430\u0432\u0430\u043d\u0442\u0430\u0436\u0443\u0432\u0430\u0447\u0430\u0445<\/center><\/div>\n<p>&nbsp;<\/p>\n<\/div>\n<\/div>\n<\/div>","protected":false},"excerpt":{"rendered":"<p>W\u00f3zki wid\u0142owe znajduj\u0105 szerokie zastosowanie w magazynach, centrach logistycznych, sklepach wielkopowierzchniowych, halach produkcyjnych czy przemys\u0142owych. Umo\u017cliwiaj\u0105 \u0142atwe przenoszenie \u0142adunk\u00f3w umieszczonych na paletach, a przy tym pozwalaj\u0105 na przyspieszenie pracy i poprawiaj\u0105 jej bezpiecze\u0144stwo. Do tego, aby obs\u0142ugiwa\u0107 sprz\u0119t, niezb\u0119dny jest kurs na w\u00f3zek wid\u0142owy, podczas kt\u00f3rego uczestnik uzyskuje niezb\u0119dne wiadomo\u015bci teoretyczne i praktyk\u0119 na stanowisku pracy operatora. Sterowanie w\u00f3zkami wid\u0142owymi polega na sterowaniu ruchem pojazdu oraz dodatkowo masztem i wid\u0142ami, kt\u00f3re odpowiedzialne s\u0105 za podnoszenie i opuszczanie \u0142adunk\u00f3w. Kierowanie jest analogiczne do kierowania samochodem. Stosuje si\u0119 kierownic\u0119, a tak\u017ce peda\u0142y hamulca i gazu. Niekt\u00f3re modele wyposa\u017cone s\u0105 dodatkowo w sprz\u0119g\u0142o. Wi\u0119kszo\u015b\u0107 pojazd\u00f3w ma dwa biegi \u2013 wolny oraz szybszy i potrafi si\u0119 porusza\u0107 w prz\u00f3d oraz w ty\u0142. W\u00f3zki wid\u0142owe s\u0105 przy tym urz\u0105dzeniami zwrotnymi oraz maj\u0105 niewielki promie\u0144 skr\u0119tu, co powoduje, \u017ce bardzo \u0142atwo operuje si\u0119 nimi pomi\u0119dzy rega\u0142ami i w innych w\u0105skich przestrzeniach. Manewry s\u0105 przy tym precyzyjne, niemniej ze wzgl\u0119du na sw\u00f3j ci\u0119\u017car pojazdy musz\u0105 by\u0107 jednocze\u015bnie kierowane ostro\u017cnie, poniewa\u017c przy maksymalnym \u0142adunku s\u0105 one bardziej nara\u017cone na przewr\u00f3cenie. Zakazane jest wykonywanie manewr\u00f3w przy du\u017cej szybko\u015bci i pe\u0142nym za\u0142adunku. Prawid\u0142owego sterowania urz\u0105dzeniem uczy kurs operatora w\u00f3zka wid\u0142owego, kt\u00f3ry zaznajamia uczestnik\u00f3w z prawid\u0142owymi przepisami obs\u0142ugi urz\u0105dze\u0144. Aby uzyska\u0107 uprawnienia na w\u00f3zki wid\u0142owe, kt\u00f3re nadawane s\u0105 przez UDT Warszawa na naszych zaj\u0119ciach w O\u015brodku Doskonalenia Kadr ERGON lub poprzez inne jednostki, konieczne jest zdanie egzaminu praktycznego, kt\u00f3ry polega na prawid\u0142owym wykonaniu manewr\u00f3w bez \u0142adunku oraz wraz z \u0142adunkiem. Zako\u0144czony kurs operatora w\u00f3zka wid\u0142owego uprawnia do pracy na stanowisku. Nadane uprawnienia UDT s\u0105 wa\u017cne bezterminowo [&hellip;]<\/p>\n","protected":false},"author":1,"featured_media":4494,"parent":17,"menu_order":0,"comment_status":"closed","ping_status":"closed","template":"","meta":{"sfsi_plus_gutenberg_text_before_share":"","sfsi_plus_gutenberg_show_text_before_share":"","sfsi_plus_gutenberg_icon_type":"","sfsi_plus_gutenberg_icon_alignemt":"","sfsi_plus_gutenburg_max_per_row":"","footnotes":""},"class_list":["post-1190","page","type-page","status-publish","has-post-thumbnail","hentry","has_thumb"],"aioseo_notices":[],"_links":{"self":[{"href":"https:\/\/kursy-udt.pl\/ua\/wp-json\/wp\/v2\/pages\/1190","targetHints":{"allow":["GET"]}}],"collection":[{"href":"https:\/\/kursy-udt.pl\/ua\/wp-json\/wp\/v2\/pages"}],"about":[{"href":"https:\/\/kursy-udt.pl\/ua\/wp-json\/wp\/v2\/types\/page"}],"author":[{"embeddable":true,"href":"https:\/\/kursy-udt.pl\/ua\/wp-json\/wp\/v2\/users\/1"}],"replies":[{"embeddable":true,"href":"https:\/\/kursy-udt.pl\/ua\/wp-json\/wp\/v2\/comments?post=1190"}],"version-history":[{"count":11,"href":"https:\/\/kursy-udt.pl\/ua\/wp-json\/wp\/v2\/pages\/1190\/revisions"}],"predecessor-version":[{"id":4495,"href":"https:\/\/kursy-udt.pl\/ua\/wp-json\/wp\/v2\/pages\/1190\/revisions\/4495"}],"up":[{"embeddable":true,"href":"https:\/\/kursy-udt.pl\/ua\/wp-json\/wp\/v2\/pages\/17"}],"wp:featuredmedia":[{"embeddable":true,"href":"https:\/\/kursy-udt.pl\/ua\/wp-json\/wp\/v2\/media\/4494"}],"wp:attachment":[{"href":"https:\/\/kursy-udt.pl\/ua\/wp-json\/wp\/v2\/media?parent=1190"}],"curies":[{"name":"wp","href":"https:\/\/api.w.org\/{rel}","templated":true}]}}