{"id":75,"date":"2014-02-12T13:52:58","date_gmt":"2014-02-12T13:52:58","guid":{"rendered":"http:\/\/kursy-udt.kwiaty0.pl\/?page_id=75"},"modified":"2023-02-14T12:32:00","modified_gmt":"2023-02-14T11:32:00","slug":"plateformes-mobiles","status":"publish","type":"page","link":"https:\/\/kursy-udt.pl\/fr\/szkolenia\/podesty-ruchome\/","title":{"rendered":"Formations pour les plateformes mobiles"},"content":{"rendered":"<p><img loading=\"lazy\" decoding=\"async\" class=\"paddingleft10 alignleft wp-image-630\" src=\"https:\/\/kursy-udt.pl\/wp-content\/uploads\/2014\/04\/10-pokaz.jpeg\" alt=\"\" width=\"200\" height=\"150\" \/>Le centre de d\u00e9veloppement du personnel d'ERGON m\u00e8ne les actions suivantes <a href=\"https:\/\/kursy-udt.pl\/fr\/szkolenia\/udt-wdt-tdt\/uprawnienia-podesty-ruchome\/\">cours pour les plateformes mobiles<\/a>qui s'adresse aux travailleurs qui souhaitent b\u00e9n\u00e9ficier <a href=\"https:\/\/kursy-udt.pl\/fr\/uprawnienia-udt\/kategorie-uprawnien-2\/\">droits<\/a> UDT. Les plates-formes mobiles sont de plus en plus utilis\u00e9es sur les chantiers de construction et dans les travaux d'assemblage, et une formation est indispensable pour pouvoir les utiliser de mani\u00e8re professionnelle. Dans notre offre de formation, vous trouverez des cours pour les plates-formes mobiles des cat\u00e9gories I P et II P, notamment : m\u00e2ts et plates-formes mobiles : automotrices libres et mobiles, \u00e9l\u00e9vateurs \u00e0 nacelle et \u00e9l\u00e9vateurs \u00e0 ciseaux. Ils vous permettent d'obtenir les autorisations n\u00e9cessaires pour travailler avec tous les types de ces \u00e9quipements.<\/p>\n<div class=\"wyjustuj\">\n<p>Les formations dispens\u00e9es par notre Centre couvrent un large \u00e9ventail de connaissances th\u00e9oriques et pratiques. Chaque cours sur les plates-formes mobiles est divis\u00e9 en sections qui int\u00e8grent des informations d\u00e9taill\u00e9es sur le poste de travail et les r\u00e9glementations. <a href=\"https:\/\/kursy-udt.pl\/fr\/szkolenia\/bhp-bezpieczenstwo-pracy\/prawna-ochrona-pracy\/\">Sant\u00e9 et s\u00e9curit\u00e9<\/a> les r\u00e8gles de contr\u00f4le technique, la construction, la maintenance et l'exploitation de l'\u00e9quipement. \u00c0 la fin du cours, vous pourrez passer l'examen de l'UDT afin d'obtenir une licence pour les plates-formes mobiles.<\/p>\n<div class=\"filmw\">\n<div class=\"responsive-youtube\" style=\"text-align: center;\"><iframe loading=\"lazy\" title=\"Lecteur vid\u00e9o YouTube\" src=\"https:\/\/www.youtube.com\/embed\/sadG__ZRQI8\" width=\"560\" height=\"315\" frameborder=\"0\" allowfullscreen=\"allowfullscreen\"><\/iframe><\/div>\n<\/div>\n<h2><strong>Types d&#039;autorisations<\/strong><\/h2>\n<p>La formation que nous proposons vous permet d'obtenir les qualifications UDT suivantes :<\/p>\n<p><strong>Autorisations de cat\u00e9gorie IP\u00a0:<\/strong><\/p>\n<ul>\n<li>mobiles, lents (nacelles \u00e0 ciseaux)<\/li>\n<\/ul>\n<div style=\"height: 230px; float: left; margin-right: 25px;\"><img decoding=\"async\" src=\"\/wp-content\/uploads\/2014\/04\/pion-2-podesty-ruchome.jpg\" alt=\"cours pour les plates-formes mobiles mobiles\" \/><\/div>\n<div style=\"height: 230px; float: left; margin-right: 25px;\"><img decoding=\"async\" src=\"\/wp-content\/uploads\/2014\/04\/pion-4-kurs-na-podesty-ruchome.jpg\" alt=\"Plates-formes mobiles fixes Ergon\" \/><\/div>\n<div style=\"height: 230px; float: left; margin-right: 25px;\"><img decoding=\"async\" src=\"\/wp-content\/uploads\/2014\/04\/pion-1-podesty.jpg\" alt=\"Ergon Varsovie\" \/><\/div>\n<div style=\"height: 230px; float: left; margin-right: 25px;\"><img decoding=\"async\" src=\"\/wp-content\/uploads\/2014\/04\/pion-3-podest-zdjecie.jpg\" alt=\"nacelles \u00e0 ciseaux et nacelles \u00e9l\u00e9vatrices\" \/><\/div>\n<div style=\"clear: both;\"><\/div>\n<ul>\n<li>automoteurs (nacelles \u00e9l\u00e9vatrices)<\/li>\n<li>transportable (araign\u00e9es attach\u00e9es \u00e0 la voiture)<\/li>\n<\/ul>\n<div style=\"height: 180px; float: left; margin-right: 20px;\"><img decoding=\"async\" src=\"\/wp-content\/uploads\/2014\/04\/09-slajd.jpeg\" alt=\"formation plateformes - cat\u00e9gorie IP\" \/><\/div>\n<div style=\"height: 180px; float: left; margin-right: 20px;\"><img decoding=\"async\" src=\"\/wp-content\/uploads\/2014\/04\/07-podesty-ruchome-udt.jpeg\" alt=\"cours pour les qualifications UDT\" \/><\/div>\n<div style=\"height: 180px; float: left; margin-right: 20px;\"><img decoding=\"async\" src=\"\/wp-content\/uploads\/2014\/04\/06-fotografia.jpeg\" alt=\"Ergon Varsovie\" \/><\/div>\n<div style=\"clear: both;\"><\/div>\n<p><strong>Dipl\u00f4mes II P :<\/strong><\/p>\n<ul>\n<li>suspendu<\/li>\n<li>Stationnaire<\/li>\n<li>t\u00eate de m\u00e2t<\/li>\n<\/ul>\n<div style=\"height: 180px; float: left; margin-right: 20px;\"><img decoding=\"async\" src=\"\/wp-content\/uploads\/2014\/04\/3-pic.jpg\" alt=\"\" \/><\/div>\n<div style=\"height: 180px; float: left; margin-right: 20px;\"><img decoding=\"async\" src=\"\/wp-content\/uploads\/2014\/04\/2-zdjecie.jpg\" alt=\"Formations et cours Ergon\" \/><\/div>\n<div style=\"height: 180px; float: left; margin-right: 20px;\"><img decoding=\"async\" src=\"\/wp-content\/uploads\/2014\/04\/1-foto.jpg \" alt=\"\" \/><\/div>\n<div style=\"clear: both;\"><\/div>\n<div style=\"width: 640px;\" class=\"wp-video\"><video id=\"video-75-1\" width=\"640\" height=\"360\" poster=\"https:\/\/kursy-udt.pl\/wp-content\/uploads\/2023\/02\/20230127_031102_0000.jpg\" preload=\"metadata\" controls=\"controls\"><source type=\"video\/mp4\" src=\"https:\/\/kursy-udt.pl\/wp-content\/uploads\/2023\/02\/ACCEPTED-operator-podestow-4K-kursy-udt.mp4?_=1\" \/><a href=\"https:\/\/kursy-udt.pl\/wp-content\/uploads\/2023\/02\/ACCEPTED-operator-podestow-4K-kursy-udt.mp4\">https:\/\/kursy-udt.pl\/wp-content\/uploads\/2023\/02\/ACCEPTED-operator-podestow-4K-kursy-udt.mp4<\/a><\/video><\/div>\n<h3><strong>Application<\/strong><\/h3>\n<p>Les plates-formes mobiles sont incluses dans la cat\u00e9gorie des appareils de levage. Ils sont destin\u00e9s \u00e0 soulever des mat\u00e9riaux et des personnes \u00e0 une hauteur donn\u00e9e \u00e0 l&#039;aide d&#039;une plate-forme ou d&#039;une nacelle, qui sont suspendues \u00e0 un tracteur ou lev\u00e9es sur un palan. Nous divisons les plates-formes en fixes (situ\u00e9es en un point) et automotrices (mobiles, par exemple attach\u00e9es \u00e0 une voiture). Tous les types d&#039;appareils sont soumis \u00e0 un contr\u00f4le technique.<\/p>\n<p>Le dispositif d&#039;atterrissage mobile est utilis\u00e9 principalement lors de travaux de construction, de finition, d&#039;installation et de d\u00e9coration en hauteur. Ils sont \u00e9galement utilis\u00e9s dans l&#039;industrie de la publicit\u00e9, dans les travaux de nettoyage et dans de nombreux autres domaines, lorsqu&#039;il est n\u00e9cessaire d&#039;\u00e9lever un employ\u00e9, un \u00e9quipement ou du mat\u00e9riel \u00e0 une hauteur donn\u00e9e. Il existe diff\u00e9rentes plates-formes mobiles utilis\u00e9es, des autorisations sont n\u00e9cessaires pour chaque type d&#039;appareil.<\/p>\n<h3><strong>But de la formation<\/strong><\/h3>\n<p>La formation peut \u00eatre suivie par des personnes de plus de 18 ans, ayant au moins une formation de base et n&#039;ayant aucune contre-indication m\u00e9dicale pour travailler comme op\u00e9rateur.<\/p>\n<p>La formation aux plates-formes mobiles autorise l&#039;employ\u00e9 \u00e0 utiliser l&#039;appareil sur la base des connaissances et des comp\u00e9tences qu&#039;il a acquises conform\u00e9ment \u00e0 une cat\u00e9gorie d&#039;autorisation donn\u00e9e dans une mesure garantissant une utilisation en toute s\u00e9curit\u00e9. Les cours pr\u00e9parent \u00e0 l&#039;examen UDT, apr\u00e8s quoi vous r\u00e9ussissez l&#039;examen, vous pouvez obtenir l&#039;autorisation d&#039;utiliser l&#039;appareil.<\/p>\n<p>Nous vous invitons \u00e0 profiter de notre offre, les cours sont dispens\u00e9s r\u00e9guli\u00e8rement et peuvent \u00e9galement \u00eatre r\u00e9alis\u00e9s au lieu et \u00e0 la date indiqu\u00e9s par le client. Les prix peuvent \u00eatre n\u00e9goci\u00e9s. Nous vous encourageons \u00e0 acqu\u00e9rir des qualifications avec notre centre !<\/p>\n<\/div>\n<p>&nbsp;<\/p>\n<div class=\"button_styl\" style=\"float: right; padding-left: 15px; padding-bottom: 8px; margin-bottom: 5px;\"><a class=\"myButton myButton_maly\" href=\"https:\/\/platformaedukacji.pl\/login\/signup.php\" target=\"_blank\" rel=\"nofollow noopener noreferrer\"><span style=\"color: white;\">Inscrivez-vous \u00e0 la formation<\/span><\/a><\/div>\n<div style=\"padding-top: 70px;\">\n<h2>Plus d&#039;information:<\/h2>\n<div style=\"text-align: center; font-size: 85%; line-height: 120%;\">\n<div style=\"float: left; margin-right: 40px; height: 290px;\">\n<p><a href=\"\/fr\/entrainement\/plateformes-mobiles\/ordonnances-et-interdictions\/\"><img decoding=\"async\" src=\"\/wp-content\/uploads\/2014\/08\/nakazy-zakazy.jpg\" alt=\"\" \/><\/a><\/p>\n<div style=\"width: 300px; font-size: 130%;\"><strong>\u00c0 faire et \u00e0 ne pas faire<\/strong><\/div>\n<p>&nbsp;<\/p>\n<\/div>\n<div style=\"float: left; margin-right: 40px; height: 290px;\">\n<p><a href=\"\/fr\/entrainement\/plateformes-mobiles\/travailler-a-proximite-de-lignes-electriques\/\"><img decoding=\"async\" src=\"\/wp-content\/uploads\/2014\/08\/linie-energetyczne.jpg\" alt=\"\" \/><\/a><\/p>\n<div style=\"width: 300px; font-size: 130%;\"><strong>Travail \u00e0 proximit\u00e9 de lignes \u00e9lectriques <\/strong><\/div>\n<p>&nbsp;<\/p>\n<\/div>\n<\/div>\n<div style=\"clear: both;\"><\/div>\n<div style=\"text-align: center; font-size: 85%; line-height: 120%;\">\n<div style=\"float: left; margin-right: 40px; height: 290px;\">\n<p><a href=\"\/fr\/entrainement\/plateformes-mobiles\/les-procedures-de-securite-2\/\"><img decoding=\"async\" src=\"\/wp-content\/uploads\/2014\/08\/bezpieczenstwo.jpg\" alt=\"\" \/><\/a><\/p>\n<div style=\"width: 300px; font-size: 130%;\"><strong>S\u00e9curit\u00e9<\/strong><\/div>\n<p>&nbsp;<\/p>\n<\/div>\n<div style=\"float: left; margin-right: 40px; height: 290px;\">\n<p><a href=\"\/fr\/entrainement\/plateformes-mobiles\/preparation-de-la-surface\/\"><img decoding=\"async\" src=\"\/wp-content\/uploads\/2014\/08\/wypadek.jpg\" alt=\"\" \/><\/a><\/p>\n<div style=\"width: 300px; font-size: 130%;\"><strong>Pr\u00e9paration de surface<\/strong><\/div>\n<p>&nbsp;<\/p>\n<\/div>\n<\/div>\n<div style=\"clear: both;\"><\/div>\n<div style=\"text-align: center; font-size: 85%; line-height: 120%;\">\n<div style=\"float: left; margin-right: 40px; height: 290px;\">\n<p><a href=\"\/fr\/entrainement\/plateformes-mobiles\/la-securite-dans-le-soin-des-arbres\/\"><img decoding=\"async\" src=\"\/wp-content\/uploads\/2016\/09\/drzewa.png\" alt=\"\" \/><\/a><\/p>\n<div style=\"width: 300px; font-size: 130%;\"><strong>S\u00e9curit\u00e9 dans l&#039;entretien des arbres<\/strong><\/div>\n<p>&nbsp;<\/p>\n<\/div>\n<div style=\"float: left; margin-right: 40px; height: 290px;\">\n<p><a href=\"\/fr\/entrainement\/plateformes-mobiles\/\"><img decoding=\"async\" style=\"width: 300px; height: 225px;\" src=\"\/wp-content\/uploads\/2014\/04\/10-pokaz.jpeg\" alt=\"\" \/><\/a><\/p>\n<div style=\"width: 300px; font-size: 130%;\"><strong>Formations pour les plateformes mobiles<\/strong><\/div>\n<p>&nbsp;<\/p>\n<\/div>\n<\/div>\n<\/div>\n<p><a href=\"https:\/\/kursy-udt.pl\/wp-content\/uploads\/2022\/12\/PODESTY-RUCHOME-kursy-udt.pl_.png\"><img loading=\"lazy\" decoding=\"async\" class=\"aligncenter wp-image-4531\" src=\"https:\/\/kursy-udt.pl\/wp-content\/uploads\/2022\/12\/PODESTY-RUCHOME-kursy-udt.pl_-300x188.png\" alt=\"\" width=\"750\" height=\"469\" srcset=\"https:\/\/kursy-udt.pl\/wp-content\/uploads\/2022\/12\/PODESTY-RUCHOME-kursy-udt.pl_-300x188.png 300w, https:\/\/kursy-udt.pl\/wp-content\/uploads\/2022\/12\/PODESTY-RUCHOME-kursy-udt.pl_-1024x640.png 1024w, https:\/\/kursy-udt.pl\/wp-content\/uploads\/2022\/12\/PODESTY-RUCHOME-kursy-udt.pl_-768x480.png 768w, https:\/\/kursy-udt.pl\/wp-content\/uploads\/2022\/12\/PODESTY-RUCHOME-kursy-udt.pl_-18x12.png 18w, https:\/\/kursy-udt.pl\/wp-content\/uploads\/2022\/12\/PODESTY-RUCHOME-kursy-udt.pl_-624x390.png 624w, https:\/\/kursy-udt.pl\/wp-content\/uploads\/2022\/12\/PODESTY-RUCHOME-kursy-udt.pl_.png 1200w\" sizes=\"auto, (max-width: 750px) 100vw, 750px\" \/><\/a><\/p>","protected":false},"excerpt":{"rendered":"<p>W O\u015brodku Doskonalenia Kadr ERGON prowadzimy kurs na podesty ruchome, kt\u00f3ry przeznaczony jest dla pracownik\u00f3w chc\u0105cych otrzyma\u0107 uprawnienia UDT. Na budowach oraz przy pracach monta\u017cowych coraz cz\u0119\u015bciej u\u017cywane s\u0105 podesty ruchome, szkolenia s\u0105 niezb\u0119dne do tego, aby m\u00f3c je obs\u0142ugiwa\u0107 profesjonalnie. W naszej ofercie szkoleniowej znajd\u0105 Pa\u0144stwo kursy na podesty ruchome w kategorii I P oraz II P w tym: masztowe oraz podesty ruchome przejezdne: wolnobie\u017cne i przewo\u017ane samojezdne, podno\u015bniki koszowe i podno\u015bniki no\u017cycowe. Pozwalaj\u0105 one uzyska\u0107 niezb\u0119dne uprawnienia do pracy z wszystkimi typami tych urz\u0105dze\u0144. Prowadzone przez nasz O\u015brodek szkolenia obejmuj\u0105 szeroki zakres wiedzy teoretycznej i praktyk\u0119. Ka\u017cdy kurs na podesty ruchome jest podzielony na dzia\u0142y, kt\u00f3re w\u0142\u0105czaj\u0105 szczeg\u00f3\u0142owe informacje na temat stanowiska roboczego i przepis\u00f3w BHP oraz przepis\u00f3w dozoru technicznego, budowy, konserwacji i obs\u0142ugi urz\u0105dzenia. Po zako\u0144czeniu zaj\u0119\u0107 mo\u017cna podej\u015b\u0107 do egzaminu UDT, aby uzyska\u0107 uprawnienia na podesty ruchome. Rodzaje uprawnie\u0144 Prowadzone przez nas szkolenia pomagaj\u0105 w zdobyciu nast\u0119puj\u0105cych uprawnie\u0144 UDT: Uprawnienia kat. I P: przejezdne wolnobie\u017cne (podno\u015bniki no\u017cycowe) samojezdne (podno\u015bniki koszowe) przewo\u017ane (paj\u0105ki podczepiane pod samoch\u00f3d) Uprawnienia kat. II P: wisz\u0105ce stacjonarne masztowe Zastosowanie Podesty ruchome zaliczane s\u0105 do kategorii urz\u0105dze\u0144 d\u017awignicowych. S\u0105 one przeznaczone do podnoszenia materia\u0142\u00f3w oraz os\u00f3b na dan\u0105 wysoko\u015b\u0107 przy u\u017cyciu platformy albo gondoli, kt\u00f3re zawieszone s\u0105 na ci\u0119gniku albo podnoszone s\u0105 na d\u017awigniku. Podesty dzielimy na stacjonarne (znajduj\u0105ce si\u0119 w jednym punkcie) oraz samobie\u017cne (poruszaj\u0105ce si\u0119, na przyk\u0142ad przyczepione do samochodu). Wszystkie typy urz\u0105dze\u0144 podlegaj\u0105 dozorowi technicznemu. Urz\u0105dzenie podest ruchomy wykorzystuje si\u0119 przede wszystkim podczas prac budowlanych, prac wyko\u0144czeniowych, instalacyjnych, dekoratorskich na wysoko\u015bciach. Tak\u017ce znajduj\u0105 zastosowanie w [&hellip;]<\/p>\n","protected":false},"author":1,"featured_media":3424,"parent":65,"menu_order":0,"comment_status":"closed","ping_status":"closed","template":"","meta":{"sfsi_plus_gutenberg_text_before_share":"","sfsi_plus_gutenberg_show_text_before_share":"","sfsi_plus_gutenberg_icon_type":"","sfsi_plus_gutenberg_icon_alignemt":"","sfsi_plus_gutenburg_max_per_row":"","footnotes":""},"class_list":["post-75","page","type-page","status-publish","has-post-thumbnail","hentry","has_thumb"],"aioseo_notices":[],"_links":{"self":[{"href":"https:\/\/kursy-udt.pl\/fr\/wp-json\/wp\/v2\/pages\/75","targetHints":{"allow":["GET"]}}],"collection":[{"href":"https:\/\/kursy-udt.pl\/fr\/wp-json\/wp\/v2\/pages"}],"about":[{"href":"https:\/\/kursy-udt.pl\/fr\/wp-json\/wp\/v2\/types\/page"}],"author":[{"embeddable":true,"href":"https:\/\/kursy-udt.pl\/fr\/wp-json\/wp\/v2\/users\/1"}],"replies":[{"embeddable":true,"href":"https:\/\/kursy-udt.pl\/fr\/wp-json\/wp\/v2\/comments?post=75"}],"version-history":[{"count":103,"href":"https:\/\/kursy-udt.pl\/fr\/wp-json\/wp\/v2\/pages\/75\/revisions"}],"predecessor-version":[{"id":4762,"href":"https:\/\/kursy-udt.pl\/fr\/wp-json\/wp\/v2\/pages\/75\/revisions\/4762"}],"up":[{"embeddable":true,"href":"https:\/\/kursy-udt.pl\/fr\/wp-json\/wp\/v2\/pages\/65"}],"wp:featuredmedia":[{"embeddable":true,"href":"https:\/\/kursy-udt.pl\/fr\/wp-json\/wp\/v2\/media\/3424"}],"wp:attachment":[{"href":"https:\/\/kursy-udt.pl\/fr\/wp-json\/wp\/v2\/media?parent=75"}],"curies":[{"name":"wp","href":"https:\/\/api.w.org\/{rel}","templated":true}]}}