{"id":73,"date":"2014-02-12T13:46:41","date_gmt":"2014-02-12T13:46:41","guid":{"rendered":"http:\/\/kursy-udt.kwiaty0.pl\/?page_id=73"},"modified":"2025-06-04T12:07:52","modified_gmt":"2025-06-04T10:07:52","slug":"dispositifs","status":"publish","type":"page","link":"https:\/\/kursy-udt.pl\/fr\/urzadzenia\/","title":{"rendered":"Dispositifs"},"content":{"rendered":"<div class=\"wyjustuj\">\n<h3>Choisissez l&#039;appareil qui vous int\u00e9resse\u00a0:<\/h3>\n<div style=\"text-align: center; font-size: 75%; line-height: 120%; height: 220px; margin-top: 5px;\">\n<div style=\"float: left; margin-right: 20px;\"><a href=\"\/fr\/charpentiers\/\"><img decoding=\"async\" src=\"\/wp-content\/uploads\/2014\/04\/ciegniki.jpg\" \/><\/a><\/p>\n<div style=\"width: 200px; font-size: 150%; margin-top: 5px;\"><strong>Tracteurs<\/strong><\/div>\n<p>&nbsp;<\/p>\n<\/div>\n<div style=\"float: left; margin-right: 20px;\"><a href=\"\/fr\/grues-2\/\"><img decoding=\"async\" src=\"\/wp-content\/uploads\/2014\/04\/dzwigi.jpeg\" \/><\/a><\/p>\n<div style=\"width: 200px; font-size: 150%; margin-top: 5px;\"><strong>Grues<\/strong><\/div>\n<p>&nbsp;<\/p>\n<\/div>\n<div style=\"float: left; margin-right: 20px;\"><a href=\"\/fr\/grues-a-cable\/\"><img decoding=\"async\" src=\"\/wp-content\/uploads\/2014\/04\/dzwignice-linotorowe-2.jpg\" \/><\/a><\/p>\n<div style=\"width: 200px; font-size: 150%; margin-top: 5px;\"><strong>Grues \u00e0 c\u00e2ble<\/strong><\/div>\n<p>&nbsp;<\/p>\n<\/div>\n<\/div>\n<div style=\"text-align: center; font-size: 75%; line-height: 120%; height: 220px; margin-top: 5px;\">\n<div style=\"float: left; margin-right: 20px;\"><a href=\"\/fr\/chariots-telescopiques\/\"><img decoding=\"async\" src=\"\/wp-content\/uploads\/2014\/03\/wozki-widlowe-1.jpeg\" \/><\/a><\/p>\n<div style=\"width: 200px; font-size: 150%; margin-top: 5px;\"><strong>Chargeurs t\u00e9lescopiques<\/strong><\/div>\n<p>&nbsp;<\/p>\n<\/div>\n<div style=\"float: left; margin-right: 20px;\"><a href=\"\/fr\/plates-formes-a-ciseaux-2\/\"><img decoding=\"async\" src=\"\/wp-content\/uploads\/2014\/04\/01-podest.jpeg\" \/><\/a><\/p>\n<div style=\"width: 200px; font-size: 150%; margin-top: 5px;\"><strong>Plates-formes \u00e0 ciseaux<\/strong><\/div>\n<p>&nbsp;<\/p>\n<\/div>\n<div style=\"float: left; margin-right: 20px;\"><a href=\"\/fr\/entrainement\/plateformes-mobiles\/\"><img decoding=\"async\" src=\"\/wp-content\/uploads\/2014\/04\/10-pokaz.jpeg\" alt=\"cours pour les plateformes mobiles\" \/><\/a><\/p>\n<div style=\"width: 200px; font-size: 150%; margin-top: 5px;\"><strong>Plateformes mobiles<\/strong><\/div>\n<p>&nbsp;<\/p>\n<\/div>\n<\/div>\n<div style=\"text-align: center; font-size: 75%; line-height: 120%; height: 220px; margin-top: 5px;\">\n<div style=\"float: left; margin-right: 20px;\"><a href=\"\/fr\/elevateurs\/\"><img decoding=\"async\" src=\"\/wp-content\/uploads\/2014\/04\/09-slajd.jpeg\" \/><\/a><\/p>\n<div style=\"width: 200px; font-size: 150%; margin-top: 5px;\"><strong>Palans<\/strong><\/div>\n<p>&nbsp;<\/p>\n<\/div>\n<div style=\"float: left; margin-right: 20px;\"><a href=\"\/fr\/grues\/\"><img decoding=\"async\" src=\"\/wp-content\/uploads\/2014\/04\/suwnice.jpeg\" \/><\/a><\/p>\n<div style=\"width: 200px; font-size: 150%; margin-top: 5px;\"><strong>Grues<\/strong><\/div>\n<p>&nbsp;<\/p>\n<\/div>\n<div style=\"float: left; margin-right: 20px;\"><a href=\"\/fr\/gerbeurs\/\"><img decoding=\"async\" src=\"\/wp-content\/uploads\/2014\/04\/ukladnice.jpg\" \/><\/a><\/p>\n<div style=\"width: 200px; font-size: 150%; margin-top: 5px;\"><strong>Transstockeurs<\/strong><\/div>\n<p>&nbsp;<\/p>\n<\/div>\n<\/div>\n<div style=\"text-align: center; font-size: 75%; line-height: 120%; height: 220px; margin-top: 5px;\">\n<div style=\"float: left; margin-right: 20px;\"><a href=\"\/fr\/equipements-de-manutention-de-conteneurs\/\"><img decoding=\"async\" src=\"\/wp-content\/uploads\/2014\/04\/urzadzenia-do-manipulacji-kontenerami.jpeg\" \/><\/a><\/p>\n<div style=\"width: 200px; font-size: 150%; margin-top: 5px;\"><strong>Mat\u00e9riel de manutention de conteneurs<\/strong><\/div>\n<p>&nbsp;<\/p>\n<\/div>\n<div style=\"float: left; margin-right: 20px;\"><a href=\"\/fr\/chariots-elevateurs\/\"><img decoding=\"async\" src=\"\/wp-content\/uploads\/2014\/03\/wozki-widlowe-3.jpeg\" \/><\/a><\/p>\n<div style=\"width: 200px; font-size: 150%; margin-top: 5px;\"><strong>Chariots \u00e9l\u00e9vateurs<\/strong><\/div>\n<p>&nbsp;<\/p>\n<\/div>\n<div style=\"float: left; margin-right: 20px;\"><a href=\"\/fr\/entrainement\/chariots-elevateurs-2\/\"><img decoding=\"async\" src=\"\/wp-content\/uploads\/2014\/03\/wozki-widlowe-4.jpeg\" alt=\"cours de chariot \u00e9l\u00e9vateur\" \/><\/a><\/p>\n<div style=\"width: 200px; font-size: 150%; margin-top: 5px;\"><strong>Chariots \u00e9l\u00e9vateurs<\/strong><\/div>\n<p>&nbsp;<\/p>\n<\/div>\n<\/div>\n<div style=\"text-align: center; font-size: 75%; line-height: 120%; height: 220px; margin-top: 5px;\">\n<div style=\"float: left; margin-right: 20px;\"><a href=\"\/fr\/ascenseurs-fret\/\"><img decoding=\"async\" src=\"\/wp-content\/uploads\/2014\/04\/wyciagi-towarowe.jpeg\" \/><\/a><\/p>\n<div style=\"width: 200px; font-size: 150%; margin-top: 5px;\"><strong>Monte-charges<\/strong><\/div>\n<p>&nbsp;<\/p>\n<\/div>\n<div style=\"float: left; margin-right: 20px;\"><a href=\"\/fr\/monte\/\"><img decoding=\"async\" src=\"\/wp-content\/uploads\/2014\/03\/szkolenia-na-podnosnik.jpeg\" \/><\/a><\/p>\n<div style=\"width: 200px; font-size: 150%; margin-top: 5px;\"><strong>Augmente<\/strong><\/div>\n<p>&nbsp;<\/p>\n<\/div>\n<div style=\"float: left; margin-right: 20px;\"><a href=\"\/fr\/grues-3\/\"><img decoding=\"async\" src=\"\/wp-content\/uploads\/2014\/04\/zurawie.jpeg\" \/><\/a><\/p>\n<div style=\"width: 200px; font-size: 150%; margin-top: 5px;\"><strong>Grues<\/strong><\/div>\n<p>&nbsp;<\/p>\n<\/div>\n<\/div>\n<\/div>","protected":false},"excerpt":{"rendered":"<p>Wybierz interesuj\u0105ce Ci\u0119 urz\u0105dzenie: Ci\u0119gniki &nbsp; D\u017awigi &nbsp; D\u017awignice linotorowe &nbsp; \u0141adowarki teleskopowe &nbsp; Platformy no\u017cycowe &nbsp; Podesty ruchome &nbsp; Podno\u015bniki &nbsp; Suwnice &nbsp; Uk\u0142adnice &nbsp; Urz\u0105dzenia do manipulacji kontenerami &nbsp; W\u00f3zki jezdniowe podno\u015bnikowe &nbsp; W\u00f3zki wid\u0142owe &nbsp; Wyci\u0105gi towarowe &nbsp; Zwy\u017cki &nbsp; \u017burawie &nbsp;<\/p>","protected":false},"author":1,"featured_media":0,"parent":0,"menu_order":2,"comment_status":"closed","ping_status":"closed","template":"","meta":{"sfsi_plus_gutenberg_text_before_share":"","sfsi_plus_gutenberg_show_text_before_share":"","sfsi_plus_gutenberg_icon_type":"","sfsi_plus_gutenberg_icon_alignemt":"","sfsi_plus_gutenburg_max_per_row":"","footnotes":""},"class_list":["post-73","page","type-page","status-publish","hentry","has_thumb"],"aioseo_notices":[],"_links":{"self":[{"href":"https:\/\/kursy-udt.pl\/fr\/wp-json\/wp\/v2\/pages\/73","targetHints":{"allow":["GET"]}}],"collection":[{"href":"https:\/\/kursy-udt.pl\/fr\/wp-json\/wp\/v2\/pages"}],"about":[{"href":"https:\/\/kursy-udt.pl\/fr\/wp-json\/wp\/v2\/types\/page"}],"author":[{"embeddable":true,"href":"https:\/\/kursy-udt.pl\/fr\/wp-json\/wp\/v2\/users\/1"}],"replies":[{"embeddable":true,"href":"https:\/\/kursy-udt.pl\/fr\/wp-json\/wp\/v2\/comments?post=73"}],"version-history":[{"count":25,"href":"https:\/\/kursy-udt.pl\/fr\/wp-json\/wp\/v2\/pages\/73\/revisions"}],"predecessor-version":[{"id":6183,"href":"https:\/\/kursy-udt.pl\/fr\/wp-json\/wp\/v2\/pages\/73\/revisions\/6183"}],"wp:attachment":[{"href":"https:\/\/kursy-udt.pl\/fr\/wp-json\/wp\/v2\/media?parent=73"}],"curies":[{"name":"wp","href":"https:\/\/api.w.org\/{rel}","templated":true}]}}