{"id":71,"date":"2014-02-12T13:46:12","date_gmt":"2014-02-12T13:46:12","guid":{"rendered":"http:\/\/kursy-udt.kwiaty0.pl\/?page_id=71"},"modified":"2021-07-07T22:42:20","modified_gmt":"2021-07-07T22:42:20","slug":"reglements-2","status":"publish","type":"page","link":"https:\/\/kursy-udt.pl\/fr\/uprawnienia-udt\/przepisy\/","title":{"rendered":"Recettes"},"content":{"rendered":"<div class=\"wyjustuj\">\n<p><em><strong>La loi du 21 d\u00e9cembre 2000<\/strong> sur le contr\u00f4le technique (Journal officiel de 2013, article 963, tel que modifi\u00e9)<\/em><\/p>\n<p>La loi pr\u00e9cise les principes, les formes et l&#039;\u00e9tendue de la surveillance technique par les unit\u00e9s comp\u00e9tentes \u00e0 cet effet. C&#039;est l&#039;un des actes de base li\u00e9s aux activit\u00e9s du Bureau de l&#039;inspection technique, qui comprend toutes les informations relatives \u00e0 la conduite des travaux dans le domaine de l&#039;inspection technique en Pologne, y compris les proc\u00e9dures d&#039;octroi des autorisations par le Bureau de l&#039;inspection technique, l&#039;admission \u00e0 l&#039;utilisation d&#039;appareils techniques et \u00e0 leur conception de fabrication, y compris la fabrication de mat\u00e9riaux et de composants, les r\u00e9parations, la modernisation et la commercialisation.<\/p>\n<p>&nbsp;<\/p>\n<p><em><strong>R\u00e8glement du Conseil des ministres du 7 d\u00e9cembre 2012.<\/strong> sur les types de dispositifs techniques soumis au contr\u00f4le technique (Journal officiel de 2012 n\u00b0 0 point 1468), d\u00e9livr\u00e9 en vertu de l&#039;art. 5 s. 2 de la loi sur le contr\u00f4le technique.<\/em><\/p>\n<p>Il pr\u00e9cise les types d&#039;appareils soumis \u00e0 un contr\u00f4le technique en Pologne. Le r\u00e8glement pr\u00e9cise les formes de contr\u00f4le technique, les types, les dates des tests techniques et l&#039;\u00e9tendue des tests pour les dispositifs techniques sp\u00e9cifiques utilis\u00e9s lors des travaux, y compris les \u00e9quipements sous pression, les \u00e9quipements de manutention, les v\u00e9rins, les convoyeurs \u00e0 cabine et \u00e0 chaise, les r\u00e9servoirs sans pression et \u00e0 basse pression. destin\u00e9s au stockage de mati\u00e8res toxiques ou corrosives et de liquides inflammables.<\/p>\n<p>&nbsp;<\/p>\n<p><em><strong>R\u00e8glement du ministre de l&#039;\u00e9conomie du 18 juillet 2001.<\/strong> sur la proc\u00e9dure de v\u00e9rification des qualifications requises pour le fonctionnement et l&#039;entretien des appareils techniques (Journal officiel n\u00b0 79, article 849), modifi\u00e9 par l&#039;ordonnance du 20 f\u00e9vrier 2003 (Journal officiel n\u00b0 50, article 426), publi\u00e9 sur la base de l&#039;art. 23 s. 5 de la loi sur le contr\u00f4le technique.<\/em><\/p>\n<p>Le r\u00e8glement pr\u00e9cise les m\u00e9thodes de v\u00e9rification des qualifications requises lors de l&#039;exploitation et de la maintenance des appareils techniques, les types d&#039;appareils techniques pour l&#039;exploitation et la maintenance desquels des qualifications sont requises, et contient \u00e9galement un mod\u00e8le de demande de v\u00e9rification des qualifications ainsi que des informations relatives \u00e0 ses inscriptions individuelles, les d\u00e9lais de notification aux personnes int\u00e9ress\u00e9es. Des informations relatives \u00e0 l&#039;examen \u00e0 recevoir sont \u00e9galement fournies <a href=\"https:\/\/kursy-udt.pl\/fr\/uprawnienia-udt\/kategorie-uprawnien-2\/\">Dipl\u00f4mes UDT<\/a> pour l&#039;exploitation et la maintenance des appareils techniques.<\/p>\n<p>&nbsp;<\/p>\n<p><em><strong>R\u00e8glement du ministre de l&#039;entrepreneuriat et de la technologie du 30 octobre 2018<\/strong> sur les conditions techniques du contr\u00f4le technique dans le domaine de l&#039;exploitation, de la r\u00e9paration et de la modernisation des engins de manutention (Journal officiel 2018, point 2176)<\/em><\/p>\n<p>Le r\u00e8glement contient des informations d\u00e9finissant les conditions de surveillance technique pour l'utilisation des \u00e9quipements de manutention tels que les treuils et palans, les grues, les transstockeurs et les ponts roulants, <a href=\"https:\/\/kursy-udt.pl\/fr\/szkolenia\/udt-wdt-tdt\/wyciagi-towarowe-kurs\/\">monte-charges<\/a>, escaliers m\u00e9caniques, installations pour personnes handicap\u00e9es, monte-charges de cabine et de plate-forme, escaliers et trottoirs roulants, ascenseurs, y compris ceux destin\u00e9s au transport de personnes, de marchandises, de petits et de <a href=\"https:\/\/kursy-udt.pl\/fr\/szkolenia\/udt-wdt-tdt\/operowanie-dzwigami\/\">grues de construction<\/a>, grues linotor, <a href=\"https:\/\/kursy-udt.pl\/fr\/szkolenia\/wozkiwidlowe\/\">chariots \u00e9l\u00e9vateurs<\/a>, des v\u00e9rins destin\u00e9s \u00e0 d\u00e9placer des charges non lin\u00e9aires et des dispositifs techniques de manipulation de conteneurs.<\/p>\n<p>&nbsp;<\/p>\n<p><em><strong>R\u00e8glement du ministre de l&#039;\u00e9conomie du 28 d\u00e9cembre 2001.<\/strong> sur les conditions techniques de contr\u00f4le technique \u00e0 remplir par les v\u00e9rins (Journal officiel n\u00b0 4, article 43).<\/em><\/p>\n<p>Le document d\u00e9finit les conditions techniques d\u00e9taill\u00e9es pour la r\u00e9alisation du contr\u00f4le technique pour la conception, la fabrication et le fonctionnement des v\u00e9rins \u00e0 commande manuelle et m\u00e9canique, \u00e9galement destin\u00e9s au d\u00e9placement rectiligne de charges verticalement avec l&#039;utilisation d&#039;un \u00e9l\u00e9ment rigide, avec utilisation partielle du syst\u00e8me de tension. Elle pr\u00e9cise \u00e9galement les \u00e9l\u00e9ments des v\u00e9rins dont le remplacement ne n\u00e9cessite pas l&#039;accord des services de contr\u00f4le technique, les coefficients de s\u00e9curit\u00e9 et les forces maximales d&#039;actionnement, les formules et les coefficients de calcul.<\/p>\n<\/div>\n<p>A lire aussi <a href=\"\/fr\/droits-de-ludt\/categories-dautorisations\/\">cat\u00e9gories de licences UDT<\/a>!<\/p>","protected":false},"excerpt":{"rendered":"<p>Ustawa z dnia 21 grudnia 2000 r. o dozorze technicznym (Dz.U. z 2013, poz. 963 z p\u00f3\u017an. zm.) Ustawa okre\u015bla zasady, formy oraz zakres wykonywania dozoru technicznego przez jednostki do tego w\u0142a\u015bciwe. Jest to jedna z podstawowych ustaw zwi\u0105zana z dzia\u0142alno\u015bci\u0105 Urz\u0119du Dozoru Technicznego, kt\u00f3ra w\u0142\u0105cza wszystkie informacje zwi\u0105zane z prowadzeniem prac w zakresie dozoru technicznego w Polsce, w tym procedur nadawania uprawnie\u0144 przez Urz\u0105d Dozoru Technicznego, dopuszczenia do eksploatacji urz\u0105dze\u0144 technicznych oraz ich projektowania wytwarzania, w tym wywarzania materia\u0142\u00f3w i element\u00f3w, napraw, modernizacji i obrotu. &nbsp; Rozporz\u0105dzenie Rady Ministr\u00f3w z dnia 7 grudnia 2012 r. w sprawie rodzaj\u00f3w urz\u0105dze\u0144 technicznych podlegaj\u0105cych dozorowi technicznemu (Dz. U. 2012 nr 0 poz. 1468), wydane na podstawie art. 5 ust. 2 ustawy o dozorze technicznym. Okre\u015bla ono typy urz\u0105dze\u0144, kt\u00f3re podlegaj\u0105 dozorowi technicznemu w Polsce. Rozporz\u0105dzenie okre\u015bla formy dozoru technicznego, rodzaje, terminy bada\u0144 technicznych oraz zakres bada\u0144 dla konkretnych urz\u0105dze\u0144 technicznych wykorzystywanych podczas prac, w tym urz\u0105dze\u0144 ci\u015bnieniowych, urz\u0105dze\u0144 transportu bliskiego, d\u017awignik\u00f3w, przeno\u015bnik\u00f3w kabinowych i krzese\u0142kowych, zbiornik\u00f3w bezci\u015bnieniowych i niskoci\u015bnieniowych przeznaczonych do magazynowania materia\u0142\u00f3w truj\u0105cych lub \u017cr\u0105cych oraz materia\u0142\u00f3w ciek\u0142ych zapalnych. &nbsp; Rozporz\u0105dzenie Ministra Gospodarki z dnia 18 lipca 2001 r. w sprawie trybu sprawdzania kwalifikacji wymaganych przy obs\u0142udze i konserwacji urz\u0105dze\u0144 technicznych (Dz.U. Nr 79, poz. 849), zmienione rozporz\u0105dzeniem z dnia 20 lutego 2003 r.(Dz. U. Nr 50, poz. 426), wydane na podstawie art. 23 ust. 5 ustawy o dozorze technicznym. Rozporz\u0105dzenie okre\u015bla tryby sprawdzania kwalifikacji, kt\u00f3re wymagane s\u0105 podczas obs\u0142ugi i konserwacji urz\u0105dze\u0144 technicznych, rodzaje urz\u0105dze\u0144 technicznych, do kt\u00f3rych obs\u0142ugi i konserwacji potrzebne jest posiadanie kwalifikacji, [&hellip;]<\/p>\n","protected":false},"author":1,"featured_media":0,"parent":2,"menu_order":0,"comment_status":"closed","ping_status":"closed","template":"","meta":{"sfsi_plus_gutenberg_text_before_share":"","sfsi_plus_gutenberg_show_text_before_share":"","sfsi_plus_gutenberg_icon_type":"","sfsi_plus_gutenberg_icon_alignemt":"","sfsi_plus_gutenburg_max_per_row":"","footnotes":""},"class_list":["post-71","page","type-page","status-publish","hentry","has_no_thumb"],"aioseo_notices":[],"_links":{"self":[{"href":"https:\/\/kursy-udt.pl\/fr\/wp-json\/wp\/v2\/pages\/71","targetHints":{"allow":["GET"]}}],"collection":[{"href":"https:\/\/kursy-udt.pl\/fr\/wp-json\/wp\/v2\/pages"}],"about":[{"href":"https:\/\/kursy-udt.pl\/fr\/wp-json\/wp\/v2\/types\/page"}],"author":[{"embeddable":true,"href":"https:\/\/kursy-udt.pl\/fr\/wp-json\/wp\/v2\/users\/1"}],"replies":[{"embeddable":true,"href":"https:\/\/kursy-udt.pl\/fr\/wp-json\/wp\/v2\/comments?post=71"}],"version-history":[{"count":10,"href":"https:\/\/kursy-udt.pl\/fr\/wp-json\/wp\/v2\/pages\/71\/revisions"}],"predecessor-version":[{"id":3413,"href":"https:\/\/kursy-udt.pl\/fr\/wp-json\/wp\/v2\/pages\/71\/revisions\/3413"}],"up":[{"embeddable":true,"href":"https:\/\/kursy-udt.pl\/fr\/wp-json\/wp\/v2\/pages\/2"}],"wp:attachment":[{"href":"https:\/\/kursy-udt.pl\/fr\/wp-json\/wp\/v2\/media?parent=71"}],"curies":[{"name":"wp","href":"https:\/\/api.w.org\/{rel}","templated":true}]}}