{"id":69,"date":"2014-02-12T13:45:46","date_gmt":"2014-02-12T13:45:46","guid":{"rendered":"http:\/\/kursy-udt.kwiaty0.pl\/?page_id=69"},"modified":"2019-12-17T16:32:35","modified_gmt":"2019-12-17T16:32:35","slug":"categories-dautorisations","status":"publish","type":"page","link":"https:\/\/kursy-udt.pl\/fr\/uprawnienia-udt\/kategorie-uprawnien\/","title":{"rendered":"Cat\u00e9gories d&#039;autorisation avant le 01\/06\/2019"},"content":{"rendered":"<div style=\"width: 60%; margin-left: 40px;\">\n<table border=\"2\" cellspacing=\"1\" cellpadding=\"1\">\n<tbody>\n<tr>\n<td><strong>Groupe<\/strong><\/td>\n<td><strong>Cat\u00e9gories<\/strong><\/td>\n<td><strong>La port\u00e9e de l&#039;autorisation<\/strong><\/td>\n<td><strong>Port\u00e9e d\u00e9taill\u00e9e<\/strong><\/td>\n<\/tr>\n<tr>\n<td rowspan=\"2\">\n<h2><a title=\"Tracteurs\" href=\"\/fr\/charpentiers\/\"><strong>Tracteurs<\/strong><\/a><\/h2>\n<\/td>\n<td>II S<\/td>\n<td><strong>Palans et treuils<\/strong> contr\u00f4l\u00e9<br \/>\ndu niveau de travail et des grues<br \/>\natelier fixe.<\/td>\n<td>- crochets \u00e0 usage g\u00e9n\u00e9ral,<br \/>\n- sp\u00e9cial:<\/p>\n<ul>\n<li>forger,<\/li>\n<li>durcissement,<\/li>\n<li>verser,<\/li>\n<li>grappiller,<\/li>\n<li>grappiller,<\/li>\n<li>autre.<\/li>\n<\/ul>\n<\/td>\n<\/tr>\n<tr>\n<td>\u00a0IW<\/td>\n<td>Palans et treuils contr\u00f4l\u00e9s<br \/>\ndepuis le plan de travail ou depuis la cabine<br \/>\net grues d&#039;atelier fixes<\/td>\n<td>- crochets \u00e0 usage g\u00e9n\u00e9ral,<br \/>\n- sp\u00e9cial:<\/p>\n<ul>\n<li>forger,<\/li>\n<li>durcissement,<\/li>\n<li>verser,<\/li>\n<li>grappiller,<\/li>\n<li>grappiller,<\/li>\n<li>autre.<\/li>\n<\/ul>\n<\/td>\n<\/tr>\n<tr>\n<td rowspan=\"2\">\n<h2><a title=\"Grues\" href=\"\/fr\/grues\/\"><strong>Grues<\/strong><\/a><\/h2>\n<\/td>\n<td>\u00a0II S.<\/td>\n<td><strong>Grues<\/strong>, palans et treuils command\u00e9s depuis le niveau de travail et grues fixes d&#039;atelier<\/td>\n<td>- crochets \u00e0 usage g\u00e9n\u00e9ral,<br \/>\n- sp\u00e9cial:<\/p>\n<ul>\n<li>conducteurs de pieux,<\/li>\n<li>de colonne,<\/li>\n<li>forger,<\/li>\n<li>pattes,<\/li>\n<li>les tiques,<\/li>\n<li>raidisseur,<\/li>\n<li>lot,<\/li>\n<li>durcissement,<\/li>\n<li>verser,<\/li>\n<li>grappiller,<\/li>\n<li>grappiller,<\/li>\n<li>traverser,<\/li>\n<li>autre.<\/li>\n<\/ul>\n<\/td>\n<\/tr>\n<tr>\n<td>\u00a0EST<\/td>\n<td>Grues, palans et treuils command\u00e9s depuis le niveau de travail ou depuis la cabine, et grues fixes d&#039;atelier<\/td>\n<td>- crochets \u00e0 usage g\u00e9n\u00e9ral,<br \/>\n- sp\u00e9cial:<\/p>\n<ul>\n<li>conducteurs de pieux,<\/li>\n<li>de colonne,<\/li>\n<li>forger,<\/li>\n<li>pattes,<\/li>\n<li>les tiques,<\/li>\n<li>raidisseur,<\/li>\n<li>lot,<\/li>\n<li>durcissement,<\/li>\n<li>verser,<\/li>\n<li>grappiller,<\/li>\n<li>grappiller,<\/li>\n<li>traverser,<\/li>\n<li>autre.<\/li>\n<\/ul>\n<\/td>\n<\/tr>\n<tr>\n<td rowspan=\"3\">\n<h2><a title=\"Grues\" href=\"\/fr\/grues-3\/\"><strong>Grues<\/strong><\/a><\/h2>\n<\/td>\n<td>\u00a0II \u017b<\/td>\n<td><strong>Grues<\/strong> :<\/p>\n<ul>\n<li>Stationnaire,<\/li>\n<li>transportable,<\/li>\n<li>portable<\/li>\n<li>auto-propuls\u00e9,<\/li>\n<\/ul>\n<\/td>\n<td>\n<ul>\n<li>Types d&#039;appareils, types d&#039;appareils,<br \/>\nlimite de capacit\u00e9.<\/li>\n<\/ul>\n<\/td>\n<\/tr>\n<tr>\n<td rowspan=\"2\">\u00a0Et \u017b<\/td>\n<td>\u00a0Grues\u00a0:<\/p>\n<ul>\n<li>tour et montage rapide.<\/li>\n<\/ul>\n<\/td>\n<td>Types d&#039;appareils\u00a0:<\/p>\n<ul>\n<li>construction<\/li>\n<li>autres, types d&#039;appareils,<br \/>\nlimite de capacit\u00e9.<\/li>\n<\/ul>\n<\/td>\n<\/tr>\n<tr>\n<td>\n<ul>\n<li>rail.<\/li>\n<\/ul>\n<\/td>\n<td>Types d&#039;appareils\u00a0:<\/p>\n<ul>\n<li>construction navale<\/li>\n<li>autre, limitation de capacit\u00e9. .<\/li>\n<\/ul>\n<\/td>\n<\/tr>\n<tr>\n<td rowspan=\"2\">\n<h2><a title=\"Plateformes mobiles\" href=\"\/fr\/entrainement\/plateformes-mobiles\/\"><strong>Plateformes mobiles<\/strong><\/a><\/h2>\n<\/td>\n<td>\u00a02\u00e8me P<\/td>\n<td><strong>Plateformes mobiles :<\/strong><\/p>\n<ul>\n<li>Stationnaire.<\/li>\n<li>t\u00eate de m\u00e2t,<\/li>\n<li>suspendu,<\/li>\n<\/ul>\n<\/td>\n<td><\/td>\n<\/tr>\n<tr>\n<td>IP<\/td>\n<td>Plateformes mobiles mobiles\u00a0:<\/p>\n<ul>\n<li>transportable.<\/li>\n<li>faible vitesse,<\/li>\n<li>mont\u00e9 sur v\u00e9hicule automoteur,<\/li>\n<\/ul>\n<\/td>\n<td><\/td>\n<\/tr>\n<tr>\n<td rowspan=\"2\">\n<h2><a title=\"Grues\" href=\"\/fr\/grues-2\/\"><strong>Grues<\/strong><\/a><\/h2>\n<\/td>\n<td>II D<\/td>\n<td><a href=\"https:\/\/kursy-udt.pl\/fr\/szkolenia\/udt-wdt-tdt\/operowanie-dzwigami\/\">Grues de chantier<\/a>:<\/p>\n<ul>\n<li>marchandises et passagers.<\/li>\n<li>biens et <a href=\"https:\/\/kursy-udt.pl\/fr\/szkolenia\/udt-wdt-tdt\/wyciagi-towarowe-kurs\/\">monte-charges<\/a> transportable et transportable,<\/li>\n<\/ul>\n<\/td>\n<td><\/td>\n<\/tr>\n<tr>\n<td>IDENTIFIANT<\/td>\n<td>Grues <strong>(ascenseurs)<\/strong> marchandises et passagers avec contr\u00f4le interne et h\u00f4pital.<\/td>\n<td><\/td>\n<\/tr>\n<tr>\n<td rowspan=\"3\">\n<h2><a title=\"Chariots \u00e9l\u00e9vateurs\" href=\"\/fr\/chariots-elevateurs\/\"><strong>Chariots \u00e9l\u00e9vateurs<\/strong><\/a><\/h2>\n<\/td>\n<td>III JOJ<\/td>\n<td><a href=\"https:\/\/kursy-udt.pl\/fr\/szkolenia\/wozkiwidlowe\/\">Chariots \u00e9l\u00e9vateurs<\/a> guid\u00e9 et t\u00e9l\u00e9command\u00e9<\/td>\n<td><\/td>\n<\/tr>\n<tr>\n<td>II JOJ<\/td>\n<td>Chariots \u00e9l\u00e9vateurs, \u00e0 l&#039;exclusion des chariots sp\u00e9cialis\u00e9s.<br \/>\n(<strong>chariots \u00e9l\u00e9vateurs<\/strong>)<\/td>\n<td><\/td>\n<\/tr>\n<tr>\n<td>Et WJO<\/td>\n<td>Chariots \u00e9l\u00e9vateurs, y compris sp\u00e9cialis\u00e9s<\/td>\n<td>\n<ul>\n<li>\u00e0 port\u00e9e variable (<strong>chargeurs t\u00e9lescopiques<\/strong>)<\/li>\n<li>avec un op\u00e9rateur soulev\u00e9 avec la charge,<\/li>\n<\/ul>\n<\/td>\n<\/tr>\n<tr>\n<td style=\"text-align: left;\">\n<h2><a title=\"Monte-charges\" href=\"\/fr\/ascenseurs-fret\/\"><strong>Monte-charges<\/strong><\/a><\/h2>\n<\/td>\n<td>\u00a0Et MAR<\/td>\n<td>D\u00e9clarations de marchandises\u00a0:<\/p>\n<ul>\n<li>transportable et transportable,<\/li>\n<li>Stationnaire,<\/li>\n<li>ascenseurs \u00e0 bateaux.<\/li>\n<\/ul>\n<\/td>\n<td><\/td>\n<\/tr>\n<tr>\n<td>\n<h2><a title=\"Grues \u00e0 c\u00e2ble\" href=\"\/fr\/grues-a-cable\/\"><strong>Grues \u00e0 c\u00e2ble<\/strong><\/a><\/h2>\n<\/td>\n<td>TERREAU<\/td>\n<td><\/td>\n<td><\/td>\n<\/tr>\n<tr>\n<td>\n<h2><a title=\"Transstockeurs\" href=\"\/fr\/gerbeurs\/\"><strong>Transstockeurs<\/strong><\/a><\/h2>\n<\/td>\n<td>UI<\/td>\n<td><\/td>\n<td><\/td>\n<\/tr>\n<tr>\n<td>\n<h2><a title=\"Mat\u00e9riel de manutention de conteneurs\" href=\"\/fr\/equipements-de-manutention-de-conteneurs\/\"><strong>D\u00e9m\u00e9nagement de conteneurs<\/strong><\/a><\/h2>\n<\/td>\n<td>CI<\/td>\n<td>Exploitation et maintenance d&#039;appareils pour le d\u00e9placement de conteneurs : m\u00e2t, porte-\u00e0-faux, portique<\/td>\n<td><\/td>\n<\/tr>\n<\/tbody>\n<\/table>\n<\/div>\n<p>&nbsp;<\/p>\n<div class=\"wyjustuj\">Plus d&#039;informations sur les cat\u00e9gories <a href=\"https:\/\/kursy-udt.pl\/fr\/uprawnienia-udt\/kategorie-uprawnien-2\/\">Dipl\u00f4mes UDT<\/a> peut \u00eatre lu sur le site officiel du Bureau de l&#039;inspection technique <a href=\"http:\/\/www.udt.gov.pl\" target=\"_blank\" rel=\"noopener noreferrer\">http:\/\/www.udt.gov.pl<\/a><\/div>","protected":false},"excerpt":{"rendered":"<p>Grupa Kategorie Zakres uprawnienia Szczeg\u00f3\u0142owy zakres Ci\u0119gniki II W Wci\u0105gniki i wci\u0105garki sterowane z poziomu roboczego oraz \u017curawie stacjonarne warsztatowe. &#8211; hakowe og\u00f3lnego przeznaczenia, &#8211; specjalne: kuzienne, hartownicze, lejnicze, chwytnikowe, chwytakowe, inne. \u00a0I W Wci\u0105gniki i wci\u0105garki sterowane z poziomu roboczego lub z kabiny oraz \u017curawie stacjonarne warsztatowe &#8211; hakowe og\u00f3lnego przeznaczenia, &#8211; specjalne: kuzienne, hartownicze, lejnicze, chwytnikowe, chwytakowe, inne. Suwnice \u00a0II S Suwnice, wci\u0105gniki i wci\u0105garki sterowane z poziomu roboczego oraz \u017curawie stacjonarne warsztatowe &#8211; hakowe og\u00f3lnego przeznaczenia, &#8211; specjalne: kafarowe, kolumnowe, kuzienne, \u0142apowe, kleszczowe, stryperowe, wsadowe, hartownicze, lejnicze, chwytnikowe, chwytakowe, trawersowe, inne. \u00a0I S Suwnice, wci\u0105gniki i wci\u0105garki sterowane z poziomu roboczego lub z kabiny oraz \u017curawie stacjonarne warsztatowe &#8211; hakowe og\u00f3lnego przeznaczenia, &#8211; specjalne: kafarowe, kolumnowe, kuzienne, \u0142apowe, kleszczowe, stryperowe, wsadowe, hartownicze, lejnicze, chwytnikowe, chwytakowe, trawersowe, inne. \u017burawie \u00a0II \u017b \u017burawie : stacjonarne, przewo\u017ane, przeno\u015bne samojezdne, Rodzaje urz\u0105dze\u0144, typy urz\u0105dze\u0144, ograniczenie ud\u017awigu. \u00a0I \u017b \u00a0\u017burawie: wie\u017cowe oraz szybkomontuj\u0105ce. Rodzaje urz\u0105dze\u0144: budowlane inne, typy urz\u0105dze\u0144, ograniczenie ud\u017awigu. szynowe. Rodzaje urz\u0105dze\u0144: stoczniowe inne, ograniczenie ud\u017awigu. . Podesty ruchome \u00a0II P Podesty ruchome: stacjonarne. masztowe, wisz\u0105ce, I P Podesty ruchome przejezdne: przewo\u017ane. wolnobie\u017cne, samojezdne montowane na poje\u017adzie, D\u017awigi II D D\u017awigi budowlane: towarowo-osobowe. towarowe oraz wyci\u0105gi towarowe przewo\u017ane i przeno\u015bne, I D D\u017awigi (windy) towarowo-osobowe ze sterowaniem wewn\u0119trznym i szpitalne. W\u00f3zki jezdniowe III WJO W\u00f3zki jezdniowe podno\u015bnikowe prowadzone i zdalnie sterowane II WJO W\u00f3zki jezdniowe podno\u015bnikowe z wy\u0142\u0105czeniem specjalizowanych. (w\u00f3zki wid\u0142owe) I WJO W\u00f3zki jezdniowe podno\u015bnikowe, w tym specjalizowane ze zmiennym wysi\u0119giem (\u0142adowarki teleskopowe) z operatorem podnoszonym wraz z \u0142adunkiem, Wyci\u0105gi towarowe \u00a0I WT Wyci\u0105gi [&hellip;]<\/p>\n","protected":false},"author":1,"featured_media":0,"parent":2,"menu_order":0,"comment_status":"closed","ping_status":"closed","template":"","meta":{"sfsi_plus_gutenberg_text_before_share":"","sfsi_plus_gutenberg_show_text_before_share":"","sfsi_plus_gutenberg_icon_type":"","sfsi_plus_gutenberg_icon_alignemt":"","sfsi_plus_gutenburg_max_per_row":"","footnotes":""},"class_list":["post-69","page","type-page","status-publish","hentry","has_no_thumb"],"aioseo_notices":[],"_links":{"self":[{"href":"https:\/\/kursy-udt.pl\/fr\/wp-json\/wp\/v2\/pages\/69","targetHints":{"allow":["GET"]}}],"collection":[{"href":"https:\/\/kursy-udt.pl\/fr\/wp-json\/wp\/v2\/pages"}],"about":[{"href":"https:\/\/kursy-udt.pl\/fr\/wp-json\/wp\/v2\/types\/page"}],"author":[{"embeddable":true,"href":"https:\/\/kursy-udt.pl\/fr\/wp-json\/wp\/v2\/users\/1"}],"replies":[{"embeddable":true,"href":"https:\/\/kursy-udt.pl\/fr\/wp-json\/wp\/v2\/comments?post=69"}],"version-history":[{"count":24,"href":"https:\/\/kursy-udt.pl\/fr\/wp-json\/wp\/v2\/pages\/69\/revisions"}],"predecessor-version":[{"id":2953,"href":"https:\/\/kursy-udt.pl\/fr\/wp-json\/wp\/v2\/pages\/69\/revisions\/2953"}],"up":[{"embeddable":true,"href":"https:\/\/kursy-udt.pl\/fr\/wp-json\/wp\/v2\/pages\/2"}],"wp:attachment":[{"href":"https:\/\/kursy-udt.pl\/fr\/wp-json\/wp\/v2\/media?parent=69"}],"curies":[{"name":"wp","href":"https:\/\/api.w.org\/{rel}","templated":true}]}}