{"id":67,"date":"2014-02-12T12:18:28","date_gmt":"2014-02-12T12:18:28","guid":{"rendered":"http:\/\/kursy-udt.kwiaty0.pl\/?page_id=67"},"modified":"2026-03-11T09:14:26","modified_gmt":"2026-03-11T08:14:26","slug":"contactez","status":"publish","type":"page","link":"https:\/\/kursy-udt.pl\/fr\/kontakt\/","title":{"rendered":"Contactez"},"content":{"rendered":"<p>Si vous avez des questions ou des doutes, veuillez les envoyer \u00e0 notre adresse e-mail ou appelez-nous - nos employ\u00e9s vous expliqueront toutes les complexit\u00e9s, y compris les d\u00e9tails de l&#039;offre avec les prix. Nous avons pr\u00e9par\u00e9 des r\u00e9ductions int\u00e9ressantes pour les grands groupes. Nous vous invitons \u00e0 profiter de nos services de formation, de conseil, de mise en \u0153uvre et d&#039;audit !<\/p>\n\n\n\n<p><a href=\"https:\/\/platformaedukacji.pl\/pluginfile.php\/10622\/block_html\/content\/KLAUZULA%20INFORMACYJNA_osoba%20fizyczna%20%281%29.docx\">CLAUSE D&#039;INFORMATION CONCERNANT LA PROTECTION DES DONNEES PERSONNELLES<\/a><\/p>\n\n\n\n<h2 class=\"wp-block-heading\">Branche principale:<\/h2>\n\n\n\n<div class=\"wp-block-columns is-layout-flex wp-container-core-columns-is-layout-9d6595d7 wp-block-columns-is-layout-flex\">\n<div class=\"wp-block-column is-layout-flow wp-block-column-is-layout-flow\" style=\"flex-basis:33.33%\">\n<p>ul. Warszawska 58C lok. 47<br>02-496 Varsovie<br>t\u00e9l. <a href=\"tel:+48222902909\">+48 22 290 29 09<\/a><br>T\u00e9l\u00e9phone mobile. <a href=\"tel:+48504010044\">+48 504 010 044<\/a><br><a href=\"mailto:biuro@kursy-udt.pl\">biuro@kursy-udt.pl<\/a><\/p>\n<\/div>\n\n\n\n<div class=\"wp-block-column is-layout-flow wp-block-column-is-layout-flow\" style=\"flex-basis:66.66%\">\n<p class=\"has-vivid-red-color has-text-color has-link-color has-small-font-size wp-elements-690b11da5e531778367a5d1290c629d0\"><strong>Les directions:<\/strong> L'agence principale d'ODK Ergon se trouve dans le centre commercial Galeria Gawra, \u00e0 l'adresse Ip. Local 47 (entr\u00e9e par l'arri\u00e8re, deuxi\u00e8me escalier). Pour nous trouver sans probl\u00e8me dans la navigation, tapez l'adresse : 1 rue Hermana. Il y a un parking pour les clients derri\u00e8re la galerie Gawra. Vous \u00eates les bienvenus !<\/p>\n<\/div>\n<\/div>\n\n\n\n<h2 class=\"wp-block-heading\">Bureaux ext\u00e9rieurs :<\/h2>\n\n\n\n<div class=\"wp-block-columns is-layout-flex wp-container-core-columns-is-layout-9d6595d7 wp-block-columns-is-layout-flex\">\n<div class=\"wp-block-column is-layout-flow wp-block-column-is-layout-flow\">\n<p><strong>Succursale de Bialystok<\/strong><\/p>\n\n\n\n<p>ul. Nouveau monde 9<br>15-453 Bialystok<\/p>\n<\/div>\n\n\n\n<div class=\"wp-block-column is-layout-flow wp-block-column-is-layout-flow\">\n<p><strong>Succursale de Bielsko Bia\u0142a<\/strong><\/p>\n\n\n\n<p>ul. Les d\u00e9fenseurs de W\u0119gierska G\u00f3rka<br>34-350 Wegierska Gorka<\/p>\n<\/div>\n\n\n\n<div class=\"wp-block-column is-layout-flow wp-block-column-is-layout-flow\">\n<p><strong>Succursale de Bydgoszcz<\/strong><\/p>\n\n\n\n<p>ul. Vieux-Port 13<br>85-068 Bydgoszcz<\/p>\n<\/div>\n<\/div>\n\n\n\n<div class=\"wp-block-columns is-layout-flex wp-container-core-columns-is-layout-9d6595d7 wp-block-columns-is-layout-flex\">\n<div class=\"wp-block-column is-layout-flow wp-block-column-is-layout-flow\">\n<p><strong>Succursale de Gda\u0144sk<\/strong><\/p>\n\n\n\n<p>ul. Ko\u0142obrzeska 45<br>80-391 Gdansk<\/p>\n<\/div>\n\n\n\n<div class=\"wp-block-column is-layout-flow wp-block-column-is-layout-flow\">\n<p><strong>Succursale de Gdynia<\/strong><\/p>\n\n\n\n<p>ul. Zbo\u017cowa 7<br>81-020 Gdynia<\/p>\n<\/div>\n\n\n\n<div class=\"wp-block-column is-layout-flow wp-block-column-is-layout-flow\">\n<p><strong>Succursale de Katowice (Sil\u00e9sie)<\/strong><\/p>\n\n\n\n<p>ul. Kijowska 51<br>40-754 Katowice<\/p>\n<\/div>\n<\/div>\n\n\n\n<div class=\"wp-block-columns is-layout-flex wp-container-core-columns-is-layout-9d6595d7 wp-block-columns-is-layout-flex\">\n<div class=\"wp-block-column is-layout-flow wp-block-column-is-layout-flow\">\n<p><strong>Succursale de Cracovie (Petite Pologne)<\/strong><\/p>\n\n\n\n<p>ul. Lepkowskiego 9\/23<br>31-423 Cracovie<\/p>\n\n\n\n<p>ul. Wielicka 223<br>30-663 Cracovie<\/p>\n<\/div>\n\n\n\n<div class=\"wp-block-column is-layout-flow wp-block-column-is-layout-flow\">\n<p><strong>Succursale de Lublin<\/strong><\/p>\n\n\n\n<p>ul. Moins de 10<br>20-080 Lublin<\/p>\n<\/div>\n\n\n\n<div class=\"wp-block-column is-layout-flow wp-block-column-is-layout-flow\">\n<p><strong>Succursale de \u0141\u00f3d\u017a<\/strong><\/p>\n\n\n\n<p>ul. Piotrowska 121<br>62-061 Lodz<\/p>\n<\/div>\n<\/div>\n\n\n\n<div class=\"wp-block-columns is-layout-flex wp-container-core-columns-is-layout-9d6595d7 wp-block-columns-is-layout-flex\">\n<div class=\"wp-block-column is-layout-flow wp-block-column-is-layout-flow\">\n<p><strong>Succursale de Pozna\u0144<\/strong><\/p>\n\n\n\n<p>ul. Sienkiewicza 20<br>60-818 Poznan<\/p>\n<\/div>\n\n\n\n<div class=\"wp-block-column is-layout-flow wp-block-column-is-layout-flow\">\n<p><strong>Succursale de Szczecin<\/strong><\/p>\n\n\n\n<p>ul. Rugia\u0144ska 71<br>71-653 Szczecin<\/p>\n<\/div>\n\n\n\n<div class=\"wp-block-column is-layout-flow wp-block-column-is-layout-flow\">\n<p><strong>Succursale de Wroc\u0142aw<\/strong><\/p>\n\n\n\n<p>ul. Partnicka 32<br>53-031 Wroc\u0142aw<\/p>\n<\/div>\n<\/div>\n\n\n\n<h2 class=\"wp-block-heading\">Voyez comment nous trouver!<\/h2>\n\n\n<div style=\"clear: both;\">\n<p><iframe loading=\"lazy\" style=\"border: 0;\" tabindex=\"0\" src=\"https:\/\/www.google.com\/maps\/embed?pb=!1m18!1m12!1m3!1d2445.6361523312135!2d20.86082481579534!3d52.19548607975403!2m3!1f0!2f0!3f0!3m2!1i1024!2i768!4f13.1!3m3!1m2!1s0x0%3A0xce46a642befe48f3!2sO%C5%9Brodek%20Szkoleniowy%20UDT!5e0!3m2!1spl!2spl!4v1606734646065!5m2!1spl!2spl\" width=\"600\" height=\"700\" frameborder=\"0\" allowfullscreen=\"allowfullscreen\" aria-hidden=\"false\"><\/iframe><\/p>\n<\/div>\n\n\n<p><\/p>","protected":false},"excerpt":{"rendered":"<p>Si vous avez des questions ou des doutes, envoyez-les \u00e0 notre adresse \u00e9lectronique ou appelez-nous - notre personnel vous expliquera toutes les subtilit\u00e9s, y compris les d\u00e9tails de l'offre avec les prix. Nous avons pr\u00e9par\u00e9 des r\u00e9ductions int\u00e9ressantes pour les groupes plus importants. Nous vous invitons \u00e0 profiter de nos services de formation, de conseil, de mise en \u0153uvre et d'audit ! CLAUSE D'INFORMATION SUR LA PROTECTION DES DONN\u00c9ES PERSONNELLES Si\u00e8ge social : ul. Warszawska 58C lok. 4702-496 Warszawatel. +48 22 290 29 09tel kom. +48 504 010 044biuro@kursy-udt.pl Comment se rendre au bureau : L'agence principale d'ODK Ergon est situ\u00e9e dans le centre commercial Galeria Gawra sur Ip. Local 47 (entr\u00e9e par l'arri\u00e8re, deuxi\u00e8me escalier). Pour nous trouver sans probl\u00e8me dans la navigation, entrez l'adresse : 1 rue Hermana. Il y a un parking pour les clients derri\u00e8re la galerie Gawra. Vous \u00eates les bienvenus ! Succursales : Succursale de Bia\u0142ystok Succursale de Nowy \u015awiat 915-453 Succursale de Bia\u0142ystok Succursale de Bielsko Bia\u0142a Succursale d'Obro\u0144c\u00f3w W\u0119gierskiej G\u00f3rki34-350 Wegierska G\u00f3rka Succursale de Bydgoszcz Succursale de Stary Port 1385-068 Succursale de Bydgoszcz Gda\u0144sk Succursale de Ko\u0142obrzeska 4580-391 Gda\u0144sk Succursale de Gdynia Succursale de Zbo\u017cowa 781-020 Succursale de Gdynia Succursale de Katowice (\u015al\u0105sk) ul. Kijowska 5140-754 Succursale de Katowice Succursale de Cracovie (Ma\u0142opolska) ul. Lepkowskiego 9\/2331-423 Krak\u00f3w ul. Wielicka 22330-663 Krak\u00f3w Branch Lublin ul. Nieca\u0142a 1020-080 Lublin Branch \u0141\u00f3d\u017a ul. Piotrowska 12162-061 \u0141\u00f3d\u017a Branch Pozna\u0144 ul. Sienkiewicza 2060-818 Pozna\u0144 Branch Szczecin ul. Rugia\u0144ska 7171-653 Szczecin Branch Wroc\u0142aw ul. Partynicka 3253-031 Wroc\u0142aw Voir comment nous joindre !<\/p>","protected":false},"author":1,"featured_media":0,"parent":0,"menu_order":5,"comment_status":"closed","ping_status":"closed","template":"","meta":{"sfsi_plus_gutenberg_text_before_share":"","sfsi_plus_gutenberg_show_text_before_share":"","sfsi_plus_gutenberg_icon_type":"","sfsi_plus_gutenberg_icon_alignemt":"","sfsi_plus_gutenburg_max_per_row":"","footnotes":""},"class_list":["post-67","page","type-page","status-publish","hentry","has_no_thumb"],"aioseo_notices":[],"_links":{"self":[{"href":"https:\/\/kursy-udt.pl\/fr\/wp-json\/wp\/v2\/pages\/67","targetHints":{"allow":["GET"]}}],"collection":[{"href":"https:\/\/kursy-udt.pl\/fr\/wp-json\/wp\/v2\/pages"}],"about":[{"href":"https:\/\/kursy-udt.pl\/fr\/wp-json\/wp\/v2\/types\/page"}],"author":[{"embeddable":true,"href":"https:\/\/kursy-udt.pl\/fr\/wp-json\/wp\/v2\/users\/1"}],"replies":[{"embeddable":true,"href":"https:\/\/kursy-udt.pl\/fr\/wp-json\/wp\/v2\/comments?post=67"}],"version-history":[{"count":24,"href":"https:\/\/kursy-udt.pl\/fr\/wp-json\/wp\/v2\/pages\/67\/revisions"}],"predecessor-version":[{"id":6247,"href":"https:\/\/kursy-udt.pl\/fr\/wp-json\/wp\/v2\/pages\/67\/revisions\/6247"}],"wp:attachment":[{"href":"https:\/\/kursy-udt.pl\/fr\/wp-json\/wp\/v2\/media?parent=67"}],"curies":[{"name":"wp","href":"https:\/\/api.w.org\/{rel}","templated":true}]}}