{"id":65,"date":"2014-02-12T12:17:15","date_gmt":"2014-02-12T12:17:15","guid":{"rendered":"http:\/\/kursy-udt.kwiaty0.pl\/?page_id=65"},"modified":"2025-08-02T00:18:46","modified_gmt":"2025-08-01T22:18:46","slug":"entrainement","status":"publish","type":"page","link":"https:\/\/kursy-udt.pl\/fr\/szkolenia\/","title":{"rendered":"Formation ERGON"},"content":{"rendered":"<style>\n.oneimage {<br \/>\n\tfloat: left;<br \/>\n\tmargin-right: 20px;<br \/>\n\twidth: 30%;<br \/>\n        padding-bottom:10px;<br \/>\n}<br \/>\n@media (max-width: 800px){<br \/>\n   .oneimage {<br \/>\n\twidth: 100%;<br \/>\n   }<br \/>\n   .oneimage > div {<br \/>\n        width: 60%;<br \/>\n        margin: 0 auto;<br \/>\n   }<br \/>\n}<br \/>\n<\/style>\n<div class=\"wyjustuj\">\n<h3>Exemples d&#039;appareils pour lesquels nous organisons des cours et des examens.<\/h3>\n<div style=\"text-align: center; font-size: 85%; line-height: 100%;\">\n<div class=\"oneimage\"><a href=\"\/fr\/entrainement\/plateformes-mobiles\/\"><img decoding=\"async\" src=\"\/wp-content\/uploads\/2014\/04\/05-podesty-ruchome.jpeg\" alt=\"formations udt Warszawa entreprise ergon\" \/><\/a><\/p>\n<div><strong>Plateformes mobiles bas d\u00e9bit<\/strong><br \/>\nla dite plates-formes, \u00e9l\u00e9vateurs \u00e0 ciseaux, plates-formes de travail - cat\u00e9gorie IP<\/div>\n<\/div>\n<div class=\"oneimage\"><a href=\"\/fr\/entrainement\/plateformes-mobiles\/\"><img decoding=\"async\" src=\"\/wp-content\/uploads\/2014\/04\/08-fotogr.jpeg\" alt=\"cours pour les plateformes mobiles\" \/><\/a><\/p>\n<div><strong>Plateformes mobiles bas d\u00e9bit<\/strong><br \/>\nla dite nacelles articul\u00e9es et t\u00e9lescopiques - cat\u00e9gorie IP<\/div>\n<\/div>\n<div class=\"oneimage\"><a href=\"\/fr\/entrainement\/plateformes-mobiles\/\"><img decoding=\"async\" src=\"\/wp-content\/uploads\/2014\/04\/podest-ruchomy-samojezdny.jpg\" alt=\"plateformes mobiles Varsovie\" \/><\/a><\/p>\n<div><strong>Plates-formes mobiles automotrices<\/strong><br \/>\nla dite nacelles \u00e9l\u00e9vatrices mont\u00e9es sur v\u00e9hicule - cat\u00e9gorie IP<\/div>\n<\/div>\n<div class=\"oneimage\"><a href=\"\/fr\/entrainement\/cours-de-telescopage\/\"><img decoding=\"async\" src=\"\/wp-content\/uploads\/2014\/04\/ladowarka-teleskopowa.jpg\" alt=\"cours de chariot \u00e9l\u00e9vateur ergon\" \/><\/a><\/p>\n<div><strong>Chargeurs t\u00e9lescopiques<\/strong><br \/>\navec chat \u00e0 port\u00e9e variable - IWJO<\/div>\n<\/div>\n<div class=\"oneimage\"><a href=\"\/fr\/entrainement\/chariots-elevateurs-2\/\"><img decoding=\"async\" src=\"\/wp-content\/uploads\/2014\/03\/wozki-widlowe-4.jpeg\" alt=\"cours d&#039;op\u00e9rateur de chariot \u00e9l\u00e9vateur ergon\" \/><\/a><\/p>\n<div><strong>Chariots \u00e9l\u00e9vateurs<\/strong><br \/>\nv\u00e9rins de levage, les soi-disant cat chariots \u00e9l\u00e9vateurs - IIWJO<\/div>\n<\/div>\n<div class=\"oneimage\"><a href=\"\/fr\/entrainement\/chariots-elevateurs-2\/\"><img decoding=\"async\" src=\"\/wp-content\/uploads\/2014\/04\/wozki-jezdniowe-unoszace.jpg\" alt=\"formation ergonomique\" \/><\/a><\/p>\n<div><strong>Chariots \u00e9l\u00e9vateurs<\/strong><br \/>\nlever le soi-disant chat d&#039;atterrissage - IIIWJO<\/div>\n<\/div>\n<\/div>\n<h3 style=\"margin: 17px; clear: both;\">Formations UDT Ergon<\/h3>\n<p>Le Centre ERGON pour l'am\u00e9lioration des ressources humaines propose des cours de formation professionnelle UDT donnant droit \u00e0 des autorisations du Bureau d'inspection technique. Nos cours UDT s'adressent aux clients qui recherchent un soutien complet pour am\u00e9liorer leurs propres comp\u00e9tences et celles de leurs employ\u00e9s aux postes de travail pour lesquels des autorisations UDT sont requises. Nous coop\u00e9rons en permanence avec l'UDT - les formations sont toujours dispens\u00e9es conform\u00e9ment aux exigences les plus r\u00e9centes.<\/p>\n<div style=\"float: right; padding-left: 10px;\"><img decoding=\"async\" src=\"\/wp-content\/uploads\/2014\/09\/podesty.jpeg\" alt=\"\" \/><\/div>\n<p>Nous proposons des cours UDT \u00e0 des prix attractifs en fonction du nombre de participants. Chaque classe est dirig\u00e9e par des sp\u00e9cialistes qualifi\u00e9s, avec l&#039;utilisation d&#039;installations de formation modernes, et met l&#039;accent sur les parties th\u00e9oriques et pratiques. Gr\u00e2ce \u00e0 cela, les formations UDT r\u00e9alis\u00e9es par notre Centre de Formation du Personnel se distinguent par la meilleure efficacit\u00e9 et sont souvent recommand\u00e9es. Nous proposons des formations UDT ouvertes et ferm\u00e9es. Surtout pour que l&#039;offre puisse \u00eatre adapt\u00e9e au profil de l&#039;entreprise.<\/p>\n<p>Notre offre comprend, entre autres, les cours suivants pour les licences du Bureau de l&#039;Inspection Technique :<\/p>\n<ul>\n<li>grues command\u00e9es depuis la cabine et depuis le niveau de travail<\/li>\n<li>treuils depuis la cabine et le niveau de travail<\/li>\n<li>monte-charges et monte-charges avec service<\/li>\n<li>grues \u00e0 tour, sur rail et portatives (HDS)<\/li>\n<li>chariots \u00e9l\u00e9vateurs, y compris chariots \u00e9l\u00e9vateurs et chariots sp\u00e9cialis\u00e9s, incl. chargeurs t\u00e9lescopiques \u00e0 port\u00e9e variable<\/li>\n<li>et un cours pour les plateformes mobiles<\/li>\n<\/ul>\n<p>De plus, nous proposons \u00e9galement un cours ADR et une formation pour un diagnosticien automobile, des qualifications TDT et un service UNO.<\/p>\n<p>De plus, nous proposons des cours pour les chariots \u00e9l\u00e9vateurs et les licences de levage \u00e0 crochet. Dans notre Centre, le cours de conducteur de chariot \u00e9l\u00e9vateur se d\u00e9roule avec et sans les autorisations du Bureau de l&#039;Inspection Technique.<\/p>\n<p>Nous vous invitons \u00e0 vous inscrire aux cours du Centre de Formation du Personnel ERGON !<\/p>\n<\/div>","protected":false},"excerpt":{"rendered":"<p>Przyk\u0142adowe urz\u0105dzenia na kt\u00f3re organizujemy kursy i egzaminy. Podesty ruchome wolnobie\u017cne tzw. zwy\u017cki podno\u015bniki no\u017cycowe platformy robocze \u2013 kat. IP Podesty ruchome wolnobie\u017cne tzw. podno\u015bniki koszowe, przegubowe teleskopowe \u2013 kat. IP Podesty ruchome samojezdne tzw. podno\u015bniki koszowe montowane na pojazdach \u2013 kat. IP \u0141adowarki teleskopowe ze zmiennym wysi\u0119giem kat. &#8211; IWJO W\u00f3zki jezdniowe podno\u015bnikowe tzw. wid\u0142owe kat. \u2013 IIWJO W\u00f3zki jezdniowe unosz\u0105ce tzw. podestowe kat. \u2013 IIIWJO Szkolenia UDT Ergon W O\u015brodku Doskonalenia Kadr ERGON realizujemy profesjonalne szkolenia UDT daj\u0105ce uprawnienia Urz\u0119du Dozoru Technicznego. Nasze kursy UDT skierowane s\u0105 do klient\u00f3w poszukuj\u0105cych kompleksowego wsparcia w podnoszeniu kompetencji swoich oraz swoich pracownik\u00f3w na stanowiskach pracy, na kt\u00f3rych wymagane s\u0105 uprawnienia UDT. Stale wsp\u00f3\u0142pracujemy z UDT \u2013 szkolenia prowadzone s\u0105 przez ca\u0142y czas zgodnie z najnowszymi wymaganiami. Oferujemy kursy UDT w zach\u0119caj\u0105cych cenach uzale\u017cnionych od liczby ich uczestnik\u00f3w. Ka\u017cde zaj\u0119cia prowadzone s\u0105 przez wykwalifikowanych specjalist\u00f3w, z wykorzystaniem nowoczesnego zaplecza szkoleniowego i k\u0142adzie nacisk zar\u00f3wno na cz\u0119\u015b\u0107 teoretyczn\u0105, jak i praktyczn\u0105. Dzi\u0119ki temu szkolenia UDT realizowane przez nasz O\u015brodek Doskonalenia Kadr wyr\u00f3\u017cniaj\u0105 si\u0119 najlepsz\u0105 skuteczno\u015bci\u0105 i s\u0105 cz\u0119sto rekomendowane. Realizujemy szkolenia UDT zar\u00f3wno jako otwarte, jak i zamkni\u0119te. Specjalnie dla Oferta mo\u017ce by\u0107 dostosowana do profilu firmy. W naszej ofercie znajd\u0105 Pastwo mi\u0119dzy innymi nast\u0119puj\u0105ce kursy na uprawnienia Urz\u0119du Dozoru Technicznego: suwnice sterowane z kabiny i z poziomu roboczego wyci\u0105garki z poziomu kabiny i poziomu roboczego d\u017awigi towarowe i budowlane z obs\u0142ug\u0105 \u017curawie wie\u017cowe, szynowe i przeno\u015bne (HDS) w\u00f3zki wid\u0142owe, w tym jezdniowe podno\u015bnikowe i specjalizowane m.in. \u0142adowarki teleskopowe ze zmiennym wysi\u0119giem oraz kurs na podesty ruchome Ponadto [&hellip;]<\/p>\n","protected":false},"author":1,"featured_media":0,"parent":0,"menu_order":1,"comment_status":"closed","ping_status":"closed","template":"","meta":{"sfsi_plus_gutenberg_text_before_share":"","sfsi_plus_gutenberg_show_text_before_share":"","sfsi_plus_gutenberg_icon_type":"","sfsi_plus_gutenberg_icon_alignemt":"","sfsi_plus_gutenburg_max_per_row":"","footnotes":""},"class_list":["post-65","page","type-page","status-publish","hentry","has_thumb"],"aioseo_notices":[],"_links":{"self":[{"href":"https:\/\/kursy-udt.pl\/fr\/wp-json\/wp\/v2\/pages\/65","targetHints":{"allow":["GET"]}}],"collection":[{"href":"https:\/\/kursy-udt.pl\/fr\/wp-json\/wp\/v2\/pages"}],"about":[{"href":"https:\/\/kursy-udt.pl\/fr\/wp-json\/wp\/v2\/types\/page"}],"author":[{"embeddable":true,"href":"https:\/\/kursy-udt.pl\/fr\/wp-json\/wp\/v2\/users\/1"}],"replies":[{"embeddable":true,"href":"https:\/\/kursy-udt.pl\/fr\/wp-json\/wp\/v2\/comments?post=65"}],"version-history":[{"count":25,"href":"https:\/\/kursy-udt.pl\/fr\/wp-json\/wp\/v2\/pages\/65\/revisions"}],"predecessor-version":[{"id":6194,"href":"https:\/\/kursy-udt.pl\/fr\/wp-json\/wp\/v2\/pages\/65\/revisions\/6194"}],"wp:attachment":[{"href":"https:\/\/kursy-udt.pl\/fr\/wp-json\/wp\/v2\/media?parent=65"}],"curies":[{"name":"wp","href":"https:\/\/api.w.org\/{rel}","templated":true}]}}