{"id":62,"date":"2014-02-10T19:52:54","date_gmt":"2014-02-10T19:52:54","guid":{"rendered":"http:\/\/kursy-udt.kwiaty0.pl\/?page_id=62"},"modified":"2025-06-04T12:13:27","modified_gmt":"2025-06-04T10:13:27","slug":"a-propos-de-lentreprise-2","status":"publish","type":"page","link":"https:\/\/kursy-udt.pl\/fr\/o-firmie\/","title":{"rendered":"\u00c0 propos de la soci\u00e9t\u00e9"},"content":{"rendered":"<div style=\"float: left; padding-right: 10px;\"><div id=\"metaslider-id-636\" style=\"max-width: 200px;\" class=\"ml-slider-3-108-0 metaslider metaslider-flex metaslider-636 ml-slider ms-theme-default nav-hidden\" role=\"region\" aria-label=\"\u00e0 propos de l&#039;entreprise-vente\" data-height=\"150\" data-width=\"200\">\n    <div id=\"metaslider_container_636\">\n        <div id=\"metaslider_636\" class=\"flexslider\">\n            <ul class='slides'>\n                <li style=\"display: block; width: 100%;\" class=\"slide-651 ms-image\" aria-roledescription=\"slide\" data-date=\"2014-04-13 12:21:19\" data-filename=\"01-sale-szkoleniowe1.jpeg\" data-slide-type=\"image\"><img loading=\"lazy\" decoding=\"async\" src=\"https:\/\/kursy-udt.pl\/wp-content\/uploads\/2014\/04\/01-sale-szkoleniowe1.jpeg\" height=\"150\" width=\"200\" alt=\"\" class=\"slider-636 slide-651 msDefaultImage\" \/><\/li>\n                <li style=\"display: none; width: 100%;\" class=\"slide-652 ms-image\" aria-roledescription=\"slide\" data-date=\"2014-04-13 12:21:19\" data-filename=\"02-sala-szkoleniowa1.jpeg\" data-slide-type=\"image\"><img loading=\"lazy\" decoding=\"async\" src=\"https:\/\/kursy-udt.pl\/wp-content\/uploads\/2014\/04\/02-sala-szkoleniowa1.jpeg\" height=\"150\" width=\"200\" alt=\"\" class=\"slider-636 slide-652 msDefaultImage\" \/><\/li>\n                <li style=\"display: none; width: 100%;\" class=\"slide-653 ms-image\" aria-roledescription=\"slide\" data-date=\"2014-04-13 12:21:21\" data-filename=\"03-sala-szkolenia-udt1.jpeg\" data-slide-type=\"image\"><img loading=\"lazy\" decoding=\"async\" src=\"https:\/\/kursy-udt.pl\/wp-content\/uploads\/2014\/04\/03-sala-szkolenia-udt1.jpeg\" height=\"150\" width=\"200\" alt=\"\" class=\"slider-636 slide-653 msDefaultImage\" \/><\/li>\n            <\/ul>\n        <\/div>\n        \n    <\/div>\n<\/div><\/div>\n<div class=\"wyjustuj\">\n<p>Le Centre ERGON pour l'am\u00e9lioration des ressources humaines a plus de 15 ans d'exp\u00e9rience dans l'organisation de cours de formation destin\u00e9s \u00e0 diff\u00e9rents groupes professionnels. Notre sp\u00e9cialit\u00e9 est la formation pour l'UDT, IP, <a href=\"https:\/\/kursy-udt.pl\/fr\/szkolenia\/bhp-bezpieczenstwo-pracy\/prawna-ochrona-pracy\/\">Sant\u00e9 et s\u00e9curit\u00e9<\/a>Nous organisons ces formations avec notre \u00e9quipe de conf\u00e9renciers qui poss\u00e8dent une connaissance et une exp\u00e9rience approfondies de la profession. Nous faisons partie de la soci\u00e9t\u00e9 ERGON Occupational Safety Consultancy Company, qui fournit des services de conseil et de supervision en mati\u00e8re de sant\u00e9 et de s\u00e9curit\u00e9 au travail depuis plus de 20 ans.<\/p>\n<p>Nous nous concentrons sur la pr\u00e9paration des formations et des examens pour les op\u00e9rateurs d&#039;engins de manutention, les salari\u00e9s exploitant et surveillant les \u00e9quipements et r\u00e9seaux d&#039;\u00e9nergie, ainsi que les formations obligatoires en mati\u00e8re d&#039;hygi\u00e8ne et de s\u00e9curit\u00e9 et de protection incendie. En particulier, nous sommes sp\u00e9cialis\u00e9s dans la mise en \u0153uvre de cours UDT. Chacun de nos cours UDT est professionnel et gr\u00e2ce \u00e0 lui, ses participants peuvent obtenir ceux qui sont n\u00e9cessaires <a href=\"https:\/\/kursy-udt.pl\/fr\/uprawnienia-udt\/kategorie-uprawnien-2\/\">Dipl\u00f4mes UDT<\/a> pour les postes s\u00e9lectionn\u00e9s.<\/p>\n<div style=\"float: right; padding-left: 10px;\"><div id=\"metaslider-id-644\" style=\"max-width: 200px;\" class=\"ml-slider-3-108-0 metaslider metaslider-flex metaslider-644 ml-slider ms-theme-default nav-hidden nav-hidden\" role=\"region\" aria-label=\"\u00e0 propos de l&#039;entreprise-vente2\" data-height=\"150\" data-width=\"200\">\n    <div id=\"metaslider_container_644\">\n        <div id=\"metaslider_644\" class=\"flexslider\">\n            <ul class='slides'>\n                <li style=\"display: block; width: 100%;\" class=\"slide-648 ms-image\" aria-roledescription=\"slide\" data-date=\"2014-04-13 12:20:45\" data-filename=\"04-uprawnienia-udt-sale2.jpeg\" data-slide-type=\"image\"><img loading=\"lazy\" decoding=\"async\" src=\"https:\/\/kursy-udt.pl\/wp-content\/uploads\/2014\/04\/04-uprawnienia-udt-sale2.jpeg\" height=\"150\" width=\"200\" alt=\"\" class=\"slider-644 slide-648 msDefaultImage\" \/><\/li>\n                <li style=\"display: none; width: 100%;\" class=\"slide-649 ms-image\" aria-roledescription=\"slide\" data-date=\"2014-04-13 12:20:45\" data-filename=\"05-foto-szkolenia2.jpeg\" data-slide-type=\"image\"><img loading=\"lazy\" decoding=\"async\" src=\"https:\/\/kursy-udt.pl\/wp-content\/uploads\/2014\/04\/05-foto-szkolenia2.jpeg\" height=\"150\" width=\"200\" alt=\"\" class=\"slider-644 slide-649 msDefaultImage\" \/><\/li>\n                <li style=\"display: none; width: 100%;\" class=\"slide-650 ms-image\" aria-roledescription=\"slide\" data-date=\"2014-04-13 12:20:46\" data-filename=\"06-pic-ergon-warszawa2.jpeg\" data-slide-type=\"image\"><img loading=\"lazy\" decoding=\"async\" src=\"https:\/\/kursy-udt.pl\/wp-content\/uploads\/2014\/04\/06-pic-ergon-warszawa2.jpeg\" height=\"150\" width=\"200\" alt=\"\" class=\"slider-644 slide-650 msDefaultImage\" \/><\/li>\n            <\/ul>\n        <\/div>\n        \n    <\/div>\n<\/div><\/div>\n<p>Nous organisons, entre autres, des cours sur les chariots \u00e9l\u00e9vateurs \u00e0 fourche. Ce cours sur les chariots \u00e9l\u00e9vateurs \u00e0 fourche est l'une de nos offres les plus populaires, appr\u00e9ci\u00e9e et salu\u00e9e par les participants. Le cours sur les chariots \u00e9l\u00e9vateurs \u00e0 fourche que nous proposons se d\u00e9roule dans le cadre et en dehors du cadre de l'UDT. En outre, nous proposons, entre autres, des formations pour les grues orientables, les treuils, les grues de diff\u00e9rents types, les grues de marchandises et de construction, ainsi qu'un cours pour les plateformes mobiles. Chez nous, vous pouvez obtenir des qualifications pour les nacelles \u00e9l\u00e9vatrices de cat\u00e9gorie I P et II P. Nous pouvons \u00e9galement proposer des cours de conducteur de chariot \u00e9l\u00e9vateur et nos autres cours sous forme de cours ferm\u00e9s et personnalis\u00e9s.<\/p>\n<p>Notre offre comprend \u00e9galement :<\/p>\n<ul>\n<li>droits <a href=\"https:\/\/kursy-udt.pl\/fr\/szkolenia\/sep-uprawnienia-do-1kv\/g1\/\">G1<\/a>, G2, <a href=\"https:\/\/kursy-udt.pl\/fr\/szkolenia\/sep-uprawnienia-do-1kv\/g3\/\">G3<\/a><\/li>\n<li>Pouvoirs HDS<\/li>\n<li>Formation SST et s\u00e9curit\u00e9 incendie<\/li>\n<li>Cours ADR<\/li>\n<li>Dipl\u00f4mes TDT<\/li>\n<\/ul>\n<p>Nous nous distinguons par la meilleure efficacit\u00e9 et fiabilit\u00e9. Le 98% de nos participants \u00e0 la formation nous recommanderait certainement \u00e0 d&#039;autres. Nous nous concentrons sur le d\u00e9veloppement constant, l&#039;\u00e9largissement de notre personnel et nos connaissances et comp\u00e9tences. Nous op\u00e9rons principalement dans la vo\u00efvodie de Mazovie, mais nous sommes \u00e9galement en mesure d&#039;atteindre des clients dans toute la Pologne.<\/p>\n<p>Le Centre de Formation du Personnel ERGON est enregistr\u00e9 sous le num\u00e9ro 699\/K\/95r. au registre des \u00e9coles et \u00e9tablissements non publics de la capitale De Varsovie en tant qu&#039;\u00e9tablissement d&#039;enseignement non public menant des activit\u00e9s de formation.<\/p>\n<p>Nous vous invitons \u00e0 profiter de <a href=\"\/fr\/entrainement\/\">Nos services<\/a>,<br \/>\nL&#039;\u00e9quipe ODK ERGON<\/p>\n<\/div>","protected":false},"excerpt":{"rendered":"<p>O\u015brodek Doskonalenia Kadr ERGON to przesz\u0142o 15-letnie do\u015bwiadczenie w organizacji szkole\u0144 przeznaczonych dla r\u00f3\u017cnych grup zawodowych. Nasza specjalno\u015b\u0107 to szkolenia UDT, IP, BHP, PPO\u017b, pierwszej pomocy, kt\u00f3re prowadzimy wraz z naszym gronem wyk\u0142adowc\u00f3w dysponuj\u0105cych szerok\u0105 wiedz\u0105 i do\u015bwiadczeniem w zawodzie. Dzia\u0142amy jako cz\u0119\u015b\u0107 Zak\u0142adu Doradztwa Bezpiecze\u0144stwa Pracy ERGON, kt\u00f3ry od ponad 20 lat \u015bwiadczy us\u0142ugi doradztwa i nadzoru BHP. Skupiamy si\u0119 na przygotowywaniu szkole\u0144 i egzamin\u00f3w przeznaczonych dla operator\u00f3w sprz\u0119t\u00f3w transportu bliskiego, pracownik\u00f3w eksploatuj\u0105cych i dozoruj\u0105cych urz\u0105dzenia i sieci energetycznych, tak\u017ce szkoleniach obowi\u0105zkowych BHP i PPO\u017b. W szczeg\u00f3lno\u015bci specjalizujemy si\u0119 w realizacji kurs\u00f3w UDT. Ka\u017cdy nasz kurs UDT jest profesjonalny i dzi\u0119ki niemu jego uczestnicy mog\u0105 zdoby\u0107 potrzebne uprawnienia UDT na wybrane stanowiska. Prowadzimy mi\u0119dzy innymi kursy na w\u00f3zki wid\u0142owe. To kurs w\u00f3zka wid\u0142owego jest jedn\u0105 z naszych najpopularniejszych propozycji, doceniana i chwalon\u0105 przez uczestnik\u00f3w. Dost\u0119pny u nas kurs na w\u00f3zki wid\u0142owe prowadzony jest w ramach UDT i poza nimi. Dodatkowo oferujemy m.in. szkolenia na suwnice sterowane, wyci\u0105garki, \u017curawie r\u00f3\u017cnych typ\u00f3w, d\u017awigi towarowe i budowlane, tak\u017ce kurs na podesty ruchome. Z nami mo\u017cna uzyska\u0107 uprawnienia na podno\u015bnik koszowy kat. I P i II P. R\u00f3wnie\u017c mo\u017cemy zrealizowa\u0107 kurs operatora w\u00f3zka wid\u0142owego i inne nasze kursy tak\u017ce jako zamkni\u0119te, indywidualnie dopasowane do potrzeb klienta. Nasza oferta obejmuje r\u00f3wnie\u017c: uprawnienia G1, G2, G3 uprawnienia HDS szkolenia BHP i Ppo\u017c kurs ADR uprawnienia TDT Wyr\u00f3\u017cniamy si\u0119 najlepsz\u0105 skuteczno\u015bci\u0105 i rzetelno\u015bci\u0105. 98% uczestnik\u00f3w naszych szkole\u0144 zdecydowanie poleci\u0142oby nas innym. Stawiamy na sta\u0142y rozw\u00f3j, poszerzaj\u0105c kadry i swoj\u0105 wiedz\u0119 i umiej\u0119tno\u015bci. G\u0142\u00f3wnie dzia\u0142amy na terenie wojew\u00f3dztwa mazowieckiego, ale tak\u017ce jeste\u015bmy [&hellip;]<\/p>\n","protected":false},"author":1,"featured_media":0,"parent":0,"menu_order":0,"comment_status":"closed","ping_status":"closed","template":"","meta":{"sfsi_plus_gutenberg_text_before_share":"","sfsi_plus_gutenberg_show_text_before_share":"","sfsi_plus_gutenberg_icon_type":"","sfsi_plus_gutenberg_icon_alignemt":"","sfsi_plus_gutenburg_max_per_row":"","footnotes":""},"class_list":["post-62","page","type-page","status-publish","hentry","has_no_thumb"],"aioseo_notices":[],"_links":{"self":[{"href":"https:\/\/kursy-udt.pl\/fr\/wp-json\/wp\/v2\/pages\/62","targetHints":{"allow":["GET"]}}],"collection":[{"href":"https:\/\/kursy-udt.pl\/fr\/wp-json\/wp\/v2\/pages"}],"about":[{"href":"https:\/\/kursy-udt.pl\/fr\/wp-json\/wp\/v2\/types\/page"}],"author":[{"embeddable":true,"href":"https:\/\/kursy-udt.pl\/fr\/wp-json\/wp\/v2\/users\/1"}],"replies":[{"embeddable":true,"href":"https:\/\/kursy-udt.pl\/fr\/wp-json\/wp\/v2\/comments?post=62"}],"version-history":[{"count":42,"href":"https:\/\/kursy-udt.pl\/fr\/wp-json\/wp\/v2\/pages\/62\/revisions"}],"predecessor-version":[{"id":3821,"href":"https:\/\/kursy-udt.pl\/fr\/wp-json\/wp\/v2\/pages\/62\/revisions\/3821"}],"wp:attachment":[{"href":"https:\/\/kursy-udt.pl\/fr\/wp-json\/wp\/v2\/media?parent=62"}],"curies":[{"name":"wp","href":"https:\/\/api.w.org\/{rel}","templated":true}]}}