{"id":5959,"date":"2023-06-07T11:47:06","date_gmt":"2023-06-07T09:47:06","guid":{"rendered":"https:\/\/kursy-udt.pl\/?page_id=5959"},"modified":"2023-06-07T11:47:07","modified_gmt":"2023-06-07T09:47:07","slug":"envisagez-vous-de-suivre-une-formation-pour-devenir-compresseur","status":"publish","type":"page","link":"https:\/\/kursy-udt.pl\/fr\/rozwazasz-zrobienie-szkolenia-na-sprezarke\/","title":{"rendered":"Envisagez-vous de suivre une formation de compresseur ?"},"content":{"rendered":"<h2 class=\"wp-block-heading\">Cours sur le fonctionnement des compresseurs<\/h2>\n\n\n\n<p>ERGON propose un cours sur l'utilisation des compresseurs. Avec notre entreprise, vous apprendrez \u00e0 utiliser un compresseur de mani\u00e8re s\u00fbre et efficace. Sous la conduite de notre personnel de formation, vous pourrez acqu\u00e9rir le savoir-faire n\u00e9cessaire \u00e0 l'exploitation et \u00e0 l'entretien de tout type de syst\u00e8me d'air coupl\u00e9.&nbsp;<\/p>\n\n\n\n<h2 class=\"wp-block-heading\">Pourquoi avons-nous besoin d'un permis de compresseur ?&nbsp;<\/h2>\n\n\n<div class=\"wp-block-image\">\n<figure class=\"alignleft size-large is-resized\"><a href=\"https:\/\/kursy-udt.pl\/wp-content\/uploads\/2023\/05\/s2-2023-05-17T134147.057.jpg\"><img loading=\"lazy\" decoding=\"async\" src=\"https:\/\/kursy-udt.pl\/wp-content\/uploads\/2023\/05\/s2-2023-05-17T134147.057-1024x684.jpg\" alt=\"compresseur industriel\" class=\"wp-image-5960\" width=\"512\" height=\"342\" srcset=\"https:\/\/kursy-udt.pl\/wp-content\/uploads\/2023\/05\/s2-2023-05-17T134147.057-1024x684.jpg 1024w, https:\/\/kursy-udt.pl\/wp-content\/uploads\/2023\/05\/s2-2023-05-17T134147.057-300x200.jpg 300w, https:\/\/kursy-udt.pl\/wp-content\/uploads\/2023\/05\/s2-2023-05-17T134147.057-768x513.jpg 768w, https:\/\/kursy-udt.pl\/wp-content\/uploads\/2023\/05\/s2-2023-05-17T134147.057-1536x1025.jpg 1536w, https:\/\/kursy-udt.pl\/wp-content\/uploads\/2023\/05\/s2-2023-05-17T134147.057-18x12.jpg 18w, https:\/\/kursy-udt.pl\/wp-content\/uploads\/2023\/05\/s2-2023-05-17T134147.057-624x417.jpg 624w, https:\/\/kursy-udt.pl\/wp-content\/uploads\/2023\/05\/s2-2023-05-17T134147.057.jpg 1600w\" sizes=\"auto, (max-width: 512px) 100vw, 512px\" \/><\/a><\/figure>\n<\/div>\n\n\n<p>Les compresseurs, les buses d'aspiration, les soufflantes et autres syst\u00e8mes d'air comprim\u00e9 sont des appareils dont le champ d'application est tr\u00e8s large. On trouve des compresseurs sp\u00e9cialis\u00e9s dans pratiquement tous les ateliers automobiles. Les compresseurs n'ont pas seulement leur place dans l'atelier du m\u00e9canicien, on les trouve pratiquement partout o\u00f9 l'on a besoin d'air comprim\u00e9. Les syst\u00e8mes d'air comprim\u00e9 sont \u00e9galement utilis\u00e9s pour la peinture sous pression ou l'utilisation d'outils pneumatiques.&nbsp;&nbsp;<\/p>\n\n\n\n<p>Dans tous ces cas, un installateur et un mainteneur de syst\u00e8mes d'air comprim\u00e9 trouvera son emploi. Il vaut donc la peine d'envisager une formation \u00e0 la licence de compresseur.&nbsp;<\/p>\n\n\n\n<h2 class=\"wp-block-heading\">\u00c0 quoi ressemble un cours sur les compresseurs ?&nbsp;<\/h2>\n\n\n\n<p>En Pologne, les compresseurs font partie des \u00e9quipements soumis au contr\u00f4le technique. Cela signifie que pour les utiliser, il est n\u00e9cessaire d'avoir la qualification correspondante, qui est accord\u00e9e par le Bureau de l'inspection technique. Pour obtenir cette qualification, vous devez d'abord suivre un cours et r\u00e9ussir un examen final devant une commission de l'UDT.&nbsp;<\/p>\n\n\n\n<p>La formation sur les compresseurs se compose de deux parties - th\u00e9orique et pratique. Dans la partie th\u00e9orique, les stagiaires re\u00e7oivent des informations sous forme de conf\u00e9rences sur l'utilisation et l'entretien de la machine en toute s\u00e9curit\u00e9. Les sujets abord\u00e9s dans la formation ERGON sur les compresseurs sont les suivants :&nbsp;&nbsp;<\/p>\n\n\n\n<ul class=\"wp-block-list\">\n<li>Actes l\u00e9gislatifs r\u00e9gissant l'exploitation et l'entretien des syst\u00e8mes d'air coupl\u00e9,&nbsp;<\/li>\n\n\n\n<li>Types de compresseurs et principes de fonctionnement,&nbsp;<\/li>\n\n\n\n<li>D\u00e9marrage et arr\u00eat du travail avec le compresseur,&nbsp;<\/li>\n\n\n\n<li>Tenue des dossiers techniques pour l'entretien des compresseurs,&nbsp;<\/li>\n\n\n\n<li>Exigences relatives aux r\u00e9cipients sous pression dans le cadre des r\u00e9glementations de l'UDT,&nbsp;<\/li>\n\n\n\n<li>Contr\u00f4le de la capacit\u00e9 du compresseur,&nbsp;<\/li>\n\n\n\n<li>Contr\u00f4le automatique de la pression,&nbsp;<\/li>\n\n\n\n<li>R\u00e9glementation en mati\u00e8re de sant\u00e9 et de s\u00e9curit\u00e9.&nbsp;<\/li>\n<\/ul>\n\n\n\n<p>Ensuite, dans la partie pratique, les stagiaires peuvent mettre en pratique les connaissances acquises dans un environnement contr\u00f4l\u00e9. Ils ont ainsi l'occasion de se familiariser avec les sp\u00e9cifications du compresseur et l'\u00e9quipement n\u00e9cessaire pour l'entretenir correctement. Dans le cadre de ses formations, ERGON met \u00e0 la disposition de tous les stagiaires un \u00e9quipement sp\u00e9cialement adapt\u00e9 \u00e0 ce type d'exercice. Cela permet aux personnes qui suivent les cours de notre entreprise de se pr\u00e9senter \u00e0 l'examen final avec la certitude de le r\u00e9ussir.&nbsp;<\/p>\n\n\n<div class=\"wp-block-image\">\n<figure class=\"alignright size-large is-resized\"><a href=\"https:\/\/kursy-udt.pl\/wp-content\/uploads\/2023\/05\/screen_2x-2023-05-17T134126.930.jpg\"><img loading=\"lazy\" decoding=\"async\" src=\"https:\/\/kursy-udt.pl\/wp-content\/uploads\/2023\/05\/screen_2x-2023-05-17T134126.930-1024x683.jpg\" alt=\"op\u00e9rateur de compresseur\" class=\"wp-image-5961\" width=\"512\" height=\"342\" srcset=\"https:\/\/kursy-udt.pl\/wp-content\/uploads\/2023\/05\/screen_2x-2023-05-17T134126.930-1024x683.jpg 1024w, https:\/\/kursy-udt.pl\/wp-content\/uploads\/2023\/05\/screen_2x-2023-05-17T134126.930-300x200.jpg 300w, https:\/\/kursy-udt.pl\/wp-content\/uploads\/2023\/05\/screen_2x-2023-05-17T134126.930-768x512.jpg 768w, https:\/\/kursy-udt.pl\/wp-content\/uploads\/2023\/05\/screen_2x-2023-05-17T134126.930-1536x1024.jpg 1536w, https:\/\/kursy-udt.pl\/wp-content\/uploads\/2023\/05\/screen_2x-2023-05-17T134126.930-18x12.jpg 18w, https:\/\/kursy-udt.pl\/wp-content\/uploads\/2023\/05\/screen_2x-2023-05-17T134126.930-624x416.jpg 624w, https:\/\/kursy-udt.pl\/wp-content\/uploads\/2023\/05\/screen_2x-2023-05-17T134126.930.jpg 1600w\" sizes=\"auto, (max-width: 512px) 100vw, 512px\" \/><\/a><\/figure>\n<\/div>\n\n\n<p>L'examen, tout comme le cours sur les compresseurs, se compose d'une partie th\u00e9orique et d'une partie pratique. Dans la partie th\u00e9orique, les stagiaires doivent r\u00e9pondre \u00e0 une s\u00e9rie de questions ouvertes et ferm\u00e9es confirmant leur connaissance des principes d'utilisation s\u00fbre des compresseurs. Ensuite, dans la partie pratique, ceux qui r\u00e9ussissent l'examen doivent ex\u00e9cuter correctement un certain nombre d'activit\u00e9s li\u00e9es \u00e0 l'entretien et au fonctionnement du syst\u00e8me d'air comprim\u00e9 devant une commission d\u00e9sign\u00e9e par l'UDT. Les personnes qui r\u00e9ussissent les deux parties de l'examen re\u00e7oivent une licence de compresseur.&nbsp;<\/p>\n\n\n\n<p>La date d'expiration des qualifications de compresseur d\u00e9livr\u00e9es par l'UDT est de cinq ans. Apr\u00e8s cette p\u00e9riode, vous devez repasser l'examen avec un r\u00e9sultat positif pour renouveler votre licence.&nbsp;&nbsp;<\/p>\n\n\n\n<h2 class=\"wp-block-heading\">Quelle est la dur\u00e9e de la formation sur les compresseurs ?&nbsp;<\/h2>\n\n\n\n<p>La dur\u00e9e d'un cours de compresseur d\u00e9pend d'un certain nombre de facteurs. Le facteur le plus important est le niveau d'exp\u00e9rience de chaque stagiaire. Notre entreprise propose des cours sur les compresseurs aussi bien aux personnes sans exp\u00e9rience qu'\u00e0 celles qui souhaitent simplement rafra\u00eechir les qualifications qu'elles ont acquises. Dans le cas des d\u00e9butants, la dur\u00e9e du cours peut atteindre plusieurs dizaines d'heures. Pour les personnes qui renouvellent un permis d\u00e9j\u00e0 acquis, ERGOB propose des cours express, d'une dur\u00e9e d'une journ\u00e9e, qui se terminent le m\u00eame jour par un examen.&nbsp;<\/p>\n\n\n\n<p>Les dates des cours \u00e0 ERGON sont \u00e9galement variables. Dans le cas des cours ouverts, ils ont lieu r\u00e9guli\u00e8rement tout au long de l'ann\u00e9e. Pour ceux qui souhaitent v\u00e9rifier les dates des cours ouverts, veuillez consulter notre site web.&nbsp;<\/p>\n\n\n\n<p>Outre les formations classiques dispens\u00e9es en semaine, notre entreprise propose \u00e9galement une gamme de cours dispens\u00e9s \u00e0 d'autres moments, tels que les cours du week-end ou du soir, sp\u00e9cialement con\u00e7us pour les personnes qui travaillent ou \u00e9tudient pendant la journ\u00e9e. Avec les cours d'ERGON, chacun peut am\u00e9liorer ses comp\u00e9tences professionnelles.&nbsp;<\/p>\n\n\n<div class=\"wp-block-image\">\n<figure class=\"alignright size-large is-resized\"><a href=\"https:\/\/kursy-udt.pl\/wp-content\/uploads\/2023\/05\/s2-2023-05-17T134100.455.jpg\"><img loading=\"lazy\" decoding=\"async\" src=\"https:\/\/kursy-udt.pl\/wp-content\/uploads\/2023\/05\/s2-2023-05-17T134100.455-1024x684.jpg\" alt=\"compresseur en fonctionnement\" class=\"wp-image-5962\" width=\"512\" height=\"342\" srcset=\"https:\/\/kursy-udt.pl\/wp-content\/uploads\/2023\/05\/s2-2023-05-17T134100.455-1024x684.jpg 1024w, https:\/\/kursy-udt.pl\/wp-content\/uploads\/2023\/05\/s2-2023-05-17T134100.455-300x200.jpg 300w, https:\/\/kursy-udt.pl\/wp-content\/uploads\/2023\/05\/s2-2023-05-17T134100.455-768x513.jpg 768w, https:\/\/kursy-udt.pl\/wp-content\/uploads\/2023\/05\/s2-2023-05-17T134100.455-1536x1025.jpg 1536w, https:\/\/kursy-udt.pl\/wp-content\/uploads\/2023\/05\/s2-2023-05-17T134100.455-18x12.jpg 18w, https:\/\/kursy-udt.pl\/wp-content\/uploads\/2023\/05\/s2-2023-05-17T134100.455-624x417.jpg 624w, https:\/\/kursy-udt.pl\/wp-content\/uploads\/2023\/05\/s2-2023-05-17T134100.455.jpg 1600w\" sizes=\"auto, (max-width: 512px) 100vw, 512px\" \/><\/a><\/figure>\n<\/div>\n\n\n<h2 class=\"wp-block-heading\">O\u00f9 se d\u00e9roulent les cours pour compresseurs ?&nbsp;<\/h2>\n\n\n\n<p>ERGON est bas\u00e9 \u00e0 Varsovie. C'est l\u00e0 que se d\u00e9roulent les cours sur les compresseurs. Cependant, notre soci\u00e9t\u00e9 poss\u00e8de des succursales dans toute la Pologne, et nos formateurs peuvent se rendre chez des clients individuels pour les former.&nbsp;&nbsp;<\/p>\n\n\n\n<p>La partie th\u00e9orique du cours peut \u00e9galement se d\u00e9rouler via la plateforme d'apprentissage en ligne d'ERGON. Pour certains cours, il est possible de mener l'ensemble de la formation, y compris l'examen, \u00e0 distance. Pour plus d'informations, veuillez consulter notre site web.&nbsp;<\/p>\n\n\n\n<h2 class=\"wp-block-heading\">Qui peut suivre le cours sur les compresseurs ?&nbsp;<\/h2>\n\n\n\n<p>Pratiquement tout le monde peut participer \u00e0 la formation sur les compresseurs propos\u00e9e par ERGON. Il suffit de remplir un certain nombre de conditions de base :&nbsp;<\/p>\n\n\n\n<ul class=\"wp-block-list\">\n<li>18 ans ou plus&nbsp;<\/li>\n\n\n\n<li>Au moins l'enseignement primaire&nbsp;<\/li>\n\n\n\n<li>Pas de contre-indication m\u00e9dicale \u00e0 travailler avec des syst\u00e8mes d'air comprim\u00e9&nbsp;<\/li>\n<\/ul>\n\n\n\n<p>Notre soci\u00e9t\u00e9 propose \u00e0 la fois des cours ouverts \u00e0 tous et des cours priv\u00e9s, destin\u00e9s aux entreprises d\u00e9sireuses d'\u00e9largir les comp\u00e9tences professionnelles de leurs employ\u00e9s.&nbsp;<\/p>\n\n\n\n<p>Pour les cours ouverts, le prix et la dur\u00e9e d\u00e9pendent du niveau et de la dur\u00e9e du cours. Si vous souhaitez vous inscrire \u00e0 un cours \u00e0 compresseur ouvert \u00e0 ERGON, nous vous encourageons \u00e0 consulter le calendrier sur notre site web.&nbsp;<\/p>\n\n\n\n<p>Si vous souhaitez inscrire les employ\u00e9s de votre entreprise \u00e0 un cours de formation sur les compresseurs, veuillez contacter nos consultants. Le prix ou la dur\u00e9e du cours d\u00e9pend de nombreux d\u00e9tails tels que le nombre de stagiaires ou le lieu du cours, les prix pour les entreprises utilisant nos services sont toujours calcul\u00e9s individuellement. En outre, les entreprises qui s'engagent dans une coop\u00e9ration \u00e0 long terme avec ERGON peuvent b\u00e9n\u00e9ficier de tarifs pr\u00e9f\u00e9rentiels.&nbsp;<\/p>","protected":false},"excerpt":{"rendered":"<p>Kurs z obs\u0142ugi spr\u0119\u017carki Firma ERGON oferuje kurs w zakresie obs\u0142ugi spr\u0119\u017carki. Dzi\u0119ki naszej firmie dowiesz si\u0119 jak w bezpieczny i sprawny spos\u00f3b obs\u0142ugiwa\u0107 spr\u0119\u017cark\u0119. Pod okiem naszej kadry szkoleniowej mo\u017cesz naby\u0107 widz\u0119 dotycz\u0105c\u0105 eksploatacji i konserwacji instalacji sprz\u0119\u017conego powietrza ka\u017cdego rodzaju.&nbsp; Dlaczego potrzebujemy pozwolenia na spr\u0119\u017cark\u0119?&nbsp; Spr\u0119\u017carki, kompresory, ssawy, dmuchawy i inne instalacje sprz\u0119\u017conego powietrza to urz\u0105dzenia o bardzo szerokim zastosowaniu. Specjalistyczne kompresory znale\u017a\u0107 mo\u017cna praktycznie w ka\u017cdym warsztacie samochodowym. Kompresory maj\u0105 swoje miejsce nie tylko u mechanika, mo\u017cna je znale\u017a\u0107 zasadniczo wsz\u0119dzie tam, gdzie potrzebne jest spr\u0119\u017cone powietrze. Instalacje powietrza spr\u0119\u017conego stosuje si\u0119 tak\u017ce w malowaniu ci\u015bnieniowym czy przy obs\u0142udze jakichkolwiek narz\u0119dzi pneumatycznych.&nbsp;&nbsp; We wszystkich tych przypadkach swoj\u0105 prac\u0119 znajdzie instalator i konserwator instalacji spr\u0119\u017conego powietrza. Dlatego te\u017c warto rozwa\u017cy\u0107 zrobienie kursu nadaj\u0105cego pozwolenia na spr\u0119\u017cark\u0119.&nbsp; Jak wygl\u0105da kurs na spr\u0119\u017cark\u0119?&nbsp; Spr\u0119\u017carki zaliczaj\u0105 si\u0119 w Polsce do urz\u0105dze\u0144 obj\u0119tych dozorem technicznym. Znaczy to, \u017ce do ich obs\u0142ugi nale\u017cy posiada\u0107 odpowiednie uprawnienia, nadawane przez Urz\u0105d Dozoru Technicznego. Aby zdoby\u0107 odpowiednie kwalifikacje, nale\u017cy najpierw zaliczy\u0107 kurs i uko\u0144czy\u0107 z pozytywnym wynikiem egzamin ko\u0144cowy przed komisj\u0105 UDT.&nbsp; Szkolenie na spr\u0119\u017cark\u0119 sk\u0142ada si\u0119 z dw\u00f3ch cz\u0119\u015bci \u2013 teoretycznej oraz praktycznej. W cz\u0119\u015bci teoretycznej kursanci otrzymuj\u0105 w formie wyk\u0142ad\u00f3w informacje dotycz\u0105ce bezpiecznej eksploatacji i prowadzenia konserwacji urz\u0105dzenia. Tematy poruszane na kursie na spr\u0119\u017cark\u0119 w firmie ERGON to m. in.:&nbsp;&nbsp; Nast\u0119pnie w cz\u0119\u015bci praktycznej kursanci mog\u0105 prze\u0107wiczy\u0107 nabyt\u0105 wiedz\u0119 w kontrolowanym \u015brodowisku. Osoby bior\u0105ce udzia\u0142 w szkoleniu maj\u0105 tutaj okazj\u0119 zapozna\u0107 si\u0119 ze specyfikacjami spr\u0119\u017carki i sprz\u0119tu potrzebnego do jej odpowiedniej konserwacji. W ramach swoich szkole\u0144, firma ERGON zapewnia [&hellip;]<\/p>\n","protected":false},"author":6,"featured_media":5960,"parent":0,"menu_order":0,"comment_status":"closed","ping_status":"closed","template":"","meta":{"sfsi_plus_gutenberg_text_before_share":"","sfsi_plus_gutenberg_show_text_before_share":"","sfsi_plus_gutenberg_icon_type":"","sfsi_plus_gutenberg_icon_alignemt":"","sfsi_plus_gutenburg_max_per_row":"","footnotes":""},"class_list":["post-5959","page","type-page","status-publish","has-post-thumbnail","hentry","has_thumb"],"aioseo_notices":[],"_links":{"self":[{"href":"https:\/\/kursy-udt.pl\/fr\/wp-json\/wp\/v2\/pages\/5959","targetHints":{"allow":["GET"]}}],"collection":[{"href":"https:\/\/kursy-udt.pl\/fr\/wp-json\/wp\/v2\/pages"}],"about":[{"href":"https:\/\/kursy-udt.pl\/fr\/wp-json\/wp\/v2\/types\/page"}],"author":[{"embeddable":true,"href":"https:\/\/kursy-udt.pl\/fr\/wp-json\/wp\/v2\/users\/6"}],"replies":[{"embeddable":true,"href":"https:\/\/kursy-udt.pl\/fr\/wp-json\/wp\/v2\/comments?post=5959"}],"version-history":[{"count":2,"href":"https:\/\/kursy-udt.pl\/fr\/wp-json\/wp\/v2\/pages\/5959\/revisions"}],"predecessor-version":[{"id":6073,"href":"https:\/\/kursy-udt.pl\/fr\/wp-json\/wp\/v2\/pages\/5959\/revisions\/6073"}],"wp:featuredmedia":[{"embeddable":true,"href":"https:\/\/kursy-udt.pl\/fr\/wp-json\/wp\/v2\/media\/5960"}],"wp:attachment":[{"href":"https:\/\/kursy-udt.pl\/fr\/wp-json\/wp\/v2\/media?parent=5959"}],"curies":[{"name":"wp","href":"https:\/\/api.w.org\/{rel}","templated":true}]}}