{"id":56,"date":"2014-02-10T17:20:30","date_gmt":"2014-02-10T17:20:30","guid":{"rendered":"http:\/\/kursy-udt.kwiaty0.pl\/?page_id=56"},"modified":"2016-01-21T19:32:16","modified_gmt":"2016-01-21T19:32:16","slug":"chariots-elevateurs","status":"publish","type":"page","link":"https:\/\/kursy-udt.pl\/fr\/wozki-jezdniowe-podnosnikowe\/","title":{"rendered":"Chariots \u00e9l\u00e9vateurs"},"content":{"rendered":"<div style=\"float:left; padding-right:10px;\"><img decoding=\"async\" src=\"\/wp-content\/uploads\/2014\/03\/wozki-widlowe-3.jpeg\" alt=\"Chariots \u00e9l\u00e9vateurs\"><\/div>\n<div class=\"wyjustuj\">Nous vous invitons au cours \u00e0 <a href=\"https:\/\/kursy-udt.pl\/fr\/szkolenia\/wozkiwidlowe\/\">chariots \u00e9l\u00e9vateurs<\/a> au Centre de Formation du Personnel ERGON ! Les participants \u00e0 nos formations apprennent toujours \u00e0 conna\u00eetre les chariots \u00e9l\u00e9vateurs de mani\u00e8re approfondie - les qualifications chez nous sont donc tr\u00e8s faciles \u00e0 obtenir. Tous nos cours de chariots \u00e9l\u00e9vateurs sont bas\u00e9s sur l&#039;exp\u00e9rience de nos conf\u00e9renciers et instructeurs qualifi\u00e9s et sur les derni\u00e8res r\u00e9glementations l\u00e9gales. Les cours sont dispens\u00e9s \u00e0 tous les niveaux, vous pouvez donc obtenir les licences I, II, III WJO pour exploiter tout type d&#039;\u00e9quipement. <\/p>\n<p>Formation pour chariots \u00e9l\u00e9vateurs en <a href=\"https:\/\/kursy-udt.pl\/fr\/o-firmie\/\">Centre ERGON<\/a> est divis\u00e9 en une partie th\u00e9orique et une partie pratique. La partie th\u00e9orique couvre les informations relatives aux principes de construction et de fonctionnement de l'\u00e9quipement et \u00e0 son utilisation en toute s\u00e9curit\u00e9 conform\u00e9ment \u00e0 la r\u00e9glementation. <a href=\"https:\/\/kursy-udt.pl\/fr\/szkolenia\/bhp-bezpieczenstwo-pracy\/prawna-ochrona-pracy\/\">Sant\u00e9 et s\u00e9curit\u00e9<\/a> et l'UDT. Dans la partie pratique, les participants apprennent \u00e0 man\u0153uvrer l'\u00e9quipement et \u00e0 effectuer divers travaux. A la fin de la formation, il est possible de passer l'examen UDT et d'obtenir les autorisations. Comme nos formations sont toujours compl\u00e8tes et ax\u00e9es sur les r\u00e9sultats, l'obtention des autorisations est grandement facilit\u00e9e !<\/p>\n<p><strong>Application<\/strong><br \/>\nChariots \u00e9l\u00e9vateurs ou autres <span class=\"linkwartykule\"><a href=\"\/fr\/entrainement\/chariots-elevateurs-2\/\">chariots \u00e9l\u00e9vateurs<\/a><\/span> sont des appareils de manutention qui ont une large gamme d&#039;applications. Ils sont utilis\u00e9s pour transporter des marchandises principalement sur des palettes en bois dans les entrep\u00f4ts, les halls de production, les magasins et les ports. <\/p>\n<p>La r\u00e9partition des bogies se fait selon les cat\u00e9gories <a href=\"https:\/\/kursy-udt.pl\/fr\/uprawnienia-udt\/kategorie-uprawnien-2\/\">Dipl\u00f4mes UDT<\/a>. En leur sein, nous distinguons les appareils avec diff\u00e9rents types d&#039;entra\u00eenements, notamment: les entra\u00eenements \u00e9lectriques, \u00e0 batterie, \u00e0 essence et diesel. En termes d&#039;exploitation, on distingue les chariots \u00e9l\u00e9vateurs, les chariots \u00e9l\u00e9vateurs, les tracteurs, les chargeurs et les chariots sp\u00e9ciaux. En termes de m\u00e9thode de direction, les appareils sont divis\u00e9s en guid\u00e9s, \u00e0 plate-forme, t\u00e9l\u00e9command\u00e9s et \u00e9quip\u00e9s d&#039;un si\u00e8ge. <\/p>\n<p><strong>Types d&#039;autorisations<\/strong><br \/>\nL&#039;UDT distingue 3 cat\u00e9gories d&#039;habilitations n\u00e9cessaires \u00e0 l&#039;exploitation de ces appareils :<\/p>\n<ul>\n<li>\n<strong>Cat\u00e9gorie I WJO\u00a0:<\/strong><br \/>\n- chariots \u00e9l\u00e9vateurs<br \/>\n- chariots \u00e9l\u00e9vateurs sp\u00e9cialis\u00e9s - \u00e0 op\u00e9rateur lev\u00e9 avec chargement et \u00e0 port\u00e9e variable\n<\/li>\n<li>\n<strong>Cat\u00e9gorie II WJO\u00a0:<\/strong><br \/>\n- chariots \u00e9l\u00e9vateurs, sauf ceux sp\u00e9cialis\u00e9s\n<\/li>\n<li>\n<strong>OJO de cat\u00e9gorie\u00a0III\u00a0:<\/strong><br \/>\n- chariots \u00e9l\u00e9vateurs guid\u00e9s et t\u00e9l\u00e9command\u00e9s\n<\/li>\n<\/ul>\n<p><strong>But de la formation<\/strong><br \/>\nLes formations de notre offre sont destin\u00e9es aux personnes \u00e2g\u00e9es de 18 ans ou plus, n&#039;ayant aucune contre-indication m\u00e9dicale \u00e0 exercer le m\u00e9tier d&#039;op\u00e9rateur et ayant au moins termin\u00e9 l&#039;\u00e9cole primaire.<\/p>\n<p>Actuellement, de nombreux lieux de travail recherchent des employ\u00e9s qualifi\u00e9s pour les chariots \u00e9l\u00e9vateurs. Les formations dispens\u00e9es dans notre Centre seront donc un tr\u00e8s bon investissement qui aidera \u00e0 trouver un emploi. Nous organisons \u00e9galement des formations pour des groupes d&#039;employ\u00e9s dirig\u00e9s par l&#039;employeur. Nous pouvons les mettre en \u0153uvre au moment et \u00e0 l&#039;endroit qui nous conviennent.<\/p>\n<p>Nous vous invitons \u00e0 profiter de l&#039;offre !<\/p><\/div>\n<div class=\"button_styl\" style=\"float:right; padding-left:15px; padding-bottom:8px; margin-bottom:5px;\"><a href=\"https:\/\/platformaedukacji.pl\/login\/signup.php\" rel=\"nofollow\" target=\"_blank\" class=\"myButton myButton_maly\"><font color=\"white\">Inscrivez-vous \u00e0 la formation<\/font><\/a><\/div>","protected":false},"excerpt":{"rendered":"<p>Zapraszamy na kurs na w\u00f3zki jezdniowe podno\u015bnikowe do O\u015brodka Szkolenia Kadr ERGON! Uczestnicy naszych szkole\u0144 zawsze kompleksowo poznaj\u0105 w\u00f3zki jezdniowe podno\u015bnikowe \u2013 uprawnienia z nami s\u0105 w zwi\u0105zku z tym bardzo \u0142atwe do uzyskania. Wszystkie nasze kursy na w\u00f3zki jezdniowe podno\u015bnikowe bazuj\u0105 na do\u015bwiadczeniu naszych wykwalifikowanych wyk\u0142adowc\u00f3w i instruktor\u00f3w oraz na najnowszych przepisach prawnych. Kursy s\u0105 prowadzone na wszystkich poziomach, dlatego mo\u017cna dzi\u0119ki nim uzyska\u0107 uprawnienia I, II, III WJO do obs\u0142ugi ka\u017cdego typu urz\u0105dze\u0144. Szkolenie na w\u00f3zki jezdniowe podno\u015bnikowe w O\u015brodku ERGON jest podzielone na cz\u0119\u015b\u0107 teoretyczn\u0105 i praktyczn\u0105. Podczas cz\u0119\u015bci teoretycznej poruszane s\u0105 informacje zwi\u0105zane z budow\u0105 i zasadami funkcjonowania urz\u0105dze\u0144 oraz bezpiecznym operowaniem nimi zgodnie z przepisami BHP oraz UDT. W cz\u0119\u015bci praktycznej uczestnicy ucz\u0105 si\u0119 manewrowania urz\u0105dzeniem i wykonywania r\u00f3\u017cnych prac. Po zako\u0144czeniu szkolenia mo\u017cna podej\u015b\u0107 do egzaminu Urz\u0119du Dozoru Technicznego i otrzyma\u0107 uprawnienia. Dzi\u0119ki temu, \u017ce nasze szkolenia zawsze s\u0105 prowadzone kompleksowo i z naciskiem na efekty, otrzymanie uprawnie\u0144 jest znacznie u\u0142atwione! Zastosowanie W\u00f3zki jezdniowe podno\u015bnikowe czy te\u017c inaczej w\u00f3zki wid\u0142owe s\u0105 urz\u0105dzeniami transportu bliskiego, kt\u00f3re maj\u0105 wszechstronne zastosowanie. S\u0105 one u\u017cywane do transportu towar\u00f3w g\u0142\u00f3wnie na paletach drewnianych w magazynach, halach produkcyjnych, sklepach czy portach. Podzia\u0142 w\u00f3zk\u00f3w jest zgodny z kategoriami uprawnie\u0144 UDT. W ich ramach wyr\u00f3\u017cniamy urz\u0105dzenia o r\u00f3\u017cnych typach nap\u0119d\u00f3w, w tym: z nap\u0119dem elektrycznym, akumulatorowym, benzynowym i silnikiem diesla. Pod k\u0105tem eksploatacji wyr\u00f3\u017cniamy w\u00f3zki jezdniowe podno\u015bnikowe, unosz\u0105ce, ci\u0105gnikowe, na\u0142adowne oraz specjalne. Pod wzgl\u0119dem sposobu kierowania urz\u0105dzenia dzieli si\u0119 na prowadzone, podestowe, zdalnie sterowane i wyposa\u017cone w fotel. Rodzaje uprawnie\u0144 UDT wyr\u00f3\u017cnia 3 kategorie uprawnie\u0144 niezb\u0119dnych do [&hellip;]<\/p>\n","protected":false},"author":1,"featured_media":0,"parent":0,"menu_order":0,"comment_status":"closed","ping_status":"closed","template":"","meta":{"sfsi_plus_gutenberg_text_before_share":"","sfsi_plus_gutenberg_show_text_before_share":"","sfsi_plus_gutenberg_icon_type":"","sfsi_plus_gutenberg_icon_alignemt":"","sfsi_plus_gutenburg_max_per_row":"","footnotes":""},"class_list":["post-56","page","type-page","status-publish","hentry","has_thumb"],"aioseo_notices":[],"_links":{"self":[{"href":"https:\/\/kursy-udt.pl\/fr\/wp-json\/wp\/v2\/pages\/56","targetHints":{"allow":["GET"]}}],"collection":[{"href":"https:\/\/kursy-udt.pl\/fr\/wp-json\/wp\/v2\/pages"}],"about":[{"href":"https:\/\/kursy-udt.pl\/fr\/wp-json\/wp\/v2\/types\/page"}],"author":[{"embeddable":true,"href":"https:\/\/kursy-udt.pl\/fr\/wp-json\/wp\/v2\/users\/1"}],"replies":[{"embeddable":true,"href":"https:\/\/kursy-udt.pl\/fr\/wp-json\/wp\/v2\/comments?post=56"}],"version-history":[{"count":22,"href":"https:\/\/kursy-udt.pl\/fr\/wp-json\/wp\/v2\/pages\/56\/revisions"}],"predecessor-version":[{"id":1268,"href":"https:\/\/kursy-udt.pl\/fr\/wp-json\/wp\/v2\/pages\/56\/revisions\/1268"}],"wp:attachment":[{"href":"https:\/\/kursy-udt.pl\/fr\/wp-json\/wp\/v2\/media?parent=56"}],"curies":[{"name":"wp","href":"https:\/\/api.w.org\/{rel}","templated":true}]}}