{"id":5455,"date":"2023-03-09T13:52:03","date_gmt":"2023-03-09T12:52:03","guid":{"rendered":"https:\/\/kursy-udt.pl\/?page_id=5455"},"modified":"2023-03-09T13:58:46","modified_gmt":"2023-03-09T12:58:46","slug":"protection-juridique-du-travail","status":"publish","type":"page","link":"https:\/\/kursy-udt.pl\/fr\/szkolenia\/bhp-bezpieczenstwo-pracy\/prawna-ochrona-pracy\/","title":{"rendered":"Protection juridique du travail - Formation \u00e0 la sant\u00e9 et \u00e0 la s\u00e9curit\u00e9 des travailleurs"},"content":{"rendered":"<p><a href=\"https:\/\/kursy-udt.pl\/wp-content\/uploads\/2023\/03\/jht.jpeg\"><img loading=\"lazy\" decoding=\"async\" class=\"aligncenter wp-image-5462\" src=\"https:\/\/kursy-udt.pl\/wp-content\/uploads\/2023\/03\/jht-300x200.jpeg\" alt=\"szkolenie BHP pracownik\u00f3w zak\u0142adu\" width=\"750\" height=\"500\" srcset=\"https:\/\/kursy-udt.pl\/wp-content\/uploads\/2023\/03\/jht-300x200.jpeg 300w, https:\/\/kursy-udt.pl\/wp-content\/uploads\/2023\/03\/jht-1024x682.jpeg 1024w, https:\/\/kursy-udt.pl\/wp-content\/uploads\/2023\/03\/jht-768x512.jpeg 768w, https:\/\/kursy-udt.pl\/wp-content\/uploads\/2023\/03\/jht-1536x1023.jpeg 1536w, https:\/\/kursy-udt.pl\/wp-content\/uploads\/2023\/03\/jht-18x12.jpeg 18w, https:\/\/kursy-udt.pl\/wp-content\/uploads\/2023\/03\/jht-624x416.jpeg 624w, https:\/\/kursy-udt.pl\/wp-content\/uploads\/2023\/03\/jht.jpeg 1600w\" sizes=\"auto, (max-width: 750px) 100vw, 750px\" \/><\/a><\/p>\r\n<p>Za bezpiecze\u0144stwo w miejscu pracy odpowiedzialno\u015b\u0107 ponosi przede wszystkim pracodawca, ale i pracownicy &#8211; szkol\u0105c si\u0119 i wykorzystuj\u0105c wiedz\u0119 w praktyce.<\/p>\r\n<h3>Pracodawca ma obowi\u0105zek:<\/h3>\r\n<ul>\r\n<li>regularnie szkoli\u0107 pracownik\u00f3w z zasad BHP,<\/li>\r\n<li>zaznajamia\u0107 pracownik\u00f3w z zasadami bezpiecze\u0144stwa dotycz\u0105cymi ich prac,<\/li>\r\n<li>wydawa\u0107 instrukcje i wskaz\u00f3wki dotycz\u0105ce bezpiecze\u0144stwa pracy,<\/li>\r\n<li>zapewni\u0107 pracownikowi bezp\u0142atnie odzie\u017c ochronn\u0105, je\u015bli wymaga tego specyfika pracy.<\/li>\r\n<\/ul>\r\n<h3>Szkolenia BHP w miejscu pracy dziel\u0105 si\u0119 na dwie kategorie:<\/h3>\r\n<ul>\r\n<li>Szkolenia wst\u0119pne &#8211; pracownik powinien je odby\u0107 przez rozpocz\u0119ciem pracy,<\/li>\r\n<li>Szkolenia okresowe &#8211; regularne szkolenia, maj\u0105ce na celu przypomnie\u0107 oraz ugruntowa\u0107 nabyt\u0105 wiedz\u0119 o bezpiecze\u0144stwie i higienie pracy.<\/li>\r\n<\/ul>\r\n<p>Kurs taki powinien odbywa\u0107 si\u0119 w godzinach pracy a wszelkie jego koszty ponosi pracodawca.<\/p>\r\n<h3><strong>S\u0142u\u017cba BHP:<\/strong><\/h3>\r\n<ul>\r\n<li>\r\n<p><a href=\"https:\/\/kursy-udt.pl\/wp-content\/uploads\/2023\/03\/drt.jpeg\"><img loading=\"lazy\" decoding=\"async\" class=\"alignright wp-image-5460\" src=\"https:\/\/kursy-udt.pl\/wp-content\/uploads\/2023\/03\/drt-300x200.jpeg\" alt=\"szkolenie BHP pracownik\u00f3w zak\u0142adu\" width=\"340\" height=\"227\" srcset=\"https:\/\/kursy-udt.pl\/wp-content\/uploads\/2023\/03\/drt-300x200.jpeg 300w, https:\/\/kursy-udt.pl\/wp-content\/uploads\/2023\/03\/drt-1024x683.jpeg 1024w, https:\/\/kursy-udt.pl\/wp-content\/uploads\/2023\/03\/drt-768x512.jpeg 768w, https:\/\/kursy-udt.pl\/wp-content\/uploads\/2023\/03\/drt-1536x1024.jpeg 1536w, https:\/\/kursy-udt.pl\/wp-content\/uploads\/2023\/03\/drt-18x12.jpeg 18w, https:\/\/kursy-udt.pl\/wp-content\/uploads\/2023\/03\/drt-624x416.jpeg 624w, https:\/\/kursy-udt.pl\/wp-content\/uploads\/2023\/03\/drt.jpeg 1600w\" sizes=\"auto, (max-width: 340px) 100vw, 340px\" \/><\/a><\/p>\r\nw przypadkach, kiedy firma zatrudnia wi\u0119cej ni\u017c stu pracownik\u00f3w, pracodawca ma obowi\u0105zek powo\u0142a\u0107 s\u0142u\u017cb\u0119 BHP, kt\u00f3ra zajmie si\u0119 szkoleniami dotycz\u0105cymi bezpiecze\u0144stwa oraz upewni si\u0119, \u017ce ka\u017cdy przestrzega om\u00f3wionych zasad.<\/li>\r\n<li>je\u015bli firma zatrudnia poni\u017cej stu pracownik\u00f3w, pracodawca musi wyznaczy\u0107 osob\u0119 odpowiedzialn\u0105 za szkolenie pracownik\u00f3w oraz przestrzeganie przez nich tych\u017ce zasad, a kt\u00f3ra b\u0119dzie pe\u0142ni\u0107 rol\u0119 s\u0142u\u017cby BHP.<\/li>\r\n<li>natomiast, je\u015bli w firmie pracuje do dwudziestu os\u00f3b, funkcj\u0119 osoby odpowiedzialnej za szkolenia i przestrzeganie zasad BHP mo\u017ce pe\u0142ni\u0107 pracodawca. Tak\u017ce w przypadku, kiedy zatrudnione osoby s\u0105 wy\u0142\u0105cznie ma\u0142oletnie lub niepe\u0142nosprawne, r\u00f3wnie\u017c funkcj\u0119 tak\u0105 pe\u0142ni pracodawca.<strong>\u00a0<\/strong><\/li>\r\n<\/ul>\r\n<h2><strong>Pierwsza pomoc w zak\u0142adzie pracy<\/strong><\/h2>\r\n<p>Wed\u0142ug Kodeksu Pracy poza obowi\u0105zek szkole\u0144 z zakresu BHP, pracodawca musi wyznaczy\u0107 osob\u0119 lub grup\u0119 os\u00f3b, kt\u00f3ra b\u0119dzie odpowiedzialna za udzielanie pierwszej pomocy w razie wypadku, a tak\u017ce b\u0119dzie w stanie zareagowa\u0107 w przypadku po\u017caru czy konieczno\u015bci ewakuacji pracownik\u00f3w z miejsca pracy.<\/p>\r\n<h2><strong>Szkolenia dla pracownik\u00f3w administracyjno-biurowych<\/strong><\/h2>\r\n<p>Niekt\u00f3re miejsca pracy, np. w biurze, maj\u0105 ni\u017csz\u0105 kategori\u0119 zagro\u017cenia, w zwi\u0105zku z czym s\u0105 wy\u0142\u0105czone z obowi\u0105zkowego szkolenia BHP. Do takich miejsc nale\u017c\u0105 zak\u0142ady z nie wy\u017csz\u0105 ni\u017c trzeci\u0105 kategori\u0105 zagro\u017cenia, gdzie wypadkowo\u015b\u0107 jest niska, zar\u00f3wno jak zagro\u017cenie dla zdrowia. Nale\u017c\u0105 do nich:<\/p>\r\n<ul>\r\n<li>produkcja odzie\u017cy,<\/li>\r\n<li>produkcja sk\u00f3r,<\/li>\r\n<li>gastronomia,<\/li>\r\n<li>produkcja komputer\u00f3w i elektroniki,<\/li>\r\n<li>edukacja,<\/li>\r\n<li>dzia\u0142alno\u015b\u0107 kulturowa i rozrywkowa,<\/li>\r\n<li>dzia\u0142alno\u015b\u0107 detektywistyczna i ochronna,<\/li>\r\n<li>finanse i ubezpieczenia,<\/li>\r\n<li>rynek nieruchomo\u015bci,<\/li>\r\n<li>prace administracyjno-biurowe.<strong>\u00a0<\/strong><\/li>\r\n<\/ul>\r\n<h2><strong>Czy osoba wyznaczona do udzielania pierwszej pomocy powinna mie\u0107 szczeg\u00f3lne kwalifikacje? <\/strong><\/h2>\r\n<p><a href=\"https:\/\/kursy-udt.pl\/wp-content\/uploads\/2023\/03\/jgh.jpeg\"><img loading=\"lazy\" decoding=\"async\" class=\"alignright wp-image-5461\" src=\"https:\/\/kursy-udt.pl\/wp-content\/uploads\/2023\/03\/jgh-300x192.jpeg\" alt=\"odzie\u017c ochronna przy pracy niebezpiecznej\" width=\"340\" height=\"218\" srcset=\"https:\/\/kursy-udt.pl\/wp-content\/uploads\/2023\/03\/jgh-300x192.jpeg 300w, https:\/\/kursy-udt.pl\/wp-content\/uploads\/2023\/03\/jgh-1024x655.jpeg 1024w, https:\/\/kursy-udt.pl\/wp-content\/uploads\/2023\/03\/jgh-768x492.jpeg 768w, https:\/\/kursy-udt.pl\/wp-content\/uploads\/2023\/03\/jgh-1536x983.jpeg 1536w, https:\/\/kursy-udt.pl\/wp-content\/uploads\/2023\/03\/jgh-18x12.jpeg 18w, https:\/\/kursy-udt.pl\/wp-content\/uploads\/2023\/03\/jgh-624x399.jpeg 624w, https:\/\/kursy-udt.pl\/wp-content\/uploads\/2023\/03\/jgh.jpeg 1600w\" sizes=\"auto, (max-width: 340px) 100vw, 340px\" \/><\/a>Istotnym jest, aby osoba odpowiedzialna za udzielanie pierwszej pomocy odby\u0142a odpowiednie szkolenie oraz by\u0142a w pe\u0142ni kompetentna w tym, co robi.<\/p>\r\n<p>Na koniec kilka wa\u017cnych informacji:<\/p>\r\n<ul>\r\n<li>pracodawca jest zobowi\u0105zany do odbycia szkolenia BHP,<\/li>\r\n<li>pracodawcy nie wolno pozwoli\u0107 pracownikowi na wykonywanie pracy, je\u015bli ten nie posiada wymaganych kwalifikacji oraz nie odby\u0142 szkolenia BHP,<\/li>\r\n<li>brak wdro\u017cenia zasad jest karany grzywn\u0105,<\/li>\r\n<li>naruszenie przepis\u00f3w i zasad przez pracownika mo\u017ce skutkowa\u0107 rozwi\u0105zaniem umowy,<\/li>\r\n<li>je\u015bli pracodawca zaniedba obowi\u0105zek BHP, pracownik mo\u017ce rozwi\u0105za\u0107 umow\u0119 w trybie natychmiastowym.<\/li>\r\n<\/ul>\r\n<h2>Pytania i odpowiedzi<\/h2>\r\n\t\t<details\t\thelp class=\"sc_fs_faq sc_card    \"\n\t\t\t\t>\n\t\t\t\t\t<summary>\n\t\t\t\t<h3>Kto ma obowi\u0105zek przeszkolenia pracownik\u00f3w z BHP?<\/h3>\t\t\t\t\t<\/summary>\n\t\t\t\t<div>\n\t\t\t\t\t\t<div class=\"sc_fs_faq__content\">\n\t\t\t\t\r\n\r\n\r\n<p>Obowi\u0105zkiem ka\u017cdego pracodawcy jest przeszkoli\u0107 pracownika z zasad BHP obowi\u0105zuj\u0105cych w zak\u0142adzie pracy. Natomiast obowi\u0105zkiem pracownika jest przestrzenie ich.<\/p>\r\n\t\t\t<\/div>\n\t\t<\/div>\n\t\t<\/details>\n\t\t\t\t<details\t\thelp class=\"sc_fs_faq sc_card    \"\n\t\t\t\t>\n\t\t\t\t\t<summary>\n\t\t\t\t<h3>Czy wszystkie sektory wymagaj\u0105 szkolenia BHP?<\/h3>\t\t\t\t\t<\/summary>\n\t\t\t\t<div>\n\t\t\t\t\t\t<div class=\"sc_fs_faq__content\">\n\t\t\t\t\r\n\r\n\r\n<p>S\u0105 takie prace, kt\u00f3re podlegaj\u0105 pod najwy\u017cej trzeci\u0105 kategori\u0119 zagro\u017cenia, a tym samym nie ma obowi\u0105zku odbywa\u0107 dla nich szkolenia BHP. Do tej kategorii zaliczamy m.in. prace administracyjno-biurowe, gastronomi\u0119, dzia\u0142alno\u015b\u0107 detektywistyczn\u0105 czy finanse.<\/p>\r\n\t\t\t<\/div>\n\t\t<\/div>\n\t\t<\/details>\n\t\t\t\t<details\t\thelp class=\"sc_fs_faq sc_card    \"\n\t\t\t\t>\n\t\t\t\t\t<summary>\n\t\t\t\t<h3>Kto mo\u017ce szkoli\u0107 z zakresu BHP?<\/h3>\t\t\t\t\t<\/summary>\n\t\t\t\t<div>\n\t\t\t\t\t\t<div class=\"sc_fs_faq__content\">\n\t\t\t\t\r\n\r\n\r\n<p>Zale\u017cnie od tego, jak wiele os\u00f3b zatrudnia firma, musi by\u0107 to specjalistyczna s\u0142u\u017cba BHP, wyznaczony przez pracodawc\u0119 pracownik, lub sam pracodawca, je\u015bli nie zatrudnia on wi\u0119cej ni\u017c dwudziestu os\u00f3b.<\/p>\r\n\t\t\t<\/div>\n\t\t<\/div>\n\t\t<\/details>\n\t\t\n<script type=\"application\/ld+json\">\n\t{\n\t\t\"@context\": \"https:\/\/schema.org\",\n\t\t\"@type\": \"FAQPage\",\n\t\t\"mainEntity\": [\n\t\t\t\t\t{\n\t\t\t\t\"@type\": \"Question\",\n\t\t\t\t\"name\": \"Kto ma obowi\u0105zek przeszkolenia pracownik\u00f3w z BHP?\",\n\t\t\t\t\"acceptedAnswer\": {\n\t\t\t\t\t\"@type\": \"Answer\",\n\t\t\t\t\t\"text\": \"<p>Obowi\u0105zkiem ka\u017cdego pracodawcy jest przeszkoli\u0107 pracownika z zasad BHP obowi\u0105zuj\u0105cych w zak\u0142adzie pracy. Natomiast obowi\u0105zkiem pracownika jest przestrzenie ich.<\/p>\"\n\t\t\t\t\t\t\t\t\t}\n\t\t\t}\n\t\t\t,\t\t\t\t{\n\t\t\t\t\"@type\": \"Question\",\n\t\t\t\t\"name\": \"Czy wszystkie sektory wymagaj\u0105 szkolenia BHP?\",\n\t\t\t\t\"acceptedAnswer\": {\n\t\t\t\t\t\"@type\": \"Answer\",\n\t\t\t\t\t\"text\": \"<p>S\u0105 takie prace, kt\u00f3re podlegaj\u0105 pod najwy\u017cej trzeci\u0105 kategori\u0119 zagro\u017cenia, a tym samym nie ma obowi\u0105zku odbywa\u0107 dla nich szkolenia BHP. Do tej kategorii zaliczamy m.in. prace administracyjno-biurowe, gastronomi\u0119, dzia\u0142alno\u015b\u0107 detektywistyczn\u0105 czy finanse.<\/p>\"\n\t\t\t\t\t\t\t\t\t}\n\t\t\t}\n\t\t\t,\t\t\t\t{\n\t\t\t\t\"@type\": \"Question\",\n\t\t\t\t\"name\": \"Kto mo\u017ce szkoli\u0107 z zakresu BHP?\",\n\t\t\t\t\"acceptedAnswer\": {\n\t\t\t\t\t\"@type\": \"Answer\",\n\t\t\t\t\t\"text\": \"<p>Zale\u017cnie od tego, jak wiele os\u00f3b zatrudnia firma, musi by\u0107 to specjalistyczna s\u0142u\u017cba BHP, wyznaczony przez pracodawc\u0119 pracownik, lub sam pracodawca, je\u015bli nie zatrudnia on wi\u0119cej ni\u017c dwudziestu os\u00f3b.<\/p>\"\n\t\t\t\t\t\t\t\t\t}\n\t\t\t}\n\t\t\t\t\t\t]\n\t}\n<\/script>\n","protected":false},"excerpt":{"rendered":"<p>Za bezpiecze\u0144stwo w miejscu pracy odpowiedzialno\u015b\u0107 ponosi przede wszystkim pracodawca, ale i pracownicy &#8211; szkol\u0105c si\u0119 i wykorzystuj\u0105c wiedz\u0119 w praktyce. Pracodawca ma obowi\u0105zek: regularnie szkoli\u0107 pracownik\u00f3w z zasad BHP, zaznajamia\u0107 pracownik\u00f3w z zasadami bezpiecze\u0144stwa dotycz\u0105cymi ich prac, wydawa\u0107 instrukcje i wskaz\u00f3wki dotycz\u0105ce bezpiecze\u0144stwa pracy, zapewni\u0107 pracownikowi bezp\u0142atnie odzie\u017c ochronn\u0105, je\u015bli wymaga tego specyfika pracy. Szkolenia BHP w miejscu pracy dziel\u0105 si\u0119 na dwie kategorie: Szkolenia wst\u0119pne &#8211; pracownik powinien je odby\u0107 przez rozpocz\u0119ciem pracy, Szkolenia okresowe &#8211; regularne szkolenia, maj\u0105ce na celu przypomnie\u0107 oraz ugruntowa\u0107 nabyt\u0105 wiedz\u0119 o bezpiecze\u0144stwie i higienie pracy. Kurs taki powinien odbywa\u0107 si\u0119 w godzinach pracy a wszelkie jego koszty ponosi pracodawca. S\u0142u\u017cba BHP: w przypadkach, kiedy firma zatrudnia wi\u0119cej ni\u017c stu pracownik\u00f3w, pracodawca ma obowi\u0105zek powo\u0142a\u0107 s\u0142u\u017cb\u0119 BHP, kt\u00f3ra zajmie si\u0119 szkoleniami dotycz\u0105cymi bezpiecze\u0144stwa oraz upewni si\u0119, \u017ce ka\u017cdy przestrzega om\u00f3wionych zasad. je\u015bli firma zatrudnia poni\u017cej stu pracownik\u00f3w, pracodawca musi wyznaczy\u0107 osob\u0119 odpowiedzialn\u0105 za szkolenie pracownik\u00f3w oraz przestrzeganie przez nich tych\u017ce zasad, a kt\u00f3ra b\u0119dzie pe\u0142ni\u0107 rol\u0119 s\u0142u\u017cby BHP. natomiast, je\u015bli w firmie pracuje do dwudziestu os\u00f3b, funkcj\u0119 osoby odpowiedzialnej za szkolenia i przestrzeganie zasad BHP mo\u017ce pe\u0142ni\u0107 pracodawca. Tak\u017ce w przypadku, kiedy zatrudnione osoby s\u0105 wy\u0142\u0105cznie ma\u0142oletnie lub niepe\u0142nosprawne, r\u00f3wnie\u017c funkcj\u0119 tak\u0105 pe\u0142ni pracodawca.\u00a0 Pierwsza pomoc w zak\u0142adzie pracy Wed\u0142ug Kodeksu Pracy poza obowi\u0105zek szkole\u0144 z zakresu BHP, pracodawca musi wyznaczy\u0107 osob\u0119 lub grup\u0119 os\u00f3b, kt\u00f3ra b\u0119dzie odpowiedzialna za udzielanie pierwszej pomocy w razie wypadku, a tak\u017ce b\u0119dzie w stanie zareagowa\u0107 w przypadku po\u017caru czy konieczno\u015bci ewakuacji pracownik\u00f3w z miejsca pracy. Szkolenia dla pracownik\u00f3w administracyjno-biurowych Niekt\u00f3re miejsca pracy, [&hellip;]<\/p>\n","protected":false},"author":2,"featured_media":5462,"parent":2792,"menu_order":0,"comment_status":"closed","ping_status":"closed","template":"","meta":{"sfsi_plus_gutenberg_text_before_share":"","sfsi_plus_gutenberg_show_text_before_share":"","sfsi_plus_gutenberg_icon_type":"","sfsi_plus_gutenberg_icon_alignemt":"","sfsi_plus_gutenburg_max_per_row":"","footnotes":""},"class_list":["post-5455","page","type-page","status-publish","has-post-thumbnail","hentry","has_thumb"],"aioseo_notices":[],"_links":{"self":[{"href":"https:\/\/kursy-udt.pl\/fr\/wp-json\/wp\/v2\/pages\/5455","targetHints":{"allow":["GET"]}}],"collection":[{"href":"https:\/\/kursy-udt.pl\/fr\/wp-json\/wp\/v2\/pages"}],"about":[{"href":"https:\/\/kursy-udt.pl\/fr\/wp-json\/wp\/v2\/types\/page"}],"author":[{"embeddable":true,"href":"https:\/\/kursy-udt.pl\/fr\/wp-json\/wp\/v2\/users\/2"}],"replies":[{"embeddable":true,"href":"https:\/\/kursy-udt.pl\/fr\/wp-json\/wp\/v2\/comments?post=5455"}],"version-history":[{"count":5,"href":"https:\/\/kursy-udt.pl\/fr\/wp-json\/wp\/v2\/pages\/5455\/revisions"}],"predecessor-version":[{"id":5463,"href":"https:\/\/kursy-udt.pl\/fr\/wp-json\/wp\/v2\/pages\/5455\/revisions\/5463"}],"up":[{"embeddable":true,"href":"https:\/\/kursy-udt.pl\/fr\/wp-json\/wp\/v2\/pages\/2792"}],"wp:featuredmedia":[{"embeddable":true,"href":"https:\/\/kursy-udt.pl\/fr\/wp-json\/wp\/v2\/media\/5462"}],"wp:attachment":[{"href":"https:\/\/kursy-udt.pl\/fr\/wp-json\/wp\/v2\/media?parent=5455"}],"curies":[{"name":"wp","href":"https:\/\/api.w.org\/{rel}","templated":true}]}}