{"id":54,"date":"2014-02-10T17:20:07","date_gmt":"2014-02-10T17:20:07","guid":{"rendered":"http:\/\/kursy-udt.kwiaty0.pl\/?page_id=54"},"modified":"2016-01-21T19:32:14","modified_gmt":"2016-01-21T19:32:14","slug":"equipements-de-manutention-de-conteneurs","status":"publish","type":"page","link":"https:\/\/kursy-udt.pl\/fr\/urzadzenia-do-manipulacji-kontenerami\/","title":{"rendered":"Mat\u00e9riel de manutention de conteneurs"},"content":{"rendered":"<div style=\"float:left; padding-right:10px;\"><img decoding=\"async\" src=\"\/wp-content\/uploads\/2014\/04\/urzadzenia-do-manipulacji-kontenerami.jpeg\" alt=\"Mat\u00e9riel de manutention de conteneurs\"><\/div>\n<div class=\"wyjustuj\">Les \u00e9quipements de manutention de conteneurs sont principalement utilis\u00e9s dans les ports et permettent de d\u00e9placer facilement les conteneurs. Pour faire fonctionner l&#039;\u00e9quipement, le travailleur doit \u00eatre autoris\u00e9 \u00e0 manipuler des contenants. Vous pouvez les obtenir sur la base du cours sur les \u00e9quipements de manutention de conteneurs.<\/p>\n<p>Nous offrons des cours sur les \u00e9quipements de manutention de conteneurs. Toutes nos formations comprennent une formation th\u00e9orique et pratique pour se pr\u00e9parer au travail d&#039;op\u00e9rateur de ce type d&#039;\u00e9quipement. Ce sont des formations UDT visant \u00e0 transmettre les connaissances et comp\u00e9tences n\u00e9cessaires \u00e0 l&#039;obtention de l&#039;examen <a href=\"https:\/\/kursy-udt.pl\/fr\/uprawnienia-udt\/kategorie-uprawnien-2\/\">Dipl\u00f4mes UDT<\/a>. Nous donnons des cours avec des sp\u00e9cialistes dans leur domaine. Nous invitons!<\/p><\/div>\n<div class=\"button_styl\" style=\"float:right; padding-left:15px; padding-bottom:8px; margin-bottom:5px;\"><a href=\"https:\/\/platformaedukacji.pl\/login\/signup.php\" rel=\"nofollow\" target=\"_blank\" class=\"myButton myButton_maly\"><font color=\"white\">Inscrivez-vous \u00e0 la formation<\/font><\/a><\/div>","protected":false},"excerpt":{"rendered":"<p>Les \u00e9quipements de manutention de conteneurs sont principalement utilis\u00e9s dans les ports et permettent de d\u00e9placer facilement les conteneurs. Pour faire fonctionner l&#039;\u00e9quipement, le travailleur doit \u00eatre autoris\u00e9 \u00e0 manipuler des contenants. Vous pouvez les obtenir sur la base du cours sur les \u00e9quipements de manutention de conteneurs. Nous offrons des cours sur les \u00e9quipements de manutention de conteneurs. Toutes nos formations comprennent une formation th\u00e9orique et pratique pour se pr\u00e9parer au travail d&#039;op\u00e9rateur de ce type d&#039;\u00e9quipement. Il s&#039;agit de formations UDT dont le but est de transmettre les connaissances et les comp\u00e9tences n\u00e9cessaires pour r\u00e9ussir l&#039;examen d&#039;obtention des qualifications UDT. Nous donnons des cours avec des sp\u00e9cialistes dans leur domaine. Nous invitons! Inscrivez-vous \u00e0 la formation<\/p>","protected":false},"author":1,"featured_media":0,"parent":0,"menu_order":0,"comment_status":"closed","ping_status":"closed","template":"","meta":{"sfsi_plus_gutenberg_text_before_share":"","sfsi_plus_gutenberg_show_text_before_share":"","sfsi_plus_gutenberg_icon_type":"","sfsi_plus_gutenberg_icon_alignemt":"","sfsi_plus_gutenburg_max_per_row":"","footnotes":""},"class_list":["post-54","page","type-page","status-publish","hentry","has_thumb"],"aioseo_notices":[],"_links":{"self":[{"href":"https:\/\/kursy-udt.pl\/fr\/wp-json\/wp\/v2\/pages\/54","targetHints":{"allow":["GET"]}}],"collection":[{"href":"https:\/\/kursy-udt.pl\/fr\/wp-json\/wp\/v2\/pages"}],"about":[{"href":"https:\/\/kursy-udt.pl\/fr\/wp-json\/wp\/v2\/types\/page"}],"author":[{"embeddable":true,"href":"https:\/\/kursy-udt.pl\/fr\/wp-json\/wp\/v2\/users\/1"}],"replies":[{"embeddable":true,"href":"https:\/\/kursy-udt.pl\/fr\/wp-json\/wp\/v2\/comments?post=54"}],"version-history":[{"count":9,"href":"https:\/\/kursy-udt.pl\/fr\/wp-json\/wp\/v2\/pages\/54\/revisions"}],"predecessor-version":[{"id":1267,"href":"https:\/\/kursy-udt.pl\/fr\/wp-json\/wp\/v2\/pages\/54\/revisions\/1267"}],"wp:attachment":[{"href":"https:\/\/kursy-udt.pl\/fr\/wp-json\/wp\/v2\/media?parent=54"}],"curies":[{"name":"wp","href":"https:\/\/api.w.org\/{rel}","templated":true}]}}