{"id":5309,"date":"2023-03-21T12:29:43","date_gmt":"2023-03-21T11:29:43","guid":{"rendered":"https:\/\/kursy-udt.pl\/?page_id=5309"},"modified":"2023-03-21T16:02:05","modified_gmt":"2023-03-21T15:02:05","slug":"cours-dentretien-des-ascenseurs-suspendus","status":"publish","type":"page","link":"https:\/\/kursy-udt.pl\/fr\/szkolenia\/udt-wdt-tdt\/podesty-ruchome-wiszace-kurs-konserwatora\/","title":{"rendered":"Plateformes \u00e9l\u00e9vatrices - cours de formation"},"content":{"rendered":"\n<h2 class=\"wp-block-heading\">Podesty ruchome wisz\u0105ce konserwator UDT&nbsp;<\/h2>\n\n\n\n<p>Nasz o\u015brodek szkoleniowy oferuje kurs na uprawnienia UDT do obs\u0142ugi i konserwacji podest\u00f3w ruchomych, w tym podno\u015bnik\u00f3w koszowych i no\u017cycowych. Na rynku dzia\u0142amy od ponad 10 lat, szkol\u0105c kursant\u00f3w na operator\u00f3w i konserwator\u00f3w na terenie ca\u0142ego kraju i poza nim.&nbsp;<\/p>\n\n\n<div class=\"wp-block-image\">\n<figure class=\"alignright size-large is-resized\"><a href=\"https:\/\/kursy-udt.pl\/wp-content\/uploads\/2023\/03\/screen_2x-2023-03-06T175846.403.jpg\"><img loading=\"lazy\" decoding=\"async\" src=\"https:\/\/kursy-udt.pl\/wp-content\/uploads\/2023\/03\/screen_2x-2023-03-06T175846.403-1024x683.jpg\" alt=\"podest ruchomy wisz\u0105cy na tle budynk\u00f3w\" class=\"wp-image-5311\" width=\"512\" height=\"342\" srcset=\"https:\/\/kursy-udt.pl\/wp-content\/uploads\/2023\/03\/screen_2x-2023-03-06T175846.403-1024x683.jpg 1024w, https:\/\/kursy-udt.pl\/wp-content\/uploads\/2023\/03\/screen_2x-2023-03-06T175846.403-300x200.jpg 300w, https:\/\/kursy-udt.pl\/wp-content\/uploads\/2023\/03\/screen_2x-2023-03-06T175846.403-768x512.jpg 768w, https:\/\/kursy-udt.pl\/wp-content\/uploads\/2023\/03\/screen_2x-2023-03-06T175846.403-1536x1024.jpg 1536w, https:\/\/kursy-udt.pl\/wp-content\/uploads\/2023\/03\/screen_2x-2023-03-06T175846.403-18x12.jpg 18w, https:\/\/kursy-udt.pl\/wp-content\/uploads\/2023\/03\/screen_2x-2023-03-06T175846.403-624x416.jpg 624w, https:\/\/kursy-udt.pl\/wp-content\/uploads\/2023\/03\/screen_2x-2023-03-06T175846.403.jpg 1600w\" sizes=\"auto, (max-width: 512px) 100vw, 512px\" \/><\/a><\/figure>\n<\/div>\n\n\n<h2 class=\"wp-block-heading\">Program szkolenia&nbsp;<\/h2>\n\n\n\n<p>Kurs na podesty ruchome obejmuje takie zagadnienia jak:&nbsp;<\/p>\n\n\n\n<ul class=\"wp-block-list\">\n<li>prawid\u0142owe oznakowanie podest\u00f3w,&nbsp;<\/li>\n\n\n\n<li>rodzaje podwozia,&nbsp;<\/li>\n\n\n\n<li>plany konserwacyjne,&nbsp;<\/li>\n\n\n\n<li>nap\u0119dowe mechanizmy ca\u0142ej konstrukcji,&nbsp;<\/li>\n\n\n\n<li>zasady BHP,&nbsp;<\/li>\n\n\n\n<li>najcz\u0119stsze usterki i ich naprawa,&nbsp;<\/li>\n\n\n\n<li>doz\u00f3r techniczny,&nbsp;<\/li>\n\n\n\n<li>urz\u0105dzenie zabezpieczaj\u0105ce,&nbsp;<\/li>\n\n\n\n<li>urz\u0105dzenia sterownicze,&nbsp;<\/li>\n\n\n\n<li>zasady eksploatacji podest\u00f3w ruchomych.&nbsp;<\/li>\n<\/ul>\n\n\n\n<h2 class=\"wp-block-heading\">Jak wygl\u0105da egzamin?&nbsp;<\/h2>\n\n\n\n<p>Aby zdoby\u0107 uprawnienia na konserwatora i\/lub operatora, nale\u017cy uda\u0107 si\u0119 do Urz\u0119du Dozoru Technicznego i zda\u0107 egzamin pa\u0144stwowy przed komisj\u0105 egzaminacyjn\u0105.&nbsp;<\/p>\n\n\n\n<p><strong>Warunkami przyst\u0105pienia do szkolenia i egzaminu jest:&nbsp;<\/strong><\/p>\n\n\n\n<ul class=\"wp-block-list\">\n<li>dostarczenie za\u015bwiadczenia lekarskiego o mo\u017cliwo\u015bci pracy na wysoko\u015bci powy\u017cej 3 metr\u00f3w,&nbsp;<\/li>\n\n\n\n<li>uko\u0144czenie wieku pe\u0142noletniego,&nbsp;&nbsp;<\/li>\n\n\n\n<li>posiadanie wykszta\u0142cenia przynajmniej podstawowego,&nbsp;&nbsp;<\/li>\n\n\n\n<li>zabranie ze sob\u0105 dowodu osobistego.&nbsp;<\/li>\n<\/ul>\n\n\n<div class=\"wp-block-image\">\n<figure class=\"alignleft size-large is-resized\"><a href=\"https:\/\/kursy-udt.pl\/wp-content\/uploads\/2023\/03\/s2-87.jpg\"><img loading=\"lazy\" decoding=\"async\" src=\"https:\/\/kursy-udt.pl\/wp-content\/uploads\/2023\/03\/s2-87-1024x682.jpg\" alt=\"platforma wisz\u0105ca \" class=\"wp-image-5312\" width=\"512\" height=\"341\" srcset=\"https:\/\/kursy-udt.pl\/wp-content\/uploads\/2023\/03\/s2-87-1024x682.jpg 1024w, https:\/\/kursy-udt.pl\/wp-content\/uploads\/2023\/03\/s2-87-300x200.jpg 300w, https:\/\/kursy-udt.pl\/wp-content\/uploads\/2023\/03\/s2-87-768x511.jpg 768w, https:\/\/kursy-udt.pl\/wp-content\/uploads\/2023\/03\/s2-87-1536x1022.jpg 1536w, https:\/\/kursy-udt.pl\/wp-content\/uploads\/2023\/03\/s2-87-18x12.jpg 18w, https:\/\/kursy-udt.pl\/wp-content\/uploads\/2023\/03\/s2-87-624x415.jpg 624w, https:\/\/kursy-udt.pl\/wp-content\/uploads\/2023\/03\/s2-87.jpg 1600w\" sizes=\"auto, (max-width: 512px) 100vw, 512px\" \/><\/a><\/figure>\n<\/div>\n\n\n<p>Po z\u0142o\u017ceniu wniosku o przyst\u0105pienie do egzaminu UDT i ukazaniu dowodu osobistego powinni\u015bmy pozna\u0107 termin przyst\u0105pienia do egzaminu w ci\u0105gu 30 dni. Egzamin sk\u0142ada si\u0119 z cz\u0119\u015bci praktycznej i teoretycznej, kt\u00f3ra polega na odpowiedzeniu pisemnie na zawarte pytania. Gdy zaliczymy cz\u0119\u015b\u0107 teoretyczn\u0105 b\u0119dziemy mogli przyst\u0105pi\u0107 do cz\u0119\u015bci praktycznej i wykaza\u0107 si\u0119 zdobytymi umiej\u0119tno\u015bciami na placu manewrowym.&nbsp;<\/p>\n\n\n\n<h2 class=\"wp-block-heading\">Szkolenia na wszystkie rodzaje podest\u00f3w ruchomych&nbsp;<\/h2>\n\n\n\n<p>Prowadzimy szkolenia na wszystkie rodzaje podest\u00f3w ruchomych, wi\u0119c nasi podopieczni b\u0119d\u0105 mogli w o\u015brodku zrealizowa\u0107 si\u0119 jako operatorzy i\/lub konserwatorzy na ka\u017cdy rodzaj tego urz\u0105dzenia.&nbsp;<\/p>\n\n\n\n<h2 class=\"wp-block-heading\">Jakie s\u0105 rodzaje uprawnie\u0144?&nbsp;<\/h2>\n\n\n\n<p>Wyr\u00f3\u017cniamy dwa rodzaje uprawnie\u0144 przy urz\u0105dzeniach technicznych, s\u0105 nimi:&nbsp;<\/p>\n\n\n\n<ul class=\"wp-block-list\">\n<li><strong>uprawnienia do obs\u0142ugi<\/strong> \u2013&nbsp;wymaga si\u0119 tego rodzaju uprawnie\u0144 od operatora lub kierowcy,&nbsp;<\/li>\n\n\n\n<li><strong>uprawnienia do konserwacji<\/strong> \u2013 wymagane na stanowisku konserwatora, kt\u00f3ry przeprowadza wszelkie prace naprawcze.&nbsp;<\/li>\n<\/ul>\n\n\n\n<p>Oczywi\u015bcie jedna osoba mo\u017ce posiada\u0107 obydwa uprawnienia do wykonywania zawodu, ale aby zosta\u0107 konserwatorem danego urz\u0105dzenia, na pocz\u0105tku trzeba mie\u0107 uprawnienia do obs\u0142ugi.&nbsp;<\/p>\n\n\n\n<p><strong>Rodzaje uprawnie\u0144 na podesty ruchome <\/strong>&nbsp;<\/p>\n\n\n\n<figure class=\"wp-block-table\"><table><tbody><tr><td><strong>Podesty ruchome wisz\u0105ce<\/strong> (uprawniaj\u0105 do obs\u0142ugi podest\u00f3w ruchomych stacjonarnych oraz masztowych)&nbsp;<\/td><td>Czas wa\u017cno\u015bci uprawnie\u0144 trwa przez <strong>10 lat<\/strong>&nbsp;<\/td><\/tr><tr><td><strong>Podesty ruchome masztowe<\/strong> (uprawniaj\u0105 do obs\u0142ugi podest\u00f3w stacjonarnych i masztowych)&nbsp;<\/td><td>Czas wa\u017cno\u015bci uprawnie\u0144 trwa przez <strong>10 lat<\/strong>&nbsp;<\/td><\/tr><tr><td><strong>Podesty ruchome stacjonarne<\/strong>&nbsp;<\/td><td>Czas wa\u017cno\u015bci uprawnie\u0144 trwa przez <strong>10 lat<\/strong>&nbsp;<\/td><\/tr><tr><td><strong>Podesty ruchome na pojazdach kolejowych<\/strong>&nbsp;&nbsp;<\/td><td>Czas wa\u017cno\u015bci uprawnie\u0144 trwa przez <strong>10 lat<\/strong>&nbsp;<\/td><\/tr><tr><td><strong>Podesty ruchome przejezdne<\/strong>&nbsp;<\/td><td>Czas wa\u017cno\u015bci uprawnie\u0144 trwa przez <strong>5 lat<\/strong>&nbsp;<\/td><\/tr><\/tbody><\/table><\/figure>\n\n\n\n<p>Dawniej uprawnienia te by\u0142y bezterminowe, ale z dniem 1 stycznia 2019 roku Ustawy o Dozorze Technicznym zosta\u0142y zmienione na uprawnienia terminowe. Uprzednie nazwy kategorii okre\u015blane by\u0142y jako I P i II P.&nbsp;<\/p>\n\n\n<div class=\"wp-block-image\">\n<figure class=\"alignleft size-large is-resized\"><a href=\"https:\/\/kursy-udt.pl\/wp-content\/uploads\/2023\/03\/s2-86.jpg\"><img loading=\"lazy\" decoding=\"async\" src=\"https:\/\/kursy-udt.pl\/wp-content\/uploads\/2023\/03\/s2-86-1024x683.jpg\" alt=\"pracownicy na platformie wisz\u0105cej\" class=\"wp-image-5313\" width=\"512\" height=\"342\" srcset=\"https:\/\/kursy-udt.pl\/wp-content\/uploads\/2023\/03\/s2-86-1024x683.jpg 1024w, https:\/\/kursy-udt.pl\/wp-content\/uploads\/2023\/03\/s2-86-300x200.jpg 300w, https:\/\/kursy-udt.pl\/wp-content\/uploads\/2023\/03\/s2-86-768x512.jpg 768w, https:\/\/kursy-udt.pl\/wp-content\/uploads\/2023\/03\/s2-86-1536x1024.jpg 1536w, https:\/\/kursy-udt.pl\/wp-content\/uploads\/2023\/03\/s2-86-18x12.jpg 18w, https:\/\/kursy-udt.pl\/wp-content\/uploads\/2023\/03\/s2-86-624x416.jpg 624w, https:\/\/kursy-udt.pl\/wp-content\/uploads\/2023\/03\/s2-86.jpg 1600w\" sizes=\"auto, (max-width: 512px) 100vw, 512px\" \/><\/a><\/figure>\n<\/div>\n\n\n<h2 class=\"wp-block-heading\">Nasz o\u015brodek szkoleniowy&nbsp;<\/h2>\n\n\n\n<p>Na rynku polskim dzia\u0142amy od ponad 15 lat w bran\u017cy szkoleniowej. Dotychczas mo\u017cemy pochwali\u0107 si\u0119 pochlebnymi opiniami kursant\u00f3w, kt\u00f3rzy brali udzia\u0142 w naszych szkoleniach. Nasz o\u015brodek szkoleniowy stawia na profesjonalne przygotowanie ka\u017cdego kursanta do egzaminu, a wszystko to odbywa si\u0119 dzi\u0119ki naszej wykwalifikowanej kadrze szkoleniowej. Spe\u0142niamy wszystkie normy dozoru technicznego i posiadamy wysoki wska\u017anik zdawalno\u015bci.&nbsp;<\/p>\n\n\n\n<h2 class=\"wp-block-heading\">Pytania i odpowiedzi<\/h2>\n\n\n\t\t<details\t\thelp class=\"sc_fs_faq sc_card    \"\n\t\topen\t\t>\n\t\t\t\t\t<summary>\n\t\t\t\t<h3>Jakie wyr\u00f3\u017cnia si\u0119 rodzaje uprawnie\u0144 na podesty ruchome?<\/h3>\t\t\t\t\t<\/summary>\n\t\t\t\t<div>\n\t\t\t\t\t\t<div class=\"sc_fs_faq__content\">\n\t\t\t\t\n\n<p>Wyr\u00f3\u017cniamy dwa rodzaje uprawnie\u0144, mianowicie: uprawnienia do obs\u0142ugi, kt\u00f3re posiada\u0107 musz\u0105 operatorzy oraz konserwatorzy oraz uprawnienia do konserwacji, kt\u00f3re musz\u0105 posiada\u0107 konserwatorzy w celu wykonania wszelkich napraw maszyny.&nbsp;<\/p>\n\n\t\t\t<\/div>\n\t\t<\/div>\n\t\t<\/details>\n\t\t\t\t<details\t\thelp class=\"sc_fs_faq sc_card    \"\n\t\t\t\t>\n\t\t\t\t\t<summary>\n\t\t\t\t<h3>Przez jaki czas wa\u017cne s\u0105 uprawnienia na podesty ruchome? <\/h3>\t\t\t\t\t<\/summary>\n\t\t\t\t<div>\n\t\t\t\t\t\t<div class=\"sc_fs_faq__content\">\n\t\t\t\t\n\n<p>Okres czasu przez jakie wa\u017cne s\u0105 uprawnienia wynosi 10 lat dla podest\u00f3w ruchomych masztowych, stacjonarnych, wisz\u0105cych oraz na pojazdach kolejowych, a przez okres 5 lat wa\u017cne s\u0105 dla podest\u00f3w ruchomych przejezdnych.<\/p>\n\n\t\t\t<\/div>\n\t\t<\/div>\n\t\t<\/details>\n\t\t\n<script type=\"application\/ld+json\">\n\t{\n\t\t\"@context\": \"https:\/\/schema.org\",\n\t\t\"@type\": \"FAQPage\",\n\t\t\"mainEntity\": [\n\t\t\t\t\t{\n\t\t\t\t\"@type\": \"Question\",\n\t\t\t\t\"name\": \"Jakie wyr\u00f3\u017cnia si\u0119 rodzaje uprawnie\u0144 na podesty ruchome?\",\n\t\t\t\t\"acceptedAnswer\": {\n\t\t\t\t\t\"@type\": \"Answer\",\n\t\t\t\t\t\"text\": \"<p>Wyr\u00f3\u017cniamy dwa rodzaje uprawnie\u0144, mianowicie: uprawnienia do obs\u0142ugi, kt\u00f3re posiada\u0107 musz\u0105 operatorzy oraz konserwatorzy oraz uprawnienia do konserwacji, kt\u00f3re musz\u0105 posiada\u0107 konserwatorzy w celu wykonania wszelkich napraw maszyny.&nbsp;<\/p>\"\n\t\t\t\t\t\t\t\t\t}\n\t\t\t}\n\t\t\t,\t\t\t\t{\n\t\t\t\t\"@type\": \"Question\",\n\t\t\t\t\"name\": \"Przez jaki czas wa\u017cne s\u0105 uprawnienia na podesty ruchome? \",\n\t\t\t\t\"acceptedAnswer\": {\n\t\t\t\t\t\"@type\": \"Answer\",\n\t\t\t\t\t\"text\": \"<p>Okres czasu przez jakie wa\u017cne s\u0105 uprawnienia wynosi 10 lat dla podest\u00f3w ruchomych masztowych, stacjonarnych, wisz\u0105cych oraz na pojazdach kolejowych, a przez okres 5 lat wa\u017cne s\u0105 dla podest\u00f3w ruchomych przejezdnych.<\/p>\"\n\t\t\t\t\t\t\t\t\t}\n\t\t\t}\n\t\t\t\t\t\t]\n\t}\n<\/script>\n","protected":false},"excerpt":{"rendered":"<p>Podesty ruchome wisz\u0105ce konserwator UDT&nbsp; Nasz o\u015brodek szkoleniowy oferuje kurs na uprawnienia UDT do obs\u0142ugi i konserwacji podest\u00f3w ruchomych, w tym podno\u015bnik\u00f3w koszowych i no\u017cycowych. Na rynku dzia\u0142amy od ponad 10 lat, szkol\u0105c kursant\u00f3w na operator\u00f3w i konserwator\u00f3w na terenie ca\u0142ego kraju i poza nim.&nbsp; Program szkolenia&nbsp; Kurs na podesty ruchome obejmuje takie zagadnienia jak:&nbsp; Jak wygl\u0105da egzamin?&nbsp; Aby zdoby\u0107 uprawnienia na konserwatora i\/lub operatora, nale\u017cy uda\u0107 si\u0119 do Urz\u0119du Dozoru Technicznego i zda\u0107 egzamin pa\u0144stwowy przed komisj\u0105 egzaminacyjn\u0105.&nbsp; Warunkami przyst\u0105pienia do szkolenia i egzaminu jest:&nbsp; Po z\u0142o\u017ceniu wniosku o przyst\u0105pienie do egzaminu UDT i ukazaniu dowodu osobistego powinni\u015bmy pozna\u0107 termin przyst\u0105pienia do egzaminu w ci\u0105gu 30 dni. Egzamin sk\u0142ada si\u0119 z cz\u0119\u015bci praktycznej i teoretycznej, kt\u00f3ra polega na odpowiedzeniu pisemnie na zawarte pytania. Gdy zaliczymy cz\u0119\u015b\u0107 teoretyczn\u0105 b\u0119dziemy mogli przyst\u0105pi\u0107 do cz\u0119\u015bci praktycznej i wykaza\u0107 si\u0119 zdobytymi umiej\u0119tno\u015bciami na placu manewrowym.&nbsp; Szkolenia na wszystkie rodzaje podest\u00f3w ruchomych&nbsp; Prowadzimy szkolenia na wszystkie rodzaje podest\u00f3w ruchomych, wi\u0119c nasi podopieczni b\u0119d\u0105 mogli w o\u015brodku zrealizowa\u0107 si\u0119 jako operatorzy i\/lub konserwatorzy na ka\u017cdy rodzaj tego urz\u0105dzenia.&nbsp; Jakie s\u0105 rodzaje uprawnie\u0144?&nbsp; Wyr\u00f3\u017cniamy dwa rodzaje uprawnie\u0144 przy urz\u0105dzeniach technicznych, s\u0105 nimi:&nbsp; Oczywi\u015bcie jedna osoba mo\u017ce posiada\u0107 obydwa uprawnienia do wykonywania zawodu, ale aby zosta\u0107 konserwatorem danego urz\u0105dzenia, na pocz\u0105tku trzeba mie\u0107 uprawnienia do obs\u0142ugi.&nbsp; Rodzaje uprawnie\u0144 na podesty ruchome &nbsp; Podesty ruchome wisz\u0105ce (uprawniaj\u0105 do obs\u0142ugi podest\u00f3w ruchomych stacjonarnych oraz masztowych)&nbsp; Czas wa\u017cno\u015bci uprawnie\u0144 trwa przez 10 lat&nbsp; Podesty ruchome masztowe (uprawniaj\u0105 do obs\u0142ugi podest\u00f3w stacjonarnych i masztowych)&nbsp; Czas wa\u017cno\u015bci uprawnie\u0144 trwa przez 10 lat&nbsp; Podesty ruchome stacjonarne&nbsp; Czas wa\u017cno\u015bci [&hellip;]<\/p>\n","protected":false},"author":6,"featured_media":5313,"parent":2721,"menu_order":0,"comment_status":"closed","ping_status":"closed","template":"","meta":{"sfsi_plus_gutenberg_text_before_share":"","sfsi_plus_gutenberg_show_text_before_share":"","sfsi_plus_gutenberg_icon_type":"","sfsi_plus_gutenberg_icon_alignemt":"","sfsi_plus_gutenburg_max_per_row":"","footnotes":""},"class_list":["post-5309","page","type-page","status-publish","has-post-thumbnail","hentry","has_thumb"],"aioseo_notices":[],"_links":{"self":[{"href":"https:\/\/kursy-udt.pl\/fr\/wp-json\/wp\/v2\/pages\/5309","targetHints":{"allow":["GET"]}}],"collection":[{"href":"https:\/\/kursy-udt.pl\/fr\/wp-json\/wp\/v2\/pages"}],"about":[{"href":"https:\/\/kursy-udt.pl\/fr\/wp-json\/wp\/v2\/types\/page"}],"author":[{"embeddable":true,"href":"https:\/\/kursy-udt.pl\/fr\/wp-json\/wp\/v2\/users\/6"}],"replies":[{"embeddable":true,"href":"https:\/\/kursy-udt.pl\/fr\/wp-json\/wp\/v2\/comments?post=5309"}],"version-history":[{"count":5,"href":"https:\/\/kursy-udt.pl\/fr\/wp-json\/wp\/v2\/pages\/5309\/revisions"}],"predecessor-version":[{"id":5492,"href":"https:\/\/kursy-udt.pl\/fr\/wp-json\/wp\/v2\/pages\/5309\/revisions\/5492"}],"up":[{"embeddable":true,"href":"https:\/\/kursy-udt.pl\/fr\/wp-json\/wp\/v2\/pages\/2721"}],"wp:featuredmedia":[{"embeddable":true,"href":"https:\/\/kursy-udt.pl\/fr\/wp-json\/wp\/v2\/media\/5313"}],"wp:attachment":[{"href":"https:\/\/kursy-udt.pl\/fr\/wp-json\/wp\/v2\/media?parent=5309"}],"curies":[{"name":"wp","href":"https:\/\/api.w.org\/{rel}","templated":true}]}}