{"id":5302,"date":"2023-03-21T12:31:10","date_gmt":"2023-03-21T11:31:10","guid":{"rendered":"https:\/\/kursy-udt.pl\/?page_id=5302"},"modified":"2023-03-21T16:00:05","modified_gmt":"2023-03-21T15:00:05","slug":"formation-a-la-maintenance-des-grues","status":"publish","type":"page","link":"https:\/\/kursy-udt.pl\/fr\/szkolenia\/udt-wdt-tdt\/szkolenie-na-konserwatora-suwnic\/","title":{"rendered":"Formation au permis de maintenance des grues"},"content":{"rendered":"\n<h2 class=\"wp-block-heading\">Konserwacja suwnicy specjalnego i og\u00f3lnego przeznaczenia \u2013szkolenie&nbsp;<\/h2>\n\n\n<div class=\"wp-block-image\">\n<figure class=\"alignleft size-large is-resized\"><a href=\"https:\/\/kursy-udt.pl\/wp-content\/uploads\/2023\/03\/screen_2x-2023-03-06T154616.278.jpg\"><img loading=\"lazy\" decoding=\"async\" src=\"https:\/\/kursy-udt.pl\/wp-content\/uploads\/2023\/03\/screen_2x-2023-03-06T154616.278-1024x683.jpg\" alt=\"suwnica w centrum logistycznym\" class=\"wp-image-5304\" width=\"512\" height=\"342\" srcset=\"https:\/\/kursy-udt.pl\/wp-content\/uploads\/2023\/03\/screen_2x-2023-03-06T154616.278-1024x683.jpg 1024w, https:\/\/kursy-udt.pl\/wp-content\/uploads\/2023\/03\/screen_2x-2023-03-06T154616.278-300x200.jpg 300w, https:\/\/kursy-udt.pl\/wp-content\/uploads\/2023\/03\/screen_2x-2023-03-06T154616.278-768x512.jpg 768w, https:\/\/kursy-udt.pl\/wp-content\/uploads\/2023\/03\/screen_2x-2023-03-06T154616.278-1536x1024.jpg 1536w, https:\/\/kursy-udt.pl\/wp-content\/uploads\/2023\/03\/screen_2x-2023-03-06T154616.278-18x12.jpg 18w, https:\/\/kursy-udt.pl\/wp-content\/uploads\/2023\/03\/screen_2x-2023-03-06T154616.278-624x416.jpg 624w, https:\/\/kursy-udt.pl\/wp-content\/uploads\/2023\/03\/screen_2x-2023-03-06T154616.278.jpg 1600w\" sizes=\"auto, (max-width: 512px) 100vw, 512px\" \/><\/a><\/figure>\n<\/div>\n\n\n<p>Oferujemy szkolenia na <a href=\"https:\/\/kursy-udt.pl\/fr\/uprawnienia-udt\/kategorie-uprawnien-2\/\">uprawnienia UDT<\/a> operatora suwnic. Zapewniamy zaj\u0119cia teoretyczne i praktyczne, kt\u00f3re w ca\u0142o\u015bci s\u0105 prowadzone przez wykwalifikowanych instruktor\u00f3w. Przygotowali\u015bmy bogaty program szkolenia, kt\u00f3ry sprawnie i profesjonalnie przygotuje ci\u0119 do wykonywania obowi\u0105zk\u00f3w operatora suwnic.&nbsp;<\/p>\n\n\n\n<h2 class=\"wp-block-heading\">Program szkolenia&nbsp;<\/h2>\n\n\n\n<p>Ka\u017cdy kurs na konserwatora suwnicy jest przygotowany przez naszych instruktor\u00f3w z dok\u0142adno\u015bci\u0105 i zgodnie z aktualnie obowi\u0105zuj\u0105cymi wymogami UDT. Szkolenie podzielone jest na dwie cz\u0119\u015bci: teoretyczn\u0105 i praktyczn\u0105. &nbsp;<\/p>\n\n\n\n<p><strong>Kurs obejmuje informacje niezb\u0119dne do pracy na stanowisku konserwatora suwnicy. <\/strong><\/p>\n\n\n\n<p><strong>Tymi tematami s\u0105:<\/strong>&nbsp;<\/p>\n\n\n\n<ul class=\"wp-block-list\">\n<li>zasady <a href=\"https:\/\/kursy-udt.pl\/fr\/szkolenia\/bhp-bezpieczenstwo-pracy\/prawna-ochrona-pracy\/\">BHP<\/a>,&nbsp;&nbsp;<\/li>\n\n\n\n<li>budowa i eksploatacja urz\u0105dze\u0144,&nbsp;<\/li>\n\n\n\n<li>mechanizmy i podzespo\u0142y suwnic,&nbsp;<\/li>\n\n\n\n<li>rodzaje zawiesi,&nbsp;<\/li>\n\n\n\n<li>plany konserwacyjne,&nbsp;<\/li>\n\n\n\n<li>obowi\u0105zki wymagane na stanowisku konserwatora suwnicy,&nbsp;<\/li>\n\n\n\n<li>doz\u00f3r techniczny.&nbsp;<\/li>\n<\/ul>\n\n\n\n<p>Nasze szkolenie jest prowadzone na podstawie rozbudowanej teorii oraz zaj\u0119\u0107 praktycznych z u\u017cyciem maszyny. Podczas \u0107wicze\u0144, kursanci b\u0119d\u0105 w stanie prze\u0142o\u017cy\u0107 swoj\u0105 wiedz\u0119 teoretyczn\u0105 na nauk\u0119 umiej\u0119tno\u015bci praktycznych, a tak\u017ce nauczy\u0107 si\u0119 jak poprawnie oraz bezpiecznie naprawia\u0107 maszyn\u0119. Ta cz\u0119\u015b\u0107 odbywa si\u0119 na placu \u0107wiczeniowym.&nbsp;<\/p>\n\n\n\n<h2 class=\"wp-block-heading\">Egzamin pa\u0144stwowy&nbsp;&nbsp;<\/h2>\n\n\n\n<p>Egzamin dzieli si\u0119 na cz\u0119\u015b\u0107 teoretyczn\u0105, w kt\u00f3rej kursanci s\u0105 zobowi\u0105zani podej\u015b\u0107 do testu, natomiast w cz\u0119\u015bci praktycznej musz\u0105 przedstawi\u0107 przed komisj\u0105 swoje kompetencje. Je\u015bli wynik egzaminu b\u0119dzie pozytywny, uczestnik uzyskuje za\u015bwiadczenie o uko\u0144czeniu kursu na konserwatora suwnic oraz uprawnienia pozwalaj\u0105ce na prac\u0119 przy ich obs\u0142udze.&nbsp;<\/p>\n\n\n<div class=\"wp-block-image\">\n<figure class=\"alignleft size-large is-resized\"><a href=\"https:\/\/kursy-udt.pl\/wp-content\/uploads\/2023\/03\/screen_2x-2023-03-06T154701.738.jpg\"><img loading=\"lazy\" decoding=\"async\" src=\"https:\/\/kursy-udt.pl\/wp-content\/uploads\/2023\/03\/screen_2x-2023-03-06T154701.738-1024x683.jpg\" alt=\"du\u017ca suwnica na zewn\u0105trz\" class=\"wp-image-5305\" width=\"512\" height=\"342\" srcset=\"https:\/\/kursy-udt.pl\/wp-content\/uploads\/2023\/03\/screen_2x-2023-03-06T154701.738-1024x683.jpg 1024w, https:\/\/kursy-udt.pl\/wp-content\/uploads\/2023\/03\/screen_2x-2023-03-06T154701.738-300x200.jpg 300w, https:\/\/kursy-udt.pl\/wp-content\/uploads\/2023\/03\/screen_2x-2023-03-06T154701.738-768x512.jpg 768w, https:\/\/kursy-udt.pl\/wp-content\/uploads\/2023\/03\/screen_2x-2023-03-06T154701.738-1536x1024.jpg 1536w, https:\/\/kursy-udt.pl\/wp-content\/uploads\/2023\/03\/screen_2x-2023-03-06T154701.738-18x12.jpg 18w, https:\/\/kursy-udt.pl\/wp-content\/uploads\/2023\/03\/screen_2x-2023-03-06T154701.738-624x416.jpg 624w, https:\/\/kursy-udt.pl\/wp-content\/uploads\/2023\/03\/screen_2x-2023-03-06T154701.738.jpg 1600w\" sizes=\"auto, (max-width: 512px) 100vw, 512px\" \/><\/a><\/figure>\n<\/div>\n\n\n<h2 class=\"wp-block-heading\">Charakterystyka suwnic&nbsp;<\/h2>\n\n\n\n<p>Suwnice s\u0105 rodzajem urz\u0105dze\u0144 d\u017awigowo-transportowych, kt\u00f3re pracuj\u0105 w ruchu przerywanym. Suwnica zbudowana jest z cz\u0119\u015bci no\u015bnej (tzw. mostu) poruszaj\u0105cej si\u0119 po torach oraz wci\u0105gnika lub wci\u0105garki, kt\u00f3ra przeje\u017cd\u017ca po mo\u015bcie przenosz\u0105c \u0142adunki w pionie albo poziomie. &nbsp;<\/p>\n\n\n\n<p>Suwnice g\u0142\u00f3wnie s\u0105 wykorzystywane w bran\u017cy budowlanej i przemys\u0142owej. S\u0105 maszynami umo\u017cliwiaj\u0105cymi sprawny i efektywny transport bliski w obr\u0119bie placu budowy lub zak\u0142adu przemys\u0142owego. Zakres wci\u0105gnika lub wci\u0105garki powoduje, \u017ce przestrze\u0144 przenoszenia \u0142adunk\u00f3w jest ograniczona. &nbsp;<\/p>\n\n\n\n<p>Suwnice s\u0105 urz\u0105dzeniami, kt\u00f3re wymagaj\u0105 regularnych przegl\u0105d\u00f3w, a w razie potrzeby, napraw i konserwacji. Warto zwr\u00f3ci\u0107 uwag\u0119 na konieczno\u015b\u0107 wykonywania bada\u0144 i pomiar\u00f3w elektrycznych oraz sporz\u0105dzania protoko\u0142\u00f3w wymaganych przez Urz\u0105d Dozoru Technicznego. Warto tak\u017ce stale monitorowa\u0107 poziom zu\u017cycia resursu maszyny i jego mechanizm\u00f3w.&nbsp;<\/p>\n\n\n\n<h2 class=\"wp-block-heading\">Wymagania dla kandydat\u00f3w&nbsp;<\/h2>\n\n\n\n<p>Szkolenie jest przygotowane dla os\u00f3b, kt\u00f3re maj\u0105 ch\u0119ci na pog\u0142\u0119bienie swojej wiedzy, poszerzenie kompetencji zawodowych i uzyskanie nowych kwalifikacji zawodowych. Dzi\u0119ki naszemu szkoleniu, jeste\u015b w stanie zdoby\u0107 lepsz\u0105 prac\u0119 daj\u0105c\u0105 ci atrakcyjne zarobki. Musisz jednak spe\u0142ni\u0107 kilka warunk\u00f3w.&nbsp;<\/p>\n\n\n\n<p><strong>Aby m\u00f3c wzi\u0105\u0107 udzia\u0142 w kursie, trzeba spe\u0142nia\u0107 nast\u0119puj\u0105ce wymagania:<\/strong>&nbsp;<\/p>\n\n\n\n<ul class=\"wp-block-list\">\n<li>uko\u0144czenie 18. roku \u017cycia,&nbsp;<\/li>\n\n\n\n<li>posiadanie orzeczenia lekarskiego z brakiem przeciwwskaza\u0144 do pracy przy obs\u0142udze suwnicy,&nbsp;<\/li>\n\n\n\n<li>posiadanie minimum wykszta\u0142cenia podstawowego\/gimnazjalnego.&nbsp;<\/li>\n<\/ul>\n\n\n<div class=\"wp-block-image\">\n<figure class=\"alignright size-large is-resized\"><a href=\"https:\/\/kursy-udt.pl\/wp-content\/uploads\/2023\/03\/screen_2x-2023-03-06T154556.218.jpg\"><img loading=\"lazy\" decoding=\"async\" src=\"https:\/\/kursy-udt.pl\/wp-content\/uploads\/2023\/03\/screen_2x-2023-03-06T154556.218-1024x683.jpg\" alt=\"suwnica z hakiem\" class=\"wp-image-5306\" width=\"512\" height=\"342\" srcset=\"https:\/\/kursy-udt.pl\/wp-content\/uploads\/2023\/03\/screen_2x-2023-03-06T154556.218-1024x683.jpg 1024w, https:\/\/kursy-udt.pl\/wp-content\/uploads\/2023\/03\/screen_2x-2023-03-06T154556.218-300x200.jpg 300w, https:\/\/kursy-udt.pl\/wp-content\/uploads\/2023\/03\/screen_2x-2023-03-06T154556.218-768x512.jpg 768w, https:\/\/kursy-udt.pl\/wp-content\/uploads\/2023\/03\/screen_2x-2023-03-06T154556.218-1536x1024.jpg 1536w, https:\/\/kursy-udt.pl\/wp-content\/uploads\/2023\/03\/screen_2x-2023-03-06T154556.218-18x12.jpg 18w, https:\/\/kursy-udt.pl\/wp-content\/uploads\/2023\/03\/screen_2x-2023-03-06T154556.218-624x416.jpg 624w, https:\/\/kursy-udt.pl\/wp-content\/uploads\/2023\/03\/screen_2x-2023-03-06T154556.218.jpg 1600w\" sizes=\"auto, (max-width: 512px) 100vw, 512px\" \/><\/a><\/figure>\n<\/div>\n\n\n<h2 class=\"wp-block-heading\">Pozosta\u0142e us\u0142ugi<\/h2>\n\n\n\n<ul class=\"wp-block-list\">\n<li>szkolenia BHP,&nbsp;<\/li>\n\n\n\n<li>kursy na operatora i konserwatora maszyn UDT,&nbsp;<\/li>\n\n\n\n<li>serwis mobilny i stacjonarny m.in. podest\u00f3w ruchomych (wszystkich rodzaj\u00f3w, r\u00f3wnie\u017c podno\u015bnik\u00f3w koszowych i no\u017cycowych), \u0142adowarek teleskopowych, suwnic, uk\u0142adnic magazynowych oraz w\u00f3zk\u00f3w wid\u0142owych,&nbsp;<\/li>\n\n\n\n<li>mo\u017cliwo\u015b\u0107 wypo\u017cyczenia w\u00f3zka wid\u0142owego lub podestu no\u017cycowego,&nbsp;<\/li>\n\n\n\n<li>mo\u017cliwo\u015b\u0107 wypr\u00f3bowania maszyny przed zakupem,&nbsp;<\/li>\n\n\n\n<li>konserwacja, modernizacja, audyt urz\u0105dze\u0144 UDT.&nbsp;<\/li>\n<\/ul>\n\n\n\n<p>Jeste\u015bmy firm\u0105 prowadz\u0105c\u0105 wsp\u00f3\u0142prac\u0119 tak, aby ka\u017cda ze stron by\u0142a zadowolona, dlatego czas trwania kursu jest opracowywany indywidualnie, zgodnie z potrzebami kursant\u00f3w. Terminy zaj\u0119\u0107 klient uzgadnia samodzielnie z instruktorem. &nbsp;<\/p>\n\n\n\n<p><strong>Je\u015bli maj\u0105 Pa\u0144stwo wi\u0119cej pyta\u0144 z ch\u0119ci\u0105 na nie odpowiemy! Zapraszamy do kontaktu.&nbsp;<\/strong><\/p>\n\n\n\n<h2 class=\"wp-block-heading\">Pytania i odpowiedzi<\/h2>\n\n\n\t\t<details\t\thelp class=\"sc_fs_faq sc_card    \"\n\t\topen\t\t>\n\t\t\t\t\t<summary>\n\t\t\t\t<h3>Jaka jest tematyka szkolenia na konserwatora suwnic?<\/h3>\t\t\t\t\t<\/summary>\n\t\t\t\t<div>\n\t\t\t\t\t\t<div class=\"sc_fs_faq__content\">\n\t\t\t\t\n\n<p>Na kursie na uprawnienia konserwatora suwnic, kursanci zdobywaj\u0105 wiedz\u0119 m.in. na temat budowy i dzia\u0142ania urz\u0105dze\u0144, typ\u00f3w zawiesi, obowi\u0105zk\u00f3w konserwatora oraz ich pracy praktycznej.<\/p>\n\n\t\t\t<\/div>\n\t\t<\/div>\n\t\t<\/details>\n\t\t\t\t<details\t\thelp class=\"sc_fs_faq sc_card    \"\n\t\t\t\t>\n\t\t\t\t\t<summary>\n\t\t\t\t<h3>Ile trwa kurs na konserwatora suwnic?<\/h3>\t\t\t\t\t<\/summary>\n\t\t\t\t<div>\n\t\t\t\t\t\t<div class=\"sc_fs_faq__content\">\n\t\t\t\t\n\n<p>Czas trwania kursu na konserwatora suwnic w naszej firmie jest r\u00f3\u017cny i cz\u0119sto zale\u017cny od um\u00f3wienia si\u0119 indywidualnego z kursantem. W tym celu zapraszamy do kontaktu.<\/p>\n\n\t\t\t<\/div>\n\t\t<\/div>\n\t\t<\/details>\n\t\t\n<script type=\"application\/ld+json\">\n\t{\n\t\t\"@context\": \"https:\/\/schema.org\",\n\t\t\"@type\": \"FAQPage\",\n\t\t\"mainEntity\": [\n\t\t\t\t\t{\n\t\t\t\t\"@type\": \"Question\",\n\t\t\t\t\"name\": \"Jaka jest tematyka szkolenia na konserwatora suwnic?\",\n\t\t\t\t\"acceptedAnswer\": {\n\t\t\t\t\t\"@type\": \"Answer\",\n\t\t\t\t\t\"text\": \"<p>Na kursie na uprawnienia konserwatora suwnic, kursanci zdobywaj\u0105 wiedz\u0119 m.in. na temat budowy i dzia\u0142ania urz\u0105dze\u0144, typ\u00f3w zawiesi, obowi\u0105zk\u00f3w konserwatora oraz ich pracy praktycznej.<\/p>\"\n\t\t\t\t\t\t\t\t\t}\n\t\t\t}\n\t\t\t,\t\t\t\t{\n\t\t\t\t\"@type\": \"Question\",\n\t\t\t\t\"name\": \"Ile trwa kurs na konserwatora suwnic?\",\n\t\t\t\t\"acceptedAnswer\": {\n\t\t\t\t\t\"@type\": \"Answer\",\n\t\t\t\t\t\"text\": \"<p>Czas trwania kursu na konserwatora suwnic w naszej firmie jest r\u00f3\u017cny i cz\u0119sto zale\u017cny od um\u00f3wienia si\u0119 indywidualnego z kursantem. W tym celu zapraszamy do kontaktu.<\/p>\"\n\t\t\t\t\t\t\t\t\t}\n\t\t\t}\n\t\t\t\t\t\t]\n\t}\n<\/script>\n","protected":false},"excerpt":{"rendered":"<p>Konserwacja suwnicy specjalnego i og\u00f3lnego przeznaczenia \u2013szkolenie&nbsp; Oferujemy szkolenia na uprawnienia UDT operatora suwnic. Zapewniamy zaj\u0119cia teoretyczne i praktyczne, kt\u00f3re w ca\u0142o\u015bci s\u0105 prowadzone przez wykwalifikowanych instruktor\u00f3w. Przygotowali\u015bmy bogaty program szkolenia, kt\u00f3ry sprawnie i profesjonalnie przygotuje ci\u0119 do wykonywania obowi\u0105zk\u00f3w operatora suwnic.&nbsp; Program szkolenia&nbsp; Ka\u017cdy kurs na konserwatora suwnicy jest przygotowany przez naszych instruktor\u00f3w z dok\u0142adno\u015bci\u0105 i zgodnie z aktualnie obowi\u0105zuj\u0105cymi wymogami UDT. Szkolenie podzielone jest na dwie cz\u0119\u015bci: teoretyczn\u0105 i praktyczn\u0105. &nbsp; Kurs obejmuje informacje niezb\u0119dne do pracy na stanowisku konserwatora suwnicy. Tymi tematami s\u0105:&nbsp; Nasze szkolenie jest prowadzone na podstawie rozbudowanej teorii oraz zaj\u0119\u0107 praktycznych z u\u017cyciem maszyny. Podczas \u0107wicze\u0144, kursanci b\u0119d\u0105 w stanie prze\u0142o\u017cy\u0107 swoj\u0105 wiedz\u0119 teoretyczn\u0105 na nauk\u0119 umiej\u0119tno\u015bci praktycznych, a tak\u017ce nauczy\u0107 si\u0119 jak poprawnie oraz bezpiecznie naprawia\u0107 maszyn\u0119. Ta cz\u0119\u015b\u0107 odbywa si\u0119 na placu \u0107wiczeniowym.&nbsp; Egzamin pa\u0144stwowy&nbsp;&nbsp; Egzamin dzieli si\u0119 na cz\u0119\u015b\u0107 teoretyczn\u0105, w kt\u00f3rej kursanci s\u0105 zobowi\u0105zani podej\u015b\u0107 do testu, natomiast w cz\u0119\u015bci praktycznej musz\u0105 przedstawi\u0107 przed komisj\u0105 swoje kompetencje. Je\u015bli wynik egzaminu b\u0119dzie pozytywny, uczestnik uzyskuje za\u015bwiadczenie o uko\u0144czeniu kursu na konserwatora suwnic oraz uprawnienia pozwalaj\u0105ce na prac\u0119 przy ich obs\u0142udze.&nbsp; Charakterystyka suwnic&nbsp; Suwnice s\u0105 rodzajem urz\u0105dze\u0144 d\u017awigowo-transportowych, kt\u00f3re pracuj\u0105 w ruchu przerywanym. Suwnica zbudowana jest z cz\u0119\u015bci no\u015bnej (tzw. mostu) poruszaj\u0105cej si\u0119 po torach oraz wci\u0105gnika lub wci\u0105garki, kt\u00f3ra przeje\u017cd\u017ca po mo\u015bcie przenosz\u0105c \u0142adunki w pionie albo poziomie. &nbsp; Suwnice g\u0142\u00f3wnie s\u0105 wykorzystywane w bran\u017cy budowlanej i przemys\u0142owej. S\u0105 maszynami umo\u017cliwiaj\u0105cymi sprawny i efektywny transport bliski w obr\u0119bie placu budowy lub zak\u0142adu przemys\u0142owego. Zakres wci\u0105gnika lub wci\u0105garki powoduje, \u017ce przestrze\u0144 przenoszenia \u0142adunk\u00f3w jest ograniczona. &nbsp; Suwnice [&hellip;]<\/p>\n","protected":false},"author":6,"featured_media":5306,"parent":2721,"menu_order":0,"comment_status":"closed","ping_status":"closed","template":"","meta":{"sfsi_plus_gutenberg_text_before_share":"","sfsi_plus_gutenberg_show_text_before_share":"","sfsi_plus_gutenberg_icon_type":"","sfsi_plus_gutenberg_icon_alignemt":"","sfsi_plus_gutenburg_max_per_row":"","footnotes":""},"class_list":["post-5302","page","type-page","status-publish","has-post-thumbnail","hentry","has_thumb"],"aioseo_notices":[],"_links":{"self":[{"href":"https:\/\/kursy-udt.pl\/fr\/wp-json\/wp\/v2\/pages\/5302","targetHints":{"allow":["GET"]}}],"collection":[{"href":"https:\/\/kursy-udt.pl\/fr\/wp-json\/wp\/v2\/pages"}],"about":[{"href":"https:\/\/kursy-udt.pl\/fr\/wp-json\/wp\/v2\/types\/page"}],"author":[{"embeddable":true,"href":"https:\/\/kursy-udt.pl\/fr\/wp-json\/wp\/v2\/users\/6"}],"replies":[{"embeddable":true,"href":"https:\/\/kursy-udt.pl\/fr\/wp-json\/wp\/v2\/comments?post=5302"}],"version-history":[{"count":5,"href":"https:\/\/kursy-udt.pl\/fr\/wp-json\/wp\/v2\/pages\/5302\/revisions"}],"predecessor-version":[{"id":5642,"href":"https:\/\/kursy-udt.pl\/fr\/wp-json\/wp\/v2\/pages\/5302\/revisions\/5642"}],"up":[{"embeddable":true,"href":"https:\/\/kursy-udt.pl\/fr\/wp-json\/wp\/v2\/pages\/2721"}],"wp:featuredmedia":[{"embeddable":true,"href":"https:\/\/kursy-udt.pl\/fr\/wp-json\/wp\/v2\/media\/5306"}],"wp:attachment":[{"href":"https:\/\/kursy-udt.pl\/fr\/wp-json\/wp\/v2\/media?parent=5302"}],"curies":[{"name":"wp","href":"https:\/\/api.w.org\/{rel}","templated":true}]}}