{"id":5284,"date":"2023-03-21T12:11:18","date_gmt":"2023-03-21T11:11:18","guid":{"rendered":"https:\/\/kursy-udt.pl\/?page_id=5284"},"modified":"2023-03-21T15:56:34","modified_gmt":"2023-03-21T14:56:34","slug":"reparation-de-palans-et-de-treuils","status":"publish","type":"page","link":"https:\/\/kursy-udt.pl\/fr\/uslugi\/serwis\/naprawa-wciagnikow-i-wciagarek\/","title":{"rendered":"Service professionnel, inspection et r\u00e9paration de palans et de treuils"},"content":{"rendered":"\n<h2 class=\"wp-block-heading\">Serwis wci\u0105gnik\u00f3w i wci\u0105garek&nbsp;<\/h2>\n\n\n\n<p>Nasza plac\u00f3wka posiada kadr\u0119 wykwalifikowanych fachowc\u00f3w, dysponuj\u0105cych odpowiedni\u0105 wiedz\u0105, umiej\u0119tno\u015bciami, a tak\u017ce uprawnieniami z zakresu serwisowania, konserwacji oraz diagnostyki maszyn UDT. Jeste\u015bmy wyposa\u017ceni w nowoczesny park maszynowy z warsztatem do obrabiania tworzyw sztucznych oraz metali.&nbsp;<\/p>\n\n\n<div class=\"wp-block-image\">\n<figure class=\"alignright size-large is-resized\"><a href=\"https:\/\/kursy-udt.pl\/wp-content\/uploads\/2023\/03\/screen_2x-2023-03-06T143434.934.jpg\"><img loading=\"lazy\" decoding=\"async\" src=\"https:\/\/kursy-udt.pl\/wp-content\/uploads\/2023\/03\/screen_2x-2023-03-06T143434.934-1024x696.jpg\" alt=\"wci\u0105garka na magazynie \" class=\"wp-image-5293\" width=\"512\" height=\"348\" srcset=\"https:\/\/kursy-udt.pl\/wp-content\/uploads\/2023\/03\/screen_2x-2023-03-06T143434.934-1024x696.jpg 1024w, https:\/\/kursy-udt.pl\/wp-content\/uploads\/2023\/03\/screen_2x-2023-03-06T143434.934-300x204.jpg 300w, https:\/\/kursy-udt.pl\/wp-content\/uploads\/2023\/03\/screen_2x-2023-03-06T143434.934-768x522.jpg 768w, https:\/\/kursy-udt.pl\/wp-content\/uploads\/2023\/03\/screen_2x-2023-03-06T143434.934-1536x1044.jpg 1536w, https:\/\/kursy-udt.pl\/wp-content\/uploads\/2023\/03\/screen_2x-2023-03-06T143434.934-18x12.jpg 18w, https:\/\/kursy-udt.pl\/wp-content\/uploads\/2023\/03\/screen_2x-2023-03-06T143434.934-624x424.jpg 624w, https:\/\/kursy-udt.pl\/wp-content\/uploads\/2023\/03\/screen_2x-2023-03-06T143434.934.jpg 1600w\" sizes=\"auto, (max-width: 512px) 100vw, 512px\" \/><\/a><\/figure>\n<\/div>\n\n\n<h2 class=\"wp-block-heading\">Co oferujemy?&nbsp;<\/h2>\n\n\n\n<ul class=\"wp-block-list\">\n<li>kompleksow\u0105 obs\u0142ug\u0119 urz\u0105dze\u0144 transportu bliskiego (w zakresie: naprawa, przegl\u0105d, konwersacja, audyt, modernizacja, serwis);&nbsp;<\/li>\n\n\n\n<li>elastyczno\u015b\u0107: dostosowanie si\u0119 do potrzeb klienta;&nbsp;<\/li>\n\n\n\n<li>weryfikacj\u0119 oraz ogl\u0119dziny technicznego stanu urz\u0105dze\u0144 UDT;&nbsp;<\/li>\n\n\n\n<li>naprawy gwarancyjne i pogwarancyjne;&nbsp;<\/li>\n\n\n\n<li>pe\u0142en demonta\u017c element\u00f3w zwy\u017cek;&nbsp;<\/li>\n\n\n\n<li>diagnostyk\u0119 przegl\u0105dow\u0105 stacjonarn\u0105 i mobiln\u0105;&nbsp;<\/li>\n\n\n\n<li>szeroki program wsp\u00f3\u0142pracy (od d\u0142ugoterminowych us\u0142ug po jednorazowe);&nbsp;<\/li>\n\n\n\n<li>sprzeda\u017c oraz dostaw\u0119 cz\u0119\u015bci UDT (obejmuje zar\u00f3wno nowe, jak i u\u017cywane cz\u0119\u015bci);&nbsp;<\/li>\n\n\n\n<li>prace spawalnicze;&nbsp;<\/li>\n\n\n\n<li>badania odbiorcze, okresowe oraz dora\u017ane zgodnie z wytycznymi Urz\u0119du Dozoru Technicznego.&nbsp;<\/li>\n<\/ul>\n\n\n\n<p><strong>Przegl\u0105dy i konserwacje urz\u0105dze\u0144 bliskiego transportu obejmuj\u0105:<\/strong>&nbsp;<\/p>\n\n\n\n<ul class=\"wp-block-list\">\n<li>wpisanie w dziennik konserwacyjny przez uprawnion\u0105 do tej czynno\u015bci osob\u0119;&nbsp;<\/li>\n\n\n\n<li>wykonanie test\u00f3w w zakresie bezawaryjnego u\u017cytkowania maszyny;&nbsp;<\/li>\n\n\n\n<li>techniczn\u0105 wymian\u0119 smar\u00f3w;&nbsp;<\/li>\n\n\n\n<li>wykonanie odpowiednich czynno\u015bci serwisowych, zgodnych z przepisami UDT i opisem producenta.&nbsp;<\/li>\n<\/ul>\n\n\n\n<h2 class=\"wp-block-heading\">O firmie \u2013&nbsp;co sprawia, \u017ce warto nam zaufa\u0107?&nbsp;<\/h2>\n\n\n\n<p>Opr\u00f3cz serwisu stacjonarnego, \u015bwiadczymy us\u0142ugi mobilne w ca\u0142ej Polsce. Nasz\u0105 specjalizacj\u0105 jest przygotowanie urz\u0105dze\u0144 do gwarantuj\u0105cej bezpiecze\u0144stwo eksploatacji. Nieustannie podno\u015bmy kwalifikacje za\u0142ogi pracownik\u00f3w poprzez przer\u00f3\u017cne szkolenia, by zagwarantowa\u0107 klientom jako\u015b\u0107 us\u0142ug na mo\u017cliwie jak najwy\u017cszym poziomie.&nbsp;&nbsp;<\/p>\n\n\n<div class=\"wp-block-image\">\n<figure class=\"alignright size-large is-resized\"><a href=\"https:\/\/kursy-udt.pl\/wp-content\/uploads\/2023\/03\/s2-84.jpg\"><img decoding=\"async\" src=\"https:\/\/kursy-udt.pl\/wp-content\/uploads\/2023\/03\/s2-84-edited-1.jpg\" alt=\"ma\u0142a wci\u0105garka elektryczna\" class=\"wp-image-5291\" width=\"342\" srcset=\"https:\/\/kursy-udt.pl\/wp-content\/uploads\/2023\/03\/s2-84-edited-1.jpg 1067w, https:\/\/kursy-udt.pl\/wp-content\/uploads\/2023\/03\/s2-84-edited-1-225x300.jpg 225w, https:\/\/kursy-udt.pl\/wp-content\/uploads\/2023\/03\/s2-84-edited-1-768x1024.jpg 768w, https:\/\/kursy-udt.pl\/wp-content\/uploads\/2023\/03\/s2-84-edited-1-9x12.jpg 9w, https:\/\/kursy-udt.pl\/wp-content\/uploads\/2023\/03\/s2-84-edited-1-624x832.jpg 624w\" sizes=\"(max-width: 1067px) 100vw, 1067px\" \/><\/a><\/figure>\n<\/div>\n\n\n<p>Zapewniamy napraw\u0119 maszyn szerokiej gamy producent\u00f3w takich, jak: <em>Haulotte, JLG, SkyJack, Genie, Manitou, Linde, Still <\/em>i wielu innych<em>.<\/em>&nbsp;<\/p>\n\n\n\n<h2 class=\"wp-block-heading\">Posiadamy uprawnienia do kompleksowego serwisu:&nbsp;&nbsp;<\/h2>\n\n\n\n<ul class=\"wp-block-list\">\n<li>podest\u00f3w ruchomych;&nbsp;<\/li>\n\n\n\n<li>podno\u015bnik\u00f3w no\u017cycowych i koszowych;&nbsp;<\/li>\n\n\n\n<li>w\u00f3zk\u00f3w wid\u0142owych;&nbsp;<\/li>\n\n\n\n<li>wci\u0105garek i wci\u0105gnik\u00f3w;&nbsp;<\/li>\n\n\n\n<li>suwnic;&nbsp;<\/li>\n\n\n\n<li>d\u017awignik\u00f3w samochodowych;&nbsp;<\/li>\n\n\n\n<li>uk\u0142adnic magazynowych;<\/li>\n\n\n\n<li>\u0142adowarek teleskopowych;&nbsp;&nbsp;<\/li>\n\n\n\n<li>\u017curawi HDS;&nbsp;<\/li>\n\n\n\n<li>d\u017awignik\u00f3w;&nbsp;<\/li>\n\n\n\n<li>pozosta\u0142ych urz\u0105dze\u0144 UDT.&nbsp;&nbsp;<\/li>\n<\/ul>\n\n\n\n<h2 class=\"wp-block-heading\">Przegl\u0105dy w normie wytycznych UDT&nbsp;<\/h2>\n\n\n\n<p>Jako \u017ce zadowolenie naszych klient\u00f3w to czynnik, kt\u00f3ry stawiamy na pierwszym miejscu, staramy si\u0119 zapewni\u0107 jak najlepsze wsparcie dla os\u00f3b odpowiedzialnych za techniczne zarz\u0105dzanie zapleczem UDT. Gdy zatem zbli\u017ca si\u0119 moment wykonania przegl\u0105d\u00f3w urz\u0105dze\u0144, przypominamy o tym poprzez wys\u0142anie wiadomo\u015bci SMS. Czas trwania wykonywanej diagnostyk b\u0105d\u017a bada\u0144 ustalamy w taki spos\u00f3b, by zleceniodawca nie musia\u0142 niepokoi\u0107 si\u0119 przestojem w pracy.&nbsp;<\/p>\n\n\n\n<h2 class=\"wp-block-heading\">Us\u0142uga wypo\u017cyczenia maszyn UDT&nbsp;<\/h2>\n\n\n\n<p>W sytuacji, kiedy Twoja maszyna uleg\u0142a awarii, a przewidywany okres naprawczy jest d\u0142ugi, przewidzieli\u015bmy ofert\u0119, obejmuj\u0105c\u0105 wypo\u017cyczenie jednego z urz\u0105dze\u0144, b\u0119d\u0105cych na stanie magazynowym na okres trwania naprawy. Warto podkre\u015bli\u0107, i\u017c wypo\u017cyczane urz\u0105dzenie b\u0119dzie w pe\u0142ni sprawne oraz spe\u0142niaj\u0105ce wszelkie wymogi oraz normy UDT. Us\u0142uga ta ma na celu zapewnienie pe\u0142nego serwisu, bez obawy o d\u0142ugoterminowy zast\u00f3j w pracy.&nbsp;<\/p>\n\n\n<div class=\"wp-block-image\">\n<figure class=\"alignleft size-large is-resized\"><a href=\"https:\/\/kursy-udt.pl\/wp-content\/uploads\/2023\/03\/s2-85.jpg\"><img decoding=\"async\" src=\"https:\/\/kursy-udt.pl\/wp-content\/uploads\/2023\/03\/s2-85-edited.jpg\" alt=\"wci\u0105gnik i wci\u0105garka z \u0142a\u0144cuchem\" class=\"wp-image-5288\" width=\"342\" srcset=\"https:\/\/kursy-udt.pl\/wp-content\/uploads\/2023\/03\/s2-85-edited.jpg 1067w, https:\/\/kursy-udt.pl\/wp-content\/uploads\/2023\/03\/s2-85-edited-225x300.jpg 225w, https:\/\/kursy-udt.pl\/wp-content\/uploads\/2023\/03\/s2-85-edited-768x1024.jpg 768w, https:\/\/kursy-udt.pl\/wp-content\/uploads\/2023\/03\/s2-85-edited-9x12.jpg 9w, https:\/\/kursy-udt.pl\/wp-content\/uploads\/2023\/03\/s2-85-edited-624x832.jpg 624w\" sizes=\"(max-width: 1067px) 100vw, 1067px\" \/><\/a><\/figure>\n<\/div>\n\n\n<h2 class=\"wp-block-heading\">Profesjonalny serwis UDT&nbsp;<\/h2>\n\n\n\n<p>Wszystkie us\u0142ugi wykonywane s\u0105 z najwy\u017csz\u0105 staranno\u015bci\u0105, co ma prze\u0142o\u017cenie na pozytywne wyniki bada\u0144 technicznych podczas inspekcji UDT. W oparciu o wsparcie do\u015bwiadczonych specjalist\u00f3w zajmujemy si\u0119 prowadzeniem kompleksowej dokumentacji dotycz\u0105cej konserwowanych urz\u0105dze\u0144. Ponadto staramy si\u0119, by przegl\u0105dy by\u0142y dokonywane w okre\u015blonych terminach, uj\u0119tych w instrukcji eksploatacji. Zajmiemy si\u0119 ca\u0142\u0105 procedur\u0105 umawiania Inspektora do spraw UDT \u2013 o nic nie musisz si\u0119 martwi\u0107. Nasi specjali\u015bci od stanu technicznego, posiadaj\u0105cy odpowiednie za\u015bwiadczenia UDT, zrobi\u0105 wszystko, co konieczne, aby szybko i sprawnie naprawi\u0107 ka\u017cde urz\u0105dzenie z defektem. Dojad\u0105 w ka\u017cde miejsce w Polsce oraz zapewni\u0105 wsparcie w rozwi\u0105zaniu wielu skomplikowanych problem\u00f3w serwisowych, znajduj\u0105c najlepsze, a tak\u017ce spersonalizowane rozwi\u0105zanie dla dobra Twojej Firmy.&nbsp;&nbsp;<\/p>\n\n\n\n<p>Nasz\u0105 dewiz\u0105 jest bezpiecze\u0144stwo, dlatego te\u017c zapewniamy utrzymywanie urz\u0105dze\u0144 UTB w stanie, kt\u00f3ry gwarantuje komfort oraz minimalizuje koszty zwi\u0105zane z przestojem pracy maszyn UDT.&nbsp;<\/p>\n\n\n\n<p><strong>Serdecznie zapraszamy do kontaktu, jeste\u015bmy do Pa\u0144stwa dyspozycji!&nbsp;<\/strong><\/p>\n\n\n\n<h2 class=\"wp-block-heading\">Pytania i odpowiedzi<\/h2>\n\n\n\t\t<details\t\thelp class=\"sc_fs_faq sc_card    \"\n\t\topen\t\t>\n\t\t\t\t\t<summary>\n\t\t\t\t<h3>Co znajduje si\u0119 w ofercie firmy?<\/h3>\t\t\t\t\t<\/summary>\n\t\t\t\t<div>\n\t\t\t\t\t\t<div class=\"sc_fs_faq__content\">\n\t\t\t\t\n\n<p>Nasza firma opr\u00f3cz diagnostyki mobilnej \u015bwiadczy r\u00f3wnie\u017c us\u0142ugi serwisu stacjonarnego.<\/p>\n\n\t\t\t<\/div>\n\t\t<\/div>\n\t\t<\/details>\n\t\t\t\t<details\t\thelp class=\"sc_fs_faq sc_card    \"\n\t\t\t\t>\n\t\t\t\t\t<summary>\n\t\t\t\t<h3>Czy serwisujecie w innych wojew\u00f3dztwach ni\u017c Mazowieckie?<\/h3>\t\t\t\t\t<\/summary>\n\t\t\t\t<div>\n\t\t\t\t\t\t<div class=\"sc_fs_faq__content\">\n\t\t\t\t\n\n<p>Tak, oferujemy nasze us\u0142ugi na terenie ca\u0142ej Polski.<\/p>\n\n\t\t\t<\/div>\n\t\t<\/div>\n\t\t<\/details>\n\t\t\n<script type=\"application\/ld+json\">\n\t{\n\t\t\"@context\": \"https:\/\/schema.org\",\n\t\t\"@type\": \"FAQPage\",\n\t\t\"mainEntity\": [\n\t\t\t\t\t{\n\t\t\t\t\"@type\": \"Question\",\n\t\t\t\t\"name\": \"Co znajduje si\u0119 w ofercie firmy?\",\n\t\t\t\t\"acceptedAnswer\": {\n\t\t\t\t\t\"@type\": \"Answer\",\n\t\t\t\t\t\"text\": \"<p>Nasza firma opr\u00f3cz diagnostyki mobilnej \u015bwiadczy r\u00f3wnie\u017c us\u0142ugi serwisu stacjonarnego.<\/p>\"\n\t\t\t\t\t\t\t\t\t}\n\t\t\t}\n\t\t\t,\t\t\t\t{\n\t\t\t\t\"@type\": \"Question\",\n\t\t\t\t\"name\": \"Czy serwisujecie w innych wojew\u00f3dztwach ni\u017c Mazowieckie?\",\n\t\t\t\t\"acceptedAnswer\": {\n\t\t\t\t\t\"@type\": \"Answer\",\n\t\t\t\t\t\"text\": \"<p>Tak, oferujemy nasze us\u0142ugi na terenie ca\u0142ej Polski.<\/p>\"\n\t\t\t\t\t\t\t\t\t}\n\t\t\t}\n\t\t\t\t\t\t]\n\t}\n<\/script>\n","protected":false},"excerpt":{"rendered":"<p>Serwis wci\u0105gnik\u00f3w i wci\u0105garek&nbsp; Nasza plac\u00f3wka posiada kadr\u0119 wykwalifikowanych fachowc\u00f3w, dysponuj\u0105cych odpowiedni\u0105 wiedz\u0105, umiej\u0119tno\u015bciami, a tak\u017ce uprawnieniami z zakresu serwisowania, konserwacji oraz diagnostyki maszyn UDT. Jeste\u015bmy wyposa\u017ceni w nowoczesny park maszynowy z warsztatem do obrabiania tworzyw sztucznych oraz metali.&nbsp; Co oferujemy?&nbsp; Przegl\u0105dy i konserwacje urz\u0105dze\u0144 bliskiego transportu obejmuj\u0105:&nbsp; O firmie \u2013&nbsp;co sprawia, \u017ce warto nam zaufa\u0107?&nbsp; Opr\u00f3cz serwisu stacjonarnego, \u015bwiadczymy us\u0142ugi mobilne w ca\u0142ej Polsce. Nasz\u0105 specjalizacj\u0105 jest przygotowanie urz\u0105dze\u0144 do gwarantuj\u0105cej bezpiecze\u0144stwo eksploatacji. Nieustannie podno\u015bmy kwalifikacje za\u0142ogi pracownik\u00f3w poprzez przer\u00f3\u017cne szkolenia, by zagwarantowa\u0107 klientom jako\u015b\u0107 us\u0142ug na mo\u017cliwie jak najwy\u017cszym poziomie.&nbsp;&nbsp; Zapewniamy napraw\u0119 maszyn szerokiej gamy producent\u00f3w takich, jak: Haulotte, JLG, SkyJack, Genie, Manitou, Linde, Still i wielu innych.&nbsp; Posiadamy uprawnienia do kompleksowego serwisu:&nbsp;&nbsp; Przegl\u0105dy w normie wytycznych UDT&nbsp; Jako \u017ce zadowolenie naszych klient\u00f3w to czynnik, kt\u00f3ry stawiamy na pierwszym miejscu, staramy si\u0119 zapewni\u0107 jak najlepsze wsparcie dla os\u00f3b odpowiedzialnych za techniczne zarz\u0105dzanie zapleczem UDT. Gdy zatem zbli\u017ca si\u0119 moment wykonania przegl\u0105d\u00f3w urz\u0105dze\u0144, przypominamy o tym poprzez wys\u0142anie wiadomo\u015bci SMS. Czas trwania wykonywanej diagnostyk b\u0105d\u017a bada\u0144 ustalamy w taki spos\u00f3b, by zleceniodawca nie musia\u0142 niepokoi\u0107 si\u0119 przestojem w pracy.&nbsp; Us\u0142uga wypo\u017cyczenia maszyn UDT&nbsp; W sytuacji, kiedy Twoja maszyna uleg\u0142a awarii, a przewidywany okres naprawczy jest d\u0142ugi, przewidzieli\u015bmy ofert\u0119, obejmuj\u0105c\u0105 wypo\u017cyczenie jednego z urz\u0105dze\u0144, b\u0119d\u0105cych na stanie magazynowym na okres trwania naprawy. Warto podkre\u015bli\u0107, i\u017c wypo\u017cyczane urz\u0105dzenie b\u0119dzie w pe\u0142ni sprawne oraz spe\u0142niaj\u0105ce wszelkie wymogi oraz normy UDT. Us\u0142uga ta ma na celu zapewnienie pe\u0142nego serwisu, bez obawy o d\u0142ugoterminowy zast\u00f3j w pracy.&nbsp; Profesjonalny serwis UDT&nbsp; Wszystkie us\u0142ugi wykonywane s\u0105 z najwy\u017csz\u0105 staranno\u015bci\u0105, co ma [&hellip;]<\/p>\n","protected":false},"author":6,"featured_media":5291,"parent":5573,"menu_order":0,"comment_status":"closed","ping_status":"closed","template":"","meta":{"sfsi_plus_gutenberg_text_before_share":"","sfsi_plus_gutenberg_show_text_before_share":"","sfsi_plus_gutenberg_icon_type":"","sfsi_plus_gutenberg_icon_alignemt":"","sfsi_plus_gutenburg_max_per_row":"","footnotes":""},"class_list":["post-5284","page","type-page","status-publish","has-post-thumbnail","hentry","has_thumb"],"aioseo_notices":[],"_links":{"self":[{"href":"https:\/\/kursy-udt.pl\/fr\/wp-json\/wp\/v2\/pages\/5284","targetHints":{"allow":["GET"]}}],"collection":[{"href":"https:\/\/kursy-udt.pl\/fr\/wp-json\/wp\/v2\/pages"}],"about":[{"href":"https:\/\/kursy-udt.pl\/fr\/wp-json\/wp\/v2\/types\/page"}],"author":[{"embeddable":true,"href":"https:\/\/kursy-udt.pl\/fr\/wp-json\/wp\/v2\/users\/6"}],"replies":[{"embeddable":true,"href":"https:\/\/kursy-udt.pl\/fr\/wp-json\/wp\/v2\/comments?post=5284"}],"version-history":[{"count":5,"href":"https:\/\/kursy-udt.pl\/fr\/wp-json\/wp\/v2\/pages\/5284\/revisions"}],"predecessor-version":[{"id":5603,"href":"https:\/\/kursy-udt.pl\/fr\/wp-json\/wp\/v2\/pages\/5284\/revisions\/5603"}],"up":[{"embeddable":true,"href":"https:\/\/kursy-udt.pl\/fr\/wp-json\/wp\/v2\/pages\/5573"}],"wp:featuredmedia":[{"embeddable":true,"href":"https:\/\/kursy-udt.pl\/fr\/wp-json\/wp\/v2\/media\/5291"}],"wp:attachment":[{"href":"https:\/\/kursy-udt.pl\/fr\/wp-json\/wp\/v2\/media?parent=5284"}],"curies":[{"name":"wp","href":"https:\/\/api.w.org\/{rel}","templated":true}]}}