{"id":5216,"date":"2023-03-21T12:06:36","date_gmt":"2023-03-21T11:06:36","guid":{"rendered":"https:\/\/kursy-udt.pl\/?page_id=5216"},"modified":"2023-03-21T13:50:17","modified_gmt":"2023-03-21T12:50:17","slug":"reparation-de-ciseaux","status":"publish","type":"page","link":"https:\/\/kursy-udt.pl\/fr\/uslugi\/serwis\/naprawa-podnosnika-nozycowego\/","title":{"rendered":"R\u00c9PARATION DE CISEAUX - SERVICE COMPLET"},"content":{"rendered":"\n<h2 class=\"wp-block-heading\">Serwis podno\u015bnika no\u017cycowego&nbsp;<\/h2>\n\n\n<div class=\"wp-block-image\">\n<figure class=\"alignright size-large is-resized\"><a href=\"https:\/\/kursy-udt.pl\/wp-content\/uploads\/2023\/03\/s2-64.jpg\"><img loading=\"lazy\" decoding=\"async\" src=\"https:\/\/kursy-udt.pl\/wp-content\/uploads\/2023\/03\/s2-64-1024x556.jpg\" alt=\"serwisanci podno\u015bnika no\u017cycowego\" class=\"wp-image-5217\" width=\"512\" height=\"278\" srcset=\"https:\/\/kursy-udt.pl\/wp-content\/uploads\/2023\/03\/s2-64-1024x556.jpg 1024w, https:\/\/kursy-udt.pl\/wp-content\/uploads\/2023\/03\/s2-64-300x163.jpg 300w, https:\/\/kursy-udt.pl\/wp-content\/uploads\/2023\/03\/s2-64-768x417.jpg 768w, https:\/\/kursy-udt.pl\/wp-content\/uploads\/2023\/03\/s2-64-1536x834.jpg 1536w, https:\/\/kursy-udt.pl\/wp-content\/uploads\/2023\/03\/s2-64-18x10.jpg 18w, https:\/\/kursy-udt.pl\/wp-content\/uploads\/2023\/03\/s2-64-624x339.jpg 624w, https:\/\/kursy-udt.pl\/wp-content\/uploads\/2023\/03\/s2-64.jpg 1600w\" sizes=\"auto, (max-width: 512px) 100vw, 512px\" \/><\/a><\/figure>\n<\/div>\n\n\n<p>W O\u015brodku Doskonalenia Kadr ERGON oferujemy specjalistyczny serwis urz\u0105dze\u0144, kt\u00f3re podlegaj\u0105 Urz\u0119dowi Dozoru Technicznego. Zajmujemy si\u0119 maszynami nale\u017c\u0105cymi do transportu bliskiego. Gwarantujemy kompleksowe us\u0142ugi z zakresu naprawy i konserwacji urz\u0105dze\u0144 znajduj\u0105cych zastosowanie w r\u00f3\u017cnorodnych zak\u0142adach produkcyjnych, magazynach, czy na placach budowalnych. Sprawnie dzia\u0142aj\u0105ce maszyny wykorzystywane w tych bran\u017cach to podstawa wydajnej i bezpiecznej pracy, dlatego tak istotne jest ich regularne sprawdzanie oraz konserwacja. ERGON to firma z do\u015bwiadczeniem, kt\u00f3ra zapewni kompleksowy i szybki przegl\u0105d Twojego sprz\u0119tu.&nbsp;<\/p>\n\n\n\n<h2 class=\"wp-block-heading\">Urz\u0105dzenia transportu bliskiego&nbsp;<\/h2>\n\n\n\n<p>Urz\u0105dzenia transportu bliskiego to maszyny s\u0142u\u017c\u0105ce przede wszystkim do przenoszenia towar\u00f3w, materia\u0142\u00f3w, narz\u0119dzi, ludzi, a nawet i innych maszyn. Sprawdzaj\u0105 si\u0119 we wszelakich bran\u017cach, od przemys\u0142u ci\u0119\u017ckiego po budowlany, czy te\u017c transport. Urz\u0105dzenia tej kategorii maj\u0105 ogromne znaczenie dla usprawnienia pracy wymagaj\u0105cej przemieszczania \u0142adunk\u00f3w na niezbyt du\u017cych dystansach.&nbsp;&nbsp;<\/p>\n\n\n\n<h2 class=\"wp-block-heading\">Standardy UDT&nbsp;<\/h2>\n\n\n<div class=\"wp-block-image\">\n<figure class=\"alignleft size-large is-resized\"><a href=\"https:\/\/kursy-udt.pl\/wp-content\/uploads\/2023\/03\/screen_2x-94.jpg\"><img loading=\"lazy\" decoding=\"async\" src=\"https:\/\/kursy-udt.pl\/wp-content\/uploads\/2023\/03\/screen_2x-94-1024x683.jpg\" alt=\"podno\u015bnik no\u017cycowy w serwisie\" class=\"wp-image-5218\" width=\"512\" height=\"342\" srcset=\"https:\/\/kursy-udt.pl\/wp-content\/uploads\/2023\/03\/screen_2x-94-1024x683.jpg 1024w, https:\/\/kursy-udt.pl\/wp-content\/uploads\/2023\/03\/screen_2x-94-300x200.jpg 300w, https:\/\/kursy-udt.pl\/wp-content\/uploads\/2023\/03\/screen_2x-94-768x512.jpg 768w, https:\/\/kursy-udt.pl\/wp-content\/uploads\/2023\/03\/screen_2x-94-1536x1024.jpg 1536w, https:\/\/kursy-udt.pl\/wp-content\/uploads\/2023\/03\/screen_2x-94-18x12.jpg 18w, https:\/\/kursy-udt.pl\/wp-content\/uploads\/2023\/03\/screen_2x-94-624x416.jpg 624w, https:\/\/kursy-udt.pl\/wp-content\/uploads\/2023\/03\/screen_2x-94.jpg 1600w\" sizes=\"auto, (max-width: 512px) 100vw, 512px\" \/><\/a><\/figure>\n<\/div>\n\n\n<p>Wed\u0142ug obowi\u0105zuj\u0105cych przepis\u00f3w prawnych wszystkie urz\u0105dzenia kwalifikuj\u0105ce si\u0119 do kategorii transportu bliskiego musz\u0105 podlega\u0107 regularnym przegl\u0105dom konserwacyjnym. Warto od razu wspomnie\u0107 o tym, \u017ce przegl\u0105d\u00f3w konserwacyjnych nie nale\u017cy uto\u017csamia\u0107 z przegl\u0105dami na gwarancj\u0119. W\u0142a\u015bciciele urz\u0105dze\u0144 podporz\u0105dkowanym przepisom UDT, czyli Urz\u0119dowi Dozoru Technicznego, maj\u0105 wi\u0119c obowi\u0105zek kontrolowa\u0107 ich stan techniczny. Niezastosowanie si\u0119 do tego nakazu mo\u017ce poskutkowa\u0107 na\u0142o\u017ceniem kary administracyjnej. Dlatego UDT w celu potwierdzenia przeprowadzenia odpowiednich kontroli, wydaje w\u0142a\u015bciwe dokumenty, kt\u00f3re umo\u017cliwiaj\u0105 dalsz\u0105 eksploatacj\u0119 maszyn. Nasza firma pomaga przej\u015b\u0107 przez ten proces sprawnie i szybko.&nbsp;&nbsp;&nbsp;<\/p>\n\n\n\n<h2 class=\"wp-block-heading\">Us\u0142ugi serwisowe&nbsp;<\/h2>\n\n\n\n<p>Oferujemy kompleksowy zestaw us\u0142ug, do kt\u00f3rych zaliczaj\u0105 si\u0119:&nbsp;<\/p>\n\n\n\n<ul class=\"wp-block-list\">\n<li>przegl\u0105d i sprawdzenie stanu technicznego urz\u0105dze\u0144,&nbsp;<\/li>\n\n\n\n<li>naprawa usterek sterowania,&nbsp;<\/li>\n\n\n\n<li>poprawa bezpiecze\u0144stwa,&nbsp;&nbsp;<\/li>\n\n\n\n<li>diagnoza system\u00f3w elektrycznych,&nbsp;<\/li>\n\n\n\n<li>diagnoza system\u00f3w hydraulicznych,&nbsp;<\/li>\n\n\n\n<li>prace wymagaj\u0105ce spawania,&nbsp;<\/li>\n\n\n\n<li>konserwacja i przygotowanie do dalszej eksploatacji,&nbsp;<\/li>\n\n\n\n<li>modernizacja.&nbsp;<\/li>\n<\/ul>\n\n\n\n<h2 class=\"wp-block-heading\">Inne nasze us\u0142ugi&nbsp;<\/h2>\n\n\n\n<p>Ponadto prowad\u017amy r\u00f3wnie\u017c sprzeda\u017c zar\u00f3wno nowych jak i u\u017cywanych urz\u0105dze\u0144. Oferujemy tak\u017ce urz\u0105dzenia zast\u0119pcze w wypadku w\u00f3zk\u00f3w wid\u0142owych i podno\u015bnik\u00f3w no\u017cycowych. Nasz serwis funkcjonuje nie tylko w formie stacjonarnej, ale tak\u017ce mobilnej.&nbsp;<\/p>\n\n\n<div class=\"wp-block-image\">\n<figure class=\"alignright size-large is-resized\"><a href=\"https:\/\/kursy-udt.pl\/wp-content\/uploads\/2023\/03\/s2-66.jpg\"><img loading=\"lazy\" decoding=\"async\" src=\"https:\/\/kursy-udt.pl\/wp-content\/uploads\/2023\/03\/s2-66-1024x768.jpg\" alt=\"podno\u015bnik no\u017cycowy podczas naprawy\" class=\"wp-image-5219\" width=\"512\" height=\"384\" srcset=\"https:\/\/kursy-udt.pl\/wp-content\/uploads\/2023\/03\/s2-66-1024x768.jpg 1024w, https:\/\/kursy-udt.pl\/wp-content\/uploads\/2023\/03\/s2-66-300x225.jpg 300w, https:\/\/kursy-udt.pl\/wp-content\/uploads\/2023\/03\/s2-66-768x576.jpg 768w, https:\/\/kursy-udt.pl\/wp-content\/uploads\/2023\/03\/s2-66-1536x1152.jpg 1536w, https:\/\/kursy-udt.pl\/wp-content\/uploads\/2023\/03\/s2-66-16x12.jpg 16w, https:\/\/kursy-udt.pl\/wp-content\/uploads\/2023\/03\/s2-66-640x480.jpg 640w, https:\/\/kursy-udt.pl\/wp-content\/uploads\/2023\/03\/s2-66-624x468.jpg 624w, https:\/\/kursy-udt.pl\/wp-content\/uploads\/2023\/03\/s2-66.jpg 1600w\" sizes=\"auto, (max-width: 512px) 100vw, 512px\" \/><\/a><\/figure>\n<\/div>\n\n\n<h2 class=\"wp-block-heading\">Zakres serwisu&nbsp;<\/h2>\n\n\n\n<p>W naszej firmie zajmujemy si\u0119 serwisem urz\u0105dze\u0144 transportu bliskiego, do kt\u00f3rych zaliczaj\u0105 si\u0119:&nbsp;&nbsp;<\/p>\n\n\n\n<ul class=\"wp-block-list\">\n<li>w\u00f3zki wid\u0142owe,&nbsp;<\/li>\n\n\n\n<li>suwnice,&nbsp;<\/li>\n\n\n\n<li>\u017curawie typu HDS,&nbsp;<\/li>\n\n\n\n<li>\u0142adowarki teleskopowe,&nbsp;<\/li>\n\n\n\n<li>podesty ruchome.&nbsp;<\/li>\n<\/ul>\n\n\n\n<p>Dzia\u0142amy w taki spos\u00f3b, aby klient nie musia\u0142 martwi\u0107 si\u0119 o wszystko, co zwi\u0105zane z w\u0142a\u015bciw\u0105 konserwacja urz\u0105dze\u0144 UDT. Za\u0142atwiamy wszystkie formalno\u015bci, przypominamy tak\u017ce o terminach, a wszystko staramy si\u0119 za\u0142atwia\u0107 jak najszybciej. Wykonanie wszystkich prac konserwacyjnych, usuwanie usterek czy pozosta\u0142e czynno\u015bci serwisowe staramy si\u0119 zorganizowa\u0107 tak, aby nie ucierpia\u0142a na tym produktywno\u015b\u0107 i sprawno\u015b\u0107 zak\u0142adu naszego klienta.&nbsp;&nbsp;<\/p>\n\n\n\n<h2 class=\"wp-block-heading\">Pytania i odpowiedzi<\/h2>\n\n\n\t\t<details\t\thelp class=\"sc_fs_faq sc_card    \"\n\t\topen\t\t>\n\t\t\t\t\t<summary>\n\t\t\t\t<h3>Jak wygl\u0105da serwis podno\u015bnika no\u017cycowego?<\/h3>\t\t\t\t\t<\/summary>\n\t\t\t\t<div>\n\t\t\t\t\t\t<div class=\"sc_fs_faq__content\">\n\t\t\t\t\n\n<p>Nasza wysoko wykfalifikowana kadra prowadzi zestaw diagnoz, kt\u00f3re zapewni\u0105 sprawdzanym maszynom lata dalszego u\u017cytku, a ich obs\u0142udze gwarancje pracy w bezpiecznych warunkach.<\/p>\n\n\t\t\t<\/div>\n\t\t<\/div>\n\t\t<\/details>\n\t\t\t\t<details\t\thelp class=\"sc_fs_faq sc_card    \"\n\t\t\t\t>\n\t\t\t\t\t<summary>\n\t\t\t\t<h3>Czym s\u0105 urz\u0105dzenia UDT?<\/h3>\t\t\t\t\t<\/summary>\n\t\t\t\t<div>\n\t\t\t\t\t\t<div class=\"sc_fs_faq__content\">\n\t\t\t\t\n\n<p>Urz\u0105dzenia UDT to grupa maszyn podlegaj\u0105cych kontroli Urz\u0119du Dozoru Technicznego. Nasz serwis zajmuje si\u0119 przede wszystkim urz\u0105dzeniami z kategorii transportu bliskiego. Zaliczaj\u0105 si\u0119 do nich podesty ruchome, w\u00f3zki wid\u0142owe, \u017curawie HDS, suwnice i \u0142adowarki teleskopowe.<\/p>\n\n\t\t\t<\/div>\n\t\t<\/div>\n\t\t<\/details>\n\t\t\t\t<details\t\thelp class=\"sc_fs_faq sc_card    \"\n\t\t\t\t>\n\t\t\t\t\t<summary>\n\t\t\t\t<h3>Dlaczego musz\u0119 serwisowa\u0107 swoje urz\u0105dzenie?<\/h3>\t\t\t\t\t<\/summary>\n\t\t\t\t<div>\n\t\t\t\t\t\t<div class=\"sc_fs_faq__content\">\n\t\t\t\t\n\n<p>Regularny serwis oraz przegl\u0105dy kontrolne s\u0105 wymogiem prawnym, sprawdzanym przez Urz\u0105d Dozoru Technicznego. Niezastosowanie si\u0119 do tych przepis\u00f3w mo\u017ce skutkowa\u0107 na\u0142o\u017ceniem kary finansowej. Poza tym poddanie maszyny kontroli pomaga utrzyma\u0107 jej sprawno\u015b\u0107 i zapewnia bezpiecze\u0144stwo pracy.<\/p>\n\n\t\t\t<\/div>\n\t\t<\/div>\n\t\t<\/details>\n\t\t\n<script type=\"application\/ld+json\">\n\t{\n\t\t\"@context\": \"https:\/\/schema.org\",\n\t\t\"@type\": \"FAQPage\",\n\t\t\"mainEntity\": [\n\t\t\t\t\t{\n\t\t\t\t\"@type\": \"Question\",\n\t\t\t\t\"name\": \"Jak wygl\u0105da serwis podno\u015bnika no\u017cycowego?\",\n\t\t\t\t\"acceptedAnswer\": {\n\t\t\t\t\t\"@type\": \"Answer\",\n\t\t\t\t\t\"text\": \"<p>Nasza wysoko wykfalifikowana kadra prowadzi zestaw diagnoz, kt\u00f3re zapewni\u0105 sprawdzanym maszynom lata dalszego u\u017cytku, a ich obs\u0142udze gwarancje pracy w bezpiecznych warunkach.<\/p>\"\n\t\t\t\t\t\t\t\t\t}\n\t\t\t}\n\t\t\t,\t\t\t\t{\n\t\t\t\t\"@type\": \"Question\",\n\t\t\t\t\"name\": \"Czym s\u0105 urz\u0105dzenia UDT?\",\n\t\t\t\t\"acceptedAnswer\": {\n\t\t\t\t\t\"@type\": \"Answer\",\n\t\t\t\t\t\"text\": \"<p>Urz\u0105dzenia UDT to grupa maszyn podlegaj\u0105cych kontroli Urz\u0119du Dozoru Technicznego. Nasz serwis zajmuje si\u0119 przede wszystkim urz\u0105dzeniami z kategorii transportu bliskiego. Zaliczaj\u0105 si\u0119 do nich podesty ruchome, w\u00f3zki wid\u0142owe, \u017curawie HDS, suwnice i \u0142adowarki teleskopowe.<\/p>\"\n\t\t\t\t\t\t\t\t\t}\n\t\t\t}\n\t\t\t,\t\t\t\t{\n\t\t\t\t\"@type\": \"Question\",\n\t\t\t\t\"name\": \"Dlaczego musz\u0119 serwisowa\u0107 swoje urz\u0105dzenie?\",\n\t\t\t\t\"acceptedAnswer\": {\n\t\t\t\t\t\"@type\": \"Answer\",\n\t\t\t\t\t\"text\": \"<p>Regularny serwis oraz przegl\u0105dy kontrolne s\u0105 wymogiem prawnym, sprawdzanym przez Urz\u0105d Dozoru Technicznego. Niezastosowanie si\u0119 do tych przepis\u00f3w mo\u017ce skutkowa\u0107 na\u0142o\u017ceniem kary finansowej. Poza tym poddanie maszyny kontroli pomaga utrzyma\u0107 jej sprawno\u015b\u0107 i zapewnia bezpiecze\u0144stwo pracy.<\/p>\"\n\t\t\t\t\t\t\t\t\t}\n\t\t\t}\n\t\t\t\t\t\t]\n\t}\n<\/script>\n","protected":false},"excerpt":{"rendered":"<p>Serwis podno\u015bnika no\u017cycowego&nbsp; W O\u015brodku Doskonalenia Kadr ERGON oferujemy specjalistyczny serwis urz\u0105dze\u0144, kt\u00f3re podlegaj\u0105 Urz\u0119dowi Dozoru Technicznego. Zajmujemy si\u0119 maszynami nale\u017c\u0105cymi do transportu bliskiego. Gwarantujemy kompleksowe us\u0142ugi z zakresu naprawy i konserwacji urz\u0105dze\u0144 znajduj\u0105cych zastosowanie w r\u00f3\u017cnorodnych zak\u0142adach produkcyjnych, magazynach, czy na placach budowalnych. Sprawnie dzia\u0142aj\u0105ce maszyny wykorzystywane w tych bran\u017cach to podstawa wydajnej i bezpiecznej pracy, dlatego tak istotne jest ich regularne sprawdzanie oraz konserwacja. ERGON to firma z do\u015bwiadczeniem, kt\u00f3ra zapewni kompleksowy i szybki przegl\u0105d Twojego sprz\u0119tu.&nbsp; Urz\u0105dzenia transportu bliskiego&nbsp; Urz\u0105dzenia transportu bliskiego to maszyny s\u0142u\u017c\u0105ce przede wszystkim do przenoszenia towar\u00f3w, materia\u0142\u00f3w, narz\u0119dzi, ludzi, a nawet i innych maszyn. Sprawdzaj\u0105 si\u0119 we wszelakich bran\u017cach, od przemys\u0142u ci\u0119\u017ckiego po budowlany, czy te\u017c transport. Urz\u0105dzenia tej kategorii maj\u0105 ogromne znaczenie dla usprawnienia pracy wymagaj\u0105cej przemieszczania \u0142adunk\u00f3w na niezbyt du\u017cych dystansach.&nbsp;&nbsp; Standardy UDT&nbsp; Wed\u0142ug obowi\u0105zuj\u0105cych przepis\u00f3w prawnych wszystkie urz\u0105dzenia kwalifikuj\u0105ce si\u0119 do kategorii transportu bliskiego musz\u0105 podlega\u0107 regularnym przegl\u0105dom konserwacyjnym. Warto od razu wspomnie\u0107 o tym, \u017ce przegl\u0105d\u00f3w konserwacyjnych nie nale\u017cy uto\u017csamia\u0107 z przegl\u0105dami na gwarancj\u0119. W\u0142a\u015bciciele urz\u0105dze\u0144 podporz\u0105dkowanym przepisom UDT, czyli Urz\u0119dowi Dozoru Technicznego, maj\u0105 wi\u0119c obowi\u0105zek kontrolowa\u0107 ich stan techniczny. Niezastosowanie si\u0119 do tego nakazu mo\u017ce poskutkowa\u0107 na\u0142o\u017ceniem kary administracyjnej. Dlatego UDT w celu potwierdzenia przeprowadzenia odpowiednich kontroli, wydaje w\u0142a\u015bciwe dokumenty, kt\u00f3re umo\u017cliwiaj\u0105 dalsz\u0105 eksploatacj\u0119 maszyn. Nasza firma pomaga przej\u015b\u0107 przez ten proces sprawnie i szybko.&nbsp;&nbsp;&nbsp; Us\u0142ugi serwisowe&nbsp; Oferujemy kompleksowy zestaw us\u0142ug, do kt\u00f3rych zaliczaj\u0105 si\u0119:&nbsp; Inne nasze us\u0142ugi&nbsp; Ponadto prowad\u017amy r\u00f3wnie\u017c sprzeda\u017c zar\u00f3wno nowych jak i u\u017cywanych urz\u0105dze\u0144. Oferujemy tak\u017ce urz\u0105dzenia zast\u0119pcze w wypadku w\u00f3zk\u00f3w wid\u0142owych i podno\u015bnik\u00f3w no\u017cycowych. Nasz serwis funkcjonuje nie [&hellip;]<\/p>\n","protected":false},"author":6,"featured_media":5217,"parent":5573,"menu_order":0,"comment_status":"closed","ping_status":"closed","template":"","meta":{"sfsi_plus_gutenberg_text_before_share":"","sfsi_plus_gutenberg_show_text_before_share":"","sfsi_plus_gutenberg_icon_type":"","sfsi_plus_gutenberg_icon_alignemt":"","sfsi_plus_gutenburg_max_per_row":"","footnotes":""},"class_list":["post-5216","page","type-page","status-publish","has-post-thumbnail","hentry","has_thumb"],"aioseo_notices":[],"_links":{"self":[{"href":"https:\/\/kursy-udt.pl\/fr\/wp-json\/wp\/v2\/pages\/5216","targetHints":{"allow":["GET"]}}],"collection":[{"href":"https:\/\/kursy-udt.pl\/fr\/wp-json\/wp\/v2\/pages"}],"about":[{"href":"https:\/\/kursy-udt.pl\/fr\/wp-json\/wp\/v2\/types\/page"}],"author":[{"embeddable":true,"href":"https:\/\/kursy-udt.pl\/fr\/wp-json\/wp\/v2\/users\/6"}],"replies":[{"embeddable":true,"href":"https:\/\/kursy-udt.pl\/fr\/wp-json\/wp\/v2\/comments?post=5216"}],"version-history":[{"count":3,"href":"https:\/\/kursy-udt.pl\/fr\/wp-json\/wp\/v2\/pages\/5216\/revisions"}],"predecessor-version":[{"id":5253,"href":"https:\/\/kursy-udt.pl\/fr\/wp-json\/wp\/v2\/pages\/5216\/revisions\/5253"}],"up":[{"embeddable":true,"href":"https:\/\/kursy-udt.pl\/fr\/wp-json\/wp\/v2\/pages\/5573"}],"wp:featuredmedia":[{"embeddable":true,"href":"https:\/\/kursy-udt.pl\/fr\/wp-json\/wp\/v2\/media\/5217"}],"wp:attachment":[{"href":"https:\/\/kursy-udt.pl\/fr\/wp-json\/wp\/v2\/media?parent=5216"}],"curies":[{"name":"wp","href":"https:\/\/api.w.org\/{rel}","templated":true}]}}