{"id":52,"date":"2014-02-10T17:19:32","date_gmt":"2014-02-10T17:19:32","guid":{"rendered":"http:\/\/kursy-udt.kwiaty0.pl\/?page_id=52"},"modified":"2016-01-21T19:32:18","modified_gmt":"2016-01-21T19:32:18","slug":"ascenseurs-fret","status":"publish","type":"page","link":"https:\/\/kursy-udt.pl\/fr\/wyciagi-towarowe\/","title":{"rendered":"Monte-charges"},"content":{"rendered":"<div style=\"float:left; padding-right:10px;\"><img decoding=\"async\" src=\"\/wp-content\/uploads\/2014\/04\/wyciagi-towarowe.jpeg\" alt=\"Monte-charges\"><\/div>\n<div class=\"wyjustuj\"><a href=\"https:\/\/kursy-udt.pl\/fr\/szkolenia\/udt-wdt-tdt\/wyciagi-towarowe-kurs\/\">Extrait de marchandise<\/a> est une grue utilis\u00e9e pour le transport inclin\u00e9 de charges \u00e0 l'aide de cha\u00eenes ou de c\u00e2bles tendus sur des guides. Pour utiliser une grue, vous devez \u00eatre titulaire d'un permis de levage de marchandises. La formation au levage de marchandises peut vous aider \u00e0 les obtenir. <\/p>\n<p>Nous proposons des cours de formation pour les monte-charges, qui vous donnent le droit d'utiliser et d'entretenir l'\u00e9quipement. Il s'agit de cours compos\u00e9s de th\u00e9orie et de pratique. Une personne qui a suivi le cours sur le levage de marchandises peut passer l'examen. Si vous r\u00e9ussissez, vous recevrez <a href=\"https:\/\/kursy-udt.pl\/fr\/uprawnienia-udt\/kategorie-uprawnien-2\/\">Dipl\u00f4mes UDT<\/a>. Nos cours sur les monte-charges sont toujours dispens\u00e9s par des experts et se distinguent donc par leur grande efficacit\u00e9. Nous sommes impatients de vous accueillir !<\/p><\/div>\n<div class=\"button_styl\" style=\"float:right; padding-left:15px; padding-bottom:8px; margin-bottom:5px;\"><a href=\"https:\/\/platformaedukacji.pl\/login\/signup.php\" rel=\"nofollow\" target=\"_blank\" class=\"myButton myButton_maly\"><font color=\"white\">Inscrivez-vous \u00e0 la formation<\/font><\/a><\/div>","protected":false},"excerpt":{"rendered":"<p>Un monte-charge est une grue utilis\u00e9e pour le transport inclin\u00e9 de charges \u00e0 l&#039;aide de tire-cha\u00eenes ou de cordes sur des guides. Pour faire fonctionner la grue, vous avez besoin d&#039;un certificat pour les monte-charges. La formation aux monte-charges aidera \u00e0 les obtenir. Nous proposons des formations pour les monte-charges, qui vous permettent d&#039;utiliser et d&#039;entretenir l&#039;\u00e9quipement. Ce sont des cours compos\u00e9s de th\u00e9orie et de pratique. Une personne qui a suivi le cours sur les d\u00e9clarations de marchandises peut passer l&#039;examen. Apr\u00e8s l&#039;avoir r\u00e9ussi, il re\u00e7oit les qualifications UDT. Nos cours de monte-charge sont toujours anim\u00e9s par des experts et sont donc tr\u00e8s efficaces. Nous invitons! Inscrivez-vous \u00e0 la formation<\/p>","protected":false},"author":1,"featured_media":0,"parent":0,"menu_order":0,"comment_status":"closed","ping_status":"closed","template":"","meta":{"sfsi_plus_gutenberg_text_before_share":"","sfsi_plus_gutenberg_show_text_before_share":"","sfsi_plus_gutenberg_icon_type":"","sfsi_plus_gutenberg_icon_alignemt":"","sfsi_plus_gutenburg_max_per_row":"","footnotes":""},"class_list":["post-52","page","type-page","status-publish","hentry","has_thumb"],"aioseo_notices":[],"_links":{"self":[{"href":"https:\/\/kursy-udt.pl\/fr\/wp-json\/wp\/v2\/pages\/52","targetHints":{"allow":["GET"]}}],"collection":[{"href":"https:\/\/kursy-udt.pl\/fr\/wp-json\/wp\/v2\/pages"}],"about":[{"href":"https:\/\/kursy-udt.pl\/fr\/wp-json\/wp\/v2\/types\/page"}],"author":[{"embeddable":true,"href":"https:\/\/kursy-udt.pl\/fr\/wp-json\/wp\/v2\/users\/1"}],"replies":[{"embeddable":true,"href":"https:\/\/kursy-udt.pl\/fr\/wp-json\/wp\/v2\/comments?post=52"}],"version-history":[{"count":9,"href":"https:\/\/kursy-udt.pl\/fr\/wp-json\/wp\/v2\/pages\/52\/revisions"}],"predecessor-version":[{"id":1269,"href":"https:\/\/kursy-udt.pl\/fr\/wp-json\/wp\/v2\/pages\/52\/revisions\/1269"}],"wp:attachment":[{"href":"https:\/\/kursy-udt.pl\/fr\/wp-json\/wp\/v2\/media?parent=52"}],"curies":[{"name":"wp","href":"https:\/\/api.w.org\/{rel}","templated":true}]}}