{"id":5133,"date":"2023-03-21T11:51:05","date_gmt":"2023-03-21T10:51:05","guid":{"rendered":"https:\/\/kursy-udt.pl\/?page_id=5133"},"modified":"2023-03-21T13:25:50","modified_gmt":"2023-03-21T12:25:50","slug":"service-de-grues-et-de-derricks","status":"publish","type":"page","link":"https:\/\/kursy-udt.pl\/fr\/uslugi\/serwis\/serwis-dzwigow-i-zurawi\/","title":{"rendered":"Grues et services de grues"},"content":{"rendered":"\n<h2 class=\"wp-block-heading\">Kompleksowa naprawa d\u017awig\u00f3w&nbsp;<\/h2>\n\n\n\n<p>Zajmujemy si\u0119 serwisem urz\u0105dze\u0144 d\u017awigowych i \u017curawi budowlanych ju\u017c od kilkudziesi\u0119ciu<strong> <\/strong>lat<strong>, <\/strong>co czyni nas jedn\u0105 z najbardziej do\u015bwiadczonych firm na rynku. Zatrudniamy najwy\u017cszej klasy fachowc\u00f3w oraz oferujemy us\u0142ugi na najwy\u017cszym poziomie. Przez lata dzia\u0142ania zdobyli\u015bmy renom\u0119 i zaufanie.&nbsp;<\/p>\n\n\n<div class=\"wp-block-image\">\n<figure class=\"alignright size-large is-resized\"><a href=\"https:\/\/kursy-udt.pl\/wp-content\/uploads\/2023\/03\/canva-bez-tytulu-MAELrseiHq0.jpg\"><img loading=\"lazy\" decoding=\"async\" src=\"https:\/\/kursy-udt.pl\/wp-content\/uploads\/2023\/03\/canva-bez-tytulu-MAELrseiHq0-1024x683.jpg\" alt=\"d\u017awig na placu budowy\" class=\"wp-image-5135\" width=\"512\" height=\"342\" srcset=\"https:\/\/kursy-udt.pl\/wp-content\/uploads\/2023\/03\/canva-bez-tytulu-MAELrseiHq0-1024x683.jpg 1024w, https:\/\/kursy-udt.pl\/wp-content\/uploads\/2023\/03\/canva-bez-tytulu-MAELrseiHq0-300x200.jpg 300w, https:\/\/kursy-udt.pl\/wp-content\/uploads\/2023\/03\/canva-bez-tytulu-MAELrseiHq0-768x512.jpg 768w, https:\/\/kursy-udt.pl\/wp-content\/uploads\/2023\/03\/canva-bez-tytulu-MAELrseiHq0-1536x1024.jpg 1536w, https:\/\/kursy-udt.pl\/wp-content\/uploads\/2023\/03\/canva-bez-tytulu-MAELrseiHq0-18x12.jpg 18w, https:\/\/kursy-udt.pl\/wp-content\/uploads\/2023\/03\/canva-bez-tytulu-MAELrseiHq0-624x416.jpg 624w, https:\/\/kursy-udt.pl\/wp-content\/uploads\/2023\/03\/canva-bez-tytulu-MAELrseiHq0.jpg 1600w\" sizes=\"auto, (max-width: 512px) 100vw, 512px\" \/><\/a><\/figure>\n<\/div>\n\n\n<h2 class=\"wp-block-heading\">Jakie d\u017awigi serwisujemy?<\/h2>\n\n\n\n<ul class=\"wp-block-list\">\n<li>\u017curawie wie\u017cowe;&nbsp;<\/li>\n\n\n\n<li>d\u017awigi mobilne;&nbsp;&nbsp;<\/li>\n\n\n\n<li>suwnice;&nbsp;&nbsp;<\/li>\n\n\n\n<li>\u017curawie kolejowe,&nbsp;<\/li>\n\n\n\n<li>\u017curawie pok\u0142adowe,<\/li>\n\n\n\n<li>\u017curawie HDS,<\/li>\n\n\n\n<li>\u017curawie stacjonarne.&nbsp;<\/li>\n<\/ul>\n\n\n\n<p>Ka\u017cdym urz\u0105dzeniem zajmuje si\u0119 wysoko <strong>wykwalifikowany specjalista<\/strong> z do\u015bwiadczeniem i referencjami. Naszych fachowc\u00f3w dobieramy odpowiednio do specyfikacji technicznych danej maszyny.&nbsp;&nbsp;<\/p>\n\n\n\n<h2 class=\"wp-block-heading\"><strong>S<\/strong>erwis na najwy\u017cszym poziomie&nbsp;<\/h2>\n\n\n\n<p>Nasz kompleks us\u0142ug zawiera <strong>przegl\u0105d, badania techniczne, usuwanie uszkodze\u0144 i usterek oraz konserwacje<\/strong>. Oferujemy tak\u017ce pomoc w formalno\u015bciach zwi\u0105zanych z UDT. Dla naszych fachowc\u00f3w nie ma rzeczy niemo\u017cliwych&nbsp;\u2013 z \u0142atwo\u015bci\u0105 naprawimy i usprawnimy ka\u017cdy typ urz\u0105dzenia d\u017awigowego.&nbsp;&nbsp;<\/p>\n\n\n\n<p>Us\u0142ugi opieramy na konkretnych umowach serwisowych. Ka\u017cde urz\u0105dzenie podlegaj\u0105ce serwisowi wpisywane jest do odpowiedniego dziennika, dzi\u0119ki czemu wszystko jest odpowiednio skatalogowane.&nbsp;&nbsp;&nbsp;<\/p>\n\n\n<div class=\"wp-block-image\">\n<figure class=\"alignleft size-large is-resized\"><a href=\"https:\/\/kursy-udt.pl\/wp-content\/uploads\/2023\/03\/screen_2x-80.jpg\"><img decoding=\"async\" src=\"https:\/\/kursy-udt.pl\/wp-content\/uploads\/2023\/03\/screen_2x-80-edited.jpg\" alt=\"mechanik z narz\u0119dziami\" class=\"wp-image-5138\" width=\"342\" srcset=\"https:\/\/kursy-udt.pl\/wp-content\/uploads\/2023\/03\/screen_2x-80-edited.jpg 1067w, https:\/\/kursy-udt.pl\/wp-content\/uploads\/2023\/03\/screen_2x-80-edited-225x300.jpg 225w, https:\/\/kursy-udt.pl\/wp-content\/uploads\/2023\/03\/screen_2x-80-edited-768x1024.jpg 768w, https:\/\/kursy-udt.pl\/wp-content\/uploads\/2023\/03\/screen_2x-80-edited-9x12.jpg 9w, https:\/\/kursy-udt.pl\/wp-content\/uploads\/2023\/03\/screen_2x-80-edited-624x832.jpg 624w\" sizes=\"(max-width: 1067px) 100vw, 1067px\" \/><\/a><\/figure>\n<\/div>\n\n\n<p>Opr\u00f3cz tego s\u0142u\u017cymy tak\u017ce rad\u0105 w zakresie konserwacji i eksploatacji d\u017awigu, jak r\u00f3wnie\u017c zakupu czy wynajmu konkretnego modelu.&nbsp;&nbsp;<\/p>\n\n\n\n<h2 class=\"wp-block-heading\">Pomoc w zakresie UDT&nbsp;<\/h2>\n\n\n\n<p>Nasi specjali\u015bci pomog\u0105 tak\u017ce we wszelkich kwestiach formalnych dotycz\u0105cych dokument\u00f3w podlegaj\u0105cych pod Urz\u0105d Dozoru Technicznego. Nie wiesz, jak zg\u0142osi\u0107 swoje urz\u0105dzenie? Wszystko wyt\u0142umaczmy oraz przygotujemy dla Ciebie odpowiednie dokumenty. Wraz z nami przejdziesz przez ca\u0142y proces szybko i sprawnie!&nbsp;&nbsp;<\/p>\n\n\n\n<h2 class=\"wp-block-heading\">Serwis mobilny&nbsp;<\/h2>\n\n\n\n<p>Nasza firma specjalizuje si\u0119 w kompleksowej naprawie mobilnych i stacjonarnych d\u017awig\u00f3w na terenie ca\u0142ego kraju. Dzi\u0119ki naszemu do\u015bwiadczeniu i wykwalifikowanej kadrze mo\u017cesz by\u0107 pewny, \u017ce Twoje d\u017awigi s\u0105 w najlepszych r\u0119kach.&nbsp;<\/p>\n\n\n\n<h2 class=\"wp-block-heading\">Co zyskujesz korzystaj\u0105c z naszych us\u0142ug?&nbsp;<\/h2>\n\n\n\n<ul class=\"wp-block-list\">\n<li>szybk\u0105 i fachow\u0105 pomoc w przypadku awarii,&nbsp;<\/li>\n\n\n\n<li>regularne przegl\u0105dy i konserwacje, kt\u00f3re zapobiegaj\u0105 powstawaniu awarii i wyd\u0142u\u017caj\u0105 \u017cywotno\u015b\u0107 Twoich urz\u0105dze\u0144,&nbsp;<\/li>\n\n\n\n<li>indywidualne podej\u015bcie do klienta i dostosowanie us\u0142ug do jego potrzeb i wymaga\u0144,&nbsp;<\/li>\n\n\n\n<li>konkurencyjne ceny.&nbsp;<\/li>\n<\/ul>\n\n\n\n<h2 class=\"wp-block-heading\">Dlaczego warto skorzysta\u0107 z naszych us\u0142ug?&nbsp;<\/h2>\n\n\n<div class=\"wp-block-image\">\n<figure class=\"alignright size-large is-resized\"><a href=\"https:\/\/kursy-udt.pl\/wp-content\/uploads\/2023\/03\/s2-53.jpg\"><img loading=\"lazy\" decoding=\"async\" src=\"https:\/\/kursy-udt.pl\/wp-content\/uploads\/2023\/03\/s2-53-1024x683.jpg\" alt=\"\u017curaw na tle budynk\u00f3w\" class=\"wp-image-5137\" width=\"512\" height=\"342\" srcset=\"https:\/\/kursy-udt.pl\/wp-content\/uploads\/2023\/03\/s2-53-1024x683.jpg 1024w, https:\/\/kursy-udt.pl\/wp-content\/uploads\/2023\/03\/s2-53-300x200.jpg 300w, https:\/\/kursy-udt.pl\/wp-content\/uploads\/2023\/03\/s2-53-768x512.jpg 768w, https:\/\/kursy-udt.pl\/wp-content\/uploads\/2023\/03\/s2-53-1536x1024.jpg 1536w, https:\/\/kursy-udt.pl\/wp-content\/uploads\/2023\/03\/s2-53-18x12.jpg 18w, https:\/\/kursy-udt.pl\/wp-content\/uploads\/2023\/03\/s2-53-624x416.jpg 624w, https:\/\/kursy-udt.pl\/wp-content\/uploads\/2023\/03\/s2-53.jpg 1600w\" sizes=\"auto, (max-width: 512px) 100vw, 512px\" \/><\/a><\/figure>\n<\/div>\n\n\n<ul class=\"wp-block-list\">\n<li><strong>Mobilno\u015b\u0107<\/strong>&nbsp;\u2013 nasza firma serwisowa dzia\u0142a na terenie ca\u0142ego kraju, dzi\u0119ki czemu jeste\u015bmy w stanie zapewni\u0107 szybk\u0105 i fachow\u0105 pomoc w ka\u017cdym miejscu.&nbsp;<\/li>\n\n\n\n<li><strong>Elastyczno\u015b\u0107<\/strong>&nbsp;\u2013 dostosowujemy nasze us\u0142ugi do indywidualnych potrzeb i wymaga\u0144 klienta.&nbsp;<\/li>\n\n\n\n<li><strong>Do\u015bwiadczenie<\/strong>&nbsp;\u2013 mamy wieloletnie do\u015bwiadczenie w obs\u0142udze mobilnych d\u017awig\u00f3w, co pozwala nam na szybkie i skuteczne dzia\u0142anie w ka\u017cdej sytuacji.&nbsp;<\/li>\n\n\n\n<li><strong>Bezpiecze\u0144stwo<\/strong>&nbsp;\u2013 dbamy o bezpiecze\u0144stwo Twoich pracownik\u00f3w i urz\u0105dze\u0144 poprzez regularne przegl\u0105dy i naprawy.&nbsp;<\/li>\n<\/ul>\n\n\n\n<p>Nie ryzykuj op\u00f3\u017anie\u0144 i kosztownych napraw&nbsp;\u2013 skorzystaj z naszych us\u0142ug serwisowych mobilnych d\u017awig\u00f3w i zapewnij sobie spokojn\u0105 i bezpieczn\u0105 prac\u0119. Zadzwo\u0144 do nas um\u00f3w si\u0119 na wizyt\u0119 technika!&nbsp;<\/p>\n\n\n\n<h2 class=\"wp-block-heading\">Pytania i odpowiedzi<\/h2>\n\n\n\t\t<details\t\thelp class=\"sc_fs_faq sc_card    \"\n\t\topen\t\t>\n\t\t\t\t\t<summary>\n\t\t\t\t<h3>Jakie us\u0142ugi oferujemy?<\/h3>\t\t\t\t\t<\/summary>\n\t\t\t\t<div>\n\t\t\t\t\t\t<div class=\"sc_fs_faq__content\">\n\t\t\t\t\n\n<p>Oferujemy us\u0142ugi serwisowe i konserwacyjne \u017curawi wie\u017cowych, d\u017awig\u00f3w mobilnych, suwnic oraz hakowc\u00f3w i bramowc\u00f3w.&nbsp; Opr\u00f3cz tego doradzamy w sprawie zakupu czy wynajmu urz\u0105dze\u0144 d\u017awigowych i ich eksploatacji oraz pomagamy w formalno\u015bciach zwi\u0105zanych z UDT.<\/p>\n\n\t\t\t<\/div>\n\t\t<\/div>\n\t\t<\/details>\n\t\t\t\t<details\t\thelp class=\"sc_fs_faq sc_card    \"\n\t\t\t\t>\n\t\t\t\t\t<summary>\n\t\t\t\t<h3>Jakie jest nasze do\u015bwiadczenie?<\/h3>\t\t\t\t\t<\/summary>\n\t\t\t\t<div>\n\t\t\t\t\t\t<div class=\"sc_fs_faq__content\">\n\t\t\t\t\n\n<p>Nasze do\u015bwiadczenie si\u0119ga kilkudziesi\u0119ciu lat. Jeste\u015bmy jedn\u0105 z najlepiej zorganizowanych firm na rynku. Posiadamy szerok\u0105 ofert\u0119, a nasza kadra sk\u0142ada si\u0119 z najwy\u017cszej klasy fachowc\u00f3w.&nbsp;<\/p>\n\n\t\t\t<\/div>\n\t\t<\/div>\n\t\t<\/details>\n\t\t\n<script type=\"application\/ld+json\">\n\t{\n\t\t\"@context\": \"https:\/\/schema.org\",\n\t\t\"@type\": \"FAQPage\",\n\t\t\"mainEntity\": [\n\t\t\t\t\t{\n\t\t\t\t\"@type\": \"Question\",\n\t\t\t\t\"name\": \"Jakie us\u0142ugi oferujemy?\",\n\t\t\t\t\"acceptedAnswer\": {\n\t\t\t\t\t\"@type\": \"Answer\",\n\t\t\t\t\t\"text\": \"<p>Oferujemy us\u0142ugi serwisowe i konserwacyjne \u017curawi wie\u017cowych, d\u017awig\u00f3w mobilnych, suwnic oraz hakowc\u00f3w i bramowc\u00f3w.&nbsp; Opr\u00f3cz tego doradzamy w sprawie zakupu czy wynajmu urz\u0105dze\u0144 d\u017awigowych i ich eksploatacji oraz pomagamy w formalno\u015bciach zwi\u0105zanych z UDT.<\/p>\"\n\t\t\t\t\t\t\t\t\t}\n\t\t\t}\n\t\t\t,\t\t\t\t{\n\t\t\t\t\"@type\": \"Question\",\n\t\t\t\t\"name\": \"Jakie jest nasze do\u015bwiadczenie?\",\n\t\t\t\t\"acceptedAnswer\": {\n\t\t\t\t\t\"@type\": \"Answer\",\n\t\t\t\t\t\"text\": \"<p>Nasze do\u015bwiadczenie si\u0119ga kilkudziesi\u0119ciu lat. Jeste\u015bmy jedn\u0105 z najlepiej zorganizowanych firm na rynku. Posiadamy szerok\u0105 ofert\u0119, a nasza kadra sk\u0142ada si\u0119 z najwy\u017cszej klasy fachowc\u00f3w.&nbsp;<\/p>\"\n\t\t\t\t\t\t\t\t\t}\n\t\t\t}\n\t\t\t\t\t\t]\n\t}\n<\/script>\n","protected":false},"excerpt":{"rendered":"<p>Kompleksowa naprawa d\u017awig\u00f3w&nbsp; Zajmujemy si\u0119 serwisem urz\u0105dze\u0144 d\u017awigowych i \u017curawi budowlanych ju\u017c od kilkudziesi\u0119ciu lat, co czyni nas jedn\u0105 z najbardziej do\u015bwiadczonych firm na rynku. Zatrudniamy najwy\u017cszej klasy fachowc\u00f3w oraz oferujemy us\u0142ugi na najwy\u017cszym poziomie. Przez lata dzia\u0142ania zdobyli\u015bmy renom\u0119 i zaufanie.&nbsp; Jakie d\u017awigi serwisujemy? Ka\u017cdym urz\u0105dzeniem zajmuje si\u0119 wysoko wykwalifikowany specjalista z do\u015bwiadczeniem i referencjami. Naszych fachowc\u00f3w dobieramy odpowiednio do specyfikacji technicznych danej maszyny.&nbsp;&nbsp; Serwis na najwy\u017cszym poziomie&nbsp; Nasz kompleks us\u0142ug zawiera przegl\u0105d, badania techniczne, usuwanie uszkodze\u0144 i usterek oraz konserwacje. Oferujemy tak\u017ce pomoc w formalno\u015bciach zwi\u0105zanych z UDT. Dla naszych fachowc\u00f3w nie ma rzeczy niemo\u017cliwych&nbsp;\u2013 z \u0142atwo\u015bci\u0105 naprawimy i usprawnimy ka\u017cdy typ urz\u0105dzenia d\u017awigowego.&nbsp;&nbsp; Us\u0142ugi opieramy na konkretnych umowach serwisowych. Ka\u017cde urz\u0105dzenie podlegaj\u0105ce serwisowi wpisywane jest do odpowiedniego dziennika, dzi\u0119ki czemu wszystko jest odpowiednio skatalogowane.&nbsp;&nbsp;&nbsp; Opr\u00f3cz tego s\u0142u\u017cymy tak\u017ce rad\u0105 w zakresie konserwacji i eksploatacji d\u017awigu, jak r\u00f3wnie\u017c zakupu czy wynajmu konkretnego modelu.&nbsp;&nbsp; Pomoc w zakresie UDT&nbsp; Nasi specjali\u015bci pomog\u0105 tak\u017ce we wszelkich kwestiach formalnych dotycz\u0105cych dokument\u00f3w podlegaj\u0105cych pod Urz\u0105d Dozoru Technicznego. Nie wiesz, jak zg\u0142osi\u0107 swoje urz\u0105dzenie? Wszystko wyt\u0142umaczmy oraz przygotujemy dla Ciebie odpowiednie dokumenty. Wraz z nami przejdziesz przez ca\u0142y proces szybko i sprawnie!&nbsp;&nbsp; Serwis mobilny&nbsp; Nasza firma specjalizuje si\u0119 w kompleksowej naprawie mobilnych i stacjonarnych d\u017awig\u00f3w na terenie ca\u0142ego kraju. Dzi\u0119ki naszemu do\u015bwiadczeniu i wykwalifikowanej kadrze mo\u017cesz by\u0107 pewny, \u017ce Twoje d\u017awigi s\u0105 w najlepszych r\u0119kach.&nbsp; Co zyskujesz korzystaj\u0105c z naszych us\u0142ug?&nbsp; Dlaczego warto skorzysta\u0107 z naszych us\u0142ug?&nbsp; Nie ryzykuj op\u00f3\u017anie\u0144 i kosztownych napraw&nbsp;\u2013 skorzystaj z naszych us\u0142ug serwisowych mobilnych d\u017awig\u00f3w i zapewnij sobie spokojn\u0105 i bezpieczn\u0105 prac\u0119. Zadzwo\u0144 do [&hellip;]<\/p>\n","protected":false},"author":6,"featured_media":5137,"parent":5573,"menu_order":0,"comment_status":"closed","ping_status":"closed","template":"","meta":{"sfsi_plus_gutenberg_text_before_share":"","sfsi_plus_gutenberg_show_text_before_share":"","sfsi_plus_gutenberg_icon_type":"","sfsi_plus_gutenberg_icon_alignemt":"","sfsi_plus_gutenburg_max_per_row":"","footnotes":""},"class_list":["post-5133","page","type-page","status-publish","has-post-thumbnail","hentry","has_thumb"],"aioseo_notices":[],"_links":{"self":[{"href":"https:\/\/kursy-udt.pl\/fr\/wp-json\/wp\/v2\/pages\/5133","targetHints":{"allow":["GET"]}}],"collection":[{"href":"https:\/\/kursy-udt.pl\/fr\/wp-json\/wp\/v2\/pages"}],"about":[{"href":"https:\/\/kursy-udt.pl\/fr\/wp-json\/wp\/v2\/types\/page"}],"author":[{"embeddable":true,"href":"https:\/\/kursy-udt.pl\/fr\/wp-json\/wp\/v2\/users\/6"}],"replies":[{"embeddable":true,"href":"https:\/\/kursy-udt.pl\/fr\/wp-json\/wp\/v2\/comments?post=5133"}],"version-history":[{"count":5,"href":"https:\/\/kursy-udt.pl\/fr\/wp-json\/wp\/v2\/pages\/5133\/revisions"}],"predecessor-version":[{"id":5497,"href":"https:\/\/kursy-udt.pl\/fr\/wp-json\/wp\/v2\/pages\/5133\/revisions\/5497"}],"up":[{"embeddable":true,"href":"https:\/\/kursy-udt.pl\/fr\/wp-json\/wp\/v2\/pages\/5573"}],"wp:featuredmedia":[{"embeddable":true,"href":"https:\/\/kursy-udt.pl\/fr\/wp-json\/wp\/v2\/media\/5137"}],"wp:attachment":[{"href":"https:\/\/kursy-udt.pl\/fr\/wp-json\/wp\/v2\/media?parent=5133"}],"curies":[{"name":"wp","href":"https:\/\/api.w.org\/{rel}","templated":true}]}}